{"id":177023,"date":"2019-10-15T04:35:40","date_gmt":"2019-10-15T04:35:40","guid":{"rendered":"https:\/\/www2.episcopalchurch.org\/about-us\/"},"modified":"2023-05-16T13:15:03","modified_gmt":"2023-05-16T17:15:03","slug":"sobre-nosotros","status":"publish","type":"page","link":"https:\/\/www.episcopalchurch.org\/es\/sobre-nosotros\/","title":{"rendered":"Sobre Nosotros"},"content":{"rendered":"    <div\n      class=\"wp-block-episcopal-hero-banner alignfull\"\n            style=\"background-image: url(https:\/\/www.episcopalchurch.org\/wp-content\/uploads\/2019\/10\/episcopalchurch-flag.jpg)\"\n          >\n      <div\n        class=\"hero-banner\"\n      >\n        <div class=\"hero-banner-wrapper\">\n          <h1 class=\"episcopal-hero-title\">\n                          Sobre Nosotros                      <\/h1>\n          \n                  <\/div>\n      <\/div>\n    <\/div>\n\n  \n\n\n<p>La Iglesia Episcopal da la bienvenida a todos los que adoran a Jesucristo y comprende 108 di\u00f3cesis y tres \u00e1reas de misi\u00f3n en 22 pa\u00edses o territorios.<\/p>\n\n\n\n<p>Si bien la Iglesia Episcopal tiene su sede en la ciudad de Nueva York, no somos una iglesia nacional, somos una denominaci\u00f3n multinacional.<\/p>\n\n\n\n<p>Como el \u00fanico miembro de la\u00a0Comuni\u00f3n Anglicana\u00a0mundial con sede en EE. UU., la Iglesia Episcopal es parte del tercer grupo de cristianos m\u00e1s grande del mundo y actualmente tiene m\u00e1s de\u00a01,5 millones de miembros.<\/p>\n\n\n\n<p>Somos descendientes denominacionales y socios de la Iglesia de Inglaterra y de la Iglesia Episcopal Escocesa.\u00a0<\/p>\n\n\n\n<p>La misi\u00f3n de la iglesia, como se establece en el catecismo del Libro de Oraci\u00f3n Com\u00fan, es \u201crestaurar a todas las personas a la unidad con Dios y entre s\u00ed en Cristo\u201d.<\/p>\n\n\n\n<p>De acuerdo con esa misi\u00f3n, la Iglesia Episcopal sigue a Jes\u00fas en relaciones amorosas, liberadoras y vivificantes con Dios, entre nosotros y con la tierra.\u00a0<\/p>\n\n\n\n<p>Somos la rama episcopal del Movimiento de Jes\u00fas.<\/p>\n\n\n\n<div class=\"wp-block-buttons is-layout-flex wp-block-buttons-is-layout-flex\">\n<div class=\"wp-block-button\"><a class=\"wp-block-button__link wp-element-button\" href=\"https:\/\/www.episcopalchurch.org\/careers\/\">Carreras<\/a><\/div>\n\n\n\n<div class=\"wp-block-button\"><a class=\"wp-block-button__link wp-element-button\" href=\"https:\/\/www.episcopalchurch.org\/terms-of-service\/\">Pol\u00edtica de privacidad<\/a><\/div>\n<\/div>\n","protected":false},"excerpt":{"rendered":"<p>La Iglesia Episcopal da la bienvenida a todos los que adoran a Jesucristo y comprende 108 di\u00f3cesis y tres \u00e1reas de misi\u00f3n en 22 pa\u00edses o territorios. Si bien la Iglesia Episcopal tiene su sede en la ciudad de Nueva York, no somos una iglesia nacional, somos una denominaci\u00f3n multinacional. Como el \u00fanico miembro de [&hellip;]<\/p>\n","protected":false},"author":444,"featured_media":2143,"parent":0,"menu_order":0,"comment_status":"closed","ping_status":"closed","template":"","meta":{"_acf_changed":false,"_uag_custom_page_level_css":"","_kad_blocks_custom_css":"","_kad_blocks_head_custom_js":"","_kad_blocks_body_custom_js":"","_kad_blocks_footer_custom_js":"","_kadence_starter_templates_imported_post":false,"footnotes":"","_links_to":"","_links_to_target":""},"class_list":["post-177023","page","type-page","status-publish","has-post-thumbnail","hentry"],"acf":[],"yoast_head":"<!-- This site is optimized with the Yoast SEO Premium plugin v24.6 (Yoast SEO v26.3) - https:\/\/yoast.com\/wordpress\/plugins\/seo\/ -->\n<title>Sobre Nosotros &#8211; The Episcopal Church<\/title>\n<meta name=\"robots\" content=\"index, follow, max-snippet:-1, max-image-preview:large, max-video-preview:-1\" \/>\n<link rel=\"canonical\" href=\"https:\/\/www.episcopalchurch.org\/es\/sobre-nosotros\/\" \/>\n<meta property=\"og:locale\" content=\"es_ES\" \/>\n<meta property=\"og:type\" content=\"article\" \/>\n<meta property=\"og:title\" content=\"Sobre Nosotros\" \/>\n<meta property=\"og:description\" content=\"La Iglesia Episcopal da la bienvenida a todos los que adoran a Jesucristo y comprende 108 di\u00f3cesis y tres \u00e1reas de misi\u00f3n en 22 pa\u00edses o territorios. Si bien la Iglesia Episcopal tiene su sede en la ciudad de Nueva York, no somos una iglesia nacional, somos una denominaci\u00f3n multinacional. Como el \u00fanico miembro de [&hellip;]\" \/>\n<meta property=\"og:url\" content=\"https:\/\/www.episcopalchurch.org\/es\/sobre-nosotros\/\" \/>\n<meta property=\"og:site_name\" content=\"The Episcopal Church\" \/>\n<meta property=\"article:publisher\" content=\"https:\/\/www.facebook.com\/episcopalian\" \/>\n<meta property=\"article:modified_time\" content=\"2023-05-16T17:15:03+00:00\" \/>\n<meta property=\"og:image\" content=\"https:\/\/www.episcopalchurch.org\/wp-content\/uploads\/2019\/10\/episcopalchurch-flag-e1705084950891.jpg\" \/>\n\t<meta property=\"og:image:width\" content=\"1200\" \/>\n\t<meta property=\"og:image:height\" content=\"627\" \/>\n\t<meta property=\"og:image:type\" content=\"image\/jpeg\" \/>\n<meta name=\"twitter:card\" content=\"summary_large_image\" \/>\n<meta name=\"twitter:site\" content=\"@iamepiscopalian\" \/>\n<meta name=\"twitter:label1\" content=\"Est. reading time\" \/>\n\t<meta name=\"twitter:data1\" content=\"1 minute\" \/>\n<script type=\"application\/ld+json\" class=\"yoast-schema-graph\">{\"@context\":\"https:\/\/schema.org\",\"@graph\":[{\"@type\":\"WebPage\",\"@id\":\"https:\/\/www.episcopalchurch.org\/es\/sobre-nosotros\/\",\"url\":\"https:\/\/www.episcopalchurch.org\/es\/sobre-nosotros\/\",\"name\":\"Sobre Nosotros &#8211; The Episcopal Church\",\"isPartOf\":{\"@id\":\"https:\/\/www.episcopalchurch.org\/#website\"},\"primaryImageOfPage\":{\"@id\":\"https:\/\/www.episcopalchurch.org\/es\/sobre-nosotros\/#primaryimage\"},\"image\":{\"@id\":\"https:\/\/www.episcopalchurch.org\/es\/sobre-nosotros\/#primaryimage\"},\"thumbnailUrl\":\"https:\/\/www.episcopalchurch.org\/wp-content\/uploads\/2019\/10\/episcopalchurch-flag-e1705084950891.jpg\",\"datePublished\":\"2019-10-15T04:35:40+00:00\",\"dateModified\":\"2023-05-16T17:15:03+00:00\",\"breadcrumb\":{\"@id\":\"https:\/\/www.episcopalchurch.org\/es\/sobre-nosotros\/#breadcrumb\"},\"inLanguage\":\"es-ES\",\"potentialAction\":[{\"@type\":\"ReadAction\",\"target\":[\"https:\/\/www.episcopalchurch.org\/es\/sobre-nosotros\/\"]}]},{\"@type\":\"ImageObject\",\"inLanguage\":\"es-ES\",\"@id\":\"https:\/\/www.episcopalchurch.org\/es\/sobre-nosotros\/#primaryimage\",\"url\":\"https:\/\/www.episcopalchurch.org\/wp-content\/uploads\/2019\/10\/episcopalchurch-flag-e1705084950891.jpg\",\"contentUrl\":\"https:\/\/www.episcopalchurch.org\/wp-content\/uploads\/2019\/10\/episcopalchurch-flag-e1705084950891.jpg\",\"width\":1200,\"height\":627,\"caption\":\"Nominee A\"},{\"@type\":\"BreadcrumbList\",\"@id\":\"https:\/\/www.episcopalchurch.org\/es\/sobre-nosotros\/#breadcrumb\",\"itemListElement\":[{\"@type\":\"ListItem\",\"position\":1,\"name\":\"Home\",\"item\":\"https:\/\/www.episcopalchurch.org\/\"},{\"@type\":\"ListItem\",\"position\":2,\"name\":\"Sobre Nosotros\"}]},{\"@type\":\"WebSite\",\"@id\":\"https:\/\/www.episcopalchurch.org\/#website\",\"url\":\"https:\/\/www.episcopalchurch.org\/\",\"name\":\"The Episcopal Church\",\"description\":\"Welcomes You\",\"publisher\":{\"@id\":\"https:\/\/www.episcopalchurch.org\/#organization\"},\"potentialAction\":[{\"@type\":\"SearchAction\",\"target\":{\"@type\":\"EntryPoint\",\"urlTemplate\":\"https:\/\/www.episcopalchurch.org\/?s={search_term_string}\"},\"query-input\":{\"@type\":\"PropertyValueSpecification\",\"valueRequired\":true,\"valueName\":\"search_term_string\"}}],\"inLanguage\":\"es-ES\"},{\"@type\":\"Organization\",\"@id\":\"https:\/\/www.episcopalchurch.org\/#organization\",\"name\":\"The Episcopal Church\",\"url\":\"https:\/\/www.episcopalchurch.org\/\",\"logo\":{\"@type\":\"ImageObject\",\"inLanguage\":\"es-ES\",\"@id\":\"https:\/\/www.episcopalchurch.org\/#\/schema\/logo\/image\/\",\"url\":\"https:\/\/www.episcopalchurch.org\/wp-content\/uploads\/2021\/01\/vertical_episcopal_logo.jpg\",\"contentUrl\":\"https:\/\/www.episcopalchurch.org\/wp-content\/uploads\/2021\/01\/vertical_episcopal_logo.jpg\",\"width\":770,\"height\":662,\"caption\":\"The Episcopal Church\"},\"image\":{\"@id\":\"https:\/\/www.episcopalchurch.org\/#\/schema\/logo\/image\/\"},\"sameAs\":[\"https:\/\/www.facebook.com\/episcopalian\",\"https:\/\/x.com\/iamepiscopalian\",\"https:\/\/www.youtube.com\/channel\/UCdVJpxCtK41c_-p6EaE4_2A\"]}]}<\/script>\n<!-- \/ Yoast SEO Premium plugin. -->","yoast_head_json":{"title":"Sobre Nosotros &#8211; The Episcopal Church","robots":{"index":"index","follow":"follow","max-snippet":"max-snippet:-1","max-image-preview":"max-image-preview:large","max-video-preview":"max-video-preview:-1"},"canonical":"https:\/\/www.episcopalchurch.org\/es\/sobre-nosotros\/","og_locale":"es_ES","og_type":"article","og_title":"Sobre Nosotros","og_description":"La Iglesia Episcopal da la bienvenida a todos los que adoran a Jesucristo y comprende 108 di\u00f3cesis y tres \u00e1reas de misi\u00f3n en 22 pa\u00edses o territorios. Si bien la Iglesia Episcopal tiene su sede en la ciudad de Nueva York, no somos una iglesia nacional, somos una denominaci\u00f3n multinacional. Como el \u00fanico miembro de [&hellip;]","og_url":"https:\/\/www.episcopalchurch.org\/es\/sobre-nosotros\/","og_site_name":"The Episcopal Church","article_publisher":"https:\/\/www.facebook.com\/episcopalian","article_modified_time":"2023-05-16T17:15:03+00:00","og_image":[{"width":1200,"height":627,"url":"https:\/\/www.episcopalchurch.org\/wp-content\/uploads\/2019\/10\/episcopalchurch-flag-e1705084950891.jpg","type":"image\/jpeg"}],"twitter_card":"summary_large_image","twitter_site":"@iamepiscopalian","twitter_misc":{"Est. reading time":"1 minute"},"schema":{"@context":"https:\/\/schema.org","@graph":[{"@type":"WebPage","@id":"https:\/\/www.episcopalchurch.org\/es\/sobre-nosotros\/","url":"https:\/\/www.episcopalchurch.org\/es\/sobre-nosotros\/","name":"Sobre Nosotros &#8211; The Episcopal Church","isPartOf":{"@id":"https:\/\/www.episcopalchurch.org\/#website"},"primaryImageOfPage":{"@id":"https:\/\/www.episcopalchurch.org\/es\/sobre-nosotros\/#primaryimage"},"image":{"@id":"https:\/\/www.episcopalchurch.org\/es\/sobre-nosotros\/#primaryimage"},"thumbnailUrl":"https:\/\/www.episcopalchurch.org\/wp-content\/uploads\/2019\/10\/episcopalchurch-flag-e1705084950891.jpg","datePublished":"2019-10-15T04:35:40+00:00","dateModified":"2023-05-16T17:15:03+00:00","breadcrumb":{"@id":"https:\/\/www.episcopalchurch.org\/es\/sobre-nosotros\/#breadcrumb"},"inLanguage":"es-ES","potentialAction":[{"@type":"ReadAction","target":["https:\/\/www.episcopalchurch.org\/es\/sobre-nosotros\/"]}]},{"@type":"ImageObject","inLanguage":"es-ES","@id":"https:\/\/www.episcopalchurch.org\/es\/sobre-nosotros\/#primaryimage","url":"https:\/\/www.episcopalchurch.org\/wp-content\/uploads\/2019\/10\/episcopalchurch-flag-e1705084950891.jpg","contentUrl":"https:\/\/www.episcopalchurch.org\/wp-content\/uploads\/2019\/10\/episcopalchurch-flag-e1705084950891.jpg","width":1200,"height":627,"caption":"Nominee A"},{"@type":"BreadcrumbList","@id":"https:\/\/www.episcopalchurch.org\/es\/sobre-nosotros\/#breadcrumb","itemListElement":[{"@type":"ListItem","position":1,"name":"Home","item":"https:\/\/www.episcopalchurch.org\/"},{"@type":"ListItem","position":2,"name":"Sobre Nosotros"}]},{"@type":"WebSite","@id":"https:\/\/www.episcopalchurch.org\/#website","url":"https:\/\/www.episcopalchurch.org\/","name":"The Episcopal Church","description":"Welcomes You","publisher":{"@id":"https:\/\/www.episcopalchurch.org\/#organization"},"potentialAction":[{"@type":"SearchAction","target":{"@type":"EntryPoint","urlTemplate":"https:\/\/www.episcopalchurch.org\/?s={search_term_string}"},"query-input":{"@type":"PropertyValueSpecification","valueRequired":true,"valueName":"search_term_string"}}],"inLanguage":"es-ES"},{"@type":"Organization","@id":"https:\/\/www.episcopalchurch.org\/#organization","name":"The Episcopal Church","url":"https:\/\/www.episcopalchurch.org\/","logo":{"@type":"ImageObject","inLanguage":"es-ES","@id":"https:\/\/www.episcopalchurch.org\/#\/schema\/logo\/image\/","url":"https:\/\/www.episcopalchurch.org\/wp-content\/uploads\/2021\/01\/vertical_episcopal_logo.jpg","contentUrl":"https:\/\/www.episcopalchurch.org\/wp-content\/uploads\/2021\/01\/vertical_episcopal_logo.jpg","width":770,"height":662,"caption":"The Episcopal Church"},"image":{"@id":"https:\/\/www.episcopalchurch.org\/#\/schema\/logo\/image\/"},"sameAs":["https:\/\/www.facebook.com\/episcopalian","https:\/\/x.com\/iamepiscopalian","https:\/\/www.youtube.com\/channel\/UCdVJpxCtK41c_-p6EaE4_2A"]}]}},"taxonomy_info":[],"featured_image_src_large":["https:\/\/www.episcopalchurch.org\/wp-content\/uploads\/2019\/10\/episcopalchurch-flag-e1705084950891.jpg",1024,535,false],"author_info":{"display_name":"wwedderburn","author_link":"https:\/\/www.episcopalchurch.org\/es\/author\/wwedderburn\/"},"comment_info":"","uagb_featured_image_src":{"full":["https:\/\/www.episcopalchurch.org\/wp-content\/uploads\/2019\/10\/episcopalchurch-flag-e1705084950891.jpg",1200,627,false],"thumbnail":["https:\/\/www.episcopalchurch.org\/wp-content\/uploads\/2019\/10\/episcopalchurch-flag-e1705084950891.jpg",150,78,false],"medium":["https:\/\/www.episcopalchurch.org\/wp-content\/uploads\/2019\/10\/episcopalchurch-flag-e1705084950891.jpg",300,157,false],"medium_large":["https:\/\/www.episcopalchurch.org\/wp-content\/uploads\/2019\/10\/episcopalchurch-flag-e1705084950891.jpg",768,401,false],"large":["https:\/\/www.episcopalchurch.org\/wp-content\/uploads\/2019\/10\/episcopalchurch-flag-e1705084950891.jpg",1024,535,false],"1536x1536":["https:\/\/www.episcopalchurch.org\/wp-content\/uploads\/2019\/10\/episcopalchurch-flag-e1705084950891.jpg",1200,627,false],"2048x2048":["https:\/\/www.episcopalchurch.org\/wp-content\/uploads\/2019\/10\/episcopalchurch-flag-e1705084950891.jpg",1200,627,false],"menu":["https:\/\/www.episcopalchurch.org\/wp-content\/uploads\/2019\/10\/episcopalchurch-flag-e1705084950891.jpg",330,172,false],"hero":["https:\/\/www.episcopalchurch.org\/wp-content\/uploads\/2019\/10\/episcopalchurch-flag-e1705084950891.jpg",1053,550,false],"callout-image":["https:\/\/www.episcopalchurch.org\/wp-content\/uploads\/2019\/10\/episcopalchurch-flag-e1705084950891.jpg",480,251,false]},"uagb_author_info":{"display_name":"wwedderburn","author_link":"https:\/\/www.episcopalchurch.org\/es\/author\/wwedderburn\/"},"uagb_comment_info":0,"uagb_excerpt":"La Iglesia Episcopal da la bienvenida a todos los que adoran a Jesucristo y comprende 108 di\u00f3cesis y tres \u00e1reas de misi\u00f3n en 22 pa\u00edses o territorios. Si bien la Iglesia Episcopal tiene su sede en la ciudad de Nueva York, no somos una iglesia nacional, somos una denominaci\u00f3n multinacional. Como el \u00fanico miembro de&hellip;","_links":{"self":[{"href":"https:\/\/www.episcopalchurch.org\/es\/wp-json\/wp\/v2\/pages\/177023","targetHints":{"allow":["GET"]}}],"collection":[{"href":"https:\/\/www.episcopalchurch.org\/es\/wp-json\/wp\/v2\/pages"}],"about":[{"href":"https:\/\/www.episcopalchurch.org\/es\/wp-json\/wp\/v2\/types\/page"}],"author":[{"embeddable":true,"href":"https:\/\/www.episcopalchurch.org\/es\/wp-json\/wp\/v2\/users\/444"}],"replies":[{"embeddable":true,"href":"https:\/\/www.episcopalchurch.org\/es\/wp-json\/wp\/v2\/comments?post=177023"}],"version-history":[{"count":0,"href":"https:\/\/www.episcopalchurch.org\/es\/wp-json\/wp\/v2\/pages\/177023\/revisions"}],"wp:featuredmedia":[{"embeddable":true,"href":"https:\/\/www.episcopalchurch.org\/es\/wp-json\/wp\/v2\/media\/2143"}],"wp:attachment":[{"href":"https:\/\/www.episcopalchurch.org\/es\/wp-json\/wp\/v2\/media?parent=177023"}],"curies":[{"name":"wp","href":"https:\/\/api.w.org\/{rel}","templated":true}]}}