{"id":177242,"date":"2020-06-15T13:05:01","date_gmt":"2020-06-15T17:05:01","guid":{"rendered":"https:\/\/www2.episcopalchurch.org\/que-obramos\/lesson-plans-that-work\/"},"modified":"2021-03-04T14:50:51","modified_gmt":"2021-03-04T19:50:51","slug":"planes-de-lecciones-que-funcionan","status":"publish","type":"page","link":"https:\/\/www.episcopalchurch.org\/es\/que-obramos\/planes-de-lecciones-que-funcionan\/","title":{"rendered":"Planes de lecciones que funcionan"},"content":{"rendered":"    <div\n      class=\"wp-block-episcopal-hero-banner alignfull\"\n            style=\"background-image: url(https:\/\/www.episcopalchurch.org\/wp-content\/uploads\/2019\/10\/what_we_do_hero.jpg)\"\n          >\n      <div\n        class=\"hero-banner\"\n      >\n        <div class=\"hero-banner-wrapper\">\n          <h1 class=\"episcopal-hero-title\">\n                          Planes de lecciones que funcionan                      <\/h1>\n                      <div class=\"episcopal-hero-description\">\n              Qu\u00e9 Obramos            <\/div>\n          \n                  <\/div>\n      <\/div>\n    <\/div>\n\n  \n\n\n<div class=\"wp-block-image border-1\"><figure class=\"alignleft size-large is-resized\"><img loading=\"lazy\" decoding=\"async\" src=\"https:\/\/www.episcopalchurch.org\/wp-content\/uploads\/2020\/06\/lessonPlans_nav-1024x683.jpg\" alt=\"Lesson Plans That Work\" class=\"wp-image-130843\" width=\"425\" height=\"282\" srcset=\"https:\/\/www.episcopalchurch.org\/wp-content\/uploads\/2020\/06\/lessonPlans_nav-1024x683.jpg 1024w, https:\/\/www.episcopalchurch.org\/wp-content\/uploads\/2020\/06\/lessonPlans_nav-300x200.jpg 300w, https:\/\/www.episcopalchurch.org\/wp-content\/uploads\/2020\/06\/lessonPlans_nav-768x512.jpg 768w, https:\/\/www.episcopalchurch.org\/wp-content\/uploads\/2020\/06\/lessonPlans_nav-1536x1024.jpg 1536w, https:\/\/www.episcopalchurch.org\/wp-content\/uploads\/2020\/06\/lessonPlans_nav-2048x1365.jpg 2048w, https:\/\/www.episcopalchurch.org\/wp-content\/uploads\/2020\/06\/lessonPlans_nav-480x320.jpg 480w\" sizes=\"auto, (max-width: 425px) 100vw, 425px\" \/><\/figure><\/div>\n\n\n\n<p>Publicado por la Iglesia Episcopal y dise\u00f1ado para seguir el leccionario com\u00fan revisado, estos planes de lecci\u00f3n son escritos por profesores experimentados de la escuela de la iglesia que utilizan acercamientos pr\u00e1cticos para responder a las necesidades de profesores voluntarios.<\/p>\n\n\n\n<p>Cada semana, usted encontrar\u00e1 un plan de lecci\u00f3n para los ni\u00f1os peque\u00f1os, un plan de lecci\u00f3n para los ni\u00f1os mayores, y generalmente un plan de lecci\u00f3n para adultos. Los planes de lecciones intergeneracionales est\u00e1n disponibles para muchas fiestas importantes a lo largo del a\u00f1o lit\u00fargico. La mayor\u00eda de los planes de lecciones se basan en el Evangelio, y algunos tambi\u00e9n tienen un Plan de Lecci\u00f3n del Antiguo Testamento.<\/p>\n\n\n\n<p>Estos planes de lecci\u00f3n pueden usarse como est\u00e1n escritos, o son f\u00e1ciles de adaptarse para reflejar el contexto del programa de ni\u00f1os de su congregaci\u00f3n.<\/p>\n\n\n\n<p>Los afiliados de la Iglesia -como congregaciones, di\u00f3cesis y organizaciones miembros- pueden copiar o publicar los materiales que se transmiten en este sitio siempre que se d\u00e9 cr\u00e9dito adecuado a los Planes de Lecci\u00f3n Que Trabajan y al autor. Cualquier otra entidad debe solicitar permiso del editor de Planes de lecciones que trabajan antes de copiar o volver a publicar los materiales de los planes de lecciones que trabajan.<\/p>\n\n\n\n<p><strong>USEFUL LINKS<\/strong>:&nbsp;<\/p>\n\n\n\n<p><a rel=\"noreferrer noopener\" href=\"https:\/\/lessonplans.episcopalchurch.org\/\" target=\"_blank\">Lesson Plans That Work<\/a><\/p>\n","protected":false},"excerpt":{"rendered":"<p>Publicado por la Iglesia Episcopal y dise\u00f1ado para seguir el leccionario com\u00fan revisado, estos planes de lecci\u00f3n son escritos por profesores experimentados de la escuela de la iglesia que utilizan acercamientos pr\u00e1cticos para responder a las necesidades de profesores voluntarios. Cada semana, usted encontrar\u00e1 un plan de lecci\u00f3n para los ni\u00f1os peque\u00f1os, un plan de [&hellip;]<\/p>\n","protected":false},"author":444,"featured_media":130845,"parent":177019,"menu_order":0,"comment_status":"closed","ping_status":"closed","template":"","meta":{"_acf_changed":false,"_uag_custom_page_level_css":"","_kad_blocks_custom_css":"","_kad_blocks_head_custom_js":"","_kad_blocks_body_custom_js":"","_kad_blocks_footer_custom_js":"","_kadence_starter_templates_imported_post":false,"footnotes":"","_links_to":"","_links_to_target":""},"class_list":["post-177242","page","type-page","status-publish","has-post-thumbnail","hentry"],"acf":[],"yoast_head":"<!-- This site is optimized with the Yoast SEO Premium plugin v24.6 (Yoast SEO v26.3) - https:\/\/yoast.com\/wordpress\/plugins\/seo\/ -->\n<title>Planes de lecciones que funcionan &#8211; The Episcopal Church<\/title>\n<meta name=\"robots\" content=\"index, follow, max-snippet:-1, max-image-preview:large, max-video-preview:-1\" \/>\n<link rel=\"canonical\" href=\"https:\/\/www.episcopalchurch.org\/es\/que-obramos\/planes-de-lecciones-que-funcionan\/\" \/>\n<meta property=\"og:locale\" content=\"es_ES\" \/>\n<meta property=\"og:type\" content=\"article\" \/>\n<meta property=\"og:title\" content=\"Planes de lecciones que funcionan\" \/>\n<meta property=\"og:description\" content=\"Publicado por la Iglesia Episcopal y dise\u00f1ado para seguir el leccionario com\u00fan revisado, estos planes de lecci\u00f3n son escritos por profesores experimentados de la escuela de la iglesia que utilizan acercamientos pr\u00e1cticos para responder a las necesidades de profesores voluntarios. Cada semana, usted encontrar\u00e1 un plan de lecci\u00f3n para los ni\u00f1os peque\u00f1os, un plan de [&hellip;]\" \/>\n<meta property=\"og:url\" content=\"https:\/\/www.episcopalchurch.org\/es\/que-obramos\/planes-de-lecciones-que-funcionan\/\" \/>\n<meta property=\"og:site_name\" content=\"The Episcopal Church\" \/>\n<meta property=\"article:publisher\" content=\"https:\/\/www.facebook.com\/episcopalian\" \/>\n<meta property=\"article:modified_time\" content=\"2021-03-04T19:50:51+00:00\" \/>\n<meta property=\"og:image\" content=\"https:\/\/www.episcopalchurch.org\/wp-content\/uploads\/2020\/06\/lessonPlans_nav.jpg\" \/>\n\t<meta property=\"og:image:width\" content=\"2121\" \/>\n\t<meta property=\"og:image:height\" content=\"1414\" \/>\n\t<meta property=\"og:image:type\" content=\"image\/jpeg\" \/>\n<meta name=\"twitter:card\" content=\"summary_large_image\" \/>\n<meta name=\"twitter:site\" content=\"@iamepiscopalian\" \/>\n<meta name=\"twitter:label1\" content=\"Est. reading time\" \/>\n\t<meta name=\"twitter:data1\" content=\"1 minute\" \/>\n<script type=\"application\/ld+json\" class=\"yoast-schema-graph\">{\"@context\":\"https:\/\/schema.org\",\"@graph\":[{\"@type\":\"WebPage\",\"@id\":\"https:\/\/www.episcopalchurch.org\/es\/que-obramos\/planes-de-lecciones-que-funcionan\/\",\"url\":\"https:\/\/www.episcopalchurch.org\/es\/que-obramos\/planes-de-lecciones-que-funcionan\/\",\"name\":\"Planes de lecciones que funcionan &#8211; The Episcopal Church\",\"isPartOf\":{\"@id\":\"https:\/\/www.episcopalchurch.org\/#website\"},\"primaryImageOfPage\":{\"@id\":\"https:\/\/www.episcopalchurch.org\/es\/que-obramos\/planes-de-lecciones-que-funcionan\/#primaryimage\"},\"image\":{\"@id\":\"https:\/\/www.episcopalchurch.org\/es\/que-obramos\/planes-de-lecciones-que-funcionan\/#primaryimage\"},\"thumbnailUrl\":\"https:\/\/www.episcopalchurch.org\/wp-content\/uploads\/2020\/06\/lessonPlans_nav.jpg\",\"datePublished\":\"2020-06-15T17:05:01+00:00\",\"dateModified\":\"2021-03-04T19:50:51+00:00\",\"breadcrumb\":{\"@id\":\"https:\/\/www.episcopalchurch.org\/es\/que-obramos\/planes-de-lecciones-que-funcionan\/#breadcrumb\"},\"inLanguage\":\"es-ES\",\"potentialAction\":[{\"@type\":\"ReadAction\",\"target\":[\"https:\/\/www.episcopalchurch.org\/es\/que-obramos\/planes-de-lecciones-que-funcionan\/\"]}]},{\"@type\":\"ImageObject\",\"inLanguage\":\"es-ES\",\"@id\":\"https:\/\/www.episcopalchurch.org\/es\/que-obramos\/planes-de-lecciones-que-funcionan\/#primaryimage\",\"url\":\"https:\/\/www.episcopalchurch.org\/wp-content\/uploads\/2020\/06\/lessonPlans_nav.jpg\",\"contentUrl\":\"https:\/\/www.episcopalchurch.org\/wp-content\/uploads\/2020\/06\/lessonPlans_nav.jpg\",\"width\":2121,\"height\":1414},{\"@type\":\"BreadcrumbList\",\"@id\":\"https:\/\/www.episcopalchurch.org\/es\/que-obramos\/planes-de-lecciones-que-funcionan\/#breadcrumb\",\"itemListElement\":[{\"@type\":\"ListItem\",\"position\":1,\"name\":\"Home\",\"item\":\"https:\/\/www.episcopalchurch.org\/\"},{\"@type\":\"ListItem\",\"position\":2,\"name\":\"Qu\u00e9 Obramos\",\"item\":\"https:\/\/www.episcopalchurch.org\/es\/que-obramos\/\"},{\"@type\":\"ListItem\",\"position\":3,\"name\":\"Planes de lecciones que funcionan\"}]},{\"@type\":\"WebSite\",\"@id\":\"https:\/\/www.episcopalchurch.org\/#website\",\"url\":\"https:\/\/www.episcopalchurch.org\/\",\"name\":\"The Episcopal Church\",\"description\":\"Welcomes You\",\"publisher\":{\"@id\":\"https:\/\/www.episcopalchurch.org\/#organization\"},\"potentialAction\":[{\"@type\":\"SearchAction\",\"target\":{\"@type\":\"EntryPoint\",\"urlTemplate\":\"https:\/\/www.episcopalchurch.org\/?s={search_term_string}\"},\"query-input\":{\"@type\":\"PropertyValueSpecification\",\"valueRequired\":true,\"valueName\":\"search_term_string\"}}],\"inLanguage\":\"es-ES\"},{\"@type\":\"Organization\",\"@id\":\"https:\/\/www.episcopalchurch.org\/#organization\",\"name\":\"The Episcopal Church\",\"url\":\"https:\/\/www.episcopalchurch.org\/\",\"logo\":{\"@type\":\"ImageObject\",\"inLanguage\":\"es-ES\",\"@id\":\"https:\/\/www.episcopalchurch.org\/#\/schema\/logo\/image\/\",\"url\":\"https:\/\/www.episcopalchurch.org\/wp-content\/uploads\/2021\/01\/vertical_episcopal_logo.jpg\",\"contentUrl\":\"https:\/\/www.episcopalchurch.org\/wp-content\/uploads\/2021\/01\/vertical_episcopal_logo.jpg\",\"width\":770,\"height\":662,\"caption\":\"The Episcopal Church\"},\"image\":{\"@id\":\"https:\/\/www.episcopalchurch.org\/#\/schema\/logo\/image\/\"},\"sameAs\":[\"https:\/\/www.facebook.com\/episcopalian\",\"https:\/\/x.com\/iamepiscopalian\",\"https:\/\/www.youtube.com\/channel\/UCdVJpxCtK41c_-p6EaE4_2A\"]}]}<\/script>\n<!-- \/ Yoast SEO Premium plugin. -->","yoast_head_json":{"title":"Planes de lecciones que funcionan &#8211; The Episcopal Church","robots":{"index":"index","follow":"follow","max-snippet":"max-snippet:-1","max-image-preview":"max-image-preview:large","max-video-preview":"max-video-preview:-1"},"canonical":"https:\/\/www.episcopalchurch.org\/es\/que-obramos\/planes-de-lecciones-que-funcionan\/","og_locale":"es_ES","og_type":"article","og_title":"Planes de lecciones que funcionan","og_description":"Publicado por la Iglesia Episcopal y dise\u00f1ado para seguir el leccionario com\u00fan revisado, estos planes de lecci\u00f3n son escritos por profesores experimentados de la escuela de la iglesia que utilizan acercamientos pr\u00e1cticos para responder a las necesidades de profesores voluntarios. Cada semana, usted encontrar\u00e1 un plan de lecci\u00f3n para los ni\u00f1os peque\u00f1os, un plan de [&hellip;]","og_url":"https:\/\/www.episcopalchurch.org\/es\/que-obramos\/planes-de-lecciones-que-funcionan\/","og_site_name":"The Episcopal Church","article_publisher":"https:\/\/www.facebook.com\/episcopalian","article_modified_time":"2021-03-04T19:50:51+00:00","og_image":[{"width":2121,"height":1414,"url":"https:\/\/www.episcopalchurch.org\/wp-content\/uploads\/2020\/06\/lessonPlans_nav.jpg","type":"image\/jpeg"}],"twitter_card":"summary_large_image","twitter_site":"@iamepiscopalian","twitter_misc":{"Est. reading time":"1 minute"},"schema":{"@context":"https:\/\/schema.org","@graph":[{"@type":"WebPage","@id":"https:\/\/www.episcopalchurch.org\/es\/que-obramos\/planes-de-lecciones-que-funcionan\/","url":"https:\/\/www.episcopalchurch.org\/es\/que-obramos\/planes-de-lecciones-que-funcionan\/","name":"Planes de lecciones que funcionan &#8211; The Episcopal Church","isPartOf":{"@id":"https:\/\/www.episcopalchurch.org\/#website"},"primaryImageOfPage":{"@id":"https:\/\/www.episcopalchurch.org\/es\/que-obramos\/planes-de-lecciones-que-funcionan\/#primaryimage"},"image":{"@id":"https:\/\/www.episcopalchurch.org\/es\/que-obramos\/planes-de-lecciones-que-funcionan\/#primaryimage"},"thumbnailUrl":"https:\/\/www.episcopalchurch.org\/wp-content\/uploads\/2020\/06\/lessonPlans_nav.jpg","datePublished":"2020-06-15T17:05:01+00:00","dateModified":"2021-03-04T19:50:51+00:00","breadcrumb":{"@id":"https:\/\/www.episcopalchurch.org\/es\/que-obramos\/planes-de-lecciones-que-funcionan\/#breadcrumb"},"inLanguage":"es-ES","potentialAction":[{"@type":"ReadAction","target":["https:\/\/www.episcopalchurch.org\/es\/que-obramos\/planes-de-lecciones-que-funcionan\/"]}]},{"@type":"ImageObject","inLanguage":"es-ES","@id":"https:\/\/www.episcopalchurch.org\/es\/que-obramos\/planes-de-lecciones-que-funcionan\/#primaryimage","url":"https:\/\/www.episcopalchurch.org\/wp-content\/uploads\/2020\/06\/lessonPlans_nav.jpg","contentUrl":"https:\/\/www.episcopalchurch.org\/wp-content\/uploads\/2020\/06\/lessonPlans_nav.jpg","width":2121,"height":1414},{"@type":"BreadcrumbList","@id":"https:\/\/www.episcopalchurch.org\/es\/que-obramos\/planes-de-lecciones-que-funcionan\/#breadcrumb","itemListElement":[{"@type":"ListItem","position":1,"name":"Home","item":"https:\/\/www.episcopalchurch.org\/"},{"@type":"ListItem","position":2,"name":"Qu\u00e9 Obramos","item":"https:\/\/www.episcopalchurch.org\/es\/que-obramos\/"},{"@type":"ListItem","position":3,"name":"Planes de lecciones que funcionan"}]},{"@type":"WebSite","@id":"https:\/\/www.episcopalchurch.org\/#website","url":"https:\/\/www.episcopalchurch.org\/","name":"The Episcopal Church","description":"Welcomes You","publisher":{"@id":"https:\/\/www.episcopalchurch.org\/#organization"},"potentialAction":[{"@type":"SearchAction","target":{"@type":"EntryPoint","urlTemplate":"https:\/\/www.episcopalchurch.org\/?s={search_term_string}"},"query-input":{"@type":"PropertyValueSpecification","valueRequired":true,"valueName":"search_term_string"}}],"inLanguage":"es-ES"},{"@type":"Organization","@id":"https:\/\/www.episcopalchurch.org\/#organization","name":"The Episcopal Church","url":"https:\/\/www.episcopalchurch.org\/","logo":{"@type":"ImageObject","inLanguage":"es-ES","@id":"https:\/\/www.episcopalchurch.org\/#\/schema\/logo\/image\/","url":"https:\/\/www.episcopalchurch.org\/wp-content\/uploads\/2021\/01\/vertical_episcopal_logo.jpg","contentUrl":"https:\/\/www.episcopalchurch.org\/wp-content\/uploads\/2021\/01\/vertical_episcopal_logo.jpg","width":770,"height":662,"caption":"The Episcopal Church"},"image":{"@id":"https:\/\/www.episcopalchurch.org\/#\/schema\/logo\/image\/"},"sameAs":["https:\/\/www.facebook.com\/episcopalian","https:\/\/x.com\/iamepiscopalian","https:\/\/www.youtube.com\/channel\/UCdVJpxCtK41c_-p6EaE4_2A"]}]}},"taxonomy_info":[],"featured_image_src_large":["https:\/\/www.episcopalchurch.org\/wp-content\/uploads\/2020\/06\/lessonPlans_nav-1024x683.jpg",1024,683,true],"author_info":{"display_name":"wwedderburn","author_link":"https:\/\/www.episcopalchurch.org\/es\/author\/wwedderburn\/"},"comment_info":"","uagb_featured_image_src":{"full":["https:\/\/www.episcopalchurch.org\/wp-content\/uploads\/2020\/06\/lessonPlans_nav.jpg",2121,1414,false],"thumbnail":["https:\/\/www.episcopalchurch.org\/wp-content\/uploads\/2020\/06\/lessonPlans_nav-150x150.jpg",150,150,true],"medium":["https:\/\/www.episcopalchurch.org\/wp-content\/uploads\/2020\/06\/lessonPlans_nav-300x200.jpg",300,200,true],"medium_large":["https:\/\/www.episcopalchurch.org\/wp-content\/uploads\/2020\/06\/lessonPlans_nav-768x512.jpg",768,512,true],"large":["https:\/\/www.episcopalchurch.org\/wp-content\/uploads\/2020\/06\/lessonPlans_nav-1024x683.jpg",1024,683,true],"1536x1536":["https:\/\/www.episcopalchurch.org\/wp-content\/uploads\/2020\/06\/lessonPlans_nav-1536x1024.jpg",1536,1024,true],"2048x2048":["https:\/\/www.episcopalchurch.org\/wp-content\/uploads\/2020\/06\/lessonPlans_nav-2048x1365.jpg",2048,1365,true],"menu":["https:\/\/www.episcopalchurch.org\/wp-content\/uploads\/2020\/06\/lessonPlans_nav-330x200.jpg",330,200,true],"hero":["https:\/\/www.episcopalchurch.org\/wp-content\/uploads\/2020\/06\/lessonPlans_nav-1920x550.jpg",1920,550,true],"callout-image":["https:\/\/www.episcopalchurch.org\/wp-content\/uploads\/2020\/06\/lessonPlans_nav-480x320.jpg",480,320,true]},"uagb_author_info":{"display_name":"wwedderburn","author_link":"https:\/\/www.episcopalchurch.org\/es\/author\/wwedderburn\/"},"uagb_comment_info":0,"uagb_excerpt":"Publicado por la Iglesia Episcopal y dise\u00f1ado para seguir el leccionario com\u00fan revisado, estos planes de lecci\u00f3n son escritos por profesores experimentados de la escuela de la iglesia que utilizan acercamientos pr\u00e1cticos para responder a las necesidades de profesores voluntarios. Cada semana, usted encontrar\u00e1 un plan de lecci\u00f3n para los ni\u00f1os peque\u00f1os, un plan de&hellip;","_links":{"self":[{"href":"https:\/\/www.episcopalchurch.org\/es\/wp-json\/wp\/v2\/pages\/177242","targetHints":{"allow":["GET"]}}],"collection":[{"href":"https:\/\/www.episcopalchurch.org\/es\/wp-json\/wp\/v2\/pages"}],"about":[{"href":"https:\/\/www.episcopalchurch.org\/es\/wp-json\/wp\/v2\/types\/page"}],"author":[{"embeddable":true,"href":"https:\/\/www.episcopalchurch.org\/es\/wp-json\/wp\/v2\/users\/444"}],"replies":[{"embeddable":true,"href":"https:\/\/www.episcopalchurch.org\/es\/wp-json\/wp\/v2\/comments?post=177242"}],"version-history":[{"count":0,"href":"https:\/\/www.episcopalchurch.org\/es\/wp-json\/wp\/v2\/pages\/177242\/revisions"}],"up":[{"embeddable":true,"href":"https:\/\/www.episcopalchurch.org\/es\/wp-json\/wp\/v2\/pages\/177019"}],"wp:featuredmedia":[{"embeddable":true,"href":"https:\/\/www.episcopalchurch.org\/es\/wp-json\/wp\/v2\/media\/130845"}],"wp:attachment":[{"href":"https:\/\/www.episcopalchurch.org\/es\/wp-json\/wp\/v2\/media?parent=177242"}],"curies":[{"name":"wp","href":"https:\/\/api.w.org\/{rel}","templated":true}]}}