{"id":177246,"date":"2020-06-15T13:26:45","date_gmt":"2020-06-15T17:26:45","guid":{"rendered":"https:\/\/www2.episcopalchurch.org\/good-friday-offering\/"},"modified":"2025-03-26T17:55:07","modified_gmt":"2025-03-26T21:55:07","slug":"la-ofrenda-del-viernes-santo","status":"publish","type":"page","link":"https:\/\/www.episcopalchurch.org\/es\/la-ofrenda-del-viernes-santo\/","title":{"rendered":"La Ofrenda del Viernes Santo"},"content":{"rendered":"    <div\n      class=\"wp-block-episcopal-hero-banner alignfull\"\n            style=\"background-image: url(https:\/\/www.episcopalchurch.org\/wp-content\/uploads\/2020\/06\/gfo_hero-scaled.jpeg)\"\n          >\n      <div\n        class=\"hero-banner\"\n      >\n        <div class=\"hero-banner-wrapper\">\n          <h1 class=\"episcopal-hero-title\">\n                          La Ofrenda del Viernes Santo                      <\/h1>\n                      <div class=\"episcopal-hero-description\">\n              Creando nuevas relaciones con y entre los cristianos de Medio Oriente            <\/div>\n          \n                  <\/div>\n      <\/div>\n    <\/div>\n\n  \n\n\n<p>La historia de la Ofrenda del Viernes Santo se remonta al 1922, cuando, a ra\u00edz de la Primera Guerra Mundial, la Iglesia Episcopal trat\u00f3 de crear nuevas relaciones con y entre los cristianos del Medio Oriente. A partir de estos esfuerzos iniciales que se centraron en una combinaci\u00f3n de trabajo de ayuda y mejora de las relaciones ecum\u00e9nicas y anglicanas, se cre\u00f3 &nbsp;la Ofrenda del Viernes Santo.<\/p>\n\n\n\n<p>A trav\u00e9s de los a\u00f1os muchos episcopales han encontrado la Ofrenda del Viernes Santo ser un medio eficaz para expresar su apoyo a los ministerios de las cuatro di\u00f3cesis de la Provincia de Jerusal\u00e9n y del Medio Oriente. El cuidado pastoral, la educaci\u00f3n y la atenci\u00f3n de la salud siguen siendo los ministerios primarios a trav\u00e9s de los cuales el esp\u00edritu de reconciliaci\u00f3n de la fe cristiana sirve a todos los necesitados. La participaci\u00f3n en este ministerio es bienvenida. Las generosas donaciones de los episcopales ayudan a que la presencia cristiana en la Tierra del Santo sea una fuerza vital y eficaz para la paz y el entendimiento entre todos los hijos de Dios.<\/p>\n\n\n\n<div class=\"wp-block-columns is-layout-flex wp-container-core-columns-is-layout-9d6595d7 wp-block-columns-is-layout-flex\">\n<div class=\"wp-block-column is-layout-flow wp-block-column-is-layout-flow\">    <div\n      class=\"wp-block-episcopal-callout default has-hover-effect\"\n      style=\"background-color: #407EC9;color: #fff;justify-content: flex-end;\"\n    >\n      <div\n        class=\"callout-content\"\n        style=\"justify-content: flex-end;\"\n      >\n                  <a href=\"https:\/\/www.episcopalchurch.org\/ministries\/global-partnerships\/good-friday-offering-resources\/\" class=\"callout-url\"><\/a>\n                \n\n<h3 class=\"wp-block-heading\" id=\"h-recursos\">Recursos<\/h3>\n\n      <\/div>\n    <\/div>\n\n  <\/div>\n\n\n\n<div class=\"wp-block-column is-layout-flow wp-block-column-is-layout-flow\">    <div\n      class=\"wp-block-episcopal-callout default has-hover-effect\"\n      style=\"background-image: url(https:\/\/www.episcopalchurch.org\/wp-content\/uploads\/2020\/06\/gfo_jerusalem-480x209.jpg);color: #fff;justify-content: flex-end;\"\n    >\n      <div\n        class=\"callout-content\"\n        style=\"justify-content: flex-end;\"\n      >\n                  <a href=\"http:\/\/j-diocese.org\/\" class=\"callout-url\"><\/a>\n                \n\n<h3 class=\"wp-block-heading\" id=\"h-jerusalem\">Jerusal\u00e9m<\/h3>\n\n      <\/div>\n    <\/div>\n\n  <\/div>\n\n\n\n<div class=\"wp-block-column is-layout-flow wp-block-column-is-layout-flow\">    <div\n      class=\"wp-block-episcopal-callout default has-hover-effect\"\n      style=\"background-image: url(https:\/\/www.episcopalchurch.org\/wp-content\/uploads\/2020\/06\/gfo_cyprus-480x305.png);color: #fff;justify-content: flex-end;\"\n    >\n      <div\n        class=\"callout-content\"\n        style=\"justify-content: flex-end;\"\n      >\n                  <a href=\"http:\/\/cypgulf.org\/\" class=\"callout-url\"><\/a>\n                \n\n<h3 class=\"wp-block-heading\" id=\"h-cyprus-and-the-gulf\">Cyprus and the Gulf<\/h3>\n\n      <\/div>\n    <\/div>\n\n  <\/div>\n\n\n\n<div class=\"wp-block-column is-layout-flow wp-block-column-is-layout-flow\">    <div\n      class=\"wp-block-episcopal-callout default has-hover-effect\"\n      style=\"background-image: url(https:\/\/www.episcopalchurch.org\/wp-content\/uploads\/2020\/06\/gfo_egypt-480x261.png);color: #fff;justify-content: flex-end;\"\n    >\n      <div\n        class=\"callout-content\"\n        style=\"justify-content: flex-end;\"\n      >\n                  <a href=\"http:\/\/dioceseofegypt.org\/\" class=\"callout-url\"><\/a>\n                \n\n<h3 class=\"wp-block-heading\" id=\"h-egypt-with-north-africa-and-the-horn-of-africa\">Egypt with North Africa and the Horn of Africa<\/h3>\n\n      <\/div>\n    <\/div>\n\n  <\/div>\n<\/div>\n\n\n\n<div id=\"bbox-root\">&nbsp;<\/div>\n<script type=\"text\/javascript\"> \n        window.bboxInit = function () { \n            bbox.showForm('67204216-e73b-40c6-ad2c-070e87fb200e'); \n        }; \n        (function () { \n            var e = document.createElement('script'); e.async = true; \n            e.src = 'https:\/\/bbox.blackbaudhosting.com\/webforms\/bbox-min.js'; \n            document.getElementsByTagName('head')[0].appendChild(e); \n        } ()); \n<\/script>\n\n\n\n<p>Para donar por tel\u00e9fono o para donativos de acciones, llame al (212) 716-6002.<\/p>\n\n\n\n<p>Env\u00ede un cheque con &#8220;Ofrenda del Viernes Santo&#8221; en la l\u00ednea de notas a:\u00a0<br>The Episcopal Church (DFMS)<br>PO Box 958983<br>St. Louis, MO 63195-8983<\/p>\n\n\n\n<hr class=\"wp-block-separator has-alpha-channel-opacity\"\/>\n\n\n\n<div class=\"wp-block-columns is-style-default is-layout-flex wp-container-core-columns-is-layout-9d6595d7 wp-block-columns-is-layout-flex\">\n<div class=\"wp-block-column is-layout-flow wp-block-column-is-layout-flow\">\n<figure class=\"wp-block-image size-large\"><a href=\"https:\/\/www.episcopalchurch.org\/ministries\/global-partnerships\/\"><img loading=\"lazy\" decoding=\"async\" width=\"1024\" height=\"632\" src=\"https:\/\/www.episcopalchurch.org\/wp-content\/uploads\/2021\/02\/GFO-1024x632.png\" alt=\"\" class=\"wp-image-225952\" srcset=\"https:\/\/www.episcopalchurch.org\/wp-content\/uploads\/2021\/02\/GFO-1024x632.png 1024w, https:\/\/www.episcopalchurch.org\/wp-content\/uploads\/2021\/02\/GFO-300x185.png 300w, https:\/\/www.episcopalchurch.org\/wp-content\/uploads\/2021\/02\/GFO-768x474.png 768w, https:\/\/www.episcopalchurch.org\/wp-content\/uploads\/2021\/02\/GFO-480x296.png 480w, https:\/\/www.episcopalchurch.org\/wp-content\/uploads\/2021\/02\/GFO.png 1503w\" sizes=\"auto, (max-width: 1024px) 100vw, 1024px\" \/><\/a><\/figure>\n<\/div>\n\n\n\n<div class=\"wp-block-column is-layout-flow wp-block-column-is-layout-flow\">\n<div class=\"wp-block-uagb-team uagb-team__image-position-above uagb-team__align-center uagb-team__stack-tablet uagb-block-eea1b18c\"><div class=\"uagb-team__content\"><h3 class=\"uagb-team__title\">Contact:<br>The Rev. David Copley<\/h3><span class=\"uagb-team__prefix\">Director, Global Partnerships and Mission Personnel<\/span><p class=\"uagb-team__desc\"><a href=\"https:\/\/www.episcopalchurch.org\/staff\/the-rev-david-copley\/\">Click here<\/a><\/p><\/div><\/div>\n<\/div>\n\n\n\n<div class=\"wp-block-column is-layout-flow wp-block-column-is-layout-flow\">\n<figure class=\"wp-block-image size-large\"><img loading=\"lazy\" decoding=\"async\" width=\"1024\" height=\"633\" src=\"https:\/\/www.episcopalchurch.org\/wp-content\/uploads\/2020\/06\/global_partnerships-1024x633.png\" alt=\"\" class=\"wp-image-131317\" srcset=\"https:\/\/www.episcopalchurch.org\/wp-content\/uploads\/2020\/06\/global_partnerships-1024x633.png 1024w, https:\/\/www.episcopalchurch.org\/wp-content\/uploads\/2020\/06\/global_partnerships-300x185.png 300w, https:\/\/www.episcopalchurch.org\/wp-content\/uploads\/2020\/06\/global_partnerships-768x475.png 768w, https:\/\/www.episcopalchurch.org\/wp-content\/uploads\/2020\/06\/global_partnerships-480x297.png 480w, https:\/\/www.episcopalchurch.org\/wp-content\/uploads\/2020\/06\/global_partnerships.png 1500w\" sizes=\"auto, (max-width: 1024px) 100vw, 1024px\" \/><\/figure>\n<\/div>\n<\/div>\n","protected":false},"excerpt":{"rendered":"<p>La historia de la Ofrenda del Viernes Santo se remonta al 1922, cuando, a ra\u00edz de la Primera Guerra Mundial, la Iglesia Episcopal trat\u00f3 de crear nuevas relaciones con y entre los cristianos del Medio Oriente. A partir de estos esfuerzos iniciales que se centraron en una combinaci\u00f3n de trabajo de ayuda y mejora de [&hellip;]<\/p>\n","protected":false},"author":444,"featured_media":131314,"parent":0,"menu_order":0,"comment_status":"closed","ping_status":"closed","template":"","meta":{"_acf_changed":false,"_uag_custom_page_level_css":"","_kad_blocks_custom_css":"","_kad_blocks_head_custom_js":"","_kad_blocks_body_custom_js":"","_kad_blocks_footer_custom_js":"","_kadence_starter_templates_imported_post":false,"footnotes":"","_links_to":"","_links_to_target":""},"class_list":["post-177246","page","type-page","status-publish","has-post-thumbnail","hentry"],"acf":[],"yoast_head":"<!-- This site is optimized with the Yoast SEO Premium plugin v24.6 (Yoast SEO v26.3) - https:\/\/yoast.com\/wordpress\/plugins\/seo\/ -->\n<title>La Ofrenda del Viernes Santo &#8211; The Episcopal Church<\/title>\n<meta name=\"robots\" content=\"index, follow, max-snippet:-1, max-image-preview:large, max-video-preview:-1\" \/>\n<link rel=\"canonical\" href=\"https:\/\/www.episcopalchurch.org\/es\/la-ofrenda-del-viernes-santo\/\" \/>\n<meta property=\"og:locale\" content=\"es_ES\" \/>\n<meta property=\"og:type\" content=\"article\" \/>\n<meta property=\"og:title\" content=\"La Ofrenda del Viernes Santo\" \/>\n<meta property=\"og:description\" content=\"La historia de la Ofrenda del Viernes Santo se remonta al 1922, cuando, a ra\u00edz de la Primera Guerra Mundial, la Iglesia Episcopal trat\u00f3 de crear nuevas relaciones con y entre los cristianos del Medio Oriente. A partir de estos esfuerzos iniciales que se centraron en una combinaci\u00f3n de trabajo de ayuda y mejora de [&hellip;]\" \/>\n<meta property=\"og:url\" content=\"https:\/\/www.episcopalchurch.org\/es\/la-ofrenda-del-viernes-santo\/\" \/>\n<meta property=\"og:site_name\" content=\"The Episcopal Church\" \/>\n<meta property=\"article:publisher\" content=\"https:\/\/www.facebook.com\/episcopalian\" \/>\n<meta property=\"article:modified_time\" content=\"2025-03-26T21:55:07+00:00\" \/>\n<meta property=\"og:image\" content=\"https:\/\/www.episcopalchurch.org\/wp-content\/uploads\/2020\/06\/gfo_hero-scaled.jpeg\" \/>\n\t<meta property=\"og:image:width\" content=\"2560\" \/>\n\t<meta property=\"og:image:height\" content=\"1158\" \/>\n\t<meta property=\"og:image:type\" content=\"image\/jpeg\" \/>\n<meta name=\"twitter:card\" content=\"summary_large_image\" \/>\n<meta name=\"twitter:site\" content=\"@iamepiscopalian\" \/>\n<meta name=\"twitter:label1\" content=\"Est. reading time\" \/>\n\t<meta name=\"twitter:data1\" content=\"2 minutes\" \/>\n<script type=\"application\/ld+json\" class=\"yoast-schema-graph\">{\"@context\":\"https:\/\/schema.org\",\"@graph\":[{\"@type\":\"WebPage\",\"@id\":\"https:\/\/www.episcopalchurch.org\/es\/la-ofrenda-del-viernes-santo\/\",\"url\":\"https:\/\/www.episcopalchurch.org\/es\/la-ofrenda-del-viernes-santo\/\",\"name\":\"La Ofrenda del Viernes Santo &#8211; The Episcopal Church\",\"isPartOf\":{\"@id\":\"https:\/\/www.episcopalchurch.org\/#website\"},\"primaryImageOfPage\":{\"@id\":\"https:\/\/www.episcopalchurch.org\/es\/la-ofrenda-del-viernes-santo\/#primaryimage\"},\"image\":{\"@id\":\"https:\/\/www.episcopalchurch.org\/es\/la-ofrenda-del-viernes-santo\/#primaryimage\"},\"thumbnailUrl\":\"https:\/\/www.episcopalchurch.org\/wp-content\/uploads\/2020\/06\/gfo_hero-scaled.jpeg\",\"datePublished\":\"2020-06-15T17:26:45+00:00\",\"dateModified\":\"2025-03-26T21:55:07+00:00\",\"breadcrumb\":{\"@id\":\"https:\/\/www.episcopalchurch.org\/es\/la-ofrenda-del-viernes-santo\/#breadcrumb\"},\"inLanguage\":\"es-ES\",\"potentialAction\":[{\"@type\":\"ReadAction\",\"target\":[\"https:\/\/www.episcopalchurch.org\/es\/la-ofrenda-del-viernes-santo\/\"]}]},{\"@type\":\"ImageObject\",\"inLanguage\":\"es-ES\",\"@id\":\"https:\/\/www.episcopalchurch.org\/es\/la-ofrenda-del-viernes-santo\/#primaryimage\",\"url\":\"https:\/\/www.episcopalchurch.org\/wp-content\/uploads\/2020\/06\/gfo_hero-scaled.jpeg\",\"contentUrl\":\"https:\/\/www.episcopalchurch.org\/wp-content\/uploads\/2020\/06\/gfo_hero-scaled.jpeg\",\"width\":2560,\"height\":1158,\"caption\":\"Light beam through the roof of the Church Of The Holy Sepulchre in Jerusalem.You can find more pictures from MIDDLE EAST countries\"},{\"@type\":\"BreadcrumbList\",\"@id\":\"https:\/\/www.episcopalchurch.org\/es\/la-ofrenda-del-viernes-santo\/#breadcrumb\",\"itemListElement\":[{\"@type\":\"ListItem\",\"position\":1,\"name\":\"Home\",\"item\":\"https:\/\/www.episcopalchurch.org\/\"},{\"@type\":\"ListItem\",\"position\":2,\"name\":\"La Ofrenda del Viernes Santo\"}]},{\"@type\":\"WebSite\",\"@id\":\"https:\/\/www.episcopalchurch.org\/#website\",\"url\":\"https:\/\/www.episcopalchurch.org\/\",\"name\":\"The Episcopal Church\",\"description\":\"Welcomes You\",\"publisher\":{\"@id\":\"https:\/\/www.episcopalchurch.org\/#organization\"},\"potentialAction\":[{\"@type\":\"SearchAction\",\"target\":{\"@type\":\"EntryPoint\",\"urlTemplate\":\"https:\/\/www.episcopalchurch.org\/?s={search_term_string}\"},\"query-input\":{\"@type\":\"PropertyValueSpecification\",\"valueRequired\":true,\"valueName\":\"search_term_string\"}}],\"inLanguage\":\"es-ES\"},{\"@type\":\"Organization\",\"@id\":\"https:\/\/www.episcopalchurch.org\/#organization\",\"name\":\"The Episcopal Church\",\"url\":\"https:\/\/www.episcopalchurch.org\/\",\"logo\":{\"@type\":\"ImageObject\",\"inLanguage\":\"es-ES\",\"@id\":\"https:\/\/www.episcopalchurch.org\/#\/schema\/logo\/image\/\",\"url\":\"https:\/\/www.episcopalchurch.org\/wp-content\/uploads\/2021\/01\/vertical_episcopal_logo.jpg\",\"contentUrl\":\"https:\/\/www.episcopalchurch.org\/wp-content\/uploads\/2021\/01\/vertical_episcopal_logo.jpg\",\"width\":770,\"height\":662,\"caption\":\"The Episcopal Church\"},\"image\":{\"@id\":\"https:\/\/www.episcopalchurch.org\/#\/schema\/logo\/image\/\"},\"sameAs\":[\"https:\/\/www.facebook.com\/episcopalian\",\"https:\/\/x.com\/iamepiscopalian\",\"https:\/\/www.youtube.com\/channel\/UCdVJpxCtK41c_-p6EaE4_2A\"]}]}<\/script>\n<!-- \/ Yoast SEO Premium plugin. -->","yoast_head_json":{"title":"La Ofrenda del Viernes Santo &#8211; The Episcopal Church","robots":{"index":"index","follow":"follow","max-snippet":"max-snippet:-1","max-image-preview":"max-image-preview:large","max-video-preview":"max-video-preview:-1"},"canonical":"https:\/\/www.episcopalchurch.org\/es\/la-ofrenda-del-viernes-santo\/","og_locale":"es_ES","og_type":"article","og_title":"La Ofrenda del Viernes Santo","og_description":"La historia de la Ofrenda del Viernes Santo se remonta al 1922, cuando, a ra\u00edz de la Primera Guerra Mundial, la Iglesia Episcopal trat\u00f3 de crear nuevas relaciones con y entre los cristianos del Medio Oriente. A partir de estos esfuerzos iniciales que se centraron en una combinaci\u00f3n de trabajo de ayuda y mejora de [&hellip;]","og_url":"https:\/\/www.episcopalchurch.org\/es\/la-ofrenda-del-viernes-santo\/","og_site_name":"The Episcopal Church","article_publisher":"https:\/\/www.facebook.com\/episcopalian","article_modified_time":"2025-03-26T21:55:07+00:00","og_image":[{"width":2560,"height":1158,"url":"https:\/\/www.episcopalchurch.org\/wp-content\/uploads\/2020\/06\/gfo_hero-scaled.jpeg","type":"image\/jpeg"}],"twitter_card":"summary_large_image","twitter_site":"@iamepiscopalian","twitter_misc":{"Est. reading time":"2 minutes"},"schema":{"@context":"https:\/\/schema.org","@graph":[{"@type":"WebPage","@id":"https:\/\/www.episcopalchurch.org\/es\/la-ofrenda-del-viernes-santo\/","url":"https:\/\/www.episcopalchurch.org\/es\/la-ofrenda-del-viernes-santo\/","name":"La Ofrenda del Viernes Santo &#8211; The Episcopal Church","isPartOf":{"@id":"https:\/\/www.episcopalchurch.org\/#website"},"primaryImageOfPage":{"@id":"https:\/\/www.episcopalchurch.org\/es\/la-ofrenda-del-viernes-santo\/#primaryimage"},"image":{"@id":"https:\/\/www.episcopalchurch.org\/es\/la-ofrenda-del-viernes-santo\/#primaryimage"},"thumbnailUrl":"https:\/\/www.episcopalchurch.org\/wp-content\/uploads\/2020\/06\/gfo_hero-scaled.jpeg","datePublished":"2020-06-15T17:26:45+00:00","dateModified":"2025-03-26T21:55:07+00:00","breadcrumb":{"@id":"https:\/\/www.episcopalchurch.org\/es\/la-ofrenda-del-viernes-santo\/#breadcrumb"},"inLanguage":"es-ES","potentialAction":[{"@type":"ReadAction","target":["https:\/\/www.episcopalchurch.org\/es\/la-ofrenda-del-viernes-santo\/"]}]},{"@type":"ImageObject","inLanguage":"es-ES","@id":"https:\/\/www.episcopalchurch.org\/es\/la-ofrenda-del-viernes-santo\/#primaryimage","url":"https:\/\/www.episcopalchurch.org\/wp-content\/uploads\/2020\/06\/gfo_hero-scaled.jpeg","contentUrl":"https:\/\/www.episcopalchurch.org\/wp-content\/uploads\/2020\/06\/gfo_hero-scaled.jpeg","width":2560,"height":1158,"caption":"Light beam through the roof of the Church Of The Holy Sepulchre in Jerusalem.You can find more pictures from MIDDLE EAST countries"},{"@type":"BreadcrumbList","@id":"https:\/\/www.episcopalchurch.org\/es\/la-ofrenda-del-viernes-santo\/#breadcrumb","itemListElement":[{"@type":"ListItem","position":1,"name":"Home","item":"https:\/\/www.episcopalchurch.org\/"},{"@type":"ListItem","position":2,"name":"La Ofrenda del Viernes Santo"}]},{"@type":"WebSite","@id":"https:\/\/www.episcopalchurch.org\/#website","url":"https:\/\/www.episcopalchurch.org\/","name":"The Episcopal Church","description":"Welcomes You","publisher":{"@id":"https:\/\/www.episcopalchurch.org\/#organization"},"potentialAction":[{"@type":"SearchAction","target":{"@type":"EntryPoint","urlTemplate":"https:\/\/www.episcopalchurch.org\/?s={search_term_string}"},"query-input":{"@type":"PropertyValueSpecification","valueRequired":true,"valueName":"search_term_string"}}],"inLanguage":"es-ES"},{"@type":"Organization","@id":"https:\/\/www.episcopalchurch.org\/#organization","name":"The Episcopal Church","url":"https:\/\/www.episcopalchurch.org\/","logo":{"@type":"ImageObject","inLanguage":"es-ES","@id":"https:\/\/www.episcopalchurch.org\/#\/schema\/logo\/image\/","url":"https:\/\/www.episcopalchurch.org\/wp-content\/uploads\/2021\/01\/vertical_episcopal_logo.jpg","contentUrl":"https:\/\/www.episcopalchurch.org\/wp-content\/uploads\/2021\/01\/vertical_episcopal_logo.jpg","width":770,"height":662,"caption":"The Episcopal Church"},"image":{"@id":"https:\/\/www.episcopalchurch.org\/#\/schema\/logo\/image\/"},"sameAs":["https:\/\/www.facebook.com\/episcopalian","https:\/\/x.com\/iamepiscopalian","https:\/\/www.youtube.com\/channel\/UCdVJpxCtK41c_-p6EaE4_2A"]}]}},"taxonomy_info":[],"featured_image_src_large":["https:\/\/www.episcopalchurch.org\/wp-content\/uploads\/2020\/06\/gfo_hero-1024x463.jpeg",1024,463,true],"author_info":{"display_name":"wwedderburn","author_link":"https:\/\/www.episcopalchurch.org\/es\/author\/wwedderburn\/"},"comment_info":"","uagb_featured_image_src":{"full":["https:\/\/www.episcopalchurch.org\/wp-content\/uploads\/2020\/06\/gfo_hero-scaled.jpeg",2560,1158,false],"thumbnail":["https:\/\/www.episcopalchurch.org\/wp-content\/uploads\/2020\/06\/gfo_hero-150x150.jpeg",150,150,true],"medium":["https:\/\/www.episcopalchurch.org\/wp-content\/uploads\/2020\/06\/gfo_hero-300x136.jpeg",300,136,true],"medium_large":["https:\/\/www.episcopalchurch.org\/wp-content\/uploads\/2020\/06\/gfo_hero-768x348.jpeg",768,348,true],"large":["https:\/\/www.episcopalchurch.org\/wp-content\/uploads\/2020\/06\/gfo_hero-1024x463.jpeg",1024,463,true],"1536x1536":["https:\/\/www.episcopalchurch.org\/wp-content\/uploads\/2020\/06\/gfo_hero-1536x695.jpeg",1536,695,true],"2048x2048":["https:\/\/www.episcopalchurch.org\/wp-content\/uploads\/2020\/06\/gfo_hero-2048x927.jpeg",2048,927,true],"menu":["https:\/\/www.episcopalchurch.org\/wp-content\/uploads\/2020\/06\/gfo_hero-330x200.jpeg",330,200,true],"hero":["https:\/\/www.episcopalchurch.org\/wp-content\/uploads\/2020\/06\/gfo_hero-1920x550.jpeg",1920,550,true],"callout-image":["https:\/\/www.episcopalchurch.org\/wp-content\/uploads\/2020\/06\/gfo_hero-480x217.jpeg",480,217,true]},"uagb_author_info":{"display_name":"wwedderburn","author_link":"https:\/\/www.episcopalchurch.org\/es\/author\/wwedderburn\/"},"uagb_comment_info":0,"uagb_excerpt":"La historia de la Ofrenda del Viernes Santo se remonta al 1922, cuando, a ra\u00edz de la Primera Guerra Mundial, la Iglesia Episcopal trat\u00f3 de crear nuevas relaciones con y entre los cristianos del Medio Oriente. A partir de estos esfuerzos iniciales que se centraron en una combinaci\u00f3n de trabajo de ayuda y mejora de&hellip;","_links":{"self":[{"href":"https:\/\/www.episcopalchurch.org\/es\/wp-json\/wp\/v2\/pages\/177246","targetHints":{"allow":["GET"]}}],"collection":[{"href":"https:\/\/www.episcopalchurch.org\/es\/wp-json\/wp\/v2\/pages"}],"about":[{"href":"https:\/\/www.episcopalchurch.org\/es\/wp-json\/wp\/v2\/types\/page"}],"author":[{"embeddable":true,"href":"https:\/\/www.episcopalchurch.org\/es\/wp-json\/wp\/v2\/users\/444"}],"replies":[{"embeddable":true,"href":"https:\/\/www.episcopalchurch.org\/es\/wp-json\/wp\/v2\/comments?post=177246"}],"version-history":[{"count":0,"href":"https:\/\/www.episcopalchurch.org\/es\/wp-json\/wp\/v2\/pages\/177246\/revisions"}],"wp:featuredmedia":[{"embeddable":true,"href":"https:\/\/www.episcopalchurch.org\/es\/wp-json\/wp\/v2\/media\/131314"}],"wp:attachment":[{"href":"https:\/\/www.episcopalchurch.org\/es\/wp-json\/wp\/v2\/media?parent=177246"}],"curies":[{"name":"wp","href":"https:\/\/api.w.org\/{rel}","templated":true}]}}