{"id":177251,"date":"2020-06-15T15:50:13","date_gmt":"2020-06-15T19:50:13","guid":{"rendered":"https:\/\/www2.episcopalchurch.org\/quienes-somos\/anglican-communion\/"},"modified":"2026-02-18T15:24:43","modified_gmt":"2026-02-18T20:24:43","slug":"la-comunion-anglicana","status":"publish","type":"page","link":"https:\/\/www.episcopalchurch.org\/es\/quienes-somos\/la-comunion-anglicana\/","title":{"rendered":"La Comuni\u00f3n Anglicana"},"content":{"rendered":"    <div\n      class=\"wp-block-episcopal-hero-banner alignfull\"\n            style=\"background-image: url(https:\/\/www.episcopalchurch.org\/wp-content\/uploads\/2026\/01\/lambeth-3_52250675464_o.jpeg)\"\n          >\n      <div\n        class=\"hero-banner\"\n      >\n        <div class=\"hero-banner-wrapper\">\n          <h1 class=\"episcopal-hero-title\">\n                          La Comuni\u00f3n Anglicana                      <\/h1>\n          \n                  <\/div>\n      <\/div>\n    <\/div>\n\n  \n\n\n<p>La Comuni\u00f3n Anglicana es la reuni\u00f3n de las iglesias anglicanas y episcopales de todo el mundo. Hoy en d\u00eda, la Comuni\u00f3n Anglicana est\u00e1 compuesta por m\u00e1s de 80 millones de miembros en 44 iglesias miembros regionales y nacionales en m\u00e1s de 160 pa\u00edses.<\/p>\n\n\n<div class=\"wp-block-image\">\n<figure class=\"alignleft size-full is-resized\"><img loading=\"lazy\" decoding=\"async\" width=\"800\" height=\"533\" src=\"https:\/\/www.episcopalchurch.org\/wp-content\/uploads\/2026\/01\/ABC-Mullally-official.jpeg\" alt=\"\" class=\"wp-image-343698\" style=\"width:474px\" srcset=\"https:\/\/www.episcopalchurch.org\/wp-content\/uploads\/2026\/01\/ABC-Mullally-official.jpeg 800w, https:\/\/www.episcopalchurch.org\/wp-content\/uploads\/2026\/01\/ABC-Mullally-official-300x200.jpeg 300w, https:\/\/www.episcopalchurch.org\/wp-content\/uploads\/2026\/01\/ABC-Mullally-official-768x512.jpeg 768w, https:\/\/www.episcopalchurch.org\/wp-content\/uploads\/2026\/01\/ABC-Mullally-official-480x320.jpeg 480w\" sizes=\"auto, (max-width: 800px) 100vw, 800px\" \/><\/figure><\/div>\n\n\n<p>La Iglesia Episcopal forma parte de la Comuni\u00f3n Anglicana, y se compone de 110 di\u00f3cesis en 16 pa\u00edses.<\/p>\n\n\n\n<p>A la cabeza de la Comuni\u00f3n Anglicana est\u00e1 el Arzobispa de Canterbury, Sarah Mullally.<\/p>\n\n\n\n<p>La Iglesia Episcopal, establecida poco despu\u00e9s de la Revoluci\u00f3n Americana, tiene sus ra\u00edces en la Iglesia Anglicana. La Iglesia Anglicana, conocida como la Iglesia de Inglaterra, tuvo una gran tradici\u00f3n en la Am\u00e9rica colonial. Sin embargo, cuando las colonias ganaron su independencia, la mayor\u00eda de los cl\u00e9rigos anglicanos de Estados Unidos se neg\u00f3 a jurar lealtad al monarca brit\u00e1nico como era preceptivo. Como resultado se form\u00f3 la Iglesia Episcopal.<\/p>\n\n\n\n<p>La vitalidad de la Comuni\u00f3n Anglicana refleja la vida de sus feligreses y su compromiso con la misi\u00f3n de Dios en el mundo.&nbsp;<\/p>\n\n\n\n<div class=\"wp-block-columns is-style-default is-layout-flex wp-container-core-columns-is-layout-9d6595d7 wp-block-columns-is-layout-flex\">\n<div class=\"wp-block-column is-layout-flow wp-block-column-is-layout-flow\">    <div\n      class=\"wp-block-episcopal-callout default has-hover-effect\"\n      style=\"background-color: #407EC9;color: #fff;justify-content: flex-end;\"\n    >\n      <div\n        class=\"callout-content\"\n        style=\"justify-content: flex-end;\"\n      >\n                  <a href=\"https:\/\/www.episcopalchurch.org\/who-we-are\/anglican-communion\/networks\/\" class=\"callout-url\"><\/a>\n                \n\n<h3 class=\"wp-block-heading\" id=\"h-networks-of-the-anglican-communion\">Networks of the Anglican Communion<\/h3>\n\n      <\/div>\n    <\/div>\n\n  <\/div>\n\n\n\n<div class=\"wp-block-column is-layout-flow wp-block-column-is-layout-flow\">    <div\n      class=\"wp-block-episcopal-callout default has-hover-effect\"\n      style=\"background-color: #407EC9;color: #fff;justify-content: flex-end;\"\n    >\n      <div\n        class=\"callout-content\"\n        style=\"justify-content: flex-end;\"\n      >\n                  <a href=\"http:\/\/www.anglicancommunion.org\/\" class=\"callout-url\"><\/a>\n                \n\n<h3 class=\"wp-block-heading\" id=\"h-the-anglican-communion\">The Anglican Communion<\/h3>\n\n      <\/div>\n    <\/div>\n\n  <\/div>\n<\/div>\n","protected":false},"excerpt":{"rendered":"<p>La Comuni\u00f3n Anglicana es la reuni\u00f3n de las iglesias anglicanas y episcopales de todo el mundo. Hoy en d\u00eda, la Comuni\u00f3n Anglicana est\u00e1 compuesta por m\u00e1s de 80 millones de miembros en 44 iglesias miembros regionales y nacionales en m\u00e1s de 160 pa\u00edses. La Iglesia Episcopal forma parte de la Comuni\u00f3n Anglicana, y se compone [&hellip;]<\/p>\n","protected":false},"author":444,"featured_media":343708,"parent":177021,"menu_order":0,"comment_status":"closed","ping_status":"closed","template":"","meta":{"_acf_changed":false,"_uag_custom_page_level_css":"","_kad_blocks_custom_css":"","_kad_blocks_head_custom_js":"","_kad_blocks_body_custom_js":"","_kad_blocks_footer_custom_js":"","_kadence_starter_templates_imported_post":false,"footnotes":"","_links_to":"","_links_to_target":""},"class_list":["post-177251","page","type-page","status-publish","has-post-thumbnail","hentry"],"acf":[],"yoast_head":"<!-- This site is optimized with the Yoast SEO Premium plugin v24.6 (Yoast SEO v26.3) - https:\/\/yoast.com\/wordpress\/plugins\/seo\/ -->\n<title>La Comuni\u00f3n Anglicana &#8211; The Episcopal Church<\/title>\n<meta name=\"robots\" content=\"index, follow, max-snippet:-1, max-image-preview:large, max-video-preview:-1\" \/>\n<link rel=\"canonical\" href=\"https:\/\/www.episcopalchurch.org\/es\/quienes-somos\/la-comunion-anglicana\/\" \/>\n<meta property=\"og:locale\" content=\"es_ES\" \/>\n<meta property=\"og:type\" content=\"article\" \/>\n<meta property=\"og:title\" content=\"La Comuni\u00f3n Anglicana\" \/>\n<meta property=\"og:description\" content=\"La Comuni\u00f3n Anglicana es la reuni\u00f3n de las iglesias anglicanas y episcopales de todo el mundo. Hoy en d\u00eda, la Comuni\u00f3n Anglicana est\u00e1 compuesta por m\u00e1s de 80 millones de miembros en 44 iglesias miembros regionales y nacionales en m\u00e1s de 160 pa\u00edses. La Iglesia Episcopal forma parte de la Comuni\u00f3n Anglicana, y se compone [&hellip;]\" \/>\n<meta property=\"og:url\" content=\"https:\/\/www.episcopalchurch.org\/es\/quienes-somos\/la-comunion-anglicana\/\" \/>\n<meta property=\"og:site_name\" content=\"The Episcopal Church\" \/>\n<meta property=\"article:publisher\" content=\"https:\/\/www.facebook.com\/episcopalian\" \/>\n<meta property=\"article:modified_time\" content=\"2026-02-18T20:24:43+00:00\" \/>\n<meta property=\"og:image\" content=\"https:\/\/www.episcopalchurch.org\/wp-content\/uploads\/2026\/01\/lambeth-3_52250675464_o.jpeg\" \/>\n\t<meta property=\"og:image:width\" content=\"1200\" \/>\n\t<meta property=\"og:image:height\" content=\"675\" \/>\n\t<meta property=\"og:image:type\" content=\"image\/jpeg\" \/>\n<meta name=\"twitter:card\" content=\"summary_large_image\" \/>\n<meta name=\"twitter:site\" content=\"@iamepiscopalian\" \/>\n<meta name=\"twitter:label1\" content=\"Est. reading time\" \/>\n\t<meta name=\"twitter:data1\" content=\"2 minutes\" \/>\n<script type=\"application\/ld+json\" class=\"yoast-schema-graph\">{\"@context\":\"https:\/\/schema.org\",\"@graph\":[{\"@type\":\"WebPage\",\"@id\":\"https:\/\/www.episcopalchurch.org\/es\/quienes-somos\/la-comunion-anglicana\/\",\"url\":\"https:\/\/www.episcopalchurch.org\/es\/quienes-somos\/la-comunion-anglicana\/\",\"name\":\"La Comuni\u00f3n Anglicana &#8211; The Episcopal Church\",\"isPartOf\":{\"@id\":\"https:\/\/www.episcopalchurch.org\/#website\"},\"primaryImageOfPage\":{\"@id\":\"https:\/\/www.episcopalchurch.org\/es\/quienes-somos\/la-comunion-anglicana\/#primaryimage\"},\"image\":{\"@id\":\"https:\/\/www.episcopalchurch.org\/es\/quienes-somos\/la-comunion-anglicana\/#primaryimage\"},\"thumbnailUrl\":\"https:\/\/www.episcopalchurch.org\/wp-content\/uploads\/2026\/01\/lambeth-3_52250675464_o.jpeg\",\"datePublished\":\"2020-06-15T19:50:13+00:00\",\"dateModified\":\"2026-02-18T20:24:43+00:00\",\"breadcrumb\":{\"@id\":\"https:\/\/www.episcopalchurch.org\/es\/quienes-somos\/la-comunion-anglicana\/#breadcrumb\"},\"inLanguage\":\"es-ES\",\"potentialAction\":[{\"@type\":\"ReadAction\",\"target\":[\"https:\/\/www.episcopalchurch.org\/es\/quienes-somos\/la-comunion-anglicana\/\"]}]},{\"@type\":\"ImageObject\",\"inLanguage\":\"es-ES\",\"@id\":\"https:\/\/www.episcopalchurch.org\/es\/quienes-somos\/la-comunion-anglicana\/#primaryimage\",\"url\":\"https:\/\/www.episcopalchurch.org\/wp-content\/uploads\/2026\/01\/lambeth-3_52250675464_o.jpeg\",\"contentUrl\":\"https:\/\/www.episcopalchurch.org\/wp-content\/uploads\/2026\/01\/lambeth-3_52250675464_o.jpeg\",\"width\":1200,\"height\":675},{\"@type\":\"BreadcrumbList\",\"@id\":\"https:\/\/www.episcopalchurch.org\/es\/quienes-somos\/la-comunion-anglicana\/#breadcrumb\",\"itemListElement\":[{\"@type\":\"ListItem\",\"position\":1,\"name\":\"Home\",\"item\":\"https:\/\/www.episcopalchurch.org\/\"},{\"@type\":\"ListItem\",\"position\":2,\"name\":\"Qui\u00e9nes Somos\",\"item\":\"https:\/\/www.episcopalchurch.org\/es\/quienes-somos\/\"},{\"@type\":\"ListItem\",\"position\":3,\"name\":\"La Comuni\u00f3n Anglicana\"}]},{\"@type\":\"WebSite\",\"@id\":\"https:\/\/www.episcopalchurch.org\/#website\",\"url\":\"https:\/\/www.episcopalchurch.org\/\",\"name\":\"The Episcopal Church\",\"description\":\"Welcomes You\",\"publisher\":{\"@id\":\"https:\/\/www.episcopalchurch.org\/#organization\"},\"potentialAction\":[{\"@type\":\"SearchAction\",\"target\":{\"@type\":\"EntryPoint\",\"urlTemplate\":\"https:\/\/www.episcopalchurch.org\/?s={search_term_string}\"},\"query-input\":{\"@type\":\"PropertyValueSpecification\",\"valueRequired\":true,\"valueName\":\"search_term_string\"}}],\"inLanguage\":\"es-ES\"},{\"@type\":\"Organization\",\"@id\":\"https:\/\/www.episcopalchurch.org\/#organization\",\"name\":\"The Episcopal Church\",\"url\":\"https:\/\/www.episcopalchurch.org\/\",\"logo\":{\"@type\":\"ImageObject\",\"inLanguage\":\"es-ES\",\"@id\":\"https:\/\/www.episcopalchurch.org\/#\/schema\/logo\/image\/\",\"url\":\"https:\/\/www.episcopalchurch.org\/wp-content\/uploads\/2021\/01\/vertical_episcopal_logo.jpg\",\"contentUrl\":\"https:\/\/www.episcopalchurch.org\/wp-content\/uploads\/2021\/01\/vertical_episcopal_logo.jpg\",\"width\":770,\"height\":662,\"caption\":\"The Episcopal Church\"},\"image\":{\"@id\":\"https:\/\/www.episcopalchurch.org\/#\/schema\/logo\/image\/\"},\"sameAs\":[\"https:\/\/www.facebook.com\/episcopalian\",\"https:\/\/x.com\/iamepiscopalian\",\"https:\/\/www.youtube.com\/channel\/UCdVJpxCtK41c_-p6EaE4_2A\"]}]}<\/script>\n<!-- \/ Yoast SEO Premium plugin. -->","yoast_head_json":{"title":"La Comuni\u00f3n Anglicana &#8211; The Episcopal Church","robots":{"index":"index","follow":"follow","max-snippet":"max-snippet:-1","max-image-preview":"max-image-preview:large","max-video-preview":"max-video-preview:-1"},"canonical":"https:\/\/www.episcopalchurch.org\/es\/quienes-somos\/la-comunion-anglicana\/","og_locale":"es_ES","og_type":"article","og_title":"La Comuni\u00f3n Anglicana","og_description":"La Comuni\u00f3n Anglicana es la reuni\u00f3n de las iglesias anglicanas y episcopales de todo el mundo. Hoy en d\u00eda, la Comuni\u00f3n Anglicana est\u00e1 compuesta por m\u00e1s de 80 millones de miembros en 44 iglesias miembros regionales y nacionales en m\u00e1s de 160 pa\u00edses. La Iglesia Episcopal forma parte de la Comuni\u00f3n Anglicana, y se compone [&hellip;]","og_url":"https:\/\/www.episcopalchurch.org\/es\/quienes-somos\/la-comunion-anglicana\/","og_site_name":"The Episcopal Church","article_publisher":"https:\/\/www.facebook.com\/episcopalian","article_modified_time":"2026-02-18T20:24:43+00:00","og_image":[{"width":1200,"height":675,"url":"https:\/\/www.episcopalchurch.org\/wp-content\/uploads\/2026\/01\/lambeth-3_52250675464_o.jpeg","type":"image\/jpeg"}],"twitter_card":"summary_large_image","twitter_site":"@iamepiscopalian","twitter_misc":{"Est. reading time":"2 minutes"},"schema":{"@context":"https:\/\/schema.org","@graph":[{"@type":"WebPage","@id":"https:\/\/www.episcopalchurch.org\/es\/quienes-somos\/la-comunion-anglicana\/","url":"https:\/\/www.episcopalchurch.org\/es\/quienes-somos\/la-comunion-anglicana\/","name":"La Comuni\u00f3n Anglicana &#8211; The Episcopal Church","isPartOf":{"@id":"https:\/\/www.episcopalchurch.org\/#website"},"primaryImageOfPage":{"@id":"https:\/\/www.episcopalchurch.org\/es\/quienes-somos\/la-comunion-anglicana\/#primaryimage"},"image":{"@id":"https:\/\/www.episcopalchurch.org\/es\/quienes-somos\/la-comunion-anglicana\/#primaryimage"},"thumbnailUrl":"https:\/\/www.episcopalchurch.org\/wp-content\/uploads\/2026\/01\/lambeth-3_52250675464_o.jpeg","datePublished":"2020-06-15T19:50:13+00:00","dateModified":"2026-02-18T20:24:43+00:00","breadcrumb":{"@id":"https:\/\/www.episcopalchurch.org\/es\/quienes-somos\/la-comunion-anglicana\/#breadcrumb"},"inLanguage":"es-ES","potentialAction":[{"@type":"ReadAction","target":["https:\/\/www.episcopalchurch.org\/es\/quienes-somos\/la-comunion-anglicana\/"]}]},{"@type":"ImageObject","inLanguage":"es-ES","@id":"https:\/\/www.episcopalchurch.org\/es\/quienes-somos\/la-comunion-anglicana\/#primaryimage","url":"https:\/\/www.episcopalchurch.org\/wp-content\/uploads\/2026\/01\/lambeth-3_52250675464_o.jpeg","contentUrl":"https:\/\/www.episcopalchurch.org\/wp-content\/uploads\/2026\/01\/lambeth-3_52250675464_o.jpeg","width":1200,"height":675},{"@type":"BreadcrumbList","@id":"https:\/\/www.episcopalchurch.org\/es\/quienes-somos\/la-comunion-anglicana\/#breadcrumb","itemListElement":[{"@type":"ListItem","position":1,"name":"Home","item":"https:\/\/www.episcopalchurch.org\/"},{"@type":"ListItem","position":2,"name":"Qui\u00e9nes Somos","item":"https:\/\/www.episcopalchurch.org\/es\/quienes-somos\/"},{"@type":"ListItem","position":3,"name":"La Comuni\u00f3n Anglicana"}]},{"@type":"WebSite","@id":"https:\/\/www.episcopalchurch.org\/#website","url":"https:\/\/www.episcopalchurch.org\/","name":"The Episcopal Church","description":"Welcomes You","publisher":{"@id":"https:\/\/www.episcopalchurch.org\/#organization"},"potentialAction":[{"@type":"SearchAction","target":{"@type":"EntryPoint","urlTemplate":"https:\/\/www.episcopalchurch.org\/?s={search_term_string}"},"query-input":{"@type":"PropertyValueSpecification","valueRequired":true,"valueName":"search_term_string"}}],"inLanguage":"es-ES"},{"@type":"Organization","@id":"https:\/\/www.episcopalchurch.org\/#organization","name":"The Episcopal Church","url":"https:\/\/www.episcopalchurch.org\/","logo":{"@type":"ImageObject","inLanguage":"es-ES","@id":"https:\/\/www.episcopalchurch.org\/#\/schema\/logo\/image\/","url":"https:\/\/www.episcopalchurch.org\/wp-content\/uploads\/2021\/01\/vertical_episcopal_logo.jpg","contentUrl":"https:\/\/www.episcopalchurch.org\/wp-content\/uploads\/2021\/01\/vertical_episcopal_logo.jpg","width":770,"height":662,"caption":"The Episcopal Church"},"image":{"@id":"https:\/\/www.episcopalchurch.org\/#\/schema\/logo\/image\/"},"sameAs":["https:\/\/www.facebook.com\/episcopalian","https:\/\/x.com\/iamepiscopalian","https:\/\/www.youtube.com\/channel\/UCdVJpxCtK41c_-p6EaE4_2A"]}]}},"taxonomy_info":[],"featured_image_src_large":["https:\/\/www.episcopalchurch.org\/wp-content\/uploads\/2026\/01\/lambeth-3_52250675464_o-1024x576.jpeg",1024,576,true],"author_info":{"display_name":"wwedderburn","author_link":"https:\/\/www.episcopalchurch.org\/es\/author\/wwedderburn\/"},"comment_info":"","uagb_featured_image_src":{"full":["https:\/\/www.episcopalchurch.org\/wp-content\/uploads\/2026\/01\/lambeth-3_52250675464_o.jpeg",1200,675,false],"thumbnail":["https:\/\/www.episcopalchurch.org\/wp-content\/uploads\/2026\/01\/lambeth-3_52250675464_o-150x150.jpeg",150,150,true],"medium":["https:\/\/www.episcopalchurch.org\/wp-content\/uploads\/2026\/01\/lambeth-3_52250675464_o-300x169.jpeg",300,169,true],"medium_large":["https:\/\/www.episcopalchurch.org\/wp-content\/uploads\/2026\/01\/lambeth-3_52250675464_o-768x432.jpeg",768,432,true],"large":["https:\/\/www.episcopalchurch.org\/wp-content\/uploads\/2026\/01\/lambeth-3_52250675464_o-1024x576.jpeg",1024,576,true],"1536x1536":["https:\/\/www.episcopalchurch.org\/wp-content\/uploads\/2026\/01\/lambeth-3_52250675464_o.jpeg",1200,675,false],"2048x2048":["https:\/\/www.episcopalchurch.org\/wp-content\/uploads\/2026\/01\/lambeth-3_52250675464_o.jpeg",1200,675,false],"menu":["https:\/\/www.episcopalchurch.org\/wp-content\/uploads\/2026\/01\/lambeth-3_52250675464_o-330x200.jpeg",330,200,true],"hero":["https:\/\/www.episcopalchurch.org\/wp-content\/uploads\/2026\/01\/lambeth-3_52250675464_o-1200x550.jpeg",1200,550,true],"callout-image":["https:\/\/www.episcopalchurch.org\/wp-content\/uploads\/2026\/01\/lambeth-3_52250675464_o-480x270.jpeg",480,270,true]},"uagb_author_info":{"display_name":"wwedderburn","author_link":"https:\/\/www.episcopalchurch.org\/es\/author\/wwedderburn\/"},"uagb_comment_info":0,"uagb_excerpt":"La Comuni\u00f3n Anglicana es la reuni\u00f3n de las iglesias anglicanas y episcopales de todo el mundo. Hoy en d\u00eda, la Comuni\u00f3n Anglicana est\u00e1 compuesta por m\u00e1s de 80 millones de miembros en 44 iglesias miembros regionales y nacionales en m\u00e1s de 160 pa\u00edses. La Iglesia Episcopal forma parte de la Comuni\u00f3n Anglicana, y se compone&hellip;","_links":{"self":[{"href":"https:\/\/www.episcopalchurch.org\/es\/wp-json\/wp\/v2\/pages\/177251","targetHints":{"allow":["GET"]}}],"collection":[{"href":"https:\/\/www.episcopalchurch.org\/es\/wp-json\/wp\/v2\/pages"}],"about":[{"href":"https:\/\/www.episcopalchurch.org\/es\/wp-json\/wp\/v2\/types\/page"}],"author":[{"embeddable":true,"href":"https:\/\/www.episcopalchurch.org\/es\/wp-json\/wp\/v2\/users\/444"}],"replies":[{"embeddable":true,"href":"https:\/\/www.episcopalchurch.org\/es\/wp-json\/wp\/v2\/comments?post=177251"}],"version-history":[{"count":3,"href":"https:\/\/www.episcopalchurch.org\/es\/wp-json\/wp\/v2\/pages\/177251\/revisions"}],"predecessor-version":[{"id":344312,"href":"https:\/\/www.episcopalchurch.org\/es\/wp-json\/wp\/v2\/pages\/177251\/revisions\/344312"}],"up":[{"embeddable":true,"href":"https:\/\/www.episcopalchurch.org\/es\/wp-json\/wp\/v2\/pages\/177021"}],"wp:featuredmedia":[{"embeddable":true,"href":"https:\/\/www.episcopalchurch.org\/es\/wp-json\/wp\/v2\/media\/343708"}],"wp:attachment":[{"href":"https:\/\/www.episcopalchurch.org\/es\/wp-json\/wp\/v2\/media?parent=177251"}],"curies":[{"name":"wp","href":"https:\/\/api.w.org\/{rel}","templated":true}]}}