{"id":177259,"date":"2020-06-25T15:17:56","date_gmt":"2020-06-25T19:17:56","guid":{"rendered":"https:\/\/www2.episcopalchurch.org\/quienes-somos\/pastoral-development\/"},"modified":"2025-06-26T14:06:40","modified_gmt":"2025-06-26T18:06:40","slug":"oficina-de-desarrollo-pastoral","status":"publish","type":"page","link":"https:\/\/www.episcopalchurch.org\/es\/oficina-de-desarrollo-pastoral\/","title":{"rendered":"Oficina de Desarrollo Pastoral"},"content":{"rendered":"    <div\n      class=\"wp-block-episcopal-hero-banner alignfull\"\n            style=\"background-image: url(https:\/\/www.episcopalchurch.org\/wp-content\/uploads\/2020\/06\/pastoral_hero.jpg)\"\n          >\n      <div\n        class=\"hero-banner\"\n      >\n        <div class=\"hero-banner-wrapper\">\n          <h1 class=\"episcopal-hero-title\">\n                          Oficina de Desarrollo Pastoral                      <\/h1>\n          \n                  <\/div>\n      <\/div>\n    <\/div>\n\n  \n\n\n<p>La Oficina de Desarrollo Pastoral de la C\u00e1mara de Obispos presta apoyo directo al Obispo Presidente y la C\u00e1mara de Obispos en las \u00e1reas de Formaci\u00f3n y Desarrollo Episcopal, Pastoral de los Obispos, sus familias y sistemas diocesanos y la mediaci\u00f3n en el T\u00edtulo IV (disciplinario) Cuestiones. La Formaci\u00f3n y Desarrollo Episcopal consiste en proveer apoyo directo a todas las elecciones episcopales, capacitaci\u00f3n y tutor\u00eda para todos los obispos, evaluaci\u00f3n vocacional, transiciones de retiro y despliegue de obispos.<\/p>\n\n\n\n<p>La pastoral significa hacer referencias de centros de atenci\u00f3n residencial para obispos y sacerdotes, intervenciones planificadas y mediaci\u00f3n dentro de los sistemas diocesanos. La mediaci\u00f3n dentro de los c\u00e1nones disciplinarios del T\u00edtulo IV significa proporcionar una respuesta de la Oficina del Obispo Presidente a las quejas y cargos formales contra o concernientes a los obispos. La intenci\u00f3n de la respuesta es dirigirse satisfactoriamente a la (s) causa (s) de la denuncia o acusaci\u00f3n de tal manera que los procedimientos para una posible Presentaci\u00f3n y Juicio Eclesi\u00e1stico no tengan que ocurrir.<\/p>\n\n\n\n<hr class=\"wp-block-separator has-text-color has-css-opacity has-background is-style-wide\" style=\"background-color:#ffffff;color:#ffffff\"\/>\n\n\n\n<div class=\"wp-block-columns is-style-default is-layout-flex wp-container-core-columns-is-layout-9d6595d7 wp-block-columns-is-layout-flex\">\n<div class=\"wp-block-column is-layout-flow wp-block-column-is-layout-flow\">\n<figure class=\"wp-block-image size-large\"><a href=\"https:\/\/www.titleiv.org\/\"><img loading=\"lazy\" decoding=\"async\" width=\"1024\" height=\"604\" src=\"https:\/\/www.episcopalchurch.org\/wp-content\/uploads\/2020\/06\/title_IV-1024x604.png\" alt=\"\" class=\"wp-image-132420\" srcset=\"https:\/\/www.episcopalchurch.org\/wp-content\/uploads\/2020\/06\/title_IV-1024x604.png 1024w, https:\/\/www.episcopalchurch.org\/wp-content\/uploads\/2020\/06\/title_IV-300x177.png 300w, https:\/\/www.episcopalchurch.org\/wp-content\/uploads\/2020\/06\/title_IV-768x453.png 768w, https:\/\/www.episcopalchurch.org\/wp-content\/uploads\/2020\/06\/title_IV-480x283.png 480w, https:\/\/www.episcopalchurch.org\/wp-content\/uploads\/2020\/06\/title_IV.png 1484w\" sizes=\"auto, (max-width: 1024px) 100vw, 1024px\" \/><\/a><\/figure>\n<\/div>\n\n\n\n<div class=\"wp-block-column is-layout-flow wp-block-column-is-layout-flow\"><\/div>\n<\/div>\n\n\n\n<div class=\"wp-block-columns is-style-default is-layout-flex wp-container-core-columns-is-layout-9d6595d7 wp-block-columns-is-layout-flex\">\n<div class=\"wp-block-column is-layout-flow wp-block-column-is-layout-flow\">\n<figure class=\"wp-block-image size-large\"><img loading=\"lazy\" decoding=\"async\" width=\"1024\" height=\"633\" src=\"https:\/\/www.episcopalchurch.org\/wp-content\/uploads\/2020\/06\/mark_pastoral_development-1024x633.png\" alt=\"\" class=\"wp-image-132435\" srcset=\"https:\/\/www.episcopalchurch.org\/wp-content\/uploads\/2020\/06\/mark_pastoral_development-1024x633.png 1024w, https:\/\/www.episcopalchurch.org\/wp-content\/uploads\/2020\/06\/mark_pastoral_development-300x185.png 300w, https:\/\/www.episcopalchurch.org\/wp-content\/uploads\/2020\/06\/mark_pastoral_development-768x475.png 768w, https:\/\/www.episcopalchurch.org\/wp-content\/uploads\/2020\/06\/mark_pastoral_development-480x297.png 480w, https:\/\/www.episcopalchurch.org\/wp-content\/uploads\/2020\/06\/mark_pastoral_development.png 1500w\" sizes=\"auto, (max-width: 1024px) 100vw, 1024px\" \/><\/figure>\n<\/div>\n\n\n\n<div class=\"wp-block-column is-layout-flow wp-block-column-is-layout-flow\">\n<div class=\"wp-block-uagb-team uagb-team__image-position-above uagb-team__align-center uagb-team__stack-tablet uagb-block-5365a0ae\"><div class=\"uagb-team__content\"><h3 class=\"uagb-team__title\">Contact:<br>The Rev. Barbara Kempf<\/h3><span class=\"uagb-team__prefix\">Title IV Intake Officer for Bishops<\/span><p class=\"uagb-team__desc\"><a href=\"https:\/\/www.episcopalchurch.org\/?post_type=staff&#038;p=290492\">Click here<\/a><\/p><\/div><\/div>\n<\/div>\n\n\n\n<div class=\"wp-block-column is-layout-flow wp-block-column-is-layout-flow\"><\/div>\n<\/div>\n","protected":false},"excerpt":{"rendered":"<p>La Oficina de Desarrollo Pastoral de la C\u00e1mara de Obispos presta apoyo directo al Obispo Presidente y la C\u00e1mara de Obispos en las \u00e1reas de Formaci\u00f3n y Desarrollo Episcopal, Pastoral de los Obispos, sus familias y sistemas diocesanos y la mediaci\u00f3n en el T\u00edtulo IV (disciplinario) Cuestiones. La Formaci\u00f3n y Desarrollo Episcopal consiste en proveer [&hellip;]<\/p>\n","protected":false},"author":444,"featured_media":198560,"parent":0,"menu_order":0,"comment_status":"closed","ping_status":"closed","template":"","meta":{"_acf_changed":false,"_uag_custom_page_level_css":"","_kad_blocks_custom_css":"","_kad_blocks_head_custom_js":"","_kad_blocks_body_custom_js":"","_kad_blocks_footer_custom_js":"","_kadence_starter_templates_imported_post":false,"footnotes":"","_links_to":"","_links_to_target":""},"class_list":["post-177259","page","type-page","status-publish","has-post-thumbnail","hentry"],"acf":[],"yoast_head":"<!-- This site is optimized with the Yoast SEO Premium plugin v24.6 (Yoast SEO v26.3) - https:\/\/yoast.com\/wordpress\/plugins\/seo\/ -->\n<title>Oficina de Desarrollo Pastoral &#8211; The Episcopal Church<\/title>\n<meta name=\"robots\" content=\"index, follow, max-snippet:-1, max-image-preview:large, max-video-preview:-1\" \/>\n<link rel=\"canonical\" href=\"https:\/\/www.episcopalchurch.org\/es\/oficina-de-desarrollo-pastoral\/\" \/>\n<meta property=\"og:locale\" content=\"es_ES\" \/>\n<meta property=\"og:type\" content=\"article\" \/>\n<meta property=\"og:title\" content=\"Oficina de Desarrollo Pastoral\" \/>\n<meta property=\"og:description\" content=\"La Oficina de Desarrollo Pastoral de la C\u00e1mara de Obispos presta apoyo directo al Obispo Presidente y la C\u00e1mara de Obispos en las \u00e1reas de Formaci\u00f3n y Desarrollo Episcopal, Pastoral de los Obispos, sus familias y sistemas diocesanos y la mediaci\u00f3n en el T\u00edtulo IV (disciplinario) Cuestiones. La Formaci\u00f3n y Desarrollo Episcopal consiste en proveer [&hellip;]\" \/>\n<meta property=\"og:url\" content=\"https:\/\/www.episcopalchurch.org\/es\/oficina-de-desarrollo-pastoral\/\" \/>\n<meta property=\"og:site_name\" content=\"The Episcopal Church\" \/>\n<meta property=\"article:publisher\" content=\"https:\/\/www.facebook.com\/episcopalian\" \/>\n<meta property=\"article:modified_time\" content=\"2025-06-26T18:06:40+00:00\" \/>\n<meta property=\"og:image\" content=\"https:\/\/www.episcopalchurch.org\/wp-content\/uploads\/2020\/12\/Pastoral_Development_Square.png\" \/>\n\t<meta property=\"og:image:width\" content=\"753\" \/>\n\t<meta property=\"og:image:height\" content=\"753\" \/>\n\t<meta property=\"og:image:type\" content=\"image\/png\" \/>\n<meta name=\"twitter:card\" content=\"summary_large_image\" \/>\n<meta name=\"twitter:site\" content=\"@iamepiscopalian\" \/>\n<meta name=\"twitter:label1\" content=\"Est. reading time\" \/>\n\t<meta name=\"twitter:data1\" content=\"2 minutes\" \/>\n<script type=\"application\/ld+json\" class=\"yoast-schema-graph\">{\"@context\":\"https:\/\/schema.org\",\"@graph\":[{\"@type\":\"WebPage\",\"@id\":\"https:\/\/www.episcopalchurch.org\/es\/oficina-de-desarrollo-pastoral\/\",\"url\":\"https:\/\/www.episcopalchurch.org\/es\/oficina-de-desarrollo-pastoral\/\",\"name\":\"Oficina de Desarrollo Pastoral &#8211; The Episcopal Church\",\"isPartOf\":{\"@id\":\"https:\/\/www.episcopalchurch.org\/#website\"},\"primaryImageOfPage\":{\"@id\":\"https:\/\/www.episcopalchurch.org\/es\/oficina-de-desarrollo-pastoral\/#primaryimage\"},\"image\":{\"@id\":\"https:\/\/www.episcopalchurch.org\/es\/oficina-de-desarrollo-pastoral\/#primaryimage\"},\"thumbnailUrl\":\"https:\/\/www.episcopalchurch.org\/wp-content\/uploads\/2020\/12\/Pastoral_Development_Square.png\",\"datePublished\":\"2020-06-25T19:17:56+00:00\",\"dateModified\":\"2025-06-26T18:06:40+00:00\",\"breadcrumb\":{\"@id\":\"https:\/\/www.episcopalchurch.org\/es\/oficina-de-desarrollo-pastoral\/#breadcrumb\"},\"inLanguage\":\"es-ES\",\"potentialAction\":[{\"@type\":\"ReadAction\",\"target\":[\"https:\/\/www.episcopalchurch.org\/es\/oficina-de-desarrollo-pastoral\/\"]}]},{\"@type\":\"ImageObject\",\"inLanguage\":\"es-ES\",\"@id\":\"https:\/\/www.episcopalchurch.org\/es\/oficina-de-desarrollo-pastoral\/#primaryimage\",\"url\":\"https:\/\/www.episcopalchurch.org\/wp-content\/uploads\/2020\/12\/Pastoral_Development_Square.png\",\"contentUrl\":\"https:\/\/www.episcopalchurch.org\/wp-content\/uploads\/2020\/12\/Pastoral_Development_Square.png\",\"width\":753,\"height\":753},{\"@type\":\"BreadcrumbList\",\"@id\":\"https:\/\/www.episcopalchurch.org\/es\/oficina-de-desarrollo-pastoral\/#breadcrumb\",\"itemListElement\":[{\"@type\":\"ListItem\",\"position\":1,\"name\":\"Home\",\"item\":\"https:\/\/www.episcopalchurch.org\/\"},{\"@type\":\"ListItem\",\"position\":2,\"name\":\"Oficina de Desarrollo Pastoral\"}]},{\"@type\":\"WebSite\",\"@id\":\"https:\/\/www.episcopalchurch.org\/#website\",\"url\":\"https:\/\/www.episcopalchurch.org\/\",\"name\":\"The Episcopal Church\",\"description\":\"Welcomes You\",\"publisher\":{\"@id\":\"https:\/\/www.episcopalchurch.org\/#organization\"},\"potentialAction\":[{\"@type\":\"SearchAction\",\"target\":{\"@type\":\"EntryPoint\",\"urlTemplate\":\"https:\/\/www.episcopalchurch.org\/?s={search_term_string}\"},\"query-input\":{\"@type\":\"PropertyValueSpecification\",\"valueRequired\":true,\"valueName\":\"search_term_string\"}}],\"inLanguage\":\"es-ES\"},{\"@type\":\"Organization\",\"@id\":\"https:\/\/www.episcopalchurch.org\/#organization\",\"name\":\"The Episcopal Church\",\"url\":\"https:\/\/www.episcopalchurch.org\/\",\"logo\":{\"@type\":\"ImageObject\",\"inLanguage\":\"es-ES\",\"@id\":\"https:\/\/www.episcopalchurch.org\/#\/schema\/logo\/image\/\",\"url\":\"https:\/\/www.episcopalchurch.org\/wp-content\/uploads\/2021\/01\/vertical_episcopal_logo.jpg\",\"contentUrl\":\"https:\/\/www.episcopalchurch.org\/wp-content\/uploads\/2021\/01\/vertical_episcopal_logo.jpg\",\"width\":770,\"height\":662,\"caption\":\"The Episcopal Church\"},\"image\":{\"@id\":\"https:\/\/www.episcopalchurch.org\/#\/schema\/logo\/image\/\"},\"sameAs\":[\"https:\/\/www.facebook.com\/episcopalian\",\"https:\/\/x.com\/iamepiscopalian\",\"https:\/\/www.youtube.com\/channel\/UCdVJpxCtK41c_-p6EaE4_2A\"]}]}<\/script>\n<!-- \/ Yoast SEO Premium plugin. -->","yoast_head_json":{"title":"Oficina de Desarrollo Pastoral &#8211; The Episcopal Church","robots":{"index":"index","follow":"follow","max-snippet":"max-snippet:-1","max-image-preview":"max-image-preview:large","max-video-preview":"max-video-preview:-1"},"canonical":"https:\/\/www.episcopalchurch.org\/es\/oficina-de-desarrollo-pastoral\/","og_locale":"es_ES","og_type":"article","og_title":"Oficina de Desarrollo Pastoral","og_description":"La Oficina de Desarrollo Pastoral de la C\u00e1mara de Obispos presta apoyo directo al Obispo Presidente y la C\u00e1mara de Obispos en las \u00e1reas de Formaci\u00f3n y Desarrollo Episcopal, Pastoral de los Obispos, sus familias y sistemas diocesanos y la mediaci\u00f3n en el T\u00edtulo IV (disciplinario) Cuestiones. La Formaci\u00f3n y Desarrollo Episcopal consiste en proveer [&hellip;]","og_url":"https:\/\/www.episcopalchurch.org\/es\/oficina-de-desarrollo-pastoral\/","og_site_name":"The Episcopal Church","article_publisher":"https:\/\/www.facebook.com\/episcopalian","article_modified_time":"2025-06-26T18:06:40+00:00","og_image":[{"width":753,"height":753,"url":"https:\/\/www.episcopalchurch.org\/wp-content\/uploads\/2020\/12\/Pastoral_Development_Square.png","type":"image\/png"}],"twitter_card":"summary_large_image","twitter_site":"@iamepiscopalian","twitter_misc":{"Est. reading time":"2 minutes"},"schema":{"@context":"https:\/\/schema.org","@graph":[{"@type":"WebPage","@id":"https:\/\/www.episcopalchurch.org\/es\/oficina-de-desarrollo-pastoral\/","url":"https:\/\/www.episcopalchurch.org\/es\/oficina-de-desarrollo-pastoral\/","name":"Oficina de Desarrollo Pastoral &#8211; The Episcopal Church","isPartOf":{"@id":"https:\/\/www.episcopalchurch.org\/#website"},"primaryImageOfPage":{"@id":"https:\/\/www.episcopalchurch.org\/es\/oficina-de-desarrollo-pastoral\/#primaryimage"},"image":{"@id":"https:\/\/www.episcopalchurch.org\/es\/oficina-de-desarrollo-pastoral\/#primaryimage"},"thumbnailUrl":"https:\/\/www.episcopalchurch.org\/wp-content\/uploads\/2020\/12\/Pastoral_Development_Square.png","datePublished":"2020-06-25T19:17:56+00:00","dateModified":"2025-06-26T18:06:40+00:00","breadcrumb":{"@id":"https:\/\/www.episcopalchurch.org\/es\/oficina-de-desarrollo-pastoral\/#breadcrumb"},"inLanguage":"es-ES","potentialAction":[{"@type":"ReadAction","target":["https:\/\/www.episcopalchurch.org\/es\/oficina-de-desarrollo-pastoral\/"]}]},{"@type":"ImageObject","inLanguage":"es-ES","@id":"https:\/\/www.episcopalchurch.org\/es\/oficina-de-desarrollo-pastoral\/#primaryimage","url":"https:\/\/www.episcopalchurch.org\/wp-content\/uploads\/2020\/12\/Pastoral_Development_Square.png","contentUrl":"https:\/\/www.episcopalchurch.org\/wp-content\/uploads\/2020\/12\/Pastoral_Development_Square.png","width":753,"height":753},{"@type":"BreadcrumbList","@id":"https:\/\/www.episcopalchurch.org\/es\/oficina-de-desarrollo-pastoral\/#breadcrumb","itemListElement":[{"@type":"ListItem","position":1,"name":"Home","item":"https:\/\/www.episcopalchurch.org\/"},{"@type":"ListItem","position":2,"name":"Oficina de Desarrollo Pastoral"}]},{"@type":"WebSite","@id":"https:\/\/www.episcopalchurch.org\/#website","url":"https:\/\/www.episcopalchurch.org\/","name":"The Episcopal Church","description":"Welcomes You","publisher":{"@id":"https:\/\/www.episcopalchurch.org\/#organization"},"potentialAction":[{"@type":"SearchAction","target":{"@type":"EntryPoint","urlTemplate":"https:\/\/www.episcopalchurch.org\/?s={search_term_string}"},"query-input":{"@type":"PropertyValueSpecification","valueRequired":true,"valueName":"search_term_string"}}],"inLanguage":"es-ES"},{"@type":"Organization","@id":"https:\/\/www.episcopalchurch.org\/#organization","name":"The Episcopal Church","url":"https:\/\/www.episcopalchurch.org\/","logo":{"@type":"ImageObject","inLanguage":"es-ES","@id":"https:\/\/www.episcopalchurch.org\/#\/schema\/logo\/image\/","url":"https:\/\/www.episcopalchurch.org\/wp-content\/uploads\/2021\/01\/vertical_episcopal_logo.jpg","contentUrl":"https:\/\/www.episcopalchurch.org\/wp-content\/uploads\/2021\/01\/vertical_episcopal_logo.jpg","width":770,"height":662,"caption":"The Episcopal Church"},"image":{"@id":"https:\/\/www.episcopalchurch.org\/#\/schema\/logo\/image\/"},"sameAs":["https:\/\/www.facebook.com\/episcopalian","https:\/\/x.com\/iamepiscopalian","https:\/\/www.youtube.com\/channel\/UCdVJpxCtK41c_-p6EaE4_2A"]}]}},"taxonomy_info":[],"featured_image_src_large":["https:\/\/www.episcopalchurch.org\/wp-content\/uploads\/2020\/12\/Pastoral_Development_Square.png",753,753,false],"author_info":{"display_name":"wwedderburn","author_link":"https:\/\/www.episcopalchurch.org\/es\/author\/wwedderburn\/"},"comment_info":"","uagb_featured_image_src":{"full":["https:\/\/www.episcopalchurch.org\/wp-content\/uploads\/2020\/12\/Pastoral_Development_Square.png",753,753,false],"thumbnail":["https:\/\/www.episcopalchurch.org\/wp-content\/uploads\/2020\/12\/Pastoral_Development_Square-150x150.png",150,150,true],"medium":["https:\/\/www.episcopalchurch.org\/wp-content\/uploads\/2020\/12\/Pastoral_Development_Square-300x300.png",300,300,true],"medium_large":["https:\/\/www.episcopalchurch.org\/wp-content\/uploads\/2020\/12\/Pastoral_Development_Square.png",753,753,false],"large":["https:\/\/www.episcopalchurch.org\/wp-content\/uploads\/2020\/12\/Pastoral_Development_Square.png",753,753,false],"1536x1536":["https:\/\/www.episcopalchurch.org\/wp-content\/uploads\/2020\/12\/Pastoral_Development_Square.png",753,753,false],"2048x2048":["https:\/\/www.episcopalchurch.org\/wp-content\/uploads\/2020\/12\/Pastoral_Development_Square.png",753,753,false],"menu":["https:\/\/www.episcopalchurch.org\/wp-content\/uploads\/2020\/12\/Pastoral_Development_Square-330x200.png",330,200,true],"hero":["https:\/\/www.episcopalchurch.org\/wp-content\/uploads\/2020\/12\/Pastoral_Development_Square-753x550.png",753,550,true],"callout-image":["https:\/\/www.episcopalchurch.org\/wp-content\/uploads\/2020\/12\/Pastoral_Development_Square-480x480.png",480,480,true]},"uagb_author_info":{"display_name":"wwedderburn","author_link":"https:\/\/www.episcopalchurch.org\/es\/author\/wwedderburn\/"},"uagb_comment_info":0,"uagb_excerpt":"La Oficina de Desarrollo Pastoral de la C\u00e1mara de Obispos presta apoyo directo al Obispo Presidente y la C\u00e1mara de Obispos en las \u00e1reas de Formaci\u00f3n y Desarrollo Episcopal, Pastoral de los Obispos, sus familias y sistemas diocesanos y la mediaci\u00f3n en el T\u00edtulo IV (disciplinario) Cuestiones. La Formaci\u00f3n y Desarrollo Episcopal consiste en proveer&hellip;","_links":{"self":[{"href":"https:\/\/www.episcopalchurch.org\/es\/wp-json\/wp\/v2\/pages\/177259","targetHints":{"allow":["GET"]}}],"collection":[{"href":"https:\/\/www.episcopalchurch.org\/es\/wp-json\/wp\/v2\/pages"}],"about":[{"href":"https:\/\/www.episcopalchurch.org\/es\/wp-json\/wp\/v2\/types\/page"}],"author":[{"embeddable":true,"href":"https:\/\/www.episcopalchurch.org\/es\/wp-json\/wp\/v2\/users\/444"}],"replies":[{"embeddable":true,"href":"https:\/\/www.episcopalchurch.org\/es\/wp-json\/wp\/v2\/comments?post=177259"}],"version-history":[{"count":0,"href":"https:\/\/www.episcopalchurch.org\/es\/wp-json\/wp\/v2\/pages\/177259\/revisions"}],"wp:featuredmedia":[{"embeddable":true,"href":"https:\/\/www.episcopalchurch.org\/es\/wp-json\/wp\/v2\/media\/198560"}],"wp:attachment":[{"href":"https:\/\/www.episcopalchurch.org\/es\/wp-json\/wp\/v2\/media?parent=177259"}],"curies":[{"name":"wp","href":"https:\/\/api.w.org\/{rel}","templated":true}]}}