{"id":177270,"date":"2020-06-25T16:01:49","date_gmt":"2020-06-25T20:01:49","guid":{"rendered":"https:\/\/www2.episcopalchurch.org\/el-obispo-presidente-michael-curry\/biography\/"},"modified":"2025-01-09T09:30:47","modified_gmt":"2025-01-09T14:30:47","slug":"biografia","status":"publish","type":"page","link":"https:\/\/www.episcopalchurch.org\/es\/el-obispo-presidente-sean-rowe\/biografia\/","title":{"rendered":"Biograf\u00eda"},"content":{"rendered":"    <div\n      class=\"wp-block-episcopal-hero-banner alignfull\"\n            style=\"background-image: url(https:\/\/www.episcopalchurch.org\/wp-content\/uploads\/2025\/01\/Rowe-Header.png)\"\n          >\n      <div\n        class=\"hero-banner\"\n      >\n        <div class=\"hero-banner-wrapper\">\n          <h1 class=\"episcopal-hero-title\">\n                          El Obispo Presidente Sean W. Rowe                      <\/h1>\n                      <div class=\"episcopal-hero-description\">\n              El 27\u00ba Obispo Presidente y Primado de la Iglesia Episcopal            <\/div>\n          \n                  <\/div>\n      <\/div>\n    <\/div>\n\n  \n\n\n<h1 class=\"wp-block-heading\" id=\"page-title\">Biograf\u00eda: El Reverend\u00edsimo Sean W. Rowe<\/h1>\n\n\n\n<p><strong>50 Palabras&nbsp;<\/strong>&nbsp;<\/p>\n\n\n\n<p>En junio de 2024, el Reverend\u00edsimo Sean W. Rowe fue elegido Obispo Presidente y Primado de la Iglesia Episcopal. Asumi\u00f3 el cargo el 1 de noviembre y su mandato tiene una duraci\u00f3n de nueve a\u00f1os. Rowe es ampliamente reconocido por su experiencia en aprendizaje organizacional y cambio adaptativo, y se ha comprometido a fortalecer el apoyo a los ministerios y misiones locales.&nbsp;<\/p>\n\n\n\n<p><strong>175 Palabras<\/strong>&nbsp;<\/p>\n\n\n\n<p>En junio de 2024, el Reverend\u00edsimo Sean W. Rowe fue elegido Obispo Presidente y Primado de la Iglesia Episcopal. Asumi\u00f3 el cargo el 1 de noviembre y su mandato tiene una duraci\u00f3n de nueve a\u00f1os. En este cargo, desempe\u00f1a el papel de pastor principal y director ejecutivo de la iglesia. Rowe es ampliamente reconocido por su experiencia en aprendizaje organizacional y cambio adaptativo, y se ha comprometido a fortalecer el apoyo a los ministerios y misiones locales.&nbsp;<\/p>\n\n\n\n<p>Fue ordenado obispo de la Di\u00f3cesis Episcopal del Noroeste de Pensilvania en 2007, tras haber servido durante siete a\u00f1os como rector de la iglesia St. John en Franklin, Pensilvania. Entre 2014 y 2018, desempe\u00f1\u00f3 el cargo de obispo provisional de la Di\u00f3cesis Episcopal de Bethlehem. Posteriormente, de 2019 a 2024, lider\u00f3 una asociaci\u00f3n innovadora entre las Di\u00f3cesis Episcopales del Noroeste de Pensilvania y del Oeste de Nueva York.&nbsp;<\/p>\n\n\n\n<p>Rowe posee una licenciatura en Historia de Grove City College, una Maestr\u00eda en Divinidad del Seminario Teol\u00f3gico de Virginia y un doctorado en Aprendizaje Organizacional y Liderazgo de la Universidad de Gannon. Ha desempe\u00f1ado cargos de liderazgo en numerosas organizaciones c\u00edvicas y eclesi\u00e1sticas, as\u00ed como en cuerpos de gobierno. Adem\u00e1s, ha ejerci\u00f3 la funci\u00f3n de parlamentario de la C\u00e1mara de Obispos.&nbsp;<\/p>\n\n\n\n<p><strong>Biograf\u00eda completa<\/strong>&nbsp;<\/p>\n\n\n\n<p>En junio de 2024, el Reverend\u00edsimo Sean W. Rowe fue elegido Obispo Presidente y Primado de la Iglesia Episcopal. Asumi\u00f3 el cargo el 1 de noviembre y su mandato tiene una duraci\u00f3n de nueve a\u00f1os. En este cargo, desempe\u00f1a el papel de pastor principal y director ejecutivo de la iglesia. Rowe es ampliamente reconocido por su experiencia en aprendizaje organizacional y cambio adaptativo, y se ha comprometido a fortalecer el apoyo a los ministerios y misiones locales.&nbsp;<\/p>\n\n\n\n<p>Fue ordenado obispo de la Di\u00f3cesis Episcopal del Noroeste de Pensilvania en 2007, tras haber servido durante siete a\u00f1os como rector de la iglesia St. John en Franklin, Pensilvania. Entre 2014 y 2018, desempe\u00f1\u00f3 el cargo de obispo provisional de la Di\u00f3cesis Episcopal de Bethlehem. Posteriormente, de 2019 a 2024, lider\u00f3 una asociaci\u00f3n innovadora entre las Di\u00f3cesis Episcopales del Noroeste de Pensilvania y del Oeste de Nueva York.&nbsp;<\/p>\n\n\n\n<p>Nacido en Sharon, Pensilvania, en el seno de una familia de trabajadores de la industria sider\u00fargica, Rowe creci\u00f3 en la Iglesia Metodista Unida y obtuvo una licenciatura en Historia en Grove City College en 1997. Durante sus a\u00f1os universitarios, la Reverenda Barbara Akin, directora del departamento de Historia de Grove City, le regal\u00f3 un Libro de Oraci\u00f3n Com\u00fan y lo invit\u00f3 a asistir a la Iglesia Episcopal Epiphany en Grove City. Fue all\u00ed donde fue confirmado y comenz\u00f3 a discernir su llamado al sacerdocio.&nbsp;<\/p>\n\n\n\n<p>Tras graduarse, se matricul\u00f3 en el Seminario Teol\u00f3gico de Virginia, donde obtuvo una Maestr\u00eda en Divinidad en 2000. Posteriormente, regres\u00f3 al Noroeste de Pensilvania para servir como rector de la iglesia St. John en Franklin. Durante sus siete a\u00f1os en ese cargo, logr\u00f3 duplicar el tama\u00f1o de la congregaci\u00f3n&nbsp;<\/p>\n\n\n\n<p>Rowe ten\u00eda 32 a\u00f1os en mayo de 2007 cuando fue elegido obispo del Noroeste de Pensilvania en la primera votaci\u00f3n, convirti\u00e9ndose en el obispo m\u00e1s joven de la Iglesia Episcopal, t\u00edtulo que mantuvo durante casi 12 a\u00f1os. En 2014, obtuvo un doctorado en Aprendizaje Organizacional y Liderazgo de la Universidad de Gannon.&nbsp;<\/p>\n\n\n\n<p>Antes de su elecci\u00f3n al cargo de Obispo Presidente, Rowe desempe\u00f1\u00f3 cargos clave en numerosas organizaciones c\u00edvicas y eclesi\u00e1sticas, adem\u00e1s de formar parte de diversos \u00f3rganos de gobierno. Tambi\u00e9n ejerci\u00f3 la funci\u00f3n de parlamentario de la C\u00e1mara de Obispos. En 2018, hizo historia al convertirse en el primer obispo en formar parte del Comit\u00e9 de la C\u00e1mara de Diputados sobre el Estado de la Iglesia, cargo que ocup\u00f3 hasta 2022. Ese mismo a\u00f1o, fue honrado con la medalla de la C\u00e1mara de Diputados por su destacado servicio.&nbsp;<\/p>\n\n\n\n<p>Rowe est\u00e1 casado con Carly Rowe, quien es educadora cristiana, y viven con su hija, Lauren, en Erie, Pensilvania.&nbsp;<\/p>\n\n\n\n<p><\/p>\n","protected":false},"excerpt":{"rendered":"<p>Biograf\u00eda: El Reverend\u00edsimo Sean W. Rowe 50 Palabras&nbsp;&nbsp; En junio de 2024, el Reverend\u00edsimo Sean W. Rowe fue elegido Obispo Presidente y Primado de la Iglesia Episcopal. Asumi\u00f3 el cargo el 1 de noviembre y su mandato tiene una duraci\u00f3n de nueve a\u00f1os. Rowe es ampliamente reconocido por su experiencia en aprendizaje organizacional y cambio [&hellip;]<\/p>\n","protected":false},"author":444,"featured_media":310633,"parent":177263,"menu_order":0,"comment_status":"closed","ping_status":"closed","template":"","meta":{"_acf_changed":false,"_uag_custom_page_level_css":"","_kad_blocks_custom_css":"","_kad_blocks_head_custom_js":"","_kad_blocks_body_custom_js":"","_kad_blocks_footer_custom_js":"","_kadence_starter_templates_imported_post":false,"footnotes":"","_links_to":"","_links_to_target":""},"class_list":["post-177270","page","type-page","status-publish","has-post-thumbnail","hentry"],"acf":[],"yoast_head":"<!-- This site is optimized with the Yoast SEO Premium plugin v24.6 (Yoast SEO v26.3) - https:\/\/yoast.com\/wordpress\/plugins\/seo\/ -->\n<title>Biograf\u00eda &#8211; The Episcopal Church<\/title>\n<meta name=\"robots\" content=\"index, follow, max-snippet:-1, max-image-preview:large, max-video-preview:-1\" \/>\n<link rel=\"canonical\" href=\"https:\/\/www.episcopalchurch.org\/es\/el-obispo-presidente-sean-rowe\/biografia\/\" \/>\n<meta property=\"og:locale\" content=\"es_ES\" \/>\n<meta property=\"og:type\" content=\"article\" \/>\n<meta property=\"og:title\" content=\"Biograf\u00eda\" \/>\n<meta property=\"og:description\" content=\"Biograf\u00eda: El Reverend\u00edsimo Sean W. Rowe 50 Palabras&nbsp;&nbsp; En junio de 2024, el Reverend\u00edsimo Sean W. Rowe fue elegido Obispo Presidente y Primado de la Iglesia Episcopal. Asumi\u00f3 el cargo el 1 de noviembre y su mandato tiene una duraci\u00f3n de nueve a\u00f1os. Rowe es ampliamente reconocido por su experiencia en aprendizaje organizacional y cambio [&hellip;]\" \/>\n<meta property=\"og:url\" content=\"https:\/\/www.episcopalchurch.org\/es\/el-obispo-presidente-sean-rowe\/biografia\/\" \/>\n<meta property=\"og:site_name\" content=\"The Episcopal Church\" \/>\n<meta property=\"article:publisher\" content=\"https:\/\/www.facebook.com\/episcopalian\" \/>\n<meta property=\"article:modified_time\" content=\"2025-01-09T14:30:47+00:00\" \/>\n<meta property=\"og:image\" content=\"https:\/\/www.episcopalchurch.org\/wp-content\/uploads\/2024\/06\/Sean-Rowe-scaled-1.jpeg\" \/>\n\t<meta property=\"og:image:width\" content=\"1707\" \/>\n\t<meta property=\"og:image:height\" content=\"1707\" \/>\n\t<meta property=\"og:image:type\" content=\"image\/jpeg\" \/>\n<meta name=\"twitter:card\" content=\"summary_large_image\" \/>\n<meta name=\"twitter:site\" content=\"@iamepiscopalian\" \/>\n<meta name=\"twitter:label1\" content=\"Est. reading time\" \/>\n\t<meta name=\"twitter:data1\" content=\"4 minutes\" \/>\n<script type=\"application\/ld+json\" class=\"yoast-schema-graph\">{\"@context\":\"https:\/\/schema.org\",\"@graph\":[{\"@type\":\"WebPage\",\"@id\":\"https:\/\/www.episcopalchurch.org\/es\/el-obispo-presidente-sean-rowe\/biografia\/\",\"url\":\"https:\/\/www.episcopalchurch.org\/es\/el-obispo-presidente-sean-rowe\/biografia\/\",\"name\":\"Biograf\u00eda &#8211; The Episcopal Church\",\"isPartOf\":{\"@id\":\"https:\/\/www.episcopalchurch.org\/#website\"},\"primaryImageOfPage\":{\"@id\":\"https:\/\/www.episcopalchurch.org\/es\/el-obispo-presidente-sean-rowe\/biografia\/#primaryimage\"},\"image\":{\"@id\":\"https:\/\/www.episcopalchurch.org\/es\/el-obispo-presidente-sean-rowe\/biografia\/#primaryimage\"},\"thumbnailUrl\":\"https:\/\/www.episcopalchurch.org\/wp-content\/uploads\/2024\/06\/Sean-Rowe-scaled-1.jpeg\",\"datePublished\":\"2020-06-25T20:01:49+00:00\",\"dateModified\":\"2025-01-09T14:30:47+00:00\",\"breadcrumb\":{\"@id\":\"https:\/\/www.episcopalchurch.org\/es\/el-obispo-presidente-sean-rowe\/biografia\/#breadcrumb\"},\"inLanguage\":\"es-ES\",\"potentialAction\":[{\"@type\":\"ReadAction\",\"target\":[\"https:\/\/www.episcopalchurch.org\/es\/el-obispo-presidente-sean-rowe\/biografia\/\"]}]},{\"@type\":\"ImageObject\",\"inLanguage\":\"es-ES\",\"@id\":\"https:\/\/www.episcopalchurch.org\/es\/el-obispo-presidente-sean-rowe\/biografia\/#primaryimage\",\"url\":\"https:\/\/www.episcopalchurch.org\/wp-content\/uploads\/2024\/06\/Sean-Rowe-scaled-1.jpeg\",\"contentUrl\":\"https:\/\/www.episcopalchurch.org\/wp-content\/uploads\/2024\/06\/Sean-Rowe-scaled-1.jpeg\",\"width\":1707,\"height\":1707},{\"@type\":\"BreadcrumbList\",\"@id\":\"https:\/\/www.episcopalchurch.org\/es\/el-obispo-presidente-sean-rowe\/biografia\/#breadcrumb\",\"itemListElement\":[{\"@type\":\"ListItem\",\"position\":1,\"name\":\"Home\",\"item\":\"https:\/\/www.episcopalchurch.org\/\"},{\"@type\":\"ListItem\",\"position\":2,\"name\":\"El Obispo Presidente Sean W. Rowe\",\"item\":\"https:\/\/www.episcopalchurch.org\/es\/el-obispo-presidente-sean-rowe\/\"},{\"@type\":\"ListItem\",\"position\":3,\"name\":\"Biograf\u00eda\"}]},{\"@type\":\"WebSite\",\"@id\":\"https:\/\/www.episcopalchurch.org\/#website\",\"url\":\"https:\/\/www.episcopalchurch.org\/\",\"name\":\"The Episcopal Church\",\"description\":\"Welcomes You\",\"publisher\":{\"@id\":\"https:\/\/www.episcopalchurch.org\/#organization\"},\"potentialAction\":[{\"@type\":\"SearchAction\",\"target\":{\"@type\":\"EntryPoint\",\"urlTemplate\":\"https:\/\/www.episcopalchurch.org\/?s={search_term_string}\"},\"query-input\":{\"@type\":\"PropertyValueSpecification\",\"valueRequired\":true,\"valueName\":\"search_term_string\"}}],\"inLanguage\":\"es-ES\"},{\"@type\":\"Organization\",\"@id\":\"https:\/\/www.episcopalchurch.org\/#organization\",\"name\":\"The Episcopal Church\",\"url\":\"https:\/\/www.episcopalchurch.org\/\",\"logo\":{\"@type\":\"ImageObject\",\"inLanguage\":\"es-ES\",\"@id\":\"https:\/\/www.episcopalchurch.org\/#\/schema\/logo\/image\/\",\"url\":\"https:\/\/www.episcopalchurch.org\/wp-content\/uploads\/2021\/01\/vertical_episcopal_logo.jpg\",\"contentUrl\":\"https:\/\/www.episcopalchurch.org\/wp-content\/uploads\/2021\/01\/vertical_episcopal_logo.jpg\",\"width\":770,\"height\":662,\"caption\":\"The Episcopal Church\"},\"image\":{\"@id\":\"https:\/\/www.episcopalchurch.org\/#\/schema\/logo\/image\/\"},\"sameAs\":[\"https:\/\/www.facebook.com\/episcopalian\",\"https:\/\/x.com\/iamepiscopalian\",\"https:\/\/www.youtube.com\/channel\/UCdVJpxCtK41c_-p6EaE4_2A\"]}]}<\/script>\n<!-- \/ Yoast SEO Premium plugin. -->","yoast_head_json":{"title":"Biograf\u00eda &#8211; The Episcopal Church","robots":{"index":"index","follow":"follow","max-snippet":"max-snippet:-1","max-image-preview":"max-image-preview:large","max-video-preview":"max-video-preview:-1"},"canonical":"https:\/\/www.episcopalchurch.org\/es\/el-obispo-presidente-sean-rowe\/biografia\/","og_locale":"es_ES","og_type":"article","og_title":"Biograf\u00eda","og_description":"Biograf\u00eda: El Reverend\u00edsimo Sean W. Rowe 50 Palabras&nbsp;&nbsp; En junio de 2024, el Reverend\u00edsimo Sean W. Rowe fue elegido Obispo Presidente y Primado de la Iglesia Episcopal. Asumi\u00f3 el cargo el 1 de noviembre y su mandato tiene una duraci\u00f3n de nueve a\u00f1os. Rowe es ampliamente reconocido por su experiencia en aprendizaje organizacional y cambio [&hellip;]","og_url":"https:\/\/www.episcopalchurch.org\/es\/el-obispo-presidente-sean-rowe\/biografia\/","og_site_name":"The Episcopal Church","article_publisher":"https:\/\/www.facebook.com\/episcopalian","article_modified_time":"2025-01-09T14:30:47+00:00","og_image":[{"width":1707,"height":1707,"url":"https:\/\/www.episcopalchurch.org\/wp-content\/uploads\/2024\/06\/Sean-Rowe-scaled-1.jpeg","type":"image\/jpeg"}],"twitter_card":"summary_large_image","twitter_site":"@iamepiscopalian","twitter_misc":{"Est. reading time":"4 minutes"},"schema":{"@context":"https:\/\/schema.org","@graph":[{"@type":"WebPage","@id":"https:\/\/www.episcopalchurch.org\/es\/el-obispo-presidente-sean-rowe\/biografia\/","url":"https:\/\/www.episcopalchurch.org\/es\/el-obispo-presidente-sean-rowe\/biografia\/","name":"Biograf\u00eda &#8211; The Episcopal Church","isPartOf":{"@id":"https:\/\/www.episcopalchurch.org\/#website"},"primaryImageOfPage":{"@id":"https:\/\/www.episcopalchurch.org\/es\/el-obispo-presidente-sean-rowe\/biografia\/#primaryimage"},"image":{"@id":"https:\/\/www.episcopalchurch.org\/es\/el-obispo-presidente-sean-rowe\/biografia\/#primaryimage"},"thumbnailUrl":"https:\/\/www.episcopalchurch.org\/wp-content\/uploads\/2024\/06\/Sean-Rowe-scaled-1.jpeg","datePublished":"2020-06-25T20:01:49+00:00","dateModified":"2025-01-09T14:30:47+00:00","breadcrumb":{"@id":"https:\/\/www.episcopalchurch.org\/es\/el-obispo-presidente-sean-rowe\/biografia\/#breadcrumb"},"inLanguage":"es-ES","potentialAction":[{"@type":"ReadAction","target":["https:\/\/www.episcopalchurch.org\/es\/el-obispo-presidente-sean-rowe\/biografia\/"]}]},{"@type":"ImageObject","inLanguage":"es-ES","@id":"https:\/\/www.episcopalchurch.org\/es\/el-obispo-presidente-sean-rowe\/biografia\/#primaryimage","url":"https:\/\/www.episcopalchurch.org\/wp-content\/uploads\/2024\/06\/Sean-Rowe-scaled-1.jpeg","contentUrl":"https:\/\/www.episcopalchurch.org\/wp-content\/uploads\/2024\/06\/Sean-Rowe-scaled-1.jpeg","width":1707,"height":1707},{"@type":"BreadcrumbList","@id":"https:\/\/www.episcopalchurch.org\/es\/el-obispo-presidente-sean-rowe\/biografia\/#breadcrumb","itemListElement":[{"@type":"ListItem","position":1,"name":"Home","item":"https:\/\/www.episcopalchurch.org\/"},{"@type":"ListItem","position":2,"name":"El Obispo Presidente Sean W. Rowe","item":"https:\/\/www.episcopalchurch.org\/es\/el-obispo-presidente-sean-rowe\/"},{"@type":"ListItem","position":3,"name":"Biograf\u00eda"}]},{"@type":"WebSite","@id":"https:\/\/www.episcopalchurch.org\/#website","url":"https:\/\/www.episcopalchurch.org\/","name":"The Episcopal Church","description":"Welcomes You","publisher":{"@id":"https:\/\/www.episcopalchurch.org\/#organization"},"potentialAction":[{"@type":"SearchAction","target":{"@type":"EntryPoint","urlTemplate":"https:\/\/www.episcopalchurch.org\/?s={search_term_string}"},"query-input":{"@type":"PropertyValueSpecification","valueRequired":true,"valueName":"search_term_string"}}],"inLanguage":"es-ES"},{"@type":"Organization","@id":"https:\/\/www.episcopalchurch.org\/#organization","name":"The Episcopal Church","url":"https:\/\/www.episcopalchurch.org\/","logo":{"@type":"ImageObject","inLanguage":"es-ES","@id":"https:\/\/www.episcopalchurch.org\/#\/schema\/logo\/image\/","url":"https:\/\/www.episcopalchurch.org\/wp-content\/uploads\/2021\/01\/vertical_episcopal_logo.jpg","contentUrl":"https:\/\/www.episcopalchurch.org\/wp-content\/uploads\/2021\/01\/vertical_episcopal_logo.jpg","width":770,"height":662,"caption":"The Episcopal Church"},"image":{"@id":"https:\/\/www.episcopalchurch.org\/#\/schema\/logo\/image\/"},"sameAs":["https:\/\/www.facebook.com\/episcopalian","https:\/\/x.com\/iamepiscopalian","https:\/\/www.youtube.com\/channel\/UCdVJpxCtK41c_-p6EaE4_2A"]}]}},"taxonomy_info":[],"featured_image_src_large":["https:\/\/www.episcopalchurch.org\/wp-content\/uploads\/2024\/06\/Sean-Rowe-scaled-1-1024x1024.jpeg",1024,1024,true],"author_info":{"display_name":"wwedderburn","author_link":"https:\/\/www.episcopalchurch.org\/es\/author\/wwedderburn\/"},"comment_info":"","uagb_featured_image_src":{"full":["https:\/\/www.episcopalchurch.org\/wp-content\/uploads\/2024\/06\/Sean-Rowe-scaled-1.jpeg",1707,1707,false],"thumbnail":["https:\/\/www.episcopalchurch.org\/wp-content\/uploads\/2024\/06\/Sean-Rowe-scaled-1-150x150.jpeg",150,150,true],"medium":["https:\/\/www.episcopalchurch.org\/wp-content\/uploads\/2024\/06\/Sean-Rowe-scaled-1-300x300.jpeg",300,300,true],"medium_large":["https:\/\/www.episcopalchurch.org\/wp-content\/uploads\/2024\/06\/Sean-Rowe-scaled-1-768x768.jpeg",768,768,true],"large":["https:\/\/www.episcopalchurch.org\/wp-content\/uploads\/2024\/06\/Sean-Rowe-scaled-1-1024x1024.jpeg",1024,1024,true],"1536x1536":["https:\/\/www.episcopalchurch.org\/wp-content\/uploads\/2024\/06\/Sean-Rowe-scaled-1-1536x1536.jpeg",1536,1536,true],"2048x2048":["https:\/\/www.episcopalchurch.org\/wp-content\/uploads\/2024\/06\/Sean-Rowe-scaled-1.jpeg",1707,1707,false],"menu":["https:\/\/www.episcopalchurch.org\/wp-content\/uploads\/2024\/06\/Sean-Rowe-scaled-1-330x200.jpeg",330,200,true],"hero":["https:\/\/www.episcopalchurch.org\/wp-content\/uploads\/2024\/06\/Sean-Rowe-scaled-1-1707x550.jpeg",1707,550,true],"callout-image":["https:\/\/www.episcopalchurch.org\/wp-content\/uploads\/2024\/06\/Sean-Rowe-scaled-1-480x480.jpeg",480,480,true]},"uagb_author_info":{"display_name":"wwedderburn","author_link":"https:\/\/www.episcopalchurch.org\/es\/author\/wwedderburn\/"},"uagb_comment_info":0,"uagb_excerpt":"Biograf\u00eda: El Reverend\u00edsimo Sean W. Rowe 50 Palabras&nbsp;&nbsp; En junio de 2024, el Reverend\u00edsimo Sean W. Rowe fue elegido Obispo Presidente y Primado de la Iglesia Episcopal. Asumi\u00f3 el cargo el 1 de noviembre y su mandato tiene una duraci\u00f3n de nueve a\u00f1os. Rowe es ampliamente reconocido por su experiencia en aprendizaje organizacional y cambio&hellip;","_links":{"self":[{"href":"https:\/\/www.episcopalchurch.org\/es\/wp-json\/wp\/v2\/pages\/177270","targetHints":{"allow":["GET"]}}],"collection":[{"href":"https:\/\/www.episcopalchurch.org\/es\/wp-json\/wp\/v2\/pages"}],"about":[{"href":"https:\/\/www.episcopalchurch.org\/es\/wp-json\/wp\/v2\/types\/page"}],"author":[{"embeddable":true,"href":"https:\/\/www.episcopalchurch.org\/es\/wp-json\/wp\/v2\/users\/444"}],"replies":[{"embeddable":true,"href":"https:\/\/www.episcopalchurch.org\/es\/wp-json\/wp\/v2\/comments?post=177270"}],"version-history":[{"count":0,"href":"https:\/\/www.episcopalchurch.org\/es\/wp-json\/wp\/v2\/pages\/177270\/revisions"}],"up":[{"embeddable":true,"href":"https:\/\/www.episcopalchurch.org\/es\/wp-json\/wp\/v2\/pages\/177263"}],"wp:featuredmedia":[{"embeddable":true,"href":"https:\/\/www.episcopalchurch.org\/es\/wp-json\/wp\/v2\/media\/310633"}],"wp:attachment":[{"href":"https:\/\/www.episcopalchurch.org\/es\/wp-json\/wp\/v2\/media?parent=177270"}],"curies":[{"name":"wp","href":"https:\/\/api.w.org\/{rel}","templated":true}]}}