{"id":177277,"date":"2020-06-26T15:10:30","date_gmt":"2020-06-26T19:10:30","guid":{"rendered":"https:\/\/www2.episcopalchurch.org\/quienes-somos\/church-governance\/"},"modified":"2023-05-16T12:39:46","modified_gmt":"2023-05-16T16:39:46","slug":"gobierno-de-la-iglesia","status":"publish","type":"page","link":"https:\/\/www.episcopalchurch.org\/es\/quienes-somos\/gobierno-de-la-iglesia\/","title":{"rendered":"Gobierno de la iglesia"},"content":{"rendered":"    <div\n      class=\"wp-block-episcopal-hero-banner alignfull\"\n            style=\"background-image: url(https:\/\/www.episcopalchurch.org\/wp-content\/uploads\/2022\/09\/Sacred-Ground-GC.jpg)\"\n          >\n      <div\n        class=\"hero-banner\"\n      >\n        <div class=\"hero-banner-wrapper\">\n          <h1 class=\"episcopal-hero-title\">\n                          Gobierno de la iglesia                      <\/h1>\n          \n                  <\/div>\n      <\/div>\n    <\/div>\n\n  \n\n\n<p>La Iglesia Episcopal se rige por una Convenci\u00f3n General bicameral, que se re\u00fane cada tres a\u00f1os, y por un Consejo Ejecutivo durante los a\u00f1os intermedios.\u00a0La Convenci\u00f3n General est\u00e1 compuesta por la C\u00e1mara de los Obispos y la C\u00e1mara de los Diputados, que se re\u00fanen y act\u00faan por separado, pero deben estar de acuerdo para adoptar legislaci\u00f3n.<\/p>\n\n\n\n<p><strong><a href=\"https:\/\/www.generalconvention.org\/about\" target=\"_blank\" rel=\"noreferrer noopener\">La Convenci\u00f3n General<\/a><\/strong><br>La Convenci\u00f3n General es el \u00f3rgano rector de la Iglesia Episcopal y tiene autoridad para enmendar la Constituci\u00f3n y los C\u00e1nones de la Iglesia Episcopal; Adoptar el presupuesto para la iglesia por los pr\u00f3ximos tres a\u00f1os; Autorizar textos lit\u00fargicos y enmendar el Libro de Oraci\u00f3n Com\u00fan; Adoptar comuniones y convenios con otras iglesias; Establecer las calificaciones para las \u00f3rdenes del ministerio y los titulares de cargos; Elegir funcionarios de la Convenci\u00f3n General, el Consejo Ejecutivo y los miembros de los consejos de administraci\u00f3n; Y delegar responsabilidades a los cuerpos interinos de la Iglesia Episcopal.<\/p>\n\n\n\n<p><strong><a href=\"https:\/\/extranet.generalconvention.org\/governing_and_interim_bodies\/house_of_bishops\/roster\" target=\"_blank\" rel=\"noreferrer noopener\">La C\u00e1mara de Obispos<\/a><\/strong><br>La C\u00e1mara de los Obispos es uno de los dos \u00f3rganos de gobierno de la Iglesia Episcopal, y el obispo presidente es su presidente.\u00a0Todos los obispos de la Iglesia Episcopal, activos o jubilados tienen voz, asiento y voto en la C\u00e1mara de los Obispos;\u00a0el organismo cuenta actualmente con m\u00e1s de 200 miembros activos, incluidos obispos diocesanos, obispos coadjutores, obispos sufrag\u00e1neos y obispos jubilados.Tradicionalmente, la C\u00e1mara de los Obispos se re\u00fane una o dos veces al a\u00f1o en capacidad no legislativa entre las Convenciones Generales para responder a las necesidades de la Iglesia y la sociedad.<\/p>\n\n\n\n<p><strong><a href=\"https:\/\/houseofdeputies.org\" target=\"_blank\" rel=\"noreferrer noopener\">La C\u00e1mara de Diputados<\/a><\/strong><br>La C\u00e1mara de los Diputados cuenta actualmente con m\u00e1s de 800 miembros (incluidos suplentes) y est\u00e1 compuesta de cuatro diputados laicos y cuatro cl\u00e9rigos de cada di\u00f3cesis o jurisdicci\u00f3n, elegidos en la forma que determine cada jurisdicci\u00f3n.\u00a0En cada Convenci\u00f3n General, la C\u00e1mara de los Diputados elige, o reelige, un presidente para un mandato de tres a\u00f1os.\u00a0<\/p>\n\n\n\n<p><strong><a href=\"https:\/\/extranet.generalconvention.org\/governing_and_interim_bodies\/executive_council\/roster\" target=\"_blank\" rel=\"noreferrer noopener\">El Consejo Ejecutivo<\/a><\/strong><br>El Consejo Ejecutivo de la Iglesia Episcopal es un cuerpo electo de obispos, presb\u00edteros, di\u00e1conos y l\u00edderes laicos y, en los tres a\u00f1os entre las Convenciones Generales, el grupo se re\u00fane trimestralmente.\u00a0El Consejo Ejecutivo tiene la tarea de llevar a cabo los programas y pol\u00edticas adoptados por la Convenci\u00f3n General y supervisar el ministerio y la misi\u00f3n de la Iglesia Episcopal.<\/p>\n","protected":false},"excerpt":{"rendered":"<p>La Iglesia Episcopal se rige por una Convenci\u00f3n General bicameral, que se re\u00fane cada tres a\u00f1os, y por un Consejo Ejecutivo durante los a\u00f1os intermedios.\u00a0La Convenci\u00f3n General est\u00e1 compuesta por la C\u00e1mara de los Obispos y la C\u00e1mara de los Diputados, que se re\u00fanen y act\u00faan por separado, pero deben estar de acuerdo para adoptar [&hellip;]<\/p>\n","protected":false},"author":444,"featured_media":2143,"parent":177021,"menu_order":0,"comment_status":"closed","ping_status":"closed","template":"","meta":{"_acf_changed":false,"_uag_custom_page_level_css":"","_kad_blocks_custom_css":"","_kad_blocks_head_custom_js":"","_kad_blocks_body_custom_js":"","_kad_blocks_footer_custom_js":"","_kadence_starter_templates_imported_post":false,"footnotes":"","_links_to":"","_links_to_target":""},"class_list":["post-177277","page","type-page","status-publish","has-post-thumbnail","hentry"],"acf":[],"yoast_head":"<!-- This site is optimized with the Yoast SEO Premium plugin v24.6 (Yoast SEO v26.3) - https:\/\/yoast.com\/wordpress\/plugins\/seo\/ -->\n<title>Gobierno de la iglesia &#8211; The Episcopal Church<\/title>\n<meta name=\"robots\" content=\"index, follow, max-snippet:-1, max-image-preview:large, max-video-preview:-1\" \/>\n<link rel=\"canonical\" href=\"https:\/\/www.episcopalchurch.org\/es\/quienes-somos\/gobierno-de-la-iglesia\/\" \/>\n<meta property=\"og:locale\" content=\"es_ES\" \/>\n<meta property=\"og:type\" content=\"article\" \/>\n<meta property=\"og:title\" content=\"Gobierno de la iglesia\" \/>\n<meta property=\"og:description\" content=\"La Iglesia Episcopal se rige por una Convenci\u00f3n General bicameral, que se re\u00fane cada tres a\u00f1os, y por un Consejo Ejecutivo durante los a\u00f1os intermedios.\u00a0La Convenci\u00f3n General est\u00e1 compuesta por la C\u00e1mara de los Obispos y la C\u00e1mara de los Diputados, que se re\u00fanen y act\u00faan por separado, pero deben estar de acuerdo para adoptar [&hellip;]\" \/>\n<meta property=\"og:url\" content=\"https:\/\/www.episcopalchurch.org\/es\/quienes-somos\/gobierno-de-la-iglesia\/\" \/>\n<meta property=\"og:site_name\" content=\"The Episcopal Church\" \/>\n<meta property=\"article:publisher\" content=\"https:\/\/www.facebook.com\/episcopalian\" \/>\n<meta property=\"article:modified_time\" content=\"2023-05-16T16:39:46+00:00\" \/>\n<meta property=\"og:image\" content=\"https:\/\/www.episcopalchurch.org\/wp-content\/uploads\/2019\/10\/episcopalchurch-flag-e1705084950891.jpg\" \/>\n\t<meta property=\"og:image:width\" content=\"1200\" \/>\n\t<meta property=\"og:image:height\" content=\"627\" \/>\n\t<meta property=\"og:image:type\" content=\"image\/jpeg\" \/>\n<meta name=\"twitter:card\" content=\"summary_large_image\" \/>\n<meta name=\"twitter:site\" content=\"@iamepiscopalian\" \/>\n<meta name=\"twitter:label1\" content=\"Est. reading time\" \/>\n\t<meta name=\"twitter:data1\" content=\"2 minutes\" \/>\n<script type=\"application\/ld+json\" class=\"yoast-schema-graph\">{\"@context\":\"https:\/\/schema.org\",\"@graph\":[{\"@type\":\"WebPage\",\"@id\":\"https:\/\/www.episcopalchurch.org\/es\/quienes-somos\/gobierno-de-la-iglesia\/\",\"url\":\"https:\/\/www.episcopalchurch.org\/es\/quienes-somos\/gobierno-de-la-iglesia\/\",\"name\":\"Gobierno de la iglesia &#8211; The Episcopal Church\",\"isPartOf\":{\"@id\":\"https:\/\/www.episcopalchurch.org\/#website\"},\"primaryImageOfPage\":{\"@id\":\"https:\/\/www.episcopalchurch.org\/es\/quienes-somos\/gobierno-de-la-iglesia\/#primaryimage\"},\"image\":{\"@id\":\"https:\/\/www.episcopalchurch.org\/es\/quienes-somos\/gobierno-de-la-iglesia\/#primaryimage\"},\"thumbnailUrl\":\"https:\/\/www.episcopalchurch.org\/wp-content\/uploads\/2019\/10\/episcopalchurch-flag-e1705084950891.jpg\",\"datePublished\":\"2020-06-26T19:10:30+00:00\",\"dateModified\":\"2023-05-16T16:39:46+00:00\",\"breadcrumb\":{\"@id\":\"https:\/\/www.episcopalchurch.org\/es\/quienes-somos\/gobierno-de-la-iglesia\/#breadcrumb\"},\"inLanguage\":\"es-ES\",\"potentialAction\":[{\"@type\":\"ReadAction\",\"target\":[\"https:\/\/www.episcopalchurch.org\/es\/quienes-somos\/gobierno-de-la-iglesia\/\"]}]},{\"@type\":\"ImageObject\",\"inLanguage\":\"es-ES\",\"@id\":\"https:\/\/www.episcopalchurch.org\/es\/quienes-somos\/gobierno-de-la-iglesia\/#primaryimage\",\"url\":\"https:\/\/www.episcopalchurch.org\/wp-content\/uploads\/2019\/10\/episcopalchurch-flag-e1705084950891.jpg\",\"contentUrl\":\"https:\/\/www.episcopalchurch.org\/wp-content\/uploads\/2019\/10\/episcopalchurch-flag-e1705084950891.jpg\",\"width\":1200,\"height\":627,\"caption\":\"Nominee A\"},{\"@type\":\"BreadcrumbList\",\"@id\":\"https:\/\/www.episcopalchurch.org\/es\/quienes-somos\/gobierno-de-la-iglesia\/#breadcrumb\",\"itemListElement\":[{\"@type\":\"ListItem\",\"position\":1,\"name\":\"Home\",\"item\":\"https:\/\/www.episcopalchurch.org\/\"},{\"@type\":\"ListItem\",\"position\":2,\"name\":\"Qui\u00e9nes Somos\",\"item\":\"https:\/\/www.episcopalchurch.org\/es\/quienes-somos\/\"},{\"@type\":\"ListItem\",\"position\":3,\"name\":\"Gobierno de la iglesia\"}]},{\"@type\":\"WebSite\",\"@id\":\"https:\/\/www.episcopalchurch.org\/#website\",\"url\":\"https:\/\/www.episcopalchurch.org\/\",\"name\":\"The Episcopal Church\",\"description\":\"Welcomes You\",\"publisher\":{\"@id\":\"https:\/\/www.episcopalchurch.org\/#organization\"},\"potentialAction\":[{\"@type\":\"SearchAction\",\"target\":{\"@type\":\"EntryPoint\",\"urlTemplate\":\"https:\/\/www.episcopalchurch.org\/?s={search_term_string}\"},\"query-input\":{\"@type\":\"PropertyValueSpecification\",\"valueRequired\":true,\"valueName\":\"search_term_string\"}}],\"inLanguage\":\"es-ES\"},{\"@type\":\"Organization\",\"@id\":\"https:\/\/www.episcopalchurch.org\/#organization\",\"name\":\"The Episcopal Church\",\"url\":\"https:\/\/www.episcopalchurch.org\/\",\"logo\":{\"@type\":\"ImageObject\",\"inLanguage\":\"es-ES\",\"@id\":\"https:\/\/www.episcopalchurch.org\/#\/schema\/logo\/image\/\",\"url\":\"https:\/\/www.episcopalchurch.org\/wp-content\/uploads\/2021\/01\/vertical_episcopal_logo.jpg\",\"contentUrl\":\"https:\/\/www.episcopalchurch.org\/wp-content\/uploads\/2021\/01\/vertical_episcopal_logo.jpg\",\"width\":770,\"height\":662,\"caption\":\"The Episcopal Church\"},\"image\":{\"@id\":\"https:\/\/www.episcopalchurch.org\/#\/schema\/logo\/image\/\"},\"sameAs\":[\"https:\/\/www.facebook.com\/episcopalian\",\"https:\/\/x.com\/iamepiscopalian\",\"https:\/\/www.youtube.com\/channel\/UCdVJpxCtK41c_-p6EaE4_2A\"]}]}<\/script>\n<!-- \/ Yoast SEO Premium plugin. -->","yoast_head_json":{"title":"Gobierno de la iglesia &#8211; The Episcopal Church","robots":{"index":"index","follow":"follow","max-snippet":"max-snippet:-1","max-image-preview":"max-image-preview:large","max-video-preview":"max-video-preview:-1"},"canonical":"https:\/\/www.episcopalchurch.org\/es\/quienes-somos\/gobierno-de-la-iglesia\/","og_locale":"es_ES","og_type":"article","og_title":"Gobierno de la iglesia","og_description":"La Iglesia Episcopal se rige por una Convenci\u00f3n General bicameral, que se re\u00fane cada tres a\u00f1os, y por un Consejo Ejecutivo durante los a\u00f1os intermedios.\u00a0La Convenci\u00f3n General est\u00e1 compuesta por la C\u00e1mara de los Obispos y la C\u00e1mara de los Diputados, que se re\u00fanen y act\u00faan por separado, pero deben estar de acuerdo para adoptar [&hellip;]","og_url":"https:\/\/www.episcopalchurch.org\/es\/quienes-somos\/gobierno-de-la-iglesia\/","og_site_name":"The Episcopal Church","article_publisher":"https:\/\/www.facebook.com\/episcopalian","article_modified_time":"2023-05-16T16:39:46+00:00","og_image":[{"width":1200,"height":627,"url":"https:\/\/www.episcopalchurch.org\/wp-content\/uploads\/2019\/10\/episcopalchurch-flag-e1705084950891.jpg","type":"image\/jpeg"}],"twitter_card":"summary_large_image","twitter_site":"@iamepiscopalian","twitter_misc":{"Est. reading time":"2 minutes"},"schema":{"@context":"https:\/\/schema.org","@graph":[{"@type":"WebPage","@id":"https:\/\/www.episcopalchurch.org\/es\/quienes-somos\/gobierno-de-la-iglesia\/","url":"https:\/\/www.episcopalchurch.org\/es\/quienes-somos\/gobierno-de-la-iglesia\/","name":"Gobierno de la iglesia &#8211; The Episcopal Church","isPartOf":{"@id":"https:\/\/www.episcopalchurch.org\/#website"},"primaryImageOfPage":{"@id":"https:\/\/www.episcopalchurch.org\/es\/quienes-somos\/gobierno-de-la-iglesia\/#primaryimage"},"image":{"@id":"https:\/\/www.episcopalchurch.org\/es\/quienes-somos\/gobierno-de-la-iglesia\/#primaryimage"},"thumbnailUrl":"https:\/\/www.episcopalchurch.org\/wp-content\/uploads\/2019\/10\/episcopalchurch-flag-e1705084950891.jpg","datePublished":"2020-06-26T19:10:30+00:00","dateModified":"2023-05-16T16:39:46+00:00","breadcrumb":{"@id":"https:\/\/www.episcopalchurch.org\/es\/quienes-somos\/gobierno-de-la-iglesia\/#breadcrumb"},"inLanguage":"es-ES","potentialAction":[{"@type":"ReadAction","target":["https:\/\/www.episcopalchurch.org\/es\/quienes-somos\/gobierno-de-la-iglesia\/"]}]},{"@type":"ImageObject","inLanguage":"es-ES","@id":"https:\/\/www.episcopalchurch.org\/es\/quienes-somos\/gobierno-de-la-iglesia\/#primaryimage","url":"https:\/\/www.episcopalchurch.org\/wp-content\/uploads\/2019\/10\/episcopalchurch-flag-e1705084950891.jpg","contentUrl":"https:\/\/www.episcopalchurch.org\/wp-content\/uploads\/2019\/10\/episcopalchurch-flag-e1705084950891.jpg","width":1200,"height":627,"caption":"Nominee A"},{"@type":"BreadcrumbList","@id":"https:\/\/www.episcopalchurch.org\/es\/quienes-somos\/gobierno-de-la-iglesia\/#breadcrumb","itemListElement":[{"@type":"ListItem","position":1,"name":"Home","item":"https:\/\/www.episcopalchurch.org\/"},{"@type":"ListItem","position":2,"name":"Qui\u00e9nes Somos","item":"https:\/\/www.episcopalchurch.org\/es\/quienes-somos\/"},{"@type":"ListItem","position":3,"name":"Gobierno de la iglesia"}]},{"@type":"WebSite","@id":"https:\/\/www.episcopalchurch.org\/#website","url":"https:\/\/www.episcopalchurch.org\/","name":"The Episcopal Church","description":"Welcomes You","publisher":{"@id":"https:\/\/www.episcopalchurch.org\/#organization"},"potentialAction":[{"@type":"SearchAction","target":{"@type":"EntryPoint","urlTemplate":"https:\/\/www.episcopalchurch.org\/?s={search_term_string}"},"query-input":{"@type":"PropertyValueSpecification","valueRequired":true,"valueName":"search_term_string"}}],"inLanguage":"es-ES"},{"@type":"Organization","@id":"https:\/\/www.episcopalchurch.org\/#organization","name":"The Episcopal Church","url":"https:\/\/www.episcopalchurch.org\/","logo":{"@type":"ImageObject","inLanguage":"es-ES","@id":"https:\/\/www.episcopalchurch.org\/#\/schema\/logo\/image\/","url":"https:\/\/www.episcopalchurch.org\/wp-content\/uploads\/2021\/01\/vertical_episcopal_logo.jpg","contentUrl":"https:\/\/www.episcopalchurch.org\/wp-content\/uploads\/2021\/01\/vertical_episcopal_logo.jpg","width":770,"height":662,"caption":"The Episcopal Church"},"image":{"@id":"https:\/\/www.episcopalchurch.org\/#\/schema\/logo\/image\/"},"sameAs":["https:\/\/www.facebook.com\/episcopalian","https:\/\/x.com\/iamepiscopalian","https:\/\/www.youtube.com\/channel\/UCdVJpxCtK41c_-p6EaE4_2A"]}]}},"taxonomy_info":[],"featured_image_src_large":["https:\/\/www.episcopalchurch.org\/wp-content\/uploads\/2019\/10\/episcopalchurch-flag-e1705084950891.jpg",1024,535,false],"author_info":{"display_name":"wwedderburn","author_link":"https:\/\/www.episcopalchurch.org\/es\/author\/wwedderburn\/"},"comment_info":"","uagb_featured_image_src":{"full":["https:\/\/www.episcopalchurch.org\/wp-content\/uploads\/2019\/10\/episcopalchurch-flag-e1705084950891.jpg",1200,627,false],"thumbnail":["https:\/\/www.episcopalchurch.org\/wp-content\/uploads\/2019\/10\/episcopalchurch-flag-e1705084950891.jpg",150,78,false],"medium":["https:\/\/www.episcopalchurch.org\/wp-content\/uploads\/2019\/10\/episcopalchurch-flag-e1705084950891.jpg",300,157,false],"medium_large":["https:\/\/www.episcopalchurch.org\/wp-content\/uploads\/2019\/10\/episcopalchurch-flag-e1705084950891.jpg",768,401,false],"large":["https:\/\/www.episcopalchurch.org\/wp-content\/uploads\/2019\/10\/episcopalchurch-flag-e1705084950891.jpg",1024,535,false],"1536x1536":["https:\/\/www.episcopalchurch.org\/wp-content\/uploads\/2019\/10\/episcopalchurch-flag-e1705084950891.jpg",1200,627,false],"2048x2048":["https:\/\/www.episcopalchurch.org\/wp-content\/uploads\/2019\/10\/episcopalchurch-flag-e1705084950891.jpg",1200,627,false],"menu":["https:\/\/www.episcopalchurch.org\/wp-content\/uploads\/2019\/10\/episcopalchurch-flag-e1705084950891.jpg",330,172,false],"hero":["https:\/\/www.episcopalchurch.org\/wp-content\/uploads\/2019\/10\/episcopalchurch-flag-e1705084950891.jpg",1053,550,false],"callout-image":["https:\/\/www.episcopalchurch.org\/wp-content\/uploads\/2019\/10\/episcopalchurch-flag-e1705084950891.jpg",480,251,false]},"uagb_author_info":{"display_name":"wwedderburn","author_link":"https:\/\/www.episcopalchurch.org\/es\/author\/wwedderburn\/"},"uagb_comment_info":0,"uagb_excerpt":"La Iglesia Episcopal se rige por una Convenci\u00f3n General bicameral, que se re\u00fane cada tres a\u00f1os, y por un Consejo Ejecutivo durante los a\u00f1os intermedios.\u00a0La Convenci\u00f3n General est\u00e1 compuesta por la C\u00e1mara de los Obispos y la C\u00e1mara de los Diputados, que se re\u00fanen y act\u00faan por separado, pero deben estar de acuerdo para adoptar&hellip;","_links":{"self":[{"href":"https:\/\/www.episcopalchurch.org\/es\/wp-json\/wp\/v2\/pages\/177277","targetHints":{"allow":["GET"]}}],"collection":[{"href":"https:\/\/www.episcopalchurch.org\/es\/wp-json\/wp\/v2\/pages"}],"about":[{"href":"https:\/\/www.episcopalchurch.org\/es\/wp-json\/wp\/v2\/types\/page"}],"author":[{"embeddable":true,"href":"https:\/\/www.episcopalchurch.org\/es\/wp-json\/wp\/v2\/users\/444"}],"replies":[{"embeddable":true,"href":"https:\/\/www.episcopalchurch.org\/es\/wp-json\/wp\/v2\/comments?post=177277"}],"version-history":[{"count":0,"href":"https:\/\/www.episcopalchurch.org\/es\/wp-json\/wp\/v2\/pages\/177277\/revisions"}],"up":[{"embeddable":true,"href":"https:\/\/www.episcopalchurch.org\/es\/wp-json\/wp\/v2\/pages\/177021"}],"wp:featuredmedia":[{"embeddable":true,"href":"https:\/\/www.episcopalchurch.org\/es\/wp-json\/wp\/v2\/media\/2143"}],"wp:attachment":[{"href":"https:\/\/www.episcopalchurch.org\/es\/wp-json\/wp\/v2\/media?parent=177277"}],"curies":[{"name":"wp","href":"https:\/\/api.w.org\/{rel}","templated":true}]}}