{"id":177280,"date":"2020-06-26T15:51:56","date_gmt":"2020-06-26T19:51:56","guid":{"rendered":"https:\/\/www2.episcopalchurch.org\/quienes-somos\/gobierno-de-la-iglesia\/president-of-the-house-of-deputies\/"},"modified":"2024-05-10T12:56:03","modified_gmt":"2024-05-10T16:56:03","slug":"el-presidente-de-la-camara-de-los-diputados","status":"publish","type":"page","link":"https:\/\/www.episcopalchurch.org\/es\/quienes-somos\/gobierno-de-la-iglesia\/el-presidente-de-la-camara-de-los-diputados\/","title":{"rendered":"El presidente de la C\u00e1mara de los Diputados"},"content":{"rendered":"    <div\n      class=\"wp-block-episcopal-hero-banner alignfull\"\n            style=\"background-image: url(https:\/\/www.episcopalchurch.org\/wp-content\/uploads\/2020\/06\/governance_nav.jpg)\"\n          >\n      <div\n        class=\"hero-banner\"\n      >\n        <div class=\"hero-banner-wrapper\">\n          <h1 class=\"episcopal-hero-title\">\n                          Gobierno de la iglesia                      <\/h1>\n          \n                  <\/div>\n      <\/div>\n    <\/div>\n\n  \n\n\n<h1 class=\"wp-block-heading\" id=\"page-title\">La presidente de la C\u00e1mara de los Diputados<\/h1>\n\n\n<div class=\"wp-block-image\">\n<figure class=\"alignleft size-full is-resized\"><img loading=\"lazy\" decoding=\"async\" width=\"800\" height=\"534\" src=\"https:\/\/www.episcopalchurch.org\/wp-content\/uploads\/2022\/08\/Julia-Ayala-Harris-PHOD.jpg\" alt=\"Julia Ayala Harris, President of the House of Deputies\" class=\"wp-image-273324\" style=\"width:400px;height:267px\" srcset=\"https:\/\/www.episcopalchurch.org\/wp-content\/uploads\/2022\/08\/Julia-Ayala-Harris-PHOD.jpg 800w, https:\/\/www.episcopalchurch.org\/wp-content\/uploads\/2022\/08\/Julia-Ayala-Harris-PHOD-300x200.jpg 300w, https:\/\/www.episcopalchurch.org\/wp-content\/uploads\/2022\/08\/Julia-Ayala-Harris-PHOD-768x513.jpg 768w, https:\/\/www.episcopalchurch.org\/wp-content\/uploads\/2022\/08\/Julia-Ayala-Harris-PHOD-480x320.jpg 480w\" sizes=\"auto, (max-width: 800px) 100vw, 800px\" \/><figcaption class=\"wp-element-caption\">Julia Ayala Harris<\/figcaption><\/figure><\/div>\n\n\n<p>La C\u00e1mara de Diputados es una de las dos Casas de la Convenci\u00f3n General, el \u00f3rgano de gobierno de la Iglesia Episcopal que se re\u00fane cada tres a\u00f1os para establecer las prioridades, el presupuesto y las pol\u00edticas de la misi\u00f3n de la Iglesia Episcopal. La casa tiene el mismo n\u00famero de cl\u00e9rigos y diputados laicos, todos los cuales son elegidos por las 110 di\u00f3cesis de la iglesia y una convocatoria.<\/p>\n\n\n\n<p>En cada Convenci\u00f3n General, la C\u00e1mara de Diputados elige un presidente y un vicepresidente. En 2022, Julia Ayala Harris fue elegido presidente y la Rvda. Rachel Taber-Hamilton fue elegido vicepresidente. Ayala Harris es la primera Latina para ocupar el puesto.<\/p>\n\n\n\n<p>La C\u00e1mara de Diputados es la m\u00e1s antigua de las dos casas de la Convenci\u00f3n General por cuatro a\u00f1os. La primera sesi\u00f3n de la primera Convenci\u00f3n General, celebrada en 1785, consisti\u00f3 \u00fanicamente en la C\u00e1mara de Diputados. Adopt\u00f3 una disposici\u00f3n constitucional que establece una C\u00e1mara de Obispos separada, que se uni\u00f3 a la Convenci\u00f3n en su segunda sesi\u00f3n en 1789. La naturaleza bicameral de la Convenci\u00f3n General contin\u00faa en la actualidad.<\/p>\n\n\n\n<p>Adem\u00e1s de presidir la C\u00e1mara de Diputados cuando est\u00e1 en sesi\u00f3n, el Presidente de la C\u00e1mara de Diputados se desempe\u00f1a como vicepresidente del Consejo Ejecutivo y de la Sociedad Misionera Nacional y Extranjera, designa a cl\u00e9rigos y miembros laicos para formar comit\u00e9s y comisiones permanentes y otros cuerpos de toda la naci\u00f3n, y sirve como embajador y defensor del trabajo que lleva a cabo las resoluciones de la Convenci\u00f3n General.<br><\/p>\n","protected":false},"excerpt":{"rendered":"<p>La presidente de la C\u00e1mara de los Diputados La C\u00e1mara de Diputados es una de las dos Casas de la Convenci\u00f3n General, el \u00f3rgano de gobierno de la Iglesia Episcopal que se re\u00fane cada tres a\u00f1os para establecer las prioridades, el presupuesto y las pol\u00edticas de la misi\u00f3n de la Iglesia Episcopal. La casa tiene [&hellip;]<\/p>\n","protected":false},"author":444,"featured_media":2143,"parent":177277,"menu_order":0,"comment_status":"closed","ping_status":"closed","template":"","meta":{"_acf_changed":false,"_uag_custom_page_level_css":"","_kad_blocks_custom_css":"","_kad_blocks_head_custom_js":"","_kad_blocks_body_custom_js":"","_kad_blocks_footer_custom_js":"","_kadence_starter_templates_imported_post":false,"footnotes":"","_links_to":"","_links_to_target":""},"class_list":["post-177280","page","type-page","status-publish","has-post-thumbnail","hentry"],"acf":[],"yoast_head":"<!-- This site is optimized with the Yoast SEO Premium plugin v24.6 (Yoast SEO v26.3) - https:\/\/yoast.com\/wordpress\/plugins\/seo\/ -->\n<title>El presidente de la C\u00e1mara de los Diputados &#8211; The Episcopal Church<\/title>\n<meta name=\"robots\" content=\"index, follow, max-snippet:-1, max-image-preview:large, max-video-preview:-1\" \/>\n<link rel=\"canonical\" href=\"https:\/\/www.episcopalchurch.org\/es\/quienes-somos\/gobierno-de-la-iglesia\/el-presidente-de-la-camara-de-los-diputados\/\" \/>\n<meta property=\"og:locale\" content=\"es_ES\" \/>\n<meta property=\"og:type\" content=\"article\" \/>\n<meta property=\"og:title\" content=\"El presidente de la C\u00e1mara de los Diputados\" \/>\n<meta property=\"og:description\" content=\"La presidente de la C\u00e1mara de los Diputados La C\u00e1mara de Diputados es una de las dos Casas de la Convenci\u00f3n General, el \u00f3rgano de gobierno de la Iglesia Episcopal que se re\u00fane cada tres a\u00f1os para establecer las prioridades, el presupuesto y las pol\u00edticas de la misi\u00f3n de la Iglesia Episcopal. La casa tiene [&hellip;]\" \/>\n<meta property=\"og:url\" content=\"https:\/\/www.episcopalchurch.org\/es\/quienes-somos\/gobierno-de-la-iglesia\/el-presidente-de-la-camara-de-los-diputados\/\" \/>\n<meta property=\"og:site_name\" content=\"The Episcopal Church\" \/>\n<meta property=\"article:publisher\" content=\"https:\/\/www.facebook.com\/episcopalian\" \/>\n<meta property=\"article:modified_time\" content=\"2024-05-10T16:56:03+00:00\" \/>\n<meta property=\"og:image\" content=\"https:\/\/www.episcopalchurch.org\/wp-content\/uploads\/2019\/10\/episcopalchurch-flag-e1705084950891.jpg\" \/>\n\t<meta property=\"og:image:width\" content=\"1200\" \/>\n\t<meta property=\"og:image:height\" content=\"627\" \/>\n\t<meta property=\"og:image:type\" content=\"image\/jpeg\" \/>\n<meta name=\"twitter:card\" content=\"summary_large_image\" \/>\n<meta name=\"twitter:site\" content=\"@iamepiscopalian\" \/>\n<meta name=\"twitter:label1\" content=\"Est. reading time\" \/>\n\t<meta name=\"twitter:data1\" content=\"2 minutes\" \/>\n<script type=\"application\/ld+json\" class=\"yoast-schema-graph\">{\"@context\":\"https:\/\/schema.org\",\"@graph\":[{\"@type\":\"WebPage\",\"@id\":\"https:\/\/www.episcopalchurch.org\/es\/quienes-somos\/gobierno-de-la-iglesia\/el-presidente-de-la-camara-de-los-diputados\/\",\"url\":\"https:\/\/www.episcopalchurch.org\/es\/quienes-somos\/gobierno-de-la-iglesia\/el-presidente-de-la-camara-de-los-diputados\/\",\"name\":\"El presidente de la C\u00e1mara de los Diputados &#8211; The Episcopal Church\",\"isPartOf\":{\"@id\":\"https:\/\/www.episcopalchurch.org\/#website\"},\"primaryImageOfPage\":{\"@id\":\"https:\/\/www.episcopalchurch.org\/es\/quienes-somos\/gobierno-de-la-iglesia\/el-presidente-de-la-camara-de-los-diputados\/#primaryimage\"},\"image\":{\"@id\":\"https:\/\/www.episcopalchurch.org\/es\/quienes-somos\/gobierno-de-la-iglesia\/el-presidente-de-la-camara-de-los-diputados\/#primaryimage\"},\"thumbnailUrl\":\"https:\/\/www.episcopalchurch.org\/wp-content\/uploads\/2019\/10\/episcopalchurch-flag-e1705084950891.jpg\",\"datePublished\":\"2020-06-26T19:51:56+00:00\",\"dateModified\":\"2024-05-10T16:56:03+00:00\",\"breadcrumb\":{\"@id\":\"https:\/\/www.episcopalchurch.org\/es\/quienes-somos\/gobierno-de-la-iglesia\/el-presidente-de-la-camara-de-los-diputados\/#breadcrumb\"},\"inLanguage\":\"es-ES\",\"potentialAction\":[{\"@type\":\"ReadAction\",\"target\":[\"https:\/\/www.episcopalchurch.org\/es\/quienes-somos\/gobierno-de-la-iglesia\/el-presidente-de-la-camara-de-los-diputados\/\"]}]},{\"@type\":\"ImageObject\",\"inLanguage\":\"es-ES\",\"@id\":\"https:\/\/www.episcopalchurch.org\/es\/quienes-somos\/gobierno-de-la-iglesia\/el-presidente-de-la-camara-de-los-diputados\/#primaryimage\",\"url\":\"https:\/\/www.episcopalchurch.org\/wp-content\/uploads\/2019\/10\/episcopalchurch-flag-e1705084950891.jpg\",\"contentUrl\":\"https:\/\/www.episcopalchurch.org\/wp-content\/uploads\/2019\/10\/episcopalchurch-flag-e1705084950891.jpg\",\"width\":1200,\"height\":627,\"caption\":\"Nominee A\"},{\"@type\":\"BreadcrumbList\",\"@id\":\"https:\/\/www.episcopalchurch.org\/es\/quienes-somos\/gobierno-de-la-iglesia\/el-presidente-de-la-camara-de-los-diputados\/#breadcrumb\",\"itemListElement\":[{\"@type\":\"ListItem\",\"position\":1,\"name\":\"Home\",\"item\":\"https:\/\/www.episcopalchurch.org\/\"},{\"@type\":\"ListItem\",\"position\":2,\"name\":\"Qui\u00e9nes Somos\",\"item\":\"https:\/\/www.episcopalchurch.org\/es\/quienes-somos\/\"},{\"@type\":\"ListItem\",\"position\":3,\"name\":\"Gobierno de la iglesia\",\"item\":\"https:\/\/www.episcopalchurch.org\/es\/quienes-somos\/gobierno-de-la-iglesia\/\"},{\"@type\":\"ListItem\",\"position\":4,\"name\":\"El presidente de la C\u00e1mara de los Diputados\"}]},{\"@type\":\"WebSite\",\"@id\":\"https:\/\/www.episcopalchurch.org\/#website\",\"url\":\"https:\/\/www.episcopalchurch.org\/\",\"name\":\"The Episcopal Church\",\"description\":\"Welcomes You\",\"publisher\":{\"@id\":\"https:\/\/www.episcopalchurch.org\/#organization\"},\"potentialAction\":[{\"@type\":\"SearchAction\",\"target\":{\"@type\":\"EntryPoint\",\"urlTemplate\":\"https:\/\/www.episcopalchurch.org\/?s={search_term_string}\"},\"query-input\":{\"@type\":\"PropertyValueSpecification\",\"valueRequired\":true,\"valueName\":\"search_term_string\"}}],\"inLanguage\":\"es-ES\"},{\"@type\":\"Organization\",\"@id\":\"https:\/\/www.episcopalchurch.org\/#organization\",\"name\":\"The Episcopal Church\",\"url\":\"https:\/\/www.episcopalchurch.org\/\",\"logo\":{\"@type\":\"ImageObject\",\"inLanguage\":\"es-ES\",\"@id\":\"https:\/\/www.episcopalchurch.org\/#\/schema\/logo\/image\/\",\"url\":\"https:\/\/www.episcopalchurch.org\/wp-content\/uploads\/2021\/01\/vertical_episcopal_logo.jpg\",\"contentUrl\":\"https:\/\/www.episcopalchurch.org\/wp-content\/uploads\/2021\/01\/vertical_episcopal_logo.jpg\",\"width\":770,\"height\":662,\"caption\":\"The Episcopal Church\"},\"image\":{\"@id\":\"https:\/\/www.episcopalchurch.org\/#\/schema\/logo\/image\/\"},\"sameAs\":[\"https:\/\/www.facebook.com\/episcopalian\",\"https:\/\/x.com\/iamepiscopalian\",\"https:\/\/www.youtube.com\/channel\/UCdVJpxCtK41c_-p6EaE4_2A\"]}]}<\/script>\n<!-- \/ Yoast SEO Premium plugin. -->","yoast_head_json":{"title":"El presidente de la C\u00e1mara de los Diputados &#8211; The Episcopal Church","robots":{"index":"index","follow":"follow","max-snippet":"max-snippet:-1","max-image-preview":"max-image-preview:large","max-video-preview":"max-video-preview:-1"},"canonical":"https:\/\/www.episcopalchurch.org\/es\/quienes-somos\/gobierno-de-la-iglesia\/el-presidente-de-la-camara-de-los-diputados\/","og_locale":"es_ES","og_type":"article","og_title":"El presidente de la C\u00e1mara de los Diputados","og_description":"La presidente de la C\u00e1mara de los Diputados La C\u00e1mara de Diputados es una de las dos Casas de la Convenci\u00f3n General, el \u00f3rgano de gobierno de la Iglesia Episcopal que se re\u00fane cada tres a\u00f1os para establecer las prioridades, el presupuesto y las pol\u00edticas de la misi\u00f3n de la Iglesia Episcopal. La casa tiene [&hellip;]","og_url":"https:\/\/www.episcopalchurch.org\/es\/quienes-somos\/gobierno-de-la-iglesia\/el-presidente-de-la-camara-de-los-diputados\/","og_site_name":"The Episcopal Church","article_publisher":"https:\/\/www.facebook.com\/episcopalian","article_modified_time":"2024-05-10T16:56:03+00:00","og_image":[{"width":1200,"height":627,"url":"https:\/\/www.episcopalchurch.org\/wp-content\/uploads\/2019\/10\/episcopalchurch-flag-e1705084950891.jpg","type":"image\/jpeg"}],"twitter_card":"summary_large_image","twitter_site":"@iamepiscopalian","twitter_misc":{"Est. reading time":"2 minutes"},"schema":{"@context":"https:\/\/schema.org","@graph":[{"@type":"WebPage","@id":"https:\/\/www.episcopalchurch.org\/es\/quienes-somos\/gobierno-de-la-iglesia\/el-presidente-de-la-camara-de-los-diputados\/","url":"https:\/\/www.episcopalchurch.org\/es\/quienes-somos\/gobierno-de-la-iglesia\/el-presidente-de-la-camara-de-los-diputados\/","name":"El presidente de la C\u00e1mara de los Diputados &#8211; The Episcopal Church","isPartOf":{"@id":"https:\/\/www.episcopalchurch.org\/#website"},"primaryImageOfPage":{"@id":"https:\/\/www.episcopalchurch.org\/es\/quienes-somos\/gobierno-de-la-iglesia\/el-presidente-de-la-camara-de-los-diputados\/#primaryimage"},"image":{"@id":"https:\/\/www.episcopalchurch.org\/es\/quienes-somos\/gobierno-de-la-iglesia\/el-presidente-de-la-camara-de-los-diputados\/#primaryimage"},"thumbnailUrl":"https:\/\/www.episcopalchurch.org\/wp-content\/uploads\/2019\/10\/episcopalchurch-flag-e1705084950891.jpg","datePublished":"2020-06-26T19:51:56+00:00","dateModified":"2024-05-10T16:56:03+00:00","breadcrumb":{"@id":"https:\/\/www.episcopalchurch.org\/es\/quienes-somos\/gobierno-de-la-iglesia\/el-presidente-de-la-camara-de-los-diputados\/#breadcrumb"},"inLanguage":"es-ES","potentialAction":[{"@type":"ReadAction","target":["https:\/\/www.episcopalchurch.org\/es\/quienes-somos\/gobierno-de-la-iglesia\/el-presidente-de-la-camara-de-los-diputados\/"]}]},{"@type":"ImageObject","inLanguage":"es-ES","@id":"https:\/\/www.episcopalchurch.org\/es\/quienes-somos\/gobierno-de-la-iglesia\/el-presidente-de-la-camara-de-los-diputados\/#primaryimage","url":"https:\/\/www.episcopalchurch.org\/wp-content\/uploads\/2019\/10\/episcopalchurch-flag-e1705084950891.jpg","contentUrl":"https:\/\/www.episcopalchurch.org\/wp-content\/uploads\/2019\/10\/episcopalchurch-flag-e1705084950891.jpg","width":1200,"height":627,"caption":"Nominee A"},{"@type":"BreadcrumbList","@id":"https:\/\/www.episcopalchurch.org\/es\/quienes-somos\/gobierno-de-la-iglesia\/el-presidente-de-la-camara-de-los-diputados\/#breadcrumb","itemListElement":[{"@type":"ListItem","position":1,"name":"Home","item":"https:\/\/www.episcopalchurch.org\/"},{"@type":"ListItem","position":2,"name":"Qui\u00e9nes Somos","item":"https:\/\/www.episcopalchurch.org\/es\/quienes-somos\/"},{"@type":"ListItem","position":3,"name":"Gobierno de la iglesia","item":"https:\/\/www.episcopalchurch.org\/es\/quienes-somos\/gobierno-de-la-iglesia\/"},{"@type":"ListItem","position":4,"name":"El presidente de la C\u00e1mara de los Diputados"}]},{"@type":"WebSite","@id":"https:\/\/www.episcopalchurch.org\/#website","url":"https:\/\/www.episcopalchurch.org\/","name":"The Episcopal Church","description":"Welcomes You","publisher":{"@id":"https:\/\/www.episcopalchurch.org\/#organization"},"potentialAction":[{"@type":"SearchAction","target":{"@type":"EntryPoint","urlTemplate":"https:\/\/www.episcopalchurch.org\/?s={search_term_string}"},"query-input":{"@type":"PropertyValueSpecification","valueRequired":true,"valueName":"search_term_string"}}],"inLanguage":"es-ES"},{"@type":"Organization","@id":"https:\/\/www.episcopalchurch.org\/#organization","name":"The Episcopal Church","url":"https:\/\/www.episcopalchurch.org\/","logo":{"@type":"ImageObject","inLanguage":"es-ES","@id":"https:\/\/www.episcopalchurch.org\/#\/schema\/logo\/image\/","url":"https:\/\/www.episcopalchurch.org\/wp-content\/uploads\/2021\/01\/vertical_episcopal_logo.jpg","contentUrl":"https:\/\/www.episcopalchurch.org\/wp-content\/uploads\/2021\/01\/vertical_episcopal_logo.jpg","width":770,"height":662,"caption":"The Episcopal Church"},"image":{"@id":"https:\/\/www.episcopalchurch.org\/#\/schema\/logo\/image\/"},"sameAs":["https:\/\/www.facebook.com\/episcopalian","https:\/\/x.com\/iamepiscopalian","https:\/\/www.youtube.com\/channel\/UCdVJpxCtK41c_-p6EaE4_2A"]}]}},"taxonomy_info":[],"featured_image_src_large":["https:\/\/www.episcopalchurch.org\/wp-content\/uploads\/2019\/10\/episcopalchurch-flag-e1705084950891.jpg",1024,535,false],"author_info":{"display_name":"wwedderburn","author_link":"https:\/\/www.episcopalchurch.org\/es\/author\/wwedderburn\/"},"comment_info":"","uagb_featured_image_src":{"full":["https:\/\/www.episcopalchurch.org\/wp-content\/uploads\/2019\/10\/episcopalchurch-flag-e1705084950891.jpg",1200,627,false],"thumbnail":["https:\/\/www.episcopalchurch.org\/wp-content\/uploads\/2019\/10\/episcopalchurch-flag-e1705084950891.jpg",150,78,false],"medium":["https:\/\/www.episcopalchurch.org\/wp-content\/uploads\/2019\/10\/episcopalchurch-flag-e1705084950891.jpg",300,157,false],"medium_large":["https:\/\/www.episcopalchurch.org\/wp-content\/uploads\/2019\/10\/episcopalchurch-flag-e1705084950891.jpg",768,401,false],"large":["https:\/\/www.episcopalchurch.org\/wp-content\/uploads\/2019\/10\/episcopalchurch-flag-e1705084950891.jpg",1024,535,false],"1536x1536":["https:\/\/www.episcopalchurch.org\/wp-content\/uploads\/2019\/10\/episcopalchurch-flag-e1705084950891.jpg",1200,627,false],"2048x2048":["https:\/\/www.episcopalchurch.org\/wp-content\/uploads\/2019\/10\/episcopalchurch-flag-e1705084950891.jpg",1200,627,false],"menu":["https:\/\/www.episcopalchurch.org\/wp-content\/uploads\/2019\/10\/episcopalchurch-flag-e1705084950891.jpg",330,172,false],"hero":["https:\/\/www.episcopalchurch.org\/wp-content\/uploads\/2019\/10\/episcopalchurch-flag-e1705084950891.jpg",1053,550,false],"callout-image":["https:\/\/www.episcopalchurch.org\/wp-content\/uploads\/2019\/10\/episcopalchurch-flag-e1705084950891.jpg",480,251,false]},"uagb_author_info":{"display_name":"wwedderburn","author_link":"https:\/\/www.episcopalchurch.org\/es\/author\/wwedderburn\/"},"uagb_comment_info":0,"uagb_excerpt":"La presidente de la C\u00e1mara de los Diputados La C\u00e1mara de Diputados es una de las dos Casas de la Convenci\u00f3n General, el \u00f3rgano de gobierno de la Iglesia Episcopal que se re\u00fane cada tres a\u00f1os para establecer las prioridades, el presupuesto y las pol\u00edticas de la misi\u00f3n de la Iglesia Episcopal. La casa tiene&hellip;","_links":{"self":[{"href":"https:\/\/www.episcopalchurch.org\/es\/wp-json\/wp\/v2\/pages\/177280","targetHints":{"allow":["GET"]}}],"collection":[{"href":"https:\/\/www.episcopalchurch.org\/es\/wp-json\/wp\/v2\/pages"}],"about":[{"href":"https:\/\/www.episcopalchurch.org\/es\/wp-json\/wp\/v2\/types\/page"}],"author":[{"embeddable":true,"href":"https:\/\/www.episcopalchurch.org\/es\/wp-json\/wp\/v2\/users\/444"}],"replies":[{"embeddable":true,"href":"https:\/\/www.episcopalchurch.org\/es\/wp-json\/wp\/v2\/comments?post=177280"}],"version-history":[{"count":0,"href":"https:\/\/www.episcopalchurch.org\/es\/wp-json\/wp\/v2\/pages\/177280\/revisions"}],"up":[{"embeddable":true,"href":"https:\/\/www.episcopalchurch.org\/es\/wp-json\/wp\/v2\/pages\/177277"}],"wp:featuredmedia":[{"embeddable":true,"href":"https:\/\/www.episcopalchurch.org\/es\/wp-json\/wp\/v2\/media\/2143"}],"wp:attachment":[{"href":"https:\/\/www.episcopalchurch.org\/es\/wp-json\/wp\/v2\/media?parent=177280"}],"curies":[{"name":"wp","href":"https:\/\/api.w.org\/{rel}","templated":true}]}}