{"id":177283,"date":"2020-06-29T09:33:33","date_gmt":"2020-06-29T13:33:33","guid":{"rendered":"https:\/\/www2.episcopalchurch.org\/quienes-somos\/gobierno-de-la-iglesia\/house-of-bishops\/"},"modified":"2020-08-03T10:35:50","modified_gmt":"2020-08-03T14:35:50","slug":"camara-de-los-obispos","status":"publish","type":"page","link":"https:\/\/www.episcopalchurch.org\/es\/quienes-somos\/gobierno-de-la-iglesia\/camara-de-los-obispos\/","title":{"rendered":"C\u00e1mara de los Obispos"},"content":{"rendered":"    <div\n      class=\"wp-block-episcopal-hero-banner alignfull\"\n            style=\"background-image: url(https:\/\/www.episcopalchurch.org\/wp-content\/uploads\/2020\/06\/governance_nav.jpg)\"\n          >\n      <div\n        class=\"hero-banner\"\n      >\n        <div class=\"hero-banner-wrapper\">\n          <h1 class=\"episcopal-hero-title\">\n                          Gobierno de la iglesia                      <\/h1>\n          \n                  <\/div>\n      <\/div>\n    <\/div>\n\n  \n\n\n<h2 class=\"wp-block-heading\">C\u00e1mara de los Obispos<\/h2>\n\n\n\n<div class=\"wp-block-image\"><figure class=\"alignleft size-large\"><img loading=\"lazy\" decoding=\"async\" width=\"390\" height=\"236\" src=\"https:\/\/www.episcopalchurch.org\/wp-content\/uploads\/2020\/06\/elo_hob_0925session1_md.jpg\" alt=\"\" class=\"wp-image-132544\" srcset=\"https:\/\/www.episcopalchurch.org\/wp-content\/uploads\/2020\/06\/elo_hob_0925session1_md.jpg 390w, https:\/\/www.episcopalchurch.org\/wp-content\/uploads\/2020\/06\/elo_hob_0925session1_md-300x182.jpg 300w, https:\/\/www.episcopalchurch.org\/wp-content\/uploads\/2020\/06\/elo_hob_0925session1_md-330x200.jpg 330w\" sizes=\"auto, (max-width: 390px) 100vw, 390px\" \/><\/figure><\/div>\n\n\n\n<p>Todos los obispos de la Iglesia Episcopal, en activo o retirados, conforman la C\u00e1mara de los Obispos. La C\u00e1mara de los Obispos tiene cerca de 300 miembros activos y abarca la mitad del \u00f3rgano de gobierno de la Iglesia Episcopal. Al igual que el \u00f3rgano de gobierno de Estados Unidos, el \u00f3rgano de gobierno de la Iglesia Episcopal (llamada \u201cla Convenci\u00f3n General\u201d) se compone de dos C\u00e1maras: la C\u00e1mara de los Obispos y la C\u00e1mara de los Diputados. Se re\u00fanen y act\u00faan por separado, y las dos C\u00e1maras deben estar de acuerdo para adoptar la legislaci\u00f3n. La Convenci\u00f3n General se re\u00fane cada tres a\u00f1os, y la C\u00e1mara de los Obispos se re\u00fane dos veces al a\u00f1o entre las convenciones con car\u00e1cter no legislativo. El Obispo Presidente es el presidente de la C\u00e1mara de los Obispos.<\/p>\n\n\n\n<p>\u201cUn obispo en la santa Iglesia de Dios est\u00e1 llamado a ser uno con los ap\u00f3stoles en la proclamaci\u00f3n de la resurrecci\u00f3n de Cristo y de la interpretaci\u00f3n del Evangelio, y a testificar la soberan\u00eda de Cristo como Se\u00f1or de se\u00f1ores y Rey de reyes. Est\u00e1s llamado a velar por la fe, unidad y disciplina de la Iglesia, a celebrar y proveer para la administraci\u00f3n de los sacramentos del Nuevo Pacto, a ordenar presb\u00edteros y di\u00e1conos, y a unirte en la ordenaci\u00f3n de obispos, y a ser, en todo, &nbsp;un pastor fiel y un ejemplo saludable para todo el reba\u00f1o de Cristo. Con tus hermanos obispos compartir\u00e1s la direcci\u00f3n de la Iglesia en todo el mundo. Tu herencia es la fe de los patriarcas, profetas, ap\u00f3stoles y m\u00e1rtires, y los de todas las generaciones que han buscado a Dios con esperanza. Tu gozo ser\u00e1 seguir a aquel que vino, no para ser servido, sino a servir y a dar su vida en rescate por muchos\u201d&nbsp;(Libro de Oraci\u00f3n Com\u00fan, p. 419).<\/p>\n\n\n\n<p><\/p>\n","protected":false},"excerpt":{"rendered":"<p>C\u00e1mara de los Obispos Todos los obispos de la Iglesia Episcopal, en activo o retirados, conforman la C\u00e1mara de los Obispos. La C\u00e1mara de los Obispos tiene cerca de 300 miembros activos y abarca la mitad del \u00f3rgano de gobierno de la Iglesia Episcopal. Al igual que el \u00f3rgano de gobierno de Estados Unidos, el [&hellip;]<\/p>\n","protected":false},"author":444,"featured_media":2143,"parent":177277,"menu_order":0,"comment_status":"closed","ping_status":"closed","template":"","meta":{"_acf_changed":false,"_uag_custom_page_level_css":"","_kad_blocks_custom_css":"","_kad_blocks_head_custom_js":"","_kad_blocks_body_custom_js":"","_kad_blocks_footer_custom_js":"","_kadence_starter_templates_imported_post":false,"footnotes":"","_links_to":"","_links_to_target":""},"class_list":["post-177283","page","type-page","status-publish","has-post-thumbnail","hentry"],"acf":[],"yoast_head":"<!-- This site is optimized with the Yoast SEO Premium plugin v24.6 (Yoast SEO v26.3) - https:\/\/yoast.com\/wordpress\/plugins\/seo\/ -->\n<title>C\u00e1mara de los Obispos &#8211; The Episcopal Church<\/title>\n<meta name=\"robots\" content=\"index, follow, max-snippet:-1, max-image-preview:large, max-video-preview:-1\" \/>\n<link rel=\"canonical\" href=\"https:\/\/www.episcopalchurch.org\/es\/quienes-somos\/gobierno-de-la-iglesia\/camara-de-los-obispos\/\" \/>\n<meta property=\"og:locale\" content=\"es_ES\" \/>\n<meta property=\"og:type\" content=\"article\" \/>\n<meta property=\"og:title\" content=\"C\u00e1mara de los Obispos\" \/>\n<meta property=\"og:description\" content=\"C\u00e1mara de los Obispos Todos los obispos de la Iglesia Episcopal, en activo o retirados, conforman la C\u00e1mara de los Obispos. La C\u00e1mara de los Obispos tiene cerca de 300 miembros activos y abarca la mitad del \u00f3rgano de gobierno de la Iglesia Episcopal. Al igual que el \u00f3rgano de gobierno de Estados Unidos, el [&hellip;]\" \/>\n<meta property=\"og:url\" content=\"https:\/\/www.episcopalchurch.org\/es\/quienes-somos\/gobierno-de-la-iglesia\/camara-de-los-obispos\/\" \/>\n<meta property=\"og:site_name\" content=\"The Episcopal Church\" \/>\n<meta property=\"article:publisher\" content=\"https:\/\/www.facebook.com\/episcopalian\" \/>\n<meta property=\"article:modified_time\" content=\"2020-08-03T14:35:50+00:00\" \/>\n<meta property=\"og:image\" content=\"https:\/\/www.episcopalchurch.org\/wp-content\/uploads\/2019\/10\/episcopalchurch-flag-e1705084950891.jpg\" \/>\n\t<meta property=\"og:image:width\" content=\"1200\" \/>\n\t<meta property=\"og:image:height\" content=\"627\" \/>\n\t<meta property=\"og:image:type\" content=\"image\/jpeg\" \/>\n<meta name=\"twitter:card\" content=\"summary_large_image\" \/>\n<meta name=\"twitter:site\" content=\"@iamepiscopalian\" \/>\n<meta name=\"twitter:label1\" content=\"Est. reading time\" \/>\n\t<meta name=\"twitter:data1\" content=\"2 minutes\" \/>\n<script type=\"application\/ld+json\" class=\"yoast-schema-graph\">{\"@context\":\"https:\/\/schema.org\",\"@graph\":[{\"@type\":\"WebPage\",\"@id\":\"https:\/\/www.episcopalchurch.org\/es\/quienes-somos\/gobierno-de-la-iglesia\/camara-de-los-obispos\/\",\"url\":\"https:\/\/www.episcopalchurch.org\/es\/quienes-somos\/gobierno-de-la-iglesia\/camara-de-los-obispos\/\",\"name\":\"C\u00e1mara de los Obispos &#8211; The Episcopal Church\",\"isPartOf\":{\"@id\":\"https:\/\/www.episcopalchurch.org\/#website\"},\"primaryImageOfPage\":{\"@id\":\"https:\/\/www.episcopalchurch.org\/es\/quienes-somos\/gobierno-de-la-iglesia\/camara-de-los-obispos\/#primaryimage\"},\"image\":{\"@id\":\"https:\/\/www.episcopalchurch.org\/es\/quienes-somos\/gobierno-de-la-iglesia\/camara-de-los-obispos\/#primaryimage\"},\"thumbnailUrl\":\"https:\/\/www.episcopalchurch.org\/wp-content\/uploads\/2019\/10\/episcopalchurch-flag-e1705084950891.jpg\",\"datePublished\":\"2020-06-29T13:33:33+00:00\",\"dateModified\":\"2020-08-03T14:35:50+00:00\",\"breadcrumb\":{\"@id\":\"https:\/\/www.episcopalchurch.org\/es\/quienes-somos\/gobierno-de-la-iglesia\/camara-de-los-obispos\/#breadcrumb\"},\"inLanguage\":\"es-ES\",\"potentialAction\":[{\"@type\":\"ReadAction\",\"target\":[\"https:\/\/www.episcopalchurch.org\/es\/quienes-somos\/gobierno-de-la-iglesia\/camara-de-los-obispos\/\"]}]},{\"@type\":\"ImageObject\",\"inLanguage\":\"es-ES\",\"@id\":\"https:\/\/www.episcopalchurch.org\/es\/quienes-somos\/gobierno-de-la-iglesia\/camara-de-los-obispos\/#primaryimage\",\"url\":\"https:\/\/www.episcopalchurch.org\/wp-content\/uploads\/2019\/10\/episcopalchurch-flag-e1705084950891.jpg\",\"contentUrl\":\"https:\/\/www.episcopalchurch.org\/wp-content\/uploads\/2019\/10\/episcopalchurch-flag-e1705084950891.jpg\",\"width\":1200,\"height\":627,\"caption\":\"Nominee A\"},{\"@type\":\"BreadcrumbList\",\"@id\":\"https:\/\/www.episcopalchurch.org\/es\/quienes-somos\/gobierno-de-la-iglesia\/camara-de-los-obispos\/#breadcrumb\",\"itemListElement\":[{\"@type\":\"ListItem\",\"position\":1,\"name\":\"Home\",\"item\":\"https:\/\/www.episcopalchurch.org\/\"},{\"@type\":\"ListItem\",\"position\":2,\"name\":\"Qui\u00e9nes Somos\",\"item\":\"https:\/\/www.episcopalchurch.org\/es\/quienes-somos\/\"},{\"@type\":\"ListItem\",\"position\":3,\"name\":\"Gobierno de la iglesia\",\"item\":\"https:\/\/www.episcopalchurch.org\/es\/quienes-somos\/gobierno-de-la-iglesia\/\"},{\"@type\":\"ListItem\",\"position\":4,\"name\":\"C\u00e1mara de los Obispos\"}]},{\"@type\":\"WebSite\",\"@id\":\"https:\/\/www.episcopalchurch.org\/#website\",\"url\":\"https:\/\/www.episcopalchurch.org\/\",\"name\":\"The Episcopal Church\",\"description\":\"Welcomes You\",\"publisher\":{\"@id\":\"https:\/\/www.episcopalchurch.org\/#organization\"},\"potentialAction\":[{\"@type\":\"SearchAction\",\"target\":{\"@type\":\"EntryPoint\",\"urlTemplate\":\"https:\/\/www.episcopalchurch.org\/?s={search_term_string}\"},\"query-input\":{\"@type\":\"PropertyValueSpecification\",\"valueRequired\":true,\"valueName\":\"search_term_string\"}}],\"inLanguage\":\"es-ES\"},{\"@type\":\"Organization\",\"@id\":\"https:\/\/www.episcopalchurch.org\/#organization\",\"name\":\"The Episcopal Church\",\"url\":\"https:\/\/www.episcopalchurch.org\/\",\"logo\":{\"@type\":\"ImageObject\",\"inLanguage\":\"es-ES\",\"@id\":\"https:\/\/www.episcopalchurch.org\/#\/schema\/logo\/image\/\",\"url\":\"https:\/\/www.episcopalchurch.org\/wp-content\/uploads\/2021\/01\/vertical_episcopal_logo.jpg\",\"contentUrl\":\"https:\/\/www.episcopalchurch.org\/wp-content\/uploads\/2021\/01\/vertical_episcopal_logo.jpg\",\"width\":770,\"height\":662,\"caption\":\"The Episcopal Church\"},\"image\":{\"@id\":\"https:\/\/www.episcopalchurch.org\/#\/schema\/logo\/image\/\"},\"sameAs\":[\"https:\/\/www.facebook.com\/episcopalian\",\"https:\/\/x.com\/iamepiscopalian\",\"https:\/\/www.youtube.com\/channel\/UCdVJpxCtK41c_-p6EaE4_2A\"]}]}<\/script>\n<!-- \/ Yoast SEO Premium plugin. -->","yoast_head_json":{"title":"C\u00e1mara de los Obispos &#8211; The Episcopal Church","robots":{"index":"index","follow":"follow","max-snippet":"max-snippet:-1","max-image-preview":"max-image-preview:large","max-video-preview":"max-video-preview:-1"},"canonical":"https:\/\/www.episcopalchurch.org\/es\/quienes-somos\/gobierno-de-la-iglesia\/camara-de-los-obispos\/","og_locale":"es_ES","og_type":"article","og_title":"C\u00e1mara de los Obispos","og_description":"C\u00e1mara de los Obispos Todos los obispos de la Iglesia Episcopal, en activo o retirados, conforman la C\u00e1mara de los Obispos. La C\u00e1mara de los Obispos tiene cerca de 300 miembros activos y abarca la mitad del \u00f3rgano de gobierno de la Iglesia Episcopal. Al igual que el \u00f3rgano de gobierno de Estados Unidos, el [&hellip;]","og_url":"https:\/\/www.episcopalchurch.org\/es\/quienes-somos\/gobierno-de-la-iglesia\/camara-de-los-obispos\/","og_site_name":"The Episcopal Church","article_publisher":"https:\/\/www.facebook.com\/episcopalian","article_modified_time":"2020-08-03T14:35:50+00:00","og_image":[{"width":1200,"height":627,"url":"https:\/\/www.episcopalchurch.org\/wp-content\/uploads\/2019\/10\/episcopalchurch-flag-e1705084950891.jpg","type":"image\/jpeg"}],"twitter_card":"summary_large_image","twitter_site":"@iamepiscopalian","twitter_misc":{"Est. reading time":"2 minutes"},"schema":{"@context":"https:\/\/schema.org","@graph":[{"@type":"WebPage","@id":"https:\/\/www.episcopalchurch.org\/es\/quienes-somos\/gobierno-de-la-iglesia\/camara-de-los-obispos\/","url":"https:\/\/www.episcopalchurch.org\/es\/quienes-somos\/gobierno-de-la-iglesia\/camara-de-los-obispos\/","name":"C\u00e1mara de los Obispos &#8211; The Episcopal Church","isPartOf":{"@id":"https:\/\/www.episcopalchurch.org\/#website"},"primaryImageOfPage":{"@id":"https:\/\/www.episcopalchurch.org\/es\/quienes-somos\/gobierno-de-la-iglesia\/camara-de-los-obispos\/#primaryimage"},"image":{"@id":"https:\/\/www.episcopalchurch.org\/es\/quienes-somos\/gobierno-de-la-iglesia\/camara-de-los-obispos\/#primaryimage"},"thumbnailUrl":"https:\/\/www.episcopalchurch.org\/wp-content\/uploads\/2019\/10\/episcopalchurch-flag-e1705084950891.jpg","datePublished":"2020-06-29T13:33:33+00:00","dateModified":"2020-08-03T14:35:50+00:00","breadcrumb":{"@id":"https:\/\/www.episcopalchurch.org\/es\/quienes-somos\/gobierno-de-la-iglesia\/camara-de-los-obispos\/#breadcrumb"},"inLanguage":"es-ES","potentialAction":[{"@type":"ReadAction","target":["https:\/\/www.episcopalchurch.org\/es\/quienes-somos\/gobierno-de-la-iglesia\/camara-de-los-obispos\/"]}]},{"@type":"ImageObject","inLanguage":"es-ES","@id":"https:\/\/www.episcopalchurch.org\/es\/quienes-somos\/gobierno-de-la-iglesia\/camara-de-los-obispos\/#primaryimage","url":"https:\/\/www.episcopalchurch.org\/wp-content\/uploads\/2019\/10\/episcopalchurch-flag-e1705084950891.jpg","contentUrl":"https:\/\/www.episcopalchurch.org\/wp-content\/uploads\/2019\/10\/episcopalchurch-flag-e1705084950891.jpg","width":1200,"height":627,"caption":"Nominee A"},{"@type":"BreadcrumbList","@id":"https:\/\/www.episcopalchurch.org\/es\/quienes-somos\/gobierno-de-la-iglesia\/camara-de-los-obispos\/#breadcrumb","itemListElement":[{"@type":"ListItem","position":1,"name":"Home","item":"https:\/\/www.episcopalchurch.org\/"},{"@type":"ListItem","position":2,"name":"Qui\u00e9nes Somos","item":"https:\/\/www.episcopalchurch.org\/es\/quienes-somos\/"},{"@type":"ListItem","position":3,"name":"Gobierno de la iglesia","item":"https:\/\/www.episcopalchurch.org\/es\/quienes-somos\/gobierno-de-la-iglesia\/"},{"@type":"ListItem","position":4,"name":"C\u00e1mara de los Obispos"}]},{"@type":"WebSite","@id":"https:\/\/www.episcopalchurch.org\/#website","url":"https:\/\/www.episcopalchurch.org\/","name":"The Episcopal Church","description":"Welcomes You","publisher":{"@id":"https:\/\/www.episcopalchurch.org\/#organization"},"potentialAction":[{"@type":"SearchAction","target":{"@type":"EntryPoint","urlTemplate":"https:\/\/www.episcopalchurch.org\/?s={search_term_string}"},"query-input":{"@type":"PropertyValueSpecification","valueRequired":true,"valueName":"search_term_string"}}],"inLanguage":"es-ES"},{"@type":"Organization","@id":"https:\/\/www.episcopalchurch.org\/#organization","name":"The Episcopal Church","url":"https:\/\/www.episcopalchurch.org\/","logo":{"@type":"ImageObject","inLanguage":"es-ES","@id":"https:\/\/www.episcopalchurch.org\/#\/schema\/logo\/image\/","url":"https:\/\/www.episcopalchurch.org\/wp-content\/uploads\/2021\/01\/vertical_episcopal_logo.jpg","contentUrl":"https:\/\/www.episcopalchurch.org\/wp-content\/uploads\/2021\/01\/vertical_episcopal_logo.jpg","width":770,"height":662,"caption":"The Episcopal Church"},"image":{"@id":"https:\/\/www.episcopalchurch.org\/#\/schema\/logo\/image\/"},"sameAs":["https:\/\/www.facebook.com\/episcopalian","https:\/\/x.com\/iamepiscopalian","https:\/\/www.youtube.com\/channel\/UCdVJpxCtK41c_-p6EaE4_2A"]}]}},"taxonomy_info":[],"featured_image_src_large":["https:\/\/www.episcopalchurch.org\/wp-content\/uploads\/2019\/10\/episcopalchurch-flag-e1705084950891.jpg",1024,535,false],"author_info":{"display_name":"wwedderburn","author_link":"https:\/\/www.episcopalchurch.org\/es\/author\/wwedderburn\/"},"comment_info":"","uagb_featured_image_src":{"full":["https:\/\/www.episcopalchurch.org\/wp-content\/uploads\/2019\/10\/episcopalchurch-flag-e1705084950891.jpg",1200,627,false],"thumbnail":["https:\/\/www.episcopalchurch.org\/wp-content\/uploads\/2019\/10\/episcopalchurch-flag-e1705084950891.jpg",150,78,false],"medium":["https:\/\/www.episcopalchurch.org\/wp-content\/uploads\/2019\/10\/episcopalchurch-flag-e1705084950891.jpg",300,157,false],"medium_large":["https:\/\/www.episcopalchurch.org\/wp-content\/uploads\/2019\/10\/episcopalchurch-flag-e1705084950891.jpg",768,401,false],"large":["https:\/\/www.episcopalchurch.org\/wp-content\/uploads\/2019\/10\/episcopalchurch-flag-e1705084950891.jpg",1024,535,false],"1536x1536":["https:\/\/www.episcopalchurch.org\/wp-content\/uploads\/2019\/10\/episcopalchurch-flag-e1705084950891.jpg",1200,627,false],"2048x2048":["https:\/\/www.episcopalchurch.org\/wp-content\/uploads\/2019\/10\/episcopalchurch-flag-e1705084950891.jpg",1200,627,false],"menu":["https:\/\/www.episcopalchurch.org\/wp-content\/uploads\/2019\/10\/episcopalchurch-flag-e1705084950891.jpg",330,172,false],"hero":["https:\/\/www.episcopalchurch.org\/wp-content\/uploads\/2019\/10\/episcopalchurch-flag-e1705084950891.jpg",1053,550,false],"callout-image":["https:\/\/www.episcopalchurch.org\/wp-content\/uploads\/2019\/10\/episcopalchurch-flag-e1705084950891.jpg",480,251,false]},"uagb_author_info":{"display_name":"wwedderburn","author_link":"https:\/\/www.episcopalchurch.org\/es\/author\/wwedderburn\/"},"uagb_comment_info":0,"uagb_excerpt":"C\u00e1mara de los Obispos Todos los obispos de la Iglesia Episcopal, en activo o retirados, conforman la C\u00e1mara de los Obispos. La C\u00e1mara de los Obispos tiene cerca de 300 miembros activos y abarca la mitad del \u00f3rgano de gobierno de la Iglesia Episcopal. Al igual que el \u00f3rgano de gobierno de Estados Unidos, el&hellip;","_links":{"self":[{"href":"https:\/\/www.episcopalchurch.org\/es\/wp-json\/wp\/v2\/pages\/177283","targetHints":{"allow":["GET"]}}],"collection":[{"href":"https:\/\/www.episcopalchurch.org\/es\/wp-json\/wp\/v2\/pages"}],"about":[{"href":"https:\/\/www.episcopalchurch.org\/es\/wp-json\/wp\/v2\/types\/page"}],"author":[{"embeddable":true,"href":"https:\/\/www.episcopalchurch.org\/es\/wp-json\/wp\/v2\/users\/444"}],"replies":[{"embeddable":true,"href":"https:\/\/www.episcopalchurch.org\/es\/wp-json\/wp\/v2\/comments?post=177283"}],"version-history":[{"count":0,"href":"https:\/\/www.episcopalchurch.org\/es\/wp-json\/wp\/v2\/pages\/177283\/revisions"}],"up":[{"embeddable":true,"href":"https:\/\/www.episcopalchurch.org\/es\/wp-json\/wp\/v2\/pages\/177277"}],"wp:featuredmedia":[{"embeddable":true,"href":"https:\/\/www.episcopalchurch.org\/es\/wp-json\/wp\/v2\/media\/2143"}],"wp:attachment":[{"href":"https:\/\/www.episcopalchurch.org\/es\/wp-json\/wp\/v2\/media?parent=177283"}],"curies":[{"name":"wp","href":"https:\/\/api.w.org\/{rel}","templated":true}]}}