{"id":177342,"date":"2020-06-29T19:56:50","date_gmt":"2020-06-29T23:56:50","guid":{"rendered":"https:\/\/www2.episcopalchurch.org\/quienes-somos\/mens-ministries\/"},"modified":"2021-03-11T11:49:20","modified_gmt":"2021-03-11T16:49:20","slug":"hombres-en-la-iglesia","status":"publish","type":"page","link":"https:\/\/www.episcopalchurch.org\/es\/quienes-somos\/hombres-en-la-iglesia\/","title":{"rendered":"Hombres en la Iglesia"},"content":{"rendered":"    <div\n      class=\"wp-block-episcopal-hero-banner alignfull\"\n            style=\"background-image: url(https:\/\/www.episcopalchurch.org\/wp-content\/uploads\/2019\/10\/who_we_are_hero.jpg)\"\n          >\n      <div\n        class=\"hero-banner\"\n      >\n        <div class=\"hero-banner-wrapper\">\n          <h1 class=\"episcopal-hero-title\">\n                          Hombres en la Iglesia                      <\/h1>\n                      <div class=\"episcopal-hero-description\">\n              Qui\u00e9nes Somos            <\/div>\n          \n                  <\/div>\n      <\/div>\n    <\/div>\n\n  \n\n\n<h1 class=\"wp-block-heading\" id=\"page-title\">Hombres en la Iglesia<\/h1>\n\n\n\n<p>Los hombres, adem\u00e1s de compartir roles activos en el mantenimiento y operaci\u00f3n de la iglesia, est\u00e1n buscando maneras de desarrollar una relaci\u00f3n m\u00e1s profunda con Jesucristo, para hacerse m\u00e1s como Cristo, para convertirse en disc\u00edpulos.<\/p>\n\n\n\n<figure class=\"wp-block-embed-youtube wp-block-embed is-type-rich is-provider-embed-handler wp-embed-aspect-16-9 wp-has-aspect-ratio\"><div class=\"wp-block-embed__wrapper\">\n<div class=\"embed-container\"><iframe loading=\"lazy\" title=\"Ken Blanchard: Lead Like Jesus\" width=\"500\" height=\"281\" src=\"https:\/\/www.youtube.com\/embed\/nGPg7o6JeQo?feature=oembed\" frameborder=\"0\" allow=\"accelerometer; autoplay; clipboard-write; encrypted-media; gyroscope; picture-in-picture; web-share\" referrerpolicy=\"strict-origin-when-cross-origin\" allowfullscreen><\/iframe><\/div>\n<\/div><\/figure>\n\n\n\n<p><a href=\"https:\/\/brothersandrew.net\/\" target=\"_blank\" rel=\"noreferrer noopener\"><strong>The Brotherhood of Saint Andrew<\/strong><\/a>&nbsp;is an international ministry to men and boys in the Anglican \/ Episcopal Church. The Brotherhood was founded in 1883, and was incorporated in 1908 by an Act of Congress, signed by President Theodore Roosevelt. The Boy Scouts of America, and the Brotherhood are the only two organizations incorporated by an act of Congress. The incorporation of the Brotherhood reads: \u201cThe sole purpose of the Brotherhood is the spread of Christ\u2019s Kingdom.\u201d The mission of the Brotherhood is to bring men and boys into the deepest possible relationship with Our Lord Jesus Christ by following the rules of prayer, study, and service.&nbsp;<\/p>\n\n\n\n<p><strong>Veteran Friendly Congregations supports returning servicemen<\/strong><br>The Brotherhood of St. Andrew is drawing on its rich history of supporting servicemen and women by leading the creation of Veteran Friendly Congregations.<\/p>\n\n\n\n<p><strong>RELATED CONTENT<\/strong>:&nbsp;<\/p>\n\n\n\n<p>Support for Men&#8217;s Ministry: D045<\/p>\n\n\n\n<p><strong>USEFUL LINKS<\/strong>:&nbsp;<\/p>\n\n\n\n<p><a href=\"https:\/\/brothersandrew.net\/\" target=\"_blank\" rel=\"noreferrer noopener\">The Brotherhood of Saint Andrew<\/a><br><a href=\"https:\/\/ncmm.org\/\" target=\"_blank\" rel=\"noreferrer noopener\">National Coalition of Ministries to Men<\/a><br><a href=\"https:\/\/maninthemirror.org\/\" target=\"_blank\" rel=\"noreferrer noopener\">Man in the Mirror<\/a><br><a href=\"https:\/\/men.azdiocese.org\/\" target=\"_blank\" rel=\"noreferrer noopener\">Mens Ministry in the Diocese of Arizona<\/a><br><a href=\"https:\/\/www.lutheranmeninmission.org\/\" target=\"_blank\" rel=\"noreferrer noopener\">Lutheran Men in Mission<\/a><br><a href=\"http:\/\/www.gcumm.org\/\" target=\"_blank\" rel=\"noreferrer noopener\">United Methodist Men<\/a><br><a href=\"http:\/\/s3.amazonaws.com\/dfc_attachments\/public\/documents\/3205879\/Sermon-Keplinger-2015-04-05-10am.pdf\" target=\"_blank\" rel=\"noreferrer noopener\">Resurrection Happens, Even for Men<\/a><br>The Brotherhood of Saint Andrew: Video<\/p>\n","protected":false},"excerpt":{"rendered":"<p>Hombres en la Iglesia Los hombres, adem\u00e1s de compartir roles activos en el mantenimiento y operaci\u00f3n de la iglesia, est\u00e1n buscando maneras de desarrollar una relaci\u00f3n m\u00e1s profunda con Jesucristo, para hacerse m\u00e1s como Cristo, para convertirse en disc\u00edpulos. The Brotherhood of Saint Andrew&nbsp;is an international ministry to men and boys in the Anglican \/ [&hellip;]<\/p>\n","protected":false},"author":444,"featured_media":130919,"parent":177021,"menu_order":0,"comment_status":"closed","ping_status":"closed","template":"","meta":{"_acf_changed":false,"_uag_custom_page_level_css":"","_kad_blocks_custom_css":"","_kad_blocks_head_custom_js":"","_kad_blocks_body_custom_js":"","_kad_blocks_footer_custom_js":"","_kadence_starter_templates_imported_post":false,"footnotes":"","_links_to":"","_links_to_target":""},"class_list":["post-177342","page","type-page","status-publish","has-post-thumbnail","hentry"],"acf":[],"yoast_head":"<!-- This site is optimized with the Yoast SEO Premium plugin v24.6 (Yoast SEO v26.3) - https:\/\/yoast.com\/wordpress\/plugins\/seo\/ -->\n<title>Hombres en la Iglesia &#8211; The Episcopal Church<\/title>\n<meta name=\"robots\" content=\"index, follow, max-snippet:-1, max-image-preview:large, max-video-preview:-1\" \/>\n<link rel=\"canonical\" href=\"https:\/\/www.episcopalchurch.org\/es\/quienes-somos\/hombres-en-la-iglesia\/\" \/>\n<meta property=\"og:locale\" content=\"es_ES\" \/>\n<meta property=\"og:type\" content=\"article\" \/>\n<meta property=\"og:title\" content=\"Hombres en la Iglesia\" \/>\n<meta property=\"og:description\" content=\"Hombres en la Iglesia Los hombres, adem\u00e1s de compartir roles activos en el mantenimiento y operaci\u00f3n de la iglesia, est\u00e1n buscando maneras de desarrollar una relaci\u00f3n m\u00e1s profunda con Jesucristo, para hacerse m\u00e1s como Cristo, para convertirse en disc\u00edpulos. The Brotherhood of Saint Andrew&nbsp;is an international ministry to men and boys in the Anglican \/ [&hellip;]\" \/>\n<meta property=\"og:url\" content=\"https:\/\/www.episcopalchurch.org\/es\/quienes-somos\/hombres-en-la-iglesia\/\" \/>\n<meta property=\"og:site_name\" content=\"The Episcopal Church\" \/>\n<meta property=\"article:publisher\" content=\"https:\/\/www.facebook.com\/episcopalian\" \/>\n<meta property=\"article:modified_time\" content=\"2021-03-11T16:49:20+00:00\" \/>\n<meta property=\"og:image\" content=\"https:\/\/www.episcopalchurch.org\/wp-content\/uploads\/2020\/06\/menInTheChurch_nav.jpg\" \/>\n\t<meta property=\"og:image:width\" content=\"960\" \/>\n\t<meta property=\"og:image:height\" content=\"430\" \/>\n\t<meta property=\"og:image:type\" content=\"image\/jpeg\" \/>\n<meta name=\"twitter:card\" content=\"summary_large_image\" \/>\n<meta name=\"twitter:site\" content=\"@iamepiscopalian\" \/>\n<meta name=\"twitter:label1\" content=\"Est. reading time\" \/>\n\t<meta name=\"twitter:data1\" content=\"1 minute\" \/>\n<script type=\"application\/ld+json\" class=\"yoast-schema-graph\">{\"@context\":\"https:\/\/schema.org\",\"@graph\":[{\"@type\":\"WebPage\",\"@id\":\"https:\/\/www.episcopalchurch.org\/es\/quienes-somos\/hombres-en-la-iglesia\/\",\"url\":\"https:\/\/www.episcopalchurch.org\/es\/quienes-somos\/hombres-en-la-iglesia\/\",\"name\":\"Hombres en la Iglesia &#8211; The Episcopal Church\",\"isPartOf\":{\"@id\":\"https:\/\/www.episcopalchurch.org\/#website\"},\"primaryImageOfPage\":{\"@id\":\"https:\/\/www.episcopalchurch.org\/es\/quienes-somos\/hombres-en-la-iglesia\/#primaryimage\"},\"image\":{\"@id\":\"https:\/\/www.episcopalchurch.org\/es\/quienes-somos\/hombres-en-la-iglesia\/#primaryimage\"},\"thumbnailUrl\":\"https:\/\/www.episcopalchurch.org\/wp-content\/uploads\/2020\/06\/menInTheChurch_nav.jpg\",\"datePublished\":\"2020-06-29T23:56:50+00:00\",\"dateModified\":\"2021-03-11T16:49:20+00:00\",\"breadcrumb\":{\"@id\":\"https:\/\/www.episcopalchurch.org\/es\/quienes-somos\/hombres-en-la-iglesia\/#breadcrumb\"},\"inLanguage\":\"es-ES\",\"potentialAction\":[{\"@type\":\"ReadAction\",\"target\":[\"https:\/\/www.episcopalchurch.org\/es\/quienes-somos\/hombres-en-la-iglesia\/\"]}]},{\"@type\":\"ImageObject\",\"inLanguage\":\"es-ES\",\"@id\":\"https:\/\/www.episcopalchurch.org\/es\/quienes-somos\/hombres-en-la-iglesia\/#primaryimage\",\"url\":\"https:\/\/www.episcopalchurch.org\/wp-content\/uploads\/2020\/06\/menInTheChurch_nav.jpg\",\"contentUrl\":\"https:\/\/www.episcopalchurch.org\/wp-content\/uploads\/2020\/06\/menInTheChurch_nav.jpg\",\"width\":960,\"height\":430},{\"@type\":\"BreadcrumbList\",\"@id\":\"https:\/\/www.episcopalchurch.org\/es\/quienes-somos\/hombres-en-la-iglesia\/#breadcrumb\",\"itemListElement\":[{\"@type\":\"ListItem\",\"position\":1,\"name\":\"Home\",\"item\":\"https:\/\/www.episcopalchurch.org\/\"},{\"@type\":\"ListItem\",\"position\":2,\"name\":\"Qui\u00e9nes Somos\",\"item\":\"https:\/\/www.episcopalchurch.org\/es\/quienes-somos\/\"},{\"@type\":\"ListItem\",\"position\":3,\"name\":\"Hombres en la Iglesia\"}]},{\"@type\":\"WebSite\",\"@id\":\"https:\/\/www.episcopalchurch.org\/#website\",\"url\":\"https:\/\/www.episcopalchurch.org\/\",\"name\":\"The Episcopal Church\",\"description\":\"Welcomes You\",\"publisher\":{\"@id\":\"https:\/\/www.episcopalchurch.org\/#organization\"},\"potentialAction\":[{\"@type\":\"SearchAction\",\"target\":{\"@type\":\"EntryPoint\",\"urlTemplate\":\"https:\/\/www.episcopalchurch.org\/?s={search_term_string}\"},\"query-input\":{\"@type\":\"PropertyValueSpecification\",\"valueRequired\":true,\"valueName\":\"search_term_string\"}}],\"inLanguage\":\"es-ES\"},{\"@type\":\"Organization\",\"@id\":\"https:\/\/www.episcopalchurch.org\/#organization\",\"name\":\"The Episcopal Church\",\"url\":\"https:\/\/www.episcopalchurch.org\/\",\"logo\":{\"@type\":\"ImageObject\",\"inLanguage\":\"es-ES\",\"@id\":\"https:\/\/www.episcopalchurch.org\/#\/schema\/logo\/image\/\",\"url\":\"https:\/\/www.episcopalchurch.org\/wp-content\/uploads\/2021\/01\/vertical_episcopal_logo.jpg\",\"contentUrl\":\"https:\/\/www.episcopalchurch.org\/wp-content\/uploads\/2021\/01\/vertical_episcopal_logo.jpg\",\"width\":770,\"height\":662,\"caption\":\"The Episcopal Church\"},\"image\":{\"@id\":\"https:\/\/www.episcopalchurch.org\/#\/schema\/logo\/image\/\"},\"sameAs\":[\"https:\/\/www.facebook.com\/episcopalian\",\"https:\/\/x.com\/iamepiscopalian\",\"https:\/\/www.youtube.com\/channel\/UCdVJpxCtK41c_-p6EaE4_2A\"]}]}<\/script>\n<!-- \/ Yoast SEO Premium plugin. -->","yoast_head_json":{"title":"Hombres en la Iglesia &#8211; The Episcopal Church","robots":{"index":"index","follow":"follow","max-snippet":"max-snippet:-1","max-image-preview":"max-image-preview:large","max-video-preview":"max-video-preview:-1"},"canonical":"https:\/\/www.episcopalchurch.org\/es\/quienes-somos\/hombres-en-la-iglesia\/","og_locale":"es_ES","og_type":"article","og_title":"Hombres en la Iglesia","og_description":"Hombres en la Iglesia Los hombres, adem\u00e1s de compartir roles activos en el mantenimiento y operaci\u00f3n de la iglesia, est\u00e1n buscando maneras de desarrollar una relaci\u00f3n m\u00e1s profunda con Jesucristo, para hacerse m\u00e1s como Cristo, para convertirse en disc\u00edpulos. The Brotherhood of Saint Andrew&nbsp;is an international ministry to men and boys in the Anglican \/ [&hellip;]","og_url":"https:\/\/www.episcopalchurch.org\/es\/quienes-somos\/hombres-en-la-iglesia\/","og_site_name":"The Episcopal Church","article_publisher":"https:\/\/www.facebook.com\/episcopalian","article_modified_time":"2021-03-11T16:49:20+00:00","og_image":[{"width":960,"height":430,"url":"https:\/\/www.episcopalchurch.org\/wp-content\/uploads\/2020\/06\/menInTheChurch_nav.jpg","type":"image\/jpeg"}],"twitter_card":"summary_large_image","twitter_site":"@iamepiscopalian","twitter_misc":{"Est. reading time":"1 minute"},"schema":{"@context":"https:\/\/schema.org","@graph":[{"@type":"WebPage","@id":"https:\/\/www.episcopalchurch.org\/es\/quienes-somos\/hombres-en-la-iglesia\/","url":"https:\/\/www.episcopalchurch.org\/es\/quienes-somos\/hombres-en-la-iglesia\/","name":"Hombres en la Iglesia &#8211; The Episcopal Church","isPartOf":{"@id":"https:\/\/www.episcopalchurch.org\/#website"},"primaryImageOfPage":{"@id":"https:\/\/www.episcopalchurch.org\/es\/quienes-somos\/hombres-en-la-iglesia\/#primaryimage"},"image":{"@id":"https:\/\/www.episcopalchurch.org\/es\/quienes-somos\/hombres-en-la-iglesia\/#primaryimage"},"thumbnailUrl":"https:\/\/www.episcopalchurch.org\/wp-content\/uploads\/2020\/06\/menInTheChurch_nav.jpg","datePublished":"2020-06-29T23:56:50+00:00","dateModified":"2021-03-11T16:49:20+00:00","breadcrumb":{"@id":"https:\/\/www.episcopalchurch.org\/es\/quienes-somos\/hombres-en-la-iglesia\/#breadcrumb"},"inLanguage":"es-ES","potentialAction":[{"@type":"ReadAction","target":["https:\/\/www.episcopalchurch.org\/es\/quienes-somos\/hombres-en-la-iglesia\/"]}]},{"@type":"ImageObject","inLanguage":"es-ES","@id":"https:\/\/www.episcopalchurch.org\/es\/quienes-somos\/hombres-en-la-iglesia\/#primaryimage","url":"https:\/\/www.episcopalchurch.org\/wp-content\/uploads\/2020\/06\/menInTheChurch_nav.jpg","contentUrl":"https:\/\/www.episcopalchurch.org\/wp-content\/uploads\/2020\/06\/menInTheChurch_nav.jpg","width":960,"height":430},{"@type":"BreadcrumbList","@id":"https:\/\/www.episcopalchurch.org\/es\/quienes-somos\/hombres-en-la-iglesia\/#breadcrumb","itemListElement":[{"@type":"ListItem","position":1,"name":"Home","item":"https:\/\/www.episcopalchurch.org\/"},{"@type":"ListItem","position":2,"name":"Qui\u00e9nes Somos","item":"https:\/\/www.episcopalchurch.org\/es\/quienes-somos\/"},{"@type":"ListItem","position":3,"name":"Hombres en la Iglesia"}]},{"@type":"WebSite","@id":"https:\/\/www.episcopalchurch.org\/#website","url":"https:\/\/www.episcopalchurch.org\/","name":"The Episcopal Church","description":"Welcomes You","publisher":{"@id":"https:\/\/www.episcopalchurch.org\/#organization"},"potentialAction":[{"@type":"SearchAction","target":{"@type":"EntryPoint","urlTemplate":"https:\/\/www.episcopalchurch.org\/?s={search_term_string}"},"query-input":{"@type":"PropertyValueSpecification","valueRequired":true,"valueName":"search_term_string"}}],"inLanguage":"es-ES"},{"@type":"Organization","@id":"https:\/\/www.episcopalchurch.org\/#organization","name":"The Episcopal Church","url":"https:\/\/www.episcopalchurch.org\/","logo":{"@type":"ImageObject","inLanguage":"es-ES","@id":"https:\/\/www.episcopalchurch.org\/#\/schema\/logo\/image\/","url":"https:\/\/www.episcopalchurch.org\/wp-content\/uploads\/2021\/01\/vertical_episcopal_logo.jpg","contentUrl":"https:\/\/www.episcopalchurch.org\/wp-content\/uploads\/2021\/01\/vertical_episcopal_logo.jpg","width":770,"height":662,"caption":"The Episcopal Church"},"image":{"@id":"https:\/\/www.episcopalchurch.org\/#\/schema\/logo\/image\/"},"sameAs":["https:\/\/www.facebook.com\/episcopalian","https:\/\/x.com\/iamepiscopalian","https:\/\/www.youtube.com\/channel\/UCdVJpxCtK41c_-p6EaE4_2A"]}]}},"taxonomy_info":[],"featured_image_src_large":["https:\/\/www.episcopalchurch.org\/wp-content\/uploads\/2020\/06\/menInTheChurch_nav.jpg",960,430,false],"author_info":{"display_name":"wwedderburn","author_link":"https:\/\/www.episcopalchurch.org\/es\/author\/wwedderburn\/"},"comment_info":"","uagb_featured_image_src":{"full":["https:\/\/www.episcopalchurch.org\/wp-content\/uploads\/2020\/06\/menInTheChurch_nav.jpg",960,430,false],"thumbnail":["https:\/\/www.episcopalchurch.org\/wp-content\/uploads\/2020\/06\/menInTheChurch_nav-150x150.jpg",150,150,true],"medium":["https:\/\/www.episcopalchurch.org\/wp-content\/uploads\/2020\/06\/menInTheChurch_nav-300x134.jpg",300,134,true],"medium_large":["https:\/\/www.episcopalchurch.org\/wp-content\/uploads\/2020\/06\/menInTheChurch_nav-768x344.jpg",768,344,true],"large":["https:\/\/www.episcopalchurch.org\/wp-content\/uploads\/2020\/06\/menInTheChurch_nav.jpg",960,430,false],"1536x1536":["https:\/\/www.episcopalchurch.org\/wp-content\/uploads\/2020\/06\/menInTheChurch_nav.jpg",960,430,false],"2048x2048":["https:\/\/www.episcopalchurch.org\/wp-content\/uploads\/2020\/06\/menInTheChurch_nav.jpg",960,430,false],"menu":["https:\/\/www.episcopalchurch.org\/wp-content\/uploads\/2020\/06\/menInTheChurch_nav-330x200.jpg",330,200,true],"hero":["https:\/\/www.episcopalchurch.org\/wp-content\/uploads\/2020\/06\/menInTheChurch_nav.jpg",960,430,false],"callout-image":["https:\/\/www.episcopalchurch.org\/wp-content\/uploads\/2020\/06\/menInTheChurch_nav-480x215.jpg",480,215,true]},"uagb_author_info":{"display_name":"wwedderburn","author_link":"https:\/\/www.episcopalchurch.org\/es\/author\/wwedderburn\/"},"uagb_comment_info":0,"uagb_excerpt":"Hombres en la Iglesia Los hombres, adem\u00e1s de compartir roles activos en el mantenimiento y operaci\u00f3n de la iglesia, est\u00e1n buscando maneras de desarrollar una relaci\u00f3n m\u00e1s profunda con Jesucristo, para hacerse m\u00e1s como Cristo, para convertirse en disc\u00edpulos. The Brotherhood of Saint Andrew&nbsp;is an international ministry to men and boys in the Anglican \/&hellip;","_links":{"self":[{"href":"https:\/\/www.episcopalchurch.org\/es\/wp-json\/wp\/v2\/pages\/177342","targetHints":{"allow":["GET"]}}],"collection":[{"href":"https:\/\/www.episcopalchurch.org\/es\/wp-json\/wp\/v2\/pages"}],"about":[{"href":"https:\/\/www.episcopalchurch.org\/es\/wp-json\/wp\/v2\/types\/page"}],"author":[{"embeddable":true,"href":"https:\/\/www.episcopalchurch.org\/es\/wp-json\/wp\/v2\/users\/444"}],"replies":[{"embeddable":true,"href":"https:\/\/www.episcopalchurch.org\/es\/wp-json\/wp\/v2\/comments?post=177342"}],"version-history":[{"count":0,"href":"https:\/\/www.episcopalchurch.org\/es\/wp-json\/wp\/v2\/pages\/177342\/revisions"}],"up":[{"embeddable":true,"href":"https:\/\/www.episcopalchurch.org\/es\/wp-json\/wp\/v2\/pages\/177021"}],"wp:featuredmedia":[{"embeddable":true,"href":"https:\/\/www.episcopalchurch.org\/es\/wp-json\/wp\/v2\/media\/130919"}],"wp:attachment":[{"href":"https:\/\/www.episcopalchurch.org\/es\/wp-json\/wp\/v2\/media?parent=177342"}],"curies":[{"name":"wp","href":"https:\/\/api.w.org\/{rel}","templated":true}]}}