{"id":177441,"date":"2019-10-15T04:38:00","date_gmt":"2019-10-15T04:38:00","guid":{"rendered":"https:\/\/www2.episcopalchurch.org\/ministerios\/racial-reconciliation\/"},"modified":"2021-03-05T11:34:41","modified_gmt":"2021-03-05T16:34:41","slug":"reconciliacion-racial","status":"publish","type":"page","link":"https:\/\/www.episcopalchurch.org\/es\/ministerios\/reconciliacion-racial\/","title":{"rendered":"Reconciliaci\u00f3n Racial"},"content":{"rendered":"    <div\n      class=\"wp-block-episcopal-hero-banner alignfull\"\n            style=\"background-image: url(https:\/\/www.episcopalchurch.org\/wp-content\/uploads\/2020\/07\/racial_reconciliation_hero.png)\"\n          >\n      <div\n        class=\"hero-banner\"\n      >\n        <div class=\"hero-banner-wrapper\">\n          <h1 class=\"episcopal-hero-title\">\n                          Reconciliaci\u00f3n Racial                      <\/h1>\n                      <div class=\"episcopal-hero-description\">\n              &#8220;\u00bfBuscar\u00e1s y servir\u00e1s a Cristo en todas las personas, amando a tu pr\u00f3jimo como a ti mismo? \u00bfSe esforzar\u00e1n por la justicia y la paz entre todas las personas y respetar\u00e1n la dignidad de cada ser humano?            <\/div>\n          \n                  <\/div>\n      <\/div>\n    <\/div>\n\n  \n\n\n<h3 class=\"wp-block-heading\">Presiding Bishop Michael Curry offers a message on the church\u2019s work for racial healing<\/h3>\n\n\n\n<figure class=\"wp-block-embed-wordpress wp-block-embed is-type-wp-embed is-provider-wistia-inc mt-0\"><div class=\"wp-block-embed__wrapper\">\n<div class=\"embed-container\"><iframe loading=\"lazy\" class=\"wp-embedded-content\" sandbox=\"allow-scripts\" security=\"restricted\" title=\"PB Statement Video\" src=\"https:\/\/fast.wistia.net\/embed\/iframe\/tba1urrds9?dnt=1#?secret=irwrPftk8i\" data-secret=\"irwrPftk8i\" frameborder=\"0\" scrolling=\"no\" width=\"500\" height=\"281\"><\/iframe><\/div>\n<\/div><figcaption>Reconciliation is the spiritual practice of seeking loving, liberating and life-giving relationship with God and one another, and striving to heal and transform injustice and brokenness in ourselves, our communities, institutions, and society.<\/figcaption><\/figure>\n\n\n\n<h3 class=\"wp-block-heading\">The Episcopal Church&nbsp;Becoming Beloved Community Rapid-Response Grants<br>Rolling Deadline from June 19&nbsp;to&nbsp;August 15, 2020<\/h3>\n\n\n\n<p>The Presiding&nbsp;Officers&#8217; Advisory Group on Becoming Beloved Community Implementation is making funds available for groups working specifically to address the racial disparities laid bare by the coronavirus pandemic and for groups working to respond to racist violence and police reform. Across America, COVID-19 is disproportionately affecting&nbsp;People&nbsp;of&nbsp;Color&nbsp;in terms&nbsp;of&nbsp;health outcomes, access to testing and treatment, safe work environments, and more. At the same time, many recognize the pandemic&nbsp;of&nbsp;ongoing violence directed against black&nbsp;people&nbsp;and other&nbsp;people of color, especially at the hands&nbsp;of&nbsp;law enforcement personnel in communities in the Americas and beyond.&nbsp;More information and applications&nbsp;<a href=\"https:\/\/www.episcopalchurch.org\/grants-and-scholarships\/becoming-beloved-community-grants\/\"><strong>here<\/strong><\/a>.<\/p>\n\n\n\n<h3 class=\"wp-block-heading\">More Resources<\/h3>\n\n\n\n<p><a href=\"https:\/\/standingcommissiononliturgyandmusic.org\/2018\/01\/03\/prayers-for-racial-reconciliation-and-justice\/\" target=\"_blank\" rel=\"noreferrer noopener\">Prayers of the People and a Litany of Repentance and Commissioning for the Ministry of Justice and Reconciliation<\/a>, created by a subcommittee of the Standing Commission on Liturgy and Music.<\/p>\n\n\n\n<h3 class=\"wp-block-heading\">Here are just some of the Episcopal Church\u2019s pathways, resources, and major partners&nbsp;in the ministry of racial reconciliation, justice, and healing.<\/h3>\n\n\n    <div\n      class=\"wp-block-episcopal-callout default has-hover-effect\"\n      style=\"background-image: url(https:\/\/www.episcopalchurch.org\/wp-content\/uploads\/2020\/07\/floyd.jpg);color: #fff;justify-content: flex-end;\"\n    >\n      <div\n        class=\"callout-content\"\n        style=\"justify-content: flex-end;\"\n      >\n                \n\n<h3 class=\"wp-block-heading\">Responding to Racial Violence<\/h3>\n\n      <\/div>\n    <\/div>\n\n  ","protected":false},"excerpt":{"rendered":"<p>Presiding Bishop Michael Curry offers a message on the church\u2019s work for racial healing The Episcopal Church&nbsp;Becoming Beloved Community Rapid-Response GrantsRolling Deadline from June 19&nbsp;to&nbsp;August 15, 2020 The Presiding&nbsp;Officers&#8217; Advisory Group on Becoming Beloved Community Implementation is making funds available for groups working specifically to address the racial disparities laid bare by the coronavirus pandemic [&hellip;]<\/p>\n","protected":false},"author":444,"featured_media":167434,"parent":177033,"menu_order":0,"comment_status":"closed","ping_status":"closed","template":"","meta":{"_acf_changed":false,"_uag_custom_page_level_css":"","_kad_blocks_custom_css":"","_kad_blocks_head_custom_js":"","_kad_blocks_body_custom_js":"","_kad_blocks_footer_custom_js":"","_kadence_starter_templates_imported_post":false,"footnotes":"","_links_to":"","_links_to_target":""},"class_list":["post-177441","page","type-page","status-publish","has-post-thumbnail","hentry"],"acf":[],"yoast_head":"<!-- This site is optimized with the Yoast SEO Premium plugin v24.6 (Yoast SEO v26.3) - https:\/\/yoast.com\/wordpress\/plugins\/seo\/ -->\n<title>Reconciliaci\u00f3n Racial &#8211; The Episcopal Church<\/title>\n<meta name=\"robots\" content=\"index, follow, max-snippet:-1, max-image-preview:large, max-video-preview:-1\" \/>\n<link rel=\"canonical\" href=\"https:\/\/www.episcopalchurch.org\/es\/ministerios\/reconciliacion-racial\/\" \/>\n<meta property=\"og:locale\" content=\"es_ES\" \/>\n<meta property=\"og:type\" content=\"article\" \/>\n<meta property=\"og:title\" content=\"Reconciliaci\u00f3n Racial\" \/>\n<meta property=\"og:description\" content=\"Presiding Bishop Michael Curry offers a message on the church\u2019s work for racial healing The Episcopal Church&nbsp;Becoming Beloved Community Rapid-Response GrantsRolling Deadline from June 19&nbsp;to&nbsp;August 15, 2020 The Presiding&nbsp;Officers&#8217; Advisory Group on Becoming Beloved Community Implementation is making funds available for groups working specifically to address the racial disparities laid bare by the coronavirus pandemic [&hellip;]\" \/>\n<meta property=\"og:url\" content=\"https:\/\/www.episcopalchurch.org\/es\/ministerios\/reconciliacion-racial\/\" \/>\n<meta property=\"og:site_name\" content=\"The Episcopal Church\" \/>\n<meta property=\"article:publisher\" content=\"https:\/\/www.facebook.com\/episcopalian\" \/>\n<meta property=\"article:modified_time\" content=\"2021-03-05T16:34:41+00:00\" \/>\n<meta property=\"og:image\" content=\"https:\/\/www.episcopalchurch.org\/wp-content\/uploads\/2020\/07\/GeorgeFloyd.png\" \/>\n\t<meta property=\"og:image:width\" content=\"600\" \/>\n\t<meta property=\"og:image:height\" content=\"269\" \/>\n\t<meta property=\"og:image:type\" content=\"image\/png\" \/>\n<meta name=\"twitter:card\" content=\"summary_large_image\" \/>\n<meta name=\"twitter:site\" content=\"@iamepiscopalian\" \/>\n<meta name=\"twitter:label1\" content=\"Est. reading time\" \/>\n\t<meta name=\"twitter:data1\" content=\"1 minute\" \/>\n<script type=\"application\/ld+json\" class=\"yoast-schema-graph\">{\"@context\":\"https:\/\/schema.org\",\"@graph\":[{\"@type\":\"WebPage\",\"@id\":\"https:\/\/www.episcopalchurch.org\/es\/ministerios\/reconciliacion-racial\/\",\"url\":\"https:\/\/www.episcopalchurch.org\/es\/ministerios\/reconciliacion-racial\/\",\"name\":\"Reconciliaci\u00f3n Racial &#8211; The Episcopal Church\",\"isPartOf\":{\"@id\":\"https:\/\/www.episcopalchurch.org\/#website\"},\"primaryImageOfPage\":{\"@id\":\"https:\/\/www.episcopalchurch.org\/es\/ministerios\/reconciliacion-racial\/#primaryimage\"},\"image\":{\"@id\":\"https:\/\/www.episcopalchurch.org\/es\/ministerios\/reconciliacion-racial\/#primaryimage\"},\"thumbnailUrl\":\"https:\/\/www.episcopalchurch.org\/wp-content\/uploads\/2020\/07\/GeorgeFloyd.png\",\"datePublished\":\"2019-10-15T04:38:00+00:00\",\"dateModified\":\"2021-03-05T16:34:41+00:00\",\"breadcrumb\":{\"@id\":\"https:\/\/www.episcopalchurch.org\/es\/ministerios\/reconciliacion-racial\/#breadcrumb\"},\"inLanguage\":\"es-ES\",\"potentialAction\":[{\"@type\":\"ReadAction\",\"target\":[\"https:\/\/www.episcopalchurch.org\/es\/ministerios\/reconciliacion-racial\/\"]}]},{\"@type\":\"ImageObject\",\"inLanguage\":\"es-ES\",\"@id\":\"https:\/\/www.episcopalchurch.org\/es\/ministerios\/reconciliacion-racial\/#primaryimage\",\"url\":\"https:\/\/www.episcopalchurch.org\/wp-content\/uploads\/2020\/07\/GeorgeFloyd.png\",\"contentUrl\":\"https:\/\/www.episcopalchurch.org\/wp-content\/uploads\/2020\/07\/GeorgeFloyd.png\",\"width\":600,\"height\":269},{\"@type\":\"BreadcrumbList\",\"@id\":\"https:\/\/www.episcopalchurch.org\/es\/ministerios\/reconciliacion-racial\/#breadcrumb\",\"itemListElement\":[{\"@type\":\"ListItem\",\"position\":1,\"name\":\"Home\",\"item\":\"https:\/\/www.episcopalchurch.org\/\"},{\"@type\":\"ListItem\",\"position\":2,\"name\":\"Ministerios\",\"item\":\"https:\/\/www.episcopalchurch.org\/es\/ministerios\/\"},{\"@type\":\"ListItem\",\"position\":3,\"name\":\"Reconciliaci\u00f3n Racial\"}]},{\"@type\":\"WebSite\",\"@id\":\"https:\/\/www.episcopalchurch.org\/#website\",\"url\":\"https:\/\/www.episcopalchurch.org\/\",\"name\":\"The Episcopal Church\",\"description\":\"Welcomes You\",\"publisher\":{\"@id\":\"https:\/\/www.episcopalchurch.org\/#organization\"},\"potentialAction\":[{\"@type\":\"SearchAction\",\"target\":{\"@type\":\"EntryPoint\",\"urlTemplate\":\"https:\/\/www.episcopalchurch.org\/?s={search_term_string}\"},\"query-input\":{\"@type\":\"PropertyValueSpecification\",\"valueRequired\":true,\"valueName\":\"search_term_string\"}}],\"inLanguage\":\"es-ES\"},{\"@type\":\"Organization\",\"@id\":\"https:\/\/www.episcopalchurch.org\/#organization\",\"name\":\"The Episcopal Church\",\"url\":\"https:\/\/www.episcopalchurch.org\/\",\"logo\":{\"@type\":\"ImageObject\",\"inLanguage\":\"es-ES\",\"@id\":\"https:\/\/www.episcopalchurch.org\/#\/schema\/logo\/image\/\",\"url\":\"https:\/\/www.episcopalchurch.org\/wp-content\/uploads\/2021\/01\/vertical_episcopal_logo.jpg\",\"contentUrl\":\"https:\/\/www.episcopalchurch.org\/wp-content\/uploads\/2021\/01\/vertical_episcopal_logo.jpg\",\"width\":770,\"height\":662,\"caption\":\"The Episcopal Church\"},\"image\":{\"@id\":\"https:\/\/www.episcopalchurch.org\/#\/schema\/logo\/image\/\"},\"sameAs\":[\"https:\/\/www.facebook.com\/episcopalian\",\"https:\/\/x.com\/iamepiscopalian\",\"https:\/\/www.youtube.com\/channel\/UCdVJpxCtK41c_-p6EaE4_2A\"]}]}<\/script>\n<!-- \/ Yoast SEO Premium plugin. -->","yoast_head_json":{"title":"Reconciliaci\u00f3n Racial &#8211; The Episcopal Church","robots":{"index":"index","follow":"follow","max-snippet":"max-snippet:-1","max-image-preview":"max-image-preview:large","max-video-preview":"max-video-preview:-1"},"canonical":"https:\/\/www.episcopalchurch.org\/es\/ministerios\/reconciliacion-racial\/","og_locale":"es_ES","og_type":"article","og_title":"Reconciliaci\u00f3n Racial","og_description":"Presiding Bishop Michael Curry offers a message on the church\u2019s work for racial healing The Episcopal Church&nbsp;Becoming Beloved Community Rapid-Response GrantsRolling Deadline from June 19&nbsp;to&nbsp;August 15, 2020 The Presiding&nbsp;Officers&#8217; Advisory Group on Becoming Beloved Community Implementation is making funds available for groups working specifically to address the racial disparities laid bare by the coronavirus pandemic [&hellip;]","og_url":"https:\/\/www.episcopalchurch.org\/es\/ministerios\/reconciliacion-racial\/","og_site_name":"The Episcopal Church","article_publisher":"https:\/\/www.facebook.com\/episcopalian","article_modified_time":"2021-03-05T16:34:41+00:00","og_image":[{"width":600,"height":269,"url":"https:\/\/www.episcopalchurch.org\/wp-content\/uploads\/2020\/07\/GeorgeFloyd.png","type":"image\/png"}],"twitter_card":"summary_large_image","twitter_site":"@iamepiscopalian","twitter_misc":{"Est. reading time":"1 minute"},"schema":{"@context":"https:\/\/schema.org","@graph":[{"@type":"WebPage","@id":"https:\/\/www.episcopalchurch.org\/es\/ministerios\/reconciliacion-racial\/","url":"https:\/\/www.episcopalchurch.org\/es\/ministerios\/reconciliacion-racial\/","name":"Reconciliaci\u00f3n Racial &#8211; The Episcopal Church","isPartOf":{"@id":"https:\/\/www.episcopalchurch.org\/#website"},"primaryImageOfPage":{"@id":"https:\/\/www.episcopalchurch.org\/es\/ministerios\/reconciliacion-racial\/#primaryimage"},"image":{"@id":"https:\/\/www.episcopalchurch.org\/es\/ministerios\/reconciliacion-racial\/#primaryimage"},"thumbnailUrl":"https:\/\/www.episcopalchurch.org\/wp-content\/uploads\/2020\/07\/GeorgeFloyd.png","datePublished":"2019-10-15T04:38:00+00:00","dateModified":"2021-03-05T16:34:41+00:00","breadcrumb":{"@id":"https:\/\/www.episcopalchurch.org\/es\/ministerios\/reconciliacion-racial\/#breadcrumb"},"inLanguage":"es-ES","potentialAction":[{"@type":"ReadAction","target":["https:\/\/www.episcopalchurch.org\/es\/ministerios\/reconciliacion-racial\/"]}]},{"@type":"ImageObject","inLanguage":"es-ES","@id":"https:\/\/www.episcopalchurch.org\/es\/ministerios\/reconciliacion-racial\/#primaryimage","url":"https:\/\/www.episcopalchurch.org\/wp-content\/uploads\/2020\/07\/GeorgeFloyd.png","contentUrl":"https:\/\/www.episcopalchurch.org\/wp-content\/uploads\/2020\/07\/GeorgeFloyd.png","width":600,"height":269},{"@type":"BreadcrumbList","@id":"https:\/\/www.episcopalchurch.org\/es\/ministerios\/reconciliacion-racial\/#breadcrumb","itemListElement":[{"@type":"ListItem","position":1,"name":"Home","item":"https:\/\/www.episcopalchurch.org\/"},{"@type":"ListItem","position":2,"name":"Ministerios","item":"https:\/\/www.episcopalchurch.org\/es\/ministerios\/"},{"@type":"ListItem","position":3,"name":"Reconciliaci\u00f3n Racial"}]},{"@type":"WebSite","@id":"https:\/\/www.episcopalchurch.org\/#website","url":"https:\/\/www.episcopalchurch.org\/","name":"The Episcopal Church","description":"Welcomes You","publisher":{"@id":"https:\/\/www.episcopalchurch.org\/#organization"},"potentialAction":[{"@type":"SearchAction","target":{"@type":"EntryPoint","urlTemplate":"https:\/\/www.episcopalchurch.org\/?s={search_term_string}"},"query-input":{"@type":"PropertyValueSpecification","valueRequired":true,"valueName":"search_term_string"}}],"inLanguage":"es-ES"},{"@type":"Organization","@id":"https:\/\/www.episcopalchurch.org\/#organization","name":"The Episcopal Church","url":"https:\/\/www.episcopalchurch.org\/","logo":{"@type":"ImageObject","inLanguage":"es-ES","@id":"https:\/\/www.episcopalchurch.org\/#\/schema\/logo\/image\/","url":"https:\/\/www.episcopalchurch.org\/wp-content\/uploads\/2021\/01\/vertical_episcopal_logo.jpg","contentUrl":"https:\/\/www.episcopalchurch.org\/wp-content\/uploads\/2021\/01\/vertical_episcopal_logo.jpg","width":770,"height":662,"caption":"The Episcopal Church"},"image":{"@id":"https:\/\/www.episcopalchurch.org\/#\/schema\/logo\/image\/"},"sameAs":["https:\/\/www.facebook.com\/episcopalian","https:\/\/x.com\/iamepiscopalian","https:\/\/www.youtube.com\/channel\/UCdVJpxCtK41c_-p6EaE4_2A"]}]}},"taxonomy_info":[],"featured_image_src_large":["https:\/\/www.episcopalchurch.org\/wp-content\/uploads\/2020\/07\/GeorgeFloyd.png",600,269,false],"author_info":{"display_name":"wwedderburn","author_link":"https:\/\/www.episcopalchurch.org\/es\/author\/wwedderburn\/"},"comment_info":"","uagb_featured_image_src":{"full":["https:\/\/www.episcopalchurch.org\/wp-content\/uploads\/2020\/07\/GeorgeFloyd.png",600,269,false],"thumbnail":["https:\/\/www.episcopalchurch.org\/wp-content\/uploads\/2020\/07\/GeorgeFloyd-150x150.png",150,150,true],"medium":["https:\/\/www.episcopalchurch.org\/wp-content\/uploads\/2020\/07\/GeorgeFloyd-300x135.png",300,135,true],"medium_large":["https:\/\/www.episcopalchurch.org\/wp-content\/uploads\/2020\/07\/GeorgeFloyd.png",600,269,false],"large":["https:\/\/www.episcopalchurch.org\/wp-content\/uploads\/2020\/07\/GeorgeFloyd.png",600,269,false],"1536x1536":["https:\/\/www.episcopalchurch.org\/wp-content\/uploads\/2020\/07\/GeorgeFloyd.png",600,269,false],"2048x2048":["https:\/\/www.episcopalchurch.org\/wp-content\/uploads\/2020\/07\/GeorgeFloyd.png",600,269,false],"menu":["https:\/\/www.episcopalchurch.org\/wp-content\/uploads\/2020\/07\/GeorgeFloyd-330x200.png",330,200,true],"hero":["https:\/\/www.episcopalchurch.org\/wp-content\/uploads\/2020\/07\/GeorgeFloyd.png",600,269,false],"callout-image":["https:\/\/www.episcopalchurch.org\/wp-content\/uploads\/2020\/07\/GeorgeFloyd-480x215.png",480,215,true]},"uagb_author_info":{"display_name":"wwedderburn","author_link":"https:\/\/www.episcopalchurch.org\/es\/author\/wwedderburn\/"},"uagb_comment_info":0,"uagb_excerpt":"Presiding Bishop Michael Curry offers a message on the church\u2019s work for racial healing The Episcopal Church&nbsp;Becoming Beloved Community Rapid-Response GrantsRolling Deadline from June 19&nbsp;to&nbsp;August 15, 2020 The Presiding&nbsp;Officers&#8217; Advisory Group on Becoming Beloved Community Implementation is making funds available for groups working specifically to address the racial disparities laid bare by the coronavirus pandemic&hellip;","_links":{"self":[{"href":"https:\/\/www.episcopalchurch.org\/es\/wp-json\/wp\/v2\/pages\/177441","targetHints":{"allow":["GET"]}}],"collection":[{"href":"https:\/\/www.episcopalchurch.org\/es\/wp-json\/wp\/v2\/pages"}],"about":[{"href":"https:\/\/www.episcopalchurch.org\/es\/wp-json\/wp\/v2\/types\/page"}],"author":[{"embeddable":true,"href":"https:\/\/www.episcopalchurch.org\/es\/wp-json\/wp\/v2\/users\/444"}],"replies":[{"embeddable":true,"href":"https:\/\/www.episcopalchurch.org\/es\/wp-json\/wp\/v2\/comments?post=177441"}],"version-history":[{"count":0,"href":"https:\/\/www.episcopalchurch.org\/es\/wp-json\/wp\/v2\/pages\/177441\/revisions"}],"up":[{"embeddable":true,"href":"https:\/\/www.episcopalchurch.org\/es\/wp-json\/wp\/v2\/pages\/177033"}],"wp:featuredmedia":[{"embeddable":true,"href":"https:\/\/www.episcopalchurch.org\/es\/wp-json\/wp\/v2\/media\/167434"}],"wp:attachment":[{"href":"https:\/\/www.episcopalchurch.org\/es\/wp-json\/wp\/v2\/media?parent=177441"}],"curies":[{"name":"wp","href":"https:\/\/api.w.org\/{rel}","templated":true}]}}