{"id":191154,"date":"2020-06-16T21:47:36","date_gmt":"2020-06-17T01:47:36","guid":{"rendered":"https:\/\/www2.episcopalchurch.org\/sermones-que-iluminan\/about-us\/"},"modified":"2020-10-15T10:06:38","modified_gmt":"2020-10-15T14:06:38","slug":"sobre-los-sermones-que-iluminan","status":"publish","type":"page","link":"https:\/\/www.episcopalchurch.org\/es\/sermones-que-iluminan\/sobre-los-sermones-que-iluminan\/","title":{"rendered":"Sobre los Sermones que Iluminan"},"content":{"rendered":"    <div\n      class=\"wp-block-episcopal-hero-banner alignfull\"\n            style=\"background-image: url(https:\/\/www.episcopalchurch.org\/wp-content\/uploads\/2020\/03\/sermons_that_work_hero.jpg)\"\n          >\n      <div\n        class=\"hero-banner\"\n      >\n        <div class=\"hero-banner-wrapper\">\n          <h1 class=\"episcopal-hero-title\">\n                          Sermones que Iluminan                      <\/h1>\n          \n                  <\/div>\n      <\/div>\n    <\/div>\n\n  \n\n\n<div class=\"wp-block-buttons is-layout-flex wp-block-buttons-is-layout-flex\">\n<div class=\"wp-block-button\"><a class=\"wp-block-button__link wp-element-button\" href=\"https:\/\/www.episcopalchurch.org\/es\/sermones-que-iluminan\/\">Home<\/a><\/div>\n\n\n\n<div class=\"wp-block-button\"><a class=\"wp-block-button__link wp-element-button\" href=\"https:\/\/www.episcopalchurch.org\/es\/sermones-que-iluminan\/ano-a\/\">Sermones<\/a><\/div>\n\n\n\n<div class=\"wp-block-button\"><a class=\"wp-block-button__link wp-element-button\" href=\"https:\/\/www.episcopalchurch.org\/es\/estudio-biblico\/\">Estudio Biblico<\/a><\/div>\n\n\n\n<div class=\"wp-block-button\"><a class=\"wp-block-button__link wp-element-button\" href=\"https:\/\/www.episcopalchurch.org\/what-we-do\/weekly-bulletin-inserts\/\">Insertos para los Boletines<\/a><\/div>\n<\/div>\n\n\n\n<div style=\"height:10px\" aria-hidden=\"true\" class=\"wp-block-spacer\"><\/div>\n\n\n\n<div class=\"wp-block-buttons is-layout-flex wp-block-buttons-is-layout-flex\">\n<div class=\"wp-block-button\"><a class=\"wp-block-button__link has-blue-2-background-color has-background wp-element-button\" href=\"https:\/\/www.episcopalchurch.org\/es\/sermones-que-iluminan\/ano-a\/\">A\u00f1o A<\/a><\/div>\n\n\n\n<div class=\"wp-block-button\"><a class=\"wp-block-button__link has-blue-2-background-color has-background wp-element-button\" href=\"https:\/\/www.episcopalchurch.org\/es\/sermones-que-iluminan\/ano-b\/\">A\u00f1o B<\/a><\/div>\n\n\n\n<div class=\"wp-block-button\"><a class=\"wp-block-button__link has-blue-2-background-color has-background wp-element-button\" href=\"https:\/\/www.episcopalchurch.org\/es\/sermones-que-iluminan\/ano-c\/\">A\u00f1o C<\/a><\/div>\n<\/div>\n\n\n\n<h1 class=\"wp-block-heading\" id=\"page-title\">Sobre los Sermones que Iluminan<\/h1>\n\n\n\n<h3 class=\"wp-block-heading\">\u00a1Bienvenido a los Sermones que Iluminan!<\/h3>\n\n\n\n<p>La Iglesia Episcopal acepta muchos puntos de vista diferentes, y los sermones que se escuchan en un servicio episcopal pueden variar bastante de una congregaci\u00f3n a otra. Aunque no existe un serm\u00f3n \u201ct\u00edpico\u201d o que se aplique en todos los casos para todas las congregaciones episcopales, los sermones de esta serie se seleccionan por sus cualidades universales para que puedan ser \u00fatiles para una amplia variedad de congregaciones, especialmente aquellas sin sacerdotes a tiempo completo, donde los l\u00edderes laicos a menudo asumen la responsabilidad de presentar los sermones el domingo.<\/p>\n\n\n\n<p>Para ayudar e inspirar a estas y a todas nuestras congregaciones, la Oficina de Comunicaci\u00f3n de la Iglesia Episcopal ofrece Sermones que Iluminan, nuevos&nbsp;<strong>sermones<\/strong>,&nbsp;<strong>estudios b\u00edblicos<\/strong>&nbsp;y&nbsp;<strong>encartes para boletines<\/strong>&nbsp;cada semana para los domingos y los d\u00edas festivos importantes durante todo el a\u00f1o lit\u00fargico.<\/p>\n\n\n\n<p>La idea de proporcionar a las congregaciones sermones u homil\u00edas se remonta a los&nbsp;<em>Art\u00edculos de la Religi\u00f3n<\/em>, que se establecieron durante la Reforma inglesa en el siglo XVI. El art\u00edculo XXXV,&nbsp;<em>De las homil\u00edas<\/em>, enumera 21 homil\u00edas que contienen doctrina \u201cpiadosa y saludable\u201d para uso congregacional (Libro de Oraci\u00f3n Com\u00fan, p. 769).<\/p>\n\n\n\n<p>Continuando con esa tradici\u00f3n, la Iglesia Episcopal ha estado ofreciendo Sermones que Iluminan en l\u00ednea desde 1995. Explore nuestro archivo con cientos de sermones, agrupados seg\u00fan los a\u00f1os del Leccionario.<\/p>\n\n\n\n<p>Christopher Sikkema, Director de Proyectos Especiales, edita los Sermones que Iluminan.<\/p>\n\n\n    <div\n      class=\"wp-block-episcopal-callout default has-hover-effect\"\n      style=\"background-image: url(https:\/\/www.episcopalchurch.org\/wp-content\/uploads\/2020\/06\/sermon_writers-480x200.png);color: #fff;justify-content: flex-end;\"\n    >\n      <div\n        class=\"callout-content\"\n        style=\"justify-content: flex-end;\"\n      >\n                  <a href=\"https:\/\/www.episcopalchurch.org\/es\/sermones-que-iluminan\/nuestros-escritores\/\" class=\"callout-url\"><\/a>\n                \n\n<h3 class=\"wp-block-heading\">Nuestros Escritores<\/h3>\n\n      <\/div>\n    <\/div>\n\n  \n\n\n<div class=\"wp-block-columns is-style-default is-layout-flex wp-container-core-columns-is-layout-9d6595d7 wp-block-columns-is-layout-flex\">\n<div class=\"wp-block-column is-layout-flow wp-block-column-is-layout-flow\">    <div\n      class=\"wp-block-episcopal-callout default\"\n      style=\"background-color: #407EC9;color: #fff;justify-content: flex-end;\"\n    >\n      <div\n        class=\"callout-content\"\n        style=\"justify-content: flex-end;\"\n      >\n                  <a href=\"https:\/\/www.episcopalchurch.org\/es\/sermones-que-iluminan\/pautas-para-enviar-sermones\/\" class=\"callout-url\"><\/a>\n                \n\n<h3 class=\"wp-block-heading\">Pautas para enviar sermones<\/h3>\n\n      <\/div>\n    <\/div>\n\n  <\/div>\n\n\n\n<div class=\"wp-block-column is-layout-flow wp-block-column-is-layout-flow\">    <div\n      class=\"wp-block-episcopal-callout default\"\n      style=\"background-color: #407EC9;color: #fff;justify-content: flex-end;\"\n    >\n      <div\n        class=\"callout-content\"\n        style=\"justify-content: flex-end;\"\n      >\n                  <a href=\"https:\/\/www.episcopalnewsservice.org\/sponsorship\/\" class=\"callout-url\"><\/a>\n                \n\n<h3 class=\"wp-block-heading\">Informaci\u00f3n de patrocinio<\/h3>\n\n      <\/div>\n    <\/div>\n\n  <\/div>\n<\/div>\n\n\n\n<div class=\"wp-block-columns is-style-default is-layout-flex wp-container-core-columns-is-layout-9d6595d7 wp-block-columns-is-layout-flex\">\n<div class=\"wp-block-column is-layout-flow wp-block-column-is-layout-flow\">    <div\n      class=\"wp-block-episcopal-callout default has-hover-effect\"\n      style=\"background-image: url(https:\/\/www.episcopalchurch.org\/wp-content\/uploads\/2020\/06\/sermons_in_context-480x200.png);background-color: #407EC9;color: #fff;justify-content: flex-end;\"\n    >\n      <div\n        class=\"callout-content\"\n        style=\"justify-content: flex-end;\"\n      >\n                  <a href=\"http:\/\/www.scriptureincontext.org\/\" class=\"callout-url\"><\/a>\n                \n\n<h3 class=\"wp-block-heading\">Scripture in Context<\/h3>\n\n      <\/div>\n    <\/div>\n\n  <\/div>\n\n\n\n<div class=\"wp-block-column is-layout-flow wp-block-column-is-layout-flow\">    <div\n      class=\"wp-block-episcopal-callout default\"\n      style=\"background-color: #407EC9;color: #fff;justify-content: flex-end;\"\n    >\n      <div\n        class=\"callout-content\"\n        style=\"justify-content: flex-end;\"\n      >\n                  <a href=\"https:\/\/modernmetanoia.org\/\" class=\"callout-url\"><\/a>\n                \n\n<h3 class=\"wp-block-heading\">Modern Metanoia<\/h3>\n\n      <\/div>\n    <\/div>\n\n  <\/div>\n\n\n\n<div class=\"wp-block-column is-layout-flow wp-block-column-is-layout-flow\">    <div\n      class=\"wp-block-episcopal-callout default has-hover-effect\"\n      style=\"background-image: url(https:\/\/www.episcopalchurch.org\/wp-content\/uploads\/2020\/06\/liturgical-calendar_0-480x307.jpg);background-color: #407EC9;color: #fff;justify-content: flex-end;\"\n    >\n      <div\n        class=\"callout-content\"\n        style=\"justify-content: flex-end;\"\n      >\n                  <a href=\"https:\/\/www.episcopalchurch.org\/es\/lectionary-calendar\/\" class=\"callout-url\"><\/a>\n                \n\n<h3 class=\"wp-block-heading\">Liturgical Calendar<\/h3>\n\n      <\/div>\n    <\/div>\n\n  \n\n\n<p><\/p>\n<\/div>\n<\/div>\n\n\n\n<p>\u00a1No olvide suscribirse al <a href=\"https:\/\/media.episcopalchurch.org\/podcasts\/show\/sermons-that-work\/\">podcast Sermons That Work<\/a> para escuchar este serm\u00f3n y m\u00e1s en su aplicaci\u00f3n de podcasting favorita! Las grabaciones se publican el jueves antes de cada fecha lit\u00fargica.<\/p>\n\n\n\n<div class=\"wp-block-columns mt-20 is-style-default is-layout-flex wp-container-core-columns-is-layout-9d6595d7 wp-block-columns-is-layout-flex\">\n<div class=\"wp-block-column is-vertically-aligned-center is-layout-flow wp-block-column-is-layout-flow\">\n<script type=\"text\/javascript\">\n  var protocol = document.location.protocol == \"https:\" ? \"https\" : \"http\";\n  var z = document.createElement(\"script\");\n  z.type = \"text\/javascript\";\n  z.src = protocol + \":\/\/static.adzerk.net\/ados.js\";\n  z.async = true;\n  var s = document.getElementsByTagName(\"script\")[0];\n  s.parentNode.insertBefore(z,s);\n<\/script><script type=\"text\/javascript\">\n  var ados = ados || {};\n  ados.run = ados.run || [];\n  ados.run.push(function() {\n    \/* load placement for account: Episcopal Digital Network, site: Episcopal Digital Network, size: 300x250 - Medium Rectangle, zone: GC MEDIA HUB 300x250 *\/\n    ados_add_placement(271, 12919, \"azk83802\", 5).setZone(181258);\n    \/* load placement for account: Episcopal Digital Network, site: Episcopal Digital Network, size: 300x250 - Medium Rectangle, zone: GC MEDIA HUB 300x250 *\/\n    ados_add_placement(271, 12919, \"azk31914\", 5).setZone(181258);\n    \/* load placement for account: Episcopal Digital Network, site: Episcopal Digital Network, size: 300x250 - Medium Rectangle, zone: GC MEDIA HUB 300x250 *\/\n    ados_add_placement(271, 12919, \"azk88227\", 5).setZone(181258);\n    \/* load placement for account: Episcopal Digital Network, site: Episcopal Digital Network, size: 300x250 - Medium Rectangle, zone: GC MEDIA HUB 300x250 *\/\n    ados_add_placement(271, 12919, \"azk79409\", 5).setZone(181258);\n    ados_load();\n  });\n<\/script>\n<div id=\"azk83802\">&nbsp;<\/div>\n\n<div>&nbsp;<\/div>\n<\/div>\n\n\n\n<div class=\"wp-block-column is-vertically-aligned-center is-layout-flow wp-block-column-is-layout-flow\">\n<div id=\"azk31914\">&nbsp;<\/div>\n\n<div>&nbsp;<\/div>\n<\/div>\n\n\n\n<div class=\"wp-block-column is-vertically-aligned-center is-layout-flow wp-block-column-is-layout-flow\">\n<div id=\"azk88227\">&nbsp;<\/div>\n\n<div>&nbsp;<\/div>\n<\/div>\n\n\n\n<div class=\"wp-block-column is-vertically-aligned-center is-layout-flow wp-block-column-is-layout-flow\">\n<div id=\"azk79409\">&nbsp;<\/div>\n\n<div>&nbsp;<\/div>\n<\/div>\n<\/div>\n\n\n\n<div class=\"wp-block-columns is-style-default is-layout-flex wp-container-core-columns-is-layout-9d6595d7 wp-block-columns-is-layout-flex\">\n<div class=\"wp-block-column is-layout-flow wp-block-column-is-layout-flow\">\n<figure class=\"wp-block-image size-large is-resized\"><a href=\"https:\/\/www.episcopalchurch.org\/es\/sermones-que-iluminan\/\"><img loading=\"lazy\" decoding=\"async\" src=\"https:\/\/www.episcopalchurch.org\/wp-content\/uploads\/2020\/07\/sqi.png\" alt=\"\" class=\"wp-image-176812\" width=\"320\" height=\"210\"\/><\/a><\/figure>\n<\/div>\n\n\n\n<div class=\"wp-block-column is-layout-flow wp-block-column-is-layout-flow\">\n<div class=\"wp-block-uagb-team uagb-team__image-position-above uagb-team__align-center uagb-team__stack-tablet uagb-block-cccee6bb mt-20\"><div class=\"uagb-team__content\"><h3 class=\"uagb-team__title\">Contacto:<br>Rvdo. Richard Acosta R., Th.D.<\/h3><span class=\"uagb-team__prefix\"><em>Editor, Sermones que Iluminan<\/em><\/span><p class=\"uagb-team__desc\"><a href=\"mailto:richard.ictus@gmail.com\">Click here<\/a><\/p><\/div><\/div>\n<\/div>\n\n\n\n<div class=\"wp-block-column is-layout-flow wp-block-column-is-layout-flow\">\n<figure class=\"wp-block-image size-large is-resized\"><a href=\"https:\/\/www.episcopalchurch.org\/es\/estudio-biblico\/\"><img loading=\"lazy\" decoding=\"async\" src=\"https:\/\/www.episcopalchurch.org\/wp-content\/uploads\/2020\/07\/biblestudy_esp-1024x781.png\" alt=\"\" class=\"wp-image-176815\" width=\"320\" height=\"201\"\/><\/a><\/figure>\n<\/div>\n<\/div>\n","protected":false},"excerpt":{"rendered":"<p>Sobre los Sermones que Iluminan \u00a1Bienvenido a los Sermones que Iluminan! La Iglesia Episcopal acepta muchos puntos de vista diferentes, y los sermones que se escuchan en un servicio episcopal pueden variar bastante de una congregaci\u00f3n a otra. Aunque no existe un serm\u00f3n \u201ct\u00edpico\u201d o que se aplique en todos los casos para todas las [&hellip;]<\/p>\n","protected":false},"author":444,"featured_media":201214,"parent":176766,"menu_order":0,"comment_status":"closed","ping_status":"closed","template":"","meta":{"_acf_changed":false,"_uag_custom_page_level_css":"","_kad_blocks_custom_css":"","_kad_blocks_head_custom_js":"","_kad_blocks_body_custom_js":"","_kad_blocks_footer_custom_js":"","_kadence_starter_templates_imported_post":false,"footnotes":"","_links_to":"","_links_to_target":""},"class_list":["post-191154","page","type-page","status-publish","has-post-thumbnail","hentry"],"acf":[],"yoast_head":"<!-- This site is optimized with the Yoast SEO Premium plugin v24.6 (Yoast SEO v26.3) - https:\/\/yoast.com\/wordpress\/plugins\/seo\/ -->\n<title>Sobre los Sermones que Iluminan &#8211; The Episcopal Church<\/title>\n<meta name=\"robots\" content=\"index, follow, max-snippet:-1, max-image-preview:large, max-video-preview:-1\" \/>\n<link rel=\"canonical\" href=\"https:\/\/www.episcopalchurch.org\/es\/sermones-que-iluminan\/sobre-los-sermones-que-iluminan\/\" \/>\n<meta property=\"og:locale\" content=\"es_ES\" \/>\n<meta property=\"og:type\" content=\"article\" \/>\n<meta property=\"og:title\" content=\"Sobre los Sermones que Iluminan\" \/>\n<meta property=\"og:description\" content=\"Sobre los Sermones que Iluminan \u00a1Bienvenido a los Sermones que Iluminan! La Iglesia Episcopal acepta muchos puntos de vista diferentes, y los sermones que se escuchan en un servicio episcopal pueden variar bastante de una congregaci\u00f3n a otra. Aunque no existe un serm\u00f3n \u201ct\u00edpico\u201d o que se aplique en todos los casos para todas las [&hellip;]\" \/>\n<meta property=\"og:url\" content=\"https:\/\/www.episcopalchurch.org\/es\/sermones-que-iluminan\/sobre-los-sermones-que-iluminan\/\" \/>\n<meta property=\"og:site_name\" content=\"The Episcopal Church\" \/>\n<meta property=\"article:publisher\" content=\"https:\/\/www.facebook.com\/episcopalian\" \/>\n<meta property=\"article:modified_time\" content=\"2020-10-15T14:06:38+00:00\" \/>\n<meta property=\"og:image\" content=\"https:\/\/www.episcopalchurch.org\/wp-content\/uploads\/2020\/12\/Sermons_that_Work_SQ.png\" \/>\n\t<meta property=\"og:image:width\" content=\"928\" \/>\n\t<meta property=\"og:image:height\" content=\"927\" \/>\n\t<meta property=\"og:image:type\" content=\"image\/png\" \/>\n<meta name=\"twitter:card\" content=\"summary_large_image\" \/>\n<meta name=\"twitter:site\" content=\"@iamepiscopalian\" \/>\n<meta name=\"twitter:label1\" content=\"Est. reading time\" \/>\n\t<meta name=\"twitter:data1\" content=\"1 minute\" \/>\n<script type=\"application\/ld+json\" class=\"yoast-schema-graph\">{\"@context\":\"https:\/\/schema.org\",\"@graph\":[{\"@type\":\"WebPage\",\"@id\":\"https:\/\/www.episcopalchurch.org\/es\/sermones-que-iluminan\/sobre-los-sermones-que-iluminan\/\",\"url\":\"https:\/\/www.episcopalchurch.org\/es\/sermones-que-iluminan\/sobre-los-sermones-que-iluminan\/\",\"name\":\"Sobre los Sermones que Iluminan &#8211; The Episcopal Church\",\"isPartOf\":{\"@id\":\"https:\/\/www.episcopalchurch.org\/#website\"},\"primaryImageOfPage\":{\"@id\":\"https:\/\/www.episcopalchurch.org\/es\/sermones-que-iluminan\/sobre-los-sermones-que-iluminan\/#primaryimage\"},\"image\":{\"@id\":\"https:\/\/www.episcopalchurch.org\/es\/sermones-que-iluminan\/sobre-los-sermones-que-iluminan\/#primaryimage\"},\"thumbnailUrl\":\"https:\/\/www.episcopalchurch.org\/wp-content\/uploads\/2020\/12\/Sermons_that_Work_SQ.png\",\"datePublished\":\"2020-06-17T01:47:36+00:00\",\"dateModified\":\"2020-10-15T14:06:38+00:00\",\"breadcrumb\":{\"@id\":\"https:\/\/www.episcopalchurch.org\/es\/sermones-que-iluminan\/sobre-los-sermones-que-iluminan\/#breadcrumb\"},\"inLanguage\":\"es-ES\",\"potentialAction\":[{\"@type\":\"ReadAction\",\"target\":[\"https:\/\/www.episcopalchurch.org\/es\/sermones-que-iluminan\/sobre-los-sermones-que-iluminan\/\"]}]},{\"@type\":\"ImageObject\",\"inLanguage\":\"es-ES\",\"@id\":\"https:\/\/www.episcopalchurch.org\/es\/sermones-que-iluminan\/sobre-los-sermones-que-iluminan\/#primaryimage\",\"url\":\"https:\/\/www.episcopalchurch.org\/wp-content\/uploads\/2020\/12\/Sermons_that_Work_SQ.png\",\"contentUrl\":\"https:\/\/www.episcopalchurch.org\/wp-content\/uploads\/2020\/12\/Sermons_that_Work_SQ.png\",\"width\":928,\"height\":927,\"caption\":\"Sermons That Work\"},{\"@type\":\"BreadcrumbList\",\"@id\":\"https:\/\/www.episcopalchurch.org\/es\/sermones-que-iluminan\/sobre-los-sermones-que-iluminan\/#breadcrumb\",\"itemListElement\":[{\"@type\":\"ListItem\",\"position\":1,\"name\":\"Home\",\"item\":\"https:\/\/www.episcopalchurch.org\/\"},{\"@type\":\"ListItem\",\"position\":2,\"name\":\"Sermones que Iluminan\",\"item\":\"https:\/\/www.episcopalchurch.org\/es\/sermones-que-iluminan\/\"},{\"@type\":\"ListItem\",\"position\":3,\"name\":\"Sobre los Sermones que Iluminan\"}]},{\"@type\":\"WebSite\",\"@id\":\"https:\/\/www.episcopalchurch.org\/#website\",\"url\":\"https:\/\/www.episcopalchurch.org\/\",\"name\":\"The Episcopal Church\",\"description\":\"Welcomes You\",\"publisher\":{\"@id\":\"https:\/\/www.episcopalchurch.org\/#organization\"},\"potentialAction\":[{\"@type\":\"SearchAction\",\"target\":{\"@type\":\"EntryPoint\",\"urlTemplate\":\"https:\/\/www.episcopalchurch.org\/?s={search_term_string}\"},\"query-input\":{\"@type\":\"PropertyValueSpecification\",\"valueRequired\":true,\"valueName\":\"search_term_string\"}}],\"inLanguage\":\"es-ES\"},{\"@type\":\"Organization\",\"@id\":\"https:\/\/www.episcopalchurch.org\/#organization\",\"name\":\"The Episcopal Church\",\"url\":\"https:\/\/www.episcopalchurch.org\/\",\"logo\":{\"@type\":\"ImageObject\",\"inLanguage\":\"es-ES\",\"@id\":\"https:\/\/www.episcopalchurch.org\/#\/schema\/logo\/image\/\",\"url\":\"https:\/\/www.episcopalchurch.org\/wp-content\/uploads\/2021\/01\/vertical_episcopal_logo.jpg\",\"contentUrl\":\"https:\/\/www.episcopalchurch.org\/wp-content\/uploads\/2021\/01\/vertical_episcopal_logo.jpg\",\"width\":770,\"height\":662,\"caption\":\"The Episcopal Church\"},\"image\":{\"@id\":\"https:\/\/www.episcopalchurch.org\/#\/schema\/logo\/image\/\"},\"sameAs\":[\"https:\/\/www.facebook.com\/episcopalian\",\"https:\/\/x.com\/iamepiscopalian\",\"https:\/\/www.youtube.com\/channel\/UCdVJpxCtK41c_-p6EaE4_2A\"]}]}<\/script>\n<!-- \/ Yoast SEO Premium plugin. -->","yoast_head_json":{"title":"Sobre los Sermones que Iluminan &#8211; The Episcopal Church","robots":{"index":"index","follow":"follow","max-snippet":"max-snippet:-1","max-image-preview":"max-image-preview:large","max-video-preview":"max-video-preview:-1"},"canonical":"https:\/\/www.episcopalchurch.org\/es\/sermones-que-iluminan\/sobre-los-sermones-que-iluminan\/","og_locale":"es_ES","og_type":"article","og_title":"Sobre los Sermones que Iluminan","og_description":"Sobre los Sermones que Iluminan \u00a1Bienvenido a los Sermones que Iluminan! La Iglesia Episcopal acepta muchos puntos de vista diferentes, y los sermones que se escuchan en un servicio episcopal pueden variar bastante de una congregaci\u00f3n a otra. Aunque no existe un serm\u00f3n \u201ct\u00edpico\u201d o que se aplique en todos los casos para todas las [&hellip;]","og_url":"https:\/\/www.episcopalchurch.org\/es\/sermones-que-iluminan\/sobre-los-sermones-que-iluminan\/","og_site_name":"The Episcopal Church","article_publisher":"https:\/\/www.facebook.com\/episcopalian","article_modified_time":"2020-10-15T14:06:38+00:00","og_image":[{"width":928,"height":927,"url":"https:\/\/www.episcopalchurch.org\/wp-content\/uploads\/2020\/12\/Sermons_that_Work_SQ.png","type":"image\/png"}],"twitter_card":"summary_large_image","twitter_site":"@iamepiscopalian","twitter_misc":{"Est. reading time":"1 minute"},"schema":{"@context":"https:\/\/schema.org","@graph":[{"@type":"WebPage","@id":"https:\/\/www.episcopalchurch.org\/es\/sermones-que-iluminan\/sobre-los-sermones-que-iluminan\/","url":"https:\/\/www.episcopalchurch.org\/es\/sermones-que-iluminan\/sobre-los-sermones-que-iluminan\/","name":"Sobre los Sermones que Iluminan &#8211; The Episcopal Church","isPartOf":{"@id":"https:\/\/www.episcopalchurch.org\/#website"},"primaryImageOfPage":{"@id":"https:\/\/www.episcopalchurch.org\/es\/sermones-que-iluminan\/sobre-los-sermones-que-iluminan\/#primaryimage"},"image":{"@id":"https:\/\/www.episcopalchurch.org\/es\/sermones-que-iluminan\/sobre-los-sermones-que-iluminan\/#primaryimage"},"thumbnailUrl":"https:\/\/www.episcopalchurch.org\/wp-content\/uploads\/2020\/12\/Sermons_that_Work_SQ.png","datePublished":"2020-06-17T01:47:36+00:00","dateModified":"2020-10-15T14:06:38+00:00","breadcrumb":{"@id":"https:\/\/www.episcopalchurch.org\/es\/sermones-que-iluminan\/sobre-los-sermones-que-iluminan\/#breadcrumb"},"inLanguage":"es-ES","potentialAction":[{"@type":"ReadAction","target":["https:\/\/www.episcopalchurch.org\/es\/sermones-que-iluminan\/sobre-los-sermones-que-iluminan\/"]}]},{"@type":"ImageObject","inLanguage":"es-ES","@id":"https:\/\/www.episcopalchurch.org\/es\/sermones-que-iluminan\/sobre-los-sermones-que-iluminan\/#primaryimage","url":"https:\/\/www.episcopalchurch.org\/wp-content\/uploads\/2020\/12\/Sermons_that_Work_SQ.png","contentUrl":"https:\/\/www.episcopalchurch.org\/wp-content\/uploads\/2020\/12\/Sermons_that_Work_SQ.png","width":928,"height":927,"caption":"Sermons That Work"},{"@type":"BreadcrumbList","@id":"https:\/\/www.episcopalchurch.org\/es\/sermones-que-iluminan\/sobre-los-sermones-que-iluminan\/#breadcrumb","itemListElement":[{"@type":"ListItem","position":1,"name":"Home","item":"https:\/\/www.episcopalchurch.org\/"},{"@type":"ListItem","position":2,"name":"Sermones que Iluminan","item":"https:\/\/www.episcopalchurch.org\/es\/sermones-que-iluminan\/"},{"@type":"ListItem","position":3,"name":"Sobre los Sermones que Iluminan"}]},{"@type":"WebSite","@id":"https:\/\/www.episcopalchurch.org\/#website","url":"https:\/\/www.episcopalchurch.org\/","name":"The Episcopal Church","description":"Welcomes You","publisher":{"@id":"https:\/\/www.episcopalchurch.org\/#organization"},"potentialAction":[{"@type":"SearchAction","target":{"@type":"EntryPoint","urlTemplate":"https:\/\/www.episcopalchurch.org\/?s={search_term_string}"},"query-input":{"@type":"PropertyValueSpecification","valueRequired":true,"valueName":"search_term_string"}}],"inLanguage":"es-ES"},{"@type":"Organization","@id":"https:\/\/www.episcopalchurch.org\/#organization","name":"The Episcopal Church","url":"https:\/\/www.episcopalchurch.org\/","logo":{"@type":"ImageObject","inLanguage":"es-ES","@id":"https:\/\/www.episcopalchurch.org\/#\/schema\/logo\/image\/","url":"https:\/\/www.episcopalchurch.org\/wp-content\/uploads\/2021\/01\/vertical_episcopal_logo.jpg","contentUrl":"https:\/\/www.episcopalchurch.org\/wp-content\/uploads\/2021\/01\/vertical_episcopal_logo.jpg","width":770,"height":662,"caption":"The Episcopal Church"},"image":{"@id":"https:\/\/www.episcopalchurch.org\/#\/schema\/logo\/image\/"},"sameAs":["https:\/\/www.facebook.com\/episcopalian","https:\/\/x.com\/iamepiscopalian","https:\/\/www.youtube.com\/channel\/UCdVJpxCtK41c_-p6EaE4_2A"]}]}},"taxonomy_info":[],"featured_image_src_large":["https:\/\/www.episcopalchurch.org\/wp-content\/uploads\/2020\/12\/Sermons_that_Work_SQ.png",928,927,false],"author_info":{"display_name":"wwedderburn","author_link":"https:\/\/www.episcopalchurch.org\/es\/author\/wwedderburn\/"},"comment_info":"","uagb_featured_image_src":{"full":["https:\/\/www.episcopalchurch.org\/wp-content\/uploads\/2020\/12\/Sermons_that_Work_SQ.png",928,927,false],"thumbnail":["https:\/\/www.episcopalchurch.org\/wp-content\/uploads\/2020\/12\/Sermons_that_Work_SQ-150x150.png",150,150,true],"medium":["https:\/\/www.episcopalchurch.org\/wp-content\/uploads\/2020\/12\/Sermons_that_Work_SQ-300x300.png",300,300,true],"medium_large":["https:\/\/www.episcopalchurch.org\/wp-content\/uploads\/2020\/12\/Sermons_that_Work_SQ-768x767.png",768,767,true],"large":["https:\/\/www.episcopalchurch.org\/wp-content\/uploads\/2020\/12\/Sermons_that_Work_SQ.png",928,927,false],"1536x1536":["https:\/\/www.episcopalchurch.org\/wp-content\/uploads\/2020\/12\/Sermons_that_Work_SQ.png",928,927,false],"2048x2048":["https:\/\/www.episcopalchurch.org\/wp-content\/uploads\/2020\/12\/Sermons_that_Work_SQ.png",928,927,false],"menu":["https:\/\/www.episcopalchurch.org\/wp-content\/uploads\/2020\/12\/Sermons_that_Work_SQ-330x200.png",330,200,true],"hero":["https:\/\/www.episcopalchurch.org\/wp-content\/uploads\/2020\/12\/Sermons_that_Work_SQ-928x550.png",928,550,true],"callout-image":["https:\/\/www.episcopalchurch.org\/wp-content\/uploads\/2020\/12\/Sermons_that_Work_SQ-480x479.png",480,479,true]},"uagb_author_info":{"display_name":"wwedderburn","author_link":"https:\/\/www.episcopalchurch.org\/es\/author\/wwedderburn\/"},"uagb_comment_info":0,"uagb_excerpt":"Sobre los Sermones que Iluminan \u00a1Bienvenido a los Sermones que Iluminan! La Iglesia Episcopal acepta muchos puntos de vista diferentes, y los sermones que se escuchan en un servicio episcopal pueden variar bastante de una congregaci\u00f3n a otra. Aunque no existe un serm\u00f3n \u201ct\u00edpico\u201d o que se aplique en todos los casos para todas las&hellip;","_links":{"self":[{"href":"https:\/\/www.episcopalchurch.org\/es\/wp-json\/wp\/v2\/pages\/191154","targetHints":{"allow":["GET"]}}],"collection":[{"href":"https:\/\/www.episcopalchurch.org\/es\/wp-json\/wp\/v2\/pages"}],"about":[{"href":"https:\/\/www.episcopalchurch.org\/es\/wp-json\/wp\/v2\/types\/page"}],"author":[{"embeddable":true,"href":"https:\/\/www.episcopalchurch.org\/es\/wp-json\/wp\/v2\/users\/444"}],"replies":[{"embeddable":true,"href":"https:\/\/www.episcopalchurch.org\/es\/wp-json\/wp\/v2\/comments?post=191154"}],"version-history":[{"count":0,"href":"https:\/\/www.episcopalchurch.org\/es\/wp-json\/wp\/v2\/pages\/191154\/revisions"}],"up":[{"embeddable":true,"href":"https:\/\/www.episcopalchurch.org\/es\/wp-json\/wp\/v2\/pages\/176766"}],"wp:featuredmedia":[{"embeddable":true,"href":"https:\/\/www.episcopalchurch.org\/es\/wp-json\/wp\/v2\/media\/201214"}],"wp:attachment":[{"href":"https:\/\/www.episcopalchurch.org\/es\/wp-json\/wp\/v2\/media?parent=191154"}],"curies":[{"name":"wp","href":"https:\/\/api.w.org\/{rel}","templated":true}]}}