{"id":197252,"date":"2020-11-24T12:48:37","date_gmt":"2020-11-24T17:48:37","guid":{"rendered":"https:\/\/www2.episcopalchurch.org\/funding\/"},"modified":"2023-06-01T10:54:57","modified_gmt":"2023-06-01T14:54:57","slug":"subvenciones","status":"publish","type":"page","link":"https:\/\/www.episcopalchurch.org\/es\/ministries\/new-episcopal-communities\/subvenciones\/","title":{"rendered":"Subvenciones"},"content":{"rendered":"    <div\n      class=\"wp-block-episcopal-hero-banner alignfull\"\n            style=\"background-image: url(https:\/\/www.episcopalchurch.org\/wp-content\/uploads\/2025\/10\/onehundredseventyfive-Zg0m32COaZU-unsplash-scaled.jpg)\"\n          >\n      <div\n        class=\"hero-banner\"\n      >\n        <div class=\"hero-banner-wrapper\">\n          <h1 class=\"episcopal-hero-title\">\n                          New Episcopal Communities                      <\/h1>\n          \n                      <ul class=\"social-nav\">\n                              <li class=\"facebook\">\n                  <a href=\"https:\/\/www.facebook.com\/episcopalgenesis\/\"><i class=\"fab fa-facebook-f\"><\/i><\/a>\n                <\/li>\n                                                                    <\/ul>\n                  <\/div>\n      <\/div>\n    <\/div>\n\n  \n\n\n<div class=\"wp-block-buttons is-layout-flex wp-block-buttons-is-layout-flex\">\n<div class=\"wp-block-button\"><a class=\"wp-block-button__link has-background wp-element-button\" href=\"https:\/\/www.episcopalchurch.org\/ministries\/new-episcopal-communities\/\" style=\"background-color:#40ae49\">Home<\/a><\/div>\n\n\n\n<div class=\"wp-block-button is-style-fill\"><a class=\"wp-block-button__link has-background wp-element-button\" href=\"https:\/\/www.episcopalchurch.org\/ministries\/new-episcopal-communities\/faq\/\" style=\"background-color:#40ae49\">Frequently Asked Questions<\/a><\/div>\n\n\n\n<div class=\"wp-block-button is-style-fill\"><a class=\"wp-block-button__link has-background wp-element-button\" href=\"https:\/\/www.episcopalchurch.org\/ministries\/new-episcopal-communities\/sharing-our-stories\/\" style=\"background-color:#40ae49\">Our Stories<\/a><\/div>\n<\/div>\n\n\n\n<div style=\"height:20px\" aria-hidden=\"true\" class=\"wp-block-spacer\"><\/div>\n\n\n\n<div class=\"wp-block-buttons is-layout-flex wp-block-buttons-is-layout-flex\">\n<div class=\"wp-block-button is-style-fill\"><a class=\"wp-block-button__link has-background wp-element-button\" href=\"https:\/\/www.episcopalchurch.org\/grants-and-scholarships\/new-episcopal-community-grants\/\" style=\"background-color:#40ae49\">Funding<\/a><\/div>\n\n\n\n<div class=\"wp-block-button is-style-fill\"><a class=\"wp-block-button__link has-background wp-element-button\" href=\"https:\/\/www.episcopalchurch.org\/ministries\/new-episcopal-communities\/our-ministries\/\" style=\"background-color:#40ae49\">Our Ministries<\/a><\/div>\n\n\n\n<div class=\"wp-block-button is-style-fill\"><a class=\"wp-block-button__link has-background wp-element-button\" href=\"https:\/\/www.episcopalchurch.org\/ministries\/new-episcopal-communities\/discover-new-ministries\/\" style=\"background-color:#40ae49\">New Ministry Video Series<\/a><\/div>\n\n\n\n<div class=\"wp-block-button\"><a class=\"wp-block-button__link has-background wp-element-button\" href=\"https:\/\/www.episcopalchurch.org\/ministries\/new-episcopal-communities\/blog\/\" style=\"background-color:#40ae49\">Blog<\/a><\/div>\n<\/div>\n\n\n\n<h1 class=\"wp-block-heading\" id=\"page-title\">Subvenciones a las Nuevas Comunidades Episcopales<\/h1>\n\n\n\n<p>Las&nbsp;<a href=\"https:\/\/www.episcopalchurch.org\/es\/ministries\/new-episcopal-communities\/subvenciones\/\">solicitudes de subvenciones de la Nueva Comunidad Episcopal<\/a>&nbsp;est\u00e1n abiertas para di\u00f3cesis y promotores de misiones que conciben, planifican o desarrollan nuevas comunidades de culto y empresas misionales en toda la Iglesia. La fecha l\u00edmite para solicitar la primera ronda de subvenciones de la Nueva Comunidad Episcopal de 2023 es el 1 de mayo. La segunda fecha l\u00edmite es el 1 de agosto.<\/p>\n\n\n\n<p>La Oficina de Fundaci\u00f3n y Rehabilitaci\u00f3n de Iglesias de la Iglesia Episcopal llevar\u00e1 a cabo talleres informativos v\u00eda <a href=\"https:\/\/us02web.zoom.us\/j\/81641194066#success\" target=\"_blank\" rel=\"noreferrer noopener\">Zoom<\/a> para responder a preguntas y ofrecer orientaci\u00f3n.<\/p>\n\n\n\n<ul class=\"wp-block-list\">\n<li>Jueves, 15 de junio, 12-1 p. m. HE<\/li>\n\n\n\n<li>Jueves, 6 de julio, 3-4 p. m. HE<\/li>\n<\/ul>\n\n\n\n<p id=\"tw-target-text\">Los plazos para el resto del trienio ser\u00e1n determinados por el Grupo de Trabajo sobre Plantaci\u00f3n y Redesarrollo de Iglesias. Comun\u00edquese con <a href=\"https:\/\/www.episcopalchurch.org\/staff\/the-rev-katherine-nakamura-rengers\/\">la Reverenda Katie Nakamura Rengers<\/a>, oficial de personal para la plantaci\u00f3n de iglesias, si tiene alguna pregunta.<\/p>\n\n\n\n<div class=\"wp-block-file\"><a id=\"wp-block-file--media-54519da5-691a-4bbd-a743-2029e983fe17\" href=\"https:\/\/www.episcopalchurch.org\/wp-content\/uploads\/2023\/03\/Guia-de-Solicitud-de-Nuevas-Propuestas-de-la-Comunidad-Episcopal-2022.docx\"><strong>Guia de Solicitud de Nuevas Propuestas de la Comunidad Episcopal<\/strong><\/a><a href=\"https:\/\/www.episcopalchurch.org\/wp-content\/uploads\/2023\/03\/Guia-de-Solicitud-de-Nuevas-Propuestas-de-la-Comunidad-Episcopal-2022.docx\" class=\"wp-block-file__button wp-element-button\" download aria-describedby=\"wp-block-file--media-54519da5-691a-4bbd-a743-2029e983fe17\">Descargar<\/a><\/div>\n\n\n\n<div class=\"wp-block-file\"><a id=\"wp-block-file--media-d0b9be91-b93f-43b5-8943-dedb43dc7623\" href=\"https:\/\/www.episcopalchurch.org\/wp-content\/uploads\/2023\/03\/Formulario-de-respaldo-diocesano-Solicitudes-de-subvencion-semilla-y-discernimiento.docx\"><strong>Formulario de respaldo diocesano para solicitudes de Discernimiento y Subsidio Semilla<\/strong><\/a><a href=\"https:\/\/www.episcopalchurch.org\/wp-content\/uploads\/2023\/03\/Formulario-de-respaldo-diocesano-Solicitudes-de-subvencion-semilla-y-discernimiento.docx\" class=\"wp-block-file__button wp-element-button\" download aria-describedby=\"wp-block-file--media-d0b9be91-b93f-43b5-8943-dedb43dc7623\">Descargar<\/a><\/div>\n\n\n\n<div class=\"wp-block-file\"><a id=\"wp-block-file--media-26ab530e-a9ca-48ce-bed3-1be6450076fb\" href=\"https:\/\/www.episcopalchurch.org\/wp-content\/uploads\/2023\/03\/Formulario-de-respaldo-diocesano.docx\"><strong>Formulario de respaldo diocesano para solicitudes de subvenciones de crecimiento y cosecha<\/strong><\/a><a href=\"https:\/\/www.episcopalchurch.org\/wp-content\/uploads\/2023\/03\/Formulario-de-respaldo-diocesano.docx\" class=\"wp-block-file__button wp-element-button\" download aria-describedby=\"wp-block-file--media-26ab530e-a9ca-48ce-bed3-1be6450076fb\">Descargar<\/a><\/div>\n\n\n\n<div class=\"wp-block-buttons is-layout-flex wp-block-buttons-is-layout-flex\">\n<div class=\"wp-block-button\"><a class=\"wp-block-button__link wp-element-button\" href=\"https:\/\/dfms.formstack.com\/forms\/2022_2024_grant_applications_spanish_submissions\">Aplicar en espa\u00f1ol<\/a><\/div>\n<\/div>\n\n\n\n<div class=\"wp-block-columns is-style-default mt-40 is-layout-flex wp-container-core-columns-is-layout-9d6595d7 wp-block-columns-is-layout-flex\">\n<div class=\"wp-block-column is-layout-flow wp-block-column-is-layout-flow\">\n<figure class=\"wp-block-image size-large\"><a href=\"https:\/\/www.episcopalchurch.org\/ministries\/church-planting-redevelopment\/\"><img loading=\"lazy\" decoding=\"async\" width=\"1024\" height=\"631\" src=\"https:\/\/www.episcopalchurch.org\/wp-content\/uploads\/2021\/11\/Church-Planting-and-Redevelopment-1024x631.png\" alt=\"\" class=\"wp-image-256191\" srcset=\"https:\/\/www.episcopalchurch.org\/wp-content\/uploads\/2021\/11\/Church-Planting-and-Redevelopment-1024x631.png 1024w, https:\/\/www.episcopalchurch.org\/wp-content\/uploads\/2021\/11\/Church-Planting-and-Redevelopment-300x185.png 300w, https:\/\/www.episcopalchurch.org\/wp-content\/uploads\/2021\/11\/Church-Planting-and-Redevelopment-768x473.png 768w, https:\/\/www.episcopalchurch.org\/wp-content\/uploads\/2021\/11\/Church-Planting-and-Redevelopment-1536x946.png 1536w, https:\/\/www.episcopalchurch.org\/wp-content\/uploads\/2021\/11\/Church-Planting-and-Redevelopment-2048x1262.png 2048w, https:\/\/www.episcopalchurch.org\/wp-content\/uploads\/2021\/11\/Church-Planting-and-Redevelopment-480x296.png 480w\" sizes=\"auto, (max-width: 1024px) 100vw, 1024px\" \/><\/a><\/figure>\n<\/div>\n\n\n\n<div class=\"wp-block-column is-vertically-aligned-center is-layout-flow wp-block-column-is-layout-flow\">\n<div class=\"wp-block-uagb-team uagb-team__image-position-above uagb-team__align-center uagb-team__stack-tablet uagb-block-9ccf094d\"><div class=\"uagb-team__content\"><h3 class=\"uagb-team__title\">The Rev. Jason Shank<\/h3><span class=\"uagb-team__prefix\">Interim Church Planting Networking Strategist<\/span><p class=\"uagb-team__desc\"><\/p><ul class=\"uagb-team__social-list\"><\/ul><\/div><\/div>\n\n\n\n<div class=\"wp-block-uagb-team uagb-team__image-position-above uagb-team__align-center uagb-team__stack-tablet uagb-block-db0b6e3a\"><div class=\"uagb-team__content\"><h3 class=\"uagb-team__title\">Haley Bankey<\/h3><span class=\"uagb-team__prefix\">Church Planting and Redevelopment Assessment Specialist<\/span><p class=\"uagb-team__desc\"><a href=\"https:\/\/www.episcopalchurch.org\/contact-tec\/\">Contact Us<\/a><\/p><\/div><\/div>\n<\/div>\n\n\n\n<div class=\"wp-block-column is-layout-flow wp-block-column-is-layout-flow\"><\/div>\n<\/div>\n","protected":false},"excerpt":{"rendered":"<p>Subvenciones a las Nuevas Comunidades Episcopales Las&nbsp;solicitudes de subvenciones de la Nueva Comunidad Episcopal&nbsp;est\u00e1n abiertas para di\u00f3cesis y promotores de misiones que conciben, planifican o desarrollan nuevas comunidades de culto y empresas misionales en toda la Iglesia. La fecha l\u00edmite para solicitar la primera ronda de subvenciones de la Nueva Comunidad Episcopal de 2023 es [&hellip;]<\/p>\n","protected":false},"author":444,"featured_media":198080,"parent":171975,"menu_order":0,"comment_status":"closed","ping_status":"closed","template":"","meta":{"_acf_changed":false,"_uag_custom_page_level_css":"","_kad_blocks_custom_css":"","_kad_blocks_head_custom_js":"","_kad_blocks_body_custom_js":"","_kad_blocks_footer_custom_js":"","_kadence_starter_templates_imported_post":false,"footnotes":"","_links_to":"","_links_to_target":""},"class_list":["post-197252","page","type-page","status-publish","has-post-thumbnail","hentry"],"acf":[],"yoast_head":"<!-- This site is optimized with the Yoast SEO Premium plugin v24.6 (Yoast SEO v26.3) - https:\/\/yoast.com\/wordpress\/plugins\/seo\/ -->\n<title>Subvenciones &#8211; The Episcopal Church<\/title>\n<meta name=\"robots\" content=\"index, follow, max-snippet:-1, max-image-preview:large, max-video-preview:-1\" \/>\n<link rel=\"canonical\" href=\"https:\/\/www.episcopalchurch.org\/es\/ministries\/new-episcopal-communities\/subvenciones\/\" \/>\n<meta property=\"og:locale\" content=\"es_ES\" \/>\n<meta property=\"og:type\" content=\"article\" \/>\n<meta property=\"og:title\" content=\"Subvenciones\" \/>\n<meta property=\"og:description\" content=\"Subvenciones a las Nuevas Comunidades Episcopales Las&nbsp;solicitudes de subvenciones de la Nueva Comunidad Episcopal&nbsp;est\u00e1n abiertas para di\u00f3cesis y promotores de misiones que conciben, planifican o desarrollan nuevas comunidades de culto y empresas misionales en toda la Iglesia. La fecha l\u00edmite para solicitar la primera ronda de subvenciones de la Nueva Comunidad Episcopal de 2023 es [&hellip;]\" \/>\n<meta property=\"og:url\" content=\"https:\/\/www.episcopalchurch.org\/es\/ministries\/new-episcopal-communities\/subvenciones\/\" \/>\n<meta property=\"og:site_name\" content=\"The Episcopal Church\" \/>\n<meta property=\"article:publisher\" content=\"https:\/\/www.facebook.com\/episcopalian\" \/>\n<meta property=\"article:modified_time\" content=\"2023-06-01T14:54:57+00:00\" \/>\n<meta property=\"og:image\" content=\"https:\/\/www.episcopalchurch.org\/wp-content\/uploads\/2020\/11\/New_Episcopal_Communities_Square.png\" \/>\n\t<meta property=\"og:image:width\" content=\"751\" \/>\n\t<meta property=\"og:image:height\" content=\"751\" \/>\n\t<meta property=\"og:image:type\" content=\"image\/png\" \/>\n<meta name=\"twitter:card\" content=\"summary_large_image\" \/>\n<meta name=\"twitter:site\" content=\"@iamepiscopalian\" \/>\n<meta name=\"twitter:label1\" content=\"Est. reading time\" \/>\n\t<meta name=\"twitter:data1\" content=\"1 minute\" \/>\n<script type=\"application\/ld+json\" class=\"yoast-schema-graph\">{\"@context\":\"https:\/\/schema.org\",\"@graph\":[{\"@type\":\"WebPage\",\"@id\":\"https:\/\/www.episcopalchurch.org\/es\/ministries\/new-episcopal-communities\/subvenciones\/\",\"url\":\"https:\/\/www.episcopalchurch.org\/es\/ministries\/new-episcopal-communities\/subvenciones\/\",\"name\":\"Subvenciones &#8211; The Episcopal Church\",\"isPartOf\":{\"@id\":\"https:\/\/www.episcopalchurch.org\/#website\"},\"primaryImageOfPage\":{\"@id\":\"https:\/\/www.episcopalchurch.org\/es\/ministries\/new-episcopal-communities\/subvenciones\/#primaryimage\"},\"image\":{\"@id\":\"https:\/\/www.episcopalchurch.org\/es\/ministries\/new-episcopal-communities\/subvenciones\/#primaryimage\"},\"thumbnailUrl\":\"https:\/\/www.episcopalchurch.org\/wp-content\/uploads\/2020\/11\/New_Episcopal_Communities_Square.png\",\"datePublished\":\"2020-11-24T17:48:37+00:00\",\"dateModified\":\"2023-06-01T14:54:57+00:00\",\"breadcrumb\":{\"@id\":\"https:\/\/www.episcopalchurch.org\/es\/ministries\/new-episcopal-communities\/subvenciones\/#breadcrumb\"},\"inLanguage\":\"es-ES\",\"potentialAction\":[{\"@type\":\"ReadAction\",\"target\":[\"https:\/\/www.episcopalchurch.org\/es\/ministries\/new-episcopal-communities\/subvenciones\/\"]}]},{\"@type\":\"ImageObject\",\"inLanguage\":\"es-ES\",\"@id\":\"https:\/\/www.episcopalchurch.org\/es\/ministries\/new-episcopal-communities\/subvenciones\/#primaryimage\",\"url\":\"https:\/\/www.episcopalchurch.org\/wp-content\/uploads\/2020\/11\/New_Episcopal_Communities_Square.png\",\"contentUrl\":\"https:\/\/www.episcopalchurch.org\/wp-content\/uploads\/2020\/11\/New_Episcopal_Communities_Square.png\",\"width\":751,\"height\":751},{\"@type\":\"BreadcrumbList\",\"@id\":\"https:\/\/www.episcopalchurch.org\/es\/ministries\/new-episcopal-communities\/subvenciones\/#breadcrumb\",\"itemListElement\":[{\"@type\":\"ListItem\",\"position\":1,\"name\":\"Home\",\"item\":\"https:\/\/www.episcopalchurch.org\/\"},{\"@type\":\"ListItem\",\"position\":2,\"name\":\"Ministries\",\"item\":\"https:\/\/www.episcopalchurch.org\/ministries\/\"},{\"@type\":\"ListItem\",\"position\":3,\"name\":\"New Episcopal Communities\",\"item\":\"https:\/\/www.episcopalchurch.org\/ministries\/new-episcopal-communities\/\"},{\"@type\":\"ListItem\",\"position\":4,\"name\":\"Subvenciones\"}]},{\"@type\":\"WebSite\",\"@id\":\"https:\/\/www.episcopalchurch.org\/#website\",\"url\":\"https:\/\/www.episcopalchurch.org\/\",\"name\":\"The Episcopal Church\",\"description\":\"Welcomes You\",\"publisher\":{\"@id\":\"https:\/\/www.episcopalchurch.org\/#organization\"},\"potentialAction\":[{\"@type\":\"SearchAction\",\"target\":{\"@type\":\"EntryPoint\",\"urlTemplate\":\"https:\/\/www.episcopalchurch.org\/?s={search_term_string}\"},\"query-input\":{\"@type\":\"PropertyValueSpecification\",\"valueRequired\":true,\"valueName\":\"search_term_string\"}}],\"inLanguage\":\"es-ES\"},{\"@type\":\"Organization\",\"@id\":\"https:\/\/www.episcopalchurch.org\/#organization\",\"name\":\"The Episcopal Church\",\"url\":\"https:\/\/www.episcopalchurch.org\/\",\"logo\":{\"@type\":\"ImageObject\",\"inLanguage\":\"es-ES\",\"@id\":\"https:\/\/www.episcopalchurch.org\/#\/schema\/logo\/image\/\",\"url\":\"https:\/\/www.episcopalchurch.org\/wp-content\/uploads\/2021\/01\/vertical_episcopal_logo.jpg\",\"contentUrl\":\"https:\/\/www.episcopalchurch.org\/wp-content\/uploads\/2021\/01\/vertical_episcopal_logo.jpg\",\"width\":770,\"height\":662,\"caption\":\"The Episcopal Church\"},\"image\":{\"@id\":\"https:\/\/www.episcopalchurch.org\/#\/schema\/logo\/image\/\"},\"sameAs\":[\"https:\/\/www.facebook.com\/episcopalian\",\"https:\/\/x.com\/iamepiscopalian\",\"https:\/\/www.youtube.com\/channel\/UCdVJpxCtK41c_-p6EaE4_2A\"]}]}<\/script>\n<!-- \/ Yoast SEO Premium plugin. -->","yoast_head_json":{"title":"Subvenciones &#8211; The Episcopal Church","robots":{"index":"index","follow":"follow","max-snippet":"max-snippet:-1","max-image-preview":"max-image-preview:large","max-video-preview":"max-video-preview:-1"},"canonical":"https:\/\/www.episcopalchurch.org\/es\/ministries\/new-episcopal-communities\/subvenciones\/","og_locale":"es_ES","og_type":"article","og_title":"Subvenciones","og_description":"Subvenciones a las Nuevas Comunidades Episcopales Las&nbsp;solicitudes de subvenciones de la Nueva Comunidad Episcopal&nbsp;est\u00e1n abiertas para di\u00f3cesis y promotores de misiones que conciben, planifican o desarrollan nuevas comunidades de culto y empresas misionales en toda la Iglesia. La fecha l\u00edmite para solicitar la primera ronda de subvenciones de la Nueva Comunidad Episcopal de 2023 es [&hellip;]","og_url":"https:\/\/www.episcopalchurch.org\/es\/ministries\/new-episcopal-communities\/subvenciones\/","og_site_name":"The Episcopal Church","article_publisher":"https:\/\/www.facebook.com\/episcopalian","article_modified_time":"2023-06-01T14:54:57+00:00","og_image":[{"width":751,"height":751,"url":"https:\/\/www.episcopalchurch.org\/wp-content\/uploads\/2020\/11\/New_Episcopal_Communities_Square.png","type":"image\/png"}],"twitter_card":"summary_large_image","twitter_site":"@iamepiscopalian","twitter_misc":{"Est. reading time":"1 minute"},"schema":{"@context":"https:\/\/schema.org","@graph":[{"@type":"WebPage","@id":"https:\/\/www.episcopalchurch.org\/es\/ministries\/new-episcopal-communities\/subvenciones\/","url":"https:\/\/www.episcopalchurch.org\/es\/ministries\/new-episcopal-communities\/subvenciones\/","name":"Subvenciones &#8211; The Episcopal Church","isPartOf":{"@id":"https:\/\/www.episcopalchurch.org\/#website"},"primaryImageOfPage":{"@id":"https:\/\/www.episcopalchurch.org\/es\/ministries\/new-episcopal-communities\/subvenciones\/#primaryimage"},"image":{"@id":"https:\/\/www.episcopalchurch.org\/es\/ministries\/new-episcopal-communities\/subvenciones\/#primaryimage"},"thumbnailUrl":"https:\/\/www.episcopalchurch.org\/wp-content\/uploads\/2020\/11\/New_Episcopal_Communities_Square.png","datePublished":"2020-11-24T17:48:37+00:00","dateModified":"2023-06-01T14:54:57+00:00","breadcrumb":{"@id":"https:\/\/www.episcopalchurch.org\/es\/ministries\/new-episcopal-communities\/subvenciones\/#breadcrumb"},"inLanguage":"es-ES","potentialAction":[{"@type":"ReadAction","target":["https:\/\/www.episcopalchurch.org\/es\/ministries\/new-episcopal-communities\/subvenciones\/"]}]},{"@type":"ImageObject","inLanguage":"es-ES","@id":"https:\/\/www.episcopalchurch.org\/es\/ministries\/new-episcopal-communities\/subvenciones\/#primaryimage","url":"https:\/\/www.episcopalchurch.org\/wp-content\/uploads\/2020\/11\/New_Episcopal_Communities_Square.png","contentUrl":"https:\/\/www.episcopalchurch.org\/wp-content\/uploads\/2020\/11\/New_Episcopal_Communities_Square.png","width":751,"height":751},{"@type":"BreadcrumbList","@id":"https:\/\/www.episcopalchurch.org\/es\/ministries\/new-episcopal-communities\/subvenciones\/#breadcrumb","itemListElement":[{"@type":"ListItem","position":1,"name":"Home","item":"https:\/\/www.episcopalchurch.org\/"},{"@type":"ListItem","position":2,"name":"Ministries","item":"https:\/\/www.episcopalchurch.org\/ministries\/"},{"@type":"ListItem","position":3,"name":"New Episcopal Communities","item":"https:\/\/www.episcopalchurch.org\/ministries\/new-episcopal-communities\/"},{"@type":"ListItem","position":4,"name":"Subvenciones"}]},{"@type":"WebSite","@id":"https:\/\/www.episcopalchurch.org\/#website","url":"https:\/\/www.episcopalchurch.org\/","name":"The Episcopal Church","description":"Welcomes You","publisher":{"@id":"https:\/\/www.episcopalchurch.org\/#organization"},"potentialAction":[{"@type":"SearchAction","target":{"@type":"EntryPoint","urlTemplate":"https:\/\/www.episcopalchurch.org\/?s={search_term_string}"},"query-input":{"@type":"PropertyValueSpecification","valueRequired":true,"valueName":"search_term_string"}}],"inLanguage":"es-ES"},{"@type":"Organization","@id":"https:\/\/www.episcopalchurch.org\/#organization","name":"The Episcopal Church","url":"https:\/\/www.episcopalchurch.org\/","logo":{"@type":"ImageObject","inLanguage":"es-ES","@id":"https:\/\/www.episcopalchurch.org\/#\/schema\/logo\/image\/","url":"https:\/\/www.episcopalchurch.org\/wp-content\/uploads\/2021\/01\/vertical_episcopal_logo.jpg","contentUrl":"https:\/\/www.episcopalchurch.org\/wp-content\/uploads\/2021\/01\/vertical_episcopal_logo.jpg","width":770,"height":662,"caption":"The Episcopal Church"},"image":{"@id":"https:\/\/www.episcopalchurch.org\/#\/schema\/logo\/image\/"},"sameAs":["https:\/\/www.facebook.com\/episcopalian","https:\/\/x.com\/iamepiscopalian","https:\/\/www.youtube.com\/channel\/UCdVJpxCtK41c_-p6EaE4_2A"]}]}},"taxonomy_info":[],"featured_image_src_large":["https:\/\/www.episcopalchurch.org\/wp-content\/uploads\/2020\/11\/New_Episcopal_Communities_Square.png",751,751,false],"author_info":{"display_name":"wwedderburn","author_link":"https:\/\/www.episcopalchurch.org\/es\/author\/wwedderburn\/"},"comment_info":"","uagb_featured_image_src":{"full":["https:\/\/www.episcopalchurch.org\/wp-content\/uploads\/2020\/11\/New_Episcopal_Communities_Square.png",751,751,false],"thumbnail":["https:\/\/www.episcopalchurch.org\/wp-content\/uploads\/2020\/11\/New_Episcopal_Communities_Square-150x150.png",150,150,true],"medium":["https:\/\/www.episcopalchurch.org\/wp-content\/uploads\/2020\/11\/New_Episcopal_Communities_Square-300x300.png",300,300,true],"medium_large":["https:\/\/www.episcopalchurch.org\/wp-content\/uploads\/2020\/11\/New_Episcopal_Communities_Square.png",751,751,false],"large":["https:\/\/www.episcopalchurch.org\/wp-content\/uploads\/2020\/11\/New_Episcopal_Communities_Square.png",751,751,false],"1536x1536":["https:\/\/www.episcopalchurch.org\/wp-content\/uploads\/2020\/11\/New_Episcopal_Communities_Square.png",751,751,false],"2048x2048":["https:\/\/www.episcopalchurch.org\/wp-content\/uploads\/2020\/11\/New_Episcopal_Communities_Square.png",751,751,false],"menu":["https:\/\/www.episcopalchurch.org\/wp-content\/uploads\/2020\/11\/New_Episcopal_Communities_Square-330x200.png",330,200,true],"hero":["https:\/\/www.episcopalchurch.org\/wp-content\/uploads\/2020\/11\/New_Episcopal_Communities_Square-751x550.png",751,550,true],"callout-image":["https:\/\/www.episcopalchurch.org\/wp-content\/uploads\/2020\/11\/New_Episcopal_Communities_Square-480x480.png",480,480,true]},"uagb_author_info":{"display_name":"wwedderburn","author_link":"https:\/\/www.episcopalchurch.org\/es\/author\/wwedderburn\/"},"uagb_comment_info":0,"uagb_excerpt":"Subvenciones a las Nuevas Comunidades Episcopales Las&nbsp;solicitudes de subvenciones de la Nueva Comunidad Episcopal&nbsp;est\u00e1n abiertas para di\u00f3cesis y promotores de misiones que conciben, planifican o desarrollan nuevas comunidades de culto y empresas misionales en toda la Iglesia. La fecha l\u00edmite para solicitar la primera ronda de subvenciones de la Nueva Comunidad Episcopal de 2023 es&hellip;","_links":{"self":[{"href":"https:\/\/www.episcopalchurch.org\/es\/wp-json\/wp\/v2\/pages\/197252","targetHints":{"allow":["GET"]}}],"collection":[{"href":"https:\/\/www.episcopalchurch.org\/es\/wp-json\/wp\/v2\/pages"}],"about":[{"href":"https:\/\/www.episcopalchurch.org\/es\/wp-json\/wp\/v2\/types\/page"}],"author":[{"embeddable":true,"href":"https:\/\/www.episcopalchurch.org\/es\/wp-json\/wp\/v2\/users\/444"}],"replies":[{"embeddable":true,"href":"https:\/\/www.episcopalchurch.org\/es\/wp-json\/wp\/v2\/comments?post=197252"}],"version-history":[{"count":0,"href":"https:\/\/www.episcopalchurch.org\/es\/wp-json\/wp\/v2\/pages\/197252\/revisions"}],"up":[{"embeddable":true,"href":"https:\/\/www.episcopalchurch.org\/es\/wp-json\/wp\/v2\/pages\/171975"}],"wp:featuredmedia":[{"embeddable":true,"href":"https:\/\/www.episcopalchurch.org\/es\/wp-json\/wp\/v2\/media\/198080"}],"wp:attachment":[{"href":"https:\/\/www.episcopalchurch.org\/es\/wp-json\/wp\/v2\/media?parent=197252"}],"curies":[{"name":"wp","href":"https:\/\/api.w.org\/{rel}","templated":true}]}}