{"id":197258,"date":"2020-11-24T12:01:44","date_gmt":"2020-11-24T17:01:44","guid":{"rendered":"https:\/\/www2.episcopalchurch.org\/faq\/"},"modified":"2020-11-24T14:57:38","modified_gmt":"2020-11-24T19:57:38","slug":"desea-lanzar","status":"publish","type":"page","link":"https:\/\/www.episcopalchurch.org\/es\/ministries\/new-episcopal-communities\/desea-lanzar\/","title":{"rendered":"FAQ"},"content":{"rendered":"    <div\n      class=\"wp-block-episcopal-hero-banner alignfull\"\n            style=\"background-image: url(https:\/\/www.episcopalchurch.org\/wp-content\/uploads\/2025\/10\/onehundredseventyfive-Zg0m32COaZU-unsplash-scaled.jpg)\"\n          >\n      <div\n        class=\"hero-banner\"\n      >\n        <div class=\"hero-banner-wrapper\">\n          <h1 class=\"episcopal-hero-title\">\n                          New Episcopal Communities                      <\/h1>\n          \n                      <ul class=\"social-nav\">\n                              <li class=\"facebook\">\n                  <a href=\"https:\/\/www.facebook.com\/episcopalgenesis\/\"><i class=\"fab fa-facebook-f\"><\/i><\/a>\n                <\/li>\n                                                                    <\/ul>\n                  <\/div>\n      <\/div>\n    <\/div>\n\n  \n\n\n<div class=\"wp-block-buttons is-layout-flex wp-block-buttons-is-layout-flex\">\n<div class=\"wp-block-button\"><a class=\"wp-block-button__link has-background wp-element-button\" href=\"https:\/\/www.episcopalchurch.org\/ministries\/new-episcopal-communities\/\" style=\"background-color:#40ae49\">Home<\/a><\/div>\n\n\n\n<div class=\"wp-block-button is-style-fill\"><a class=\"wp-block-button__link has-background wp-element-button\" href=\"https:\/\/www.episcopalchurch.org\/ministries\/new-episcopal-communities\/faq\/\" style=\"background-color:#40ae49\">Frequently Asked Questions<\/a><\/div>\n\n\n\n<div class=\"wp-block-button is-style-fill\"><a class=\"wp-block-button__link has-background wp-element-button\" href=\"https:\/\/www.episcopalchurch.org\/ministries\/new-episcopal-communities\/sharing-our-stories\/\" style=\"background-color:#40ae49\">Our Stories<\/a><\/div>\n<\/div>\n\n\n\n<div style=\"height:20px\" aria-hidden=\"true\" class=\"wp-block-spacer\"><\/div>\n\n\n\n<div class=\"wp-block-buttons is-layout-flex wp-block-buttons-is-layout-flex\">\n<div class=\"wp-block-button is-style-fill\"><a class=\"wp-block-button__link has-background wp-element-button\" href=\"https:\/\/www.episcopalchurch.org\/grants-and-scholarships\/new-episcopal-community-grants\/\" style=\"background-color:#40ae49\">Funding<\/a><\/div>\n\n\n\n<div class=\"wp-block-button is-style-fill\"><a class=\"wp-block-button__link has-background wp-element-button\" href=\"https:\/\/www.episcopalchurch.org\/ministries\/new-episcopal-communities\/our-ministries\/\" style=\"background-color:#40ae49\">Our Ministries<\/a><\/div>\n\n\n\n<div class=\"wp-block-button is-style-fill\"><a class=\"wp-block-button__link has-background wp-element-button\" href=\"https:\/\/www.episcopalchurch.org\/ministries\/new-episcopal-communities\/discover-new-ministries\/\" style=\"background-color:#40ae49\">New Ministry Video Series<\/a><\/div>\n\n\n\n<div class=\"wp-block-button\"><a class=\"wp-block-button__link has-background wp-element-button\" href=\"https:\/\/www.episcopalchurch.org\/ministries\/new-episcopal-communities\/blog\/\" style=\"background-color:#40ae49\">Blog<\/a><\/div>\n<\/div>\n\n\n\n<h1 class=\"wp-block-heading\" id=\"page-title\">\u00bfDesea Lanzar Un Nuevo Ministerio?<\/h1>\n\n\n\n<p>\u00a1Estamos aqu\u00ed para ayudar! Ya sea usted laico o cl\u00e9rigo, queremos ayudarle a realizar el sue\u00f1o de Dios. Los nuevos ministerios tienen un sinn\u00famero de identidades \u2014 desde un ministerio sacramental y tradicional de adoraci\u00f3n hasta un nuevo ministerio de servicio comunitario. Algunas Nuevas Comunidades Episcopales ser\u00e1n iglesias o instituciones que requerir\u00e1n la aprobaci\u00f3n de una di\u00f3cesis y obispo\/a. (Este ser\u00e1 el caso de las NEC subvencionadas). Otras surgir\u00e1n dentro del contexto parroquial o como idea de alguien particular que identifique una nueva oportunidad. En estas p\u00e1ginas se le dar\u00e1 a conocer el proceso y los apoyos que se les dar\u00e1 a personas lanzando nuevos ministerios: evaluaci\u00f3n, coaching, adiestramiento y financiaci\u00f3n mediante subvenciones. \u00a1S\u00edrvase decirnos c\u00f3mo podemos ayudar!<\/p>\n\n\n\n<p>\u00bfQu\u00e9 es una Nueva Comunidad Episcopal?<br><em><a href=\"https:\/\/www.episcopalchurch.org\/es\/ministries\/new-episcopal-communities\/glosario\/\" class=\"rank-math-link\">Vaya al enlace para encontrar c\u00f3mo se define una NEC<\/a><\/em><\/p>\n\n\n\n<p>Tengo una idea para lanzar un nuevo ministerio. \u00bfQu\u00e9 debo hacer primero?<br><em>Hay muchos lugares donde puede acudir para comenzar su investigaci\u00f3n. Primeramente, h\u00e1ganos saber c\u00f3mo ayudarle. Si\u00e9ntase libre de acercarse a nuestro personal y de plantearle su idea y planifique con ellos los pasos a seguir. Cuando llegue la hora, comparta su idea con personas de su iglesia y de su di\u00f3cesis. Al avanzar, tendr\u00e1 que asistir a un Retiro de Discernimiento Para L\u00edderes Misionales y obtener un coach.<\/em><\/p>\n\n\n\n<p>Nuestra iglesia est\u00e1 considerando lanzar una comunidad de adoraci\u00f3n sat\u00e9lite para expandir nuestro ministerio sacramental. \u00bfCalificamos para recibir fondos?<br><em>\u00a1Absolutamente! Nos encantar\u00eda tener m\u00e1s Iglesias Episcopales con m\u00faltiples sucursales y queremos conectarles con otras personas que lo han hecho o que desean expandir de esta manera.<\/em><\/p>\n\n\n\n<p>\u00bfQu\u00e9 es una Zona de Empresa Misionera?<br><em><a href=\"https:\/\/www.episcopalchurch.org\/es\/ministries\/new-episcopal-communities\/glosario\/\" class=\"rank-math-link\">Las Zonas de Empresa Misionera (MEZ)\u00a0<\/a>son nuevas comunidades que no tienen un componente de adoraci\u00f3n. Pueden ser ministerios de alcance comunitario, organizaciones de justicia social, lugares de encuentro para tener conversaciones de tema espiritual y m\u00e1s. Todas tienen car\u00e1cter cristiano y ser\u00e1n dise\u00f1adas con la intenci\u00f3n de conectar al pueblo con Dios y con La Iglesia Episcopal.<\/em><\/p>\n\n\n\n<p>Soy laico\/a interesado\/a en considera dirigir una nueva comunidad\/ministerio. \u00bfNecesito ser ordenado\/a para hacer este trabajo?<br><em>No. Hay diversas manifestaciones de una Nueva Comunidad Episcopal (NEC) y pueden ser liderado\/a por laicos. H\u00e1ganos saber de qu\u00e9 manera podemos ayudar.<\/em><\/p>\n\n\n\n<p>Es posible que mi di\u00f3cesis no pueda igualar o complementar los fondos d\u00f3lar por d\u00f3lar. \u00bfEso nos descalificar\u00eda?<br><em>No. Reconocemos que hay excelentes nuevas NEC en di\u00f3cesis que no tienen recursos financieros para igualar o complementar los fondos. Hay otras maneras en que le pueden apoyar y en su aplicaci\u00f3n tendr\u00e1 la oportunidad de describir c\u00f3mo su di\u00f3cesis lo pueda hacer. No obstante, s\u00ed es requerido la aprobaci\u00f3n diocesana en cada caso.<\/em><\/p>\n\n\n\n<div class=\"wp-block-columns is-style-default mt-40 is-layout-flex wp-container-core-columns-is-layout-9d6595d7 wp-block-columns-is-layout-flex\">\n<div class=\"wp-block-column is-layout-flow wp-block-column-is-layout-flow\">\n<figure class=\"wp-block-image size-large\"><a href=\"https:\/\/www.episcopalchurch.org\/ministries\/church-planting-redevelopment\/\"><img loading=\"lazy\" decoding=\"async\" width=\"1024\" height=\"631\" src=\"https:\/\/www.episcopalchurch.org\/wp-content\/uploads\/2021\/11\/Church-Planting-and-Redevelopment-1024x631.png\" alt=\"\" class=\"wp-image-256191\" srcset=\"https:\/\/www.episcopalchurch.org\/wp-content\/uploads\/2021\/11\/Church-Planting-and-Redevelopment-1024x631.png 1024w, https:\/\/www.episcopalchurch.org\/wp-content\/uploads\/2021\/11\/Church-Planting-and-Redevelopment-300x185.png 300w, https:\/\/www.episcopalchurch.org\/wp-content\/uploads\/2021\/11\/Church-Planting-and-Redevelopment-768x473.png 768w, https:\/\/www.episcopalchurch.org\/wp-content\/uploads\/2021\/11\/Church-Planting-and-Redevelopment-1536x946.png 1536w, https:\/\/www.episcopalchurch.org\/wp-content\/uploads\/2021\/11\/Church-Planting-and-Redevelopment-2048x1262.png 2048w, https:\/\/www.episcopalchurch.org\/wp-content\/uploads\/2021\/11\/Church-Planting-and-Redevelopment-480x296.png 480w\" sizes=\"auto, (max-width: 1024px) 100vw, 1024px\" \/><\/a><\/figure>\n<\/div>\n\n\n\n<div class=\"wp-block-column is-vertically-aligned-center is-layout-flow wp-block-column-is-layout-flow\">\n<div class=\"wp-block-uagb-team uagb-team__image-position-above uagb-team__align-center uagb-team__stack-tablet uagb-block-9ccf094d\"><div class=\"uagb-team__content\"><h3 class=\"uagb-team__title\">The Rev. Jason Shank<\/h3><span class=\"uagb-team__prefix\">Interim Church Planting Networking Strategist<\/span><p class=\"uagb-team__desc\"><\/p><ul class=\"uagb-team__social-list\"><\/ul><\/div><\/div>\n\n\n\n<div class=\"wp-block-uagb-team uagb-team__image-position-above uagb-team__align-center uagb-team__stack-tablet uagb-block-db0b6e3a\"><div class=\"uagb-team__content\"><h3 class=\"uagb-team__title\">Haley Bankey<\/h3><span class=\"uagb-team__prefix\">Church Planting and Redevelopment Assessment Specialist<\/span><p class=\"uagb-team__desc\"><a href=\"https:\/\/www.episcopalchurch.org\/contact-tec\/\">Contact Us<\/a><\/p><\/div><\/div>\n<\/div>\n\n\n\n<div class=\"wp-block-column is-layout-flow wp-block-column-is-layout-flow\"><\/div>\n<\/div>\n","protected":false},"excerpt":{"rendered":"<p>\u00bfDesea Lanzar Un Nuevo Ministerio? \u00a1Estamos aqu\u00ed para ayudar! Ya sea usted laico o cl\u00e9rigo, queremos ayudarle a realizar el sue\u00f1o de Dios. Los nuevos ministerios tienen un sinn\u00famero de identidades \u2014 desde un ministerio sacramental y tradicional de adoraci\u00f3n hasta un nuevo ministerio de servicio comunitario. Algunas Nuevas Comunidades Episcopales ser\u00e1n iglesias o instituciones [&hellip;]<\/p>\n","protected":false},"author":444,"featured_media":198080,"parent":171975,"menu_order":0,"comment_status":"closed","ping_status":"closed","template":"","meta":{"_acf_changed":false,"_uag_custom_page_level_css":"","_kad_blocks_custom_css":"","_kad_blocks_head_custom_js":"","_kad_blocks_body_custom_js":"","_kad_blocks_footer_custom_js":"","_kadence_starter_templates_imported_post":false,"footnotes":"","_links_to":"","_links_to_target":""},"class_list":["post-197258","page","type-page","status-publish","has-post-thumbnail","hentry"],"acf":[],"yoast_head":"<!-- This site is optimized with the Yoast SEO Premium plugin v24.6 (Yoast SEO v26.3) - https:\/\/yoast.com\/wordpress\/plugins\/seo\/ -->\n<title>FAQ &#8211; The Episcopal Church<\/title>\n<meta name=\"robots\" content=\"index, follow, max-snippet:-1, max-image-preview:large, max-video-preview:-1\" \/>\n<link rel=\"canonical\" href=\"https:\/\/www.episcopalchurch.org\/es\/ministries\/new-episcopal-communities\/desea-lanzar\/\" \/>\n<meta property=\"og:locale\" content=\"es_ES\" \/>\n<meta property=\"og:type\" content=\"article\" \/>\n<meta property=\"og:title\" content=\"FAQ\" \/>\n<meta property=\"og:description\" content=\"\u00bfDesea Lanzar Un Nuevo Ministerio? \u00a1Estamos aqu\u00ed para ayudar! Ya sea usted laico o cl\u00e9rigo, queremos ayudarle a realizar el sue\u00f1o de Dios. Los nuevos ministerios tienen un sinn\u00famero de identidades \u2014 desde un ministerio sacramental y tradicional de adoraci\u00f3n hasta un nuevo ministerio de servicio comunitario. Algunas Nuevas Comunidades Episcopales ser\u00e1n iglesias o instituciones [&hellip;]\" \/>\n<meta property=\"og:url\" content=\"https:\/\/www.episcopalchurch.org\/es\/ministries\/new-episcopal-communities\/desea-lanzar\/\" \/>\n<meta property=\"og:site_name\" content=\"The Episcopal Church\" \/>\n<meta property=\"article:publisher\" content=\"https:\/\/www.facebook.com\/episcopalian\" \/>\n<meta property=\"article:modified_time\" content=\"2020-11-24T19:57:38+00:00\" \/>\n<meta property=\"og:image\" content=\"https:\/\/www.episcopalchurch.org\/wp-content\/uploads\/2020\/11\/New_Episcopal_Communities_Square.png\" \/>\n\t<meta property=\"og:image:width\" content=\"751\" \/>\n\t<meta property=\"og:image:height\" content=\"751\" \/>\n\t<meta property=\"og:image:type\" content=\"image\/png\" \/>\n<meta name=\"twitter:card\" content=\"summary_large_image\" \/>\n<meta name=\"twitter:site\" content=\"@iamepiscopalian\" \/>\n<meta name=\"twitter:label1\" content=\"Est. reading time\" \/>\n\t<meta name=\"twitter:data1\" content=\"2 minutes\" \/>\n<script type=\"application\/ld+json\" class=\"yoast-schema-graph\">{\"@context\":\"https:\/\/schema.org\",\"@graph\":[{\"@type\":\"WebPage\",\"@id\":\"https:\/\/www.episcopalchurch.org\/es\/ministries\/new-episcopal-communities\/desea-lanzar\/\",\"url\":\"https:\/\/www.episcopalchurch.org\/es\/ministries\/new-episcopal-communities\/desea-lanzar\/\",\"name\":\"FAQ &#8211; The Episcopal Church\",\"isPartOf\":{\"@id\":\"https:\/\/www.episcopalchurch.org\/#website\"},\"primaryImageOfPage\":{\"@id\":\"https:\/\/www.episcopalchurch.org\/es\/ministries\/new-episcopal-communities\/desea-lanzar\/#primaryimage\"},\"image\":{\"@id\":\"https:\/\/www.episcopalchurch.org\/es\/ministries\/new-episcopal-communities\/desea-lanzar\/#primaryimage\"},\"thumbnailUrl\":\"https:\/\/www.episcopalchurch.org\/wp-content\/uploads\/2020\/11\/New_Episcopal_Communities_Square.png\",\"datePublished\":\"2020-11-24T17:01:44+00:00\",\"dateModified\":\"2020-11-24T19:57:38+00:00\",\"breadcrumb\":{\"@id\":\"https:\/\/www.episcopalchurch.org\/es\/ministries\/new-episcopal-communities\/desea-lanzar\/#breadcrumb\"},\"inLanguage\":\"es-ES\",\"potentialAction\":[{\"@type\":\"ReadAction\",\"target\":[\"https:\/\/www.episcopalchurch.org\/es\/ministries\/new-episcopal-communities\/desea-lanzar\/\"]}]},{\"@type\":\"ImageObject\",\"inLanguage\":\"es-ES\",\"@id\":\"https:\/\/www.episcopalchurch.org\/es\/ministries\/new-episcopal-communities\/desea-lanzar\/#primaryimage\",\"url\":\"https:\/\/www.episcopalchurch.org\/wp-content\/uploads\/2020\/11\/New_Episcopal_Communities_Square.png\",\"contentUrl\":\"https:\/\/www.episcopalchurch.org\/wp-content\/uploads\/2020\/11\/New_Episcopal_Communities_Square.png\",\"width\":751,\"height\":751},{\"@type\":\"BreadcrumbList\",\"@id\":\"https:\/\/www.episcopalchurch.org\/es\/ministries\/new-episcopal-communities\/desea-lanzar\/#breadcrumb\",\"itemListElement\":[{\"@type\":\"ListItem\",\"position\":1,\"name\":\"Home\",\"item\":\"https:\/\/www.episcopalchurch.org\/\"},{\"@type\":\"ListItem\",\"position\":2,\"name\":\"Ministries\",\"item\":\"https:\/\/www.episcopalchurch.org\/ministries\/\"},{\"@type\":\"ListItem\",\"position\":3,\"name\":\"New Episcopal Communities\",\"item\":\"https:\/\/www.episcopalchurch.org\/ministries\/new-episcopal-communities\/\"},{\"@type\":\"ListItem\",\"position\":4,\"name\":\"FAQ\"}]},{\"@type\":\"WebSite\",\"@id\":\"https:\/\/www.episcopalchurch.org\/#website\",\"url\":\"https:\/\/www.episcopalchurch.org\/\",\"name\":\"The Episcopal Church\",\"description\":\"Welcomes You\",\"publisher\":{\"@id\":\"https:\/\/www.episcopalchurch.org\/#organization\"},\"potentialAction\":[{\"@type\":\"SearchAction\",\"target\":{\"@type\":\"EntryPoint\",\"urlTemplate\":\"https:\/\/www.episcopalchurch.org\/?s={search_term_string}\"},\"query-input\":{\"@type\":\"PropertyValueSpecification\",\"valueRequired\":true,\"valueName\":\"search_term_string\"}}],\"inLanguage\":\"es-ES\"},{\"@type\":\"Organization\",\"@id\":\"https:\/\/www.episcopalchurch.org\/#organization\",\"name\":\"The Episcopal Church\",\"url\":\"https:\/\/www.episcopalchurch.org\/\",\"logo\":{\"@type\":\"ImageObject\",\"inLanguage\":\"es-ES\",\"@id\":\"https:\/\/www.episcopalchurch.org\/#\/schema\/logo\/image\/\",\"url\":\"https:\/\/www.episcopalchurch.org\/wp-content\/uploads\/2021\/01\/vertical_episcopal_logo.jpg\",\"contentUrl\":\"https:\/\/www.episcopalchurch.org\/wp-content\/uploads\/2021\/01\/vertical_episcopal_logo.jpg\",\"width\":770,\"height\":662,\"caption\":\"The Episcopal Church\"},\"image\":{\"@id\":\"https:\/\/www.episcopalchurch.org\/#\/schema\/logo\/image\/\"},\"sameAs\":[\"https:\/\/www.facebook.com\/episcopalian\",\"https:\/\/x.com\/iamepiscopalian\",\"https:\/\/www.youtube.com\/channel\/UCdVJpxCtK41c_-p6EaE4_2A\"]}]}<\/script>\n<!-- \/ Yoast SEO Premium plugin. -->","yoast_head_json":{"title":"FAQ &#8211; The Episcopal Church","robots":{"index":"index","follow":"follow","max-snippet":"max-snippet:-1","max-image-preview":"max-image-preview:large","max-video-preview":"max-video-preview:-1"},"canonical":"https:\/\/www.episcopalchurch.org\/es\/ministries\/new-episcopal-communities\/desea-lanzar\/","og_locale":"es_ES","og_type":"article","og_title":"FAQ","og_description":"\u00bfDesea Lanzar Un Nuevo Ministerio? \u00a1Estamos aqu\u00ed para ayudar! Ya sea usted laico o cl\u00e9rigo, queremos ayudarle a realizar el sue\u00f1o de Dios. Los nuevos ministerios tienen un sinn\u00famero de identidades \u2014 desde un ministerio sacramental y tradicional de adoraci\u00f3n hasta un nuevo ministerio de servicio comunitario. Algunas Nuevas Comunidades Episcopales ser\u00e1n iglesias o instituciones [&hellip;]","og_url":"https:\/\/www.episcopalchurch.org\/es\/ministries\/new-episcopal-communities\/desea-lanzar\/","og_site_name":"The Episcopal Church","article_publisher":"https:\/\/www.facebook.com\/episcopalian","article_modified_time":"2020-11-24T19:57:38+00:00","og_image":[{"width":751,"height":751,"url":"https:\/\/www.episcopalchurch.org\/wp-content\/uploads\/2020\/11\/New_Episcopal_Communities_Square.png","type":"image\/png"}],"twitter_card":"summary_large_image","twitter_site":"@iamepiscopalian","twitter_misc":{"Est. reading time":"2 minutes"},"schema":{"@context":"https:\/\/schema.org","@graph":[{"@type":"WebPage","@id":"https:\/\/www.episcopalchurch.org\/es\/ministries\/new-episcopal-communities\/desea-lanzar\/","url":"https:\/\/www.episcopalchurch.org\/es\/ministries\/new-episcopal-communities\/desea-lanzar\/","name":"FAQ &#8211; The Episcopal Church","isPartOf":{"@id":"https:\/\/www.episcopalchurch.org\/#website"},"primaryImageOfPage":{"@id":"https:\/\/www.episcopalchurch.org\/es\/ministries\/new-episcopal-communities\/desea-lanzar\/#primaryimage"},"image":{"@id":"https:\/\/www.episcopalchurch.org\/es\/ministries\/new-episcopal-communities\/desea-lanzar\/#primaryimage"},"thumbnailUrl":"https:\/\/www.episcopalchurch.org\/wp-content\/uploads\/2020\/11\/New_Episcopal_Communities_Square.png","datePublished":"2020-11-24T17:01:44+00:00","dateModified":"2020-11-24T19:57:38+00:00","breadcrumb":{"@id":"https:\/\/www.episcopalchurch.org\/es\/ministries\/new-episcopal-communities\/desea-lanzar\/#breadcrumb"},"inLanguage":"es-ES","potentialAction":[{"@type":"ReadAction","target":["https:\/\/www.episcopalchurch.org\/es\/ministries\/new-episcopal-communities\/desea-lanzar\/"]}]},{"@type":"ImageObject","inLanguage":"es-ES","@id":"https:\/\/www.episcopalchurch.org\/es\/ministries\/new-episcopal-communities\/desea-lanzar\/#primaryimage","url":"https:\/\/www.episcopalchurch.org\/wp-content\/uploads\/2020\/11\/New_Episcopal_Communities_Square.png","contentUrl":"https:\/\/www.episcopalchurch.org\/wp-content\/uploads\/2020\/11\/New_Episcopal_Communities_Square.png","width":751,"height":751},{"@type":"BreadcrumbList","@id":"https:\/\/www.episcopalchurch.org\/es\/ministries\/new-episcopal-communities\/desea-lanzar\/#breadcrumb","itemListElement":[{"@type":"ListItem","position":1,"name":"Home","item":"https:\/\/www.episcopalchurch.org\/"},{"@type":"ListItem","position":2,"name":"Ministries","item":"https:\/\/www.episcopalchurch.org\/ministries\/"},{"@type":"ListItem","position":3,"name":"New Episcopal Communities","item":"https:\/\/www.episcopalchurch.org\/ministries\/new-episcopal-communities\/"},{"@type":"ListItem","position":4,"name":"FAQ"}]},{"@type":"WebSite","@id":"https:\/\/www.episcopalchurch.org\/#website","url":"https:\/\/www.episcopalchurch.org\/","name":"The Episcopal Church","description":"Welcomes You","publisher":{"@id":"https:\/\/www.episcopalchurch.org\/#organization"},"potentialAction":[{"@type":"SearchAction","target":{"@type":"EntryPoint","urlTemplate":"https:\/\/www.episcopalchurch.org\/?s={search_term_string}"},"query-input":{"@type":"PropertyValueSpecification","valueRequired":true,"valueName":"search_term_string"}}],"inLanguage":"es-ES"},{"@type":"Organization","@id":"https:\/\/www.episcopalchurch.org\/#organization","name":"The Episcopal Church","url":"https:\/\/www.episcopalchurch.org\/","logo":{"@type":"ImageObject","inLanguage":"es-ES","@id":"https:\/\/www.episcopalchurch.org\/#\/schema\/logo\/image\/","url":"https:\/\/www.episcopalchurch.org\/wp-content\/uploads\/2021\/01\/vertical_episcopal_logo.jpg","contentUrl":"https:\/\/www.episcopalchurch.org\/wp-content\/uploads\/2021\/01\/vertical_episcopal_logo.jpg","width":770,"height":662,"caption":"The Episcopal Church"},"image":{"@id":"https:\/\/www.episcopalchurch.org\/#\/schema\/logo\/image\/"},"sameAs":["https:\/\/www.facebook.com\/episcopalian","https:\/\/x.com\/iamepiscopalian","https:\/\/www.youtube.com\/channel\/UCdVJpxCtK41c_-p6EaE4_2A"]}]}},"taxonomy_info":[],"featured_image_src_large":["https:\/\/www.episcopalchurch.org\/wp-content\/uploads\/2020\/11\/New_Episcopal_Communities_Square.png",751,751,false],"author_info":{"display_name":"wwedderburn","author_link":"https:\/\/www.episcopalchurch.org\/es\/author\/wwedderburn\/"},"comment_info":"","uagb_featured_image_src":{"full":["https:\/\/www.episcopalchurch.org\/wp-content\/uploads\/2020\/11\/New_Episcopal_Communities_Square.png",751,751,false],"thumbnail":["https:\/\/www.episcopalchurch.org\/wp-content\/uploads\/2020\/11\/New_Episcopal_Communities_Square-150x150.png",150,150,true],"medium":["https:\/\/www.episcopalchurch.org\/wp-content\/uploads\/2020\/11\/New_Episcopal_Communities_Square-300x300.png",300,300,true],"medium_large":["https:\/\/www.episcopalchurch.org\/wp-content\/uploads\/2020\/11\/New_Episcopal_Communities_Square.png",751,751,false],"large":["https:\/\/www.episcopalchurch.org\/wp-content\/uploads\/2020\/11\/New_Episcopal_Communities_Square.png",751,751,false],"1536x1536":["https:\/\/www.episcopalchurch.org\/wp-content\/uploads\/2020\/11\/New_Episcopal_Communities_Square.png",751,751,false],"2048x2048":["https:\/\/www.episcopalchurch.org\/wp-content\/uploads\/2020\/11\/New_Episcopal_Communities_Square.png",751,751,false],"menu":["https:\/\/www.episcopalchurch.org\/wp-content\/uploads\/2020\/11\/New_Episcopal_Communities_Square-330x200.png",330,200,true],"hero":["https:\/\/www.episcopalchurch.org\/wp-content\/uploads\/2020\/11\/New_Episcopal_Communities_Square-751x550.png",751,550,true],"callout-image":["https:\/\/www.episcopalchurch.org\/wp-content\/uploads\/2020\/11\/New_Episcopal_Communities_Square-480x480.png",480,480,true]},"uagb_author_info":{"display_name":"wwedderburn","author_link":"https:\/\/www.episcopalchurch.org\/es\/author\/wwedderburn\/"},"uagb_comment_info":0,"uagb_excerpt":"\u00bfDesea Lanzar Un Nuevo Ministerio? \u00a1Estamos aqu\u00ed para ayudar! Ya sea usted laico o cl\u00e9rigo, queremos ayudarle a realizar el sue\u00f1o de Dios. Los nuevos ministerios tienen un sinn\u00famero de identidades \u2014 desde un ministerio sacramental y tradicional de adoraci\u00f3n hasta un nuevo ministerio de servicio comunitario. Algunas Nuevas Comunidades Episcopales ser\u00e1n iglesias o instituciones&hellip;","_links":{"self":[{"href":"https:\/\/www.episcopalchurch.org\/es\/wp-json\/wp\/v2\/pages\/197258","targetHints":{"allow":["GET"]}}],"collection":[{"href":"https:\/\/www.episcopalchurch.org\/es\/wp-json\/wp\/v2\/pages"}],"about":[{"href":"https:\/\/www.episcopalchurch.org\/es\/wp-json\/wp\/v2\/types\/page"}],"author":[{"embeddable":true,"href":"https:\/\/www.episcopalchurch.org\/es\/wp-json\/wp\/v2\/users\/444"}],"replies":[{"embeddable":true,"href":"https:\/\/www.episcopalchurch.org\/es\/wp-json\/wp\/v2\/comments?post=197258"}],"version-history":[{"count":0,"href":"https:\/\/www.episcopalchurch.org\/es\/wp-json\/wp\/v2\/pages\/197258\/revisions"}],"up":[{"embeddable":true,"href":"https:\/\/www.episcopalchurch.org\/es\/wp-json\/wp\/v2\/pages\/171975"}],"wp:featuredmedia":[{"embeddable":true,"href":"https:\/\/www.episcopalchurch.org\/es\/wp-json\/wp\/v2\/media\/198080"}],"wp:attachment":[{"href":"https:\/\/www.episcopalchurch.org\/es\/wp-json\/wp\/v2\/media?parent=197258"}],"curies":[{"name":"wp","href":"https:\/\/api.w.org\/{rel}","templated":true}]}}