{"id":197261,"date":"2020-11-24T12:05:37","date_gmt":"2020-11-24T17:05:37","guid":{"rendered":"https:\/\/www2.episcopalchurch.org\/glossary-of-terms\/"},"modified":"2020-11-24T14:56:50","modified_gmt":"2020-11-24T19:56:50","slug":"glosario","status":"publish","type":"page","link":"https:\/\/www.episcopalchurch.org\/es\/ministries\/new-episcopal-communities\/glosario\/","title":{"rendered":"Glosario de t\u00e9rminos"},"content":{"rendered":"    <div\n      class=\"wp-block-episcopal-hero-banner alignfull\"\n            style=\"background-image: url(https:\/\/www.episcopalchurch.org\/wp-content\/uploads\/2025\/10\/onehundredseventyfive-Zg0m32COaZU-unsplash-scaled.jpg)\"\n          >\n      <div\n        class=\"hero-banner\"\n      >\n        <div class=\"hero-banner-wrapper\">\n          <h1 class=\"episcopal-hero-title\">\n                          New Episcopal Communities                      <\/h1>\n          \n                      <ul class=\"social-nav\">\n                              <li class=\"facebook\">\n                  <a href=\"https:\/\/www.facebook.com\/episcopalgenesis\/\"><i class=\"fab fa-facebook-f\"><\/i><\/a>\n                <\/li>\n                                                                    <\/ul>\n                  <\/div>\n      <\/div>\n    <\/div>\n\n  \n\n\n<div class=\"wp-block-buttons is-layout-flex wp-block-buttons-is-layout-flex\">\n<div class=\"wp-block-button\"><a class=\"wp-block-button__link has-background wp-element-button\" href=\"https:\/\/www.episcopalchurch.org\/ministries\/new-episcopal-communities\/\" style=\"background-color:#40ae49\">Home<\/a><\/div>\n\n\n\n<div class=\"wp-block-button is-style-fill\"><a class=\"wp-block-button__link has-background wp-element-button\" href=\"https:\/\/www.episcopalchurch.org\/ministries\/new-episcopal-communities\/faq\/\" style=\"background-color:#40ae49\">Frequently Asked Questions<\/a><\/div>\n\n\n\n<div class=\"wp-block-button is-style-fill\"><a class=\"wp-block-button__link has-background wp-element-button\" href=\"https:\/\/www.episcopalchurch.org\/ministries\/new-episcopal-communities\/sharing-our-stories\/\" style=\"background-color:#40ae49\">Our Stories<\/a><\/div>\n<\/div>\n\n\n\n<div style=\"height:20px\" aria-hidden=\"true\" class=\"wp-block-spacer\"><\/div>\n\n\n\n<div class=\"wp-block-buttons is-layout-flex wp-block-buttons-is-layout-flex\">\n<div class=\"wp-block-button is-style-fill\"><a class=\"wp-block-button__link has-background wp-element-button\" href=\"https:\/\/www.episcopalchurch.org\/grants-and-scholarships\/new-episcopal-community-grants\/\" style=\"background-color:#40ae49\">Funding<\/a><\/div>\n\n\n\n<div class=\"wp-block-button is-style-fill\"><a class=\"wp-block-button__link has-background wp-element-button\" href=\"https:\/\/www.episcopalchurch.org\/ministries\/new-episcopal-communities\/our-ministries\/\" style=\"background-color:#40ae49\">Our Ministries<\/a><\/div>\n\n\n\n<div class=\"wp-block-button is-style-fill\"><a class=\"wp-block-button__link has-background wp-element-button\" href=\"https:\/\/www.episcopalchurch.org\/ministries\/new-episcopal-communities\/discover-new-ministries\/\" style=\"background-color:#40ae49\">New Ministry Video Series<\/a><\/div>\n\n\n\n<div class=\"wp-block-button\"><a class=\"wp-block-button__link has-background wp-element-button\" href=\"https:\/\/www.episcopalchurch.org\/ministries\/new-episcopal-communities\/blog\/\" style=\"background-color:#40ae49\">Blog<\/a><\/div>\n<\/div>\n\n\n\n<h1 class=\"wp-block-heading\" id=\"page-title\">Glosario de t\u00e9rminos<\/h1>\n\n\n\n<p><strong>Las iglesias plantadas y las nuevas comunidades de adoraci\u00f3n<\/strong>&nbsp;podr\u00edan ser ministerios tradicionales o innovadoras \u2013 lo esencial en ambos casos es congregar comunidades de nuevas personas para escuchar y proclamar la palabra de Dios y para celebrar los sacramentos con la nueva comunidad, de lo cual dimana su ministerio.<\/p>\n\n\n\n<p><strong>Las Zonas de Empresa Misionera<\/strong>&nbsp;(MEZ por su sigla en ingl\u00e9s) se organizan en torno a ministerios de servicio, justicia y misericordia con comunidades de una demograf\u00eda espec\u00edfica. Son de naturaleza experimental y pueden ser dise\u00f1adas para funcionar por un tiempo limitado.<\/p>\n\n\n\n<h3 class=\"wp-block-heading\"><strong>Nuevas Comunidades Episcopales (NECs):<\/strong><\/h3>\n\n\n\n<p><strong>Nuevas:&nbsp;<\/strong>Distinguibles y diferentes de iglesias e instituciones existentes:&nbsp;Las NEC no son programas o ministerios de iglesias o de di\u00f3cesis existentes, tampoco son programas o ministerios que se est\u00e9n relanzando. Los\/las l\u00edderes de las NEC se caracterizan por ser emprendedores\/as, con esp\u00edritus creativos y abiertos a la experimentaci\u00f3n, aspirando a llegar a desarrollar un ministerio que no haya existido antes all\u00ed.<\/p>\n\n\n\n<p><strong>Comunidades:&nbsp;<\/strong>Concebidas bajo la premisa de alentar, de cuidar y de tener responsabilidad mutua:&nbsp;las NEC se comprometen de cuidar, amar y de tener responsabilidad mutua entre l\u00edderes y comunidad. Modeladas conforme a la vida y ense\u00f1anzas de Jes\u00fas, las NEC ayudan a desarrollar la vida de fe y la vida cotidiana de personas en sus comunidades. Las NEC est\u00e1n comprometidas con el desarrollo y la sostenibilidad a largo plazo. Si bien no todas podr\u00e1n llegar a ser sostenibles a partir de las comunidades a las que sirven, las NEC intentan crecer en liderazgo y apoyo econ\u00f3mico en mayordom\u00eda, desarrollo, facilidades y contabilidad apropiados.<\/p>\n\n\n\n<p><strong>Episcopales:&nbsp;<\/strong>Fundadas en la fe, doctrina y disciplina de la Iglesia Episcopal: las NEC se caracterizan por tener caracteres, enfoques e identidades cristianas. Igualmente pueden ser iglesias con misi\u00f3n eclesi\u00e1stica como pueden ser Zonas de Empresa Misionera, o tambi\u00e9n pueden caracterizarse por tener un poco de las dos. Si bien no todas las MEZ ser\u00e1n ministerios de adoraci\u00f3n, las NEC intencionalmente demuestran el amor de Jes\u00fas. Las NEC est\u00e1n sujetas a la supervisi\u00f3n de obispos y de las estructuras del gobierno diocesano, adem\u00e1s de reflejar la misi\u00f3n de sus di\u00f3cesis y de la Iglesia Episcopal.<\/p>\n\n\n\n<h3 class=\"wp-block-heading\"><strong>Subvenciones:<\/strong><\/h3>\n\n\n\n<p><strong>Subvenciones de Discernimiento:&nbsp;(l\u00edmite de $5,000)<\/strong><br>Estas subvenciones se otorgan una sola vez (no son renovables) a personas que est\u00e1n en el proceso de discernir sus llamados para iniciar un nuevo ministerio. Los fondos pueden usarse para evaluaci\u00f3n, investigaci\u00f3n y estudios de viabilidad.<\/p>\n\n\n\n<p><strong>Subvenciones Iniciales:&nbsp;(l\u00edmite de $30,000)<\/strong><br>Estas subvenciones se otorgan para lanzar nuevos ministerios, y ayudan a sufragar gastos operativos iniciales para nuevos ministerios experimentales luego de haber concluido un per\u00edodo de discernimiento y de desarrollar un plan de ministerio. Esta subvenci\u00f3n no requiere fondos complementarios para igualar el monto que se le otorgue.<\/p>\n\n\n\n<p><strong>Subvenciones de Crecimiento:&nbsp;(l\u00edmite de $30,000)<\/strong><br>Estas subvenciones se otorgan para el desarrollo completo de nuevos ministerios a la medida en que alcancen las metas de su plan misional. Se otorgan tambi\u00e9n al completar las fases previas de discernimiento e iniciaci\u00f3n mientras que las misiones encaminadas a la viabilidad y de la sostenibilidad. Estas subvenciones requieren una iguala de fondos o fondos complementarios de parte de la congregaci\u00f3n y\/o di\u00f3cesis, o fondos combinados de ambas partes.<\/p>\n\n\n\n<p><strong>Subvenciones de cosecha:&nbsp;(l\u00edmite de&nbsp;$40,000)<\/strong><br>Estas subvenciones se otorgan a los ministerios que tengan posibilidades de desarrollo a largo plazo para que, con la subvenci\u00f3n, puedan crear capacidad y ser autosostenibles despu\u00e9s del recibo y uso de la subvenci\u00f3n. Estas subvenciones requieren una iguala de fondos complementarios de parte de la congregaci\u00f3n compa\u00f1era y\/o la di\u00f3cesis.<\/p>\n\n\n\n<div class=\"wp-block-columns is-style-default mt-40 is-layout-flex wp-container-core-columns-is-layout-9d6595d7 wp-block-columns-is-layout-flex\">\n<div class=\"wp-block-column is-layout-flow wp-block-column-is-layout-flow\">\n<figure class=\"wp-block-image size-large\"><a href=\"https:\/\/www.episcopalchurch.org\/ministries\/church-planting-redevelopment\/\"><img loading=\"lazy\" decoding=\"async\" width=\"1024\" height=\"631\" src=\"https:\/\/www.episcopalchurch.org\/wp-content\/uploads\/2021\/11\/Church-Planting-and-Redevelopment-1024x631.png\" alt=\"\" class=\"wp-image-256191\" srcset=\"https:\/\/www.episcopalchurch.org\/wp-content\/uploads\/2021\/11\/Church-Planting-and-Redevelopment-1024x631.png 1024w, https:\/\/www.episcopalchurch.org\/wp-content\/uploads\/2021\/11\/Church-Planting-and-Redevelopment-300x185.png 300w, https:\/\/www.episcopalchurch.org\/wp-content\/uploads\/2021\/11\/Church-Planting-and-Redevelopment-768x473.png 768w, https:\/\/www.episcopalchurch.org\/wp-content\/uploads\/2021\/11\/Church-Planting-and-Redevelopment-1536x946.png 1536w, https:\/\/www.episcopalchurch.org\/wp-content\/uploads\/2021\/11\/Church-Planting-and-Redevelopment-2048x1262.png 2048w, https:\/\/www.episcopalchurch.org\/wp-content\/uploads\/2021\/11\/Church-Planting-and-Redevelopment-480x296.png 480w\" sizes=\"auto, (max-width: 1024px) 100vw, 1024px\" \/><\/a><\/figure>\n<\/div>\n\n\n\n<div class=\"wp-block-column is-vertically-aligned-center is-layout-flow wp-block-column-is-layout-flow\">\n<div class=\"wp-block-uagb-team uagb-team__image-position-above uagb-team__align-center uagb-team__stack-tablet uagb-block-9ccf094d\"><div class=\"uagb-team__content\"><h3 class=\"uagb-team__title\">The Rev. Jason Shank<\/h3><span class=\"uagb-team__prefix\">Interim Church Planting Networking Strategist<\/span><p class=\"uagb-team__desc\"><\/p><ul class=\"uagb-team__social-list\"><\/ul><\/div><\/div>\n\n\n\n<div class=\"wp-block-uagb-team uagb-team__image-position-above uagb-team__align-center uagb-team__stack-tablet uagb-block-db0b6e3a\"><div class=\"uagb-team__content\"><h3 class=\"uagb-team__title\">Haley Bankey<\/h3><span class=\"uagb-team__prefix\">Church Planting and Redevelopment Assessment Specialist<\/span><p class=\"uagb-team__desc\"><a href=\"https:\/\/www.episcopalchurch.org\/contact-tec\/\">Contact Us<\/a><\/p><\/div><\/div>\n<\/div>\n\n\n\n<div class=\"wp-block-column is-layout-flow wp-block-column-is-layout-flow\"><\/div>\n<\/div>\n","protected":false},"excerpt":{"rendered":"<p>Glosario de t\u00e9rminos Las iglesias plantadas y las nuevas comunidades de adoraci\u00f3n&nbsp;podr\u00edan ser ministerios tradicionales o innovadoras \u2013 lo esencial en ambos casos es congregar comunidades de nuevas personas para escuchar y proclamar la palabra de Dios y para celebrar los sacramentos con la nueva comunidad, de lo cual dimana su ministerio. Las Zonas de [&hellip;]<\/p>\n","protected":false},"author":444,"featured_media":198080,"parent":171975,"menu_order":0,"comment_status":"closed","ping_status":"closed","template":"","meta":{"_acf_changed":false,"_uag_custom_page_level_css":"","_kad_blocks_custom_css":"","_kad_blocks_head_custom_js":"","_kad_blocks_body_custom_js":"","_kad_blocks_footer_custom_js":"","_kadence_starter_templates_imported_post":false,"footnotes":"","_links_to":"","_links_to_target":""},"class_list":["post-197261","page","type-page","status-publish","has-post-thumbnail","hentry"],"acf":[],"yoast_head":"<!-- This site is optimized with the Yoast SEO Premium plugin v24.6 (Yoast SEO v26.3) - https:\/\/yoast.com\/wordpress\/plugins\/seo\/ -->\n<title>Glosario de t\u00e9rminos &#8211; The Episcopal Church<\/title>\n<meta name=\"robots\" content=\"index, follow, max-snippet:-1, max-image-preview:large, max-video-preview:-1\" \/>\n<link rel=\"canonical\" href=\"https:\/\/www.episcopalchurch.org\/es\/ministries\/new-episcopal-communities\/glosario\/\" \/>\n<meta property=\"og:locale\" content=\"es_ES\" \/>\n<meta property=\"og:type\" content=\"article\" \/>\n<meta property=\"og:title\" content=\"Glosario de t\u00e9rminos\" \/>\n<meta property=\"og:description\" content=\"Glosario de t\u00e9rminos Las iglesias plantadas y las nuevas comunidades de adoraci\u00f3n&nbsp;podr\u00edan ser ministerios tradicionales o innovadoras \u2013 lo esencial en ambos casos es congregar comunidades de nuevas personas para escuchar y proclamar la palabra de Dios y para celebrar los sacramentos con la nueva comunidad, de lo cual dimana su ministerio. Las Zonas de [&hellip;]\" \/>\n<meta property=\"og:url\" content=\"https:\/\/www.episcopalchurch.org\/es\/ministries\/new-episcopal-communities\/glosario\/\" \/>\n<meta property=\"og:site_name\" content=\"The Episcopal Church\" \/>\n<meta property=\"article:publisher\" content=\"https:\/\/www.facebook.com\/episcopalian\" \/>\n<meta property=\"article:modified_time\" content=\"2020-11-24T19:56:50+00:00\" \/>\n<meta property=\"og:image\" content=\"https:\/\/www.episcopalchurch.org\/wp-content\/uploads\/2020\/11\/New_Episcopal_Communities_Square.png\" \/>\n\t<meta property=\"og:image:width\" content=\"751\" \/>\n\t<meta property=\"og:image:height\" content=\"751\" \/>\n\t<meta property=\"og:image:type\" content=\"image\/png\" \/>\n<meta name=\"twitter:card\" content=\"summary_large_image\" \/>\n<meta name=\"twitter:site\" content=\"@iamepiscopalian\" \/>\n<meta name=\"twitter:label1\" content=\"Est. reading time\" \/>\n\t<meta name=\"twitter:data1\" content=\"3 minutes\" \/>\n<script type=\"application\/ld+json\" class=\"yoast-schema-graph\">{\"@context\":\"https:\/\/schema.org\",\"@graph\":[{\"@type\":\"WebPage\",\"@id\":\"https:\/\/www.episcopalchurch.org\/es\/ministries\/new-episcopal-communities\/glosario\/\",\"url\":\"https:\/\/www.episcopalchurch.org\/es\/ministries\/new-episcopal-communities\/glosario\/\",\"name\":\"Glosario de t\u00e9rminos &#8211; The Episcopal Church\",\"isPartOf\":{\"@id\":\"https:\/\/www.episcopalchurch.org\/#website\"},\"primaryImageOfPage\":{\"@id\":\"https:\/\/www.episcopalchurch.org\/es\/ministries\/new-episcopal-communities\/glosario\/#primaryimage\"},\"image\":{\"@id\":\"https:\/\/www.episcopalchurch.org\/es\/ministries\/new-episcopal-communities\/glosario\/#primaryimage\"},\"thumbnailUrl\":\"https:\/\/www.episcopalchurch.org\/wp-content\/uploads\/2020\/11\/New_Episcopal_Communities_Square.png\",\"datePublished\":\"2020-11-24T17:05:37+00:00\",\"dateModified\":\"2020-11-24T19:56:50+00:00\",\"breadcrumb\":{\"@id\":\"https:\/\/www.episcopalchurch.org\/es\/ministries\/new-episcopal-communities\/glosario\/#breadcrumb\"},\"inLanguage\":\"es-ES\",\"potentialAction\":[{\"@type\":\"ReadAction\",\"target\":[\"https:\/\/www.episcopalchurch.org\/es\/ministries\/new-episcopal-communities\/glosario\/\"]}]},{\"@type\":\"ImageObject\",\"inLanguage\":\"es-ES\",\"@id\":\"https:\/\/www.episcopalchurch.org\/es\/ministries\/new-episcopal-communities\/glosario\/#primaryimage\",\"url\":\"https:\/\/www.episcopalchurch.org\/wp-content\/uploads\/2020\/11\/New_Episcopal_Communities_Square.png\",\"contentUrl\":\"https:\/\/www.episcopalchurch.org\/wp-content\/uploads\/2020\/11\/New_Episcopal_Communities_Square.png\",\"width\":751,\"height\":751},{\"@type\":\"BreadcrumbList\",\"@id\":\"https:\/\/www.episcopalchurch.org\/es\/ministries\/new-episcopal-communities\/glosario\/#breadcrumb\",\"itemListElement\":[{\"@type\":\"ListItem\",\"position\":1,\"name\":\"Home\",\"item\":\"https:\/\/www.episcopalchurch.org\/\"},{\"@type\":\"ListItem\",\"position\":2,\"name\":\"Ministries\",\"item\":\"https:\/\/www.episcopalchurch.org\/ministries\/\"},{\"@type\":\"ListItem\",\"position\":3,\"name\":\"New Episcopal Communities\",\"item\":\"https:\/\/www.episcopalchurch.org\/ministries\/new-episcopal-communities\/\"},{\"@type\":\"ListItem\",\"position\":4,\"name\":\"Glosario de t\u00e9rminos\"}]},{\"@type\":\"WebSite\",\"@id\":\"https:\/\/www.episcopalchurch.org\/#website\",\"url\":\"https:\/\/www.episcopalchurch.org\/\",\"name\":\"The Episcopal Church\",\"description\":\"Welcomes You\",\"publisher\":{\"@id\":\"https:\/\/www.episcopalchurch.org\/#organization\"},\"potentialAction\":[{\"@type\":\"SearchAction\",\"target\":{\"@type\":\"EntryPoint\",\"urlTemplate\":\"https:\/\/www.episcopalchurch.org\/?s={search_term_string}\"},\"query-input\":{\"@type\":\"PropertyValueSpecification\",\"valueRequired\":true,\"valueName\":\"search_term_string\"}}],\"inLanguage\":\"es-ES\"},{\"@type\":\"Organization\",\"@id\":\"https:\/\/www.episcopalchurch.org\/#organization\",\"name\":\"The Episcopal Church\",\"url\":\"https:\/\/www.episcopalchurch.org\/\",\"logo\":{\"@type\":\"ImageObject\",\"inLanguage\":\"es-ES\",\"@id\":\"https:\/\/www.episcopalchurch.org\/#\/schema\/logo\/image\/\",\"url\":\"https:\/\/www.episcopalchurch.org\/wp-content\/uploads\/2021\/01\/vertical_episcopal_logo.jpg\",\"contentUrl\":\"https:\/\/www.episcopalchurch.org\/wp-content\/uploads\/2021\/01\/vertical_episcopal_logo.jpg\",\"width\":770,\"height\":662,\"caption\":\"The Episcopal Church\"},\"image\":{\"@id\":\"https:\/\/www.episcopalchurch.org\/#\/schema\/logo\/image\/\"},\"sameAs\":[\"https:\/\/www.facebook.com\/episcopalian\",\"https:\/\/x.com\/iamepiscopalian\",\"https:\/\/www.youtube.com\/channel\/UCdVJpxCtK41c_-p6EaE4_2A\"]}]}<\/script>\n<!-- \/ Yoast SEO Premium plugin. -->","yoast_head_json":{"title":"Glosario de t\u00e9rminos &#8211; The Episcopal Church","robots":{"index":"index","follow":"follow","max-snippet":"max-snippet:-1","max-image-preview":"max-image-preview:large","max-video-preview":"max-video-preview:-1"},"canonical":"https:\/\/www.episcopalchurch.org\/es\/ministries\/new-episcopal-communities\/glosario\/","og_locale":"es_ES","og_type":"article","og_title":"Glosario de t\u00e9rminos","og_description":"Glosario de t\u00e9rminos Las iglesias plantadas y las nuevas comunidades de adoraci\u00f3n&nbsp;podr\u00edan ser ministerios tradicionales o innovadoras \u2013 lo esencial en ambos casos es congregar comunidades de nuevas personas para escuchar y proclamar la palabra de Dios y para celebrar los sacramentos con la nueva comunidad, de lo cual dimana su ministerio. Las Zonas de [&hellip;]","og_url":"https:\/\/www.episcopalchurch.org\/es\/ministries\/new-episcopal-communities\/glosario\/","og_site_name":"The Episcopal Church","article_publisher":"https:\/\/www.facebook.com\/episcopalian","article_modified_time":"2020-11-24T19:56:50+00:00","og_image":[{"width":751,"height":751,"url":"https:\/\/www.episcopalchurch.org\/wp-content\/uploads\/2020\/11\/New_Episcopal_Communities_Square.png","type":"image\/png"}],"twitter_card":"summary_large_image","twitter_site":"@iamepiscopalian","twitter_misc":{"Est. reading time":"3 minutes"},"schema":{"@context":"https:\/\/schema.org","@graph":[{"@type":"WebPage","@id":"https:\/\/www.episcopalchurch.org\/es\/ministries\/new-episcopal-communities\/glosario\/","url":"https:\/\/www.episcopalchurch.org\/es\/ministries\/new-episcopal-communities\/glosario\/","name":"Glosario de t\u00e9rminos &#8211; The Episcopal Church","isPartOf":{"@id":"https:\/\/www.episcopalchurch.org\/#website"},"primaryImageOfPage":{"@id":"https:\/\/www.episcopalchurch.org\/es\/ministries\/new-episcopal-communities\/glosario\/#primaryimage"},"image":{"@id":"https:\/\/www.episcopalchurch.org\/es\/ministries\/new-episcopal-communities\/glosario\/#primaryimage"},"thumbnailUrl":"https:\/\/www.episcopalchurch.org\/wp-content\/uploads\/2020\/11\/New_Episcopal_Communities_Square.png","datePublished":"2020-11-24T17:05:37+00:00","dateModified":"2020-11-24T19:56:50+00:00","breadcrumb":{"@id":"https:\/\/www.episcopalchurch.org\/es\/ministries\/new-episcopal-communities\/glosario\/#breadcrumb"},"inLanguage":"es-ES","potentialAction":[{"@type":"ReadAction","target":["https:\/\/www.episcopalchurch.org\/es\/ministries\/new-episcopal-communities\/glosario\/"]}]},{"@type":"ImageObject","inLanguage":"es-ES","@id":"https:\/\/www.episcopalchurch.org\/es\/ministries\/new-episcopal-communities\/glosario\/#primaryimage","url":"https:\/\/www.episcopalchurch.org\/wp-content\/uploads\/2020\/11\/New_Episcopal_Communities_Square.png","contentUrl":"https:\/\/www.episcopalchurch.org\/wp-content\/uploads\/2020\/11\/New_Episcopal_Communities_Square.png","width":751,"height":751},{"@type":"BreadcrumbList","@id":"https:\/\/www.episcopalchurch.org\/es\/ministries\/new-episcopal-communities\/glosario\/#breadcrumb","itemListElement":[{"@type":"ListItem","position":1,"name":"Home","item":"https:\/\/www.episcopalchurch.org\/"},{"@type":"ListItem","position":2,"name":"Ministries","item":"https:\/\/www.episcopalchurch.org\/ministries\/"},{"@type":"ListItem","position":3,"name":"New Episcopal Communities","item":"https:\/\/www.episcopalchurch.org\/ministries\/new-episcopal-communities\/"},{"@type":"ListItem","position":4,"name":"Glosario de t\u00e9rminos"}]},{"@type":"WebSite","@id":"https:\/\/www.episcopalchurch.org\/#website","url":"https:\/\/www.episcopalchurch.org\/","name":"The Episcopal Church","description":"Welcomes You","publisher":{"@id":"https:\/\/www.episcopalchurch.org\/#organization"},"potentialAction":[{"@type":"SearchAction","target":{"@type":"EntryPoint","urlTemplate":"https:\/\/www.episcopalchurch.org\/?s={search_term_string}"},"query-input":{"@type":"PropertyValueSpecification","valueRequired":true,"valueName":"search_term_string"}}],"inLanguage":"es-ES"},{"@type":"Organization","@id":"https:\/\/www.episcopalchurch.org\/#organization","name":"The Episcopal Church","url":"https:\/\/www.episcopalchurch.org\/","logo":{"@type":"ImageObject","inLanguage":"es-ES","@id":"https:\/\/www.episcopalchurch.org\/#\/schema\/logo\/image\/","url":"https:\/\/www.episcopalchurch.org\/wp-content\/uploads\/2021\/01\/vertical_episcopal_logo.jpg","contentUrl":"https:\/\/www.episcopalchurch.org\/wp-content\/uploads\/2021\/01\/vertical_episcopal_logo.jpg","width":770,"height":662,"caption":"The Episcopal Church"},"image":{"@id":"https:\/\/www.episcopalchurch.org\/#\/schema\/logo\/image\/"},"sameAs":["https:\/\/www.facebook.com\/episcopalian","https:\/\/x.com\/iamepiscopalian","https:\/\/www.youtube.com\/channel\/UCdVJpxCtK41c_-p6EaE4_2A"]}]}},"taxonomy_info":[],"featured_image_src_large":["https:\/\/www.episcopalchurch.org\/wp-content\/uploads\/2020\/11\/New_Episcopal_Communities_Square.png",751,751,false],"author_info":{"display_name":"wwedderburn","author_link":"https:\/\/www.episcopalchurch.org\/es\/author\/wwedderburn\/"},"comment_info":"","uagb_featured_image_src":{"full":["https:\/\/www.episcopalchurch.org\/wp-content\/uploads\/2020\/11\/New_Episcopal_Communities_Square.png",751,751,false],"thumbnail":["https:\/\/www.episcopalchurch.org\/wp-content\/uploads\/2020\/11\/New_Episcopal_Communities_Square-150x150.png",150,150,true],"medium":["https:\/\/www.episcopalchurch.org\/wp-content\/uploads\/2020\/11\/New_Episcopal_Communities_Square-300x300.png",300,300,true],"medium_large":["https:\/\/www.episcopalchurch.org\/wp-content\/uploads\/2020\/11\/New_Episcopal_Communities_Square.png",751,751,false],"large":["https:\/\/www.episcopalchurch.org\/wp-content\/uploads\/2020\/11\/New_Episcopal_Communities_Square.png",751,751,false],"1536x1536":["https:\/\/www.episcopalchurch.org\/wp-content\/uploads\/2020\/11\/New_Episcopal_Communities_Square.png",751,751,false],"2048x2048":["https:\/\/www.episcopalchurch.org\/wp-content\/uploads\/2020\/11\/New_Episcopal_Communities_Square.png",751,751,false],"menu":["https:\/\/www.episcopalchurch.org\/wp-content\/uploads\/2020\/11\/New_Episcopal_Communities_Square-330x200.png",330,200,true],"hero":["https:\/\/www.episcopalchurch.org\/wp-content\/uploads\/2020\/11\/New_Episcopal_Communities_Square-751x550.png",751,550,true],"callout-image":["https:\/\/www.episcopalchurch.org\/wp-content\/uploads\/2020\/11\/New_Episcopal_Communities_Square-480x480.png",480,480,true]},"uagb_author_info":{"display_name":"wwedderburn","author_link":"https:\/\/www.episcopalchurch.org\/es\/author\/wwedderburn\/"},"uagb_comment_info":0,"uagb_excerpt":"Glosario de t\u00e9rminos Las iglesias plantadas y las nuevas comunidades de adoraci\u00f3n&nbsp;podr\u00edan ser ministerios tradicionales o innovadoras \u2013 lo esencial en ambos casos es congregar comunidades de nuevas personas para escuchar y proclamar la palabra de Dios y para celebrar los sacramentos con la nueva comunidad, de lo cual dimana su ministerio. Las Zonas de&hellip;","_links":{"self":[{"href":"https:\/\/www.episcopalchurch.org\/es\/wp-json\/wp\/v2\/pages\/197261","targetHints":{"allow":["GET"]}}],"collection":[{"href":"https:\/\/www.episcopalchurch.org\/es\/wp-json\/wp\/v2\/pages"}],"about":[{"href":"https:\/\/www.episcopalchurch.org\/es\/wp-json\/wp\/v2\/types\/page"}],"author":[{"embeddable":true,"href":"https:\/\/www.episcopalchurch.org\/es\/wp-json\/wp\/v2\/users\/444"}],"replies":[{"embeddable":true,"href":"https:\/\/www.episcopalchurch.org\/es\/wp-json\/wp\/v2\/comments?post=197261"}],"version-history":[{"count":0,"href":"https:\/\/www.episcopalchurch.org\/es\/wp-json\/wp\/v2\/pages\/197261\/revisions"}],"up":[{"embeddable":true,"href":"https:\/\/www.episcopalchurch.org\/es\/wp-json\/wp\/v2\/pages\/171975"}],"wp:featuredmedia":[{"embeddable":true,"href":"https:\/\/www.episcopalchurch.org\/es\/wp-json\/wp\/v2\/media\/198080"}],"wp:attachment":[{"href":"https:\/\/www.episcopalchurch.org\/es\/wp-json\/wp\/v2\/media?parent=197261"}],"curies":[{"name":"wp","href":"https:\/\/api.w.org\/{rel}","templated":true}]}}