{"id":197336,"date":"2020-11-25T09:48:30","date_gmt":"2020-11-25T14:48:30","guid":{"rendered":"https:\/\/www2.episcopalchurch.org\/?page_id=197336"},"modified":"2022-04-06T15:16:43","modified_gmt":"2022-04-06T19:16:43","slug":"grupo-formativo","status":"publish","type":"page","link":"https:\/\/www.episcopalchurch.org\/es\/genesis-ii-revision-y-renovacion\/grupo-formativo\/","title":{"rendered":"Grupo formativo para el re-dise\u00f1o"},"content":{"rendered":"    <div\n      class=\"wp-block-episcopal-hero-banner alignfull\"\n            style=\"background-image: url(https:\/\/www.episcopalchurch.org\/wp-content\/uploads\/2020\/11\/Genesis2_hero-banner-scaled.jpg)\"\n          >\n      <div\n        class=\"hero-banner\"\n      >\n        <div class=\"hero-banner-wrapper\">\n          <h1 class=\"episcopal-hero-title\">\n                          G\u00e9nesis II: Revisi\u00f3n y Renovaci\u00f3n                      <\/h1>\n          \n                  <\/div>\n      <\/div>\n    <\/div>\n\n  \n\n\n<h1 class=\"wp-block-heading\" id=\"page-title\">Grupo formativo para el re-dise\u00f1o<\/h1>\n\n\n\n<p>Los l\u00edderes de la iglesia que han tenido experiencia exitosa en el re-dise\u00f1o saben que la responsabilidad amorosa genera un progreso constante. Equipos de base de 4-5 l\u00edderes laicos de cinco congregaciones se reunir\u00e1n en Zoom en sesiones de 90 minutos bajo la direcci\u00f3n de un instructor especializado en formaci\u00f3n grupal y con experiencia en el liderazgo de la iglesia. El compromiso es de seis meses. El costo es de 300 d\u00f3lares por congregaci\u00f3n y 300 d\u00f3lares para la di\u00f3cesis; la reserva de fondos de la CG 2018 cubre 300 d\u00f3lares adicionales por congregaci\u00f3n. En estos grupos, se invitar\u00e1 a los l\u00edderes a articular la misi\u00f3n, mapear los bienes y recursos, asociarse con los vecinos, arriesgarse a hacer cosas nuevas, evaluar el progreso, afinar la pr\u00e1ctica y continuar con este ciclo a medida que avanzan en el Camino del Amor. Si su iglesia est\u00e1 interesada en participar en un grupo formativo,&nbsp;haga clic aqu\u00ed&nbsp;para una presentar una solicitud.<\/p>\n\n\n\n<div class=\"wp-block-columns is-layout-flex wp-container-core-columns-is-layout-9d6595d7 wp-block-columns-is-layout-flex\">\n<div class=\"wp-block-column is-layout-flow wp-block-column-is-layout-flow\">\n<figure class=\"wp-block-image size-full\"><a href=\"https:\/\/www.episcopalchurch.org\/es\/genesis-ii-revision-y-renovacion\/\"><img loading=\"lazy\" decoding=\"async\" width=\"300\" height=\"271\" src=\"https:\/\/www.episcopalchurch.org\/wp-content\/uploads\/2020\/11\/nec_Genesis-II.png\" alt=\"\" class=\"wp-image-197315\"\/><\/a><\/figure>\n<\/div>\n\n\n\n<div class=\"wp-block-column is-vertically-aligned-center is-layout-flow wp-block-column-is-layout-flow\"><\/div>\n\n\n\n<div class=\"wp-block-column is-layout-flow wp-block-column-is-layout-flow\"><\/div>\n<\/div>\n","protected":false},"excerpt":{"rendered":"<p>Grupo formativo para el re-dise\u00f1o Los l\u00edderes de la iglesia que han tenido experiencia exitosa en el re-dise\u00f1o saben que la responsabilidad amorosa genera un progreso constante. Equipos de base de 4-5 l\u00edderes laicos de cinco congregaciones se reunir\u00e1n en Zoom en sesiones de 90 minutos bajo la direcci\u00f3n de un instructor especializado en formaci\u00f3n [&hellip;]<\/p>\n","protected":false},"author":444,"featured_media":197317,"parent":197302,"menu_order":0,"comment_status":"closed","ping_status":"closed","template":"","meta":{"_acf_changed":false,"_uag_custom_page_level_css":"","_kad_blocks_custom_css":"","_kad_blocks_head_custom_js":"","_kad_blocks_body_custom_js":"","_kad_blocks_footer_custom_js":"","_kadence_starter_templates_imported_post":false,"footnotes":"","_links_to":"","_links_to_target":""},"class_list":["post-197336","page","type-page","status-publish","has-post-thumbnail","hentry"],"acf":[],"yoast_head":"<!-- This site is optimized with the Yoast SEO Premium plugin v24.6 (Yoast SEO v26.3) - https:\/\/yoast.com\/wordpress\/plugins\/seo\/ -->\n<title>Grupo formativo para el re-dise\u00f1o &#8211; The Episcopal Church<\/title>\n<meta name=\"robots\" content=\"index, follow, max-snippet:-1, max-image-preview:large, max-video-preview:-1\" \/>\n<link rel=\"canonical\" href=\"https:\/\/www.episcopalchurch.org\/es\/genesis-ii-revision-y-renovacion\/grupo-formativo\/\" \/>\n<meta property=\"og:locale\" content=\"es_ES\" \/>\n<meta property=\"og:type\" content=\"article\" \/>\n<meta property=\"og:title\" content=\"Grupo formativo para el re-dise\u00f1o\" \/>\n<meta property=\"og:description\" content=\"Grupo formativo para el re-dise\u00f1o Los l\u00edderes de la iglesia que han tenido experiencia exitosa en el re-dise\u00f1o saben que la responsabilidad amorosa genera un progreso constante. Equipos de base de 4-5 l\u00edderes laicos de cinco congregaciones se reunir\u00e1n en Zoom en sesiones de 90 minutos bajo la direcci\u00f3n de un instructor especializado en formaci\u00f3n [&hellip;]\" \/>\n<meta property=\"og:url\" content=\"https:\/\/www.episcopalchurch.org\/es\/genesis-ii-revision-y-renovacion\/grupo-formativo\/\" \/>\n<meta property=\"og:site_name\" content=\"The Episcopal Church\" \/>\n<meta property=\"article:publisher\" content=\"https:\/\/www.facebook.com\/episcopalian\" \/>\n<meta property=\"article:modified_time\" content=\"2022-04-06T19:16:43+00:00\" \/>\n<meta property=\"og:image\" content=\"https:\/\/www.episcopalchurch.org\/wp-content\/uploads\/2020\/11\/nec_Genesis-II.png\" \/>\n\t<meta property=\"og:image:width\" content=\"300\" \/>\n\t<meta property=\"og:image:height\" content=\"271\" \/>\n\t<meta property=\"og:image:type\" content=\"image\/png\" \/>\n<meta name=\"twitter:card\" content=\"summary_large_image\" \/>\n<meta name=\"twitter:site\" content=\"@iamepiscopalian\" \/>\n<meta name=\"twitter:label1\" content=\"Est. reading time\" \/>\n\t<meta name=\"twitter:data1\" content=\"1 minute\" \/>\n<script type=\"application\/ld+json\" class=\"yoast-schema-graph\">{\"@context\":\"https:\/\/schema.org\",\"@graph\":[{\"@type\":\"WebPage\",\"@id\":\"https:\/\/www.episcopalchurch.org\/es\/genesis-ii-revision-y-renovacion\/grupo-formativo\/\",\"url\":\"https:\/\/www.episcopalchurch.org\/es\/genesis-ii-revision-y-renovacion\/grupo-formativo\/\",\"name\":\"Grupo formativo para el re-dise\u00f1o &#8211; The Episcopal Church\",\"isPartOf\":{\"@id\":\"https:\/\/www.episcopalchurch.org\/#website\"},\"primaryImageOfPage\":{\"@id\":\"https:\/\/www.episcopalchurch.org\/es\/genesis-ii-revision-y-renovacion\/grupo-formativo\/#primaryimage\"},\"image\":{\"@id\":\"https:\/\/www.episcopalchurch.org\/es\/genesis-ii-revision-y-renovacion\/grupo-formativo\/#primaryimage\"},\"thumbnailUrl\":\"https:\/\/www.episcopalchurch.org\/wp-content\/uploads\/2020\/11\/nec_Genesis-II.png\",\"datePublished\":\"2020-11-25T14:48:30+00:00\",\"dateModified\":\"2022-04-06T19:16:43+00:00\",\"breadcrumb\":{\"@id\":\"https:\/\/www.episcopalchurch.org\/es\/genesis-ii-revision-y-renovacion\/grupo-formativo\/#breadcrumb\"},\"inLanguage\":\"es-ES\",\"potentialAction\":[{\"@type\":\"ReadAction\",\"target\":[\"https:\/\/www.episcopalchurch.org\/es\/genesis-ii-revision-y-renovacion\/grupo-formativo\/\"]}]},{\"@type\":\"ImageObject\",\"inLanguage\":\"es-ES\",\"@id\":\"https:\/\/www.episcopalchurch.org\/es\/genesis-ii-revision-y-renovacion\/grupo-formativo\/#primaryimage\",\"url\":\"https:\/\/www.episcopalchurch.org\/wp-content\/uploads\/2020\/11\/nec_Genesis-II.png\",\"contentUrl\":\"https:\/\/www.episcopalchurch.org\/wp-content\/uploads\/2020\/11\/nec_Genesis-II.png\",\"width\":300,\"height\":271},{\"@type\":\"BreadcrumbList\",\"@id\":\"https:\/\/www.episcopalchurch.org\/es\/genesis-ii-revision-y-renovacion\/grupo-formativo\/#breadcrumb\",\"itemListElement\":[{\"@type\":\"ListItem\",\"position\":1,\"name\":\"Home\",\"item\":\"https:\/\/www.episcopalchurch.org\/\"},{\"@type\":\"ListItem\",\"position\":2,\"name\":\"G\u00e9nesis II: Revisi\u00f3n y Renovaci\u00f3n\",\"item\":\"https:\/\/www.episcopalchurch.org\/es\/genesis-ii-revision-y-renovacion\/\"},{\"@type\":\"ListItem\",\"position\":3,\"name\":\"Grupo formativo para el re-dise\u00f1o\"}]},{\"@type\":\"WebSite\",\"@id\":\"https:\/\/www.episcopalchurch.org\/#website\",\"url\":\"https:\/\/www.episcopalchurch.org\/\",\"name\":\"The Episcopal Church\",\"description\":\"Welcomes You\",\"publisher\":{\"@id\":\"https:\/\/www.episcopalchurch.org\/#organization\"},\"potentialAction\":[{\"@type\":\"SearchAction\",\"target\":{\"@type\":\"EntryPoint\",\"urlTemplate\":\"https:\/\/www.episcopalchurch.org\/?s={search_term_string}\"},\"query-input\":{\"@type\":\"PropertyValueSpecification\",\"valueRequired\":true,\"valueName\":\"search_term_string\"}}],\"inLanguage\":\"es-ES\"},{\"@type\":\"Organization\",\"@id\":\"https:\/\/www.episcopalchurch.org\/#organization\",\"name\":\"The Episcopal Church\",\"url\":\"https:\/\/www.episcopalchurch.org\/\",\"logo\":{\"@type\":\"ImageObject\",\"inLanguage\":\"es-ES\",\"@id\":\"https:\/\/www.episcopalchurch.org\/#\/schema\/logo\/image\/\",\"url\":\"https:\/\/www.episcopalchurch.org\/wp-content\/uploads\/2021\/01\/vertical_episcopal_logo.jpg\",\"contentUrl\":\"https:\/\/www.episcopalchurch.org\/wp-content\/uploads\/2021\/01\/vertical_episcopal_logo.jpg\",\"width\":770,\"height\":662,\"caption\":\"The Episcopal Church\"},\"image\":{\"@id\":\"https:\/\/www.episcopalchurch.org\/#\/schema\/logo\/image\/\"},\"sameAs\":[\"https:\/\/www.facebook.com\/episcopalian\",\"https:\/\/x.com\/iamepiscopalian\",\"https:\/\/www.youtube.com\/channel\/UCdVJpxCtK41c_-p6EaE4_2A\"]}]}<\/script>\n<!-- \/ Yoast SEO Premium plugin. -->","yoast_head_json":{"title":"Grupo formativo para el re-dise\u00f1o &#8211; The Episcopal Church","robots":{"index":"index","follow":"follow","max-snippet":"max-snippet:-1","max-image-preview":"max-image-preview:large","max-video-preview":"max-video-preview:-1"},"canonical":"https:\/\/www.episcopalchurch.org\/es\/genesis-ii-revision-y-renovacion\/grupo-formativo\/","og_locale":"es_ES","og_type":"article","og_title":"Grupo formativo para el re-dise\u00f1o","og_description":"Grupo formativo para el re-dise\u00f1o Los l\u00edderes de la iglesia que han tenido experiencia exitosa en el re-dise\u00f1o saben que la responsabilidad amorosa genera un progreso constante. Equipos de base de 4-5 l\u00edderes laicos de cinco congregaciones se reunir\u00e1n en Zoom en sesiones de 90 minutos bajo la direcci\u00f3n de un instructor especializado en formaci\u00f3n [&hellip;]","og_url":"https:\/\/www.episcopalchurch.org\/es\/genesis-ii-revision-y-renovacion\/grupo-formativo\/","og_site_name":"The Episcopal Church","article_publisher":"https:\/\/www.facebook.com\/episcopalian","article_modified_time":"2022-04-06T19:16:43+00:00","og_image":[{"width":300,"height":271,"url":"https:\/\/www.episcopalchurch.org\/wp-content\/uploads\/2020\/11\/nec_Genesis-II.png","type":"image\/png"}],"twitter_card":"summary_large_image","twitter_site":"@iamepiscopalian","twitter_misc":{"Est. reading time":"1 minute"},"schema":{"@context":"https:\/\/schema.org","@graph":[{"@type":"WebPage","@id":"https:\/\/www.episcopalchurch.org\/es\/genesis-ii-revision-y-renovacion\/grupo-formativo\/","url":"https:\/\/www.episcopalchurch.org\/es\/genesis-ii-revision-y-renovacion\/grupo-formativo\/","name":"Grupo formativo para el re-dise\u00f1o &#8211; The Episcopal Church","isPartOf":{"@id":"https:\/\/www.episcopalchurch.org\/#website"},"primaryImageOfPage":{"@id":"https:\/\/www.episcopalchurch.org\/es\/genesis-ii-revision-y-renovacion\/grupo-formativo\/#primaryimage"},"image":{"@id":"https:\/\/www.episcopalchurch.org\/es\/genesis-ii-revision-y-renovacion\/grupo-formativo\/#primaryimage"},"thumbnailUrl":"https:\/\/www.episcopalchurch.org\/wp-content\/uploads\/2020\/11\/nec_Genesis-II.png","datePublished":"2020-11-25T14:48:30+00:00","dateModified":"2022-04-06T19:16:43+00:00","breadcrumb":{"@id":"https:\/\/www.episcopalchurch.org\/es\/genesis-ii-revision-y-renovacion\/grupo-formativo\/#breadcrumb"},"inLanguage":"es-ES","potentialAction":[{"@type":"ReadAction","target":["https:\/\/www.episcopalchurch.org\/es\/genesis-ii-revision-y-renovacion\/grupo-formativo\/"]}]},{"@type":"ImageObject","inLanguage":"es-ES","@id":"https:\/\/www.episcopalchurch.org\/es\/genesis-ii-revision-y-renovacion\/grupo-formativo\/#primaryimage","url":"https:\/\/www.episcopalchurch.org\/wp-content\/uploads\/2020\/11\/nec_Genesis-II.png","contentUrl":"https:\/\/www.episcopalchurch.org\/wp-content\/uploads\/2020\/11\/nec_Genesis-II.png","width":300,"height":271},{"@type":"BreadcrumbList","@id":"https:\/\/www.episcopalchurch.org\/es\/genesis-ii-revision-y-renovacion\/grupo-formativo\/#breadcrumb","itemListElement":[{"@type":"ListItem","position":1,"name":"Home","item":"https:\/\/www.episcopalchurch.org\/"},{"@type":"ListItem","position":2,"name":"G\u00e9nesis II: Revisi\u00f3n y Renovaci\u00f3n","item":"https:\/\/www.episcopalchurch.org\/es\/genesis-ii-revision-y-renovacion\/"},{"@type":"ListItem","position":3,"name":"Grupo formativo para el re-dise\u00f1o"}]},{"@type":"WebSite","@id":"https:\/\/www.episcopalchurch.org\/#website","url":"https:\/\/www.episcopalchurch.org\/","name":"The Episcopal Church","description":"Welcomes You","publisher":{"@id":"https:\/\/www.episcopalchurch.org\/#organization"},"potentialAction":[{"@type":"SearchAction","target":{"@type":"EntryPoint","urlTemplate":"https:\/\/www.episcopalchurch.org\/?s={search_term_string}"},"query-input":{"@type":"PropertyValueSpecification","valueRequired":true,"valueName":"search_term_string"}}],"inLanguage":"es-ES"},{"@type":"Organization","@id":"https:\/\/www.episcopalchurch.org\/#organization","name":"The Episcopal Church","url":"https:\/\/www.episcopalchurch.org\/","logo":{"@type":"ImageObject","inLanguage":"es-ES","@id":"https:\/\/www.episcopalchurch.org\/#\/schema\/logo\/image\/","url":"https:\/\/www.episcopalchurch.org\/wp-content\/uploads\/2021\/01\/vertical_episcopal_logo.jpg","contentUrl":"https:\/\/www.episcopalchurch.org\/wp-content\/uploads\/2021\/01\/vertical_episcopal_logo.jpg","width":770,"height":662,"caption":"The Episcopal Church"},"image":{"@id":"https:\/\/www.episcopalchurch.org\/#\/schema\/logo\/image\/"},"sameAs":["https:\/\/www.facebook.com\/episcopalian","https:\/\/x.com\/iamepiscopalian","https:\/\/www.youtube.com\/channel\/UCdVJpxCtK41c_-p6EaE4_2A"]}]}},"taxonomy_info":[],"featured_image_src_large":["https:\/\/www.episcopalchurch.org\/wp-content\/uploads\/2020\/11\/nec_Genesis-II.png",300,271,false],"author_info":{"display_name":"wwedderburn","author_link":"https:\/\/www.episcopalchurch.org\/es\/author\/wwedderburn\/"},"comment_info":"","uagb_featured_image_src":{"full":["https:\/\/www.episcopalchurch.org\/wp-content\/uploads\/2020\/11\/nec_Genesis-II.png",300,271,false],"thumbnail":["https:\/\/www.episcopalchurch.org\/wp-content\/uploads\/2020\/11\/nec_Genesis-II-150x150.png",150,150,true],"medium":["https:\/\/www.episcopalchurch.org\/wp-content\/uploads\/2020\/11\/nec_Genesis-II.png",300,271,false],"medium_large":["https:\/\/www.episcopalchurch.org\/wp-content\/uploads\/2020\/11\/nec_Genesis-II.png",300,271,false],"large":["https:\/\/www.episcopalchurch.org\/wp-content\/uploads\/2020\/11\/nec_Genesis-II.png",300,271,false],"1536x1536":["https:\/\/www.episcopalchurch.org\/wp-content\/uploads\/2020\/11\/nec_Genesis-II.png",300,271,false],"2048x2048":["https:\/\/www.episcopalchurch.org\/wp-content\/uploads\/2020\/11\/nec_Genesis-II.png",300,271,false],"menu":["https:\/\/www.episcopalchurch.org\/wp-content\/uploads\/2020\/11\/nec_Genesis-II-300x200.png",300,200,true],"hero":["https:\/\/www.episcopalchurch.org\/wp-content\/uploads\/2020\/11\/nec_Genesis-II.png",300,271,false],"callout-image":["https:\/\/www.episcopalchurch.org\/wp-content\/uploads\/2020\/11\/nec_Genesis-II.png",300,271,false]},"uagb_author_info":{"display_name":"wwedderburn","author_link":"https:\/\/www.episcopalchurch.org\/es\/author\/wwedderburn\/"},"uagb_comment_info":0,"uagb_excerpt":"Grupo formativo para el re-dise\u00f1o Los l\u00edderes de la iglesia que han tenido experiencia exitosa en el re-dise\u00f1o saben que la responsabilidad amorosa genera un progreso constante. Equipos de base de 4-5 l\u00edderes laicos de cinco congregaciones se reunir\u00e1n en Zoom en sesiones de 90 minutos bajo la direcci\u00f3n de un instructor especializado en formaci\u00f3n&hellip;","_links":{"self":[{"href":"https:\/\/www.episcopalchurch.org\/es\/wp-json\/wp\/v2\/pages\/197336","targetHints":{"allow":["GET"]}}],"collection":[{"href":"https:\/\/www.episcopalchurch.org\/es\/wp-json\/wp\/v2\/pages"}],"about":[{"href":"https:\/\/www.episcopalchurch.org\/es\/wp-json\/wp\/v2\/types\/page"}],"author":[{"embeddable":true,"href":"https:\/\/www.episcopalchurch.org\/es\/wp-json\/wp\/v2\/users\/444"}],"replies":[{"embeddable":true,"href":"https:\/\/www.episcopalchurch.org\/es\/wp-json\/wp\/v2\/comments?post=197336"}],"version-history":[{"count":0,"href":"https:\/\/www.episcopalchurch.org\/es\/wp-json\/wp\/v2\/pages\/197336\/revisions"}],"up":[{"embeddable":true,"href":"https:\/\/www.episcopalchurch.org\/es\/wp-json\/wp\/v2\/pages\/197302"}],"wp:featuredmedia":[{"embeddable":true,"href":"https:\/\/www.episcopalchurch.org\/es\/wp-json\/wp\/v2\/media\/197317"}],"wp:attachment":[{"href":"https:\/\/www.episcopalchurch.org\/es\/wp-json\/wp\/v2\/media?parent=197336"}],"curies":[{"name":"wp","href":"https:\/\/api.w.org\/{rel}","templated":true}]}}