{"id":197348,"date":"2020-11-25T09:58:20","date_gmt":"2020-11-25T14:58:20","guid":{"rendered":"https:\/\/www2.episcopalchurch.org\/genesis-ii-revision-y-renovacion\/practicing-community\/"},"modified":"2022-04-06T15:17:20","modified_gmt":"2022-04-06T19:17:20","slug":"comunidad-practicante","status":"publish","type":"page","link":"https:\/\/www.episcopalchurch.org\/es\/genesis-ii-revision-y-renovacion\/comunidad-practicante\/","title":{"rendered":"La comunidad practicante"},"content":{"rendered":"    <div\n      class=\"wp-block-episcopal-hero-banner alignfull\"\n            style=\"background-image: url(https:\/\/www.episcopalchurch.org\/wp-content\/uploads\/2020\/11\/Genesis2_hero-banner-scaled.jpg)\"\n          >\n      <div\n        class=\"hero-banner\"\n      >\n        <div class=\"hero-banner-wrapper\">\n          <h1 class=\"episcopal-hero-title\">\n                          G\u00e9nesis II: Revisi\u00f3n y Renovaci\u00f3n                      <\/h1>\n          \n                  <\/div>\n      <\/div>\n    <\/div>\n\n  \n\n\n<h1 class=\"wp-block-heading\" id=\"page-title\">La comunidad practicante<\/h1>\n\n\n\n<p>La comunidad practicante es un grupo de 12 congregaciones de la Iglesia Episcopal que ya est\u00e1n comprometidas con el re-dise\u00f1o.\u202fEste grupo se re\u00fane en l\u00ednea 2 veces al mes (Septiembre 2020 &#8211; Oto\u00f1o 2021) para adquirir habilidades, colaborar como grupo e innovar otras formas de ser iglesia hoy en d\u00eda. Los participantes cuentan con el apoyo de miembros comprometidos de una Comunidad Sabia (mentores e instructores que aportar\u00e1n&nbsp;a los participantes sus experiencias de re-dise\u00f1o en beneficio de los nuevos ministerios, en las reuniones bimensuales).<\/p>\n\n\n\n<p><em>G\u00e9nesis II: Revisi\u00f3n y Renovaci\u00f3n<\/em>&nbsp;utiliza pr\u00e1cticas espec\u00edficas que preparan a las parroquias para la desafiante, aunque emocionante labor de poner en marcha nuevos ministerios. Nos enfocamos sobre todo en la pr\u00e1ctica de construir relaciones con los feligreses y con la comunidad que rodea a nuestras iglesias. Vemos nuestras realidades ante el COVID-19 y las respuestas fieles ante el racismo sist\u00e9mico como oportunidades para practicar la agilidad, la adaptabilidad y la colaboraci\u00f3n vecinal incorporadas en este proyecto. Creemos que es en estas relaciones donde descubrimos las formas en que Dios act\u00faa en nuestra congregaci\u00f3n y en torno a ella. Para saber m\u00e1s sobre esta oportunidad,&nbsp;haga clic&nbsp;en el enlace de invitaci\u00f3n que aparece a continuaci\u00f3n, o&nbsp;haga clic aqu\u00ed&nbsp;para solicitar la adhesi\u00f3n a la Comunidad Practicante.<\/p>\n\n\n\n<div class=\"wp-block-file\"><a id=\"wp-block-file--media-8fef82a9-d689-4acd-b331-a5b2f1a653b4\" href=\"https:\/\/www.episcopalchurch.org\/wp-content\/uploads\/2020\/11\/Genesis2_Practicing-Community-Invitation.pdf\"><strong>Practicing Community Invitation<\/strong><\/a><a href=\"https:\/\/www.episcopalchurch.org\/wp-content\/uploads\/2020\/11\/Genesis2_Practicing-Community-Invitation.pdf\" class=\"wp-block-file__button\" download aria-describedby=\"wp-block-file--media-8fef82a9-d689-4acd-b331-a5b2f1a653b4\">PDF Download<\/a><\/div>\n\n\n\n<div class=\"wp-block-columns is-layout-flex wp-container-core-columns-is-layout-9d6595d7 wp-block-columns-is-layout-flex\">\n<div class=\"wp-block-column is-layout-flow wp-block-column-is-layout-flow\">\n<figure class=\"wp-block-image size-full\"><a href=\"https:\/\/www.episcopalchurch.org\/es\/genesis-ii-revision-y-renovacion\/\"><img loading=\"lazy\" decoding=\"async\" width=\"300\" height=\"271\" src=\"https:\/\/www.episcopalchurch.org\/wp-content\/uploads\/2020\/11\/nec_Genesis-II.png\" alt=\"\" class=\"wp-image-197315\"\/><\/a><\/figure>\n<\/div>\n\n\n\n<div class=\"wp-block-column is-vertically-aligned-center is-layout-flow wp-block-column-is-layout-flow\"><\/div>\n\n\n\n<div class=\"wp-block-column is-layout-flow wp-block-column-is-layout-flow\"><\/div>\n<\/div>\n","protected":false},"excerpt":{"rendered":"<p>La comunidad practicante La comunidad practicante es un grupo de 12 congregaciones de la Iglesia Episcopal que ya est\u00e1n comprometidas con el re-dise\u00f1o.\u202fEste grupo se re\u00fane en l\u00ednea 2 veces al mes (Septiembre 2020 &#8211; Oto\u00f1o 2021) para adquirir habilidades, colaborar como grupo e innovar otras formas de ser iglesia hoy en d\u00eda. Los participantes [&hellip;]<\/p>\n","protected":false},"author":444,"featured_media":197317,"parent":197302,"menu_order":0,"comment_status":"closed","ping_status":"closed","template":"","meta":{"_acf_changed":false,"_uag_custom_page_level_css":"","_kad_blocks_custom_css":"","_kad_blocks_head_custom_js":"","_kad_blocks_body_custom_js":"","_kad_blocks_footer_custom_js":"","_kadence_starter_templates_imported_post":false,"footnotes":"","_links_to":"","_links_to_target":""},"class_list":["post-197348","page","type-page","status-publish","has-post-thumbnail","hentry"],"acf":[],"yoast_head":"<!-- This site is optimized with the Yoast SEO Premium plugin v24.6 (Yoast SEO v26.3) - https:\/\/yoast.com\/wordpress\/plugins\/seo\/ -->\n<title>La comunidad practicante &#8211; The Episcopal Church<\/title>\n<meta name=\"robots\" content=\"index, follow, max-snippet:-1, max-image-preview:large, max-video-preview:-1\" \/>\n<link rel=\"canonical\" href=\"https:\/\/www.episcopalchurch.org\/es\/genesis-ii-revision-y-renovacion\/comunidad-practicante\/\" \/>\n<meta property=\"og:locale\" content=\"es_ES\" \/>\n<meta property=\"og:type\" content=\"article\" \/>\n<meta property=\"og:title\" content=\"La comunidad practicante\" \/>\n<meta property=\"og:description\" content=\"La comunidad practicante La comunidad practicante es un grupo de 12 congregaciones de la Iglesia Episcopal que ya est\u00e1n comprometidas con el re-dise\u00f1o.\u202fEste grupo se re\u00fane en l\u00ednea 2 veces al mes (Septiembre 2020 &#8211; Oto\u00f1o 2021) para adquirir habilidades, colaborar como grupo e innovar otras formas de ser iglesia hoy en d\u00eda. Los participantes [&hellip;]\" \/>\n<meta property=\"og:url\" content=\"https:\/\/www.episcopalchurch.org\/es\/genesis-ii-revision-y-renovacion\/comunidad-practicante\/\" \/>\n<meta property=\"og:site_name\" content=\"The Episcopal Church\" \/>\n<meta property=\"article:publisher\" content=\"https:\/\/www.facebook.com\/episcopalian\" \/>\n<meta property=\"article:modified_time\" content=\"2022-04-06T19:17:20+00:00\" \/>\n<meta property=\"og:image\" content=\"https:\/\/www.episcopalchurch.org\/wp-content\/uploads\/2020\/11\/nec_Genesis-II.png\" \/>\n\t<meta property=\"og:image:width\" content=\"300\" \/>\n\t<meta property=\"og:image:height\" content=\"271\" \/>\n\t<meta property=\"og:image:type\" content=\"image\/png\" \/>\n<meta name=\"twitter:card\" content=\"summary_large_image\" \/>\n<meta name=\"twitter:site\" content=\"@iamepiscopalian\" \/>\n<meta name=\"twitter:label1\" content=\"Est. reading time\" \/>\n\t<meta name=\"twitter:data1\" content=\"1 minute\" \/>\n<script type=\"application\/ld+json\" class=\"yoast-schema-graph\">{\"@context\":\"https:\/\/schema.org\",\"@graph\":[{\"@type\":\"WebPage\",\"@id\":\"https:\/\/www.episcopalchurch.org\/es\/genesis-ii-revision-y-renovacion\/comunidad-practicante\/\",\"url\":\"https:\/\/www.episcopalchurch.org\/es\/genesis-ii-revision-y-renovacion\/comunidad-practicante\/\",\"name\":\"La comunidad practicante &#8211; The Episcopal Church\",\"isPartOf\":{\"@id\":\"https:\/\/www.episcopalchurch.org\/#website\"},\"primaryImageOfPage\":{\"@id\":\"https:\/\/www.episcopalchurch.org\/es\/genesis-ii-revision-y-renovacion\/comunidad-practicante\/#primaryimage\"},\"image\":{\"@id\":\"https:\/\/www.episcopalchurch.org\/es\/genesis-ii-revision-y-renovacion\/comunidad-practicante\/#primaryimage\"},\"thumbnailUrl\":\"https:\/\/www.episcopalchurch.org\/wp-content\/uploads\/2020\/11\/nec_Genesis-II.png\",\"datePublished\":\"2020-11-25T14:58:20+00:00\",\"dateModified\":\"2022-04-06T19:17:20+00:00\",\"breadcrumb\":{\"@id\":\"https:\/\/www.episcopalchurch.org\/es\/genesis-ii-revision-y-renovacion\/comunidad-practicante\/#breadcrumb\"},\"inLanguage\":\"es-ES\",\"potentialAction\":[{\"@type\":\"ReadAction\",\"target\":[\"https:\/\/www.episcopalchurch.org\/es\/genesis-ii-revision-y-renovacion\/comunidad-practicante\/\"]}]},{\"@type\":\"ImageObject\",\"inLanguage\":\"es-ES\",\"@id\":\"https:\/\/www.episcopalchurch.org\/es\/genesis-ii-revision-y-renovacion\/comunidad-practicante\/#primaryimage\",\"url\":\"https:\/\/www.episcopalchurch.org\/wp-content\/uploads\/2020\/11\/nec_Genesis-II.png\",\"contentUrl\":\"https:\/\/www.episcopalchurch.org\/wp-content\/uploads\/2020\/11\/nec_Genesis-II.png\",\"width\":300,\"height\":271},{\"@type\":\"BreadcrumbList\",\"@id\":\"https:\/\/www.episcopalchurch.org\/es\/genesis-ii-revision-y-renovacion\/comunidad-practicante\/#breadcrumb\",\"itemListElement\":[{\"@type\":\"ListItem\",\"position\":1,\"name\":\"Home\",\"item\":\"https:\/\/www.episcopalchurch.org\/\"},{\"@type\":\"ListItem\",\"position\":2,\"name\":\"G\u00e9nesis II: Revisi\u00f3n y Renovaci\u00f3n\",\"item\":\"https:\/\/www.episcopalchurch.org\/es\/genesis-ii-revision-y-renovacion\/\"},{\"@type\":\"ListItem\",\"position\":3,\"name\":\"La comunidad practicante\"}]},{\"@type\":\"WebSite\",\"@id\":\"https:\/\/www.episcopalchurch.org\/#website\",\"url\":\"https:\/\/www.episcopalchurch.org\/\",\"name\":\"The Episcopal Church\",\"description\":\"Welcomes You\",\"publisher\":{\"@id\":\"https:\/\/www.episcopalchurch.org\/#organization\"},\"potentialAction\":[{\"@type\":\"SearchAction\",\"target\":{\"@type\":\"EntryPoint\",\"urlTemplate\":\"https:\/\/www.episcopalchurch.org\/?s={search_term_string}\"},\"query-input\":{\"@type\":\"PropertyValueSpecification\",\"valueRequired\":true,\"valueName\":\"search_term_string\"}}],\"inLanguage\":\"es-ES\"},{\"@type\":\"Organization\",\"@id\":\"https:\/\/www.episcopalchurch.org\/#organization\",\"name\":\"The Episcopal Church\",\"url\":\"https:\/\/www.episcopalchurch.org\/\",\"logo\":{\"@type\":\"ImageObject\",\"inLanguage\":\"es-ES\",\"@id\":\"https:\/\/www.episcopalchurch.org\/#\/schema\/logo\/image\/\",\"url\":\"https:\/\/www.episcopalchurch.org\/wp-content\/uploads\/2021\/01\/vertical_episcopal_logo.jpg\",\"contentUrl\":\"https:\/\/www.episcopalchurch.org\/wp-content\/uploads\/2021\/01\/vertical_episcopal_logo.jpg\",\"width\":770,\"height\":662,\"caption\":\"The Episcopal Church\"},\"image\":{\"@id\":\"https:\/\/www.episcopalchurch.org\/#\/schema\/logo\/image\/\"},\"sameAs\":[\"https:\/\/www.facebook.com\/episcopalian\",\"https:\/\/x.com\/iamepiscopalian\",\"https:\/\/www.youtube.com\/channel\/UCdVJpxCtK41c_-p6EaE4_2A\"]}]}<\/script>\n<!-- \/ Yoast SEO Premium plugin. -->","yoast_head_json":{"title":"La comunidad practicante &#8211; The Episcopal Church","robots":{"index":"index","follow":"follow","max-snippet":"max-snippet:-1","max-image-preview":"max-image-preview:large","max-video-preview":"max-video-preview:-1"},"canonical":"https:\/\/www.episcopalchurch.org\/es\/genesis-ii-revision-y-renovacion\/comunidad-practicante\/","og_locale":"es_ES","og_type":"article","og_title":"La comunidad practicante","og_description":"La comunidad practicante La comunidad practicante es un grupo de 12 congregaciones de la Iglesia Episcopal que ya est\u00e1n comprometidas con el re-dise\u00f1o.\u202fEste grupo se re\u00fane en l\u00ednea 2 veces al mes (Septiembre 2020 &#8211; Oto\u00f1o 2021) para adquirir habilidades, colaborar como grupo e innovar otras formas de ser iglesia hoy en d\u00eda. Los participantes [&hellip;]","og_url":"https:\/\/www.episcopalchurch.org\/es\/genesis-ii-revision-y-renovacion\/comunidad-practicante\/","og_site_name":"The Episcopal Church","article_publisher":"https:\/\/www.facebook.com\/episcopalian","article_modified_time":"2022-04-06T19:17:20+00:00","og_image":[{"width":300,"height":271,"url":"https:\/\/www.episcopalchurch.org\/wp-content\/uploads\/2020\/11\/nec_Genesis-II.png","type":"image\/png"}],"twitter_card":"summary_large_image","twitter_site":"@iamepiscopalian","twitter_misc":{"Est. reading time":"1 minute"},"schema":{"@context":"https:\/\/schema.org","@graph":[{"@type":"WebPage","@id":"https:\/\/www.episcopalchurch.org\/es\/genesis-ii-revision-y-renovacion\/comunidad-practicante\/","url":"https:\/\/www.episcopalchurch.org\/es\/genesis-ii-revision-y-renovacion\/comunidad-practicante\/","name":"La comunidad practicante &#8211; The Episcopal Church","isPartOf":{"@id":"https:\/\/www.episcopalchurch.org\/#website"},"primaryImageOfPage":{"@id":"https:\/\/www.episcopalchurch.org\/es\/genesis-ii-revision-y-renovacion\/comunidad-practicante\/#primaryimage"},"image":{"@id":"https:\/\/www.episcopalchurch.org\/es\/genesis-ii-revision-y-renovacion\/comunidad-practicante\/#primaryimage"},"thumbnailUrl":"https:\/\/www.episcopalchurch.org\/wp-content\/uploads\/2020\/11\/nec_Genesis-II.png","datePublished":"2020-11-25T14:58:20+00:00","dateModified":"2022-04-06T19:17:20+00:00","breadcrumb":{"@id":"https:\/\/www.episcopalchurch.org\/es\/genesis-ii-revision-y-renovacion\/comunidad-practicante\/#breadcrumb"},"inLanguage":"es-ES","potentialAction":[{"@type":"ReadAction","target":["https:\/\/www.episcopalchurch.org\/es\/genesis-ii-revision-y-renovacion\/comunidad-practicante\/"]}]},{"@type":"ImageObject","inLanguage":"es-ES","@id":"https:\/\/www.episcopalchurch.org\/es\/genesis-ii-revision-y-renovacion\/comunidad-practicante\/#primaryimage","url":"https:\/\/www.episcopalchurch.org\/wp-content\/uploads\/2020\/11\/nec_Genesis-II.png","contentUrl":"https:\/\/www.episcopalchurch.org\/wp-content\/uploads\/2020\/11\/nec_Genesis-II.png","width":300,"height":271},{"@type":"BreadcrumbList","@id":"https:\/\/www.episcopalchurch.org\/es\/genesis-ii-revision-y-renovacion\/comunidad-practicante\/#breadcrumb","itemListElement":[{"@type":"ListItem","position":1,"name":"Home","item":"https:\/\/www.episcopalchurch.org\/"},{"@type":"ListItem","position":2,"name":"G\u00e9nesis II: Revisi\u00f3n y Renovaci\u00f3n","item":"https:\/\/www.episcopalchurch.org\/es\/genesis-ii-revision-y-renovacion\/"},{"@type":"ListItem","position":3,"name":"La comunidad practicante"}]},{"@type":"WebSite","@id":"https:\/\/www.episcopalchurch.org\/#website","url":"https:\/\/www.episcopalchurch.org\/","name":"The Episcopal Church","description":"Welcomes You","publisher":{"@id":"https:\/\/www.episcopalchurch.org\/#organization"},"potentialAction":[{"@type":"SearchAction","target":{"@type":"EntryPoint","urlTemplate":"https:\/\/www.episcopalchurch.org\/?s={search_term_string}"},"query-input":{"@type":"PropertyValueSpecification","valueRequired":true,"valueName":"search_term_string"}}],"inLanguage":"es-ES"},{"@type":"Organization","@id":"https:\/\/www.episcopalchurch.org\/#organization","name":"The Episcopal Church","url":"https:\/\/www.episcopalchurch.org\/","logo":{"@type":"ImageObject","inLanguage":"es-ES","@id":"https:\/\/www.episcopalchurch.org\/#\/schema\/logo\/image\/","url":"https:\/\/www.episcopalchurch.org\/wp-content\/uploads\/2021\/01\/vertical_episcopal_logo.jpg","contentUrl":"https:\/\/www.episcopalchurch.org\/wp-content\/uploads\/2021\/01\/vertical_episcopal_logo.jpg","width":770,"height":662,"caption":"The Episcopal Church"},"image":{"@id":"https:\/\/www.episcopalchurch.org\/#\/schema\/logo\/image\/"},"sameAs":["https:\/\/www.facebook.com\/episcopalian","https:\/\/x.com\/iamepiscopalian","https:\/\/www.youtube.com\/channel\/UCdVJpxCtK41c_-p6EaE4_2A"]}]}},"taxonomy_info":[],"featured_image_src_large":["https:\/\/www.episcopalchurch.org\/wp-content\/uploads\/2020\/11\/nec_Genesis-II.png",300,271,false],"author_info":{"display_name":"wwedderburn","author_link":"https:\/\/www.episcopalchurch.org\/es\/author\/wwedderburn\/"},"comment_info":"","uagb_featured_image_src":{"full":["https:\/\/www.episcopalchurch.org\/wp-content\/uploads\/2020\/11\/nec_Genesis-II.png",300,271,false],"thumbnail":["https:\/\/www.episcopalchurch.org\/wp-content\/uploads\/2020\/11\/nec_Genesis-II-150x150.png",150,150,true],"medium":["https:\/\/www.episcopalchurch.org\/wp-content\/uploads\/2020\/11\/nec_Genesis-II.png",300,271,false],"medium_large":["https:\/\/www.episcopalchurch.org\/wp-content\/uploads\/2020\/11\/nec_Genesis-II.png",300,271,false],"large":["https:\/\/www.episcopalchurch.org\/wp-content\/uploads\/2020\/11\/nec_Genesis-II.png",300,271,false],"1536x1536":["https:\/\/www.episcopalchurch.org\/wp-content\/uploads\/2020\/11\/nec_Genesis-II.png",300,271,false],"2048x2048":["https:\/\/www.episcopalchurch.org\/wp-content\/uploads\/2020\/11\/nec_Genesis-II.png",300,271,false],"menu":["https:\/\/www.episcopalchurch.org\/wp-content\/uploads\/2020\/11\/nec_Genesis-II-300x200.png",300,200,true],"hero":["https:\/\/www.episcopalchurch.org\/wp-content\/uploads\/2020\/11\/nec_Genesis-II.png",300,271,false],"callout-image":["https:\/\/www.episcopalchurch.org\/wp-content\/uploads\/2020\/11\/nec_Genesis-II.png",300,271,false]},"uagb_author_info":{"display_name":"wwedderburn","author_link":"https:\/\/www.episcopalchurch.org\/es\/author\/wwedderburn\/"},"uagb_comment_info":0,"uagb_excerpt":"La comunidad practicante La comunidad practicante es un grupo de 12 congregaciones de la Iglesia Episcopal que ya est\u00e1n comprometidas con el re-dise\u00f1o.\u202fEste grupo se re\u00fane en l\u00ednea 2 veces al mes (Septiembre 2020 &#8211; Oto\u00f1o 2021) para adquirir habilidades, colaborar como grupo e innovar otras formas de ser iglesia hoy en d\u00eda. Los participantes&hellip;","_links":{"self":[{"href":"https:\/\/www.episcopalchurch.org\/es\/wp-json\/wp\/v2\/pages\/197348","targetHints":{"allow":["GET"]}}],"collection":[{"href":"https:\/\/www.episcopalchurch.org\/es\/wp-json\/wp\/v2\/pages"}],"about":[{"href":"https:\/\/www.episcopalchurch.org\/es\/wp-json\/wp\/v2\/types\/page"}],"author":[{"embeddable":true,"href":"https:\/\/www.episcopalchurch.org\/es\/wp-json\/wp\/v2\/users\/444"}],"replies":[{"embeddable":true,"href":"https:\/\/www.episcopalchurch.org\/es\/wp-json\/wp\/v2\/comments?post=197348"}],"version-history":[{"count":0,"href":"https:\/\/www.episcopalchurch.org\/es\/wp-json\/wp\/v2\/pages\/197348\/revisions"}],"up":[{"embeddable":true,"href":"https:\/\/www.episcopalchurch.org\/es\/wp-json\/wp\/v2\/pages\/197302"}],"wp:featuredmedia":[{"embeddable":true,"href":"https:\/\/www.episcopalchurch.org\/es\/wp-json\/wp\/v2\/media\/197317"}],"wp:attachment":[{"href":"https:\/\/www.episcopalchurch.org\/es\/wp-json\/wp\/v2\/media?parent=197348"}],"curies":[{"name":"wp","href":"https:\/\/api.w.org\/{rel}","templated":true}]}}