{"id":197364,"date":"2020-11-25T10:06:34","date_gmt":"2020-11-25T15:06:34","guid":{"rendered":"https:\/\/www2.episcopalchurch.org\/genesis-ii-revision-y-renovacion\/wisdom-community\/"},"modified":"2022-04-06T15:18:34","modified_gmt":"2022-04-06T19:18:34","slug":"comunidad-sabia","status":"publish","type":"page","link":"https:\/\/www.episcopalchurch.org\/es\/genesis-ii-revision-y-renovacion\/comunidad-sabia\/","title":{"rendered":"Comunidad Sabia"},"content":{"rendered":"    <div\n      class=\"wp-block-episcopal-hero-banner alignfull\"\n            style=\"background-image: url(https:\/\/www.episcopalchurch.org\/wp-content\/uploads\/2020\/11\/Genesis2_hero-banner-scaled.jpg)\"\n          >\n      <div\n        class=\"hero-banner\"\n      >\n        <div class=\"hero-banner-wrapper\">\n          <h1 class=\"episcopal-hero-title\">\n                          G\u00e9nesis II: Revisi\u00f3n y Renovaci\u00f3n                      <\/h1>\n          \n                  <\/div>\n      <\/div>\n    <\/div>\n\n  \n\n\n<h1 class=\"wp-block-heading\" id=\"page-title\">La Comunidad Sabia<\/h1>\n\n\n\n<p>La Comunidad Sabia es un grupo de profesionales que asesora, apoya y capacita a la Comunidad Practicante (con la participaci\u00f3n de 12 congregaciones) en sus labores de re-dise\u00f1o durante un periodo que va de septiembre de 2020 hasta el oto\u00f1o de 2021. Al reflexionar sobre sus experiencias en el re-dise\u00f1o de la iglesia para echar a andar nuevos ministerios, los miembros de la Comunidad Sabia pueden co-facilitar una o varias sesiones, ayudar a dise\u00f1ar un plan de estudios para uso futuro de la iglesia, y\/o asesorar a una congregaci\u00f3n asociada.\u202fPara obtener m\u00e1s informaci\u00f3n sobre esta oportunidad o para solicitar unirse a la Comunidad Sabia, haga clic en el enlace de invitaci\u00f3n que aparece a continuaci\u00f3n.<\/p>\n\n\n\n<div class=\"wp-block-file\"><a id=\"wp-block-file--media-06e5ec4d-e3bd-4022-973f-5d4726deca73\" href=\"https:\/\/www.episcopalchurch.org\/wp-content\/uploads\/2020\/11\/Genesis2_Wisdom-Community-Invitation.pdf\"><strong>Wisdom Community Invitation<\/strong><\/a><a href=\"https:\/\/www.episcopalchurch.org\/wp-content\/uploads\/2020\/11\/Genesis2_Wisdom-Community-Invitation.pdf\" class=\"wp-block-file__button\" download aria-describedby=\"wp-block-file--media-06e5ec4d-e3bd-4022-973f-5d4726deca73\">PDF Download<\/a><\/div>\n\n\n\n<div class=\"wp-block-columns is-layout-flex wp-container-core-columns-is-layout-9d6595d7 wp-block-columns-is-layout-flex\">\n<div class=\"wp-block-column is-layout-flow wp-block-column-is-layout-flow\">\n<figure class=\"wp-block-image size-full\"><a href=\"https:\/\/www.episcopalchurch.org\/es\/genesis-ii-revision-y-renovacion\/\"><img loading=\"lazy\" decoding=\"async\" width=\"300\" height=\"271\" src=\"https:\/\/www.episcopalchurch.org\/wp-content\/uploads\/2020\/11\/nec_Genesis-II.png\" alt=\"\" class=\"wp-image-197315\"\/><\/a><\/figure>\n<\/div>\n\n\n\n<div class=\"wp-block-column is-vertically-aligned-center is-layout-flow wp-block-column-is-layout-flow\"><\/div>\n\n\n\n<div class=\"wp-block-column is-layout-flow wp-block-column-is-layout-flow\"><\/div>\n<\/div>\n","protected":false},"excerpt":{"rendered":"<p>La Comunidad Sabia La Comunidad Sabia es un grupo de profesionales que asesora, apoya y capacita a la Comunidad Practicante (con la participaci\u00f3n de 12 congregaciones) en sus labores de re-dise\u00f1o durante un periodo que va de septiembre de 2020 hasta el oto\u00f1o de 2021. Al reflexionar sobre sus experiencias en el re-dise\u00f1o de la [&hellip;]<\/p>\n","protected":false},"author":444,"featured_media":197317,"parent":197302,"menu_order":0,"comment_status":"closed","ping_status":"closed","template":"","meta":{"_acf_changed":false,"_uag_custom_page_level_css":"","_kad_blocks_custom_css":"","_kad_blocks_head_custom_js":"","_kad_blocks_body_custom_js":"","_kad_blocks_footer_custom_js":"","_kadence_starter_templates_imported_post":false,"footnotes":"","_links_to":"","_links_to_target":""},"class_list":["post-197364","page","type-page","status-publish","has-post-thumbnail","hentry"],"acf":[],"yoast_head":"<!-- This site is optimized with the Yoast SEO Premium plugin v24.6 (Yoast SEO v26.3) - https:\/\/yoast.com\/wordpress\/plugins\/seo\/ -->\n<title>Comunidad Sabia &#8211; The Episcopal Church<\/title>\n<meta name=\"robots\" content=\"index, follow, max-snippet:-1, max-image-preview:large, max-video-preview:-1\" \/>\n<link rel=\"canonical\" href=\"https:\/\/www.episcopalchurch.org\/es\/genesis-ii-revision-y-renovacion\/comunidad-sabia\/\" \/>\n<meta property=\"og:locale\" content=\"es_ES\" \/>\n<meta property=\"og:type\" content=\"article\" \/>\n<meta property=\"og:title\" content=\"Comunidad Sabia\" \/>\n<meta property=\"og:description\" content=\"La Comunidad Sabia La Comunidad Sabia es un grupo de profesionales que asesora, apoya y capacita a la Comunidad Practicante (con la participaci\u00f3n de 12 congregaciones) en sus labores de re-dise\u00f1o durante un periodo que va de septiembre de 2020 hasta el oto\u00f1o de 2021. Al reflexionar sobre sus experiencias en el re-dise\u00f1o de la [&hellip;]\" \/>\n<meta property=\"og:url\" content=\"https:\/\/www.episcopalchurch.org\/es\/genesis-ii-revision-y-renovacion\/comunidad-sabia\/\" \/>\n<meta property=\"og:site_name\" content=\"The Episcopal Church\" \/>\n<meta property=\"article:publisher\" content=\"https:\/\/www.facebook.com\/episcopalian\" \/>\n<meta property=\"article:modified_time\" content=\"2022-04-06T19:18:34+00:00\" \/>\n<meta property=\"og:image\" content=\"https:\/\/www.episcopalchurch.org\/wp-content\/uploads\/2020\/11\/nec_Genesis-II.png\" \/>\n\t<meta property=\"og:image:width\" content=\"300\" \/>\n\t<meta property=\"og:image:height\" content=\"271\" \/>\n\t<meta property=\"og:image:type\" content=\"image\/png\" \/>\n<meta name=\"twitter:card\" content=\"summary_large_image\" \/>\n<meta name=\"twitter:site\" content=\"@iamepiscopalian\" \/>\n<meta name=\"twitter:label1\" content=\"Est. reading time\" \/>\n\t<meta name=\"twitter:data1\" content=\"1 minute\" \/>\n<script type=\"application\/ld+json\" class=\"yoast-schema-graph\">{\"@context\":\"https:\/\/schema.org\",\"@graph\":[{\"@type\":\"WebPage\",\"@id\":\"https:\/\/www.episcopalchurch.org\/es\/genesis-ii-revision-y-renovacion\/comunidad-sabia\/\",\"url\":\"https:\/\/www.episcopalchurch.org\/es\/genesis-ii-revision-y-renovacion\/comunidad-sabia\/\",\"name\":\"Comunidad Sabia &#8211; The Episcopal Church\",\"isPartOf\":{\"@id\":\"https:\/\/www.episcopalchurch.org\/#website\"},\"primaryImageOfPage\":{\"@id\":\"https:\/\/www.episcopalchurch.org\/es\/genesis-ii-revision-y-renovacion\/comunidad-sabia\/#primaryimage\"},\"image\":{\"@id\":\"https:\/\/www.episcopalchurch.org\/es\/genesis-ii-revision-y-renovacion\/comunidad-sabia\/#primaryimage\"},\"thumbnailUrl\":\"https:\/\/www.episcopalchurch.org\/wp-content\/uploads\/2020\/11\/nec_Genesis-II.png\",\"datePublished\":\"2020-11-25T15:06:34+00:00\",\"dateModified\":\"2022-04-06T19:18:34+00:00\",\"breadcrumb\":{\"@id\":\"https:\/\/www.episcopalchurch.org\/es\/genesis-ii-revision-y-renovacion\/comunidad-sabia\/#breadcrumb\"},\"inLanguage\":\"es-ES\",\"potentialAction\":[{\"@type\":\"ReadAction\",\"target\":[\"https:\/\/www.episcopalchurch.org\/es\/genesis-ii-revision-y-renovacion\/comunidad-sabia\/\"]}]},{\"@type\":\"ImageObject\",\"inLanguage\":\"es-ES\",\"@id\":\"https:\/\/www.episcopalchurch.org\/es\/genesis-ii-revision-y-renovacion\/comunidad-sabia\/#primaryimage\",\"url\":\"https:\/\/www.episcopalchurch.org\/wp-content\/uploads\/2020\/11\/nec_Genesis-II.png\",\"contentUrl\":\"https:\/\/www.episcopalchurch.org\/wp-content\/uploads\/2020\/11\/nec_Genesis-II.png\",\"width\":300,\"height\":271},{\"@type\":\"BreadcrumbList\",\"@id\":\"https:\/\/www.episcopalchurch.org\/es\/genesis-ii-revision-y-renovacion\/comunidad-sabia\/#breadcrumb\",\"itemListElement\":[{\"@type\":\"ListItem\",\"position\":1,\"name\":\"Home\",\"item\":\"https:\/\/www.episcopalchurch.org\/\"},{\"@type\":\"ListItem\",\"position\":2,\"name\":\"G\u00e9nesis II: Revisi\u00f3n y Renovaci\u00f3n\",\"item\":\"https:\/\/www.episcopalchurch.org\/es\/genesis-ii-revision-y-renovacion\/\"},{\"@type\":\"ListItem\",\"position\":3,\"name\":\"Comunidad Sabia\"}]},{\"@type\":\"WebSite\",\"@id\":\"https:\/\/www.episcopalchurch.org\/#website\",\"url\":\"https:\/\/www.episcopalchurch.org\/\",\"name\":\"The Episcopal Church\",\"description\":\"Welcomes You\",\"publisher\":{\"@id\":\"https:\/\/www.episcopalchurch.org\/#organization\"},\"potentialAction\":[{\"@type\":\"SearchAction\",\"target\":{\"@type\":\"EntryPoint\",\"urlTemplate\":\"https:\/\/www.episcopalchurch.org\/?s={search_term_string}\"},\"query-input\":{\"@type\":\"PropertyValueSpecification\",\"valueRequired\":true,\"valueName\":\"search_term_string\"}}],\"inLanguage\":\"es-ES\"},{\"@type\":\"Organization\",\"@id\":\"https:\/\/www.episcopalchurch.org\/#organization\",\"name\":\"The Episcopal Church\",\"url\":\"https:\/\/www.episcopalchurch.org\/\",\"logo\":{\"@type\":\"ImageObject\",\"inLanguage\":\"es-ES\",\"@id\":\"https:\/\/www.episcopalchurch.org\/#\/schema\/logo\/image\/\",\"url\":\"https:\/\/www.episcopalchurch.org\/wp-content\/uploads\/2021\/01\/vertical_episcopal_logo.jpg\",\"contentUrl\":\"https:\/\/www.episcopalchurch.org\/wp-content\/uploads\/2021\/01\/vertical_episcopal_logo.jpg\",\"width\":770,\"height\":662,\"caption\":\"The Episcopal Church\"},\"image\":{\"@id\":\"https:\/\/www.episcopalchurch.org\/#\/schema\/logo\/image\/\"},\"sameAs\":[\"https:\/\/www.facebook.com\/episcopalian\",\"https:\/\/x.com\/iamepiscopalian\",\"https:\/\/www.youtube.com\/channel\/UCdVJpxCtK41c_-p6EaE4_2A\"]}]}<\/script>\n<!-- \/ Yoast SEO Premium plugin. -->","yoast_head_json":{"title":"Comunidad Sabia &#8211; The Episcopal Church","robots":{"index":"index","follow":"follow","max-snippet":"max-snippet:-1","max-image-preview":"max-image-preview:large","max-video-preview":"max-video-preview:-1"},"canonical":"https:\/\/www.episcopalchurch.org\/es\/genesis-ii-revision-y-renovacion\/comunidad-sabia\/","og_locale":"es_ES","og_type":"article","og_title":"Comunidad Sabia","og_description":"La Comunidad Sabia La Comunidad Sabia es un grupo de profesionales que asesora, apoya y capacita a la Comunidad Practicante (con la participaci\u00f3n de 12 congregaciones) en sus labores de re-dise\u00f1o durante un periodo que va de septiembre de 2020 hasta el oto\u00f1o de 2021. Al reflexionar sobre sus experiencias en el re-dise\u00f1o de la [&hellip;]","og_url":"https:\/\/www.episcopalchurch.org\/es\/genesis-ii-revision-y-renovacion\/comunidad-sabia\/","og_site_name":"The Episcopal Church","article_publisher":"https:\/\/www.facebook.com\/episcopalian","article_modified_time":"2022-04-06T19:18:34+00:00","og_image":[{"width":300,"height":271,"url":"https:\/\/www.episcopalchurch.org\/wp-content\/uploads\/2020\/11\/nec_Genesis-II.png","type":"image\/png"}],"twitter_card":"summary_large_image","twitter_site":"@iamepiscopalian","twitter_misc":{"Est. reading time":"1 minute"},"schema":{"@context":"https:\/\/schema.org","@graph":[{"@type":"WebPage","@id":"https:\/\/www.episcopalchurch.org\/es\/genesis-ii-revision-y-renovacion\/comunidad-sabia\/","url":"https:\/\/www.episcopalchurch.org\/es\/genesis-ii-revision-y-renovacion\/comunidad-sabia\/","name":"Comunidad Sabia &#8211; The Episcopal Church","isPartOf":{"@id":"https:\/\/www.episcopalchurch.org\/#website"},"primaryImageOfPage":{"@id":"https:\/\/www.episcopalchurch.org\/es\/genesis-ii-revision-y-renovacion\/comunidad-sabia\/#primaryimage"},"image":{"@id":"https:\/\/www.episcopalchurch.org\/es\/genesis-ii-revision-y-renovacion\/comunidad-sabia\/#primaryimage"},"thumbnailUrl":"https:\/\/www.episcopalchurch.org\/wp-content\/uploads\/2020\/11\/nec_Genesis-II.png","datePublished":"2020-11-25T15:06:34+00:00","dateModified":"2022-04-06T19:18:34+00:00","breadcrumb":{"@id":"https:\/\/www.episcopalchurch.org\/es\/genesis-ii-revision-y-renovacion\/comunidad-sabia\/#breadcrumb"},"inLanguage":"es-ES","potentialAction":[{"@type":"ReadAction","target":["https:\/\/www.episcopalchurch.org\/es\/genesis-ii-revision-y-renovacion\/comunidad-sabia\/"]}]},{"@type":"ImageObject","inLanguage":"es-ES","@id":"https:\/\/www.episcopalchurch.org\/es\/genesis-ii-revision-y-renovacion\/comunidad-sabia\/#primaryimage","url":"https:\/\/www.episcopalchurch.org\/wp-content\/uploads\/2020\/11\/nec_Genesis-II.png","contentUrl":"https:\/\/www.episcopalchurch.org\/wp-content\/uploads\/2020\/11\/nec_Genesis-II.png","width":300,"height":271},{"@type":"BreadcrumbList","@id":"https:\/\/www.episcopalchurch.org\/es\/genesis-ii-revision-y-renovacion\/comunidad-sabia\/#breadcrumb","itemListElement":[{"@type":"ListItem","position":1,"name":"Home","item":"https:\/\/www.episcopalchurch.org\/"},{"@type":"ListItem","position":2,"name":"G\u00e9nesis II: Revisi\u00f3n y Renovaci\u00f3n","item":"https:\/\/www.episcopalchurch.org\/es\/genesis-ii-revision-y-renovacion\/"},{"@type":"ListItem","position":3,"name":"Comunidad Sabia"}]},{"@type":"WebSite","@id":"https:\/\/www.episcopalchurch.org\/#website","url":"https:\/\/www.episcopalchurch.org\/","name":"The Episcopal Church","description":"Welcomes You","publisher":{"@id":"https:\/\/www.episcopalchurch.org\/#organization"},"potentialAction":[{"@type":"SearchAction","target":{"@type":"EntryPoint","urlTemplate":"https:\/\/www.episcopalchurch.org\/?s={search_term_string}"},"query-input":{"@type":"PropertyValueSpecification","valueRequired":true,"valueName":"search_term_string"}}],"inLanguage":"es-ES"},{"@type":"Organization","@id":"https:\/\/www.episcopalchurch.org\/#organization","name":"The Episcopal Church","url":"https:\/\/www.episcopalchurch.org\/","logo":{"@type":"ImageObject","inLanguage":"es-ES","@id":"https:\/\/www.episcopalchurch.org\/#\/schema\/logo\/image\/","url":"https:\/\/www.episcopalchurch.org\/wp-content\/uploads\/2021\/01\/vertical_episcopal_logo.jpg","contentUrl":"https:\/\/www.episcopalchurch.org\/wp-content\/uploads\/2021\/01\/vertical_episcopal_logo.jpg","width":770,"height":662,"caption":"The Episcopal Church"},"image":{"@id":"https:\/\/www.episcopalchurch.org\/#\/schema\/logo\/image\/"},"sameAs":["https:\/\/www.facebook.com\/episcopalian","https:\/\/x.com\/iamepiscopalian","https:\/\/www.youtube.com\/channel\/UCdVJpxCtK41c_-p6EaE4_2A"]}]}},"taxonomy_info":[],"featured_image_src_large":["https:\/\/www.episcopalchurch.org\/wp-content\/uploads\/2020\/11\/nec_Genesis-II.png",300,271,false],"author_info":{"display_name":"wwedderburn","author_link":"https:\/\/www.episcopalchurch.org\/es\/author\/wwedderburn\/"},"comment_info":"","uagb_featured_image_src":{"full":["https:\/\/www.episcopalchurch.org\/wp-content\/uploads\/2020\/11\/nec_Genesis-II.png",300,271,false],"thumbnail":["https:\/\/www.episcopalchurch.org\/wp-content\/uploads\/2020\/11\/nec_Genesis-II-150x150.png",150,150,true],"medium":["https:\/\/www.episcopalchurch.org\/wp-content\/uploads\/2020\/11\/nec_Genesis-II.png",300,271,false],"medium_large":["https:\/\/www.episcopalchurch.org\/wp-content\/uploads\/2020\/11\/nec_Genesis-II.png",300,271,false],"large":["https:\/\/www.episcopalchurch.org\/wp-content\/uploads\/2020\/11\/nec_Genesis-II.png",300,271,false],"1536x1536":["https:\/\/www.episcopalchurch.org\/wp-content\/uploads\/2020\/11\/nec_Genesis-II.png",300,271,false],"2048x2048":["https:\/\/www.episcopalchurch.org\/wp-content\/uploads\/2020\/11\/nec_Genesis-II.png",300,271,false],"menu":["https:\/\/www.episcopalchurch.org\/wp-content\/uploads\/2020\/11\/nec_Genesis-II-300x200.png",300,200,true],"hero":["https:\/\/www.episcopalchurch.org\/wp-content\/uploads\/2020\/11\/nec_Genesis-II.png",300,271,false],"callout-image":["https:\/\/www.episcopalchurch.org\/wp-content\/uploads\/2020\/11\/nec_Genesis-II.png",300,271,false]},"uagb_author_info":{"display_name":"wwedderburn","author_link":"https:\/\/www.episcopalchurch.org\/es\/author\/wwedderburn\/"},"uagb_comment_info":0,"uagb_excerpt":"La Comunidad Sabia La Comunidad Sabia es un grupo de profesionales que asesora, apoya y capacita a la Comunidad Practicante (con la participaci\u00f3n de 12 congregaciones) en sus labores de re-dise\u00f1o durante un periodo que va de septiembre de 2020 hasta el oto\u00f1o de 2021. Al reflexionar sobre sus experiencias en el re-dise\u00f1o de la&hellip;","_links":{"self":[{"href":"https:\/\/www.episcopalchurch.org\/es\/wp-json\/wp\/v2\/pages\/197364","targetHints":{"allow":["GET"]}}],"collection":[{"href":"https:\/\/www.episcopalchurch.org\/es\/wp-json\/wp\/v2\/pages"}],"about":[{"href":"https:\/\/www.episcopalchurch.org\/es\/wp-json\/wp\/v2\/types\/page"}],"author":[{"embeddable":true,"href":"https:\/\/www.episcopalchurch.org\/es\/wp-json\/wp\/v2\/users\/444"}],"replies":[{"embeddable":true,"href":"https:\/\/www.episcopalchurch.org\/es\/wp-json\/wp\/v2\/comments?post=197364"}],"version-history":[{"count":0,"href":"https:\/\/www.episcopalchurch.org\/es\/wp-json\/wp\/v2\/pages\/197364\/revisions"}],"up":[{"embeddable":true,"href":"https:\/\/www.episcopalchurch.org\/es\/wp-json\/wp\/v2\/pages\/197302"}],"wp:featuredmedia":[{"embeddable":true,"href":"https:\/\/www.episcopalchurch.org\/es\/wp-json\/wp\/v2\/media\/197317"}],"wp:attachment":[{"href":"https:\/\/www.episcopalchurch.org\/es\/wp-json\/wp\/v2\/media?parent=197364"}],"curies":[{"name":"wp","href":"https:\/\/api.w.org\/{rel}","templated":true}]}}