{"id":197385,"date":"2020-11-25T10:55:46","date_gmt":"2020-11-25T15:55:46","guid":{"rendered":"https:\/\/www2.episcopalchurch.org\/?page_id=197385"},"modified":"2022-04-06T15:10:52","modified_gmt":"2022-04-06T19:10:52","slug":"preguntas-frecuentes","status":"publish","type":"page","link":"https:\/\/www.episcopalchurch.org\/es\/genesis-ii-revision-y-renovacion\/preguntas-frecuentes\/","title":{"rendered":"Preguntas frecuentes"},"content":{"rendered":"    <div\n      class=\"wp-block-episcopal-hero-banner alignfull\"\n            style=\"background-image: url(https:\/\/www.episcopalchurch.org\/wp-content\/uploads\/2020\/11\/Genesis2_hero-banner-scaled.jpg)\"\n          >\n      <div\n        class=\"hero-banner\"\n      >\n        <div class=\"hero-banner-wrapper\">\n          <h1 class=\"episcopal-hero-title\">\n                          G\u00e9nesis II: Revisi\u00f3n y Renovaci\u00f3n                      <\/h1>\n          \n                  <\/div>\n      <\/div>\n    <\/div>\n\n  \n\n\n<h1 class=\"wp-block-heading\" id=\"page-title\">Preguntas frecuentes sobre G\u00e9nesis II: Revisi\u00f3n y Renovaci\u00f3n<\/h1>\n\n\n\n<p><strong>PF:<\/strong>&nbsp;\u00bfQu\u00e9 es&nbsp;<em>G\u00e9nesis II: Revisi\u00f3n y Renovaci\u00f3n?<\/em><br><strong>R:<\/strong>&nbsp;<em>G\u00e9nesis II: Revisi\u00f3n y Renovaci\u00f3n<\/em>&nbsp;es una innovadora iniciativa de re-dise\u00f1o de ministerios que explora y utiliza pr\u00e1cticas espec\u00edficas que preparan a las parroquias para la desafiante, aunque emocionante labor de poner en marcha nuevos ministerios en sus vecindarios. Nos enfocamos sobre todo en la pr\u00e1ctica de construir relaciones con los feligreses y con nuestra comunidad en general. Creemos que a trav\u00e9s de estas relaciones descubriremos las formas en que Dios est\u00e1 actuando en nuestras congregaciones y en torno a ellas.<\/p>\n\n\n\n<p><em>G\u00e9nesis II: Revisi\u00f3n y Renovaci\u00f3n<\/em>&nbsp;ofrece tres puntos de acceso a esta labor:&nbsp;<\/p>\n\n\n\n<ul class=\"wp-block-list\"><li><a class=\"rank-math-link\" href=\"https:\/\/www.episcopalchurch.org\/es\/genesis-ii-revision-y-renovacion\/martes-a-las-200\/\">Martes a las 2:00 (hora del Este)<\/a>&nbsp;invitamos a los interesados a acompa\u00f1arnos semanalmente en una conversaci\u00f3n y un laboratorio de una hora de duraci\u00f3n sobre re-dise\u00f1o, donde exploramos y probamos nuevos comportamientos por el bien de nuestros vecinos y de los dem\u00e1s. No se requiere una inversi\u00f3n a largo plazo.<\/li><li><a href=\"https:\/\/www.episcopalchurch.org\/es\/genesis-ii-revision-y-renovacion\/grupo-formativo\/\">Grupos Formativos para el Re-dise\u00f1o<\/a>&nbsp;est\u00e1n compuestos por equipos de 4-5 l\u00edderes laicos de cinco congregaciones que se reunir\u00e1n dos veces al mes en Zoom en sesiones de 90 minutos bajo el liderazgo de un instructor especializado en ense\u00f1anza grupal y con experiencia en el liderazgo de la iglesia. El compromiso es por seis meses.<\/li><li><a href=\"https:\/\/www.episcopalchurch.org\/es\/genesis-ii-revision-y-renovacion\/comunidad-practicante\/\">La Comunidad Practicante<\/a>&nbsp;es una iniciativa de 15 meses de duraci\u00f3n que involucra a un grupo de 12 congregaciones a trav\u00e9s de la Iglesia Episcopal que est\u00e1n listas para participar en el re-dise\u00f1o de nuevos ministerios en sus vecindarios. La Comunidad Practicante se re\u00fane en l\u00ednea 2 veces al mes (septiembre 2020 &#8211; noviembre 2021) para adquirir habilidades, colaborar en grupo y dise\u00f1ar nuevas formas de ser iglesia hoy en d\u00eda. Los participantes cuentan con el apoyo de miembros comprometidos de una Comunidad Sabia &#8211; mentores, facilitadores y desarrolladores de curr\u00edculos que aportan a los participantes sus experiencias de re-dise\u00f1o en beneficio de los nuevos ministerios, en las reuniones bimensuales.<\/li><\/ul>\n\n\n\n<p><strong>PF:<\/strong>&nbsp;\u00bfEn que se parece o difiere esto de otras iniciativas de re-dise\u00f1o?<br><strong>R:<\/strong>&nbsp;El ministerio de Jes\u00fas se dio en el contexto de la comunidad, ya que cruz\u00f3 las fronteras culturales, se centr\u00f3 en las personas marginadas de la sociedad y cultiv\u00f3 un sentido de abundancia. Al hacerlo, Jes\u00fas encarn\u00f3 el amor reconciliador de Dios. Como cuerpo de Cristo, seguimos el ejemplo de Jes\u00fas compartiendo hoy la buena nueva del amor de Dios.&nbsp;En&nbsp;<em>G\u00e9nesis II: Revisi\u00f3n y Renovaci\u00f3n<\/em>&nbsp;nuestra labor es discernir, con la gu\u00eda del Esp\u00edritu y con nuestros vecinos, la forma en que el amor de Dios se manifiesta en este lugar, en este momento, y c\u00f3mo nosotros, como cuerpo de Cristo, podemos encarnar ese amor a trav\u00e9s de una hospitalidad radical. Involucramos a nuestras iglesias y a nuestros vecinos en formas que nutren relaciones aut\u00e9nticas marcadas por la mutualidad, la vulnerabilidad y la responsabilidad. A partir de estas relaciones ponemos en marcha nuevos ministerios en nuestros vecindarios.<\/p>\n\n\n\n<p><strong>PF:<\/strong>\u00bfQu\u00e9 es &#8220;Martes a las 2:00&#8221; (HE)?<br><strong>R:<\/strong>\u00a0&#8220;Martes a las 2:00&#8221; hora del Este es un laboratorio en l\u00ednea sobre re-dise\u00f1o de una hora de duraci\u00f3n para l\u00edderes de iglesias, laicos y ordenados. Aprendemos unos de otros, aprendemos nuevos comportamientos y pr\u00e1cticas, y experimentamos el ministerio colaborativo con nuestros vecinos. Aunque no es necesario adquirir un compromiso para participar en estas conversaciones, puede obtener m\u00e1s informaci\u00f3n sobre los &#8220;Grupos formativos para el re-dise\u00f1o&#8221; y la &#8220;Comunidad practicante&#8221;, oportunidades que invitan a una inmersi\u00f3n m\u00e1s profunda en el re-dise\u00f1o de la iglesia con el fin de echar a andar nuevos ministerios. Env\u00ede un correo electr\u00f3nico a\u00a0<a href=\"https:\/\/www.episcopalchurch.org\/staff\/steve-matthews\/\">Steve Matthews<\/a>\u00a0para recibir el enlace para unirse a la reuni\u00f3n.<\/p>\n\n\n\n<p><strong>PF:<\/strong>&nbsp;\u00bfQu\u00e9 es un grupo formativo?<br><strong>R:<\/strong>&nbsp;Equipos de 4-5 l\u00edderes laicos de cinco congregaciones se reunir\u00e1n dos veces al mes en Zoom en sesiones de 90 minutos bajo la direcci\u00f3n de un instructor especializado en ense\u00f1anza grupal y con experiencia en el liderazgo de la iglesia. El compromiso es por seis meses. El costo es de 300 d\u00f3lares por congregaci\u00f3n y 300 d\u00f3lares para la di\u00f3cesis. La reserva de fondos de la CG 2018 cubre 300 d\u00f3lares adicionales por congregaci\u00f3n. En estos grupos, se invitar\u00e1 a los l\u00edderes a articular la misi\u00f3n, mapear los bienes y recursos, asociarse con los vecinos, arriesgar nuevos comportamientos, evaluar el progreso, afinar la pr\u00e1ctica espiritual&#8230; avanzando en el Camino del Amor. Si su iglesia est\u00e1 interesada en participar en un grupo formativo,&nbsp;haga clic aqu\u00ed&nbsp;para presentar una solicitud.<\/p>\n\n\n\n<p><strong>PF:<\/strong>&nbsp;\u00bfQu\u00e9 es una &#8220;Comunidad Practicante&#8221;?<br><strong>R:<\/strong>&nbsp;La Comunidad Practicante es un grupo de 12 congregaciones de la Iglesia Episcopal que ya est\u00e1n participando en el re-dise\u00f1o. Este grupo se re\u00fane en l\u00ednea 2 veces al mes (septiembre 2020 &#8211; noviembre 2021) para aprender habilidades, colaborar como grupo y dise\u00f1ar nuevas formas de ser iglesia hoy en d\u00eda. Los participantes cuentan con el apoyo de miembros comprometidos de una Comunidad Sabia (mentores e instructores que aportar\u00e1n a los participantes en las reuniones bimensuales sus experiencias en re-dise\u00f1o en beneficio de los nuevos ministerios).&nbsp;<em>G\u00e9nesis II: Revisi\u00f3n y Renovaci\u00f3n<\/em>&nbsp;utiliza pr\u00e1cticas espec\u00edficas que preparan a las parroquias en la desafiante, aunque emocionante labor de poner en pr\u00e1ctica nuevos ministerios. Nos centramos sobre todo en la pr\u00e1ctica de construir relaciones con los feligreses y con nuestra comunidad en general. Creemos que en estas relaciones descubrimos las formas en que Dios act\u00faa en nuestra congregaci\u00f3n y en torno a ella. Para obtener m\u00e1s informaci\u00f3n sobre esta oportunidad o para solicitar unirse a la comunidad practicante,&nbsp;siga&nbsp;este enlace.&nbsp;<\/p>\n\n\n\n<p><strong>PF:<\/strong>&nbsp;\u00bfQu\u00e9 es una &#8220;Comunidad Sabia&#8221;?&nbsp;&nbsp;<br><strong>R:<\/strong>&nbsp;La Comunidad Sabia est\u00e1 compuesta de profesionales que asesorar\u00e1n, apoyar\u00e1n y entrenar\u00e1n a la Comunidad de Practicantes (con la participaci\u00f3n de 12 congregaciones) en su labor de re-dise\u00f1o durante un periodo que va de septiembre de 2020 hasta el oto\u00f1o de 2021.&nbsp;<\/p>\n\n\n\n<p>Al reflexionar sobre sus experiencias en el re-dise\u00f1o de la iglesia echar a andar nuevos ministerios, los miembros de la Comunidad Sabia pueden co-facilitar una o varias sesiones, ayudar a desarrollar un plan de estudios para uso futuro de la iglesia, y\/o asesorar a una congregaci\u00f3n asociada.\u202fPara obtener m\u00e1s informaci\u00f3n sobre esta oportunidad o para solicitar unirse a la Comunidad Sabia, haga clic en el enlace de invitaci\u00f3n que aparece a continuaci\u00f3n.<\/p>\n\n\n\n<p>Para obtener m\u00e1s informaci\u00f3n sobre esta oportunidad o ver la posibilidad de unirse a la Comunidad Sabia,&nbsp;siga este enlace.<\/p>\n\n\n\n<p><strong>PF:<\/strong>&nbsp;\u00bfQu\u00e9 es un &#8220;nuevo ministerio&#8221;?&nbsp;<br><strong>R:<\/strong>&nbsp;En el contexto de&nbsp;<em>G\u00e9nesis II: Revisi\u00f3n y Renovaci\u00f3n<\/em>, un nuevo ministerio es el fruto de la profundizaci\u00f3n de la relaci\u00f3n de una iglesia con sus vecinos, logrando as\u00ed una mayor colaboraci\u00f3n y asociaci\u00f3n. Un &#8220;nuevo ministerio&#8221; es una expresi\u00f3n espec\u00edfica de esta asociaci\u00f3n que resulta en una nueva iniciativa de colaboraci\u00f3n que atiende las necesidades del vecindario y se\u00f1ala las oportunidades existentes.<\/p>\n\n\n\n<p><strong>PF:<\/strong>&nbsp;\u00bfCu\u00e1nto cuesta la participaci\u00f3n de una iglesia en la Comunidad Practicante?&nbsp;&nbsp;<br><strong>R:<\/strong>&nbsp;El costo monetario de participar en la Comunidad Practicante est\u00e1 cubierto por la Iglesia Episcopal, aunque los fondos suplementarios que reciba la iglesia le permitir\u00e1n vivir a plenitud este experimento y los ministerios que fomentar\u00e1.&nbsp;<\/p>\n\n\n\n<p><strong>PF:<\/strong>&nbsp;Mi iglesia y yo quisi\u00e9ramos conocer m\u00e1s sobre esta iniciativa, pero en este momento no podemos comprometernos. \u00bfHay alguna manera de que podamos involucrarnos?<br><strong>R:<\/strong>&nbsp;\u00a1SI! La iglesia en general est\u00e1 invitada a acompa\u00f1arnos en l\u00ednea en nuestras conversaciones mensuales &#8220;Martes a las 2 (hora del Este)&#8221;, donde exploramos los desaf\u00edos y las alegr\u00edas de este trabajo continuo de re-dise\u00f1o de la iglesia con el fin de implementar nuevos ministerios.<\/p>\n\n\n\n<p><strong>PF:<\/strong>&nbsp;\u00bfD\u00f3nde puedo encontrar m\u00e1s informaci\u00f3n sobre&nbsp;<em>G\u00e9nesis II: Revisi\u00f3n y Renovaci\u00f3n<\/em>?<br><strong>R:<\/strong>&nbsp;Contactar a <a href=\"https:\/\/www.episcopalchurch.org\/staff\/steve-matthews\/\">Steve Matthews<\/a><\/p>\n\n\n\n<div class=\"wp-block-columns is-layout-flex wp-container-core-columns-is-layout-9d6595d7 wp-block-columns-is-layout-flex\">\n<div class=\"wp-block-column is-layout-flow wp-block-column-is-layout-flow\">\n<figure class=\"wp-block-image size-full\"><a href=\"https:\/\/www.episcopalchurch.org\/es\/genesis-ii-revision-y-renovacion\/\"><img loading=\"lazy\" decoding=\"async\" width=\"300\" height=\"271\" src=\"https:\/\/www.episcopalchurch.org\/wp-content\/uploads\/2020\/11\/nec_Genesis-II.png\" alt=\"\" class=\"wp-image-197315\"\/><\/a><\/figure>\n<\/div>\n\n\n\n<div class=\"wp-block-column is-vertically-aligned-center is-layout-flow wp-block-column-is-layout-flow\"><\/div>\n\n\n\n<div class=\"wp-block-column is-layout-flow wp-block-column-is-layout-flow\"><\/div>\n<\/div>\n","protected":false},"excerpt":{"rendered":"<p>Preguntas frecuentes sobre G\u00e9nesis II: Revisi\u00f3n y Renovaci\u00f3n PF:&nbsp;\u00bfQu\u00e9 es&nbsp;G\u00e9nesis II: Revisi\u00f3n y Renovaci\u00f3n?R:&nbsp;G\u00e9nesis II: Revisi\u00f3n y Renovaci\u00f3n&nbsp;es una innovadora iniciativa de re-dise\u00f1o de ministerios que explora y utiliza pr\u00e1cticas espec\u00edficas que preparan a las parroquias para la desafiante, aunque emocionante labor de poner en marcha nuevos ministerios en sus vecindarios. Nos enfocamos sobre todo [&hellip;]<\/p>\n","protected":false},"author":444,"featured_media":197315,"parent":197302,"menu_order":0,"comment_status":"closed","ping_status":"closed","template":"","meta":{"_acf_changed":false,"_uag_custom_page_level_css":"","_kad_blocks_custom_css":"","_kad_blocks_head_custom_js":"","_kad_blocks_body_custom_js":"","_kad_blocks_footer_custom_js":"","_kadence_starter_templates_imported_post":false,"footnotes":"","_links_to":"","_links_to_target":""},"class_list":["post-197385","page","type-page","status-publish","has-post-thumbnail","hentry"],"acf":[],"yoast_head":"<!-- This site is optimized with the Yoast SEO Premium plugin v24.6 (Yoast SEO v26.3) - https:\/\/yoast.com\/wordpress\/plugins\/seo\/ -->\n<title>Preguntas frecuentes &#8211; The Episcopal Church<\/title>\n<meta name=\"robots\" content=\"index, follow, max-snippet:-1, max-image-preview:large, max-video-preview:-1\" \/>\n<link rel=\"canonical\" href=\"https:\/\/www.episcopalchurch.org\/es\/genesis-ii-revision-y-renovacion\/preguntas-frecuentes\/\" \/>\n<meta property=\"og:locale\" content=\"es_ES\" \/>\n<meta property=\"og:type\" content=\"article\" \/>\n<meta property=\"og:title\" content=\"Preguntas frecuentes\" \/>\n<meta property=\"og:description\" content=\"Preguntas frecuentes sobre G\u00e9nesis II: Revisi\u00f3n y Renovaci\u00f3n PF:&nbsp;\u00bfQu\u00e9 es&nbsp;G\u00e9nesis II: Revisi\u00f3n y Renovaci\u00f3n?R:&nbsp;G\u00e9nesis II: Revisi\u00f3n y Renovaci\u00f3n&nbsp;es una innovadora iniciativa de re-dise\u00f1o de ministerios que explora y utiliza pr\u00e1cticas espec\u00edficas que preparan a las parroquias para la desafiante, aunque emocionante labor de poner en marcha nuevos ministerios en sus vecindarios. Nos enfocamos sobre todo [&hellip;]\" \/>\n<meta property=\"og:url\" content=\"https:\/\/www.episcopalchurch.org\/es\/genesis-ii-revision-y-renovacion\/preguntas-frecuentes\/\" \/>\n<meta property=\"og:site_name\" content=\"The Episcopal Church\" \/>\n<meta property=\"article:publisher\" content=\"https:\/\/www.facebook.com\/episcopalian\" \/>\n<meta property=\"article:modified_time\" content=\"2022-04-06T19:10:52+00:00\" \/>\n<meta property=\"og:image\" content=\"https:\/\/www.episcopalchurch.org\/wp-content\/uploads\/2020\/11\/nec_Genesis-II.png\" \/>\n\t<meta property=\"og:image:width\" content=\"300\" \/>\n\t<meta property=\"og:image:height\" content=\"271\" \/>\n\t<meta property=\"og:image:type\" content=\"image\/png\" \/>\n<meta name=\"twitter:card\" content=\"summary_large_image\" \/>\n<meta name=\"twitter:site\" content=\"@iamepiscopalian\" \/>\n<meta name=\"twitter:label1\" content=\"Est. reading time\" \/>\n\t<meta name=\"twitter:data1\" content=\"6 minutes\" \/>\n<script type=\"application\/ld+json\" class=\"yoast-schema-graph\">{\"@context\":\"https:\/\/schema.org\",\"@graph\":[{\"@type\":\"WebPage\",\"@id\":\"https:\/\/www.episcopalchurch.org\/es\/genesis-ii-revision-y-renovacion\/preguntas-frecuentes\/\",\"url\":\"https:\/\/www.episcopalchurch.org\/es\/genesis-ii-revision-y-renovacion\/preguntas-frecuentes\/\",\"name\":\"Preguntas frecuentes &#8211; The Episcopal Church\",\"isPartOf\":{\"@id\":\"https:\/\/www.episcopalchurch.org\/#website\"},\"primaryImageOfPage\":{\"@id\":\"https:\/\/www.episcopalchurch.org\/es\/genesis-ii-revision-y-renovacion\/preguntas-frecuentes\/#primaryimage\"},\"image\":{\"@id\":\"https:\/\/www.episcopalchurch.org\/es\/genesis-ii-revision-y-renovacion\/preguntas-frecuentes\/#primaryimage\"},\"thumbnailUrl\":\"https:\/\/www.episcopalchurch.org\/wp-content\/uploads\/2020\/11\/nec_Genesis-II.png\",\"datePublished\":\"2020-11-25T15:55:46+00:00\",\"dateModified\":\"2022-04-06T19:10:52+00:00\",\"breadcrumb\":{\"@id\":\"https:\/\/www.episcopalchurch.org\/es\/genesis-ii-revision-y-renovacion\/preguntas-frecuentes\/#breadcrumb\"},\"inLanguage\":\"es-ES\",\"potentialAction\":[{\"@type\":\"ReadAction\",\"target\":[\"https:\/\/www.episcopalchurch.org\/es\/genesis-ii-revision-y-renovacion\/preguntas-frecuentes\/\"]}]},{\"@type\":\"ImageObject\",\"inLanguage\":\"es-ES\",\"@id\":\"https:\/\/www.episcopalchurch.org\/es\/genesis-ii-revision-y-renovacion\/preguntas-frecuentes\/#primaryimage\",\"url\":\"https:\/\/www.episcopalchurch.org\/wp-content\/uploads\/2020\/11\/nec_Genesis-II.png\",\"contentUrl\":\"https:\/\/www.episcopalchurch.org\/wp-content\/uploads\/2020\/11\/nec_Genesis-II.png\",\"width\":300,\"height\":271},{\"@type\":\"BreadcrumbList\",\"@id\":\"https:\/\/www.episcopalchurch.org\/es\/genesis-ii-revision-y-renovacion\/preguntas-frecuentes\/#breadcrumb\",\"itemListElement\":[{\"@type\":\"ListItem\",\"position\":1,\"name\":\"Home\",\"item\":\"https:\/\/www.episcopalchurch.org\/\"},{\"@type\":\"ListItem\",\"position\":2,\"name\":\"G\u00e9nesis II: Revisi\u00f3n y Renovaci\u00f3n\",\"item\":\"https:\/\/www.episcopalchurch.org\/es\/genesis-ii-revision-y-renovacion\/\"},{\"@type\":\"ListItem\",\"position\":3,\"name\":\"Preguntas frecuentes\"}]},{\"@type\":\"WebSite\",\"@id\":\"https:\/\/www.episcopalchurch.org\/#website\",\"url\":\"https:\/\/www.episcopalchurch.org\/\",\"name\":\"The Episcopal Church\",\"description\":\"Welcomes You\",\"publisher\":{\"@id\":\"https:\/\/www.episcopalchurch.org\/#organization\"},\"potentialAction\":[{\"@type\":\"SearchAction\",\"target\":{\"@type\":\"EntryPoint\",\"urlTemplate\":\"https:\/\/www.episcopalchurch.org\/?s={search_term_string}\"},\"query-input\":{\"@type\":\"PropertyValueSpecification\",\"valueRequired\":true,\"valueName\":\"search_term_string\"}}],\"inLanguage\":\"es-ES\"},{\"@type\":\"Organization\",\"@id\":\"https:\/\/www.episcopalchurch.org\/#organization\",\"name\":\"The Episcopal Church\",\"url\":\"https:\/\/www.episcopalchurch.org\/\",\"logo\":{\"@type\":\"ImageObject\",\"inLanguage\":\"es-ES\",\"@id\":\"https:\/\/www.episcopalchurch.org\/#\/schema\/logo\/image\/\",\"url\":\"https:\/\/www.episcopalchurch.org\/wp-content\/uploads\/2021\/01\/vertical_episcopal_logo.jpg\",\"contentUrl\":\"https:\/\/www.episcopalchurch.org\/wp-content\/uploads\/2021\/01\/vertical_episcopal_logo.jpg\",\"width\":770,\"height\":662,\"caption\":\"The Episcopal Church\"},\"image\":{\"@id\":\"https:\/\/www.episcopalchurch.org\/#\/schema\/logo\/image\/\"},\"sameAs\":[\"https:\/\/www.facebook.com\/episcopalian\",\"https:\/\/x.com\/iamepiscopalian\",\"https:\/\/www.youtube.com\/channel\/UCdVJpxCtK41c_-p6EaE4_2A\"]}]}<\/script>\n<!-- \/ Yoast SEO Premium plugin. -->","yoast_head_json":{"title":"Preguntas frecuentes &#8211; The Episcopal Church","robots":{"index":"index","follow":"follow","max-snippet":"max-snippet:-1","max-image-preview":"max-image-preview:large","max-video-preview":"max-video-preview:-1"},"canonical":"https:\/\/www.episcopalchurch.org\/es\/genesis-ii-revision-y-renovacion\/preguntas-frecuentes\/","og_locale":"es_ES","og_type":"article","og_title":"Preguntas frecuentes","og_description":"Preguntas frecuentes sobre G\u00e9nesis II: Revisi\u00f3n y Renovaci\u00f3n PF:&nbsp;\u00bfQu\u00e9 es&nbsp;G\u00e9nesis II: Revisi\u00f3n y Renovaci\u00f3n?R:&nbsp;G\u00e9nesis II: Revisi\u00f3n y Renovaci\u00f3n&nbsp;es una innovadora iniciativa de re-dise\u00f1o de ministerios que explora y utiliza pr\u00e1cticas espec\u00edficas que preparan a las parroquias para la desafiante, aunque emocionante labor de poner en marcha nuevos ministerios en sus vecindarios. Nos enfocamos sobre todo [&hellip;]","og_url":"https:\/\/www.episcopalchurch.org\/es\/genesis-ii-revision-y-renovacion\/preguntas-frecuentes\/","og_site_name":"The Episcopal Church","article_publisher":"https:\/\/www.facebook.com\/episcopalian","article_modified_time":"2022-04-06T19:10:52+00:00","og_image":[{"width":300,"height":271,"url":"https:\/\/www.episcopalchurch.org\/wp-content\/uploads\/2020\/11\/nec_Genesis-II.png","type":"image\/png"}],"twitter_card":"summary_large_image","twitter_site":"@iamepiscopalian","twitter_misc":{"Est. reading time":"6 minutes"},"schema":{"@context":"https:\/\/schema.org","@graph":[{"@type":"WebPage","@id":"https:\/\/www.episcopalchurch.org\/es\/genesis-ii-revision-y-renovacion\/preguntas-frecuentes\/","url":"https:\/\/www.episcopalchurch.org\/es\/genesis-ii-revision-y-renovacion\/preguntas-frecuentes\/","name":"Preguntas frecuentes &#8211; The Episcopal Church","isPartOf":{"@id":"https:\/\/www.episcopalchurch.org\/#website"},"primaryImageOfPage":{"@id":"https:\/\/www.episcopalchurch.org\/es\/genesis-ii-revision-y-renovacion\/preguntas-frecuentes\/#primaryimage"},"image":{"@id":"https:\/\/www.episcopalchurch.org\/es\/genesis-ii-revision-y-renovacion\/preguntas-frecuentes\/#primaryimage"},"thumbnailUrl":"https:\/\/www.episcopalchurch.org\/wp-content\/uploads\/2020\/11\/nec_Genesis-II.png","datePublished":"2020-11-25T15:55:46+00:00","dateModified":"2022-04-06T19:10:52+00:00","breadcrumb":{"@id":"https:\/\/www.episcopalchurch.org\/es\/genesis-ii-revision-y-renovacion\/preguntas-frecuentes\/#breadcrumb"},"inLanguage":"es-ES","potentialAction":[{"@type":"ReadAction","target":["https:\/\/www.episcopalchurch.org\/es\/genesis-ii-revision-y-renovacion\/preguntas-frecuentes\/"]}]},{"@type":"ImageObject","inLanguage":"es-ES","@id":"https:\/\/www.episcopalchurch.org\/es\/genesis-ii-revision-y-renovacion\/preguntas-frecuentes\/#primaryimage","url":"https:\/\/www.episcopalchurch.org\/wp-content\/uploads\/2020\/11\/nec_Genesis-II.png","contentUrl":"https:\/\/www.episcopalchurch.org\/wp-content\/uploads\/2020\/11\/nec_Genesis-II.png","width":300,"height":271},{"@type":"BreadcrumbList","@id":"https:\/\/www.episcopalchurch.org\/es\/genesis-ii-revision-y-renovacion\/preguntas-frecuentes\/#breadcrumb","itemListElement":[{"@type":"ListItem","position":1,"name":"Home","item":"https:\/\/www.episcopalchurch.org\/"},{"@type":"ListItem","position":2,"name":"G\u00e9nesis II: Revisi\u00f3n y Renovaci\u00f3n","item":"https:\/\/www.episcopalchurch.org\/es\/genesis-ii-revision-y-renovacion\/"},{"@type":"ListItem","position":3,"name":"Preguntas frecuentes"}]},{"@type":"WebSite","@id":"https:\/\/www.episcopalchurch.org\/#website","url":"https:\/\/www.episcopalchurch.org\/","name":"The Episcopal Church","description":"Welcomes You","publisher":{"@id":"https:\/\/www.episcopalchurch.org\/#organization"},"potentialAction":[{"@type":"SearchAction","target":{"@type":"EntryPoint","urlTemplate":"https:\/\/www.episcopalchurch.org\/?s={search_term_string}"},"query-input":{"@type":"PropertyValueSpecification","valueRequired":true,"valueName":"search_term_string"}}],"inLanguage":"es-ES"},{"@type":"Organization","@id":"https:\/\/www.episcopalchurch.org\/#organization","name":"The Episcopal Church","url":"https:\/\/www.episcopalchurch.org\/","logo":{"@type":"ImageObject","inLanguage":"es-ES","@id":"https:\/\/www.episcopalchurch.org\/#\/schema\/logo\/image\/","url":"https:\/\/www.episcopalchurch.org\/wp-content\/uploads\/2021\/01\/vertical_episcopal_logo.jpg","contentUrl":"https:\/\/www.episcopalchurch.org\/wp-content\/uploads\/2021\/01\/vertical_episcopal_logo.jpg","width":770,"height":662,"caption":"The Episcopal Church"},"image":{"@id":"https:\/\/www.episcopalchurch.org\/#\/schema\/logo\/image\/"},"sameAs":["https:\/\/www.facebook.com\/episcopalian","https:\/\/x.com\/iamepiscopalian","https:\/\/www.youtube.com\/channel\/UCdVJpxCtK41c_-p6EaE4_2A"]}]}},"taxonomy_info":[],"featured_image_src_large":["https:\/\/www.episcopalchurch.org\/wp-content\/uploads\/2020\/11\/nec_Genesis-II.png",300,271,false],"author_info":{"display_name":"wwedderburn","author_link":"https:\/\/www.episcopalchurch.org\/es\/author\/wwedderburn\/"},"comment_info":"","uagb_featured_image_src":{"full":["https:\/\/www.episcopalchurch.org\/wp-content\/uploads\/2020\/11\/nec_Genesis-II.png",300,271,false],"thumbnail":["https:\/\/www.episcopalchurch.org\/wp-content\/uploads\/2020\/11\/nec_Genesis-II-150x150.png",150,150,true],"medium":["https:\/\/www.episcopalchurch.org\/wp-content\/uploads\/2020\/11\/nec_Genesis-II.png",300,271,false],"medium_large":["https:\/\/www.episcopalchurch.org\/wp-content\/uploads\/2020\/11\/nec_Genesis-II.png",300,271,false],"large":["https:\/\/www.episcopalchurch.org\/wp-content\/uploads\/2020\/11\/nec_Genesis-II.png",300,271,false],"1536x1536":["https:\/\/www.episcopalchurch.org\/wp-content\/uploads\/2020\/11\/nec_Genesis-II.png",300,271,false],"2048x2048":["https:\/\/www.episcopalchurch.org\/wp-content\/uploads\/2020\/11\/nec_Genesis-II.png",300,271,false],"menu":["https:\/\/www.episcopalchurch.org\/wp-content\/uploads\/2020\/11\/nec_Genesis-II-300x200.png",300,200,true],"hero":["https:\/\/www.episcopalchurch.org\/wp-content\/uploads\/2020\/11\/nec_Genesis-II.png",300,271,false],"callout-image":["https:\/\/www.episcopalchurch.org\/wp-content\/uploads\/2020\/11\/nec_Genesis-II.png",300,271,false]},"uagb_author_info":{"display_name":"wwedderburn","author_link":"https:\/\/www.episcopalchurch.org\/es\/author\/wwedderburn\/"},"uagb_comment_info":0,"uagb_excerpt":"Preguntas frecuentes sobre G\u00e9nesis II: Revisi\u00f3n y Renovaci\u00f3n PF:&nbsp;\u00bfQu\u00e9 es&nbsp;G\u00e9nesis II: Revisi\u00f3n y Renovaci\u00f3n?R:&nbsp;G\u00e9nesis II: Revisi\u00f3n y Renovaci\u00f3n&nbsp;es una innovadora iniciativa de re-dise\u00f1o de ministerios que explora y utiliza pr\u00e1cticas espec\u00edficas que preparan a las parroquias para la desafiante, aunque emocionante labor de poner en marcha nuevos ministerios en sus vecindarios. Nos enfocamos sobre todo&hellip;","_links":{"self":[{"href":"https:\/\/www.episcopalchurch.org\/es\/wp-json\/wp\/v2\/pages\/197385","targetHints":{"allow":["GET"]}}],"collection":[{"href":"https:\/\/www.episcopalchurch.org\/es\/wp-json\/wp\/v2\/pages"}],"about":[{"href":"https:\/\/www.episcopalchurch.org\/es\/wp-json\/wp\/v2\/types\/page"}],"author":[{"embeddable":true,"href":"https:\/\/www.episcopalchurch.org\/es\/wp-json\/wp\/v2\/users\/444"}],"replies":[{"embeddable":true,"href":"https:\/\/www.episcopalchurch.org\/es\/wp-json\/wp\/v2\/comments?post=197385"}],"version-history":[{"count":0,"href":"https:\/\/www.episcopalchurch.org\/es\/wp-json\/wp\/v2\/pages\/197385\/revisions"}],"up":[{"embeddable":true,"href":"https:\/\/www.episcopalchurch.org\/es\/wp-json\/wp\/v2\/pages\/197302"}],"wp:featuredmedia":[{"embeddable":true,"href":"https:\/\/www.episcopalchurch.org\/es\/wp-json\/wp\/v2\/media\/197315"}],"wp:attachment":[{"href":"https:\/\/www.episcopalchurch.org\/es\/wp-json\/wp\/v2\/media?parent=197385"}],"curies":[{"name":"wp","href":"https:\/\/api.w.org\/{rel}","templated":true}]}}