{"id":2166,"date":"2019-11-05T16:26:58","date_gmt":"2019-11-05T16:26:58","guid":{"rendered":"https:\/\/www2.episcopalchurch.org\/?page_id=2166"},"modified":"2020-01-15T16:28:39","modified_gmt":"2020-01-15T16:28:39","slug":"la-biblia","status":"publish","type":"page","link":"https:\/\/www.episcopalchurch.org\/es\/lo-que-creemos\/la-biblia\/","title":{"rendered":"La Biblia"},"content":{"rendered":"    <div\n      class=\"wp-block-episcopal-hero-banner alignfull\"\n            style=\"background-image: url(https:\/\/www.episcopalchurch.org\/wp-content\/uploads\/2019\/10\/ourbeliefs.jpg)\"\n          >\n      <div\n        class=\"hero-banner\"\n      >\n        <div class=\"hero-banner-wrapper\">\n          <h1 class=\"episcopal-hero-title\">\n                          La Biblia                      <\/h1>\n                      <div class=\"episcopal-hero-description\">\n              Lo Que\u00a0Creemos            <\/div>\n          \n                  <\/div>\n      <\/div>\n    <\/div>\n\n  \n\n\n<div class=\"wp-block-image\"><figure class=\"alignright size-large is-resized\"><img loading=\"lazy\" decoding=\"async\" src=\"https:\/\/www.episcopalchurch.org\/wp-content\/uploads\/2020\/01\/es_bible-1024x1024.png\" alt=\"\" class=\"wp-image-2535\" width=\"300\" height=\"300\" srcset=\"https:\/\/www.episcopalchurch.org\/wp-content\/uploads\/2020\/01\/es_bible-1024x1024.png 1024w, https:\/\/www.episcopalchurch.org\/wp-content\/uploads\/2020\/01\/es_bible-300x300.png 300w, https:\/\/www.episcopalchurch.org\/wp-content\/uploads\/2020\/01\/es_bible-150x150.png 150w, https:\/\/www.episcopalchurch.org\/wp-content\/uploads\/2020\/01\/es_bible-768x768.png 768w, https:\/\/www.episcopalchurch.org\/wp-content\/uploads\/2020\/01\/es_bible-1536x1536.png 1536w, https:\/\/www.episcopalchurch.org\/wp-content\/uploads\/2020\/01\/es_bible-2048x2048.png 2048w, https:\/\/www.episcopalchurch.org\/wp-content\/uploads\/2020\/01\/es_bible-480x480.png 480w\" sizes=\"auto, (max-width: 300px) 100vw, 300px\" \/><\/figure><\/div>\n\n\n\n<p>En los 39 Art\u00edculos, un documento fundacional de teolog\u00eda anglicana del a\u00f1o 1536, se dice que \u201cla Sagrada Escritura contiene todas las cosas necesarias para la salvaci\u00f3n\u201d. Las Escrituras, integradas por el Antiguo y Nuevo Testamentos, as\u00ed como algunos textos ap\u00f3crifos, fueron escritas bajo la inspiraci\u00f3n del Esp\u00edritu Santo.<\/p>\n\n\n\n<p>La Biblia es de extraordinaria importancia para el culto episcopal; durante un servicio de la ma\u00f1ana del domingo, la congregaci\u00f3n normalmente oir\u00e1 al menos tres lecturas de las Escrituras, y gran parte de la liturgia del Libro de Oraci\u00f3n Com\u00fan se basa expl\u00edcitamente en los textos b\u00edblicos. Seg\u00fan el Catecismo, \u201cEntendemos el significado de la Biblia con la ayuda del Esp\u00edritu Santo, que gu\u00eda a la Iglesia en la correcta interpretaci\u00f3n de las Escrituras\u201d (p.746).<\/p>\n","protected":false},"excerpt":{"rendered":"<p>En los 39 Art\u00edculos, un documento fundacional de teolog\u00eda anglicana del a\u00f1o 1536, se dice que \u201cla Sagrada Escritura contiene todas las cosas necesarias para la salvaci\u00f3n\u201d. Las Escrituras, integradas por el Antiguo y Nuevo Testamentos, as\u00ed como algunos textos ap\u00f3crifos, fueron escritas bajo la inspiraci\u00f3n del Esp\u00edritu Santo. La Biblia es de extraordinaria importancia [&hellip;]<\/p>\n","protected":false},"author":444,"featured_media":0,"parent":2195,"menu_order":0,"comment_status":"closed","ping_status":"closed","template":"","meta":{"_acf_changed":false,"_uag_custom_page_level_css":"","_kad_blocks_custom_css":"","_kad_blocks_head_custom_js":"","_kad_blocks_body_custom_js":"","_kad_blocks_footer_custom_js":"","_kadence_starter_templates_imported_post":false,"footnotes":"","_links_to":"","_links_to_target":""},"class_list":["post-2166","page","type-page","status-publish","hentry"],"acf":[],"yoast_head":"<!-- This site is optimized with the Yoast SEO Premium plugin v24.6 (Yoast SEO v26.3) - https:\/\/yoast.com\/wordpress\/plugins\/seo\/ -->\n<title>La Biblia &#8211; The Episcopal Church<\/title>\n<meta name=\"robots\" content=\"index, follow, max-snippet:-1, max-image-preview:large, max-video-preview:-1\" \/>\n<link rel=\"canonical\" href=\"https:\/\/www.episcopalchurch.org\/es\/lo-que-creemos\/la-biblia\/\" \/>\n<meta property=\"og:locale\" content=\"es_ES\" \/>\n<meta property=\"og:type\" content=\"article\" \/>\n<meta property=\"og:title\" content=\"La Biblia\" \/>\n<meta property=\"og:description\" content=\"En los 39 Art\u00edculos, un documento fundacional de teolog\u00eda anglicana del a\u00f1o 1536, se dice que \u201cla Sagrada Escritura contiene todas las cosas necesarias para la salvaci\u00f3n\u201d. Las Escrituras, integradas por el Antiguo y Nuevo Testamentos, as\u00ed como algunos textos ap\u00f3crifos, fueron escritas bajo la inspiraci\u00f3n del Esp\u00edritu Santo. La Biblia es de extraordinaria importancia [&hellip;]\" \/>\n<meta property=\"og:url\" content=\"https:\/\/www.episcopalchurch.org\/es\/lo-que-creemos\/la-biblia\/\" \/>\n<meta property=\"og:site_name\" content=\"The Episcopal Church\" \/>\n<meta property=\"article:publisher\" content=\"https:\/\/www.facebook.com\/episcopalian\" \/>\n<meta property=\"article:modified_time\" content=\"2020-01-15T16:28:39+00:00\" \/>\n<meta property=\"og:image\" content=\"https:\/\/www.episcopalchurch.org\/wp-content\/uploads\/2020\/01\/es_bible-1024x1024.png\" \/>\n<meta name=\"twitter:card\" content=\"summary_large_image\" \/>\n<meta name=\"twitter:site\" content=\"@iamepiscopalian\" \/>\n<meta name=\"twitter:label1\" content=\"Est. reading time\" \/>\n\t<meta name=\"twitter:data1\" content=\"1 minute\" \/>\n<script type=\"application\/ld+json\" class=\"yoast-schema-graph\">{\"@context\":\"https:\/\/schema.org\",\"@graph\":[{\"@type\":\"WebPage\",\"@id\":\"https:\/\/www.episcopalchurch.org\/es\/lo-que-creemos\/la-biblia\/\",\"url\":\"https:\/\/www.episcopalchurch.org\/es\/lo-que-creemos\/la-biblia\/\",\"name\":\"La Biblia &#8211; The Episcopal Church\",\"isPartOf\":{\"@id\":\"https:\/\/www.episcopalchurch.org\/#website\"},\"primaryImageOfPage\":{\"@id\":\"https:\/\/www.episcopalchurch.org\/es\/lo-que-creemos\/la-biblia\/#primaryimage\"},\"image\":{\"@id\":\"https:\/\/www.episcopalchurch.org\/es\/lo-que-creemos\/la-biblia\/#primaryimage\"},\"thumbnailUrl\":\"https:\/\/www.episcopalchurch.org\/wp-content\/uploads\/2020\/01\/es_bible-1024x1024.png\",\"datePublished\":\"2019-11-05T16:26:58+00:00\",\"dateModified\":\"2020-01-15T16:28:39+00:00\",\"breadcrumb\":{\"@id\":\"https:\/\/www.episcopalchurch.org\/es\/lo-que-creemos\/la-biblia\/#breadcrumb\"},\"inLanguage\":\"es-ES\",\"potentialAction\":[{\"@type\":\"ReadAction\",\"target\":[\"https:\/\/www.episcopalchurch.org\/es\/lo-que-creemos\/la-biblia\/\"]}]},{\"@type\":\"ImageObject\",\"inLanguage\":\"es-ES\",\"@id\":\"https:\/\/www.episcopalchurch.org\/es\/lo-que-creemos\/la-biblia\/#primaryimage\",\"url\":\"https:\/\/www.episcopalchurch.org\/wp-content\/uploads\/2020\/01\/es_bible-1024x1024.png\",\"contentUrl\":\"https:\/\/www.episcopalchurch.org\/wp-content\/uploads\/2020\/01\/es_bible-1024x1024.png\"},{\"@type\":\"BreadcrumbList\",\"@id\":\"https:\/\/www.episcopalchurch.org\/es\/lo-que-creemos\/la-biblia\/#breadcrumb\",\"itemListElement\":[{\"@type\":\"ListItem\",\"position\":1,\"name\":\"Home\",\"item\":\"https:\/\/www.episcopalchurch.org\/\"},{\"@type\":\"ListItem\",\"position\":2,\"name\":\"Lo Que Creemos\",\"item\":\"https:\/\/www.episcopalchurch.org\/lo-que-creemos\/\"},{\"@type\":\"ListItem\",\"position\":3,\"name\":\"La Biblia\"}]},{\"@type\":\"WebSite\",\"@id\":\"https:\/\/www.episcopalchurch.org\/#website\",\"url\":\"https:\/\/www.episcopalchurch.org\/\",\"name\":\"The Episcopal Church\",\"description\":\"Welcomes You\",\"publisher\":{\"@id\":\"https:\/\/www.episcopalchurch.org\/#organization\"},\"potentialAction\":[{\"@type\":\"SearchAction\",\"target\":{\"@type\":\"EntryPoint\",\"urlTemplate\":\"https:\/\/www.episcopalchurch.org\/?s={search_term_string}\"},\"query-input\":{\"@type\":\"PropertyValueSpecification\",\"valueRequired\":true,\"valueName\":\"search_term_string\"}}],\"inLanguage\":\"es-ES\"},{\"@type\":\"Organization\",\"@id\":\"https:\/\/www.episcopalchurch.org\/#organization\",\"name\":\"The Episcopal Church\",\"url\":\"https:\/\/www.episcopalchurch.org\/\",\"logo\":{\"@type\":\"ImageObject\",\"inLanguage\":\"es-ES\",\"@id\":\"https:\/\/www.episcopalchurch.org\/#\/schema\/logo\/image\/\",\"url\":\"https:\/\/www.episcopalchurch.org\/wp-content\/uploads\/2021\/01\/vertical_episcopal_logo.jpg\",\"contentUrl\":\"https:\/\/www.episcopalchurch.org\/wp-content\/uploads\/2021\/01\/vertical_episcopal_logo.jpg\",\"width\":770,\"height\":662,\"caption\":\"The Episcopal Church\"},\"image\":{\"@id\":\"https:\/\/www.episcopalchurch.org\/#\/schema\/logo\/image\/\"},\"sameAs\":[\"https:\/\/www.facebook.com\/episcopalian\",\"https:\/\/x.com\/iamepiscopalian\",\"https:\/\/www.youtube.com\/channel\/UCdVJpxCtK41c_-p6EaE4_2A\"]}]}<\/script>\n<!-- \/ Yoast SEO Premium plugin. -->","yoast_head_json":{"title":"La Biblia &#8211; The Episcopal Church","robots":{"index":"index","follow":"follow","max-snippet":"max-snippet:-1","max-image-preview":"max-image-preview:large","max-video-preview":"max-video-preview:-1"},"canonical":"https:\/\/www.episcopalchurch.org\/es\/lo-que-creemos\/la-biblia\/","og_locale":"es_ES","og_type":"article","og_title":"La Biblia","og_description":"En los 39 Art\u00edculos, un documento fundacional de teolog\u00eda anglicana del a\u00f1o 1536, se dice que \u201cla Sagrada Escritura contiene todas las cosas necesarias para la salvaci\u00f3n\u201d. Las Escrituras, integradas por el Antiguo y Nuevo Testamentos, as\u00ed como algunos textos ap\u00f3crifos, fueron escritas bajo la inspiraci\u00f3n del Esp\u00edritu Santo. La Biblia es de extraordinaria importancia [&hellip;]","og_url":"https:\/\/www.episcopalchurch.org\/es\/lo-que-creemos\/la-biblia\/","og_site_name":"The Episcopal Church","article_publisher":"https:\/\/www.facebook.com\/episcopalian","article_modified_time":"2020-01-15T16:28:39+00:00","og_image":[{"url":"https:\/\/www.episcopalchurch.org\/wp-content\/uploads\/2020\/01\/es_bible-1024x1024.png","type":"","width":"","height":""}],"twitter_card":"summary_large_image","twitter_site":"@iamepiscopalian","twitter_misc":{"Est. reading time":"1 minute"},"schema":{"@context":"https:\/\/schema.org","@graph":[{"@type":"WebPage","@id":"https:\/\/www.episcopalchurch.org\/es\/lo-que-creemos\/la-biblia\/","url":"https:\/\/www.episcopalchurch.org\/es\/lo-que-creemos\/la-biblia\/","name":"La Biblia &#8211; The Episcopal Church","isPartOf":{"@id":"https:\/\/www.episcopalchurch.org\/#website"},"primaryImageOfPage":{"@id":"https:\/\/www.episcopalchurch.org\/es\/lo-que-creemos\/la-biblia\/#primaryimage"},"image":{"@id":"https:\/\/www.episcopalchurch.org\/es\/lo-que-creemos\/la-biblia\/#primaryimage"},"thumbnailUrl":"https:\/\/www.episcopalchurch.org\/wp-content\/uploads\/2020\/01\/es_bible-1024x1024.png","datePublished":"2019-11-05T16:26:58+00:00","dateModified":"2020-01-15T16:28:39+00:00","breadcrumb":{"@id":"https:\/\/www.episcopalchurch.org\/es\/lo-que-creemos\/la-biblia\/#breadcrumb"},"inLanguage":"es-ES","potentialAction":[{"@type":"ReadAction","target":["https:\/\/www.episcopalchurch.org\/es\/lo-que-creemos\/la-biblia\/"]}]},{"@type":"ImageObject","inLanguage":"es-ES","@id":"https:\/\/www.episcopalchurch.org\/es\/lo-que-creemos\/la-biblia\/#primaryimage","url":"https:\/\/www.episcopalchurch.org\/wp-content\/uploads\/2020\/01\/es_bible-1024x1024.png","contentUrl":"https:\/\/www.episcopalchurch.org\/wp-content\/uploads\/2020\/01\/es_bible-1024x1024.png"},{"@type":"BreadcrumbList","@id":"https:\/\/www.episcopalchurch.org\/es\/lo-que-creemos\/la-biblia\/#breadcrumb","itemListElement":[{"@type":"ListItem","position":1,"name":"Home","item":"https:\/\/www.episcopalchurch.org\/"},{"@type":"ListItem","position":2,"name":"Lo Que Creemos","item":"https:\/\/www.episcopalchurch.org\/lo-que-creemos\/"},{"@type":"ListItem","position":3,"name":"La Biblia"}]},{"@type":"WebSite","@id":"https:\/\/www.episcopalchurch.org\/#website","url":"https:\/\/www.episcopalchurch.org\/","name":"The Episcopal Church","description":"Welcomes You","publisher":{"@id":"https:\/\/www.episcopalchurch.org\/#organization"},"potentialAction":[{"@type":"SearchAction","target":{"@type":"EntryPoint","urlTemplate":"https:\/\/www.episcopalchurch.org\/?s={search_term_string}"},"query-input":{"@type":"PropertyValueSpecification","valueRequired":true,"valueName":"search_term_string"}}],"inLanguage":"es-ES"},{"@type":"Organization","@id":"https:\/\/www.episcopalchurch.org\/#organization","name":"The Episcopal Church","url":"https:\/\/www.episcopalchurch.org\/","logo":{"@type":"ImageObject","inLanguage":"es-ES","@id":"https:\/\/www.episcopalchurch.org\/#\/schema\/logo\/image\/","url":"https:\/\/www.episcopalchurch.org\/wp-content\/uploads\/2021\/01\/vertical_episcopal_logo.jpg","contentUrl":"https:\/\/www.episcopalchurch.org\/wp-content\/uploads\/2021\/01\/vertical_episcopal_logo.jpg","width":770,"height":662,"caption":"The Episcopal Church"},"image":{"@id":"https:\/\/www.episcopalchurch.org\/#\/schema\/logo\/image\/"},"sameAs":["https:\/\/www.facebook.com\/episcopalian","https:\/\/x.com\/iamepiscopalian","https:\/\/www.youtube.com\/channel\/UCdVJpxCtK41c_-p6EaE4_2A"]}]}},"taxonomy_info":[],"featured_image_src_large":false,"author_info":{"display_name":"wwedderburn","author_link":"https:\/\/www.episcopalchurch.org\/es\/author\/wwedderburn\/"},"comment_info":"","uagb_featured_image_src":{"full":false,"thumbnail":false,"medium":false,"medium_large":false,"large":false,"1536x1536":false,"2048x2048":false,"menu":false,"hero":false,"callout-image":false},"uagb_author_info":{"display_name":"wwedderburn","author_link":"https:\/\/www.episcopalchurch.org\/es\/author\/wwedderburn\/"},"uagb_comment_info":0,"uagb_excerpt":"En los 39 Art\u00edculos, un documento fundacional de teolog\u00eda anglicana del a\u00f1o 1536, se dice que \u201cla Sagrada Escritura contiene todas las cosas necesarias para la salvaci\u00f3n\u201d. Las Escrituras, integradas por el Antiguo y Nuevo Testamentos, as\u00ed como algunos textos ap\u00f3crifos, fueron escritas bajo la inspiraci\u00f3n del Esp\u00edritu Santo. La Biblia es de extraordinaria importancia&hellip;","_links":{"self":[{"href":"https:\/\/www.episcopalchurch.org\/es\/wp-json\/wp\/v2\/pages\/2166","targetHints":{"allow":["GET"]}}],"collection":[{"href":"https:\/\/www.episcopalchurch.org\/es\/wp-json\/wp\/v2\/pages"}],"about":[{"href":"https:\/\/www.episcopalchurch.org\/es\/wp-json\/wp\/v2\/types\/page"}],"author":[{"embeddable":true,"href":"https:\/\/www.episcopalchurch.org\/es\/wp-json\/wp\/v2\/users\/444"}],"replies":[{"embeddable":true,"href":"https:\/\/www.episcopalchurch.org\/es\/wp-json\/wp\/v2\/comments?post=2166"}],"version-history":[{"count":0,"href":"https:\/\/www.episcopalchurch.org\/es\/wp-json\/wp\/v2\/pages\/2166\/revisions"}],"up":[{"embeddable":true,"href":"https:\/\/www.episcopalchurch.org\/es\/wp-json\/wp\/v2\/pages\/2195"}],"wp:attachment":[{"href":"https:\/\/www.episcopalchurch.org\/es\/wp-json\/wp\/v2\/media?parent=2166"}],"curies":[{"name":"wp","href":"https:\/\/api.w.org\/{rel}","templated":true}]}}