{"id":2195,"date":"2019-11-05T17:46:55","date_gmt":"2019-11-05T17:46:55","guid":{"rendered":"https:\/\/www2.episcopalchurch.org\/?page_id=2195"},"modified":"2023-05-16T12:21:39","modified_gmt":"2023-05-16T16:21:39","slug":"lo-que-creemos","status":"publish","type":"page","link":"https:\/\/www.episcopalchurch.org\/es\/lo-que-creemos\/","title":{"rendered":"Lo Que Creemos"},"content":{"rendered":"    <div\n      class=\"wp-block-episcopal-hero-banner alignfull\"\n            style=\"background-image: url(https:\/\/www.episcopalchurch.org\/wp-content\/uploads\/2019\/10\/ourbeliefs.jpg)\"\n          >\n      <div\n        class=\"hero-banner\"\n      >\n        <div class=\"hero-banner-wrapper\">\n          <h1 class=\"episcopal-hero-title\">\n                          Lo Que Creemos                      <\/h1>\n          \n                  <\/div>\n      <\/div>\n    <\/div>\n\n  \n\n\n<p>Creemos en seguir las ense\u00f1anzas de Jesucristo, cuya vida, muerte y resurrecci\u00f3n salv\u00f3 al mundo.<\/p>\n\n\n\n<p>Creemos que Dios nos ama a todos, sin excepci\u00f3n.<\/p>\n\n\n\n<p>La Iglesia Episcopal abraza un legado de inclusi\u00f3n, aspirando a contar y ejemplificar el amor de Dios por cada ser humano;&nbsp;personas de todos los g\u00e9neros y orientaciones sexuales sirven como obispos, sacerdotes y di\u00e1conos en nuestra Iglesia.&nbsp;Los laicos y el clero trabajan juntos en el liderazgo y el gobierno.<\/p>\n\n\n\n<h3 class=\"wp-block-heading\"><strong><strong>El n\u00facleo de nuestras creencias:<\/strong><\/strong><\/h3>\n\n\n\n<p><strong><a href=\"https:\/\/www.episcopalchurch.org\/es\/lo-que-creemos\/el-libro-de-oracion-comun\/\">El Libro de Oraci\u00f3n Com\u00fan<\/a><\/strong><br>\u201cEs una parte muy inestimable de la bendita \u00ablibertad con que Cristo nos hizo libres\u00bb permitir, sin ofensa alguna, diferentes formas y pr\u00e1cticas en su liturgia, con tal que se conserve \u00edntegra la esencia de la Fe;\u201d (Libro de Oraci\u00f3n Com\u00fan, p. 7).<\/p>\n\n\n\n<p>El Libro de Oraci\u00f3n Com\u00fan es un cofre del tesoro lleno de recursos devocionales y de ense\u00f1anza para personas y congregaciones, pero tambi\u00e9n es el principal s\u00edmbolo de nuestra unidad. Nosotros, que somos muchos y diversos, nos unimos en Cristo mediante nuestro culto, nuestra oraci\u00f3n com\u00fan.<\/p>\n\n\n\n<p><strong><a href=\"https:\/\/www.episcopalchurch.org\/es\/lo-que-creemos\/la-biblia\/\">La Biblia<\/a><\/strong><br>\u201cBendito Dios, que mandaste escribir las sagradas Escrituras para instruirnos:Haznos o\u00edr, leer, aprender, recordar y digerirlas&#8230;\u201d (Libro de Oraci\u00f3n Com\u00fan, p. 132).<\/p>\n\n\n\n<p>La Biblia es nuestro fundamento, entendida a trav\u00e9s de la tradici\u00f3n y la raz\u00f3n, que contiene todo lo necesario para la salvaci\u00f3n.&nbsp;Nuestra adoraci\u00f3n est\u00e1 llena de Escritura de principio a fin.&nbsp;Aproximadamente el 70% del Libro de Oraci\u00f3n Com\u00fan proviene directamente de la Biblia.<\/p>\n\n\n\n<p><strong><a href=\"https:\/\/www.episcopalchurch.org\/es\/lo-que-creemos\/el-pacto-bautismal\/\">El Pacto Bautismal<\/a><br><\/strong>\u201c\u00bfReafirmas que renuncias al mal y renuevas tu compromiso con Jesucristo?\u201d (Libro de Oraci\u00f3n Com\u00fan, p. 190).<\/p>\n\n\n\n<p>Un mini catecismo que se usa en los bautismos y en la Pascua y otras ocasiones especiales, el pacto bautismal, comienza con una versi\u00f3n de preguntas y respuestas de la declaraci\u00f3n de fe que es el Credo de los Ap\u00f3stoles y agrega cinco preguntas sobre c\u00f3mo nosotros, como cristianos, somos&nbsp;llamados a vivir nuestra fe.<\/p>\n\n\n\n<p><strong><a href=\"https:\/\/www.episcopalchurch.org\/es\/lo-que-creemos\/el-catecismo\/\">El Catecismo<\/a><\/strong><br>Ofrecido en un formato de preguntas y respuestas, el Catecismo, que se encuentra en la parte posterior del Libro de Oraci\u00f3n Com\u00fan, ayuda a ense\u00f1ar las verdades esenciales de la fe cristiana.<\/p>\n\n\n\n<p><strong><a href=\"https:\/\/www.episcopalchurch.org\/es\/lo-que-creemos\/los-credos\/\">Los Credos<\/a><\/strong><br>\u201cLos credos son declaraciones de nuestras creencias b\u00e1sicas acerca de Dios.\u201d (Libro de Oraci\u00f3n Com\u00fan, p. 631).<\/p>\n\n\n\n<p>En las dos declaraciones de fe fundamentales, el Credo de los Ap\u00f3stoles que se usa en el bautismo y el Credo de Nicea que se usa en la comuni\u00f3n, nos unimos a los cristianos de todos los tiempos para afirmar la fe en el \u00fanico Dios que nos cre\u00f3, nos redimi\u00f3 y nos santific\u00f3.<\/p>\n\n\n\n<p><strong><a href=\"https:\/\/www.episcopalchurch.org\/es\/lo-que-creemos\/los-sacramentos\/\">Los Sacramentos<\/a><\/strong><br>\u201cLos sacramentos son signos externos y visibles de la gracia interna y spiritual\u201d (Libro de Oraci\u00f3n Com\u00fan, p. 636).<\/p>\n\n\n\n<p>Adem\u00e1s del&nbsp;<a href=\"https:\/\/www.episcopalchurch.org\/es\/lo-que-creemos\/el-santo-bautismo\/\">bautismo<\/a>&nbsp;y la&nbsp;<a href=\"https:\/\/www.episcopalchurch.org\/es\/lo-que-creemos\/la-sagrada-comunion\/\">Eucarist\u00eda<\/a>&nbsp;(Santa Comuni\u00f3n), la Iglesia reconoce otros marcadores espirituales en el camino de la fe.<\/p>\n\n\n\n<p>Encontrados en el Libro de Oraci\u00f3n Com\u00fan, estos incluyen:<\/p>\n\n\n\n<ul class=\"wp-block-list\">\n<li><strong>La Confirmaci\u00f3n (<\/strong>la afirmaci\u00f3n adulta de nuestros votos bautismales), p. 289-294<\/li>\n\n\n\n<li><strong>La Reconciliaci\u00f3n de un penitente (<\/strong>confesi\u00f3n privada), p. 317-320<\/li>\n\n\n\n<li><strong>El matrimonio (matrimonio c<\/strong>ristiano), p. 297-309&nbsp;<\/li>\n\n\n\n<li><strong>Las \u00d3rdenes (<\/strong>ordenaci\u00f3n al diaconado, al sacerdocio o al episcopado), p. 353-395<\/li>\n\n\n\n<li><strong>La Unci\u00f3n (<\/strong>ungir con los santos \u00f3leos a los que est\u00e1n enfermos o agonizantes), p. 321-334<\/li>\n<\/ul>\n","protected":false},"excerpt":{"rendered":"<p>Creemos en seguir las ense\u00f1anzas de Jesucristo, cuya vida, muerte y resurrecci\u00f3n salv\u00f3 al mundo. Creemos que Dios nos ama a todos, sin excepci\u00f3n. La Iglesia Episcopal abraza un legado de inclusi\u00f3n, aspirando a contar y ejemplificar el amor de Dios por cada ser humano;&nbsp;personas de todos los g\u00e9neros y orientaciones sexuales sirven como obispos, [&hellip;]<\/p>\n","protected":false},"author":444,"featured_media":2149,"parent":0,"menu_order":0,"comment_status":"closed","ping_status":"closed","template":"","meta":{"_acf_changed":false,"_uag_custom_page_level_css":"","_kad_blocks_custom_css":"","_kad_blocks_head_custom_js":"","_kad_blocks_body_custom_js":"","_kad_blocks_footer_custom_js":"","_kadence_starter_templates_imported_post":false,"footnotes":"","_links_to":"","_links_to_target":""},"class_list":["post-2195","page","type-page","status-publish","has-post-thumbnail","hentry"],"acf":[],"yoast_head":"<!-- This site is optimized with the Yoast SEO Premium plugin v24.6 (Yoast SEO v26.3) - https:\/\/yoast.com\/wordpress\/plugins\/seo\/ -->\n<title>Lo Que Creemos &#8211; The Episcopal Church<\/title>\n<meta name=\"robots\" content=\"index, follow, max-snippet:-1, max-image-preview:large, max-video-preview:-1\" \/>\n<link rel=\"canonical\" href=\"https:\/\/www.episcopalchurch.org\/lo-que-creemos\/\" \/>\n<meta property=\"og:locale\" content=\"es_ES\" \/>\n<meta property=\"og:type\" content=\"article\" \/>\n<meta property=\"og:title\" content=\"Lo Que Creemos\" \/>\n<meta property=\"og:description\" content=\"Creemos en seguir las ense\u00f1anzas de Jesucristo, cuya vida, muerte y resurrecci\u00f3n salv\u00f3 al mundo. Creemos que Dios nos ama a todos, sin excepci\u00f3n. La Iglesia Episcopal abraza un legado de inclusi\u00f3n, aspirando a contar y ejemplificar el amor de Dios por cada ser humano;&nbsp;personas de todos los g\u00e9neros y orientaciones sexuales sirven como obispos, [&hellip;]\" \/>\n<meta property=\"og:url\" content=\"https:\/\/www.episcopalchurch.org\/lo-que-creemos\/\" \/>\n<meta property=\"og:site_name\" content=\"The Episcopal Church\" \/>\n<meta property=\"article:publisher\" content=\"https:\/\/www.facebook.com\/episcopalian\" \/>\n<meta property=\"article:modified_time\" content=\"2023-05-16T16:21:39+00:00\" \/>\n<meta property=\"og:image\" content=\"https:\/\/www.episcopalchurch.org\/wp-content\/uploads\/2019\/10\/ourbeliefs.jpg\" \/>\n\t<meta property=\"og:image:width\" content=\"1497\" \/>\n\t<meta property=\"og:image:height\" content=\"603\" \/>\n\t<meta property=\"og:image:type\" content=\"image\/jpeg\" \/>\n<meta name=\"twitter:card\" content=\"summary_large_image\" \/>\n<meta name=\"twitter:site\" content=\"@iamepiscopalian\" \/>\n<meta name=\"twitter:label1\" content=\"Est. reading time\" \/>\n\t<meta name=\"twitter:data1\" content=\"3 minutes\" \/>\n<script type=\"application\/ld+json\" class=\"yoast-schema-graph\">{\"@context\":\"https:\/\/schema.org\",\"@graph\":[{\"@type\":\"WebPage\",\"@id\":\"https:\/\/www.episcopalchurch.org\/lo-que-creemos\/\",\"url\":\"https:\/\/www.episcopalchurch.org\/lo-que-creemos\/\",\"name\":\"Lo Que Creemos &#8211; The Episcopal Church\",\"isPartOf\":{\"@id\":\"https:\/\/www.episcopalchurch.org\/#website\"},\"primaryImageOfPage\":{\"@id\":\"https:\/\/www.episcopalchurch.org\/lo-que-creemos\/#primaryimage\"},\"image\":{\"@id\":\"https:\/\/www.episcopalchurch.org\/lo-que-creemos\/#primaryimage\"},\"thumbnailUrl\":\"https:\/\/www.episcopalchurch.org\/wp-content\/uploads\/2019\/10\/ourbeliefs.jpg\",\"datePublished\":\"2019-11-05T17:46:55+00:00\",\"dateModified\":\"2023-05-16T16:21:39+00:00\",\"breadcrumb\":{\"@id\":\"https:\/\/www.episcopalchurch.org\/lo-que-creemos\/#breadcrumb\"},\"inLanguage\":\"es-ES\",\"potentialAction\":[{\"@type\":\"ReadAction\",\"target\":[\"https:\/\/www.episcopalchurch.org\/lo-que-creemos\/\"]}]},{\"@type\":\"ImageObject\",\"inLanguage\":\"es-ES\",\"@id\":\"https:\/\/www.episcopalchurch.org\/lo-que-creemos\/#primaryimage\",\"url\":\"https:\/\/www.episcopalchurch.org\/wp-content\/uploads\/2019\/10\/ourbeliefs.jpg\",\"contentUrl\":\"https:\/\/www.episcopalchurch.org\/wp-content\/uploads\/2019\/10\/ourbeliefs.jpg\",\"width\":1497,\"height\":603,\"caption\":\"Opened bible on a wooden desk background.\"},{\"@type\":\"BreadcrumbList\",\"@id\":\"https:\/\/www.episcopalchurch.org\/lo-que-creemos\/#breadcrumb\",\"itemListElement\":[{\"@type\":\"ListItem\",\"position\":1,\"name\":\"Home\",\"item\":\"https:\/\/www.episcopalchurch.org\/\"},{\"@type\":\"ListItem\",\"position\":2,\"name\":\"Lo Que Creemos\"}]},{\"@type\":\"WebSite\",\"@id\":\"https:\/\/www.episcopalchurch.org\/#website\",\"url\":\"https:\/\/www.episcopalchurch.org\/\",\"name\":\"The Episcopal Church\",\"description\":\"Welcomes You\",\"publisher\":{\"@id\":\"https:\/\/www.episcopalchurch.org\/#organization\"},\"potentialAction\":[{\"@type\":\"SearchAction\",\"target\":{\"@type\":\"EntryPoint\",\"urlTemplate\":\"https:\/\/www.episcopalchurch.org\/?s={search_term_string}\"},\"query-input\":{\"@type\":\"PropertyValueSpecification\",\"valueRequired\":true,\"valueName\":\"search_term_string\"}}],\"inLanguage\":\"es-ES\"},{\"@type\":\"Organization\",\"@id\":\"https:\/\/www.episcopalchurch.org\/#organization\",\"name\":\"The Episcopal Church\",\"url\":\"https:\/\/www.episcopalchurch.org\/\",\"logo\":{\"@type\":\"ImageObject\",\"inLanguage\":\"es-ES\",\"@id\":\"https:\/\/www.episcopalchurch.org\/#\/schema\/logo\/image\/\",\"url\":\"https:\/\/www.episcopalchurch.org\/wp-content\/uploads\/2021\/01\/vertical_episcopal_logo.jpg\",\"contentUrl\":\"https:\/\/www.episcopalchurch.org\/wp-content\/uploads\/2021\/01\/vertical_episcopal_logo.jpg\",\"width\":770,\"height\":662,\"caption\":\"The Episcopal Church\"},\"image\":{\"@id\":\"https:\/\/www.episcopalchurch.org\/#\/schema\/logo\/image\/\"},\"sameAs\":[\"https:\/\/www.facebook.com\/episcopalian\",\"https:\/\/x.com\/iamepiscopalian\",\"https:\/\/www.youtube.com\/channel\/UCdVJpxCtK41c_-p6EaE4_2A\"]}]}<\/script>\n<!-- \/ Yoast SEO Premium plugin. -->","yoast_head_json":{"title":"Lo Que Creemos &#8211; The Episcopal Church","robots":{"index":"index","follow":"follow","max-snippet":"max-snippet:-1","max-image-preview":"max-image-preview:large","max-video-preview":"max-video-preview:-1"},"canonical":"https:\/\/www.episcopalchurch.org\/lo-que-creemos\/","og_locale":"es_ES","og_type":"article","og_title":"Lo Que Creemos","og_description":"Creemos en seguir las ense\u00f1anzas de Jesucristo, cuya vida, muerte y resurrecci\u00f3n salv\u00f3 al mundo. Creemos que Dios nos ama a todos, sin excepci\u00f3n. La Iglesia Episcopal abraza un legado de inclusi\u00f3n, aspirando a contar y ejemplificar el amor de Dios por cada ser humano;&nbsp;personas de todos los g\u00e9neros y orientaciones sexuales sirven como obispos, [&hellip;]","og_url":"https:\/\/www.episcopalchurch.org\/lo-que-creemos\/","og_site_name":"The Episcopal Church","article_publisher":"https:\/\/www.facebook.com\/episcopalian","article_modified_time":"2023-05-16T16:21:39+00:00","og_image":[{"width":1497,"height":603,"url":"https:\/\/www.episcopalchurch.org\/wp-content\/uploads\/2019\/10\/ourbeliefs.jpg","type":"image\/jpeg"}],"twitter_card":"summary_large_image","twitter_site":"@iamepiscopalian","twitter_misc":{"Est. reading time":"3 minutes"},"schema":{"@context":"https:\/\/schema.org","@graph":[{"@type":"WebPage","@id":"https:\/\/www.episcopalchurch.org\/lo-que-creemos\/","url":"https:\/\/www.episcopalchurch.org\/lo-que-creemos\/","name":"Lo Que Creemos &#8211; The Episcopal Church","isPartOf":{"@id":"https:\/\/www.episcopalchurch.org\/#website"},"primaryImageOfPage":{"@id":"https:\/\/www.episcopalchurch.org\/lo-que-creemos\/#primaryimage"},"image":{"@id":"https:\/\/www.episcopalchurch.org\/lo-que-creemos\/#primaryimage"},"thumbnailUrl":"https:\/\/www.episcopalchurch.org\/wp-content\/uploads\/2019\/10\/ourbeliefs.jpg","datePublished":"2019-11-05T17:46:55+00:00","dateModified":"2023-05-16T16:21:39+00:00","breadcrumb":{"@id":"https:\/\/www.episcopalchurch.org\/lo-que-creemos\/#breadcrumb"},"inLanguage":"es-ES","potentialAction":[{"@type":"ReadAction","target":["https:\/\/www.episcopalchurch.org\/lo-que-creemos\/"]}]},{"@type":"ImageObject","inLanguage":"es-ES","@id":"https:\/\/www.episcopalchurch.org\/lo-que-creemos\/#primaryimage","url":"https:\/\/www.episcopalchurch.org\/wp-content\/uploads\/2019\/10\/ourbeliefs.jpg","contentUrl":"https:\/\/www.episcopalchurch.org\/wp-content\/uploads\/2019\/10\/ourbeliefs.jpg","width":1497,"height":603,"caption":"Opened bible on a wooden desk background."},{"@type":"BreadcrumbList","@id":"https:\/\/www.episcopalchurch.org\/lo-que-creemos\/#breadcrumb","itemListElement":[{"@type":"ListItem","position":1,"name":"Home","item":"https:\/\/www.episcopalchurch.org\/"},{"@type":"ListItem","position":2,"name":"Lo Que Creemos"}]},{"@type":"WebSite","@id":"https:\/\/www.episcopalchurch.org\/#website","url":"https:\/\/www.episcopalchurch.org\/","name":"The Episcopal Church","description":"Welcomes You","publisher":{"@id":"https:\/\/www.episcopalchurch.org\/#organization"},"potentialAction":[{"@type":"SearchAction","target":{"@type":"EntryPoint","urlTemplate":"https:\/\/www.episcopalchurch.org\/?s={search_term_string}"},"query-input":{"@type":"PropertyValueSpecification","valueRequired":true,"valueName":"search_term_string"}}],"inLanguage":"es-ES"},{"@type":"Organization","@id":"https:\/\/www.episcopalchurch.org\/#organization","name":"The Episcopal Church","url":"https:\/\/www.episcopalchurch.org\/","logo":{"@type":"ImageObject","inLanguage":"es-ES","@id":"https:\/\/www.episcopalchurch.org\/#\/schema\/logo\/image\/","url":"https:\/\/www.episcopalchurch.org\/wp-content\/uploads\/2021\/01\/vertical_episcopal_logo.jpg","contentUrl":"https:\/\/www.episcopalchurch.org\/wp-content\/uploads\/2021\/01\/vertical_episcopal_logo.jpg","width":770,"height":662,"caption":"The Episcopal Church"},"image":{"@id":"https:\/\/www.episcopalchurch.org\/#\/schema\/logo\/image\/"},"sameAs":["https:\/\/www.facebook.com\/episcopalian","https:\/\/x.com\/iamepiscopalian","https:\/\/www.youtube.com\/channel\/UCdVJpxCtK41c_-p6EaE4_2A"]}]}},"taxonomy_info":[],"featured_image_src_large":["https:\/\/www.episcopalchurch.org\/wp-content\/uploads\/2019\/10\/ourbeliefs.jpg",1024,412,false],"author_info":{"display_name":"wwedderburn","author_link":"https:\/\/www.episcopalchurch.org\/es\/author\/wwedderburn\/"},"comment_info":"","uagb_featured_image_src":{"full":["https:\/\/www.episcopalchurch.org\/wp-content\/uploads\/2019\/10\/ourbeliefs.jpg",1497,603,false],"thumbnail":["https:\/\/www.episcopalchurch.org\/wp-content\/uploads\/2019\/10\/ourbeliefs.jpg",150,60,false],"medium":["https:\/\/www.episcopalchurch.org\/wp-content\/uploads\/2019\/10\/ourbeliefs.jpg",300,121,false],"medium_large":["https:\/\/www.episcopalchurch.org\/wp-content\/uploads\/2019\/10\/ourbeliefs.jpg",768,309,false],"large":["https:\/\/www.episcopalchurch.org\/wp-content\/uploads\/2019\/10\/ourbeliefs.jpg",1024,412,false],"1536x1536":["https:\/\/www.episcopalchurch.org\/wp-content\/uploads\/2019\/10\/ourbeliefs.jpg",1497,603,false],"2048x2048":["https:\/\/www.episcopalchurch.org\/wp-content\/uploads\/2019\/10\/ourbeliefs.jpg",1497,603,false],"menu":["https:\/\/www.episcopalchurch.org\/wp-content\/uploads\/2019\/10\/ourbeliefs.jpg",330,133,false],"hero":["https:\/\/www.episcopalchurch.org\/wp-content\/uploads\/2019\/10\/ourbeliefs.jpg",1365,550,false],"callout-image":["https:\/\/www.episcopalchurch.org\/wp-content\/uploads\/2019\/10\/ourbeliefs.jpg",480,193,false]},"uagb_author_info":{"display_name":"wwedderburn","author_link":"https:\/\/www.episcopalchurch.org\/es\/author\/wwedderburn\/"},"uagb_comment_info":0,"uagb_excerpt":"Creemos en seguir las ense\u00f1anzas de Jesucristo, cuya vida, muerte y resurrecci\u00f3n salv\u00f3 al mundo. Creemos que Dios nos ama a todos, sin excepci\u00f3n. La Iglesia Episcopal abraza un legado de inclusi\u00f3n, aspirando a contar y ejemplificar el amor de Dios por cada ser humano;&nbsp;personas de todos los g\u00e9neros y orientaciones sexuales sirven como obispos,&hellip;","_links":{"self":[{"href":"https:\/\/www.episcopalchurch.org\/es\/wp-json\/wp\/v2\/pages\/2195","targetHints":{"allow":["GET"]}}],"collection":[{"href":"https:\/\/www.episcopalchurch.org\/es\/wp-json\/wp\/v2\/pages"}],"about":[{"href":"https:\/\/www.episcopalchurch.org\/es\/wp-json\/wp\/v2\/types\/page"}],"author":[{"embeddable":true,"href":"https:\/\/www.episcopalchurch.org\/es\/wp-json\/wp\/v2\/users\/444"}],"replies":[{"embeddable":true,"href":"https:\/\/www.episcopalchurch.org\/es\/wp-json\/wp\/v2\/comments?post=2195"}],"version-history":[{"count":0,"href":"https:\/\/www.episcopalchurch.org\/es\/wp-json\/wp\/v2\/pages\/2195\/revisions"}],"wp:featuredmedia":[{"embeddable":true,"href":"https:\/\/www.episcopalchurch.org\/es\/wp-json\/wp\/v2\/media\/2149"}],"wp:attachment":[{"href":"https:\/\/www.episcopalchurch.org\/es\/wp-json\/wp\/v2\/media?parent=2195"}],"curies":[{"name":"wp","href":"https:\/\/api.w.org\/{rel}","templated":true}]}}