{"id":236271,"date":"2021-02-25T09:21:44","date_gmt":"2021-02-25T14:21:44","guid":{"rendered":"https:\/\/www.episcopalchurch.org\/ministerios\/reconciliacion-racial\/racial-justice-audit\/"},"modified":"2021-07-30T13:28:23","modified_gmt":"2021-07-30T17:28:23","slug":"racial-justice-audit","status":"publish","type":"page","link":"https:\/\/www.episcopalchurch.org\/es\/ministerios\/reconciliacion-racial\/racial-justice-audit\/","title":{"rendered":"Racial Justice Audit"},"content":{"rendered":"    <div\n      class=\"wp-block-episcopal-hero-banner alignfull\"\n            style=\"background-image: url(https:\/\/www.episcopalchurch.org\/wp-content\/uploads\/2020\/08\/racial_rec_vigil.jpg)\"\n          >\n      <div\n        class=\"hero-banner\"\n      >\n        <div class=\"hero-banner-wrapper\">\n          <h1 class=\"episcopal-hero-title\">\n                          Auditor\u00eda de justicia racial de lo \u00f3rganos de liderazgo de la Iglesia Episcopal                      <\/h1>\n                      <div class=\"episcopal-hero-description\">\n              \u00bfBuscar\u00e1s y servir\u00e1s a Cristo en todas las personas, amando a tu pr\u00f3jimo como a ti mismo? \u00bfLuchar\u00e1s por la justicia y la paz entre todos los pueblos, y respetar\u00e1s la dignidad de todo ser humano?            <\/div>\n          \n                  <\/div>\n      <\/div>\n    <\/div>\n\n  \n\n\n<p>Alguien dijo una vez que medimos las cosas que nos interesan. Durante los \u00faltimos dos a\u00f1os, la Iglesia Episcopal ha reunido informaci\u00f3n cuantitativa y cualitativa entre m\u00e1s de 1300 miembros de los \u00f3rganos clave de liderazgo de la iglesia. El resultado ha sido la Auditor\u00eda de Justicia Racial de los L\u00edderes de la Iglesia Episcopal \u2013 una serie de perspectivas profundas, iluminadoras y f\u00e9rtiles acerca del racismo, la identidad racial y el poder en la vida de nuestra iglesia.<\/p>\n\n\n\n<p>La auditor\u00eda como el informe son se\u00f1ales del compromiso creciente de la iglesia para con la transformaci\u00f3n, la reconciliaci\u00f3n racial y la construcci\u00f3n de la comunidad amada.<\/p>\n\n\n\n<div class=\"wp-block-wp-episcopal-theme-ec-wistia\"><script src=\"https:\/\/fast.wistia.com\/assets\/external\/channel.js\" async><\/script><link rel=\"stylesheet\" href=\"https:\/\/fast.wistia.com\/embed\/channel\/project\/myqe1rv13w\/font.css\"\/><div class=\"wistia_channel wistia_async_myqe1rv13w mode=inline\" style=\"min-height:100vh;position:relative;width:100%;\"><\/div><\/div>\n\n\n\n<div class=\"wp-block-columns is-layout-flex wp-container-core-columns-is-layout-9d6595d7 wp-block-columns-is-layout-flex\">\n<div class=\"wp-block-column is-layout-flow wp-block-column-is-layout-flow\">    <div\n      class=\"wp-block-episcopal-callout default\"\n      style=\"background-image: url(https:\/\/www.episcopalchurch.org\/wp-content\/uploads\/2020\/08\/beloved_community_hero.jpg);background-color: #ba0059;color: #fff;justify-content: flex-end;\"\n    >\n      <div\n        class=\"callout-content\"\n        style=\"justify-content: flex-end;\"\n      >\n                  <a href=\"https:\/\/www.episcopalchurch.org\/wp-content\/uploads\/2021\/04\/RR-Auditoria-de-justicia-racial-SP.pdf\" class=\"callout-url\"><\/a>\n                \n\n<h3 class=\"wp-block-heading\">Informe (2021)<\/h3>\n\n      <\/div>\n    <\/div>\n\n  <\/div>\n\n\n\n<div class=\"wp-block-column is-layout-flow wp-block-column-is-layout-flow\">    <div\n      class=\"wp-block-episcopal-callout default\"\n      style=\"background-image: url(https:\/\/www.episcopalchurch.org\/wp-content\/uploads\/2020\/11\/global_perea-honduras4.jpg);background-color: #ba0059;color: #fff;justify-content: flex-end;\"\n    >\n      <div\n        class=\"callout-content\"\n        style=\"justify-content: flex-end;\"\n      >\n                  <a href=\"https:\/\/www.episcopalchurch.org\/wp-content\/uploads\/2021\/04\/RR-Auditoria-de-justicia-racial_resumen-ejecutivo_SP.pdf\" class=\"callout-url\"><\/a>\n                \n\n<h3 class=\"wp-block-heading\">Informe \u2013 Resumen Ejecutivo (2021)<\/h3>\n\n      <\/div>\n    <\/div>\n\n  <\/div>\n\n\n\n<div class=\"wp-block-column is-layout-flow wp-block-column-is-layout-flow\">    <div\n      class=\"wp-block-episcopal-callout default\"\n      style=\"background-image: url(https:\/\/www.episcopalchurch.org\/wp-content\/uploads\/2021\/03\/PB-election.jpg);background-color: #685aa1;color: #fff;justify-content: flex-end;\"\n    >\n      <div\n        class=\"callout-content\"\n        style=\"justify-content: flex-end;\"\n      >\n                  <a href=\"https:\/\/www.episcopalchurch.org\/es\/ministerios\/reconciliacion-racial\/antecedentes\/\" class=\"callout-url\"><\/a>\n                \n\n<h3 class=\"wp-block-heading\">Antecedentes<\/h3>\n\n      <\/div>\n    <\/div>\n\n  <\/div>\n<\/div>\n\n\n\n<div class=\"wp-block-columns is-layout-flex wp-container-core-columns-is-layout-9d6595d7 wp-block-columns-is-layout-flex\">\n<div class=\"wp-block-column is-layout-flow wp-block-column-is-layout-flow\">    <div\n      class=\"wp-block-episcopal-callout default\"\n      style=\"background-image: url(https:\/\/www.episcopalchurch.org\/wp-content\/uploads\/2021\/03\/alaska-church-women.jpeg);background-color: #685aa1;color: #fff;justify-content: flex-end;\"\n    >\n      <div\n        class=\"callout-content\"\n        style=\"justify-content: flex-end;\"\n      >\n                  <a href=\"https:\/\/www.episcopalchurch.org\/wp-content\/uploads\/2020\/12\/becoming_beloved_community_plan_espa.pdf\" class=\"callout-url\"><\/a>\n                \n\n<h3 class=\"wp-block-heading\">Convertirse en la amada comunidad<\/h3>\n\n      <\/div>\n    <\/div>\n\n  <\/div>\n\n\n\n<div class=\"wp-block-column is-layout-flow wp-block-column-is-layout-flow\">    <div\n      class=\"wp-block-episcopal-callout default\"\n      style=\"background-image: url(https:\/\/www.episcopalchurch.org\/wp-content\/uploads\/2021\/03\/Opening-the-Absalom-Jones-Center-for-Racial-Healing-2.jpg);background-color: #ba0059;color: #fff;justify-content: flex-end;\"\n    >\n      <div\n        class=\"callout-content\"\n        style=\"justify-content: flex-end;\"\n      >\n                  <a href=\"https:\/\/www.episcopalchurch.org\/wp-content\/uploads\/2020\/11\/bbc_sp_-_anti-racism_training_programs_summary.pdf\" class=\"callout-url\"><\/a>\n                \n\n<h3 class=\"wp-block-heading\">Programas de capacitaci\u00f3n antirracismo\/programa de capacitaci\u00f3n desmantelando el racismo<\/h3>\n\n      <\/div>\n    <\/div>\n\n  <\/div>\n\n\n\n<div class=\"wp-block-column is-layout-flow wp-block-column-is-layout-flow\">    <div\n      class=\"wp-block-episcopal-callout default\"\n      style=\"background-color: #685aa1;color: #fff;justify-content: flex-end;\"\n    >\n      <div\n        class=\"callout-content\"\n        style=\"justify-content: flex-end;\"\n      >\n                  <a href=\"https:\/\/www.episcopalchurch.org\/wp-content\/uploads\/2021\/04\/RR-BBCWYA-One-SP.pdf\" class=\"callout-url\"><\/a>\n                \n\n<h3 class=\"wp-block-heading\">Convertirse en la Amada Comunidad donde se encuentre<\/h3>\n\n      <\/div>\n    <\/div>\n\n  <\/div>\n<\/div>\n\n\n\n<div class=\"wp-block-columns is-style-default is-layout-flex wp-container-core-columns-is-layout-9d6595d7 wp-block-columns-is-layout-flex\">\n<div class=\"wp-block-column is-layout-flow wp-block-column-is-layout-flow\">\n<figure class=\"wp-block-image size-large is-resized\"><a href=\"https:\/\/www.episcopalchurch.org\/ministries\/racial-reconciliation\/\"><img loading=\"lazy\" decoding=\"async\" src=\"https:\/\/www.episcopalchurch.org\/wp-content\/uploads\/2020\/06\/Racial_Reconciliation-1024x633.png\" alt=\"\" class=\"wp-image-131582\" width=\"320\" height=\"197\" srcset=\"https:\/\/www.episcopalchurch.org\/wp-content\/uploads\/2020\/06\/Racial_Reconciliation-1024x633.png 1024w, https:\/\/www.episcopalchurch.org\/wp-content\/uploads\/2020\/06\/Racial_Reconciliation-300x185.png 300w, https:\/\/www.episcopalchurch.org\/wp-content\/uploads\/2020\/06\/Racial_Reconciliation-768x475.png 768w, https:\/\/www.episcopalchurch.org\/wp-content\/uploads\/2020\/06\/Racial_Reconciliation-480x297.png 480w, https:\/\/www.episcopalchurch.org\/wp-content\/uploads\/2020\/06\/Racial_Reconciliation.png 1500w\" sizes=\"auto, (max-width: 320px) 100vw, 320px\" \/><\/a><\/figure>\n<\/div>\n\n\n\n<div class=\"wp-block-column is-layout-flow wp-block-column-is-layout-flow\">\n<div class=\"wp-block-uagb-team uagb-team uagb-team__outer-wrap uagb-team__image-position-above uagb-team__align-center uagb-team__stack-tablet uagb-block-59f2b698 mt-20\"><div class=\"uagb-team__wrap\"><div class=\"uagb-team__content\"><div class=\"uagb-team__title-wrap\"><h3 class=\"uagb-team__title\">Contact:<br>The Rev. Isaiah \u201cShaneequa\u201d Brokenleg<\/h3><span class=\"uagb-team__prefix\">Staff Officer for Racial Reconciliation<\/span><\/div><div class=\"uagb-team__desc-wrap\"><p class=\"uagb-team__desc\"><a href=\"https:\/\/www.episcopalchurch.org\/staff\/rev-isaiah-shaneequa-brokenleg\/\" class=\"rank-math-link\">Click here<\/a><\/p><\/div><\/div><\/div><\/div>\n<\/div>\n\n\n\n<div class=\"wp-block-column is-layout-flow wp-block-column-is-layout-flow\"><\/div>\n<\/div>\n","protected":false},"excerpt":{"rendered":"<p>Alguien dijo una vez que medimos las cosas que nos interesan. Durante los \u00faltimos dos a\u00f1os, la Iglesia Episcopal ha reunido informaci\u00f3n cuantitativa y cualitativa entre m\u00e1s de 1300 miembros de los \u00f3rganos clave de liderazgo de la iglesia. El resultado ha sido la Auditor\u00eda de Justicia Racial de los L\u00edderes de la Iglesia Episcopal [&hellip;]<\/p>\n","protected":false},"author":444,"featured_media":198074,"parent":177441,"menu_order":0,"comment_status":"closed","ping_status":"closed","template":"","meta":{"_acf_changed":false,"_uag_custom_page_level_css":"","_kad_blocks_custom_css":"","_kad_blocks_head_custom_js":"","_kad_blocks_body_custom_js":"","_kad_blocks_footer_custom_js":"","_kadence_starter_templates_imported_post":false,"footnotes":"","_links_to":"","_links_to_target":""},"class_list":["post-236271","page","type-page","status-publish","has-post-thumbnail","hentry"],"acf":[],"yoast_head":"<!-- This site is optimized with the Yoast SEO Premium plugin v24.6 (Yoast SEO v26.3) - https:\/\/yoast.com\/wordpress\/plugins\/seo\/ -->\n<title>Racial Justice Audit &#8211; The Episcopal Church<\/title>\n<meta name=\"robots\" content=\"index, follow, max-snippet:-1, max-image-preview:large, max-video-preview:-1\" \/>\n<link rel=\"canonical\" href=\"https:\/\/www.episcopalchurch.org\/es\/ministerios\/reconciliacion-racial\/racial-justice-audit\/\" \/>\n<meta property=\"og:locale\" content=\"es_ES\" \/>\n<meta property=\"og:type\" content=\"article\" \/>\n<meta property=\"og:title\" content=\"Racial Justice Audit\" \/>\n<meta property=\"og:description\" content=\"Alguien dijo una vez que medimos las cosas que nos interesan. Durante los \u00faltimos dos a\u00f1os, la Iglesia Episcopal ha reunido informaci\u00f3n cuantitativa y cualitativa entre m\u00e1s de 1300 miembros de los \u00f3rganos clave de liderazgo de la iglesia. El resultado ha sido la Auditor\u00eda de Justicia Racial de los L\u00edderes de la Iglesia Episcopal [&hellip;]\" \/>\n<meta property=\"og:url\" content=\"https:\/\/www.episcopalchurch.org\/es\/ministerios\/reconciliacion-racial\/racial-justice-audit\/\" \/>\n<meta property=\"og:site_name\" content=\"The Episcopal Church\" \/>\n<meta property=\"article:publisher\" content=\"https:\/\/www.facebook.com\/episcopalian\" \/>\n<meta property=\"article:modified_time\" content=\"2021-07-30T17:28:23+00:00\" \/>\n<meta property=\"og:image\" content=\"https:\/\/www.episcopalchurch.org\/wp-content\/uploads\/2020\/11\/Racial_Reconciliation_Square.png\" \/>\n\t<meta property=\"og:image:width\" content=\"751\" \/>\n\t<meta property=\"og:image:height\" content=\"751\" \/>\n\t<meta property=\"og:image:type\" content=\"image\/png\" \/>\n<meta name=\"twitter:card\" content=\"summary_large_image\" \/>\n<meta name=\"twitter:site\" content=\"@iamepiscopalian\" \/>\n<meta name=\"twitter:label1\" content=\"Est. reading time\" \/>\n\t<meta name=\"twitter:data1\" content=\"1 minute\" \/>\n<script type=\"application\/ld+json\" class=\"yoast-schema-graph\">{\"@context\":\"https:\/\/schema.org\",\"@graph\":[{\"@type\":\"WebPage\",\"@id\":\"https:\/\/www.episcopalchurch.org\/es\/ministerios\/reconciliacion-racial\/racial-justice-audit\/\",\"url\":\"https:\/\/www.episcopalchurch.org\/es\/ministerios\/reconciliacion-racial\/racial-justice-audit\/\",\"name\":\"Racial Justice Audit &#8211; The Episcopal Church\",\"isPartOf\":{\"@id\":\"https:\/\/www.episcopalchurch.org\/#website\"},\"primaryImageOfPage\":{\"@id\":\"https:\/\/www.episcopalchurch.org\/es\/ministerios\/reconciliacion-racial\/racial-justice-audit\/#primaryimage\"},\"image\":{\"@id\":\"https:\/\/www.episcopalchurch.org\/es\/ministerios\/reconciliacion-racial\/racial-justice-audit\/#primaryimage\"},\"thumbnailUrl\":\"https:\/\/www.episcopalchurch.org\/wp-content\/uploads\/2020\/11\/Racial_Reconciliation_Square.png\",\"datePublished\":\"2021-02-25T14:21:44+00:00\",\"dateModified\":\"2021-07-30T17:28:23+00:00\",\"breadcrumb\":{\"@id\":\"https:\/\/www.episcopalchurch.org\/es\/ministerios\/reconciliacion-racial\/racial-justice-audit\/#breadcrumb\"},\"inLanguage\":\"es-ES\",\"potentialAction\":[{\"@type\":\"ReadAction\",\"target\":[\"https:\/\/www.episcopalchurch.org\/es\/ministerios\/reconciliacion-racial\/racial-justice-audit\/\"]}]},{\"@type\":\"ImageObject\",\"inLanguage\":\"es-ES\",\"@id\":\"https:\/\/www.episcopalchurch.org\/es\/ministerios\/reconciliacion-racial\/racial-justice-audit\/#primaryimage\",\"url\":\"https:\/\/www.episcopalchurch.org\/wp-content\/uploads\/2020\/11\/Racial_Reconciliation_Square.png\",\"contentUrl\":\"https:\/\/www.episcopalchurch.org\/wp-content\/uploads\/2020\/11\/Racial_Reconciliation_Square.png\",\"width\":751,\"height\":751},{\"@type\":\"BreadcrumbList\",\"@id\":\"https:\/\/www.episcopalchurch.org\/es\/ministerios\/reconciliacion-racial\/racial-justice-audit\/#breadcrumb\",\"itemListElement\":[{\"@type\":\"ListItem\",\"position\":1,\"name\":\"Home\",\"item\":\"https:\/\/www.episcopalchurch.org\/\"},{\"@type\":\"ListItem\",\"position\":2,\"name\":\"Ministerios\",\"item\":\"https:\/\/www.episcopalchurch.org\/es\/ministerios\/\"},{\"@type\":\"ListItem\",\"position\":3,\"name\":\"Reconciliaci\u00f3n Racial\",\"item\":\"https:\/\/www.episcopalchurch.org\/es\/ministerios\/reconciliacion-racial\/\"},{\"@type\":\"ListItem\",\"position\":4,\"name\":\"Racial Justice Audit\"}]},{\"@type\":\"WebSite\",\"@id\":\"https:\/\/www.episcopalchurch.org\/#website\",\"url\":\"https:\/\/www.episcopalchurch.org\/\",\"name\":\"The Episcopal Church\",\"description\":\"Welcomes You\",\"publisher\":{\"@id\":\"https:\/\/www.episcopalchurch.org\/#organization\"},\"potentialAction\":[{\"@type\":\"SearchAction\",\"target\":{\"@type\":\"EntryPoint\",\"urlTemplate\":\"https:\/\/www.episcopalchurch.org\/?s={search_term_string}\"},\"query-input\":{\"@type\":\"PropertyValueSpecification\",\"valueRequired\":true,\"valueName\":\"search_term_string\"}}],\"inLanguage\":\"es-ES\"},{\"@type\":\"Organization\",\"@id\":\"https:\/\/www.episcopalchurch.org\/#organization\",\"name\":\"The Episcopal Church\",\"url\":\"https:\/\/www.episcopalchurch.org\/\",\"logo\":{\"@type\":\"ImageObject\",\"inLanguage\":\"es-ES\",\"@id\":\"https:\/\/www.episcopalchurch.org\/#\/schema\/logo\/image\/\",\"url\":\"https:\/\/www.episcopalchurch.org\/wp-content\/uploads\/2021\/01\/vertical_episcopal_logo.jpg\",\"contentUrl\":\"https:\/\/www.episcopalchurch.org\/wp-content\/uploads\/2021\/01\/vertical_episcopal_logo.jpg\",\"width\":770,\"height\":662,\"caption\":\"The Episcopal Church\"},\"image\":{\"@id\":\"https:\/\/www.episcopalchurch.org\/#\/schema\/logo\/image\/\"},\"sameAs\":[\"https:\/\/www.facebook.com\/episcopalian\",\"https:\/\/x.com\/iamepiscopalian\",\"https:\/\/www.youtube.com\/channel\/UCdVJpxCtK41c_-p6EaE4_2A\"]}]}<\/script>\n<!-- \/ Yoast SEO Premium plugin. -->","yoast_head_json":{"title":"Racial Justice Audit &#8211; The Episcopal Church","robots":{"index":"index","follow":"follow","max-snippet":"max-snippet:-1","max-image-preview":"max-image-preview:large","max-video-preview":"max-video-preview:-1"},"canonical":"https:\/\/www.episcopalchurch.org\/es\/ministerios\/reconciliacion-racial\/racial-justice-audit\/","og_locale":"es_ES","og_type":"article","og_title":"Racial Justice Audit","og_description":"Alguien dijo una vez que medimos las cosas que nos interesan. Durante los \u00faltimos dos a\u00f1os, la Iglesia Episcopal ha reunido informaci\u00f3n cuantitativa y cualitativa entre m\u00e1s de 1300 miembros de los \u00f3rganos clave de liderazgo de la iglesia. El resultado ha sido la Auditor\u00eda de Justicia Racial de los L\u00edderes de la Iglesia Episcopal [&hellip;]","og_url":"https:\/\/www.episcopalchurch.org\/es\/ministerios\/reconciliacion-racial\/racial-justice-audit\/","og_site_name":"The Episcopal Church","article_publisher":"https:\/\/www.facebook.com\/episcopalian","article_modified_time":"2021-07-30T17:28:23+00:00","og_image":[{"width":751,"height":751,"url":"https:\/\/www.episcopalchurch.org\/wp-content\/uploads\/2020\/11\/Racial_Reconciliation_Square.png","type":"image\/png"}],"twitter_card":"summary_large_image","twitter_site":"@iamepiscopalian","twitter_misc":{"Est. reading time":"1 minute"},"schema":{"@context":"https:\/\/schema.org","@graph":[{"@type":"WebPage","@id":"https:\/\/www.episcopalchurch.org\/es\/ministerios\/reconciliacion-racial\/racial-justice-audit\/","url":"https:\/\/www.episcopalchurch.org\/es\/ministerios\/reconciliacion-racial\/racial-justice-audit\/","name":"Racial Justice Audit &#8211; The Episcopal Church","isPartOf":{"@id":"https:\/\/www.episcopalchurch.org\/#website"},"primaryImageOfPage":{"@id":"https:\/\/www.episcopalchurch.org\/es\/ministerios\/reconciliacion-racial\/racial-justice-audit\/#primaryimage"},"image":{"@id":"https:\/\/www.episcopalchurch.org\/es\/ministerios\/reconciliacion-racial\/racial-justice-audit\/#primaryimage"},"thumbnailUrl":"https:\/\/www.episcopalchurch.org\/wp-content\/uploads\/2020\/11\/Racial_Reconciliation_Square.png","datePublished":"2021-02-25T14:21:44+00:00","dateModified":"2021-07-30T17:28:23+00:00","breadcrumb":{"@id":"https:\/\/www.episcopalchurch.org\/es\/ministerios\/reconciliacion-racial\/racial-justice-audit\/#breadcrumb"},"inLanguage":"es-ES","potentialAction":[{"@type":"ReadAction","target":["https:\/\/www.episcopalchurch.org\/es\/ministerios\/reconciliacion-racial\/racial-justice-audit\/"]}]},{"@type":"ImageObject","inLanguage":"es-ES","@id":"https:\/\/www.episcopalchurch.org\/es\/ministerios\/reconciliacion-racial\/racial-justice-audit\/#primaryimage","url":"https:\/\/www.episcopalchurch.org\/wp-content\/uploads\/2020\/11\/Racial_Reconciliation_Square.png","contentUrl":"https:\/\/www.episcopalchurch.org\/wp-content\/uploads\/2020\/11\/Racial_Reconciliation_Square.png","width":751,"height":751},{"@type":"BreadcrumbList","@id":"https:\/\/www.episcopalchurch.org\/es\/ministerios\/reconciliacion-racial\/racial-justice-audit\/#breadcrumb","itemListElement":[{"@type":"ListItem","position":1,"name":"Home","item":"https:\/\/www.episcopalchurch.org\/"},{"@type":"ListItem","position":2,"name":"Ministerios","item":"https:\/\/www.episcopalchurch.org\/es\/ministerios\/"},{"@type":"ListItem","position":3,"name":"Reconciliaci\u00f3n Racial","item":"https:\/\/www.episcopalchurch.org\/es\/ministerios\/reconciliacion-racial\/"},{"@type":"ListItem","position":4,"name":"Racial Justice Audit"}]},{"@type":"WebSite","@id":"https:\/\/www.episcopalchurch.org\/#website","url":"https:\/\/www.episcopalchurch.org\/","name":"The Episcopal Church","description":"Welcomes You","publisher":{"@id":"https:\/\/www.episcopalchurch.org\/#organization"},"potentialAction":[{"@type":"SearchAction","target":{"@type":"EntryPoint","urlTemplate":"https:\/\/www.episcopalchurch.org\/?s={search_term_string}"},"query-input":{"@type":"PropertyValueSpecification","valueRequired":true,"valueName":"search_term_string"}}],"inLanguage":"es-ES"},{"@type":"Organization","@id":"https:\/\/www.episcopalchurch.org\/#organization","name":"The Episcopal Church","url":"https:\/\/www.episcopalchurch.org\/","logo":{"@type":"ImageObject","inLanguage":"es-ES","@id":"https:\/\/www.episcopalchurch.org\/#\/schema\/logo\/image\/","url":"https:\/\/www.episcopalchurch.org\/wp-content\/uploads\/2021\/01\/vertical_episcopal_logo.jpg","contentUrl":"https:\/\/www.episcopalchurch.org\/wp-content\/uploads\/2021\/01\/vertical_episcopal_logo.jpg","width":770,"height":662,"caption":"The Episcopal Church"},"image":{"@id":"https:\/\/www.episcopalchurch.org\/#\/schema\/logo\/image\/"},"sameAs":["https:\/\/www.facebook.com\/episcopalian","https:\/\/x.com\/iamepiscopalian","https:\/\/www.youtube.com\/channel\/UCdVJpxCtK41c_-p6EaE4_2A"]}]}},"taxonomy_info":[],"featured_image_src_large":["https:\/\/www.episcopalchurch.org\/wp-content\/uploads\/2020\/11\/Racial_Reconciliation_Square.png",751,751,false],"author_info":{"display_name":"wwedderburn","author_link":"https:\/\/www.episcopalchurch.org\/es\/author\/wwedderburn\/"},"comment_info":"","uagb_featured_image_src":{"full":["https:\/\/www.episcopalchurch.org\/wp-content\/uploads\/2020\/11\/Racial_Reconciliation_Square.png",751,751,false],"thumbnail":["https:\/\/www.episcopalchurch.org\/wp-content\/uploads\/2020\/11\/Racial_Reconciliation_Square-150x150.png",150,150,true],"medium":["https:\/\/www.episcopalchurch.org\/wp-content\/uploads\/2020\/11\/Racial_Reconciliation_Square-300x300.png",300,300,true],"medium_large":["https:\/\/www.episcopalchurch.org\/wp-content\/uploads\/2020\/11\/Racial_Reconciliation_Square.png",751,751,false],"large":["https:\/\/www.episcopalchurch.org\/wp-content\/uploads\/2020\/11\/Racial_Reconciliation_Square.png",751,751,false],"1536x1536":["https:\/\/www.episcopalchurch.org\/wp-content\/uploads\/2020\/11\/Racial_Reconciliation_Square.png",751,751,false],"2048x2048":["https:\/\/www.episcopalchurch.org\/wp-content\/uploads\/2020\/11\/Racial_Reconciliation_Square.png",751,751,false],"menu":["https:\/\/www.episcopalchurch.org\/wp-content\/uploads\/2020\/11\/Racial_Reconciliation_Square-330x200.png",330,200,true],"hero":["https:\/\/www.episcopalchurch.org\/wp-content\/uploads\/2020\/11\/Racial_Reconciliation_Square-751x550.png",751,550,true],"callout-image":["https:\/\/www.episcopalchurch.org\/wp-content\/uploads\/2020\/11\/Racial_Reconciliation_Square-480x480.png",480,480,true]},"uagb_author_info":{"display_name":"wwedderburn","author_link":"https:\/\/www.episcopalchurch.org\/es\/author\/wwedderburn\/"},"uagb_comment_info":0,"uagb_excerpt":"Alguien dijo una vez que medimos las cosas que nos interesan. Durante los \u00faltimos dos a\u00f1os, la Iglesia Episcopal ha reunido informaci\u00f3n cuantitativa y cualitativa entre m\u00e1s de 1300 miembros de los \u00f3rganos clave de liderazgo de la iglesia. El resultado ha sido la Auditor\u00eda de Justicia Racial de los L\u00edderes de la Iglesia Episcopal&hellip;","_links":{"self":[{"href":"https:\/\/www.episcopalchurch.org\/es\/wp-json\/wp\/v2\/pages\/236271","targetHints":{"allow":["GET"]}}],"collection":[{"href":"https:\/\/www.episcopalchurch.org\/es\/wp-json\/wp\/v2\/pages"}],"about":[{"href":"https:\/\/www.episcopalchurch.org\/es\/wp-json\/wp\/v2\/types\/page"}],"author":[{"embeddable":true,"href":"https:\/\/www.episcopalchurch.org\/es\/wp-json\/wp\/v2\/users\/444"}],"replies":[{"embeddable":true,"href":"https:\/\/www.episcopalchurch.org\/es\/wp-json\/wp\/v2\/comments?post=236271"}],"version-history":[{"count":0,"href":"https:\/\/www.episcopalchurch.org\/es\/wp-json\/wp\/v2\/pages\/236271\/revisions"}],"up":[{"embeddable":true,"href":"https:\/\/www.episcopalchurch.org\/es\/wp-json\/wp\/v2\/pages\/177441"}],"wp:featuredmedia":[{"embeddable":true,"href":"https:\/\/www.episcopalchurch.org\/es\/wp-json\/wp\/v2\/media\/198074"}],"wp:attachment":[{"href":"https:\/\/www.episcopalchurch.org\/es\/wp-json\/wp\/v2\/media?parent=236271"}],"curies":[{"name":"wp","href":"https:\/\/api.w.org\/{rel}","templated":true}]}}