{"id":246120,"date":"2021-05-04T18:13:54","date_gmt":"2021-05-04T22:13:54","guid":{"rendered":"https:\/\/www.episcopalchurch.org\/?page_id=246120"},"modified":"2021-05-23T08:26:43","modified_gmt":"2021-05-23T12:26:43","slug":"uno-en-el-espiritu","status":"publish","type":"page","link":"https:\/\/www.episcopalchurch.org\/es\/uno-en-el-espiritu\/","title":{"rendered":"Uno en el Esp\u00edritu"},"content":{"rendered":"    <div\n      class=\"wp-block-episcopal-hero-banner alignfull\"\n            style=\"background-image: url(https:\/\/www.episcopalchurch.org\/wp-content\/uploads\/2021\/05\/AvivamientoHeader.png)\"\n          >\n      <div\n        class=\"hero-banner\"\n      >\n        <div class=\"hero-banner-wrapper\">\n          <h1 class=\"episcopal-hero-title\">\n                          La temporada de Pentecost\u00e9s comienza con el fin de semana de\u00a0avivamiento del Camino del Amor                      <\/h1>\n          \n                  <\/div>\n      <\/div>\n    <\/div>\n\n  \n\n\n<p>La Iglesia Episcopal saluda a Pentecost\u00e9s con <em>Uno en el Esp\u00edritu, un fin de semana de avivamiento del Camino del Amor <\/em>dise\u00f1ado para avivar la llama de la esperanza, celebrar la diferencia, honrar la creaci\u00f3n, fomentar la comunidad amada y enviar a al pueblo hacia el Camino del Amor de Jes\u00fas.<\/p>\n\n\n\n<div class=\"wp-block-image\"><figure class=\"aligncenter size-large is-resized\"><img loading=\"lazy\" decoding=\"async\" src=\"https:\/\/www.episcopalchurch.org\/wp-content\/uploads\/2021\/05\/SP-OITS-Color-Logo-1024x664.png\" alt=\"\" class=\"wp-image-246122\" width=\"512\" height=\"332\" srcset=\"https:\/\/www.episcopalchurch.org\/wp-content\/uploads\/2021\/05\/SP-OITS-Color-Logo-1024x664.png 1024w, https:\/\/www.episcopalchurch.org\/wp-content\/uploads\/2021\/05\/SP-OITS-Color-Logo-300x194.png 300w, https:\/\/www.episcopalchurch.org\/wp-content\/uploads\/2021\/05\/SP-OITS-Color-Logo-768x498.png 768w, https:\/\/www.episcopalchurch.org\/wp-content\/uploads\/2021\/05\/SP-OITS-Color-Logo-1536x995.png 1536w, https:\/\/www.episcopalchurch.org\/wp-content\/uploads\/2021\/05\/SP-OITS-Color-Logo-2048x1327.png 2048w, https:\/\/www.episcopalchurch.org\/wp-content\/uploads\/2021\/05\/SP-OITS-Color-Logo-480x311.png 480w\" sizes=\"auto, (max-width: 512px) 100vw, 512px\" \/><\/figure><\/div>\n\n\n\n<h2 class=\"wp-block-heading\"><strong>Conciertos virtuales para la familia humana y conversaciones a trav\u00e9s de la diferencia<\/strong><\/h2>\n\n\n\n<p><em>S\u00e1bado 22 de mayo<br>a las 6 de la tarde, tiempo del Este<\/em><\/p>\n\n\n\n<p>El fin de semana de avivamiento del Camino del Amor en Pentecost\u00e9s comienza el s\u00e1bado 22 de mayo a las 6 de la tarde, tiempo del Este, con el primero de una serie <em>de Conciertos<\/em> <em>virtuales para la familia humana y conversaciones a trav\u00e9s de la diferencia.<\/em> Filmado en la Catedral de Filadelfia en conformidad con los protocolos de COVID, el concierto de mayo cuenta con un equipo diverso, que incluye al pianista y compositor de Nashville Kory Caudill y al artista de hip-hop Wordsmith, con sede en Baltimore, que ofrece m\u00fasica original inspirada en la Oraci\u00f3n por la Familia Humana.<\/p>\n\n\n\n<p>El concierto est\u00e1 enmarcado por el esfuerzo <em>De muchos, uno<\/em>: <em>conversaciones a trav\u00e9s de la diferencia<\/em>, [<a href=\"https:\/\/www.episcopalchurch.org\/from-many-one\/\"><em>From Many, One: Conversations Across Difference<\/em><\/a><em>]<\/em> con un par de m\u00fasicos que comparten sus historias en la apertura del concierto. El obispo Curry ser\u00e1 el anfitri\u00f3n de m\u00e1s conversaciones despu\u00e9s del concierto y luego invitar\u00e1 a toda la audiencia a compartir, en grupos peque\u00f1os conversaciones a trav\u00e9s de la diferencia. Reg\u00edstrese para el concierto gratuito y las conversaciones en <a href=\"https:\/\/www.eventbrite.com\/e\/in-these-uncertain-times-a-concert-for-the-human-family-w-kory-caudill-tickets-141991784249\">https:\/\/iam.ec\/CFHFPhillyTickets<\/a>.<\/p>\n\n\n\n<h2 class=\"wp-block-heading\"><strong>Adoraci\u00f3n del avivamiento de Pentecost\u00e9s<\/strong><\/h2>\n\n\n\n<p><em>Domingo 23 de mayo <br>a las 4 de la tarde, tiempo del Este<\/em><\/p>\n\n\n\n<figure class=\"wp-block-embed is-type-video is-provider-youtube wp-block-embed-youtube wp-embed-aspect-16-9 wp-has-aspect-ratio\"><div class=\"wp-block-embed__wrapper\">\n<div class=\"embed-container\"><iframe loading=\"lazy\" title=\"Pentecost Revival 2021  Spanish Dub\" width=\"500\" height=\"281\" src=\"https:\/\/www.youtube.com\/embed\/ERUol5flpYE?feature=oembed\" frameborder=\"0\" allow=\"accelerometer; autoplay; clipboard-write; encrypted-media; gyroscope; picture-in-picture; web-share\" referrerpolicy=\"strict-origin-when-cross-origin\" allowfullscreen><\/iframe><\/div>\n<\/div><\/figure>\n\n\n\n<div class=\"wp-block-file\"><a href=\"https:\/\/www.episcopalchurch.org\/wp-content\/uploads\/2021\/05\/Pentecost-Revival-Leaflet.pdf\"><strong>Pentecost\u00e9s &#8211; Bolet\u00edn<\/strong><\/a><a href=\"https:\/\/www.episcopalchurch.org\/wp-content\/uploads\/2021\/05\/Pentecost-Revival-Leaflet.pdf\" class=\"wp-block-file__button\" download>Download<\/a><\/div>\n\n\n\n<p>La mayor\u00eda de las iglesias tendr\u00e1n sus celebraciones locales de Pentecost\u00e9s el domingo por la ma\u00f1ana. Todos est\u00e1n invitados a un servicio virtual de adoraci\u00f3n de avivamiento de Pentecost\u00e9s del Camino del Amor el domingo 23 de mayo a las 4 de la tarde, tiempo del Este. La celebraci\u00f3n llena de esp\u00edritu se basar\u00e1 en los dones, testimonios, canciones y voces de los episcopales en las catedrales y comunidades de la Iglesia, incluida la Catedral de San Marcos en Seattle, las iglesias ind\u00edgenas en Navajoland y Dakota del Sur, la Catedral de Filadelfia, la Catedral Nacional de Washington y la Iglesia de Cristo en St. Louis, Missouri.<\/p>\n\n\n\n<p>El servicio de adoraci\u00f3n de Avivamiento del Camino de Amor de Pentecost\u00e9s se transmitir\u00e1 en los diversos canales web de la Iglesia Episcopal, incluidos Facebook y <a href=\"https:\/\/www.episcopalchurch.org\/\">www.episcopalchurch.org<\/a>.<\/p>\n\n\n\n<h3 class=\"wp-block-heading\">C\u00f3mo participar<\/h3>\n\n\n\n<p><strong>Congregaciones:<\/strong> se proporciona un c\u00f3digo de inserci\u00f3n para la transmisi\u00f3n en vivo que estar\u00e1 disponible para cualquier congregaci\u00f3n que desee agregar la transmisi\u00f3n a su propio sitio web o compartirla desde la p\u00e1gina de <a href=\"https:\/\/www.facebook.com\/episcopalian\" target=\"_blank\" rel=\"noreferrer noopener\">Facebook<\/a> de&nbsp;la Iglesia Episcopal. Se invita a las congregaciones a organizar vigilias como parte de la observancia del Pentecost\u00e9s. Pueden encontrar el c\u00f3digo de inserci\u00f3n haciendo clic en \u00abcompartir\u00bb [share] en el reproductor de video de la esquina superior derecha al tope de esta p\u00e1gina.<\/p>\n\n\n\n<p><strong>Individuos:<\/strong> \u00dananse a nosotros en vivo aqu\u00ed en esta p\u00e1gina, el domingo 23 de mayo a las 4 pm EST, o en nuestra p\u00e1gina de Facebook. Contemplen organizar una vigilia e invitar a amigos y vecinos a un\u00edrseles en l\u00ednea para el oficio.<\/p>\n\n\n\n<p><strong>Grupos peque\u00f1os:<\/strong> Participen como grupo mediante una plataforma como&nbsp;Zoom.<\/p>\n\n\n\n<p><strong>Rezar:&nbsp;<\/strong>Dios de todo poder y amor, te damos gracias por tu presencia inquebrantable y la esperanza que brindas en tiempos de incertidumbre y p\u00e9rdida. Env\u00eda tu Esp\u00edritu Santo para reavivar en nosotros tu fuego sagrado. Av\u00edvanos para vivir como el cuerpo de Cristo en el mundo, un pueblo que ora, adora, aprende, parte el pan, comparte la vida, restaura a sus pr\u00f3jimos, da buenas nuevas, busca la justicia, descansa y crece en el esp\u00edritu. Dondequiera y de cualquier manera que nos reunamos, \u00fanenos en oraci\u00f3n comunitaria y env\u00edenos en misi\u00f3n comunitaria para que nosotros, y toda la creaci\u00f3n, seamos restaurados y renovados por Jesucristo, nuestro Se\u00f1or. Am\u00e9n.&nbsp;&nbsp;<strong><a href=\"https:\/\/www.episcopalchurch.org\/wp-content\/uploads\/2021\/05\/EV-Pentecost-Revival-Prayer-Spanish.png\">Descargar tarjeta de oraci\u00f3n<\/a><\/strong><\/p>\n\n\n\n<hr class=\"wp-block-separator has-text-color has-background has-red-background-color has-red-color\"\/>\n\n\n\n<p>Para obtener m\u00e1s informaci\u00f3n sobre el fin de semana de avivamiento, comun\u00edquese con <a href=\"https:\/\/www.episcopalchurch.org\/staff\/sarah-alphin\/\">Sarah Alphin<\/a>, 212-716-6102, o <a href=\"https:\/\/www.episcopalchurch.org\/staff\/jerusalem-greer\/\">Jerusalem Greer<\/a>, 212-716-6219. Para obtener m\u00e1s informaci\u00f3n sobre los Conciertos para la familia humana, comun\u00edquese con <a href=\"https:\/\/www.episcopalchurch.org\/staff\/jeremy-tackett\/\">Jeremy Tackett<\/a>, 212-716-6042.<\/p>\n\n\n\n<div class=\"wp-block-columns is-layout-flex wp-container-core-columns-is-layout-9d6595d7 wp-block-columns-is-layout-flex\">\n<div class=\"wp-block-column is-layout-flow wp-block-column-is-layout-flow\" style=\"flex-basis:47.4%\">    <div\n      class=\"wp-block-episcopal-callout default\"\n      style=\"background-color: #84BD00;color: #fff;justify-content: flex-end;\"\n    >\n      <div\n        class=\"callout-content\"\n        style=\"justify-content: flex-end;\"\n      >\n                  <a href=\"https:\/\/www.episcopalchurch.org\/episcopal-revivals\/\" class=\"callout-url\"><\/a>\n                \n\n<h3 class=\"wp-block-heading\"><strong>Avivamientos episcopales<\/strong><\/h3>\n\n\n\n<p><\/p>\n\n      <\/div>\n    <\/div>\n\n  <\/div>\n\n\n\n<div class=\"wp-block-column is-layout-flow wp-block-column-is-layout-flow\">    <div\n      class=\"wp-block-episcopal-callout default\"\n      style=\"background-color: #330072;color: #fff;justify-content: flex-end;\"\n    >\n      <div\n        class=\"callout-content\"\n        style=\"justify-content: flex-end;\"\n      >\n                  <a href=\"https:\/\/www.episcopalchurch.org\/from-many-one\/\" class=\"callout-url\"><\/a>\n                \n\n<h3 class=\"wp-block-heading\"><strong>De Muchos, Uno: Di\u00e1logos&nbsp;a&nbsp;trav\u00e9s&nbsp;de la&nbsp;diferencia<\/strong><\/h3>\n\n      <\/div>\n    <\/div>\n\n  <\/div>\n<\/div>\n","protected":false},"excerpt":{"rendered":"<p>La Iglesia Episcopal saluda a Pentecost\u00e9s con Uno en el Esp\u00edritu, un fin de semana de avivamiento del Camino del Amor dise\u00f1ado para avivar la llama de la esperanza, celebrar la diferencia, honrar la creaci\u00f3n, fomentar la comunidad amada y enviar a al pueblo hacia el Camino del Amor de Jes\u00fas. Conciertos virtuales para la [&hellip;]<\/p>\n","protected":false},"author":7,"featured_media":246122,"parent":0,"menu_order":0,"comment_status":"closed","ping_status":"closed","template":"","meta":{"_acf_changed":false,"_uag_custom_page_level_css":"","_kad_blocks_custom_css":"","_kad_blocks_head_custom_js":"","_kad_blocks_body_custom_js":"","_kad_blocks_footer_custom_js":"","_kadence_starter_templates_imported_post":false,"footnotes":"","_links_to":"","_links_to_target":""},"class_list":["post-246120","page","type-page","status-publish","has-post-thumbnail","hentry"],"acf":[],"yoast_head":"<!-- This site is optimized with the Yoast SEO Premium plugin v24.6 (Yoast SEO v26.3) - https:\/\/yoast.com\/wordpress\/plugins\/seo\/ -->\n<title>Uno en el Esp\u00edritu &#8211; The Episcopal Church<\/title>\n<meta name=\"robots\" content=\"index, follow, max-snippet:-1, max-image-preview:large, max-video-preview:-1\" \/>\n<link rel=\"canonical\" href=\"https:\/\/www.episcopalchurch.org\/es\/uno-en-el-espiritu\/\" \/>\n<meta property=\"og:locale\" content=\"es_ES\" \/>\n<meta property=\"og:type\" content=\"article\" \/>\n<meta property=\"og:title\" content=\"Uno en el Esp\u00edritu\" \/>\n<meta property=\"og:description\" content=\"La Iglesia Episcopal saluda a Pentecost\u00e9s con Uno en el Esp\u00edritu, un fin de semana de avivamiento del Camino del Amor dise\u00f1ado para avivar la llama de la esperanza, celebrar la diferencia, honrar la creaci\u00f3n, fomentar la comunidad amada y enviar a al pueblo hacia el Camino del Amor de Jes\u00fas. Conciertos virtuales para la [&hellip;]\" \/>\n<meta property=\"og:url\" content=\"https:\/\/www.episcopalchurch.org\/es\/uno-en-el-espiritu\/\" \/>\n<meta property=\"og:site_name\" content=\"The Episcopal Church\" \/>\n<meta property=\"article:publisher\" content=\"https:\/\/www.facebook.com\/episcopalian\" \/>\n<meta property=\"article:modified_time\" content=\"2021-05-23T12:26:43+00:00\" \/>\n<meta property=\"og:image\" content=\"https:\/\/www.episcopalchurch.org\/wp-content\/uploads\/2021\/05\/SP-OITS-Color-Logo.png\" \/>\n\t<meta property=\"og:image:width\" content=\"2338\" \/>\n\t<meta property=\"og:image:height\" content=\"1515\" \/>\n\t<meta property=\"og:image:type\" content=\"image\/png\" \/>\n<meta name=\"twitter:card\" content=\"summary_large_image\" \/>\n<meta name=\"twitter:site\" content=\"@iamepiscopalian\" \/>\n<meta name=\"twitter:label1\" content=\"Est. reading time\" \/>\n\t<meta name=\"twitter:data1\" content=\"4 minutes\" \/>\n<script type=\"application\/ld+json\" class=\"yoast-schema-graph\">{\"@context\":\"https:\/\/schema.org\",\"@graph\":[{\"@type\":\"WebPage\",\"@id\":\"https:\/\/www.episcopalchurch.org\/es\/uno-en-el-espiritu\/\",\"url\":\"https:\/\/www.episcopalchurch.org\/es\/uno-en-el-espiritu\/\",\"name\":\"Uno en el Esp\u00edritu &#8211; The Episcopal Church\",\"isPartOf\":{\"@id\":\"https:\/\/www.episcopalchurch.org\/#website\"},\"primaryImageOfPage\":{\"@id\":\"https:\/\/www.episcopalchurch.org\/es\/uno-en-el-espiritu\/#primaryimage\"},\"image\":{\"@id\":\"https:\/\/www.episcopalchurch.org\/es\/uno-en-el-espiritu\/#primaryimage\"},\"thumbnailUrl\":\"https:\/\/www.episcopalchurch.org\/wp-content\/uploads\/2021\/05\/SP-OITS-Color-Logo.png\",\"datePublished\":\"2021-05-04T22:13:54+00:00\",\"dateModified\":\"2021-05-23T12:26:43+00:00\",\"breadcrumb\":{\"@id\":\"https:\/\/www.episcopalchurch.org\/es\/uno-en-el-espiritu\/#breadcrumb\"},\"inLanguage\":\"es-ES\",\"potentialAction\":[{\"@type\":\"ReadAction\",\"target\":[\"https:\/\/www.episcopalchurch.org\/es\/uno-en-el-espiritu\/\"]}]},{\"@type\":\"ImageObject\",\"inLanguage\":\"es-ES\",\"@id\":\"https:\/\/www.episcopalchurch.org\/es\/uno-en-el-espiritu\/#primaryimage\",\"url\":\"https:\/\/www.episcopalchurch.org\/wp-content\/uploads\/2021\/05\/SP-OITS-Color-Logo.png\",\"contentUrl\":\"https:\/\/www.episcopalchurch.org\/wp-content\/uploads\/2021\/05\/SP-OITS-Color-Logo.png\",\"width\":2338,\"height\":1515},{\"@type\":\"BreadcrumbList\",\"@id\":\"https:\/\/www.episcopalchurch.org\/es\/uno-en-el-espiritu\/#breadcrumb\",\"itemListElement\":[{\"@type\":\"ListItem\",\"position\":1,\"name\":\"Home\",\"item\":\"https:\/\/www.episcopalchurch.org\/\"},{\"@type\":\"ListItem\",\"position\":2,\"name\":\"Uno en el Esp\u00edritu\"}]},{\"@type\":\"WebSite\",\"@id\":\"https:\/\/www.episcopalchurch.org\/#website\",\"url\":\"https:\/\/www.episcopalchurch.org\/\",\"name\":\"The Episcopal Church\",\"description\":\"Welcomes You\",\"publisher\":{\"@id\":\"https:\/\/www.episcopalchurch.org\/#organization\"},\"potentialAction\":[{\"@type\":\"SearchAction\",\"target\":{\"@type\":\"EntryPoint\",\"urlTemplate\":\"https:\/\/www.episcopalchurch.org\/?s={search_term_string}\"},\"query-input\":{\"@type\":\"PropertyValueSpecification\",\"valueRequired\":true,\"valueName\":\"search_term_string\"}}],\"inLanguage\":\"es-ES\"},{\"@type\":\"Organization\",\"@id\":\"https:\/\/www.episcopalchurch.org\/#organization\",\"name\":\"The Episcopal Church\",\"url\":\"https:\/\/www.episcopalchurch.org\/\",\"logo\":{\"@type\":\"ImageObject\",\"inLanguage\":\"es-ES\",\"@id\":\"https:\/\/www.episcopalchurch.org\/#\/schema\/logo\/image\/\",\"url\":\"https:\/\/www.episcopalchurch.org\/wp-content\/uploads\/2021\/01\/vertical_episcopal_logo.jpg\",\"contentUrl\":\"https:\/\/www.episcopalchurch.org\/wp-content\/uploads\/2021\/01\/vertical_episcopal_logo.jpg\",\"width\":770,\"height\":662,\"caption\":\"The Episcopal Church\"},\"image\":{\"@id\":\"https:\/\/www.episcopalchurch.org\/#\/schema\/logo\/image\/\"},\"sameAs\":[\"https:\/\/www.facebook.com\/episcopalian\",\"https:\/\/x.com\/iamepiscopalian\",\"https:\/\/www.youtube.com\/channel\/UCdVJpxCtK41c_-p6EaE4_2A\"]}]}<\/script>\n<!-- \/ Yoast SEO Premium plugin. -->","yoast_head_json":{"title":"Uno en el Esp\u00edritu &#8211; The Episcopal Church","robots":{"index":"index","follow":"follow","max-snippet":"max-snippet:-1","max-image-preview":"max-image-preview:large","max-video-preview":"max-video-preview:-1"},"canonical":"https:\/\/www.episcopalchurch.org\/es\/uno-en-el-espiritu\/","og_locale":"es_ES","og_type":"article","og_title":"Uno en el Esp\u00edritu","og_description":"La Iglesia Episcopal saluda a Pentecost\u00e9s con Uno en el Esp\u00edritu, un fin de semana de avivamiento del Camino del Amor dise\u00f1ado para avivar la llama de la esperanza, celebrar la diferencia, honrar la creaci\u00f3n, fomentar la comunidad amada y enviar a al pueblo hacia el Camino del Amor de Jes\u00fas. Conciertos virtuales para la [&hellip;]","og_url":"https:\/\/www.episcopalchurch.org\/es\/uno-en-el-espiritu\/","og_site_name":"The Episcopal Church","article_publisher":"https:\/\/www.facebook.com\/episcopalian","article_modified_time":"2021-05-23T12:26:43+00:00","og_image":[{"width":2338,"height":1515,"url":"https:\/\/www.episcopalchurch.org\/wp-content\/uploads\/2021\/05\/SP-OITS-Color-Logo.png","type":"image\/png"}],"twitter_card":"summary_large_image","twitter_site":"@iamepiscopalian","twitter_misc":{"Est. reading time":"4 minutes"},"schema":{"@context":"https:\/\/schema.org","@graph":[{"@type":"WebPage","@id":"https:\/\/www.episcopalchurch.org\/es\/uno-en-el-espiritu\/","url":"https:\/\/www.episcopalchurch.org\/es\/uno-en-el-espiritu\/","name":"Uno en el Esp\u00edritu &#8211; The Episcopal Church","isPartOf":{"@id":"https:\/\/www.episcopalchurch.org\/#website"},"primaryImageOfPage":{"@id":"https:\/\/www.episcopalchurch.org\/es\/uno-en-el-espiritu\/#primaryimage"},"image":{"@id":"https:\/\/www.episcopalchurch.org\/es\/uno-en-el-espiritu\/#primaryimage"},"thumbnailUrl":"https:\/\/www.episcopalchurch.org\/wp-content\/uploads\/2021\/05\/SP-OITS-Color-Logo.png","datePublished":"2021-05-04T22:13:54+00:00","dateModified":"2021-05-23T12:26:43+00:00","breadcrumb":{"@id":"https:\/\/www.episcopalchurch.org\/es\/uno-en-el-espiritu\/#breadcrumb"},"inLanguage":"es-ES","potentialAction":[{"@type":"ReadAction","target":["https:\/\/www.episcopalchurch.org\/es\/uno-en-el-espiritu\/"]}]},{"@type":"ImageObject","inLanguage":"es-ES","@id":"https:\/\/www.episcopalchurch.org\/es\/uno-en-el-espiritu\/#primaryimage","url":"https:\/\/www.episcopalchurch.org\/wp-content\/uploads\/2021\/05\/SP-OITS-Color-Logo.png","contentUrl":"https:\/\/www.episcopalchurch.org\/wp-content\/uploads\/2021\/05\/SP-OITS-Color-Logo.png","width":2338,"height":1515},{"@type":"BreadcrumbList","@id":"https:\/\/www.episcopalchurch.org\/es\/uno-en-el-espiritu\/#breadcrumb","itemListElement":[{"@type":"ListItem","position":1,"name":"Home","item":"https:\/\/www.episcopalchurch.org\/"},{"@type":"ListItem","position":2,"name":"Uno en el Esp\u00edritu"}]},{"@type":"WebSite","@id":"https:\/\/www.episcopalchurch.org\/#website","url":"https:\/\/www.episcopalchurch.org\/","name":"The Episcopal Church","description":"Welcomes You","publisher":{"@id":"https:\/\/www.episcopalchurch.org\/#organization"},"potentialAction":[{"@type":"SearchAction","target":{"@type":"EntryPoint","urlTemplate":"https:\/\/www.episcopalchurch.org\/?s={search_term_string}"},"query-input":{"@type":"PropertyValueSpecification","valueRequired":true,"valueName":"search_term_string"}}],"inLanguage":"es-ES"},{"@type":"Organization","@id":"https:\/\/www.episcopalchurch.org\/#organization","name":"The Episcopal Church","url":"https:\/\/www.episcopalchurch.org\/","logo":{"@type":"ImageObject","inLanguage":"es-ES","@id":"https:\/\/www.episcopalchurch.org\/#\/schema\/logo\/image\/","url":"https:\/\/www.episcopalchurch.org\/wp-content\/uploads\/2021\/01\/vertical_episcopal_logo.jpg","contentUrl":"https:\/\/www.episcopalchurch.org\/wp-content\/uploads\/2021\/01\/vertical_episcopal_logo.jpg","width":770,"height":662,"caption":"The Episcopal Church"},"image":{"@id":"https:\/\/www.episcopalchurch.org\/#\/schema\/logo\/image\/"},"sameAs":["https:\/\/www.facebook.com\/episcopalian","https:\/\/x.com\/iamepiscopalian","https:\/\/www.youtube.com\/channel\/UCdVJpxCtK41c_-p6EaE4_2A"]}]}},"taxonomy_info":[],"featured_image_src_large":["https:\/\/www.episcopalchurch.org\/wp-content\/uploads\/2021\/05\/SP-OITS-Color-Logo-1024x664.png",1024,664,true],"author_info":{"display_name":"Christopher Sikkema","author_link":"https:\/\/www.episcopalchurch.org\/es\/author\/csikkemaepiscopalchurch-org\/"},"comment_info":"","uagb_featured_image_src":{"full":["https:\/\/www.episcopalchurch.org\/wp-content\/uploads\/2021\/05\/SP-OITS-Color-Logo.png",2338,1515,false],"thumbnail":["https:\/\/www.episcopalchurch.org\/wp-content\/uploads\/2021\/05\/SP-OITS-Color-Logo-150x150.png",150,150,true],"medium":["https:\/\/www.episcopalchurch.org\/wp-content\/uploads\/2021\/05\/SP-OITS-Color-Logo-300x194.png",300,194,true],"medium_large":["https:\/\/www.episcopalchurch.org\/wp-content\/uploads\/2021\/05\/SP-OITS-Color-Logo-768x498.png",768,498,true],"large":["https:\/\/www.episcopalchurch.org\/wp-content\/uploads\/2021\/05\/SP-OITS-Color-Logo-1024x664.png",1024,664,true],"1536x1536":["https:\/\/www.episcopalchurch.org\/wp-content\/uploads\/2021\/05\/SP-OITS-Color-Logo-1536x995.png",1536,995,true],"2048x2048":["https:\/\/www.episcopalchurch.org\/wp-content\/uploads\/2021\/05\/SP-OITS-Color-Logo-2048x1327.png",2048,1327,true],"menu":["https:\/\/www.episcopalchurch.org\/wp-content\/uploads\/2021\/05\/SP-OITS-Color-Logo-330x200.png",330,200,true],"hero":["https:\/\/www.episcopalchurch.org\/wp-content\/uploads\/2021\/05\/SP-OITS-Color-Logo-1920x550.png",1920,550,true],"callout-image":["https:\/\/www.episcopalchurch.org\/wp-content\/uploads\/2021\/05\/SP-OITS-Color-Logo-480x311.png",480,311,true]},"uagb_author_info":{"display_name":"Christopher Sikkema","author_link":"https:\/\/www.episcopalchurch.org\/es\/author\/csikkemaepiscopalchurch-org\/"},"uagb_comment_info":0,"uagb_excerpt":"La Iglesia Episcopal saluda a Pentecost\u00e9s con Uno en el Esp\u00edritu, un fin de semana de avivamiento del Camino del Amor dise\u00f1ado para avivar la llama de la esperanza, celebrar la diferencia, honrar la creaci\u00f3n, fomentar la comunidad amada y enviar a al pueblo hacia el Camino del Amor de Jes\u00fas. Conciertos virtuales para la&hellip;","_links":{"self":[{"href":"https:\/\/www.episcopalchurch.org\/es\/wp-json\/wp\/v2\/pages\/246120","targetHints":{"allow":["GET"]}}],"collection":[{"href":"https:\/\/www.episcopalchurch.org\/es\/wp-json\/wp\/v2\/pages"}],"about":[{"href":"https:\/\/www.episcopalchurch.org\/es\/wp-json\/wp\/v2\/types\/page"}],"author":[{"embeddable":true,"href":"https:\/\/www.episcopalchurch.org\/es\/wp-json\/wp\/v2\/users\/7"}],"replies":[{"embeddable":true,"href":"https:\/\/www.episcopalchurch.org\/es\/wp-json\/wp\/v2\/comments?post=246120"}],"version-history":[{"count":0,"href":"https:\/\/www.episcopalchurch.org\/es\/wp-json\/wp\/v2\/pages\/246120\/revisions"}],"wp:featuredmedia":[{"embeddable":true,"href":"https:\/\/www.episcopalchurch.org\/es\/wp-json\/wp\/v2\/media\/246122"}],"wp:attachment":[{"href":"https:\/\/www.episcopalchurch.org\/es\/wp-json\/wp\/v2\/media?parent=246120"}],"curies":[{"name":"wp","href":"https:\/\/api.w.org\/{rel}","templated":true}]}}