{"id":249925,"date":"2021-07-15T16:01:45","date_gmt":"2021-07-15T20:01:45","guid":{"rendered":"https:\/\/www.episcopalchurch.org\/ministerios\/cuidado-de-la-creacion\/cop26\/"},"modified":"2022-07-25T10:08:03","modified_gmt":"2022-07-25T14:08:03","slug":"cop26","status":"publish","type":"page","link":"https:\/\/www.episcopalchurch.org\/es\/ministerios\/cuidado-de-la-creacion\/cop26\/","title":{"rendered":"COP26"},"content":{"rendered":"    <div\n      class=\"wp-block-episcopal-hero-banner alignfull\"\n            style=\"background-image: url(https:\/\/www.episcopalchurch.org\/wp-content\/uploads\/2021\/07\/COP26-Hero.png)\"\n          >\n      <div\n        class=\"hero-banner\"\n      >\n        <div class=\"hero-banner-wrapper\">\n          <h1 class=\"episcopal-hero-title\">\n                      <\/h1>\n          \n                  <\/div>\n      <\/div>\n    <\/div>\n\n  \n\n\n<h1 class=\"wp-block-heading\">Cumbre de las Naciones Unidas sobre el Cambio Clim\u00e1tico, 2021 (COP26)<\/h1>\n\n\n\n<p>A partir de la hist\u00f3rica reuni\u00f3n del Acuerdo de Par\u00eds en 2015, el Obispo Presidente de la Iglesia Episcopal ha enviado una delegaci\u00f3n cada a\u00f1o a las Conferencias de las Partes (COP), las conferencias anuales de las Naciones Unidas sobre el cambio clim\u00e1tico. La pr\u00f3xima COP, conocida como \u201cCOP26\u201d, se llevar\u00e1 a cabo en Glasgow, Escocia, &nbsp;del 31 de octubre al 12 de noviembre y es crucial para el esfuerzo de hacer retroceder los peores efectos del cambio clim\u00e1tico.<\/p>\n\n\n\n<hr class=\"wp-block-separator is-style-wide\"\/>\n\n\n\n<h3 class=\"wp-block-heading\"><strong><strong>Invitaci\u00f3n del Obispo Presidente para unirse a la delegaci\u00f3n virtual de la COP26&nbsp;&nbsp;<\/strong><\/strong><\/h3>\n\n\n\n<div class=\"wp-block-image\"><figure class=\"alignright size-large is-resized\"><img loading=\"lazy\" decoding=\"async\" src=\"https:\/\/www.episcopalchurch.org\/wp-content\/uploads\/2021\/07\/COP25-Dec.-2019-Act-Alliance.jpeg\" alt=\"\" class=\"wp-image-249885\" width=\"480\" height=\"360\" srcset=\"https:\/\/www.episcopalchurch.org\/wp-content\/uploads\/2021\/07\/COP25-Dec.-2019-Act-Alliance.jpeg 960w, https:\/\/www.episcopalchurch.org\/wp-content\/uploads\/2021\/07\/COP25-Dec.-2019-Act-Alliance-300x225.jpeg 300w, https:\/\/www.episcopalchurch.org\/wp-content\/uploads\/2021\/07\/COP25-Dec.-2019-Act-Alliance-768x576.jpeg 768w, https:\/\/www.episcopalchurch.org\/wp-content\/uploads\/2021\/07\/COP25-Dec.-2019-Act-Alliance-480x360.jpeg 480w\" sizes=\"auto, (max-width: 480px) 100vw, 480px\" \/><\/figure><\/div>\n\n\n\n<p>La delegaci\u00f3n del Obispo Presidente de la Iglesia Episcopal participar\u00e1 virtualmente en la COP26 en noviembre. Como miembros de la delegaci\u00f3n, nos solidarizamos con las naciones m\u00e1s peque\u00f1as, como las del Oc\u00e9ano Pac\u00edfico, que ya sienten los efectos de vanguardia del cambio clim\u00e1tico. Tambi\u00e9n llevamos nuestros valores y creencias a la sala de las COP. Las religiones del mundo sostienen que la Tierra es sagrada; respetamos los derechos de las poblaciones vulnerables; para que la gente viaje tenemos caminos sagrados que nos llevan de la desintegraci\u00f3n a la plenitud.<\/p>\n\n\n\n<p>Finalmente, como miembros de la delegaci\u00f3n, llevamos lo que hemos aprendido en casa, a la Iglesia. La delegaci\u00f3n del Obispo Presidente supervisa cuidadosamente las principales l\u00edneas de trabajo de la COP, como la mitigaci\u00f3n, el aumento de la ambici\u00f3n, las finanzas, la adaptaci\u00f3n y las p\u00e9rdidas y da\u00f1os. Nuestras comunidades locales pueden aprender de lo que otros est\u00e1n haciendo en estos importantes temas de la acci\u00f3n contra el cambio clim\u00e1tico en todo el mundo.<\/p>\n\n\n\n<p><a href=\"https:\/\/nam11.safelinks.protection.outlook.com\/?url=https%3A%2F%2Fwww.episcopalchurch.org%2Fpublicaffairs%2Fpresiding-bishop-announces-episcopal-church-delegation-to-united-nations-cop26-conference%2F&amp;data=04%7C01%7Cpchatfield%40episcopalchurch.org%7Ccc2885b27a2748c0ab0108d9998b3072%7Ca61a1be800f1406689423558df189805%7C0%7C0%7C637709645349866468%7CUnknown%7CTWFpbGZsb3d8eyJWIjoiMC4wLjAwMDAiLCJQIjoiV2luMzIiLCJBTiI6Ik1haWwiLCJXVCI6Mn0%3D%7C1000&amp;sdata=qkq5Xv%2BYMa%2BDBnyVnDl8ig2r5XG7CZ38MFMO2eQO1lc%3D&amp;reserved=0\" target=\"_blank\" rel=\"noreferrer noopener\">El Obispo Presidente anuncia la delegaci\u00f3n de la Iglesia Episcopal a la conferencia COP26 de las Naciones Unidas<\/a><\/p>\n\n\n\n<p>Si tiene preguntas o m\u00e1s informaci\u00f3n, <a href=\"https:\/\/www.episcopalchurch.org\/staff\/creation-care\/\">comun\u00edquese<\/a>.<\/p>\n\n\n\n<p><\/p>\n\n\n\n<h3 class=\"wp-block-heading\">Eventos de la Iglesia Episcopal<\/h3>\n\n\n\n<p>Est\u00e1 cordialmente invitado a unirse a estos eventos de la Iglesia Episcopal.<\/p>\n\n\n\n<p><strong>Jueves 28 de octubre a la 1 de la tarde (Tiempo del Este):\u00a0<\/strong>\u201cAbogac\u00eda episcopal por el clima en la ONU: inicio de la COP26 con la delegaci\u00f3n del Obispo Presidente.\u201d<\/p>\n\n\n\n<p><strong>S\u00e1bado 6 de noviembre a las 11 de la ma\u00f1ana&nbsp;&nbsp;(Tiempo del Este)&nbsp;<\/strong>\u201cLiturgia para la crisis planetaria: Servicio de adoraci\u00f3n episcopal durante la COP26\u201d \u2013&nbsp;Reg\u00edstrese aqu\u00ed&nbsp;&nbsp;<\/p>\n\n\n\n<p><strong>Viernes 12 de noviembre a las 2 de la tarde (Tiempo del Este):\u00a0<\/strong>\u201cActo de clausura de la COP26: Informe de la delegaci\u00f3n del Obispo Presidente\u201d \u2013\u00a0Reg\u00edstrese aqu\u00ed<\/p>\n\n\n\n<p><strong>Martes 9 de noviembre a las 2 de la tarde (Tiempo del Este)<\/strong>: &#8220;Adaptaci\u00f3n Di\u00e1logo&#8221; &#8211; Reg\u00edstrese aqu\u00ed<\/p>\n\n\n\n<p><strong>Martes 9 de noviembre a las 4 de la tarde (Tiempo del Este): <\/strong>&#8220;Mitigaci\u00f3n Di\u00e1logo&#8221; &#8211; Reg\u00edstrese aqu\u00ed\u00a0\u00a0<\/p>\n\n\n\n<hr class=\"wp-block-separator\"\/>\n\n\n\n<h3 class=\"wp-block-heading\"><strong>Recursos<\/strong><\/h3>\n\n\n\n<p><a href=\"https:\/\/unfccc.int\/es\" target=\"_blank\" rel=\"noreferrer noopener\">La Convenci\u00f3n Marco de las Naciones Unidas sobre el Cambio Clim\u00e1tico (CMNUCC<\/a> \/ <a href=\"https:\/\/unfccc.int\/es\" target=\"_blank\" rel=\"noreferrer noopener\">UNFCCC)<\/a><\/p>\n\n\n\n<p><a href=\"https:\/\/unfccc.int\/es\/process-and-meetings\/conferences\/conferencia-sobre-el-cambio-climatico-en-glasgow\" target=\"_blank\" rel=\"noreferrer noopener\">La Conferencia de las Naciones&nbsp;Unidas sobre el Cambio Clim\u00e1tico (COP26)<\/a><\/p>\n\n\n\n<p><a href=\"https:\/\/www.episcopalchurch.org\/es\/ministerios\/cuidado-de-la-creacion\/\" target=\"_blank\" rel=\"noreferrer noopener\">Episcopal Cuidado de la Creaci\u00f3n<\/a><\/p>\n\n\n\n<p><a href=\"https:\/\/www.episcopalchurch.org\/episcopal-church-and-united-nations\" target=\"_blank\" rel=\"noreferrer noopener\">The&nbsp;Episcopal Church and the United Nations<\/a><\/p>\n\n\n\n<p><a href=\"https:\/\/www.anglicancommunion.org\/mission\/at-the-un.aspx\" target=\"_blank\" rel=\"noreferrer noopener\">Anglican Communion Representation at the United Nations<\/a>&nbsp;<\/p>\n\n\n\n<p><a href=\"http:\/\/www.episcopalchurch.org\/global-partnerships\" target=\"_blank\" rel=\"noreferrer noopener\">Episcopal Church Global Partnerships<\/a><\/p>\n\n\n\n<div class=\"wp-block-columns is-style-default is-layout-flex wp-container-core-columns-is-layout-9d6595d7 wp-block-columns-is-layout-flex\">\n<div class=\"wp-block-column is-layout-flow wp-block-column-is-layout-flow\">\n<figure class=\"wp-block-image size-large\"><a href=\"https:\/\/www.episcopalchurch.org\/ministries\/global-partnerships\/episcopal-church-united-nations\/\"><img loading=\"lazy\" decoding=\"async\" width=\"1024\" height=\"633\" src=\"https:\/\/www.episcopalchurch.org\/wp-content\/uploads\/2020\/07\/mark_global_relations-1024x633.png\" alt=\"\" class=\"wp-image-171878\" srcset=\"https:\/\/www.episcopalchurch.org\/wp-content\/uploads\/2020\/07\/mark_global_relations-1024x633.png 1024w, https:\/\/www.episcopalchurch.org\/wp-content\/uploads\/2020\/07\/mark_global_relations-300x185.png 300w, https:\/\/www.episcopalchurch.org\/wp-content\/uploads\/2020\/07\/mark_global_relations-768x475.png 768w, https:\/\/www.episcopalchurch.org\/wp-content\/uploads\/2020\/07\/mark_global_relations-480x297.png 480w, https:\/\/www.episcopalchurch.org\/wp-content\/uploads\/2020\/07\/mark_global_relations.png 1500w\" sizes=\"auto, (max-width: 1024px) 100vw, 1024px\" \/><\/a><\/figure>\n<\/div>\n\n\n\n<div class=\"wp-block-column is-layout-flow wp-block-column-is-layout-flow\">\n<div class=\"wp-block-uagb-team uagb-team uagb-team__outer-wrap uagb-team__image-position-above uagb-team__align-center uagb-team__stack-tablet uagb-block-03629f91 mt-20\"><div class=\"uagb-team__wrap\"><div class=\"uagb-team__content\"><div class=\"uagb-team__title-wrap\"><h3 class=\"uagb-team__title\">Contact:<br>Creation Care<\/h3><span class=\"uagb-team__prefix\"><\/span><\/div><div class=\"uagb-team__desc-wrap\"><p class=\"uagb-team__desc\"><a href=\"https:\/\/www.episcopalchurch.org\/staff\/creation-care\/\">Click here<\/a><\/p><\/div><\/div><\/div><\/div>\n<\/div>\n\n\n\n<div class=\"wp-block-column is-layout-flow wp-block-column-is-layout-flow\">\n<figure class=\"wp-block-image size-large\"><a href=\"https:\/\/www.episcopalchurch.org\/ministries\/creation-care\/\"><img loading=\"lazy\" decoding=\"async\" width=\"1024\" height=\"633\" src=\"https:\/\/www.episcopalchurch.org\/wp-content\/uploads\/2020\/06\/mark_creation_care-1024x633.png\" alt=\"Creation Care Logo\" class=\"wp-image-131539\" srcset=\"https:\/\/www.episcopalchurch.org\/wp-content\/uploads\/2020\/06\/mark_creation_care-1024x633.png 1024w, https:\/\/www.episcopalchurch.org\/wp-content\/uploads\/2020\/06\/mark_creation_care-300x185.png 300w, https:\/\/www.episcopalchurch.org\/wp-content\/uploads\/2020\/06\/mark_creation_care-768x475.png 768w, https:\/\/www.episcopalchurch.org\/wp-content\/uploads\/2020\/06\/mark_creation_care-480x297.png 480w, https:\/\/www.episcopalchurch.org\/wp-content\/uploads\/2020\/06\/mark_creation_care.png 1500w\" sizes=\"auto, (max-width: 1024px) 100vw, 1024px\" \/><\/a><\/figure>\n<\/div>\n<\/div>\n","protected":false},"excerpt":{"rendered":"<p>Cumbre de las Naciones Unidas sobre el Cambio Clim\u00e1tico, 2021 (COP26) A partir de la hist\u00f3rica reuni\u00f3n del Acuerdo de Par\u00eds en 2015, el Obispo Presidente de la Iglesia Episcopal ha enviado una delegaci\u00f3n cada a\u00f1o a las Conferencias de las Partes (COP), las conferencias anuales de las Naciones Unidas sobre el cambio clim\u00e1tico. La [&hellip;]<\/p>\n","protected":false},"author":12,"featured_media":198084,"parent":177437,"menu_order":0,"comment_status":"closed","ping_status":"closed","template":"","meta":{"_acf_changed":false,"_uag_custom_page_level_css":"","_kad_blocks_custom_css":"","_kad_blocks_head_custom_js":"","_kad_blocks_body_custom_js":"","_kad_blocks_footer_custom_js":"","_kadence_starter_templates_imported_post":false,"footnotes":"","_links_to":"","_links_to_target":""},"class_list":["post-249925","page","type-page","status-publish","has-post-thumbnail","hentry"],"acf":[],"yoast_head":"<!-- This site is optimized with the Yoast SEO Premium plugin v24.6 (Yoast SEO v26.3) - https:\/\/yoast.com\/wordpress\/plugins\/seo\/ -->\n<title>COP26 &#8211; The Episcopal Church<\/title>\n<meta name=\"robots\" content=\"index, follow, max-snippet:-1, max-image-preview:large, max-video-preview:-1\" \/>\n<link rel=\"canonical\" href=\"https:\/\/www.episcopalchurch.org\/es\/ministerios\/cuidado-de-la-creacion\/cop26\/\" \/>\n<meta property=\"og:locale\" content=\"es_ES\" \/>\n<meta property=\"og:type\" content=\"article\" \/>\n<meta property=\"og:title\" content=\"COP26\" \/>\n<meta property=\"og:description\" content=\"Cumbre de las Naciones Unidas sobre el Cambio Clim\u00e1tico, 2021 (COP26) A partir de la hist\u00f3rica reuni\u00f3n del Acuerdo de Par\u00eds en 2015, el Obispo Presidente de la Iglesia Episcopal ha enviado una delegaci\u00f3n cada a\u00f1o a las Conferencias de las Partes (COP), las conferencias anuales de las Naciones Unidas sobre el cambio clim\u00e1tico. La [&hellip;]\" \/>\n<meta property=\"og:url\" content=\"https:\/\/www.episcopalchurch.org\/es\/ministerios\/cuidado-de-la-creacion\/cop26\/\" \/>\n<meta property=\"og:site_name\" content=\"The Episcopal Church\" \/>\n<meta property=\"article:publisher\" content=\"https:\/\/www.facebook.com\/episcopalian\" \/>\n<meta property=\"article:modified_time\" content=\"2022-07-25T14:08:03+00:00\" \/>\n<meta property=\"og:image\" content=\"https:\/\/www.episcopalchurch.org\/wp-content\/uploads\/2020\/11\/Creation_Care_Square_Social_Media_Only.png\" \/>\n\t<meta property=\"og:image:width\" content=\"751\" \/>\n\t<meta property=\"og:image:height\" content=\"751\" \/>\n\t<meta property=\"og:image:type\" content=\"image\/png\" \/>\n<meta name=\"twitter:card\" content=\"summary_large_image\" \/>\n<meta name=\"twitter:site\" content=\"@iamepiscopalian\" \/>\n<meta name=\"twitter:label1\" content=\"Est. reading time\" \/>\n\t<meta name=\"twitter:data1\" content=\"3 minutes\" \/>\n<script type=\"application\/ld+json\" class=\"yoast-schema-graph\">{\"@context\":\"https:\/\/schema.org\",\"@graph\":[{\"@type\":\"WebPage\",\"@id\":\"https:\/\/www.episcopalchurch.org\/es\/ministerios\/cuidado-de-la-creacion\/cop26\/\",\"url\":\"https:\/\/www.episcopalchurch.org\/es\/ministerios\/cuidado-de-la-creacion\/cop26\/\",\"name\":\"COP26 &#8211; The Episcopal Church\",\"isPartOf\":{\"@id\":\"https:\/\/www.episcopalchurch.org\/#website\"},\"primaryImageOfPage\":{\"@id\":\"https:\/\/www.episcopalchurch.org\/es\/ministerios\/cuidado-de-la-creacion\/cop26\/#primaryimage\"},\"image\":{\"@id\":\"https:\/\/www.episcopalchurch.org\/es\/ministerios\/cuidado-de-la-creacion\/cop26\/#primaryimage\"},\"thumbnailUrl\":\"https:\/\/www.episcopalchurch.org\/wp-content\/uploads\/2020\/11\/Creation_Care_Square_Social_Media_Only.png\",\"datePublished\":\"2021-07-15T20:01:45+00:00\",\"dateModified\":\"2022-07-25T14:08:03+00:00\",\"breadcrumb\":{\"@id\":\"https:\/\/www.episcopalchurch.org\/es\/ministerios\/cuidado-de-la-creacion\/cop26\/#breadcrumb\"},\"inLanguage\":\"es-ES\",\"potentialAction\":[{\"@type\":\"ReadAction\",\"target\":[\"https:\/\/www.episcopalchurch.org\/es\/ministerios\/cuidado-de-la-creacion\/cop26\/\"]}]},{\"@type\":\"ImageObject\",\"inLanguage\":\"es-ES\",\"@id\":\"https:\/\/www.episcopalchurch.org\/es\/ministerios\/cuidado-de-la-creacion\/cop26\/#primaryimage\",\"url\":\"https:\/\/www.episcopalchurch.org\/wp-content\/uploads\/2020\/11\/Creation_Care_Square_Social_Media_Only.png\",\"contentUrl\":\"https:\/\/www.episcopalchurch.org\/wp-content\/uploads\/2020\/11\/Creation_Care_Square_Social_Media_Only.png\",\"width\":751,\"height\":751},{\"@type\":\"BreadcrumbList\",\"@id\":\"https:\/\/www.episcopalchurch.org\/es\/ministerios\/cuidado-de-la-creacion\/cop26\/#breadcrumb\",\"itemListElement\":[{\"@type\":\"ListItem\",\"position\":1,\"name\":\"Home\",\"item\":\"https:\/\/www.episcopalchurch.org\/\"},{\"@type\":\"ListItem\",\"position\":2,\"name\":\"Ministerios\",\"item\":\"https:\/\/www.episcopalchurch.org\/es\/ministerios\/\"},{\"@type\":\"ListItem\",\"position\":3,\"name\":\"Cuidado de la Creaci\u00f3n\",\"item\":\"https:\/\/www.episcopalchurch.org\/es\/ministerios\/cuidado-de-la-creacion\/\"},{\"@type\":\"ListItem\",\"position\":4,\"name\":\"COP26\"}]},{\"@type\":\"WebSite\",\"@id\":\"https:\/\/www.episcopalchurch.org\/#website\",\"url\":\"https:\/\/www.episcopalchurch.org\/\",\"name\":\"The Episcopal Church\",\"description\":\"Welcomes You\",\"publisher\":{\"@id\":\"https:\/\/www.episcopalchurch.org\/#organization\"},\"potentialAction\":[{\"@type\":\"SearchAction\",\"target\":{\"@type\":\"EntryPoint\",\"urlTemplate\":\"https:\/\/www.episcopalchurch.org\/?s={search_term_string}\"},\"query-input\":{\"@type\":\"PropertyValueSpecification\",\"valueRequired\":true,\"valueName\":\"search_term_string\"}}],\"inLanguage\":\"es-ES\"},{\"@type\":\"Organization\",\"@id\":\"https:\/\/www.episcopalchurch.org\/#organization\",\"name\":\"The Episcopal Church\",\"url\":\"https:\/\/www.episcopalchurch.org\/\",\"logo\":{\"@type\":\"ImageObject\",\"inLanguage\":\"es-ES\",\"@id\":\"https:\/\/www.episcopalchurch.org\/#\/schema\/logo\/image\/\",\"url\":\"https:\/\/www.episcopalchurch.org\/wp-content\/uploads\/2021\/01\/vertical_episcopal_logo.jpg\",\"contentUrl\":\"https:\/\/www.episcopalchurch.org\/wp-content\/uploads\/2021\/01\/vertical_episcopal_logo.jpg\",\"width\":770,\"height\":662,\"caption\":\"The Episcopal Church\"},\"image\":{\"@id\":\"https:\/\/www.episcopalchurch.org\/#\/schema\/logo\/image\/\"},\"sameAs\":[\"https:\/\/www.facebook.com\/episcopalian\",\"https:\/\/x.com\/iamepiscopalian\",\"https:\/\/www.youtube.com\/channel\/UCdVJpxCtK41c_-p6EaE4_2A\"]}]}<\/script>\n<!-- \/ Yoast SEO Premium plugin. -->","yoast_head_json":{"title":"COP26 &#8211; The Episcopal Church","robots":{"index":"index","follow":"follow","max-snippet":"max-snippet:-1","max-image-preview":"max-image-preview:large","max-video-preview":"max-video-preview:-1"},"canonical":"https:\/\/www.episcopalchurch.org\/es\/ministerios\/cuidado-de-la-creacion\/cop26\/","og_locale":"es_ES","og_type":"article","og_title":"COP26","og_description":"Cumbre de las Naciones Unidas sobre el Cambio Clim\u00e1tico, 2021 (COP26) A partir de la hist\u00f3rica reuni\u00f3n del Acuerdo de Par\u00eds en 2015, el Obispo Presidente de la Iglesia Episcopal ha enviado una delegaci\u00f3n cada a\u00f1o a las Conferencias de las Partes (COP), las conferencias anuales de las Naciones Unidas sobre el cambio clim\u00e1tico. La [&hellip;]","og_url":"https:\/\/www.episcopalchurch.org\/es\/ministerios\/cuidado-de-la-creacion\/cop26\/","og_site_name":"The Episcopal Church","article_publisher":"https:\/\/www.facebook.com\/episcopalian","article_modified_time":"2022-07-25T14:08:03+00:00","og_image":[{"width":751,"height":751,"url":"https:\/\/www.episcopalchurch.org\/wp-content\/uploads\/2020\/11\/Creation_Care_Square_Social_Media_Only.png","type":"image\/png"}],"twitter_card":"summary_large_image","twitter_site":"@iamepiscopalian","twitter_misc":{"Est. reading time":"3 minutes"},"schema":{"@context":"https:\/\/schema.org","@graph":[{"@type":"WebPage","@id":"https:\/\/www.episcopalchurch.org\/es\/ministerios\/cuidado-de-la-creacion\/cop26\/","url":"https:\/\/www.episcopalchurch.org\/es\/ministerios\/cuidado-de-la-creacion\/cop26\/","name":"COP26 &#8211; The Episcopal Church","isPartOf":{"@id":"https:\/\/www.episcopalchurch.org\/#website"},"primaryImageOfPage":{"@id":"https:\/\/www.episcopalchurch.org\/es\/ministerios\/cuidado-de-la-creacion\/cop26\/#primaryimage"},"image":{"@id":"https:\/\/www.episcopalchurch.org\/es\/ministerios\/cuidado-de-la-creacion\/cop26\/#primaryimage"},"thumbnailUrl":"https:\/\/www.episcopalchurch.org\/wp-content\/uploads\/2020\/11\/Creation_Care_Square_Social_Media_Only.png","datePublished":"2021-07-15T20:01:45+00:00","dateModified":"2022-07-25T14:08:03+00:00","breadcrumb":{"@id":"https:\/\/www.episcopalchurch.org\/es\/ministerios\/cuidado-de-la-creacion\/cop26\/#breadcrumb"},"inLanguage":"es-ES","potentialAction":[{"@type":"ReadAction","target":["https:\/\/www.episcopalchurch.org\/es\/ministerios\/cuidado-de-la-creacion\/cop26\/"]}]},{"@type":"ImageObject","inLanguage":"es-ES","@id":"https:\/\/www.episcopalchurch.org\/es\/ministerios\/cuidado-de-la-creacion\/cop26\/#primaryimage","url":"https:\/\/www.episcopalchurch.org\/wp-content\/uploads\/2020\/11\/Creation_Care_Square_Social_Media_Only.png","contentUrl":"https:\/\/www.episcopalchurch.org\/wp-content\/uploads\/2020\/11\/Creation_Care_Square_Social_Media_Only.png","width":751,"height":751},{"@type":"BreadcrumbList","@id":"https:\/\/www.episcopalchurch.org\/es\/ministerios\/cuidado-de-la-creacion\/cop26\/#breadcrumb","itemListElement":[{"@type":"ListItem","position":1,"name":"Home","item":"https:\/\/www.episcopalchurch.org\/"},{"@type":"ListItem","position":2,"name":"Ministerios","item":"https:\/\/www.episcopalchurch.org\/es\/ministerios\/"},{"@type":"ListItem","position":3,"name":"Cuidado de la Creaci\u00f3n","item":"https:\/\/www.episcopalchurch.org\/es\/ministerios\/cuidado-de-la-creacion\/"},{"@type":"ListItem","position":4,"name":"COP26"}]},{"@type":"WebSite","@id":"https:\/\/www.episcopalchurch.org\/#website","url":"https:\/\/www.episcopalchurch.org\/","name":"The Episcopal Church","description":"Welcomes You","publisher":{"@id":"https:\/\/www.episcopalchurch.org\/#organization"},"potentialAction":[{"@type":"SearchAction","target":{"@type":"EntryPoint","urlTemplate":"https:\/\/www.episcopalchurch.org\/?s={search_term_string}"},"query-input":{"@type":"PropertyValueSpecification","valueRequired":true,"valueName":"search_term_string"}}],"inLanguage":"es-ES"},{"@type":"Organization","@id":"https:\/\/www.episcopalchurch.org\/#organization","name":"The Episcopal Church","url":"https:\/\/www.episcopalchurch.org\/","logo":{"@type":"ImageObject","inLanguage":"es-ES","@id":"https:\/\/www.episcopalchurch.org\/#\/schema\/logo\/image\/","url":"https:\/\/www.episcopalchurch.org\/wp-content\/uploads\/2021\/01\/vertical_episcopal_logo.jpg","contentUrl":"https:\/\/www.episcopalchurch.org\/wp-content\/uploads\/2021\/01\/vertical_episcopal_logo.jpg","width":770,"height":662,"caption":"The Episcopal Church"},"image":{"@id":"https:\/\/www.episcopalchurch.org\/#\/schema\/logo\/image\/"},"sameAs":["https:\/\/www.facebook.com\/episcopalian","https:\/\/x.com\/iamepiscopalian","https:\/\/www.youtube.com\/channel\/UCdVJpxCtK41c_-p6EaE4_2A"]}]}},"taxonomy_info":[],"featured_image_src_large":["https:\/\/www.episcopalchurch.org\/wp-content\/uploads\/2020\/11\/Creation_Care_Square_Social_Media_Only.png",751,751,false],"author_info":{"display_name":"Scott Rands","author_link":"https:\/\/www.episcopalchurch.org\/es\/author\/srandsepiscopalchurch-org\/"},"comment_info":"","uagb_featured_image_src":{"full":["https:\/\/www.episcopalchurch.org\/wp-content\/uploads\/2020\/11\/Creation_Care_Square_Social_Media_Only.png",751,751,false],"thumbnail":["https:\/\/www.episcopalchurch.org\/wp-content\/uploads\/2020\/11\/Creation_Care_Square_Social_Media_Only-150x150.png",150,150,true],"medium":["https:\/\/www.episcopalchurch.org\/wp-content\/uploads\/2020\/11\/Creation_Care_Square_Social_Media_Only-300x300.png",300,300,true],"medium_large":["https:\/\/www.episcopalchurch.org\/wp-content\/uploads\/2020\/11\/Creation_Care_Square_Social_Media_Only.png",751,751,false],"large":["https:\/\/www.episcopalchurch.org\/wp-content\/uploads\/2020\/11\/Creation_Care_Square_Social_Media_Only.png",751,751,false],"1536x1536":["https:\/\/www.episcopalchurch.org\/wp-content\/uploads\/2020\/11\/Creation_Care_Square_Social_Media_Only.png",751,751,false],"2048x2048":["https:\/\/www.episcopalchurch.org\/wp-content\/uploads\/2020\/11\/Creation_Care_Square_Social_Media_Only.png",751,751,false],"menu":["https:\/\/www.episcopalchurch.org\/wp-content\/uploads\/2020\/11\/Creation_Care_Square_Social_Media_Only-330x200.png",330,200,true],"hero":["https:\/\/www.episcopalchurch.org\/wp-content\/uploads\/2020\/11\/Creation_Care_Square_Social_Media_Only-751x550.png",751,550,true],"callout-image":["https:\/\/www.episcopalchurch.org\/wp-content\/uploads\/2020\/11\/Creation_Care_Square_Social_Media_Only-480x480.png",480,480,true]},"uagb_author_info":{"display_name":"Scott Rands","author_link":"https:\/\/www.episcopalchurch.org\/es\/author\/srandsepiscopalchurch-org\/"},"uagb_comment_info":0,"uagb_excerpt":"Cumbre de las Naciones Unidas sobre el Cambio Clim\u00e1tico, 2021 (COP26) A partir de la hist\u00f3rica reuni\u00f3n del Acuerdo de Par\u00eds en 2015, el Obispo Presidente de la Iglesia Episcopal ha enviado una delegaci\u00f3n cada a\u00f1o a las Conferencias de las Partes (COP), las conferencias anuales de las Naciones Unidas sobre el cambio clim\u00e1tico. La&hellip;","_links":{"self":[{"href":"https:\/\/www.episcopalchurch.org\/es\/wp-json\/wp\/v2\/pages\/249925","targetHints":{"allow":["GET"]}}],"collection":[{"href":"https:\/\/www.episcopalchurch.org\/es\/wp-json\/wp\/v2\/pages"}],"about":[{"href":"https:\/\/www.episcopalchurch.org\/es\/wp-json\/wp\/v2\/types\/page"}],"author":[{"embeddable":true,"href":"https:\/\/www.episcopalchurch.org\/es\/wp-json\/wp\/v2\/users\/12"}],"replies":[{"embeddable":true,"href":"https:\/\/www.episcopalchurch.org\/es\/wp-json\/wp\/v2\/comments?post=249925"}],"version-history":[{"count":0,"href":"https:\/\/www.episcopalchurch.org\/es\/wp-json\/wp\/v2\/pages\/249925\/revisions"}],"up":[{"embeddable":true,"href":"https:\/\/www.episcopalchurch.org\/es\/wp-json\/wp\/v2\/pages\/177437"}],"wp:featuredmedia":[{"embeddable":true,"href":"https:\/\/www.episcopalchurch.org\/es\/wp-json\/wp\/v2\/media\/198084"}],"wp:attachment":[{"href":"https:\/\/www.episcopalchurch.org\/es\/wp-json\/wp\/v2\/media?parent=249925"}],"curies":[{"name":"wp","href":"https:\/\/api.w.org\/{rel}","templated":true}]}}