{"id":251363,"date":"2020-01-16T19:23:40","date_gmt":"2020-01-16T19:23:40","guid":{"rendered":"https:\/\/www.episcopalchurch.org\/embracing-evangelism\/"},"modified":"2024-10-15T15:00:20","modified_gmt":"2024-10-15T19:00:20","slug":"evangelizando-con-entusiasmo","status":"publish","type":"page","link":"https:\/\/www.episcopalchurch.org\/es\/evangelizando-con-entusiasmo\/","title":{"rendered":"Evangelizando con Entusiasmo"},"content":{"rendered":"    <div\n      class=\"wp-block-episcopal-hero-banner alignfull\"\n            style=\"background-image: url(https:\/\/www.episcopalchurch.org\/wp-content\/uploads\/2024\/10\/IMG_4993-scaled.jpg)\"\n          >\n      <div\n        class=\"hero-banner\"\n      >\n        <div class=\"hero-banner-wrapper\">\n          <h1 class=\"episcopal-hero-title\">\n                          Evangelizando con Entusiasmo                      <\/h1>\n          \n                  <\/div>\n      <\/div>\n    <\/div>\n\n  \n\n\n<div class=\"wp-block-buttons is-layout-flex wp-block-buttons-is-layout-flex\">\n<div class=\"wp-block-button\"><a class=\"wp-block-button__link has-green-background-color has-background\" href=\"https:\/\/www.episcopalchurch.org\/es\/evangelizando-con-entusiasmo\/\">P\u00e1gina Principal<\/a><\/div>\n\n\n\n<div class=\"wp-block-button\"><a class=\"wp-block-button__link has-green-background-color has-background\" href=\"https:\/\/www.episcopalchurch.org\/es\/evangelizando-con-entusiasmo\/como-usar\/\">C\u00f3mo usar Evangelizando con entusiasmo<\/a><\/div>\n\n\n\n<div class=\"wp-block-button\"><a class=\"wp-block-button__link has-green-background-color has-background\" href=\"https:\/\/www.episcopalchurch.org\/es\/evangelizando-con-entusiasmo\/sesiones\/\">Sesiones<\/a><\/div>\n\n\n\n<div class=\"wp-block-button\"><a class=\"wp-block-button__link has-green-background-color has-background\" href=\"https:\/\/www.episcopalchurch.org\/es\/evangelizando-con-entusiasmo\/participantes\/\">Participantes<\/a><\/div>\n<\/div>\n\n\n\n<figure class=\"wp-block-embed is-type-wp-embed is-provider-wistia-inc wp-block-embed-wistia-inc\"><div class=\"wp-block-embed__wrapper\">\n<div class=\"embed-container\"><iframe loading=\"lazy\" class=\"wp-embedded-content\" sandbox=\"allow-scripts\" security=\"restricted\" title=\"(Spanish)Embracing Evangelism Commercial_v2 Video\" src=\"https:\/\/fast.wistia.net\/embed\/iframe\/zlo9rst7ay?dnt=1#?secret=SaZOs6MINQ\" data-secret=\"SaZOs6MINQ\" frameborder=\"0\" scrolling=\"no\" width=\"500\" height=\"281\"><\/iframe><\/div>\n<\/div><\/figure>\n\n\n\n<p>Evangelizando con entusiasmo: un curso digital de seis partes que explora nuestro llamado a buscar, nombrar y celebrar la presencia amorosa de Jes\u00fas en las historias de todas las personas, y luego invitar a todos a m\u00e1s. Cada sesi\u00f3n presenta ense\u00f1anzas sobre la evangelizaci\u00f3n episcopal, discusiones en grupo y ejercicios para ayudar a los episcopales a comprender el ministerio y el llamado a la evangelizaci\u00f3n. La serie completa Evangelizando con entusiasmo consta de seis sesiones de v\u00eddeo, cada una de menos de 45 minutos.<\/p>\n\n\n\n<p>Esta oferta es posible gracias a una asociaci\u00f3n entre la <strong>Iglesia Episcopal<\/strong> y el&nbsp;<strong><a href=\"https:\/\/vts.edu\" target=\"_blank\" rel=\"noreferrer noopener\">Seminario Teol\u00f3gico de Virginia<\/a>.<\/strong><\/p>\n\n\n\n<p>Encuentre materiales adicionales de evangelizaci\u00f3n episcopal en espa\u00f1ol&nbsp;<a href=\"https:\/\/www.episcopalchurch.org\/ministries\/evangelism\/toolkit\/\">aqu\u00ed<\/a>&nbsp;y en criollo&nbsp;haitiano&nbsp;<a href=\"https:\/\/www.episcopalchurch.org\/ministries\/evangelism\/toolkit\/\">aqu\u00ed<\/a>.<\/p>\n\n\n\n<div class=\"wp-block-columns is-style-callouts is-layout-flex wp-container-core-columns-is-layout-9d6595d7 wp-block-columns-is-layout-flex\">\n<div class=\"wp-block-column is-layout-flow wp-block-column-is-layout-flow\">\n<div class=\"wp-block-buttons is-layout-flex wp-block-buttons-is-layout-flex\">\n<div class=\"wp-block-button\"><a class=\"wp-block-button__link has-text-color has-background wp-element-button\" href=\"https:\/\/www.episcopalchurch.org\/wp-content\/uploads\/2021\/07\/Spanish-Facilitator-Guide.pdf\" style=\"color:#ffffff;background-color:#80b742\">Descargue la gu\u00eda completa del coordinador<\/a><\/div>\n<\/div>\n<\/div>\n\n\n\n<div class=\"wp-block-column is-layout-flow wp-block-column-is-layout-flow\">\n<div class=\"wp-block-buttons is-layout-flex wp-block-buttons-is-layout-flex\">\n<div class=\"wp-block-button\"><a class=\"wp-block-button__link has-text-color has-background wp-element-button\" href=\"https:\/\/www.episcopalchurch.org\/wp-content\/uploads\/2021\/07\/Spanish-Participant-Guide.pdf\" style=\"color:#ffffff;background-color:#80b742\">Descargue la gu\u00eda completa de los participantes<\/a><\/div>\n<\/div>\n<\/div>\n\n\n\n<div class=\"wp-block-column is-layout-flow wp-block-column-is-layout-flow\">\n<div class=\"wp-block-buttons is-layout-flex wp-block-buttons-is-layout-flex\">\n<div class=\"wp-block-button\"><a class=\"wp-block-button__link has-text-color has-background wp-element-button\" href=\"https:\/\/www.episcopalchurch.org\/es\/embracing-evangelism\/materiales-promocionales\/\" style=\"color:#ffffff;background-color:#80b742\">Descargue materiales promocionales<\/a><\/div>\n<\/div>\n<\/div>\n<\/div>\n\n\n\n<div class=\"wp-block-image\"><figure class=\"alignleft size-large is-resized\"><a href=\"https:\/\/www.episcopalchurch.org\/es\/evangelizando-con-entusiasmo\/\"><img loading=\"lazy\" decoding=\"async\" src=\"https:\/\/www.episcopalchurch.org\/wp-content\/uploads\/2021\/08\/Embracing_Evangelism_Logo_Spanish-1024x149.png\" alt=\"\" class=\"wp-image-251369\" width=\"768\" height=\"112\" srcset=\"https:\/\/www.episcopalchurch.org\/wp-content\/uploads\/2021\/08\/Embracing_Evangelism_Logo_Spanish-1024x149.png 1024w, https:\/\/www.episcopalchurch.org\/wp-content\/uploads\/2021\/08\/Embracing_Evangelism_Logo_Spanish-300x44.png 300w, https:\/\/www.episcopalchurch.org\/wp-content\/uploads\/2021\/08\/Embracing_Evangelism_Logo_Spanish-768x112.png 768w, https:\/\/www.episcopalchurch.org\/wp-content\/uploads\/2021\/08\/Embracing_Evangelism_Logo_Spanish-1536x224.png 1536w, https:\/\/www.episcopalchurch.org\/wp-content\/uploads\/2021\/08\/Embracing_Evangelism_Logo_Spanish-2048x299.png 2048w, https:\/\/www.episcopalchurch.org\/wp-content\/uploads\/2021\/08\/Embracing_Evangelism_Logo_Spanish-480x70.png 480w\" sizes=\"auto, (max-width: 768px) 100vw, 768px\" \/><\/a><\/figure><\/div>\n\n\n\n<p><\/p>\n","protected":false},"excerpt":{"rendered":"<p>Evangelizando con entusiasmo: un curso digital de seis partes que explora nuestro llamado a buscar, nombrar y celebrar la presencia amorosa de Jes\u00fas en las historias de todas las personas, y luego invitar a todos a m\u00e1s. Cada sesi\u00f3n presenta ense\u00f1anzas sobre la evangelizaci\u00f3n episcopal, discusiones en grupo y ejercicios para ayudar a los episcopales [&hellip;]<\/p>\n","protected":false},"author":444,"featured_media":131625,"parent":0,"menu_order":0,"comment_status":"closed","ping_status":"closed","template":"","meta":{"_acf_changed":false,"_uag_custom_page_level_css":"","_kad_blocks_custom_css":"","_kad_blocks_head_custom_js":"","_kad_blocks_body_custom_js":"","_kad_blocks_footer_custom_js":"","_kadence_starter_templates_imported_post":false,"footnotes":"","_links_to":"","_links_to_target":""},"class_list":["post-251363","page","type-page","status-publish","has-post-thumbnail","hentry"],"acf":[],"yoast_head":"<!-- This site is optimized with the Yoast SEO Premium plugin v24.6 (Yoast SEO v26.3) - https:\/\/yoast.com\/wordpress\/plugins\/seo\/ -->\n<title>Evangelizando con Entusiasmo &#8211; The Episcopal Church<\/title>\n<meta name=\"robots\" content=\"index, follow, max-snippet:-1, max-image-preview:large, max-video-preview:-1\" \/>\n<link rel=\"canonical\" href=\"https:\/\/www.episcopalchurch.org\/evangelizando-con-entusiasmo\/\" \/>\n<meta property=\"og:locale\" content=\"es_ES\" \/>\n<meta property=\"og:type\" content=\"article\" \/>\n<meta property=\"og:title\" content=\"Evangelizando con Entusiasmo\" \/>\n<meta property=\"og:description\" content=\"Evangelizando con entusiasmo: un curso digital de seis partes que explora nuestro llamado a buscar, nombrar y celebrar la presencia amorosa de Jes\u00fas en las historias de todas las personas, y luego invitar a todos a m\u00e1s. Cada sesi\u00f3n presenta ense\u00f1anzas sobre la evangelizaci\u00f3n episcopal, discusiones en grupo y ejercicios para ayudar a los episcopales [&hellip;]\" \/>\n<meta property=\"og:url\" content=\"https:\/\/www.episcopalchurch.org\/evangelizando-con-entusiasmo\/\" \/>\n<meta property=\"og:site_name\" content=\"The Episcopal Church\" \/>\n<meta property=\"article:publisher\" content=\"https:\/\/www.facebook.com\/episcopalian\" \/>\n<meta property=\"article:modified_time\" content=\"2024-10-15T19:00:20+00:00\" \/>\n<meta property=\"og:image\" content=\"https:\/\/www.episcopalchurch.org\/wp-content\/uploads\/2020\/06\/EmbracingEvangelism_Logo_500.png\" \/>\n\t<meta property=\"og:image:width\" content=\"500\" \/>\n\t<meta property=\"og:image:height\" content=\"155\" \/>\n\t<meta property=\"og:image:type\" content=\"image\/png\" \/>\n<meta name=\"twitter:card\" content=\"summary_large_image\" \/>\n<meta name=\"twitter:site\" content=\"@iamepiscopalian\" \/>\n<meta name=\"twitter:label1\" content=\"Est. reading time\" \/>\n\t<meta name=\"twitter:data1\" content=\"2 minutes\" \/>\n<script type=\"application\/ld+json\" class=\"yoast-schema-graph\">{\"@context\":\"https:\/\/schema.org\",\"@graph\":[{\"@type\":\"WebPage\",\"@id\":\"https:\/\/www.episcopalchurch.org\/evangelizando-con-entusiasmo\/\",\"url\":\"https:\/\/www.episcopalchurch.org\/evangelizando-con-entusiasmo\/\",\"name\":\"Evangelizando con Entusiasmo &#8211; The Episcopal Church\",\"isPartOf\":{\"@id\":\"https:\/\/www.episcopalchurch.org\/#website\"},\"primaryImageOfPage\":{\"@id\":\"https:\/\/www.episcopalchurch.org\/evangelizando-con-entusiasmo\/#primaryimage\"},\"image\":{\"@id\":\"https:\/\/www.episcopalchurch.org\/evangelizando-con-entusiasmo\/#primaryimage\"},\"thumbnailUrl\":\"https:\/\/www.episcopalchurch.org\/wp-content\/uploads\/2020\/06\/EmbracingEvangelism_Logo_500.png\",\"datePublished\":\"2020-01-16T19:23:40+00:00\",\"dateModified\":\"2024-10-15T19:00:20+00:00\",\"breadcrumb\":{\"@id\":\"https:\/\/www.episcopalchurch.org\/evangelizando-con-entusiasmo\/#breadcrumb\"},\"inLanguage\":\"es-ES\",\"potentialAction\":[{\"@type\":\"ReadAction\",\"target\":[\"https:\/\/www.episcopalchurch.org\/evangelizando-con-entusiasmo\/\"]}]},{\"@type\":\"ImageObject\",\"inLanguage\":\"es-ES\",\"@id\":\"https:\/\/www.episcopalchurch.org\/evangelizando-con-entusiasmo\/#primaryimage\",\"url\":\"https:\/\/www.episcopalchurch.org\/wp-content\/uploads\/2020\/06\/EmbracingEvangelism_Logo_500.png\",\"contentUrl\":\"https:\/\/www.episcopalchurch.org\/wp-content\/uploads\/2020\/06\/EmbracingEvangelism_Logo_500.png\",\"width\":500,\"height\":155},{\"@type\":\"BreadcrumbList\",\"@id\":\"https:\/\/www.episcopalchurch.org\/evangelizando-con-entusiasmo\/#breadcrumb\",\"itemListElement\":[{\"@type\":\"ListItem\",\"position\":1,\"name\":\"Home\",\"item\":\"https:\/\/www.episcopalchurch.org\/\"},{\"@type\":\"ListItem\",\"position\":2,\"name\":\"Evangelizando con Entusiasmo\"}]},{\"@type\":\"WebSite\",\"@id\":\"https:\/\/www.episcopalchurch.org\/#website\",\"url\":\"https:\/\/www.episcopalchurch.org\/\",\"name\":\"The Episcopal Church\",\"description\":\"Welcomes You\",\"publisher\":{\"@id\":\"https:\/\/www.episcopalchurch.org\/#organization\"},\"potentialAction\":[{\"@type\":\"SearchAction\",\"target\":{\"@type\":\"EntryPoint\",\"urlTemplate\":\"https:\/\/www.episcopalchurch.org\/?s={search_term_string}\"},\"query-input\":{\"@type\":\"PropertyValueSpecification\",\"valueRequired\":true,\"valueName\":\"search_term_string\"}}],\"inLanguage\":\"es-ES\"},{\"@type\":\"Organization\",\"@id\":\"https:\/\/www.episcopalchurch.org\/#organization\",\"name\":\"The Episcopal Church\",\"url\":\"https:\/\/www.episcopalchurch.org\/\",\"logo\":{\"@type\":\"ImageObject\",\"inLanguage\":\"es-ES\",\"@id\":\"https:\/\/www.episcopalchurch.org\/#\/schema\/logo\/image\/\",\"url\":\"https:\/\/www.episcopalchurch.org\/wp-content\/uploads\/2021\/01\/vertical_episcopal_logo.jpg\",\"contentUrl\":\"https:\/\/www.episcopalchurch.org\/wp-content\/uploads\/2021\/01\/vertical_episcopal_logo.jpg\",\"width\":770,\"height\":662,\"caption\":\"The Episcopal Church\"},\"image\":{\"@id\":\"https:\/\/www.episcopalchurch.org\/#\/schema\/logo\/image\/\"},\"sameAs\":[\"https:\/\/www.facebook.com\/episcopalian\",\"https:\/\/x.com\/iamepiscopalian\",\"https:\/\/www.youtube.com\/channel\/UCdVJpxCtK41c_-p6EaE4_2A\"]}]}<\/script>\n<!-- \/ Yoast SEO Premium plugin. -->","yoast_head_json":{"title":"Evangelizando con Entusiasmo &#8211; The Episcopal Church","robots":{"index":"index","follow":"follow","max-snippet":"max-snippet:-1","max-image-preview":"max-image-preview:large","max-video-preview":"max-video-preview:-1"},"canonical":"https:\/\/www.episcopalchurch.org\/evangelizando-con-entusiasmo\/","og_locale":"es_ES","og_type":"article","og_title":"Evangelizando con Entusiasmo","og_description":"Evangelizando con entusiasmo: un curso digital de seis partes que explora nuestro llamado a buscar, nombrar y celebrar la presencia amorosa de Jes\u00fas en las historias de todas las personas, y luego invitar a todos a m\u00e1s. Cada sesi\u00f3n presenta ense\u00f1anzas sobre la evangelizaci\u00f3n episcopal, discusiones en grupo y ejercicios para ayudar a los episcopales [&hellip;]","og_url":"https:\/\/www.episcopalchurch.org\/evangelizando-con-entusiasmo\/","og_site_name":"The Episcopal Church","article_publisher":"https:\/\/www.facebook.com\/episcopalian","article_modified_time":"2024-10-15T19:00:20+00:00","og_image":[{"width":500,"height":155,"url":"https:\/\/www.episcopalchurch.org\/wp-content\/uploads\/2020\/06\/EmbracingEvangelism_Logo_500.png","type":"image\/png"}],"twitter_card":"summary_large_image","twitter_site":"@iamepiscopalian","twitter_misc":{"Est. reading time":"2 minutes"},"schema":{"@context":"https:\/\/schema.org","@graph":[{"@type":"WebPage","@id":"https:\/\/www.episcopalchurch.org\/evangelizando-con-entusiasmo\/","url":"https:\/\/www.episcopalchurch.org\/evangelizando-con-entusiasmo\/","name":"Evangelizando con Entusiasmo &#8211; The Episcopal Church","isPartOf":{"@id":"https:\/\/www.episcopalchurch.org\/#website"},"primaryImageOfPage":{"@id":"https:\/\/www.episcopalchurch.org\/evangelizando-con-entusiasmo\/#primaryimage"},"image":{"@id":"https:\/\/www.episcopalchurch.org\/evangelizando-con-entusiasmo\/#primaryimage"},"thumbnailUrl":"https:\/\/www.episcopalchurch.org\/wp-content\/uploads\/2020\/06\/EmbracingEvangelism_Logo_500.png","datePublished":"2020-01-16T19:23:40+00:00","dateModified":"2024-10-15T19:00:20+00:00","breadcrumb":{"@id":"https:\/\/www.episcopalchurch.org\/evangelizando-con-entusiasmo\/#breadcrumb"},"inLanguage":"es-ES","potentialAction":[{"@type":"ReadAction","target":["https:\/\/www.episcopalchurch.org\/evangelizando-con-entusiasmo\/"]}]},{"@type":"ImageObject","inLanguage":"es-ES","@id":"https:\/\/www.episcopalchurch.org\/evangelizando-con-entusiasmo\/#primaryimage","url":"https:\/\/www.episcopalchurch.org\/wp-content\/uploads\/2020\/06\/EmbracingEvangelism_Logo_500.png","contentUrl":"https:\/\/www.episcopalchurch.org\/wp-content\/uploads\/2020\/06\/EmbracingEvangelism_Logo_500.png","width":500,"height":155},{"@type":"BreadcrumbList","@id":"https:\/\/www.episcopalchurch.org\/evangelizando-con-entusiasmo\/#breadcrumb","itemListElement":[{"@type":"ListItem","position":1,"name":"Home","item":"https:\/\/www.episcopalchurch.org\/"},{"@type":"ListItem","position":2,"name":"Evangelizando con Entusiasmo"}]},{"@type":"WebSite","@id":"https:\/\/www.episcopalchurch.org\/#website","url":"https:\/\/www.episcopalchurch.org\/","name":"The Episcopal Church","description":"Welcomes You","publisher":{"@id":"https:\/\/www.episcopalchurch.org\/#organization"},"potentialAction":[{"@type":"SearchAction","target":{"@type":"EntryPoint","urlTemplate":"https:\/\/www.episcopalchurch.org\/?s={search_term_string}"},"query-input":{"@type":"PropertyValueSpecification","valueRequired":true,"valueName":"search_term_string"}}],"inLanguage":"es-ES"},{"@type":"Organization","@id":"https:\/\/www.episcopalchurch.org\/#organization","name":"The Episcopal Church","url":"https:\/\/www.episcopalchurch.org\/","logo":{"@type":"ImageObject","inLanguage":"es-ES","@id":"https:\/\/www.episcopalchurch.org\/#\/schema\/logo\/image\/","url":"https:\/\/www.episcopalchurch.org\/wp-content\/uploads\/2021\/01\/vertical_episcopal_logo.jpg","contentUrl":"https:\/\/www.episcopalchurch.org\/wp-content\/uploads\/2021\/01\/vertical_episcopal_logo.jpg","width":770,"height":662,"caption":"The Episcopal Church"},"image":{"@id":"https:\/\/www.episcopalchurch.org\/#\/schema\/logo\/image\/"},"sameAs":["https:\/\/www.facebook.com\/episcopalian","https:\/\/x.com\/iamepiscopalian","https:\/\/www.youtube.com\/channel\/UCdVJpxCtK41c_-p6EaE4_2A"]}]}},"taxonomy_info":[],"featured_image_src_large":["https:\/\/www.episcopalchurch.org\/wp-content\/uploads\/2020\/06\/EmbracingEvangelism_Logo_500.png",500,155,false],"author_info":{"display_name":"wwedderburn","author_link":"https:\/\/www.episcopalchurch.org\/es\/author\/wwedderburn\/"},"comment_info":"","uagb_featured_image_src":{"full":["https:\/\/www.episcopalchurch.org\/wp-content\/uploads\/2020\/06\/EmbracingEvangelism_Logo_500.png",500,155,false],"thumbnail":["https:\/\/www.episcopalchurch.org\/wp-content\/uploads\/2020\/06\/EmbracingEvangelism_Logo_500-150x150.png",150,150,true],"medium":["https:\/\/www.episcopalchurch.org\/wp-content\/uploads\/2020\/06\/EmbracingEvangelism_Logo_500-300x93.png",300,93,true],"medium_large":["https:\/\/www.episcopalchurch.org\/wp-content\/uploads\/2020\/06\/EmbracingEvangelism_Logo_500.png",500,155,false],"large":["https:\/\/www.episcopalchurch.org\/wp-content\/uploads\/2020\/06\/EmbracingEvangelism_Logo_500.png",500,155,false],"1536x1536":["https:\/\/www.episcopalchurch.org\/wp-content\/uploads\/2020\/06\/EmbracingEvangelism_Logo_500.png",500,155,false],"2048x2048":["https:\/\/www.episcopalchurch.org\/wp-content\/uploads\/2020\/06\/EmbracingEvangelism_Logo_500.png",500,155,false],"menu":["https:\/\/www.episcopalchurch.org\/wp-content\/uploads\/2020\/06\/EmbracingEvangelism_Logo_500-330x155.png",330,155,true],"hero":["https:\/\/www.episcopalchurch.org\/wp-content\/uploads\/2020\/06\/EmbracingEvangelism_Logo_500.png",500,155,false],"callout-image":["https:\/\/www.episcopalchurch.org\/wp-content\/uploads\/2020\/06\/EmbracingEvangelism_Logo_500-480x149.png",480,149,true]},"uagb_author_info":{"display_name":"wwedderburn","author_link":"https:\/\/www.episcopalchurch.org\/es\/author\/wwedderburn\/"},"uagb_comment_info":0,"uagb_excerpt":"Evangelizando con entusiasmo: un curso digital de seis partes que explora nuestro llamado a buscar, nombrar y celebrar la presencia amorosa de Jes\u00fas en las historias de todas las personas, y luego invitar a todos a m\u00e1s. Cada sesi\u00f3n presenta ense\u00f1anzas sobre la evangelizaci\u00f3n episcopal, discusiones en grupo y ejercicios para ayudar a los episcopales&hellip;","_links":{"self":[{"href":"https:\/\/www.episcopalchurch.org\/es\/wp-json\/wp\/v2\/pages\/251363","targetHints":{"allow":["GET"]}}],"collection":[{"href":"https:\/\/www.episcopalchurch.org\/es\/wp-json\/wp\/v2\/pages"}],"about":[{"href":"https:\/\/www.episcopalchurch.org\/es\/wp-json\/wp\/v2\/types\/page"}],"author":[{"embeddable":true,"href":"https:\/\/www.episcopalchurch.org\/es\/wp-json\/wp\/v2\/users\/444"}],"replies":[{"embeddable":true,"href":"https:\/\/www.episcopalchurch.org\/es\/wp-json\/wp\/v2\/comments?post=251363"}],"version-history":[{"count":0,"href":"https:\/\/www.episcopalchurch.org\/es\/wp-json\/wp\/v2\/pages\/251363\/revisions"}],"wp:featuredmedia":[{"embeddable":true,"href":"https:\/\/www.episcopalchurch.org\/es\/wp-json\/wp\/v2\/media\/131625"}],"wp:attachment":[{"href":"https:\/\/www.episcopalchurch.org\/es\/wp-json\/wp\/v2\/media?parent=251363"}],"curies":[{"name":"wp","href":"https:\/\/api.w.org\/{rel}","templated":true}]}}