{"id":251397,"date":"2020-01-15T05:14:50","date_gmt":"2020-01-15T05:14:50","guid":{"rendered":"https:\/\/www.episcopalchurch.org\/evangelizando-con-entusiasmo\/how-to-use\/"},"modified":"2024-10-15T15:00:18","modified_gmt":"2024-10-15T19:00:18","slug":"como-usar","status":"publish","type":"page","link":"https:\/\/www.episcopalchurch.org\/es\/evangelizando-con-entusiasmo\/como-usar\/","title":{"rendered":"C\u00f3mo usar Evangelizando con entusiasmo"},"content":{"rendered":"    <div\n      class=\"wp-block-episcopal-hero-banner alignfull\"\n            style=\"background-image: url(https:\/\/www.episcopalchurch.org\/wp-content\/uploads\/2024\/10\/IMG_4993-scaled.jpg)\"\n          >\n      <div\n        class=\"hero-banner\"\n      >\n        <div class=\"hero-banner-wrapper\">\n          <h1 class=\"episcopal-hero-title\">\n                          Evangelizando con entusiasmo                      <\/h1>\n          \n                  <\/div>\n      <\/div>\n    <\/div>\n\n  \n\n\n<div class=\"wp-block-buttons is-layout-flex wp-block-buttons-is-layout-flex\">\n<div class=\"wp-block-button\"><a class=\"wp-block-button__link has-green-background-color has-background\" href=\"https:\/\/www.episcopalchurch.org\/es\/evangelizando-con-entusiasmo\/\">P\u00e1gina Principal<\/a><\/div>\n\n\n\n<div class=\"wp-block-button\"><a class=\"wp-block-button__link has-green-background-color has-background\" href=\"https:\/\/www.episcopalchurch.org\/es\/evangelizando-con-entusiasmo\/como-usar\/\">C\u00f3mo usar Evangelizando con entusiasmo<\/a><\/div>\n\n\n\n<div class=\"wp-block-button\"><a class=\"wp-block-button__link has-green-background-color has-background\" href=\"https:\/\/www.episcopalchurch.org\/es\/evangelizando-con-entusiasmo\/sesiones\/\">Sesiones<\/a><\/div>\n\n\n\n<div class=\"wp-block-button\"><a class=\"wp-block-button__link has-green-background-color has-background\" href=\"https:\/\/www.episcopalchurch.org\/es\/evangelizando-con-entusiasmo\/participantes\/\">Participantes<\/a><\/div>\n<\/div>\n\n\n\n<h2 class=\"wp-block-heading\" id=\"h-como-usar-nbsp-evangelizando-con-entusiasmo\">C\u00f3mo usar&nbsp;<em>Evangelizando con entusiasmo<\/em><\/h2>\n\n\n\n<p><strong>Utilice&nbsp;<em>Evangelizando con entusiasmo<\/em>&nbsp;digitalmente<\/strong>: debido a que estas sesiones est\u00e1n isponibles para transmisi\u00f3n y descarga, puede compartirlas a trav\u00e9s de plataformas de reuniones grupales como Zoom o Google Classroom. En este entorno, los l\u00edderes pueden optar por renunciar a los ejercicios de grupos peque\u00f1os o pueden utilizar funciones de grupos separados dentro de sus plataformas de reuni\u00f3n.&nbsp;<a href=\"https:\/\/www.episcopalchurch.org\/embracing-evangelism\/webinar\/\"><strong>Pulse aqu\u00ed para ver un seminario web<\/strong><\/a>&nbsp;que detalla c\u00f3mo su peque\u00f1o grupo o congregaci\u00f3n podr\u00eda usar la serie en l\u00ednea.<\/p>\n\n\n<div class=\"wp-block-image\">\n<figure class=\"alignright size-large is-resized\"><img loading=\"lazy\" decoding=\"async\" width=\"1024\" height=\"683\" src=\"https:\/\/www.episcopalchurch.org\/wp-content\/uploads\/2020\/06\/2_0-1024x683.jpg\" alt=\"\" class=\"wp-image-131613\" style=\"width:463px;height:308px\" srcset=\"https:\/\/www.episcopalchurch.org\/wp-content\/uploads\/2020\/06\/2_0-1024x683.jpg 1024w, https:\/\/www.episcopalchurch.org\/wp-content\/uploads\/2020\/06\/2_0-300x200.jpg 300w, https:\/\/www.episcopalchurch.org\/wp-content\/uploads\/2020\/06\/2_0-768x512.jpg 768w, https:\/\/www.episcopalchurch.org\/wp-content\/uploads\/2020\/06\/2_0-1536x1024.jpg 1536w, https:\/\/www.episcopalchurch.org\/wp-content\/uploads\/2020\/06\/2_0-2048x1365.jpg 2048w, https:\/\/www.episcopalchurch.org\/wp-content\/uploads\/2020\/06\/2_0-480x320.jpg 480w\" sizes=\"auto, (max-width: 1024px) 100vw, 1024px\" \/><\/figure><\/div>\n\n\n<p><strong>Utilice<\/strong>&nbsp;<strong><em>Evangelizando con entusiasmo<\/em>&nbsp;con su peque\u00f1o grupo de discipulado<\/strong>: Los grupos peque\u00f1os en hogares o iglesias pueden descargar los videos o transmitirlos desde nuestro sitio web. Los grupos encontrar\u00e1n un amplio contenido para debates y opciones de asignaci\u00f3n de tareas en las que los participantes pueden trabajar entre reuniones. Fomentamos la coordinaci\u00f3n del liderazgo rotatorio entre los miembros. Las gu\u00edas del coordinador y del participante pueden utilizarse en formato digital o impreso.<\/p>\n\n\n\n<p><strong>Utilice<\/strong><em>&nbsp;<strong>Evangelizando con entusiasmo en un retiro:<\/strong>&nbsp;<\/em>Las comunidades, congregaciones y di\u00f3cesis pueden realizar retiros de uno o dos d\u00edas utilizando las seis sesiones, junto con las gu\u00edas del coordinador y del participante.<\/p>\n\n\n\n<div class=\"wp-block-file\"><a id=\"wp-block-file--media-86c11e7f-0030-4c4d-913e-8f78342ecf26\" href=\"https:\/\/www.episcopalchurch.org\/wp-content\/uploads\/2021\/07\/SP-Retreat-Schedule.docx\"><strong><strong>Ejemplo de horario de retiro<\/strong><\/strong><\/a><a href=\"https:\/\/www.episcopalchurch.org\/wp-content\/uploads\/2021\/07\/SP-Retreat-Schedule.docx\" class=\"wp-block-file__button wp-element-button\" download aria-describedby=\"wp-block-file--media-86c11e7f-0030-4c4d-913e-8f78342ecf26\">Descargar<\/a><\/div>\n\n\n\n<p><strong>Utilice<em>&nbsp;Evangelizando con entusiasmo<\/em>&nbsp;con las redes sociales y la publicidad<\/strong>: <a href=\"https:\/\/www.episcopalchurch.org\/es\/embracing-evangelism\/materiales-promocionales\/\"><strong>descargue gr\u00e1ficos<\/strong><\/a> ajustados a las redes sociales, pies de fotos que se sugieren y un volante promocional para su peque\u00f1o grupo o congregaci\u00f3n.<\/p>\n\n\n\n<figure class=\"wp-block-embed is-type-wp-embed is-provider-wistia-inc wp-block-embed-wistia-inc\"><div class=\"wp-block-embed__wrapper\">\n<div class=\"embed-container\"><iframe loading=\"lazy\" class=\"wp-embedded-content\" sandbox=\"allow-scripts\" security=\"restricted\" title=\"Embracing Evangelism Trailer Video\" src=\"https:\/\/fast.wistia.net\/embed\/iframe\/pivwgf8u9y?dnt=1#?secret=QrTpxorkiY\" data-secret=\"QrTpxorkiY\" frameborder=\"0\" scrolling=\"no\" width=\"500\" height=\"281\"><\/iframe><\/div>\n<\/div><\/figure>\n\n\n\n<div class=\"wp-block-image\"><figure class=\"alignleft size-large is-resized\"><a href=\"https:\/\/www.episcopalchurch.org\/es\/evangelizando-con-entusiasmo\/\"><img loading=\"lazy\" decoding=\"async\" src=\"https:\/\/www.episcopalchurch.org\/wp-content\/uploads\/2021\/08\/Embracing_Evangelism_Logo_Spanish-1024x149.png\" alt=\"\" class=\"wp-image-251369\" width=\"768\" height=\"112\" srcset=\"https:\/\/www.episcopalchurch.org\/wp-content\/uploads\/2021\/08\/Embracing_Evangelism_Logo_Spanish-1024x149.png 1024w, https:\/\/www.episcopalchurch.org\/wp-content\/uploads\/2021\/08\/Embracing_Evangelism_Logo_Spanish-300x44.png 300w, https:\/\/www.episcopalchurch.org\/wp-content\/uploads\/2021\/08\/Embracing_Evangelism_Logo_Spanish-768x112.png 768w, https:\/\/www.episcopalchurch.org\/wp-content\/uploads\/2021\/08\/Embracing_Evangelism_Logo_Spanish-1536x224.png 1536w, https:\/\/www.episcopalchurch.org\/wp-content\/uploads\/2021\/08\/Embracing_Evangelism_Logo_Spanish-2048x299.png 2048w, https:\/\/www.episcopalchurch.org\/wp-content\/uploads\/2021\/08\/Embracing_Evangelism_Logo_Spanish-480x70.png 480w\" sizes=\"auto, (max-width: 768px) 100vw, 768px\" \/><\/a><\/figure><\/div>\n","protected":false},"excerpt":{"rendered":"<p>C\u00f3mo usar&nbsp;Evangelizando con entusiasmo Utilice&nbsp;Evangelizando con entusiasmo&nbsp;digitalmente: debido a que estas sesiones est\u00e1n isponibles para transmisi\u00f3n y descarga, puede compartirlas a trav\u00e9s de plataformas de reuniones grupales como Zoom o Google Classroom. En este entorno, los l\u00edderes pueden optar por renunciar a los ejercicios de grupos peque\u00f1os o pueden utilizar funciones de grupos separados dentro [&hellip;]<\/p>\n","protected":false},"author":444,"featured_media":131625,"parent":251363,"menu_order":0,"comment_status":"closed","ping_status":"closed","template":"","meta":{"_acf_changed":false,"_uag_custom_page_level_css":"","_kad_blocks_custom_css":"","_kad_blocks_head_custom_js":"","_kad_blocks_body_custom_js":"","_kad_blocks_footer_custom_js":"","_kadence_starter_templates_imported_post":false,"footnotes":"","_links_to":"","_links_to_target":""},"class_list":["post-251397","page","type-page","status-publish","has-post-thumbnail","hentry"],"acf":[],"yoast_head":"<!-- This site is optimized with the Yoast SEO Premium plugin v24.6 (Yoast SEO v26.3) - https:\/\/yoast.com\/wordpress\/plugins\/seo\/ -->\n<title>C\u00f3mo usar Evangelizando con entusiasmo &#8211; The Episcopal Church<\/title>\n<meta name=\"robots\" content=\"index, follow, max-snippet:-1, max-image-preview:large, max-video-preview:-1\" \/>\n<link rel=\"canonical\" href=\"https:\/\/www.episcopalchurch.org\/es\/evangelizando-con-entusiasmo\/como-usar\/\" \/>\n<meta property=\"og:locale\" content=\"es_ES\" \/>\n<meta property=\"og:type\" content=\"article\" \/>\n<meta property=\"og:title\" content=\"C\u00f3mo usar Evangelizando con entusiasmo\" \/>\n<meta property=\"og:description\" content=\"C\u00f3mo usar&nbsp;Evangelizando con entusiasmo Utilice&nbsp;Evangelizando con entusiasmo&nbsp;digitalmente: debido a que estas sesiones est\u00e1n isponibles para transmisi\u00f3n y descarga, puede compartirlas a trav\u00e9s de plataformas de reuniones grupales como Zoom o Google Classroom. En este entorno, los l\u00edderes pueden optar por renunciar a los ejercicios de grupos peque\u00f1os o pueden utilizar funciones de grupos separados dentro [&hellip;]\" \/>\n<meta property=\"og:url\" content=\"https:\/\/www.episcopalchurch.org\/es\/evangelizando-con-entusiasmo\/como-usar\/\" \/>\n<meta property=\"og:site_name\" content=\"The Episcopal Church\" \/>\n<meta property=\"article:publisher\" content=\"https:\/\/www.facebook.com\/episcopalian\" \/>\n<meta property=\"article:modified_time\" content=\"2024-10-15T19:00:18+00:00\" \/>\n<meta property=\"og:image\" content=\"https:\/\/www.episcopalchurch.org\/wp-content\/uploads\/2020\/06\/EmbracingEvangelism_Logo_500.png\" \/>\n\t<meta property=\"og:image:width\" content=\"500\" \/>\n\t<meta property=\"og:image:height\" content=\"155\" \/>\n\t<meta property=\"og:image:type\" content=\"image\/png\" \/>\n<meta name=\"twitter:card\" content=\"summary_large_image\" \/>\n<meta name=\"twitter:site\" content=\"@iamepiscopalian\" \/>\n<meta name=\"twitter:label1\" content=\"Est. reading time\" \/>\n\t<meta name=\"twitter:data1\" content=\"2 minutes\" \/>\n<script type=\"application\/ld+json\" class=\"yoast-schema-graph\">{\"@context\":\"https:\/\/schema.org\",\"@graph\":[{\"@type\":\"WebPage\",\"@id\":\"https:\/\/www.episcopalchurch.org\/es\/evangelizando-con-entusiasmo\/como-usar\/\",\"url\":\"https:\/\/www.episcopalchurch.org\/es\/evangelizando-con-entusiasmo\/como-usar\/\",\"name\":\"C\u00f3mo usar Evangelizando con entusiasmo &#8211; The Episcopal Church\",\"isPartOf\":{\"@id\":\"https:\/\/www.episcopalchurch.org\/#website\"},\"primaryImageOfPage\":{\"@id\":\"https:\/\/www.episcopalchurch.org\/es\/evangelizando-con-entusiasmo\/como-usar\/#primaryimage\"},\"image\":{\"@id\":\"https:\/\/www.episcopalchurch.org\/es\/evangelizando-con-entusiasmo\/como-usar\/#primaryimage\"},\"thumbnailUrl\":\"https:\/\/www.episcopalchurch.org\/wp-content\/uploads\/2020\/06\/EmbracingEvangelism_Logo_500.png\",\"datePublished\":\"2020-01-15T05:14:50+00:00\",\"dateModified\":\"2024-10-15T19:00:18+00:00\",\"breadcrumb\":{\"@id\":\"https:\/\/www.episcopalchurch.org\/es\/evangelizando-con-entusiasmo\/como-usar\/#breadcrumb\"},\"inLanguage\":\"es-ES\",\"potentialAction\":[{\"@type\":\"ReadAction\",\"target\":[\"https:\/\/www.episcopalchurch.org\/es\/evangelizando-con-entusiasmo\/como-usar\/\"]}]},{\"@type\":\"ImageObject\",\"inLanguage\":\"es-ES\",\"@id\":\"https:\/\/www.episcopalchurch.org\/es\/evangelizando-con-entusiasmo\/como-usar\/#primaryimage\",\"url\":\"https:\/\/www.episcopalchurch.org\/wp-content\/uploads\/2020\/06\/EmbracingEvangelism_Logo_500.png\",\"contentUrl\":\"https:\/\/www.episcopalchurch.org\/wp-content\/uploads\/2020\/06\/EmbracingEvangelism_Logo_500.png\",\"width\":500,\"height\":155},{\"@type\":\"BreadcrumbList\",\"@id\":\"https:\/\/www.episcopalchurch.org\/es\/evangelizando-con-entusiasmo\/como-usar\/#breadcrumb\",\"itemListElement\":[{\"@type\":\"ListItem\",\"position\":1,\"name\":\"Home\",\"item\":\"https:\/\/www.episcopalchurch.org\/\"},{\"@type\":\"ListItem\",\"position\":2,\"name\":\"Evangelizando con Entusiasmo\",\"item\":\"https:\/\/www.episcopalchurch.org\/evangelizando-con-entusiasmo\/\"},{\"@type\":\"ListItem\",\"position\":3,\"name\":\"C\u00f3mo usar Evangelizando con entusiasmo\"}]},{\"@type\":\"WebSite\",\"@id\":\"https:\/\/www.episcopalchurch.org\/#website\",\"url\":\"https:\/\/www.episcopalchurch.org\/\",\"name\":\"The Episcopal Church\",\"description\":\"Welcomes You\",\"publisher\":{\"@id\":\"https:\/\/www.episcopalchurch.org\/#organization\"},\"potentialAction\":[{\"@type\":\"SearchAction\",\"target\":{\"@type\":\"EntryPoint\",\"urlTemplate\":\"https:\/\/www.episcopalchurch.org\/?s={search_term_string}\"},\"query-input\":{\"@type\":\"PropertyValueSpecification\",\"valueRequired\":true,\"valueName\":\"search_term_string\"}}],\"inLanguage\":\"es-ES\"},{\"@type\":\"Organization\",\"@id\":\"https:\/\/www.episcopalchurch.org\/#organization\",\"name\":\"The Episcopal Church\",\"url\":\"https:\/\/www.episcopalchurch.org\/\",\"logo\":{\"@type\":\"ImageObject\",\"inLanguage\":\"es-ES\",\"@id\":\"https:\/\/www.episcopalchurch.org\/#\/schema\/logo\/image\/\",\"url\":\"https:\/\/www.episcopalchurch.org\/wp-content\/uploads\/2021\/01\/vertical_episcopal_logo.jpg\",\"contentUrl\":\"https:\/\/www.episcopalchurch.org\/wp-content\/uploads\/2021\/01\/vertical_episcopal_logo.jpg\",\"width\":770,\"height\":662,\"caption\":\"The Episcopal Church\"},\"image\":{\"@id\":\"https:\/\/www.episcopalchurch.org\/#\/schema\/logo\/image\/\"},\"sameAs\":[\"https:\/\/www.facebook.com\/episcopalian\",\"https:\/\/x.com\/iamepiscopalian\",\"https:\/\/www.youtube.com\/channel\/UCdVJpxCtK41c_-p6EaE4_2A\"]}]}<\/script>\n<!-- \/ Yoast SEO Premium plugin. -->","yoast_head_json":{"title":"C\u00f3mo usar Evangelizando con entusiasmo &#8211; The Episcopal Church","robots":{"index":"index","follow":"follow","max-snippet":"max-snippet:-1","max-image-preview":"max-image-preview:large","max-video-preview":"max-video-preview:-1"},"canonical":"https:\/\/www.episcopalchurch.org\/es\/evangelizando-con-entusiasmo\/como-usar\/","og_locale":"es_ES","og_type":"article","og_title":"C\u00f3mo usar Evangelizando con entusiasmo","og_description":"C\u00f3mo usar&nbsp;Evangelizando con entusiasmo Utilice&nbsp;Evangelizando con entusiasmo&nbsp;digitalmente: debido a que estas sesiones est\u00e1n isponibles para transmisi\u00f3n y descarga, puede compartirlas a trav\u00e9s de plataformas de reuniones grupales como Zoom o Google Classroom. En este entorno, los l\u00edderes pueden optar por renunciar a los ejercicios de grupos peque\u00f1os o pueden utilizar funciones de grupos separados dentro [&hellip;]","og_url":"https:\/\/www.episcopalchurch.org\/es\/evangelizando-con-entusiasmo\/como-usar\/","og_site_name":"The Episcopal Church","article_publisher":"https:\/\/www.facebook.com\/episcopalian","article_modified_time":"2024-10-15T19:00:18+00:00","og_image":[{"width":500,"height":155,"url":"https:\/\/www.episcopalchurch.org\/wp-content\/uploads\/2020\/06\/EmbracingEvangelism_Logo_500.png","type":"image\/png"}],"twitter_card":"summary_large_image","twitter_site":"@iamepiscopalian","twitter_misc":{"Est. reading time":"2 minutes"},"schema":{"@context":"https:\/\/schema.org","@graph":[{"@type":"WebPage","@id":"https:\/\/www.episcopalchurch.org\/es\/evangelizando-con-entusiasmo\/como-usar\/","url":"https:\/\/www.episcopalchurch.org\/es\/evangelizando-con-entusiasmo\/como-usar\/","name":"C\u00f3mo usar Evangelizando con entusiasmo &#8211; The Episcopal Church","isPartOf":{"@id":"https:\/\/www.episcopalchurch.org\/#website"},"primaryImageOfPage":{"@id":"https:\/\/www.episcopalchurch.org\/es\/evangelizando-con-entusiasmo\/como-usar\/#primaryimage"},"image":{"@id":"https:\/\/www.episcopalchurch.org\/es\/evangelizando-con-entusiasmo\/como-usar\/#primaryimage"},"thumbnailUrl":"https:\/\/www.episcopalchurch.org\/wp-content\/uploads\/2020\/06\/EmbracingEvangelism_Logo_500.png","datePublished":"2020-01-15T05:14:50+00:00","dateModified":"2024-10-15T19:00:18+00:00","breadcrumb":{"@id":"https:\/\/www.episcopalchurch.org\/es\/evangelizando-con-entusiasmo\/como-usar\/#breadcrumb"},"inLanguage":"es-ES","potentialAction":[{"@type":"ReadAction","target":["https:\/\/www.episcopalchurch.org\/es\/evangelizando-con-entusiasmo\/como-usar\/"]}]},{"@type":"ImageObject","inLanguage":"es-ES","@id":"https:\/\/www.episcopalchurch.org\/es\/evangelizando-con-entusiasmo\/como-usar\/#primaryimage","url":"https:\/\/www.episcopalchurch.org\/wp-content\/uploads\/2020\/06\/EmbracingEvangelism_Logo_500.png","contentUrl":"https:\/\/www.episcopalchurch.org\/wp-content\/uploads\/2020\/06\/EmbracingEvangelism_Logo_500.png","width":500,"height":155},{"@type":"BreadcrumbList","@id":"https:\/\/www.episcopalchurch.org\/es\/evangelizando-con-entusiasmo\/como-usar\/#breadcrumb","itemListElement":[{"@type":"ListItem","position":1,"name":"Home","item":"https:\/\/www.episcopalchurch.org\/"},{"@type":"ListItem","position":2,"name":"Evangelizando con Entusiasmo","item":"https:\/\/www.episcopalchurch.org\/evangelizando-con-entusiasmo\/"},{"@type":"ListItem","position":3,"name":"C\u00f3mo usar Evangelizando con entusiasmo"}]},{"@type":"WebSite","@id":"https:\/\/www.episcopalchurch.org\/#website","url":"https:\/\/www.episcopalchurch.org\/","name":"The Episcopal Church","description":"Welcomes You","publisher":{"@id":"https:\/\/www.episcopalchurch.org\/#organization"},"potentialAction":[{"@type":"SearchAction","target":{"@type":"EntryPoint","urlTemplate":"https:\/\/www.episcopalchurch.org\/?s={search_term_string}"},"query-input":{"@type":"PropertyValueSpecification","valueRequired":true,"valueName":"search_term_string"}}],"inLanguage":"es-ES"},{"@type":"Organization","@id":"https:\/\/www.episcopalchurch.org\/#organization","name":"The Episcopal Church","url":"https:\/\/www.episcopalchurch.org\/","logo":{"@type":"ImageObject","inLanguage":"es-ES","@id":"https:\/\/www.episcopalchurch.org\/#\/schema\/logo\/image\/","url":"https:\/\/www.episcopalchurch.org\/wp-content\/uploads\/2021\/01\/vertical_episcopal_logo.jpg","contentUrl":"https:\/\/www.episcopalchurch.org\/wp-content\/uploads\/2021\/01\/vertical_episcopal_logo.jpg","width":770,"height":662,"caption":"The Episcopal Church"},"image":{"@id":"https:\/\/www.episcopalchurch.org\/#\/schema\/logo\/image\/"},"sameAs":["https:\/\/www.facebook.com\/episcopalian","https:\/\/x.com\/iamepiscopalian","https:\/\/www.youtube.com\/channel\/UCdVJpxCtK41c_-p6EaE4_2A"]}]}},"taxonomy_info":[],"featured_image_src_large":["https:\/\/www.episcopalchurch.org\/wp-content\/uploads\/2020\/06\/EmbracingEvangelism_Logo_500.png",500,155,false],"author_info":{"display_name":"wwedderburn","author_link":"https:\/\/www.episcopalchurch.org\/es\/author\/wwedderburn\/"},"comment_info":"","uagb_featured_image_src":{"full":["https:\/\/www.episcopalchurch.org\/wp-content\/uploads\/2020\/06\/EmbracingEvangelism_Logo_500.png",500,155,false],"thumbnail":["https:\/\/www.episcopalchurch.org\/wp-content\/uploads\/2020\/06\/EmbracingEvangelism_Logo_500-150x150.png",150,150,true],"medium":["https:\/\/www.episcopalchurch.org\/wp-content\/uploads\/2020\/06\/EmbracingEvangelism_Logo_500-300x93.png",300,93,true],"medium_large":["https:\/\/www.episcopalchurch.org\/wp-content\/uploads\/2020\/06\/EmbracingEvangelism_Logo_500.png",500,155,false],"large":["https:\/\/www.episcopalchurch.org\/wp-content\/uploads\/2020\/06\/EmbracingEvangelism_Logo_500.png",500,155,false],"1536x1536":["https:\/\/www.episcopalchurch.org\/wp-content\/uploads\/2020\/06\/EmbracingEvangelism_Logo_500.png",500,155,false],"2048x2048":["https:\/\/www.episcopalchurch.org\/wp-content\/uploads\/2020\/06\/EmbracingEvangelism_Logo_500.png",500,155,false],"menu":["https:\/\/www.episcopalchurch.org\/wp-content\/uploads\/2020\/06\/EmbracingEvangelism_Logo_500-330x155.png",330,155,true],"hero":["https:\/\/www.episcopalchurch.org\/wp-content\/uploads\/2020\/06\/EmbracingEvangelism_Logo_500.png",500,155,false],"callout-image":["https:\/\/www.episcopalchurch.org\/wp-content\/uploads\/2020\/06\/EmbracingEvangelism_Logo_500-480x149.png",480,149,true]},"uagb_author_info":{"display_name":"wwedderburn","author_link":"https:\/\/www.episcopalchurch.org\/es\/author\/wwedderburn\/"},"uagb_comment_info":0,"uagb_excerpt":"C\u00f3mo usar&nbsp;Evangelizando con entusiasmo Utilice&nbsp;Evangelizando con entusiasmo&nbsp;digitalmente: debido a que estas sesiones est\u00e1n isponibles para transmisi\u00f3n y descarga, puede compartirlas a trav\u00e9s de plataformas de reuniones grupales como Zoom o Google Classroom. En este entorno, los l\u00edderes pueden optar por renunciar a los ejercicios de grupos peque\u00f1os o pueden utilizar funciones de grupos separados dentro&hellip;","_links":{"self":[{"href":"https:\/\/www.episcopalchurch.org\/es\/wp-json\/wp\/v2\/pages\/251397","targetHints":{"allow":["GET"]}}],"collection":[{"href":"https:\/\/www.episcopalchurch.org\/es\/wp-json\/wp\/v2\/pages"}],"about":[{"href":"https:\/\/www.episcopalchurch.org\/es\/wp-json\/wp\/v2\/types\/page"}],"author":[{"embeddable":true,"href":"https:\/\/www.episcopalchurch.org\/es\/wp-json\/wp\/v2\/users\/444"}],"replies":[{"embeddable":true,"href":"https:\/\/www.episcopalchurch.org\/es\/wp-json\/wp\/v2\/comments?post=251397"}],"version-history":[{"count":0,"href":"https:\/\/www.episcopalchurch.org\/es\/wp-json\/wp\/v2\/pages\/251397\/revisions"}],"up":[{"embeddable":true,"href":"https:\/\/www.episcopalchurch.org\/es\/wp-json\/wp\/v2\/pages\/251363"}],"wp:featuredmedia":[{"embeddable":true,"href":"https:\/\/www.episcopalchurch.org\/es\/wp-json\/wp\/v2\/media\/131625"}],"wp:attachment":[{"href":"https:\/\/www.episcopalchurch.org\/es\/wp-json\/wp\/v2\/media?parent=251397"}],"curies":[{"name":"wp","href":"https:\/\/api.w.org\/{rel}","templated":true}]}}