{"id":251821,"date":"2020-07-13T13:42:39","date_gmt":"2020-07-13T17:42:39","guid":{"rendered":"https:\/\/www.episcopalchurch.org\/diocesan-assessment-waivers\/"},"modified":"2021-08-25T16:17:47","modified_gmt":"2021-08-25T20:17:47","slug":"exencion-de-evaluacion-diocesana","status":"publish","type":"page","link":"https:\/\/www.episcopalchurch.org\/es\/finance-office\/exencion-de-evaluacion-diocesana\/","title":{"rendered":"Exenci\u00f3n de evaluaci\u00f3n diocesana"},"content":{"rendered":"    <div\n      class=\"wp-block-episcopal-hero-banner alignfull\"\n            style=\"background-image: url(https:\/\/www.episcopalchurch.org\/wp-content\/uploads\/2020\/06\/finance_hero.jpg)\"\n          >\n      <div\n        class=\"hero-banner\"\n      >\n        <div class=\"hero-banner-wrapper\">\n          <h1 class=\"episcopal-hero-title\">\n                          The Finance Office                      <\/h1>\n                      <div class=\"episcopal-hero-description\">\n              Office of the Treasurer and the Office of the Controller            <\/div>\n          \n                  <\/div>\n      <\/div>\n    <\/div>\n\n  \n\n\n<h2 class=\"wp-block-heading\">Exenci\u00f3n de evaluaci\u00f3n diocesana<\/h2>\n\n\n\n<div class=\"wp-block-wp-episcopal-theme-ec-formstack\"><script type=\"text\/javascript\" src=\"https:\/\/DFMS.formstack.com\/forms\/js.php\/diocesan_assessment_waivers_in_spanish\"><\/script><noscript><a href=\"https:\/\/DFMS.formstack.com\/forms\/diocesan_assessment_waivers_in_spanish\" class=\"aligncenter p-20\"><\/a><\/noscript><\/div>\n\n\n\n<div class=\"wp-block-columns is-style-default is-layout-flex wp-container-core-columns-is-layout-9d6595d7 wp-block-columns-is-layout-flex\">\n<div class=\"wp-block-column is-layout-flow wp-block-column-is-layout-flow\">\n<figure class=\"wp-block-image size-large is-resized\"><a href=\"https:\/\/www.episcopalchurch.org\/finance-office\/\"><img loading=\"lazy\" decoding=\"async\" width=\"1024\" height=\"633\" src=\"https:\/\/www.episcopalchurch.org\/wp-content\/uploads\/2020\/07\/mark_finance-1024x633.png\" alt=\"\" class=\"wp-image-172012\" style=\"width:320px;height:197px\" srcset=\"https:\/\/www.episcopalchurch.org\/wp-content\/uploads\/2020\/07\/mark_finance-1024x633.png 1024w, https:\/\/www.episcopalchurch.org\/wp-content\/uploads\/2020\/07\/mark_finance-300x185.png 300w, https:\/\/www.episcopalchurch.org\/wp-content\/uploads\/2020\/07\/mark_finance-768x475.png 768w, https:\/\/www.episcopalchurch.org\/wp-content\/uploads\/2020\/07\/mark_finance-480x297.png 480w, https:\/\/www.episcopalchurch.org\/wp-content\/uploads\/2020\/07\/mark_finance.png 1500w\" sizes=\"auto, (max-width: 1024px) 100vw, 1024px\" \/><\/a><\/figure>\n<\/div>\n\n\n\n<div class=\"wp-block-column is-layout-flow wp-block-column-is-layout-flow\">\n<div class=\"wp-block-uagb-team uagb-team__image-position-above uagb-team__align-center uagb-team__stack-tablet uagb-block-353126cd mt-20\"><div class=\"uagb-team__content\"><h3 class=\"uagb-team__title\">Contact:<br>Christopher Lacovara<\/h3><span class=\"uagb-team__prefix\">Chief Financial Officer and Treasurer<\/span><p class=\"uagb-team__desc\"><a href=\"https:\/\/www.episcopalchurch.org\/contact-tec\/\">Click here<\/a><\/p><\/div><\/div>\n<\/div>\n\n\n\n<div class=\"wp-block-column is-layout-flow wp-block-column-is-layout-flow\"><\/div>\n<\/div>\n","protected":false},"excerpt":{"rendered":"<p>Exenci\u00f3n de evaluaci\u00f3n diocesana<\/p>\n","protected":false},"author":444,"featured_media":198566,"parent":132404,"menu_order":0,"comment_status":"closed","ping_status":"closed","template":"","meta":{"_acf_changed":false,"_uag_custom_page_level_css":"","_kad_blocks_custom_css":"","_kad_blocks_head_custom_js":"","_kad_blocks_body_custom_js":"","_kad_blocks_footer_custom_js":"","_kadence_starter_templates_imported_post":false,"footnotes":"","_links_to":"","_links_to_target":""},"class_list":["post-251821","page","type-page","status-publish","has-post-thumbnail","hentry"],"acf":[],"yoast_head":"<!-- This site is optimized with the Yoast SEO Premium plugin v24.6 (Yoast SEO v26.3) - https:\/\/yoast.com\/wordpress\/plugins\/seo\/ -->\n<title>Exenci\u00f3n de evaluaci\u00f3n diocesana &#8211; The Episcopal Church<\/title>\n<meta name=\"robots\" content=\"index, follow, max-snippet:-1, max-image-preview:large, max-video-preview:-1\" \/>\n<link rel=\"canonical\" href=\"https:\/\/www.episcopalchurch.org\/es\/finance-office\/exencion-de-evaluacion-diocesana\/\" \/>\n<meta property=\"og:locale\" content=\"es_ES\" \/>\n<meta property=\"og:type\" content=\"article\" \/>\n<meta property=\"og:title\" content=\"Exenci\u00f3n de evaluaci\u00f3n diocesana\" \/>\n<meta property=\"og:description\" content=\"Exenci\u00f3n de evaluaci\u00f3n diocesana\" \/>\n<meta property=\"og:url\" content=\"https:\/\/www.episcopalchurch.org\/es\/finance-office\/exencion-de-evaluacion-diocesana\/\" \/>\n<meta property=\"og:site_name\" content=\"The Episcopal Church\" \/>\n<meta property=\"article:publisher\" content=\"https:\/\/www.facebook.com\/episcopalian\" \/>\n<meta property=\"article:modified_time\" content=\"2021-08-25T20:17:47+00:00\" \/>\n<meta property=\"og:image\" content=\"https:\/\/www.episcopalchurch.org\/wp-content\/uploads\/2020\/12\/Finance_Square.png\" \/>\n\t<meta property=\"og:image:width\" content=\"751\" \/>\n\t<meta property=\"og:image:height\" content=\"751\" \/>\n\t<meta property=\"og:image:type\" content=\"image\/png\" \/>\n<meta name=\"twitter:card\" content=\"summary_large_image\" \/>\n<meta name=\"twitter:site\" content=\"@iamepiscopalian\" \/>\n<meta name=\"twitter:label1\" content=\"Est. reading time\" \/>\n\t<meta name=\"twitter:data1\" content=\"1 minute\" \/>\n<script type=\"application\/ld+json\" class=\"yoast-schema-graph\">{\"@context\":\"https:\/\/schema.org\",\"@graph\":[{\"@type\":\"WebPage\",\"@id\":\"https:\/\/www.episcopalchurch.org\/es\/finance-office\/exencion-de-evaluacion-diocesana\/\",\"url\":\"https:\/\/www.episcopalchurch.org\/es\/finance-office\/exencion-de-evaluacion-diocesana\/\",\"name\":\"Exenci\u00f3n de evaluaci\u00f3n diocesana &#8211; The Episcopal Church\",\"isPartOf\":{\"@id\":\"https:\/\/www.episcopalchurch.org\/#website\"},\"primaryImageOfPage\":{\"@id\":\"https:\/\/www.episcopalchurch.org\/es\/finance-office\/exencion-de-evaluacion-diocesana\/#primaryimage\"},\"image\":{\"@id\":\"https:\/\/www.episcopalchurch.org\/es\/finance-office\/exencion-de-evaluacion-diocesana\/#primaryimage\"},\"thumbnailUrl\":\"https:\/\/www.episcopalchurch.org\/wp-content\/uploads\/2020\/12\/Finance_Square.png\",\"datePublished\":\"2020-07-13T17:42:39+00:00\",\"dateModified\":\"2021-08-25T20:17:47+00:00\",\"breadcrumb\":{\"@id\":\"https:\/\/www.episcopalchurch.org\/es\/finance-office\/exencion-de-evaluacion-diocesana\/#breadcrumb\"},\"inLanguage\":\"es-ES\",\"potentialAction\":[{\"@type\":\"ReadAction\",\"target\":[\"https:\/\/www.episcopalchurch.org\/es\/finance-office\/exencion-de-evaluacion-diocesana\/\"]}]},{\"@type\":\"ImageObject\",\"inLanguage\":\"es-ES\",\"@id\":\"https:\/\/www.episcopalchurch.org\/es\/finance-office\/exencion-de-evaluacion-diocesana\/#primaryimage\",\"url\":\"https:\/\/www.episcopalchurch.org\/wp-content\/uploads\/2020\/12\/Finance_Square.png\",\"contentUrl\":\"https:\/\/www.episcopalchurch.org\/wp-content\/uploads\/2020\/12\/Finance_Square.png\",\"width\":751,\"height\":751},{\"@type\":\"BreadcrumbList\",\"@id\":\"https:\/\/www.episcopalchurch.org\/es\/finance-office\/exencion-de-evaluacion-diocesana\/#breadcrumb\",\"itemListElement\":[{\"@type\":\"ListItem\",\"position\":1,\"name\":\"Home\",\"item\":\"https:\/\/www.episcopalchurch.org\/\"},{\"@type\":\"ListItem\",\"position\":2,\"name\":\"Finance Office\",\"item\":\"https:\/\/www.episcopalchurch.org\/finance-office\/\"},{\"@type\":\"ListItem\",\"position\":3,\"name\":\"Exenci\u00f3n de evaluaci\u00f3n diocesana\"}]},{\"@type\":\"WebSite\",\"@id\":\"https:\/\/www.episcopalchurch.org\/#website\",\"url\":\"https:\/\/www.episcopalchurch.org\/\",\"name\":\"The Episcopal Church\",\"description\":\"Welcomes You\",\"publisher\":{\"@id\":\"https:\/\/www.episcopalchurch.org\/#organization\"},\"potentialAction\":[{\"@type\":\"SearchAction\",\"target\":{\"@type\":\"EntryPoint\",\"urlTemplate\":\"https:\/\/www.episcopalchurch.org\/?s={search_term_string}\"},\"query-input\":{\"@type\":\"PropertyValueSpecification\",\"valueRequired\":true,\"valueName\":\"search_term_string\"}}],\"inLanguage\":\"es-ES\"},{\"@type\":\"Organization\",\"@id\":\"https:\/\/www.episcopalchurch.org\/#organization\",\"name\":\"The Episcopal Church\",\"url\":\"https:\/\/www.episcopalchurch.org\/\",\"logo\":{\"@type\":\"ImageObject\",\"inLanguage\":\"es-ES\",\"@id\":\"https:\/\/www.episcopalchurch.org\/#\/schema\/logo\/image\/\",\"url\":\"https:\/\/www.episcopalchurch.org\/wp-content\/uploads\/2021\/01\/vertical_episcopal_logo.jpg\",\"contentUrl\":\"https:\/\/www.episcopalchurch.org\/wp-content\/uploads\/2021\/01\/vertical_episcopal_logo.jpg\",\"width\":770,\"height\":662,\"caption\":\"The Episcopal Church\"},\"image\":{\"@id\":\"https:\/\/www.episcopalchurch.org\/#\/schema\/logo\/image\/\"},\"sameAs\":[\"https:\/\/www.facebook.com\/episcopalian\",\"https:\/\/x.com\/iamepiscopalian\",\"https:\/\/www.youtube.com\/channel\/UCdVJpxCtK41c_-p6EaE4_2A\"]}]}<\/script>\n<!-- \/ Yoast SEO Premium plugin. -->","yoast_head_json":{"title":"Exenci\u00f3n de evaluaci\u00f3n diocesana &#8211; The Episcopal Church","robots":{"index":"index","follow":"follow","max-snippet":"max-snippet:-1","max-image-preview":"max-image-preview:large","max-video-preview":"max-video-preview:-1"},"canonical":"https:\/\/www.episcopalchurch.org\/es\/finance-office\/exencion-de-evaluacion-diocesana\/","og_locale":"es_ES","og_type":"article","og_title":"Exenci\u00f3n de evaluaci\u00f3n diocesana","og_description":"Exenci\u00f3n de evaluaci\u00f3n diocesana","og_url":"https:\/\/www.episcopalchurch.org\/es\/finance-office\/exencion-de-evaluacion-diocesana\/","og_site_name":"The Episcopal Church","article_publisher":"https:\/\/www.facebook.com\/episcopalian","article_modified_time":"2021-08-25T20:17:47+00:00","og_image":[{"width":751,"height":751,"url":"https:\/\/www.episcopalchurch.org\/wp-content\/uploads\/2020\/12\/Finance_Square.png","type":"image\/png"}],"twitter_card":"summary_large_image","twitter_site":"@iamepiscopalian","twitter_misc":{"Est. reading time":"1 minute"},"schema":{"@context":"https:\/\/schema.org","@graph":[{"@type":"WebPage","@id":"https:\/\/www.episcopalchurch.org\/es\/finance-office\/exencion-de-evaluacion-diocesana\/","url":"https:\/\/www.episcopalchurch.org\/es\/finance-office\/exencion-de-evaluacion-diocesana\/","name":"Exenci\u00f3n de evaluaci\u00f3n diocesana &#8211; The Episcopal Church","isPartOf":{"@id":"https:\/\/www.episcopalchurch.org\/#website"},"primaryImageOfPage":{"@id":"https:\/\/www.episcopalchurch.org\/es\/finance-office\/exencion-de-evaluacion-diocesana\/#primaryimage"},"image":{"@id":"https:\/\/www.episcopalchurch.org\/es\/finance-office\/exencion-de-evaluacion-diocesana\/#primaryimage"},"thumbnailUrl":"https:\/\/www.episcopalchurch.org\/wp-content\/uploads\/2020\/12\/Finance_Square.png","datePublished":"2020-07-13T17:42:39+00:00","dateModified":"2021-08-25T20:17:47+00:00","breadcrumb":{"@id":"https:\/\/www.episcopalchurch.org\/es\/finance-office\/exencion-de-evaluacion-diocesana\/#breadcrumb"},"inLanguage":"es-ES","potentialAction":[{"@type":"ReadAction","target":["https:\/\/www.episcopalchurch.org\/es\/finance-office\/exencion-de-evaluacion-diocesana\/"]}]},{"@type":"ImageObject","inLanguage":"es-ES","@id":"https:\/\/www.episcopalchurch.org\/es\/finance-office\/exencion-de-evaluacion-diocesana\/#primaryimage","url":"https:\/\/www.episcopalchurch.org\/wp-content\/uploads\/2020\/12\/Finance_Square.png","contentUrl":"https:\/\/www.episcopalchurch.org\/wp-content\/uploads\/2020\/12\/Finance_Square.png","width":751,"height":751},{"@type":"BreadcrumbList","@id":"https:\/\/www.episcopalchurch.org\/es\/finance-office\/exencion-de-evaluacion-diocesana\/#breadcrumb","itemListElement":[{"@type":"ListItem","position":1,"name":"Home","item":"https:\/\/www.episcopalchurch.org\/"},{"@type":"ListItem","position":2,"name":"Finance Office","item":"https:\/\/www.episcopalchurch.org\/finance-office\/"},{"@type":"ListItem","position":3,"name":"Exenci\u00f3n de evaluaci\u00f3n diocesana"}]},{"@type":"WebSite","@id":"https:\/\/www.episcopalchurch.org\/#website","url":"https:\/\/www.episcopalchurch.org\/","name":"The Episcopal Church","description":"Welcomes You","publisher":{"@id":"https:\/\/www.episcopalchurch.org\/#organization"},"potentialAction":[{"@type":"SearchAction","target":{"@type":"EntryPoint","urlTemplate":"https:\/\/www.episcopalchurch.org\/?s={search_term_string}"},"query-input":{"@type":"PropertyValueSpecification","valueRequired":true,"valueName":"search_term_string"}}],"inLanguage":"es-ES"},{"@type":"Organization","@id":"https:\/\/www.episcopalchurch.org\/#organization","name":"The Episcopal Church","url":"https:\/\/www.episcopalchurch.org\/","logo":{"@type":"ImageObject","inLanguage":"es-ES","@id":"https:\/\/www.episcopalchurch.org\/#\/schema\/logo\/image\/","url":"https:\/\/www.episcopalchurch.org\/wp-content\/uploads\/2021\/01\/vertical_episcopal_logo.jpg","contentUrl":"https:\/\/www.episcopalchurch.org\/wp-content\/uploads\/2021\/01\/vertical_episcopal_logo.jpg","width":770,"height":662,"caption":"The Episcopal Church"},"image":{"@id":"https:\/\/www.episcopalchurch.org\/#\/schema\/logo\/image\/"},"sameAs":["https:\/\/www.facebook.com\/episcopalian","https:\/\/x.com\/iamepiscopalian","https:\/\/www.youtube.com\/channel\/UCdVJpxCtK41c_-p6EaE4_2A"]}]}},"taxonomy_info":[],"featured_image_src_large":["https:\/\/www.episcopalchurch.org\/wp-content\/uploads\/2020\/12\/Finance_Square.png",751,751,false],"author_info":{"display_name":"wwedderburn","author_link":"https:\/\/www.episcopalchurch.org\/es\/author\/wwedderburn\/"},"comment_info":"","uagb_featured_image_src":{"full":["https:\/\/www.episcopalchurch.org\/wp-content\/uploads\/2020\/12\/Finance_Square.png",751,751,false],"thumbnail":["https:\/\/www.episcopalchurch.org\/wp-content\/uploads\/2020\/12\/Finance_Square-150x150.png",150,150,true],"medium":["https:\/\/www.episcopalchurch.org\/wp-content\/uploads\/2020\/12\/Finance_Square-300x300.png",300,300,true],"medium_large":["https:\/\/www.episcopalchurch.org\/wp-content\/uploads\/2020\/12\/Finance_Square.png",751,751,false],"large":["https:\/\/www.episcopalchurch.org\/wp-content\/uploads\/2020\/12\/Finance_Square.png",751,751,false],"1536x1536":["https:\/\/www.episcopalchurch.org\/wp-content\/uploads\/2020\/12\/Finance_Square.png",751,751,false],"2048x2048":["https:\/\/www.episcopalchurch.org\/wp-content\/uploads\/2020\/12\/Finance_Square.png",751,751,false],"menu":["https:\/\/www.episcopalchurch.org\/wp-content\/uploads\/2020\/12\/Finance_Square-330x200.png",330,200,true],"hero":["https:\/\/www.episcopalchurch.org\/wp-content\/uploads\/2020\/12\/Finance_Square-751x550.png",751,550,true],"callout-image":["https:\/\/www.episcopalchurch.org\/wp-content\/uploads\/2020\/12\/Finance_Square-480x480.png",480,480,true]},"uagb_author_info":{"display_name":"wwedderburn","author_link":"https:\/\/www.episcopalchurch.org\/es\/author\/wwedderburn\/"},"uagb_comment_info":0,"uagb_excerpt":"Exenci\u00f3n de evaluaci\u00f3n diocesana","_links":{"self":[{"href":"https:\/\/www.episcopalchurch.org\/es\/wp-json\/wp\/v2\/pages\/251821","targetHints":{"allow":["GET"]}}],"collection":[{"href":"https:\/\/www.episcopalchurch.org\/es\/wp-json\/wp\/v2\/pages"}],"about":[{"href":"https:\/\/www.episcopalchurch.org\/es\/wp-json\/wp\/v2\/types\/page"}],"author":[{"embeddable":true,"href":"https:\/\/www.episcopalchurch.org\/es\/wp-json\/wp\/v2\/users\/444"}],"replies":[{"embeddable":true,"href":"https:\/\/www.episcopalchurch.org\/es\/wp-json\/wp\/v2\/comments?post=251821"}],"version-history":[{"count":0,"href":"https:\/\/www.episcopalchurch.org\/es\/wp-json\/wp\/v2\/pages\/251821\/revisions"}],"up":[{"embeddable":true,"href":"https:\/\/www.episcopalchurch.org\/es\/wp-json\/wp\/v2\/pages\/132404"}],"wp:featuredmedia":[{"embeddable":true,"href":"https:\/\/www.episcopalchurch.org\/es\/wp-json\/wp\/v2\/media\/198566"}],"wp:attachment":[{"href":"https:\/\/www.episcopalchurch.org\/es\/wp-json\/wp\/v2\/media?parent=251821"}],"curies":[{"name":"wp","href":"https:\/\/api.w.org\/{rel}","templated":true}]}}