{"id":252814,"date":"2021-09-21T10:00:28","date_gmt":"2021-09-21T14:00:28","guid":{"rendered":"https:\/\/www.episcopalchurch.org\/?page_id=252814"},"modified":"2021-11-01T16:24:53","modified_gmt":"2021-11-01T20:24:53","slug":"una-iglesia-que-luce-y-actua-como-jesus","status":"publish","type":"page","link":"https:\/\/www.episcopalchurch.org\/es\/una-iglesia-que-luce-y-actua-como-jesus\/","title":{"rendered":"Una iglesia que luce y act\u00faa como Jes\u00fas"},"content":{"rendered":"    <div\n      class=\"wp-block-episcopal-hero-banner alignfull\"\n            style=\"background-image: url(https:\/\/www.episcopalchurch.org\/wp-content\/uploads\/2021\/10\/Pride-Pic_1.jpeg)\"\n          >\n      <div\n        class=\"hero-banner\"\n      >\n        <div class=\"hero-banner-wrapper\">\n          <h1 class=\"episcopal-hero-title\">\n                          Una iglesia que luce y act\u00faa como Jes\u00fas                      <\/h1>\n          \n                  <\/div>\n      <\/div>\n    <\/div>\n\n  \n\n\n<p>El Obispo Presidente Michael Curry ha invitado de manera constante a los episcopales a reimaginarnos como la rama episcopal del Movimiento de Jes\u00fas, una comunidad de seguidores que viven el Camino del Amor de Jes\u00fas. En estos tiempos de desaf\u00edo y cambio, ofrece esta declaraci\u00f3n y los recursos que la acompa\u00f1an para que sean una oraci\u00f3n, una visi\u00f3n, una ferviente esperanza de lo que buscamos ser y en lo que ya nos estamos convirtiendo.<\/p>\n\n\n\n<h2 class=\"has-yellow-color has-text-color wp-block-heading\"><strong>VEN A VER&#8230;<\/strong><\/h2>\n\n\n\n<div class=\"wp-block-columns is-layout-flex wp-container-core-columns-is-layout-9d6595d7 wp-block-columns-is-layout-flex\">\n<div class=\"wp-block-column is-vertically-aligned-center is-layout-flow wp-block-column-is-layout-flow\">\n<p>Nos estamos convirtiendo en una iglesia nueva y&nbsp;<em>re<\/em>-formada,&nbsp;la rama episcopal del Movimiento de Jes\u00fas\u2014<br>personas, peque\u00f1as comunidades y congregaciones reunidas<br>cuya forma de vida es el camino de Jes\u00fas y su camino de amor,&nbsp;<\/p>\n\n\n\n<p><em>no m\u00e1s&nbsp;<\/em>centrada<em>&nbsp;<\/em>en el imperio y el establecimiento,&nbsp;<br><em>no m\u00e1s&nbsp;<\/em>obsesionada con la preservaci\u00f3n de las instituciones,<br><em>no m\u00e1s&nbsp;<\/em>apuntalando la supremac\u00eda blanca o cualquier otra cosa que da\u00f1e o perjudique a un hijo de Dios.<\/p>\n\n\n\n<p>Por la gracia de Dios&#8230;<\/p>\n\n\n\n<h3 class=\"has-orange-color has-text-color wp-block-heading\"><span><b>&#8230;&nbsp;<strong>NOS ESTAMOS CONVIRTIENDO EN UNA IGLESIA&nbsp;<\/strong><\/b><\/span><\/h3>\n\n\n\n<h3 class=\"has-red-color has-text-color wp-block-heading\"><strong><strong><strong>QUE LUCE Y ACT\u00daA COMO JES\u00daS.<\/strong><\/strong><\/strong><\/h3>\n<\/div>\n\n\n\n<div class=\"wp-block-column is-vertically-aligned-center is-layout-flow wp-block-column-is-layout-flow\">\n<figure class=\"wp-block-embed is-type-video is-provider-wistia-inc wp-block-embed-wistia-inc\"><div class=\"wp-block-embed__wrapper\">\n<div class=\"embed-container\"><iframe loading=\"lazy\" class=\"wp-embedded-content\" sandbox=\"allow-scripts\" security=\"restricted\" title=\"Come and See v3 Video\" src=\"https:\/\/fast.wistia.net\/embed\/iframe\/9t0e10uqkn?dnt=1#?secret=BGUMuD8jGh\" data-secret=\"BGUMuD8jGh\" frameborder=\"0\" scrolling=\"no\" width=\"500\" height=\"281\"><\/iframe><\/div>\n<\/div><\/figure>\n<\/div>\n<\/div>\n\n\n\n<h2 class=\"wp-block-heading\">\u00bfC\u00f3mo es esta&nbsp;<em>re<\/em>-formaci\u00f3n en la pr\u00e1ctica?&nbsp;<\/h2>\n\n\n\n<p><strong><strong>Vamos a &#8230;<\/strong><\/strong><\/p>\n\n\n\n<ol class=\"wp-block-list\" type=\"1\"><li><strong>Centrarnos en Jesucristo.&nbsp;<\/strong>Sus ense\u00f1anzas, su ejemplo, su Esp\u00edritu, su forma de amar y su forma de vivir son la clave para tener relaciones amorosas, liberadoras y vivificantes con Dios, con el pr\u00f3jimo, con toda la creaci\u00f3n y con nosotros mismos.<\/li><li><strong>Practicar el camino desinteresado y de entrega de la cruz.&nbsp;<\/strong>El camino del &#8220;amor cruciforme&#8221; -el acto de amor desinteresado, sacrificado y de entrega de Jes\u00fas, o de perder la vida para ganarla- es nuestro camino hacia la vida aut\u00e9ntica.<\/li><li><strong>Unirnos en torno a la pr\u00e1ctica de una regla de vida en peque\u00f1as comunidades reunidas.&nbsp;<\/strong>Este tipo de grupos -peque\u00f1os c\u00edrculos de personas que se apoyan mutuamente para seguir a Jes\u00fas con intenci\u00f3n y responsabilidad- son necesarios para cultivar una vida centrada en Cristo.<\/li><li><strong>Reclamar nuestra identidad cristiana como movimiento clandestino, contracultural e impulsado por el Esp\u00edritu.&nbsp;<\/strong>Debemos liberarnos de identificar a la iglesia con los sistemas de dominaci\u00f3n, el imperio, el establecimiento, los privilegios y las tradiciones sociales y culturales que nos han mantenido cautivos, y ponernos de nuevo en contacto con los caminos arriesgados y liberadores de Jes\u00fas.<\/li><li><strong>Vivir y dar un testimonio audaz de la visi\u00f3n y los valores de Jes\u00fas.&nbsp;<\/strong>Se\u00f1alamos la realidad del reino (el reino pac\u00edfico) de Dios y buscamos encarnar la amada comunidad, donde cada persona aspira y celebra la dignidad y prosperidad de cada hijo amado de Dios tal como lo por hacemos nosotros mismos.&nbsp;<\/li><\/ol>\n\n\n\n<div class=\"wp-block-columns is-layout-flex wp-container-core-columns-is-layout-9d6595d7 wp-block-columns-is-layout-flex\">\n<div class=\"wp-block-column is-layout-flow wp-block-column-is-layout-flow\">\n<div class=\"wp-block-buttons is-layout-flex wp-block-buttons-is-layout-flex\">\n<div class=\"wp-block-button\"><a class=\"wp-block-button__link has-red-background-color has-background\" href=\"https:\/\/www.episcopalchurch.org\/wp-content\/uploads\/2021\/09\/Becoming-the-Church-Invitation-Spanish.pdf\">Descargar esta invitaci\u00f3n<\/a><\/div>\n<\/div>\n<\/div>\n\n\n\n<div class=\"wp-block-column is-layout-flow wp-block-column-is-layout-flow\"><\/div>\n\n\n\n<div class=\"wp-block-column is-layout-flow wp-block-column-is-layout-flow\"><\/div>\n<\/div>\n\n\n\n<hr class=\"wp-block-separator is-style-wide\"\/>\n\n\n\n<h2 class=\"wp-block-heading\">Pr\u00e1cticas para una iglesia que luce y act\u00faa como Jes\u00fas<\/h2>\n\n\n\n<h3 class=\"wp-block-heading\"><a href=\"https:\/\/www.episcopalchurch.org\/wp-content\/uploads\/2021\/09\/Becoming-the-Church-Practice-Spanish.pdf\">Regla de vida y peque\u00f1as comunidades reunidas<\/a><\/h3>\n\n\n\n<h3 class=\"wp-block-heading\">Gr\u00e1ficos de redes sociales<\/h3>\n\n\n\n<p>Haga clic en la imagen para descargar<\/p>\n\n\n\n<div class=\"wp-block-columns is-layout-flex wp-container-core-columns-is-layout-9d6595d7 wp-block-columns-is-layout-flex\">\n<div class=\"wp-block-column is-layout-flow wp-block-column-is-layout-flow\">\n<figure class=\"wp-block-image size-large\"><a href=\"https:\/\/www.episcopalchurch.org\/wp-content\/uploads\/2021\/09\/Becoming-the-Church-Social-Media-Spanish-Final.jpg\"><img loading=\"lazy\" decoding=\"async\" width=\"1024\" height=\"1024\" src=\"https:\/\/www.episcopalchurch.org\/wp-content\/uploads\/2021\/09\/Becoming-the-Church-Social-Media-Spanish-Final-1024x1024.jpg\" alt=\"\" class=\"wp-image-253359\" srcset=\"https:\/\/www.episcopalchurch.org\/wp-content\/uploads\/2021\/09\/Becoming-the-Church-Social-Media-Spanish-Final-1024x1024.jpg 1024w, https:\/\/www.episcopalchurch.org\/wp-content\/uploads\/2021\/09\/Becoming-the-Church-Social-Media-Spanish-Final-300x300.jpg 300w, https:\/\/www.episcopalchurch.org\/wp-content\/uploads\/2021\/09\/Becoming-the-Church-Social-Media-Spanish-Final-150x150.jpg 150w, https:\/\/www.episcopalchurch.org\/wp-content\/uploads\/2021\/09\/Becoming-the-Church-Social-Media-Spanish-Final-768x768.jpg 768w, https:\/\/www.episcopalchurch.org\/wp-content\/uploads\/2021\/09\/Becoming-the-Church-Social-Media-Spanish-Final-480x480.jpg 480w, https:\/\/www.episcopalchurch.org\/wp-content\/uploads\/2021\/09\/Becoming-the-Church-Social-Media-Spanish-Final.jpg 1080w\" sizes=\"auto, (max-width: 1024px) 100vw, 1024px\" \/><\/a><\/figure>\n<\/div>\n\n\n\n<div class=\"wp-block-column is-layout-flow wp-block-column-is-layout-flow\">\n<figure class=\"wp-block-image size-large\"><a href=\"https:\/\/www.episcopalchurch.org\/wp-content\/uploads\/2021\/09\/Becoming-the-Church-Social-Media-Spanish-Short-Version-Final.jpg\"><img loading=\"lazy\" decoding=\"async\" width=\"1024\" height=\"1024\" src=\"https:\/\/www.episcopalchurch.org\/wp-content\/uploads\/2021\/09\/Becoming-the-Church-Social-Media-Spanish-Short-Version-Final-1024x1024.jpg\" alt=\"\" class=\"wp-image-253362\" srcset=\"https:\/\/www.episcopalchurch.org\/wp-content\/uploads\/2021\/09\/Becoming-the-Church-Social-Media-Spanish-Short-Version-Final-1024x1024.jpg 1024w, https:\/\/www.episcopalchurch.org\/wp-content\/uploads\/2021\/09\/Becoming-the-Church-Social-Media-Spanish-Short-Version-Final-300x300.jpg 300w, https:\/\/www.episcopalchurch.org\/wp-content\/uploads\/2021\/09\/Becoming-the-Church-Social-Media-Spanish-Short-Version-Final-150x150.jpg 150w, https:\/\/www.episcopalchurch.org\/wp-content\/uploads\/2021\/09\/Becoming-the-Church-Social-Media-Spanish-Short-Version-Final-768x768.jpg 768w, https:\/\/www.episcopalchurch.org\/wp-content\/uploads\/2021\/09\/Becoming-the-Church-Social-Media-Spanish-Short-Version-Final-480x480.jpg 480w, https:\/\/www.episcopalchurch.org\/wp-content\/uploads\/2021\/09\/Becoming-the-Church-Social-Media-Spanish-Short-Version-Final.jpg 1080w\" sizes=\"auto, (max-width: 1024px) 100vw, 1024px\" \/><\/a><\/figure>\n<\/div>\n\n\n\n<div class=\"wp-block-column is-layout-flow wp-block-column-is-layout-flow\"><\/div>\n<\/div>\n\n\n\n<div class=\"wp-block-columns is-layout-flex wp-container-core-columns-is-layout-9d6595d7 wp-block-columns-is-layout-flex\">\n<div class=\"wp-block-column is-layout-flow wp-block-column-is-layout-flow\">    <div\n      class=\"wp-block-episcopal-callout default\"\n      style=\"background-color: #BF0D3E;color: #fff;justify-content: flex-end;\"\n    >\n      <div\n        class=\"callout-content\"\n        style=\"justify-content: flex-end;\"\n      >\n                  <a href=\"https:\/\/www.episcopalchurch.org\/es\/el-movimiento-de-jesus\/\" class=\"callout-url\"><\/a>\n                \n\n<h3 class=\"wp-block-heading\">El Movimento de Jes\u00fas<\/h3>\n\n      <\/div>\n    <\/div>\n\n  <\/div>\n\n\n\n<div class=\"wp-block-column is-layout-flow wp-block-column-is-layout-flow\">    <div\n      class=\"wp-block-episcopal-callout default\"\n      style=\"background-color: #BF0D3E;color: #fff;justify-content: flex-end;\"\n    >\n      <div\n        class=\"callout-content\"\n        style=\"justify-content: flex-end;\"\n      >\n                  <a href=\"https:\/\/www.episcopalchurch.org\/es\/el-camino-del-amor\/\" class=\"callout-url\"><\/a>\n                \n\n<h3 class=\"wp-block-heading\">El Camino del Amor<\/h3>\n\n      <\/div>\n    <\/div>\n\n  <\/div>\n\n\n\n<div class=\"wp-block-column is-layout-flow wp-block-column-is-layout-flow\">    <div\n      class=\"wp-block-episcopal-callout default\"\n      style=\"background-color: #BF0D3E;color: #fff;justify-content: flex-end;\"\n    >\n      <div\n        class=\"callout-content\"\n        style=\"justify-content: flex-end;\"\n      >\n                  <a href=\"https:\/\/www.episcopalchurch.org\/es\/el-obispo-presidente-michael-curry\/\" class=\"callout-url\"><\/a>\n                \n\n<h3 class=\"wp-block-heading\">El Obispo Presidente Michael Curry<\/h3>\n\n      <\/div>\n    <\/div>\n\n  <\/div>\n<\/div>\n\n\n\n<p>This page is available in: <a href=\"https:\/\/www.episcopalchurch.org\/eglise-comme-jesus\/\">Fran\u00e7ais<\/a><\/p>\n","protected":false},"excerpt":{"rendered":"<p>El Obispo Presidente Michael Curry ha invitado de manera constante a los episcopales a reimaginarnos como la rama episcopal del Movimiento de Jes\u00fas, una comunidad de seguidores que viven el Camino del Amor de Jes\u00fas. En estos tiempos de desaf\u00edo y cambio, ofrece esta declaraci\u00f3n y los recursos que la acompa\u00f1an para que sean una [&hellip;]<\/p>\n","protected":false},"author":12,"featured_media":131425,"parent":0,"menu_order":0,"comment_status":"closed","ping_status":"closed","template":"","meta":{"_acf_changed":false,"_uag_custom_page_level_css":"","_kad_blocks_custom_css":"","_kad_blocks_head_custom_js":"","_kad_blocks_body_custom_js":"","_kad_blocks_footer_custom_js":"","_kadence_starter_templates_imported_post":false,"footnotes":"","_links_to":"","_links_to_target":""},"class_list":["post-252814","page","type-page","status-publish","has-post-thumbnail","hentry"],"acf":[],"yoast_head":"<!-- This site is optimized with the Yoast SEO Premium plugin v24.6 (Yoast SEO v26.3) - https:\/\/yoast.com\/wordpress\/plugins\/seo\/ -->\n<title>Una iglesia que luce y act\u00faa como Jes\u00fas &#8211; The Episcopal Church<\/title>\n<meta name=\"robots\" content=\"index, follow, max-snippet:-1, max-image-preview:large, max-video-preview:-1\" \/>\n<link rel=\"canonical\" href=\"https:\/\/www.episcopalchurch.org\/es\/una-iglesia-que-luce-y-actua-como-jesus\/\" \/>\n<meta property=\"og:locale\" content=\"es_ES\" \/>\n<meta property=\"og:type\" content=\"article\" \/>\n<meta property=\"og:title\" content=\"Una iglesia que luce y act\u00faa como Jes\u00fas\" \/>\n<meta property=\"og:description\" content=\"El Obispo Presidente Michael Curry ha invitado de manera constante a los episcopales a reimaginarnos como la rama episcopal del Movimiento de Jes\u00fas, una comunidad de seguidores que viven el Camino del Amor de Jes\u00fas. En estos tiempos de desaf\u00edo y cambio, ofrece esta declaraci\u00f3n y los recursos que la acompa\u00f1an para que sean una [&hellip;]\" \/>\n<meta property=\"og:url\" content=\"https:\/\/www.episcopalchurch.org\/es\/una-iglesia-que-luce-y-actua-como-jesus\/\" \/>\n<meta property=\"og:site_name\" content=\"The Episcopal Church\" \/>\n<meta property=\"article:publisher\" content=\"https:\/\/www.facebook.com\/episcopalian\" \/>\n<meta property=\"article:modified_time\" content=\"2021-11-01T20:24:53+00:00\" \/>\n<meta property=\"og:image\" content=\"https:\/\/www.episcopalchurch.org\/wp-content\/uploads\/2020\/06\/WoL_simplified_graphic_left_side_of_rectangle.jpg\" \/>\n\t<meta property=\"og:image:width\" content=\"452\" \/>\n\t<meta property=\"og:image:height\" content=\"450\" \/>\n\t<meta property=\"og:image:type\" content=\"image\/jpeg\" \/>\n<meta name=\"twitter:card\" content=\"summary_large_image\" \/>\n<meta name=\"twitter:site\" content=\"@iamepiscopalian\" \/>\n<meta name=\"twitter:label1\" content=\"Est. reading time\" \/>\n\t<meta name=\"twitter:data1\" content=\"3 minutes\" \/>\n<script type=\"application\/ld+json\" class=\"yoast-schema-graph\">{\"@context\":\"https:\/\/schema.org\",\"@graph\":[{\"@type\":\"WebPage\",\"@id\":\"https:\/\/www.episcopalchurch.org\/es\/una-iglesia-que-luce-y-actua-como-jesus\/\",\"url\":\"https:\/\/www.episcopalchurch.org\/es\/una-iglesia-que-luce-y-actua-como-jesus\/\",\"name\":\"Una iglesia que luce y act\u00faa como Jes\u00fas &#8211; The Episcopal Church\",\"isPartOf\":{\"@id\":\"https:\/\/www.episcopalchurch.org\/#website\"},\"primaryImageOfPage\":{\"@id\":\"https:\/\/www.episcopalchurch.org\/es\/una-iglesia-que-luce-y-actua-como-jesus\/#primaryimage\"},\"image\":{\"@id\":\"https:\/\/www.episcopalchurch.org\/es\/una-iglesia-que-luce-y-actua-como-jesus\/#primaryimage\"},\"thumbnailUrl\":\"https:\/\/www.episcopalchurch.org\/wp-content\/uploads\/2020\/06\/WoL_simplified_graphic_left_side_of_rectangle.jpg\",\"datePublished\":\"2021-09-21T14:00:28+00:00\",\"dateModified\":\"2021-11-01T20:24:53+00:00\",\"breadcrumb\":{\"@id\":\"https:\/\/www.episcopalchurch.org\/es\/una-iglesia-que-luce-y-actua-como-jesus\/#breadcrumb\"},\"inLanguage\":\"es-ES\",\"potentialAction\":[{\"@type\":\"ReadAction\",\"target\":[\"https:\/\/www.episcopalchurch.org\/es\/una-iglesia-que-luce-y-actua-como-jesus\/\"]}]},{\"@type\":\"ImageObject\",\"inLanguage\":\"es-ES\",\"@id\":\"https:\/\/www.episcopalchurch.org\/es\/una-iglesia-que-luce-y-actua-como-jesus\/#primaryimage\",\"url\":\"https:\/\/www.episcopalchurch.org\/wp-content\/uploads\/2020\/06\/WoL_simplified_graphic_left_side_of_rectangle.jpg\",\"contentUrl\":\"https:\/\/www.episcopalchurch.org\/wp-content\/uploads\/2020\/06\/WoL_simplified_graphic_left_side_of_rectangle.jpg\",\"width\":452,\"height\":450},{\"@type\":\"BreadcrumbList\",\"@id\":\"https:\/\/www.episcopalchurch.org\/es\/una-iglesia-que-luce-y-actua-como-jesus\/#breadcrumb\",\"itemListElement\":[{\"@type\":\"ListItem\",\"position\":1,\"name\":\"Home\",\"item\":\"https:\/\/www.episcopalchurch.org\/\"},{\"@type\":\"ListItem\",\"position\":2,\"name\":\"Una iglesia que luce y act\u00faa como Jes\u00fas\"}]},{\"@type\":\"WebSite\",\"@id\":\"https:\/\/www.episcopalchurch.org\/#website\",\"url\":\"https:\/\/www.episcopalchurch.org\/\",\"name\":\"The Episcopal Church\",\"description\":\"Welcomes You\",\"publisher\":{\"@id\":\"https:\/\/www.episcopalchurch.org\/#organization\"},\"potentialAction\":[{\"@type\":\"SearchAction\",\"target\":{\"@type\":\"EntryPoint\",\"urlTemplate\":\"https:\/\/www.episcopalchurch.org\/?s={search_term_string}\"},\"query-input\":{\"@type\":\"PropertyValueSpecification\",\"valueRequired\":true,\"valueName\":\"search_term_string\"}}],\"inLanguage\":\"es-ES\"},{\"@type\":\"Organization\",\"@id\":\"https:\/\/www.episcopalchurch.org\/#organization\",\"name\":\"The Episcopal Church\",\"url\":\"https:\/\/www.episcopalchurch.org\/\",\"logo\":{\"@type\":\"ImageObject\",\"inLanguage\":\"es-ES\",\"@id\":\"https:\/\/www.episcopalchurch.org\/#\/schema\/logo\/image\/\",\"url\":\"https:\/\/www.episcopalchurch.org\/wp-content\/uploads\/2021\/01\/vertical_episcopal_logo.jpg\",\"contentUrl\":\"https:\/\/www.episcopalchurch.org\/wp-content\/uploads\/2021\/01\/vertical_episcopal_logo.jpg\",\"width\":770,\"height\":662,\"caption\":\"The Episcopal Church\"},\"image\":{\"@id\":\"https:\/\/www.episcopalchurch.org\/#\/schema\/logo\/image\/\"},\"sameAs\":[\"https:\/\/www.facebook.com\/episcopalian\",\"https:\/\/x.com\/iamepiscopalian\",\"https:\/\/www.youtube.com\/channel\/UCdVJpxCtK41c_-p6EaE4_2A\"]}]}<\/script>\n<!-- \/ Yoast SEO Premium plugin. -->","yoast_head_json":{"title":"Una iglesia que luce y act\u00faa como Jes\u00fas &#8211; The Episcopal Church","robots":{"index":"index","follow":"follow","max-snippet":"max-snippet:-1","max-image-preview":"max-image-preview:large","max-video-preview":"max-video-preview:-1"},"canonical":"https:\/\/www.episcopalchurch.org\/es\/una-iglesia-que-luce-y-actua-como-jesus\/","og_locale":"es_ES","og_type":"article","og_title":"Una iglesia que luce y act\u00faa como Jes\u00fas","og_description":"El Obispo Presidente Michael Curry ha invitado de manera constante a los episcopales a reimaginarnos como la rama episcopal del Movimiento de Jes\u00fas, una comunidad de seguidores que viven el Camino del Amor de Jes\u00fas. En estos tiempos de desaf\u00edo y cambio, ofrece esta declaraci\u00f3n y los recursos que la acompa\u00f1an para que sean una [&hellip;]","og_url":"https:\/\/www.episcopalchurch.org\/es\/una-iglesia-que-luce-y-actua-como-jesus\/","og_site_name":"The Episcopal Church","article_publisher":"https:\/\/www.facebook.com\/episcopalian","article_modified_time":"2021-11-01T20:24:53+00:00","og_image":[{"width":452,"height":450,"url":"https:\/\/www.episcopalchurch.org\/wp-content\/uploads\/2020\/06\/WoL_simplified_graphic_left_side_of_rectangle.jpg","type":"image\/jpeg"}],"twitter_card":"summary_large_image","twitter_site":"@iamepiscopalian","twitter_misc":{"Est. reading time":"3 minutes"},"schema":{"@context":"https:\/\/schema.org","@graph":[{"@type":"WebPage","@id":"https:\/\/www.episcopalchurch.org\/es\/una-iglesia-que-luce-y-actua-como-jesus\/","url":"https:\/\/www.episcopalchurch.org\/es\/una-iglesia-que-luce-y-actua-como-jesus\/","name":"Una iglesia que luce y act\u00faa como Jes\u00fas &#8211; The Episcopal Church","isPartOf":{"@id":"https:\/\/www.episcopalchurch.org\/#website"},"primaryImageOfPage":{"@id":"https:\/\/www.episcopalchurch.org\/es\/una-iglesia-que-luce-y-actua-como-jesus\/#primaryimage"},"image":{"@id":"https:\/\/www.episcopalchurch.org\/es\/una-iglesia-que-luce-y-actua-como-jesus\/#primaryimage"},"thumbnailUrl":"https:\/\/www.episcopalchurch.org\/wp-content\/uploads\/2020\/06\/WoL_simplified_graphic_left_side_of_rectangle.jpg","datePublished":"2021-09-21T14:00:28+00:00","dateModified":"2021-11-01T20:24:53+00:00","breadcrumb":{"@id":"https:\/\/www.episcopalchurch.org\/es\/una-iglesia-que-luce-y-actua-como-jesus\/#breadcrumb"},"inLanguage":"es-ES","potentialAction":[{"@type":"ReadAction","target":["https:\/\/www.episcopalchurch.org\/es\/una-iglesia-que-luce-y-actua-como-jesus\/"]}]},{"@type":"ImageObject","inLanguage":"es-ES","@id":"https:\/\/www.episcopalchurch.org\/es\/una-iglesia-que-luce-y-actua-como-jesus\/#primaryimage","url":"https:\/\/www.episcopalchurch.org\/wp-content\/uploads\/2020\/06\/WoL_simplified_graphic_left_side_of_rectangle.jpg","contentUrl":"https:\/\/www.episcopalchurch.org\/wp-content\/uploads\/2020\/06\/WoL_simplified_graphic_left_side_of_rectangle.jpg","width":452,"height":450},{"@type":"BreadcrumbList","@id":"https:\/\/www.episcopalchurch.org\/es\/una-iglesia-que-luce-y-actua-como-jesus\/#breadcrumb","itemListElement":[{"@type":"ListItem","position":1,"name":"Home","item":"https:\/\/www.episcopalchurch.org\/"},{"@type":"ListItem","position":2,"name":"Una iglesia que luce y act\u00faa como Jes\u00fas"}]},{"@type":"WebSite","@id":"https:\/\/www.episcopalchurch.org\/#website","url":"https:\/\/www.episcopalchurch.org\/","name":"The Episcopal Church","description":"Welcomes You","publisher":{"@id":"https:\/\/www.episcopalchurch.org\/#organization"},"potentialAction":[{"@type":"SearchAction","target":{"@type":"EntryPoint","urlTemplate":"https:\/\/www.episcopalchurch.org\/?s={search_term_string}"},"query-input":{"@type":"PropertyValueSpecification","valueRequired":true,"valueName":"search_term_string"}}],"inLanguage":"es-ES"},{"@type":"Organization","@id":"https:\/\/www.episcopalchurch.org\/#organization","name":"The Episcopal Church","url":"https:\/\/www.episcopalchurch.org\/","logo":{"@type":"ImageObject","inLanguage":"es-ES","@id":"https:\/\/www.episcopalchurch.org\/#\/schema\/logo\/image\/","url":"https:\/\/www.episcopalchurch.org\/wp-content\/uploads\/2021\/01\/vertical_episcopal_logo.jpg","contentUrl":"https:\/\/www.episcopalchurch.org\/wp-content\/uploads\/2021\/01\/vertical_episcopal_logo.jpg","width":770,"height":662,"caption":"The Episcopal Church"},"image":{"@id":"https:\/\/www.episcopalchurch.org\/#\/schema\/logo\/image\/"},"sameAs":["https:\/\/www.facebook.com\/episcopalian","https:\/\/x.com\/iamepiscopalian","https:\/\/www.youtube.com\/channel\/UCdVJpxCtK41c_-p6EaE4_2A"]}]}},"taxonomy_info":[],"featured_image_src_large":["https:\/\/www.episcopalchurch.org\/wp-content\/uploads\/2020\/06\/WoL_simplified_graphic_left_side_of_rectangle.jpg",452,450,false],"author_info":{"display_name":"Scott Rands","author_link":"https:\/\/www.episcopalchurch.org\/es\/author\/srandsepiscopalchurch-org\/"},"comment_info":"","uagb_featured_image_src":{"full":["https:\/\/www.episcopalchurch.org\/wp-content\/uploads\/2020\/06\/WoL_simplified_graphic_left_side_of_rectangle.jpg",452,450,false],"thumbnail":["https:\/\/www.episcopalchurch.org\/wp-content\/uploads\/2020\/06\/WoL_simplified_graphic_left_side_of_rectangle-150x150.jpg",150,150,true],"medium":["https:\/\/www.episcopalchurch.org\/wp-content\/uploads\/2020\/06\/WoL_simplified_graphic_left_side_of_rectangle-300x300.jpg",300,300,true],"medium_large":["https:\/\/www.episcopalchurch.org\/wp-content\/uploads\/2020\/06\/WoL_simplified_graphic_left_side_of_rectangle.jpg",452,450,false],"large":["https:\/\/www.episcopalchurch.org\/wp-content\/uploads\/2020\/06\/WoL_simplified_graphic_left_side_of_rectangle.jpg",452,450,false],"1536x1536":["https:\/\/www.episcopalchurch.org\/wp-content\/uploads\/2020\/06\/WoL_simplified_graphic_left_side_of_rectangle.jpg",452,450,false],"2048x2048":["https:\/\/www.episcopalchurch.org\/wp-content\/uploads\/2020\/06\/WoL_simplified_graphic_left_side_of_rectangle.jpg",452,450,false],"menu":["https:\/\/www.episcopalchurch.org\/wp-content\/uploads\/2020\/06\/WoL_simplified_graphic_left_side_of_rectangle-330x200.jpg",330,200,true],"hero":["https:\/\/www.episcopalchurch.org\/wp-content\/uploads\/2020\/06\/WoL_simplified_graphic_left_side_of_rectangle.jpg",452,450,false],"callout-image":["https:\/\/www.episcopalchurch.org\/wp-content\/uploads\/2020\/06\/WoL_simplified_graphic_left_side_of_rectangle.jpg",452,450,false]},"uagb_author_info":{"display_name":"Scott Rands","author_link":"https:\/\/www.episcopalchurch.org\/es\/author\/srandsepiscopalchurch-org\/"},"uagb_comment_info":0,"uagb_excerpt":"El Obispo Presidente Michael Curry ha invitado de manera constante a los episcopales a reimaginarnos como la rama episcopal del Movimiento de Jes\u00fas, una comunidad de seguidores que viven el Camino del Amor de Jes\u00fas. En estos tiempos de desaf\u00edo y cambio, ofrece esta declaraci\u00f3n y los recursos que la acompa\u00f1an para que sean una&hellip;","_links":{"self":[{"href":"https:\/\/www.episcopalchurch.org\/es\/wp-json\/wp\/v2\/pages\/252814","targetHints":{"allow":["GET"]}}],"collection":[{"href":"https:\/\/www.episcopalchurch.org\/es\/wp-json\/wp\/v2\/pages"}],"about":[{"href":"https:\/\/www.episcopalchurch.org\/es\/wp-json\/wp\/v2\/types\/page"}],"author":[{"embeddable":true,"href":"https:\/\/www.episcopalchurch.org\/es\/wp-json\/wp\/v2\/users\/12"}],"replies":[{"embeddable":true,"href":"https:\/\/www.episcopalchurch.org\/es\/wp-json\/wp\/v2\/comments?post=252814"}],"version-history":[{"count":0,"href":"https:\/\/www.episcopalchurch.org\/es\/wp-json\/wp\/v2\/pages\/252814\/revisions"}],"wp:featuredmedia":[{"embeddable":true,"href":"https:\/\/www.episcopalchurch.org\/es\/wp-json\/wp\/v2\/media\/131425"}],"wp:attachment":[{"href":"https:\/\/www.episcopalchurch.org\/es\/wp-json\/wp\/v2\/media?parent=252814"}],"curies":[{"name":"wp","href":"https:\/\/api.w.org\/{rel}","templated":true}]}}