{"id":2530,"date":"2020-01-15T16:15:55","date_gmt":"2020-01-15T16:15:55","guid":{"rendered":"https:\/\/www2.episcopalchurch.org\/?page_id=2530"},"modified":"2020-01-15T16:15:55","modified_gmt":"2020-01-15T16:15:55","slug":"el-pacto-bautismal","status":"publish","type":"page","link":"https:\/\/www.episcopalchurch.org\/es\/lo-que-creemos\/el-pacto-bautismal\/","title":{"rendered":"El pacto bautismal"},"content":{"rendered":"    <div\n      class=\"wp-block-episcopal-hero-banner alignfull\"\n            style=\"background-image: url(https:\/\/www.episcopalchurch.org\/wp-content\/uploads\/2019\/10\/ourbeliefs.jpg)\"\n          >\n      <div\n        class=\"hero-banner\"\n      >\n        <div class=\"hero-banner-wrapper\">\n          <h1 class=\"episcopal-hero-title\">\n                          El pacto bautismal                      <\/h1>\n                      <div class=\"episcopal-hero-description\">\n              Lo Que\u00a0Creemos            <\/div>\n          \n                  <\/div>\n      <\/div>\n    <\/div>\n\n  \n\n\n<div class=\"wp-block-image\"><figure class=\"alignright size-large is-resized\"><img loading=\"lazy\" decoding=\"async\" src=\"https:\/\/www.episcopalchurch.org\/wp-content\/uploads\/2020\/01\/baptismal_covenant_es-1024x1024.png\" alt=\"\" class=\"wp-image-2531\" width=\"300\" height=\"300\" srcset=\"https:\/\/www.episcopalchurch.org\/wp-content\/uploads\/2020\/01\/baptismal_covenant_es-1024x1024.png 1024w, https:\/\/www.episcopalchurch.org\/wp-content\/uploads\/2020\/01\/baptismal_covenant_es-300x300.png 300w, https:\/\/www.episcopalchurch.org\/wp-content\/uploads\/2020\/01\/baptismal_covenant_es-150x150.png 150w, https:\/\/www.episcopalchurch.org\/wp-content\/uploads\/2020\/01\/baptismal_covenant_es-768x768.png 768w, https:\/\/www.episcopalchurch.org\/wp-content\/uploads\/2020\/01\/baptismal_covenant_es-1536x1536.png 1536w, https:\/\/www.episcopalchurch.org\/wp-content\/uploads\/2020\/01\/baptismal_covenant_es-2048x2048.png 2048w, https:\/\/www.episcopalchurch.org\/wp-content\/uploads\/2020\/01\/baptismal_covenant_es-480x480.png 480w\" sizes=\"auto, (max-width: 300px) 100vw, 300px\" \/><\/figure><\/div>\n\n\n\n<p>El pacto bautismal, que se encuentra en las p\u00e1ginas 224 y 225 del Libro de Oraci\u00f3n Com\u00fan, es un peque\u00f1o catecismo que se utiliza durante el rito de iniciaci\u00f3n en la Iglesia. Armentrout y Slocum, en su libro Diccionario Episcopal de la Iglesia (An Episcopal Dictionary of the Church), se\u00f1alan que el pacto bautismal \u201ces ampliamente considerado como la declaraci\u00f3n normativa de lo que significa seguir a Cristo&#8221;; en estas preguntas y respuestas, la congregaci\u00f3n expresa las maneras como cada uno de los fieles vivir\u00e1n su fe tanto dentro como fuera de los muros de la iglesia.<\/p>\n\n\n\n<p>Las primeras cuatro preguntas se inspiran en el Credo de los Ap\u00f3stoles, y el celebrante de la liturgia pregunta a los fieles sobre sus creencias acerca de cada uno de los miembros de la Trinidad, junto con un entendimiento conciso de su naturaleza. Despu\u00e9s estas preguntas, el pacto incluye otras cinco sobre c\u00f3mo nosotros, como cristianos, estamos llamados a vivir nuestra fe: con un firme compromiso y confiando en la ayuda de Dios.<\/p>\n\n\n\n<p><strong>Pacto Bautismal<\/strong><\/p>\n\n\n\n<figure class=\"wp-block-table\"><table><tbody><tr><td>Celebrante:<\/td><td>\u00bfCrees en Dios Padre?<\/td><\/tr><tr><td>Pueblo:<\/td><td>Creo en Dios Padre todopoderoso, creador del cielo y de la tierra.<\/td><\/tr><tr><td>Celebrante:<\/td><td>\u00bfCrees en Jesucristo, el Hijo de Dios?<\/td><\/tr><tr><td>Pueblo:<\/td><td>Creo en Jesucristo, su \u00fanico Hijo, nuestro Se\u00f1or. Fue concebido por obra y gracia del Esp\u00edritu Santo y naci\u00f3 de la Virgen Mar\u00eda. Padeci\u00f3 bajo el poder de Poncio Pilato.Fue crucificado, muerto y sepultado. Descendi\u00f3 a los infiernos. Al tercer d\u00eda resucit\u00f3 de entre los muertos. Subi\u00f3 a los cielos, y est\u00e1 sentado a la diestra de Dios Padre. Desde all\u00ed ha de venir a juzgar a vivos y muertos.<\/td><\/tr><tr><td>Celebrante:<\/td><td>\u00bfCrees en Dios el Esp\u00edritu Santo ?&nbsp;<\/td><\/tr><tr><td>Pueblo:<\/td><td>Creo en el Esp\u00edritu Santo, la santa Iglesia cat\u00f3lica, la comuni\u00f3n de los santos, el perd\u00f3n de los pecados, la resurrecci\u00f3n de los muertos, y la vida eterna.<\/td><\/tr><tr><td>Celebrante:<\/td><td>\u00bfContinuar\u00e1s en la ense\u00f1anza y comuni\u00f3n de los ap\u00f3stoles, en la fracci\u00f3n del pan y en las oracio nes?<\/td><\/tr><tr><td>Pueblo:<\/td><td>As\u00ed lo har\u00e9, con el auxilio de Dios.<\/td><\/tr><tr><td>Celebrante:<\/td><td>\u00bfPerseverar\u00e1s en resistir al mal, y cuando caigas en pecado, te arrepentir\u00e1s y te volver\u00e1s al Se\u00f1or?<\/td><\/tr><tr><td>Pueblo:<\/td><td>As\u00ed lo har\u00e9, con el auxilio de Dios.<\/td><\/tr><tr><td>Celebrante:<\/td><td>\u00bfProclamar\u00e1s por medio de la palabra y el ejemplo las Buenas Nuevas de Dios en Cristo?&nbsp;<\/td><\/tr><tr><td>Pueblo:<\/td><td>As\u00ed lo har\u00e9, con el auxilio de Dios.<\/td><\/tr><tr><td>Celebrante:<\/td><td>\u00bfBuscar\u00e1s y servir\u00e1s a Cristo en todas las personas, amando a tu pr\u00f3jimo como a ti mismo?&nbsp;<\/td><\/tr><tr><td>Pueblo:<\/td><td>As\u00ed lo har\u00e9, con el auxilio de Dios.<\/td><\/tr><tr><td>Celebrante:<\/td><td>\u00bfLuchar\u00e1s por la justicia y la paz entre todos los pueblos, y respetar\u00e1s la dignidad de todo ser humano?&nbsp;<\/td><\/tr><tr><td>Pueblo:<\/td><td>As\u00ed lo har\u00e9, con el auxilio de Dios.<\/td><\/tr><\/tbody><\/table><\/figure>\n\n\n\n<p>(Libro de Oraci\u00f3n Com\u00fan, p.224).<\/p>\n","protected":false},"excerpt":{"rendered":"<p>El pacto bautismal, que se encuentra en las p\u00e1ginas 224 y 225 del Libro de Oraci\u00f3n Com\u00fan, es un peque\u00f1o catecismo que se utiliza durante el rito de iniciaci\u00f3n en la Iglesia. Armentrout y Slocum, en su libro Diccionario Episcopal de la Iglesia (An Episcopal Dictionary of the Church), se\u00f1alan que el pacto bautismal \u201ces [&hellip;]<\/p>\n","protected":false},"author":444,"featured_media":2149,"parent":2195,"menu_order":0,"comment_status":"closed","ping_status":"closed","template":"","meta":{"_acf_changed":false,"_uag_custom_page_level_css":"","_kad_blocks_custom_css":"","_kad_blocks_head_custom_js":"","_kad_blocks_body_custom_js":"","_kad_blocks_footer_custom_js":"","_kadence_starter_templates_imported_post":false,"footnotes":"","_links_to":"","_links_to_target":""},"class_list":["post-2530","page","type-page","status-publish","has-post-thumbnail","hentry"],"acf":[],"yoast_head":"<!-- This site is optimized with the Yoast SEO Premium plugin v24.6 (Yoast SEO v26.3) - https:\/\/yoast.com\/wordpress\/plugins\/seo\/ -->\n<title>El pacto bautismal &#8211; The Episcopal Church<\/title>\n<meta name=\"robots\" content=\"index, follow, max-snippet:-1, max-image-preview:large, max-video-preview:-1\" \/>\n<link rel=\"canonical\" href=\"https:\/\/www.episcopalchurch.org\/es\/lo-que-creemos\/el-pacto-bautismal\/\" \/>\n<meta property=\"og:locale\" content=\"es_ES\" \/>\n<meta property=\"og:type\" content=\"article\" \/>\n<meta property=\"og:title\" content=\"El pacto bautismal\" \/>\n<meta property=\"og:description\" content=\"El pacto bautismal, que se encuentra en las p\u00e1ginas 224 y 225 del Libro de Oraci\u00f3n Com\u00fan, es un peque\u00f1o catecismo que se utiliza durante el rito de iniciaci\u00f3n en la Iglesia. Armentrout y Slocum, en su libro Diccionario Episcopal de la Iglesia (An Episcopal Dictionary of the Church), se\u00f1alan que el pacto bautismal \u201ces [&hellip;]\" \/>\n<meta property=\"og:url\" content=\"https:\/\/www.episcopalchurch.org\/es\/lo-que-creemos\/el-pacto-bautismal\/\" \/>\n<meta property=\"og:site_name\" content=\"The Episcopal Church\" \/>\n<meta property=\"article:publisher\" content=\"https:\/\/www.facebook.com\/episcopalian\" \/>\n<meta property=\"og:image\" content=\"https:\/\/www.episcopalchurch.org\/wp-content\/uploads\/2019\/10\/ourbeliefs.jpg\" \/>\n\t<meta property=\"og:image:width\" content=\"1497\" \/>\n\t<meta property=\"og:image:height\" content=\"603\" \/>\n\t<meta property=\"og:image:type\" content=\"image\/jpeg\" \/>\n<meta name=\"twitter:card\" content=\"summary_large_image\" \/>\n<meta name=\"twitter:site\" content=\"@iamepiscopalian\" \/>\n<meta name=\"twitter:label1\" content=\"Est. reading time\" \/>\n\t<meta name=\"twitter:data1\" content=\"2 minutes\" \/>\n<script type=\"application\/ld+json\" class=\"yoast-schema-graph\">{\"@context\":\"https:\/\/schema.org\",\"@graph\":[{\"@type\":\"WebPage\",\"@id\":\"https:\/\/www.episcopalchurch.org\/es\/lo-que-creemos\/el-pacto-bautismal\/\",\"url\":\"https:\/\/www.episcopalchurch.org\/es\/lo-que-creemos\/el-pacto-bautismal\/\",\"name\":\"El pacto bautismal &#8211; The Episcopal Church\",\"isPartOf\":{\"@id\":\"https:\/\/www.episcopalchurch.org\/#website\"},\"primaryImageOfPage\":{\"@id\":\"https:\/\/www.episcopalchurch.org\/es\/lo-que-creemos\/el-pacto-bautismal\/#primaryimage\"},\"image\":{\"@id\":\"https:\/\/www.episcopalchurch.org\/es\/lo-que-creemos\/el-pacto-bautismal\/#primaryimage\"},\"thumbnailUrl\":\"https:\/\/www.episcopalchurch.org\/wp-content\/uploads\/2019\/10\/ourbeliefs.jpg\",\"datePublished\":\"2020-01-15T16:15:55+00:00\",\"breadcrumb\":{\"@id\":\"https:\/\/www.episcopalchurch.org\/es\/lo-que-creemos\/el-pacto-bautismal\/#breadcrumb\"},\"inLanguage\":\"es-ES\",\"potentialAction\":[{\"@type\":\"ReadAction\",\"target\":[\"https:\/\/www.episcopalchurch.org\/es\/lo-que-creemos\/el-pacto-bautismal\/\"]}]},{\"@type\":\"ImageObject\",\"inLanguage\":\"es-ES\",\"@id\":\"https:\/\/www.episcopalchurch.org\/es\/lo-que-creemos\/el-pacto-bautismal\/#primaryimage\",\"url\":\"https:\/\/www.episcopalchurch.org\/wp-content\/uploads\/2019\/10\/ourbeliefs.jpg\",\"contentUrl\":\"https:\/\/www.episcopalchurch.org\/wp-content\/uploads\/2019\/10\/ourbeliefs.jpg\",\"width\":1497,\"height\":603,\"caption\":\"Opened bible on a wooden desk background.\"},{\"@type\":\"BreadcrumbList\",\"@id\":\"https:\/\/www.episcopalchurch.org\/es\/lo-que-creemos\/el-pacto-bautismal\/#breadcrumb\",\"itemListElement\":[{\"@type\":\"ListItem\",\"position\":1,\"name\":\"Home\",\"item\":\"https:\/\/www.episcopalchurch.org\/\"},{\"@type\":\"ListItem\",\"position\":2,\"name\":\"Lo Que Creemos\",\"item\":\"https:\/\/www.episcopalchurch.org\/lo-que-creemos\/\"},{\"@type\":\"ListItem\",\"position\":3,\"name\":\"El pacto bautismal\"}]},{\"@type\":\"WebSite\",\"@id\":\"https:\/\/www.episcopalchurch.org\/#website\",\"url\":\"https:\/\/www.episcopalchurch.org\/\",\"name\":\"The Episcopal Church\",\"description\":\"Welcomes You\",\"publisher\":{\"@id\":\"https:\/\/www.episcopalchurch.org\/#organization\"},\"potentialAction\":[{\"@type\":\"SearchAction\",\"target\":{\"@type\":\"EntryPoint\",\"urlTemplate\":\"https:\/\/www.episcopalchurch.org\/?s={search_term_string}\"},\"query-input\":{\"@type\":\"PropertyValueSpecification\",\"valueRequired\":true,\"valueName\":\"search_term_string\"}}],\"inLanguage\":\"es-ES\"},{\"@type\":\"Organization\",\"@id\":\"https:\/\/www.episcopalchurch.org\/#organization\",\"name\":\"The Episcopal Church\",\"url\":\"https:\/\/www.episcopalchurch.org\/\",\"logo\":{\"@type\":\"ImageObject\",\"inLanguage\":\"es-ES\",\"@id\":\"https:\/\/www.episcopalchurch.org\/#\/schema\/logo\/image\/\",\"url\":\"https:\/\/www.episcopalchurch.org\/wp-content\/uploads\/2021\/01\/vertical_episcopal_logo.jpg\",\"contentUrl\":\"https:\/\/www.episcopalchurch.org\/wp-content\/uploads\/2021\/01\/vertical_episcopal_logo.jpg\",\"width\":770,\"height\":662,\"caption\":\"The Episcopal Church\"},\"image\":{\"@id\":\"https:\/\/www.episcopalchurch.org\/#\/schema\/logo\/image\/\"},\"sameAs\":[\"https:\/\/www.facebook.com\/episcopalian\",\"https:\/\/x.com\/iamepiscopalian\",\"https:\/\/www.youtube.com\/channel\/UCdVJpxCtK41c_-p6EaE4_2A\"]}]}<\/script>\n<!-- \/ Yoast SEO Premium plugin. -->","yoast_head_json":{"title":"El pacto bautismal &#8211; The Episcopal Church","robots":{"index":"index","follow":"follow","max-snippet":"max-snippet:-1","max-image-preview":"max-image-preview:large","max-video-preview":"max-video-preview:-1"},"canonical":"https:\/\/www.episcopalchurch.org\/es\/lo-que-creemos\/el-pacto-bautismal\/","og_locale":"es_ES","og_type":"article","og_title":"El pacto bautismal","og_description":"El pacto bautismal, que se encuentra en las p\u00e1ginas 224 y 225 del Libro de Oraci\u00f3n Com\u00fan, es un peque\u00f1o catecismo que se utiliza durante el rito de iniciaci\u00f3n en la Iglesia. Armentrout y Slocum, en su libro Diccionario Episcopal de la Iglesia (An Episcopal Dictionary of the Church), se\u00f1alan que el pacto bautismal \u201ces [&hellip;]","og_url":"https:\/\/www.episcopalchurch.org\/es\/lo-que-creemos\/el-pacto-bautismal\/","og_site_name":"The Episcopal Church","article_publisher":"https:\/\/www.facebook.com\/episcopalian","og_image":[{"width":1497,"height":603,"url":"https:\/\/www.episcopalchurch.org\/wp-content\/uploads\/2019\/10\/ourbeliefs.jpg","type":"image\/jpeg"}],"twitter_card":"summary_large_image","twitter_site":"@iamepiscopalian","twitter_misc":{"Est. reading time":"2 minutes"},"schema":{"@context":"https:\/\/schema.org","@graph":[{"@type":"WebPage","@id":"https:\/\/www.episcopalchurch.org\/es\/lo-que-creemos\/el-pacto-bautismal\/","url":"https:\/\/www.episcopalchurch.org\/es\/lo-que-creemos\/el-pacto-bautismal\/","name":"El pacto bautismal &#8211; The Episcopal Church","isPartOf":{"@id":"https:\/\/www.episcopalchurch.org\/#website"},"primaryImageOfPage":{"@id":"https:\/\/www.episcopalchurch.org\/es\/lo-que-creemos\/el-pacto-bautismal\/#primaryimage"},"image":{"@id":"https:\/\/www.episcopalchurch.org\/es\/lo-que-creemos\/el-pacto-bautismal\/#primaryimage"},"thumbnailUrl":"https:\/\/www.episcopalchurch.org\/wp-content\/uploads\/2019\/10\/ourbeliefs.jpg","datePublished":"2020-01-15T16:15:55+00:00","breadcrumb":{"@id":"https:\/\/www.episcopalchurch.org\/es\/lo-que-creemos\/el-pacto-bautismal\/#breadcrumb"},"inLanguage":"es-ES","potentialAction":[{"@type":"ReadAction","target":["https:\/\/www.episcopalchurch.org\/es\/lo-que-creemos\/el-pacto-bautismal\/"]}]},{"@type":"ImageObject","inLanguage":"es-ES","@id":"https:\/\/www.episcopalchurch.org\/es\/lo-que-creemos\/el-pacto-bautismal\/#primaryimage","url":"https:\/\/www.episcopalchurch.org\/wp-content\/uploads\/2019\/10\/ourbeliefs.jpg","contentUrl":"https:\/\/www.episcopalchurch.org\/wp-content\/uploads\/2019\/10\/ourbeliefs.jpg","width":1497,"height":603,"caption":"Opened bible on a wooden desk background."},{"@type":"BreadcrumbList","@id":"https:\/\/www.episcopalchurch.org\/es\/lo-que-creemos\/el-pacto-bautismal\/#breadcrumb","itemListElement":[{"@type":"ListItem","position":1,"name":"Home","item":"https:\/\/www.episcopalchurch.org\/"},{"@type":"ListItem","position":2,"name":"Lo Que Creemos","item":"https:\/\/www.episcopalchurch.org\/lo-que-creemos\/"},{"@type":"ListItem","position":3,"name":"El pacto bautismal"}]},{"@type":"WebSite","@id":"https:\/\/www.episcopalchurch.org\/#website","url":"https:\/\/www.episcopalchurch.org\/","name":"The Episcopal Church","description":"Welcomes You","publisher":{"@id":"https:\/\/www.episcopalchurch.org\/#organization"},"potentialAction":[{"@type":"SearchAction","target":{"@type":"EntryPoint","urlTemplate":"https:\/\/www.episcopalchurch.org\/?s={search_term_string}"},"query-input":{"@type":"PropertyValueSpecification","valueRequired":true,"valueName":"search_term_string"}}],"inLanguage":"es-ES"},{"@type":"Organization","@id":"https:\/\/www.episcopalchurch.org\/#organization","name":"The Episcopal Church","url":"https:\/\/www.episcopalchurch.org\/","logo":{"@type":"ImageObject","inLanguage":"es-ES","@id":"https:\/\/www.episcopalchurch.org\/#\/schema\/logo\/image\/","url":"https:\/\/www.episcopalchurch.org\/wp-content\/uploads\/2021\/01\/vertical_episcopal_logo.jpg","contentUrl":"https:\/\/www.episcopalchurch.org\/wp-content\/uploads\/2021\/01\/vertical_episcopal_logo.jpg","width":770,"height":662,"caption":"The Episcopal Church"},"image":{"@id":"https:\/\/www.episcopalchurch.org\/#\/schema\/logo\/image\/"},"sameAs":["https:\/\/www.facebook.com\/episcopalian","https:\/\/x.com\/iamepiscopalian","https:\/\/www.youtube.com\/channel\/UCdVJpxCtK41c_-p6EaE4_2A"]}]}},"taxonomy_info":[],"featured_image_src_large":["https:\/\/www.episcopalchurch.org\/wp-content\/uploads\/2019\/10\/ourbeliefs.jpg",1024,412,false],"author_info":{"display_name":"wwedderburn","author_link":"https:\/\/www.episcopalchurch.org\/es\/author\/wwedderburn\/"},"comment_info":"","uagb_featured_image_src":{"full":["https:\/\/www.episcopalchurch.org\/wp-content\/uploads\/2019\/10\/ourbeliefs.jpg",1497,603,false],"thumbnail":["https:\/\/www.episcopalchurch.org\/wp-content\/uploads\/2019\/10\/ourbeliefs.jpg",150,60,false],"medium":["https:\/\/www.episcopalchurch.org\/wp-content\/uploads\/2019\/10\/ourbeliefs.jpg",300,121,false],"medium_large":["https:\/\/www.episcopalchurch.org\/wp-content\/uploads\/2019\/10\/ourbeliefs.jpg",768,309,false],"large":["https:\/\/www.episcopalchurch.org\/wp-content\/uploads\/2019\/10\/ourbeliefs.jpg",1024,412,false],"1536x1536":["https:\/\/www.episcopalchurch.org\/wp-content\/uploads\/2019\/10\/ourbeliefs.jpg",1497,603,false],"2048x2048":["https:\/\/www.episcopalchurch.org\/wp-content\/uploads\/2019\/10\/ourbeliefs.jpg",1497,603,false],"menu":["https:\/\/www.episcopalchurch.org\/wp-content\/uploads\/2019\/10\/ourbeliefs.jpg",330,133,false],"hero":["https:\/\/www.episcopalchurch.org\/wp-content\/uploads\/2019\/10\/ourbeliefs.jpg",1365,550,false],"callout-image":["https:\/\/www.episcopalchurch.org\/wp-content\/uploads\/2019\/10\/ourbeliefs.jpg",480,193,false]},"uagb_author_info":{"display_name":"wwedderburn","author_link":"https:\/\/www.episcopalchurch.org\/es\/author\/wwedderburn\/"},"uagb_comment_info":0,"uagb_excerpt":"El pacto bautismal, que se encuentra en las p\u00e1ginas 224 y 225 del Libro de Oraci\u00f3n Com\u00fan, es un peque\u00f1o catecismo que se utiliza durante el rito de iniciaci\u00f3n en la Iglesia. Armentrout y Slocum, en su libro Diccionario Episcopal de la Iglesia (An Episcopal Dictionary of the Church), se\u00f1alan que el pacto bautismal \u201ces&hellip;","_links":{"self":[{"href":"https:\/\/www.episcopalchurch.org\/es\/wp-json\/wp\/v2\/pages\/2530","targetHints":{"allow":["GET"]}}],"collection":[{"href":"https:\/\/www.episcopalchurch.org\/es\/wp-json\/wp\/v2\/pages"}],"about":[{"href":"https:\/\/www.episcopalchurch.org\/es\/wp-json\/wp\/v2\/types\/page"}],"author":[{"embeddable":true,"href":"https:\/\/www.episcopalchurch.org\/es\/wp-json\/wp\/v2\/users\/444"}],"replies":[{"embeddable":true,"href":"https:\/\/www.episcopalchurch.org\/es\/wp-json\/wp\/v2\/comments?post=2530"}],"version-history":[{"count":0,"href":"https:\/\/www.episcopalchurch.org\/es\/wp-json\/wp\/v2\/pages\/2530\/revisions"}],"up":[{"embeddable":true,"href":"https:\/\/www.episcopalchurch.org\/es\/wp-json\/wp\/v2\/pages\/2195"}],"wp:featuredmedia":[{"embeddable":true,"href":"https:\/\/www.episcopalchurch.org\/es\/wp-json\/wp\/v2\/media\/2149"}],"wp:attachment":[{"href":"https:\/\/www.episcopalchurch.org\/es\/wp-json\/wp\/v2\/media?parent=2530"}],"curies":[{"name":"wp","href":"https:\/\/api.w.org\/{rel}","templated":true}]}}