{"id":2542,"date":"2020-01-15T16:51:45","date_gmt":"2020-01-15T16:51:45","guid":{"rendered":"https:\/\/www2.episcopalchurch.org\/?page_id=2542"},"modified":"2020-01-15T16:51:45","modified_gmt":"2020-01-15T16:51:45","slug":"los-credos","status":"publish","type":"page","link":"https:\/\/www.episcopalchurch.org\/es\/lo-que-creemos\/los-credos\/","title":{"rendered":"Los credos"},"content":{"rendered":"    <div\n      class=\"wp-block-episcopal-hero-banner alignfull\"\n            style=\"background-image: url(https:\/\/www.episcopalchurch.org\/wp-content\/uploads\/2019\/10\/ourbeliefs.jpg)\"\n          >\n      <div\n        class=\"hero-banner\"\n      >\n        <div class=\"hero-banner-wrapper\">\n          <h1 class=\"episcopal-hero-title\">\n                          Los credos                      <\/h1>\n                      <div class=\"episcopal-hero-description\">\n              Lo Que\u00a0Creemos            <\/div>\n          \n                  <\/div>\n      <\/div>\n    <\/div>\n\n  \n\n\n<div class=\"wp-block-image\"><figure class=\"alignright size-large is-resized\"><img loading=\"lazy\" decoding=\"async\" src=\"https:\/\/www.episcopalchurch.org\/wp-content\/uploads\/2020\/01\/creeds_es-1024x1024.png\" alt=\"\" class=\"wp-image-2543\" width=\"300\" height=\"300\" srcset=\"https:\/\/www.episcopalchurch.org\/wp-content\/uploads\/2020\/01\/creeds_es-1024x1024.png 1024w, https:\/\/www.episcopalchurch.org\/wp-content\/uploads\/2020\/01\/creeds_es-300x300.png 300w, https:\/\/www.episcopalchurch.org\/wp-content\/uploads\/2020\/01\/creeds_es-150x150.png 150w, https:\/\/www.episcopalchurch.org\/wp-content\/uploads\/2020\/01\/creeds_es-768x768.png 768w, https:\/\/www.episcopalchurch.org\/wp-content\/uploads\/2020\/01\/creeds_es-1536x1536.png 1536w, https:\/\/www.episcopalchurch.org\/wp-content\/uploads\/2020\/01\/creeds_es-2048x2048.png 2048w, https:\/\/www.episcopalchurch.org\/wp-content\/uploads\/2020\/01\/creeds_es-480x480.png 480w\" sizes=\"auto, (max-width: 300px) 100vw, 300px\" \/><\/figure><\/div>\n\n\n\n<p>Los credos son declaraciones de nuestras creencias b\u00e1sicas acerca de Dios. El t\u00e9rmino proviene del lat\u00edn credo, que significa yo creo.<\/p>\n\n\n\n<p>Si bien siempre tendremos preguntas sobre Dios, la Iglesia y nuestra propia fe, tenemos dos credos fundacionales que usamos durante el culto: el Credo de los Ap\u00f3stoles utilizado en el bautismo y la adoraci\u00f3n diaria, y el Credo de Nicea, utilizado en la comuni\u00f3n. Al recitar y afirmar estos credos, nos unimos a cristianos de todo el mundo y de todas las \u00e9pocas para afirmar nuestra fe en el \u00fanico Dios que nos cre\u00f3, nos redimi\u00f3 y nos santific\u00f3.<\/p>\n\n\n\n<div class=\"wp-block-columns is-style-callouts is-layout-flex wp-container-core-columns-is-layout-9d6595d7 wp-block-columns-is-layout-flex\">\n<div class=\"wp-block-column is-layout-flow wp-block-column-is-layout-flow\">\n<p><strong>Credo de los Ap\u00f3stoles<\/strong><\/p>\n\n\n\n<p>Creo en Dios Padre todopoderoso,<br>&nbsp; &nbsp;creador del cielo y de la tierra.<br>Creo en Jesucristo, su \u00fanico Hijo, nuestro Se\u00f1or<br>&nbsp; &nbsp; Fue concebido por obra y gracia del Esp\u00edritu Santo<br>&nbsp; &nbsp; &nbsp; &nbsp; y naci\u00f3 de la Virgen Mar\u00eda.<br>&nbsp; &nbsp; Padeci\u00f3 bajo el poder de Poncio Pilato.<br>&nbsp; &nbsp; Fue crucificado, muerto y sepultado.<br>&nbsp; &nbsp; Descendi\u00f3 a los infiernos.<br>&nbsp; &nbsp; Al tercer d\u00eda resucit\u00f3 de entre los muertos.<br>&nbsp; &nbsp; Subi\u00f3 a los cielos,&nbsp;<br>&nbsp; &nbsp; &nbsp; &nbsp; y est\u00e1 sentado a la diestra de Dios Padre.<br>&nbsp; &nbsp; Desde all\u00ed ha de venir a juzgar a vivos y muertos.&nbsp;<br>Creo en el Esp\u00edritu Santo,<br>&nbsp; &nbsp; la santa Iglesia cat\u00f3lica,&nbsp;<br>&nbsp; &nbsp; la comuni\u00f3n de los santos,&nbsp;<br>&nbsp; &nbsp; el perd\u00f3n de los pecados,&nbsp;<br>&nbsp; &nbsp; la resurrecci\u00f3n de los muertos,&nbsp;<br>&nbsp; &nbsp; y la vida eterna. Am\u00e9n.<\/p>\n<\/div>\n\n\n\n<div class=\"wp-block-column is-layout-flow wp-block-column-is-layout-flow\">\n<p><strong>El Credo Niceno<\/strong><\/p>\n\n\n\n<p>Creemos en un solo Dios,&nbsp;<br>&nbsp; &nbsp; Padre todopoderoso,&nbsp;<br>&nbsp; &nbsp; Creador de cielo y tierra,&nbsp;<br>&nbsp; &nbsp; de todo lo visible e invisible.<br>Creemos en un solo Se\u00f1or, Jesucristo,&nbsp;<br>&nbsp; &nbsp; Hijo \u00fanico de Dios,&nbsp;<br>&nbsp; &nbsp; nacido del Padre antes de todos los siglos:&nbsp;<br>&nbsp; &nbsp; Dios de Dios, Luz de Luz,&nbsp;<br>&nbsp; &nbsp; Dios verdadero de Dios verdadero,&nbsp;<br>&nbsp; &nbsp; engendrado, no creado,&nbsp;<br>&nbsp; &nbsp; de la misma naturaleza que el Padre,&nbsp;<br>&nbsp; &nbsp; por quien todo fue hecho;&nbsp;<br>&nbsp; &nbsp; que por nosotros<br>&nbsp; &nbsp; y por nuestra salvaci\u00f3n&nbsp;&nbsp; &nbsp; baj\u00f3 del cielo:&nbsp;<br>&nbsp; &nbsp; por obra del Esp\u00edritu Santo&nbsp;<br>&nbsp; &nbsp; se encarn\u00f3 de Mar\u00eda, la Virgen,&nbsp;<br>&nbsp; &nbsp; y se hizo hombre.<br>&nbsp; &nbsp; Por nuestra causa fue crucificado&nbsp;<br>&nbsp; &nbsp; en tiempos de Poncio Pilato:&nbsp;<br>&nbsp; &nbsp; padeci\u00f3 y fue sepultado.&nbsp;<br>&nbsp; &nbsp; Resucit\u00f3 al tercer d\u00eda, seg\u00fan las Escrituras,&nbsp;<br>&nbsp; &nbsp; subi\u00f3 al cielo<br>&nbsp; &nbsp; y est\u00e1 sentado a la derecha del Padre.&nbsp;<br>&nbsp; &nbsp; De nuevo vendr\u00e1 con gloria&nbsp;<br>&nbsp; &nbsp; para juzgar a vivos y muertos,&nbsp;<br>&nbsp; &nbsp; y su reino no tendr\u00e1 fin.<br>Creemos en el Esp\u00edritu Santo,&nbsp;<br>&nbsp; &nbsp; Se\u00f1or y dador de vida,&nbsp;<br>&nbsp; &nbsp; que procede del Padre y del Hijo,&nbsp;<br>&nbsp; &nbsp; que con el Padre y el Hijo&nbsp;<br>&nbsp; &nbsp; recibe una misma adoraci\u00f3n y gloria,&nbsp;<br>&nbsp; &nbsp; y que habl\u00f3 por los profetas.&nbsp;<br>&nbsp; &nbsp; Creemos en la Iglesia,&nbsp;<br>&nbsp; &nbsp; que es una, santa, cat\u00f3lica y apost\u00f3lica.&nbsp;<br>&nbsp; &nbsp; Reconocemos un solo Bautismo&nbsp;<br>&nbsp; &nbsp; para el perd\u00f3n de los pecados.&nbsp;<br>&nbsp; &nbsp; Esperamos la resurrecci\u00f3n de los muertos&nbsp;<br>&nbsp; &nbsp; y la vida del mundo futuro. Am\u00e9n.<\/p>\n<\/div>\n<\/div>\n","protected":false},"excerpt":{"rendered":"<p>Los credos son declaraciones de nuestras creencias b\u00e1sicas acerca de Dios. El t\u00e9rmino proviene del lat\u00edn credo, que significa yo creo. Si bien siempre tendremos preguntas sobre Dios, la Iglesia y nuestra propia fe, tenemos dos credos fundacionales que usamos durante el culto: el Credo de los Ap\u00f3stoles utilizado en el bautismo y la adoraci\u00f3n [&hellip;]<\/p>\n","protected":false},"author":444,"featured_media":2149,"parent":2195,"menu_order":0,"comment_status":"closed","ping_status":"closed","template":"","meta":{"_acf_changed":false,"_uag_custom_page_level_css":"","_kad_blocks_custom_css":"","_kad_blocks_head_custom_js":"","_kad_blocks_body_custom_js":"","_kad_blocks_footer_custom_js":"","_kadence_starter_templates_imported_post":false,"footnotes":"","_links_to":"","_links_to_target":""},"class_list":["post-2542","page","type-page","status-publish","has-post-thumbnail","hentry"],"acf":[],"yoast_head":"<!-- This site is optimized with the Yoast SEO Premium plugin v24.6 (Yoast SEO v26.3) - https:\/\/yoast.com\/wordpress\/plugins\/seo\/ -->\n<title>Los credos &#8211; The Episcopal Church<\/title>\n<meta name=\"robots\" content=\"index, follow, max-snippet:-1, max-image-preview:large, max-video-preview:-1\" \/>\n<link rel=\"canonical\" href=\"https:\/\/www.episcopalchurch.org\/lo-que-creemos\/los-credos\/\" \/>\n<meta property=\"og:locale\" content=\"es_ES\" \/>\n<meta property=\"og:type\" content=\"article\" \/>\n<meta property=\"og:title\" content=\"Los credos\" \/>\n<meta property=\"og:description\" content=\"Los credos son declaraciones de nuestras creencias b\u00e1sicas acerca de Dios. El t\u00e9rmino proviene del lat\u00edn credo, que significa yo creo. Si bien siempre tendremos preguntas sobre Dios, la Iglesia y nuestra propia fe, tenemos dos credos fundacionales que usamos durante el culto: el Credo de los Ap\u00f3stoles utilizado en el bautismo y la adoraci\u00f3n [&hellip;]\" \/>\n<meta property=\"og:url\" content=\"https:\/\/www.episcopalchurch.org\/lo-que-creemos\/los-credos\/\" \/>\n<meta property=\"og:site_name\" content=\"The Episcopal Church\" \/>\n<meta property=\"article:publisher\" content=\"https:\/\/www.facebook.com\/episcopalian\" \/>\n<meta property=\"og:image\" content=\"https:\/\/www.episcopalchurch.org\/wp-content\/uploads\/2019\/10\/ourbeliefs.jpg\" \/>\n\t<meta property=\"og:image:width\" content=\"1497\" \/>\n\t<meta property=\"og:image:height\" content=\"603\" \/>\n\t<meta property=\"og:image:type\" content=\"image\/jpeg\" \/>\n<meta name=\"twitter:card\" content=\"summary_large_image\" \/>\n<meta name=\"twitter:site\" content=\"@iamepiscopalian\" \/>\n<meta name=\"twitter:label1\" content=\"Est. reading time\" \/>\n\t<meta name=\"twitter:data1\" content=\"3 minutes\" \/>\n<script type=\"application\/ld+json\" class=\"yoast-schema-graph\">{\"@context\":\"https:\/\/schema.org\",\"@graph\":[{\"@type\":\"WebPage\",\"@id\":\"https:\/\/www.episcopalchurch.org\/lo-que-creemos\/los-credos\/\",\"url\":\"https:\/\/www.episcopalchurch.org\/lo-que-creemos\/los-credos\/\",\"name\":\"Los credos &#8211; The Episcopal Church\",\"isPartOf\":{\"@id\":\"https:\/\/www.episcopalchurch.org\/#website\"},\"primaryImageOfPage\":{\"@id\":\"https:\/\/www.episcopalchurch.org\/lo-que-creemos\/los-credos\/#primaryimage\"},\"image\":{\"@id\":\"https:\/\/www.episcopalchurch.org\/lo-que-creemos\/los-credos\/#primaryimage\"},\"thumbnailUrl\":\"https:\/\/www.episcopalchurch.org\/wp-content\/uploads\/2019\/10\/ourbeliefs.jpg\",\"datePublished\":\"2020-01-15T16:51:45+00:00\",\"breadcrumb\":{\"@id\":\"https:\/\/www.episcopalchurch.org\/lo-que-creemos\/los-credos\/#breadcrumb\"},\"inLanguage\":\"es-ES\",\"potentialAction\":[{\"@type\":\"ReadAction\",\"target\":[\"https:\/\/www.episcopalchurch.org\/lo-que-creemos\/los-credos\/\"]}]},{\"@type\":\"ImageObject\",\"inLanguage\":\"es-ES\",\"@id\":\"https:\/\/www.episcopalchurch.org\/lo-que-creemos\/los-credos\/#primaryimage\",\"url\":\"https:\/\/www.episcopalchurch.org\/wp-content\/uploads\/2019\/10\/ourbeliefs.jpg\",\"contentUrl\":\"https:\/\/www.episcopalchurch.org\/wp-content\/uploads\/2019\/10\/ourbeliefs.jpg\",\"width\":1497,\"height\":603,\"caption\":\"Opened bible on a wooden desk background.\"},{\"@type\":\"BreadcrumbList\",\"@id\":\"https:\/\/www.episcopalchurch.org\/lo-que-creemos\/los-credos\/#breadcrumb\",\"itemListElement\":[{\"@type\":\"ListItem\",\"position\":1,\"name\":\"Home\",\"item\":\"https:\/\/www.episcopalchurch.org\/\"},{\"@type\":\"ListItem\",\"position\":2,\"name\":\"Lo Que Creemos\",\"item\":\"https:\/\/www.episcopalchurch.org\/lo-que-creemos\/\"},{\"@type\":\"ListItem\",\"position\":3,\"name\":\"Los credos\"}]},{\"@type\":\"WebSite\",\"@id\":\"https:\/\/www.episcopalchurch.org\/#website\",\"url\":\"https:\/\/www.episcopalchurch.org\/\",\"name\":\"The Episcopal Church\",\"description\":\"Welcomes You\",\"publisher\":{\"@id\":\"https:\/\/www.episcopalchurch.org\/#organization\"},\"potentialAction\":[{\"@type\":\"SearchAction\",\"target\":{\"@type\":\"EntryPoint\",\"urlTemplate\":\"https:\/\/www.episcopalchurch.org\/?s={search_term_string}\"},\"query-input\":{\"@type\":\"PropertyValueSpecification\",\"valueRequired\":true,\"valueName\":\"search_term_string\"}}],\"inLanguage\":\"es-ES\"},{\"@type\":\"Organization\",\"@id\":\"https:\/\/www.episcopalchurch.org\/#organization\",\"name\":\"The Episcopal Church\",\"url\":\"https:\/\/www.episcopalchurch.org\/\",\"logo\":{\"@type\":\"ImageObject\",\"inLanguage\":\"es-ES\",\"@id\":\"https:\/\/www.episcopalchurch.org\/#\/schema\/logo\/image\/\",\"url\":\"https:\/\/www.episcopalchurch.org\/wp-content\/uploads\/2021\/01\/vertical_episcopal_logo.jpg\",\"contentUrl\":\"https:\/\/www.episcopalchurch.org\/wp-content\/uploads\/2021\/01\/vertical_episcopal_logo.jpg\",\"width\":770,\"height\":662,\"caption\":\"The Episcopal Church\"},\"image\":{\"@id\":\"https:\/\/www.episcopalchurch.org\/#\/schema\/logo\/image\/\"},\"sameAs\":[\"https:\/\/www.facebook.com\/episcopalian\",\"https:\/\/x.com\/iamepiscopalian\",\"https:\/\/www.youtube.com\/channel\/UCdVJpxCtK41c_-p6EaE4_2A\"]}]}<\/script>\n<!-- \/ Yoast SEO Premium plugin. -->","yoast_head_json":{"title":"Los credos &#8211; The Episcopal Church","robots":{"index":"index","follow":"follow","max-snippet":"max-snippet:-1","max-image-preview":"max-image-preview:large","max-video-preview":"max-video-preview:-1"},"canonical":"https:\/\/www.episcopalchurch.org\/lo-que-creemos\/los-credos\/","og_locale":"es_ES","og_type":"article","og_title":"Los credos","og_description":"Los credos son declaraciones de nuestras creencias b\u00e1sicas acerca de Dios. El t\u00e9rmino proviene del lat\u00edn credo, que significa yo creo. Si bien siempre tendremos preguntas sobre Dios, la Iglesia y nuestra propia fe, tenemos dos credos fundacionales que usamos durante el culto: el Credo de los Ap\u00f3stoles utilizado en el bautismo y la adoraci\u00f3n [&hellip;]","og_url":"https:\/\/www.episcopalchurch.org\/lo-que-creemos\/los-credos\/","og_site_name":"The Episcopal Church","article_publisher":"https:\/\/www.facebook.com\/episcopalian","og_image":[{"width":1497,"height":603,"url":"https:\/\/www.episcopalchurch.org\/wp-content\/uploads\/2019\/10\/ourbeliefs.jpg","type":"image\/jpeg"}],"twitter_card":"summary_large_image","twitter_site":"@iamepiscopalian","twitter_misc":{"Est. reading time":"3 minutes"},"schema":{"@context":"https:\/\/schema.org","@graph":[{"@type":"WebPage","@id":"https:\/\/www.episcopalchurch.org\/lo-que-creemos\/los-credos\/","url":"https:\/\/www.episcopalchurch.org\/lo-que-creemos\/los-credos\/","name":"Los credos &#8211; The Episcopal Church","isPartOf":{"@id":"https:\/\/www.episcopalchurch.org\/#website"},"primaryImageOfPage":{"@id":"https:\/\/www.episcopalchurch.org\/lo-que-creemos\/los-credos\/#primaryimage"},"image":{"@id":"https:\/\/www.episcopalchurch.org\/lo-que-creemos\/los-credos\/#primaryimage"},"thumbnailUrl":"https:\/\/www.episcopalchurch.org\/wp-content\/uploads\/2019\/10\/ourbeliefs.jpg","datePublished":"2020-01-15T16:51:45+00:00","breadcrumb":{"@id":"https:\/\/www.episcopalchurch.org\/lo-que-creemos\/los-credos\/#breadcrumb"},"inLanguage":"es-ES","potentialAction":[{"@type":"ReadAction","target":["https:\/\/www.episcopalchurch.org\/lo-que-creemos\/los-credos\/"]}]},{"@type":"ImageObject","inLanguage":"es-ES","@id":"https:\/\/www.episcopalchurch.org\/lo-que-creemos\/los-credos\/#primaryimage","url":"https:\/\/www.episcopalchurch.org\/wp-content\/uploads\/2019\/10\/ourbeliefs.jpg","contentUrl":"https:\/\/www.episcopalchurch.org\/wp-content\/uploads\/2019\/10\/ourbeliefs.jpg","width":1497,"height":603,"caption":"Opened bible on a wooden desk background."},{"@type":"BreadcrumbList","@id":"https:\/\/www.episcopalchurch.org\/lo-que-creemos\/los-credos\/#breadcrumb","itemListElement":[{"@type":"ListItem","position":1,"name":"Home","item":"https:\/\/www.episcopalchurch.org\/"},{"@type":"ListItem","position":2,"name":"Lo Que Creemos","item":"https:\/\/www.episcopalchurch.org\/lo-que-creemos\/"},{"@type":"ListItem","position":3,"name":"Los credos"}]},{"@type":"WebSite","@id":"https:\/\/www.episcopalchurch.org\/#website","url":"https:\/\/www.episcopalchurch.org\/","name":"The Episcopal Church","description":"Welcomes You","publisher":{"@id":"https:\/\/www.episcopalchurch.org\/#organization"},"potentialAction":[{"@type":"SearchAction","target":{"@type":"EntryPoint","urlTemplate":"https:\/\/www.episcopalchurch.org\/?s={search_term_string}"},"query-input":{"@type":"PropertyValueSpecification","valueRequired":true,"valueName":"search_term_string"}}],"inLanguage":"es-ES"},{"@type":"Organization","@id":"https:\/\/www.episcopalchurch.org\/#organization","name":"The Episcopal Church","url":"https:\/\/www.episcopalchurch.org\/","logo":{"@type":"ImageObject","inLanguage":"es-ES","@id":"https:\/\/www.episcopalchurch.org\/#\/schema\/logo\/image\/","url":"https:\/\/www.episcopalchurch.org\/wp-content\/uploads\/2021\/01\/vertical_episcopal_logo.jpg","contentUrl":"https:\/\/www.episcopalchurch.org\/wp-content\/uploads\/2021\/01\/vertical_episcopal_logo.jpg","width":770,"height":662,"caption":"The Episcopal Church"},"image":{"@id":"https:\/\/www.episcopalchurch.org\/#\/schema\/logo\/image\/"},"sameAs":["https:\/\/www.facebook.com\/episcopalian","https:\/\/x.com\/iamepiscopalian","https:\/\/www.youtube.com\/channel\/UCdVJpxCtK41c_-p6EaE4_2A"]}]}},"taxonomy_info":[],"featured_image_src_large":["https:\/\/www.episcopalchurch.org\/wp-content\/uploads\/2019\/10\/ourbeliefs.jpg",1024,412,false],"author_info":{"display_name":"wwedderburn","author_link":"https:\/\/www.episcopalchurch.org\/es\/author\/wwedderburn\/"},"comment_info":"","uagb_featured_image_src":{"full":["https:\/\/www.episcopalchurch.org\/wp-content\/uploads\/2019\/10\/ourbeliefs.jpg",1497,603,false],"thumbnail":["https:\/\/www.episcopalchurch.org\/wp-content\/uploads\/2019\/10\/ourbeliefs.jpg",150,60,false],"medium":["https:\/\/www.episcopalchurch.org\/wp-content\/uploads\/2019\/10\/ourbeliefs.jpg",300,121,false],"medium_large":["https:\/\/www.episcopalchurch.org\/wp-content\/uploads\/2019\/10\/ourbeliefs.jpg",768,309,false],"large":["https:\/\/www.episcopalchurch.org\/wp-content\/uploads\/2019\/10\/ourbeliefs.jpg",1024,412,false],"1536x1536":["https:\/\/www.episcopalchurch.org\/wp-content\/uploads\/2019\/10\/ourbeliefs.jpg",1497,603,false],"2048x2048":["https:\/\/www.episcopalchurch.org\/wp-content\/uploads\/2019\/10\/ourbeliefs.jpg",1497,603,false],"menu":["https:\/\/www.episcopalchurch.org\/wp-content\/uploads\/2019\/10\/ourbeliefs.jpg",330,133,false],"hero":["https:\/\/www.episcopalchurch.org\/wp-content\/uploads\/2019\/10\/ourbeliefs.jpg",1365,550,false],"callout-image":["https:\/\/www.episcopalchurch.org\/wp-content\/uploads\/2019\/10\/ourbeliefs.jpg",480,193,false]},"uagb_author_info":{"display_name":"wwedderburn","author_link":"https:\/\/www.episcopalchurch.org\/es\/author\/wwedderburn\/"},"uagb_comment_info":0,"uagb_excerpt":"Los credos son declaraciones de nuestras creencias b\u00e1sicas acerca de Dios. El t\u00e9rmino proviene del lat\u00edn credo, que significa yo creo. Si bien siempre tendremos preguntas sobre Dios, la Iglesia y nuestra propia fe, tenemos dos credos fundacionales que usamos durante el culto: el Credo de los Ap\u00f3stoles utilizado en el bautismo y la adoraci\u00f3n&hellip;","_links":{"self":[{"href":"https:\/\/www.episcopalchurch.org\/es\/wp-json\/wp\/v2\/pages\/2542","targetHints":{"allow":["GET"]}}],"collection":[{"href":"https:\/\/www.episcopalchurch.org\/es\/wp-json\/wp\/v2\/pages"}],"about":[{"href":"https:\/\/www.episcopalchurch.org\/es\/wp-json\/wp\/v2\/types\/page"}],"author":[{"embeddable":true,"href":"https:\/\/www.episcopalchurch.org\/es\/wp-json\/wp\/v2\/users\/444"}],"replies":[{"embeddable":true,"href":"https:\/\/www.episcopalchurch.org\/es\/wp-json\/wp\/v2\/comments?post=2542"}],"version-history":[{"count":0,"href":"https:\/\/www.episcopalchurch.org\/es\/wp-json\/wp\/v2\/pages\/2542\/revisions"}],"up":[{"embeddable":true,"href":"https:\/\/www.episcopalchurch.org\/es\/wp-json\/wp\/v2\/pages\/2195"}],"wp:featuredmedia":[{"embeddable":true,"href":"https:\/\/www.episcopalchurch.org\/es\/wp-json\/wp\/v2\/media\/2149"}],"wp:attachment":[{"href":"https:\/\/www.episcopalchurch.org\/es\/wp-json\/wp\/v2\/media?parent=2542"}],"curies":[{"name":"wp","href":"https:\/\/api.w.org\/{rel}","templated":true}]}}