{"id":2547,"date":"2020-01-15T16:57:24","date_gmt":"2020-01-15T16:57:24","guid":{"rendered":"https:\/\/www2.episcopalchurch.org\/?page_id=2547"},"modified":"2020-01-15T16:57:24","modified_gmt":"2020-01-15T16:57:24","slug":"el-catecismo","status":"publish","type":"page","link":"https:\/\/www.episcopalchurch.org\/es\/lo-que-creemos\/el-catecismo\/","title":{"rendered":"El catecismo"},"content":{"rendered":"    <div\n      class=\"wp-block-episcopal-hero-banner alignfull\"\n            style=\"background-image: url(https:\/\/www.episcopalchurch.org\/wp-content\/uploads\/2019\/10\/ourbeliefs.jpg)\"\n          >\n      <div\n        class=\"hero-banner\"\n      >\n        <div class=\"hero-banner-wrapper\">\n          <h1 class=\"episcopal-hero-title\">\n                          El catecismo                      <\/h1>\n                      <div class=\"episcopal-hero-description\">\n              Lo Que\u00a0Creemos            <\/div>\n          \n                  <\/div>\n      <\/div>\n    <\/div>\n\n  \n\n\n<div class=\"wp-block-image\"><figure class=\"alignright size-large is-resized\"><img loading=\"lazy\" decoding=\"async\" src=\"https:\/\/www.episcopalchurch.org\/wp-content\/uploads\/2020\/01\/catechism_es-1024x1024.png\" alt=\"\" class=\"wp-image-2548\" width=\"300\" height=\"300\" srcset=\"https:\/\/www.episcopalchurch.org\/wp-content\/uploads\/2020\/01\/catechism_es-1024x1024.png 1024w, https:\/\/www.episcopalchurch.org\/wp-content\/uploads\/2020\/01\/catechism_es-300x300.png 300w, https:\/\/www.episcopalchurch.org\/wp-content\/uploads\/2020\/01\/catechism_es-150x150.png 150w, https:\/\/www.episcopalchurch.org\/wp-content\/uploads\/2020\/01\/catechism_es-768x768.png 768w, https:\/\/www.episcopalchurch.org\/wp-content\/uploads\/2020\/01\/catechism_es-1536x1536.png 1536w, https:\/\/www.episcopalchurch.org\/wp-content\/uploads\/2020\/01\/catechism_es-2048x2048.png 2048w, https:\/\/www.episcopalchurch.org\/wp-content\/uploads\/2020\/01\/catechism_es-480x480.png 480w\" sizes=\"auto, (max-width: 300px) 100vw, 300px\" \/><\/figure><\/div>\n\n\n\n<p>Ofrecido en un formato de preguntas y respuestas, el Catecismo, que se encuentra en la parte posterior del Libro de Oraci\u00f3n Com\u00fan, ayuda a ense\u00f1ar las verdades esenciales de la fe cristiana y c\u00f3mo los episcopales viven esas verdades. Tambi\u00e9n est\u00e1 organizado intencionalmente para \u201cproporcionar un breve resumen de las ense\u00f1anzas de la Iglesia a un desconocido inquisitivo que tomara el Libro de Oraci\u00f3n\u201d, con t\u00edtulos como:\u00a0<em>La naturaleza humana, Dios Padre, El Antiguo Pacto, Los diez mandamientos, Pecado y redenci\u00f3n, Dios Hijo, El Nuevo Pacto, Los Credos, El Esp\u00edritu Santo, Las Sagradas Escrituras, La Iglesia, El ministerio, Oraci\u00f3n y culto, Los sacramentos, El Santo Bautismo, La Sagrada Eucarist\u00eda, Otros ritos sacramentales\u00a0y\u00a0La esperanza cristiana.<\/em><\/p>\n","protected":false},"excerpt":{"rendered":"<p>Ofrecido en un formato de preguntas y respuestas, el Catecismo, que se encuentra en la parte posterior del Libro de Oraci\u00f3n Com\u00fan, ayuda a ense\u00f1ar las verdades esenciales de la fe cristiana y c\u00f3mo los episcopales viven esas verdades. Tambi\u00e9n est\u00e1 organizado intencionalmente para \u201cproporcionar un breve resumen de las ense\u00f1anzas de la Iglesia a [&hellip;]<\/p>\n","protected":false},"author":444,"featured_media":2149,"parent":2195,"menu_order":0,"comment_status":"closed","ping_status":"closed","template":"","meta":{"_acf_changed":false,"_uag_custom_page_level_css":"","_kad_blocks_custom_css":"","_kad_blocks_head_custom_js":"","_kad_blocks_body_custom_js":"","_kad_blocks_footer_custom_js":"","_kadence_starter_templates_imported_post":false,"footnotes":"","_links_to":"","_links_to_target":""},"class_list":["post-2547","page","type-page","status-publish","has-post-thumbnail","hentry"],"acf":[],"yoast_head":"<!-- This site is optimized with the Yoast SEO Premium plugin v24.6 (Yoast SEO v26.3) - https:\/\/yoast.com\/wordpress\/plugins\/seo\/ -->\n<title>El catecismo &#8211; The Episcopal Church<\/title>\n<meta name=\"robots\" content=\"index, follow, max-snippet:-1, max-image-preview:large, max-video-preview:-1\" \/>\n<link rel=\"canonical\" href=\"https:\/\/www.episcopalchurch.org\/es\/lo-que-creemos\/el-catecismo\/\" \/>\n<meta property=\"og:locale\" content=\"es_ES\" \/>\n<meta property=\"og:type\" content=\"article\" \/>\n<meta property=\"og:title\" content=\"El catecismo\" \/>\n<meta property=\"og:description\" content=\"Ofrecido en un formato de preguntas y respuestas, el Catecismo, que se encuentra en la parte posterior del Libro de Oraci\u00f3n Com\u00fan, ayuda a ense\u00f1ar las verdades esenciales de la fe cristiana y c\u00f3mo los episcopales viven esas verdades. Tambi\u00e9n est\u00e1 organizado intencionalmente para \u201cproporcionar un breve resumen de las ense\u00f1anzas de la Iglesia a [&hellip;]\" \/>\n<meta property=\"og:url\" content=\"https:\/\/www.episcopalchurch.org\/es\/lo-que-creemos\/el-catecismo\/\" \/>\n<meta property=\"og:site_name\" content=\"The Episcopal Church\" \/>\n<meta property=\"article:publisher\" content=\"https:\/\/www.facebook.com\/episcopalian\" \/>\n<meta property=\"og:image\" content=\"https:\/\/www.episcopalchurch.org\/wp-content\/uploads\/2019\/10\/ourbeliefs.jpg\" \/>\n\t<meta property=\"og:image:width\" content=\"1497\" \/>\n\t<meta property=\"og:image:height\" content=\"603\" \/>\n\t<meta property=\"og:image:type\" content=\"image\/jpeg\" \/>\n<meta name=\"twitter:card\" content=\"summary_large_image\" \/>\n<meta name=\"twitter:site\" content=\"@iamepiscopalian\" \/>\n<meta name=\"twitter:label1\" content=\"Est. reading time\" \/>\n\t<meta name=\"twitter:data1\" content=\"1 minute\" \/>\n<script type=\"application\/ld+json\" class=\"yoast-schema-graph\">{\"@context\":\"https:\/\/schema.org\",\"@graph\":[{\"@type\":\"WebPage\",\"@id\":\"https:\/\/www.episcopalchurch.org\/es\/lo-que-creemos\/el-catecismo\/\",\"url\":\"https:\/\/www.episcopalchurch.org\/es\/lo-que-creemos\/el-catecismo\/\",\"name\":\"El catecismo &#8211; The Episcopal Church\",\"isPartOf\":{\"@id\":\"https:\/\/www.episcopalchurch.org\/#website\"},\"primaryImageOfPage\":{\"@id\":\"https:\/\/www.episcopalchurch.org\/es\/lo-que-creemos\/el-catecismo\/#primaryimage\"},\"image\":{\"@id\":\"https:\/\/www.episcopalchurch.org\/es\/lo-que-creemos\/el-catecismo\/#primaryimage\"},\"thumbnailUrl\":\"https:\/\/www.episcopalchurch.org\/wp-content\/uploads\/2019\/10\/ourbeliefs.jpg\",\"datePublished\":\"2020-01-15T16:57:24+00:00\",\"breadcrumb\":{\"@id\":\"https:\/\/www.episcopalchurch.org\/es\/lo-que-creemos\/el-catecismo\/#breadcrumb\"},\"inLanguage\":\"es-ES\",\"potentialAction\":[{\"@type\":\"ReadAction\",\"target\":[\"https:\/\/www.episcopalchurch.org\/es\/lo-que-creemos\/el-catecismo\/\"]}]},{\"@type\":\"ImageObject\",\"inLanguage\":\"es-ES\",\"@id\":\"https:\/\/www.episcopalchurch.org\/es\/lo-que-creemos\/el-catecismo\/#primaryimage\",\"url\":\"https:\/\/www.episcopalchurch.org\/wp-content\/uploads\/2019\/10\/ourbeliefs.jpg\",\"contentUrl\":\"https:\/\/www.episcopalchurch.org\/wp-content\/uploads\/2019\/10\/ourbeliefs.jpg\",\"width\":1497,\"height\":603,\"caption\":\"Opened bible on a wooden desk background.\"},{\"@type\":\"BreadcrumbList\",\"@id\":\"https:\/\/www.episcopalchurch.org\/es\/lo-que-creemos\/el-catecismo\/#breadcrumb\",\"itemListElement\":[{\"@type\":\"ListItem\",\"position\":1,\"name\":\"Home\",\"item\":\"https:\/\/www.episcopalchurch.org\/\"},{\"@type\":\"ListItem\",\"position\":2,\"name\":\"Lo Que Creemos\",\"item\":\"https:\/\/www.episcopalchurch.org\/lo-que-creemos\/\"},{\"@type\":\"ListItem\",\"position\":3,\"name\":\"El catecismo\"}]},{\"@type\":\"WebSite\",\"@id\":\"https:\/\/www.episcopalchurch.org\/#website\",\"url\":\"https:\/\/www.episcopalchurch.org\/\",\"name\":\"The Episcopal Church\",\"description\":\"Welcomes You\",\"publisher\":{\"@id\":\"https:\/\/www.episcopalchurch.org\/#organization\"},\"potentialAction\":[{\"@type\":\"SearchAction\",\"target\":{\"@type\":\"EntryPoint\",\"urlTemplate\":\"https:\/\/www.episcopalchurch.org\/?s={search_term_string}\"},\"query-input\":{\"@type\":\"PropertyValueSpecification\",\"valueRequired\":true,\"valueName\":\"search_term_string\"}}],\"inLanguage\":\"es-ES\"},{\"@type\":\"Organization\",\"@id\":\"https:\/\/www.episcopalchurch.org\/#organization\",\"name\":\"The Episcopal Church\",\"url\":\"https:\/\/www.episcopalchurch.org\/\",\"logo\":{\"@type\":\"ImageObject\",\"inLanguage\":\"es-ES\",\"@id\":\"https:\/\/www.episcopalchurch.org\/#\/schema\/logo\/image\/\",\"url\":\"https:\/\/www.episcopalchurch.org\/wp-content\/uploads\/2021\/01\/vertical_episcopal_logo.jpg\",\"contentUrl\":\"https:\/\/www.episcopalchurch.org\/wp-content\/uploads\/2021\/01\/vertical_episcopal_logo.jpg\",\"width\":770,\"height\":662,\"caption\":\"The Episcopal Church\"},\"image\":{\"@id\":\"https:\/\/www.episcopalchurch.org\/#\/schema\/logo\/image\/\"},\"sameAs\":[\"https:\/\/www.facebook.com\/episcopalian\",\"https:\/\/x.com\/iamepiscopalian\",\"https:\/\/www.youtube.com\/channel\/UCdVJpxCtK41c_-p6EaE4_2A\"]}]}<\/script>\n<!-- \/ Yoast SEO Premium plugin. -->","yoast_head_json":{"title":"El catecismo &#8211; The Episcopal Church","robots":{"index":"index","follow":"follow","max-snippet":"max-snippet:-1","max-image-preview":"max-image-preview:large","max-video-preview":"max-video-preview:-1"},"canonical":"https:\/\/www.episcopalchurch.org\/es\/lo-que-creemos\/el-catecismo\/","og_locale":"es_ES","og_type":"article","og_title":"El catecismo","og_description":"Ofrecido en un formato de preguntas y respuestas, el Catecismo, que se encuentra en la parte posterior del Libro de Oraci\u00f3n Com\u00fan, ayuda a ense\u00f1ar las verdades esenciales de la fe cristiana y c\u00f3mo los episcopales viven esas verdades. Tambi\u00e9n est\u00e1 organizado intencionalmente para \u201cproporcionar un breve resumen de las ense\u00f1anzas de la Iglesia a [&hellip;]","og_url":"https:\/\/www.episcopalchurch.org\/es\/lo-que-creemos\/el-catecismo\/","og_site_name":"The Episcopal Church","article_publisher":"https:\/\/www.facebook.com\/episcopalian","og_image":[{"width":1497,"height":603,"url":"https:\/\/www.episcopalchurch.org\/wp-content\/uploads\/2019\/10\/ourbeliefs.jpg","type":"image\/jpeg"}],"twitter_card":"summary_large_image","twitter_site":"@iamepiscopalian","twitter_misc":{"Est. reading time":"1 minute"},"schema":{"@context":"https:\/\/schema.org","@graph":[{"@type":"WebPage","@id":"https:\/\/www.episcopalchurch.org\/es\/lo-que-creemos\/el-catecismo\/","url":"https:\/\/www.episcopalchurch.org\/es\/lo-que-creemos\/el-catecismo\/","name":"El catecismo &#8211; The Episcopal Church","isPartOf":{"@id":"https:\/\/www.episcopalchurch.org\/#website"},"primaryImageOfPage":{"@id":"https:\/\/www.episcopalchurch.org\/es\/lo-que-creemos\/el-catecismo\/#primaryimage"},"image":{"@id":"https:\/\/www.episcopalchurch.org\/es\/lo-que-creemos\/el-catecismo\/#primaryimage"},"thumbnailUrl":"https:\/\/www.episcopalchurch.org\/wp-content\/uploads\/2019\/10\/ourbeliefs.jpg","datePublished":"2020-01-15T16:57:24+00:00","breadcrumb":{"@id":"https:\/\/www.episcopalchurch.org\/es\/lo-que-creemos\/el-catecismo\/#breadcrumb"},"inLanguage":"es-ES","potentialAction":[{"@type":"ReadAction","target":["https:\/\/www.episcopalchurch.org\/es\/lo-que-creemos\/el-catecismo\/"]}]},{"@type":"ImageObject","inLanguage":"es-ES","@id":"https:\/\/www.episcopalchurch.org\/es\/lo-que-creemos\/el-catecismo\/#primaryimage","url":"https:\/\/www.episcopalchurch.org\/wp-content\/uploads\/2019\/10\/ourbeliefs.jpg","contentUrl":"https:\/\/www.episcopalchurch.org\/wp-content\/uploads\/2019\/10\/ourbeliefs.jpg","width":1497,"height":603,"caption":"Opened bible on a wooden desk background."},{"@type":"BreadcrumbList","@id":"https:\/\/www.episcopalchurch.org\/es\/lo-que-creemos\/el-catecismo\/#breadcrumb","itemListElement":[{"@type":"ListItem","position":1,"name":"Home","item":"https:\/\/www.episcopalchurch.org\/"},{"@type":"ListItem","position":2,"name":"Lo Que Creemos","item":"https:\/\/www.episcopalchurch.org\/lo-que-creemos\/"},{"@type":"ListItem","position":3,"name":"El catecismo"}]},{"@type":"WebSite","@id":"https:\/\/www.episcopalchurch.org\/#website","url":"https:\/\/www.episcopalchurch.org\/","name":"The Episcopal Church","description":"Welcomes You","publisher":{"@id":"https:\/\/www.episcopalchurch.org\/#organization"},"potentialAction":[{"@type":"SearchAction","target":{"@type":"EntryPoint","urlTemplate":"https:\/\/www.episcopalchurch.org\/?s={search_term_string}"},"query-input":{"@type":"PropertyValueSpecification","valueRequired":true,"valueName":"search_term_string"}}],"inLanguage":"es-ES"},{"@type":"Organization","@id":"https:\/\/www.episcopalchurch.org\/#organization","name":"The Episcopal Church","url":"https:\/\/www.episcopalchurch.org\/","logo":{"@type":"ImageObject","inLanguage":"es-ES","@id":"https:\/\/www.episcopalchurch.org\/#\/schema\/logo\/image\/","url":"https:\/\/www.episcopalchurch.org\/wp-content\/uploads\/2021\/01\/vertical_episcopal_logo.jpg","contentUrl":"https:\/\/www.episcopalchurch.org\/wp-content\/uploads\/2021\/01\/vertical_episcopal_logo.jpg","width":770,"height":662,"caption":"The Episcopal Church"},"image":{"@id":"https:\/\/www.episcopalchurch.org\/#\/schema\/logo\/image\/"},"sameAs":["https:\/\/www.facebook.com\/episcopalian","https:\/\/x.com\/iamepiscopalian","https:\/\/www.youtube.com\/channel\/UCdVJpxCtK41c_-p6EaE4_2A"]}]}},"taxonomy_info":[],"featured_image_src_large":["https:\/\/www.episcopalchurch.org\/wp-content\/uploads\/2019\/10\/ourbeliefs.jpg",1024,412,false],"author_info":{"display_name":"wwedderburn","author_link":"https:\/\/www.episcopalchurch.org\/es\/author\/wwedderburn\/"},"comment_info":"","uagb_featured_image_src":{"full":["https:\/\/www.episcopalchurch.org\/wp-content\/uploads\/2019\/10\/ourbeliefs.jpg",1497,603,false],"thumbnail":["https:\/\/www.episcopalchurch.org\/wp-content\/uploads\/2019\/10\/ourbeliefs.jpg",150,60,false],"medium":["https:\/\/www.episcopalchurch.org\/wp-content\/uploads\/2019\/10\/ourbeliefs.jpg",300,121,false],"medium_large":["https:\/\/www.episcopalchurch.org\/wp-content\/uploads\/2019\/10\/ourbeliefs.jpg",768,309,false],"large":["https:\/\/www.episcopalchurch.org\/wp-content\/uploads\/2019\/10\/ourbeliefs.jpg",1024,412,false],"1536x1536":["https:\/\/www.episcopalchurch.org\/wp-content\/uploads\/2019\/10\/ourbeliefs.jpg",1497,603,false],"2048x2048":["https:\/\/www.episcopalchurch.org\/wp-content\/uploads\/2019\/10\/ourbeliefs.jpg",1497,603,false],"menu":["https:\/\/www.episcopalchurch.org\/wp-content\/uploads\/2019\/10\/ourbeliefs.jpg",330,133,false],"hero":["https:\/\/www.episcopalchurch.org\/wp-content\/uploads\/2019\/10\/ourbeliefs.jpg",1365,550,false],"callout-image":["https:\/\/www.episcopalchurch.org\/wp-content\/uploads\/2019\/10\/ourbeliefs.jpg",480,193,false]},"uagb_author_info":{"display_name":"wwedderburn","author_link":"https:\/\/www.episcopalchurch.org\/es\/author\/wwedderburn\/"},"uagb_comment_info":0,"uagb_excerpt":"Ofrecido en un formato de preguntas y respuestas, el Catecismo, que se encuentra en la parte posterior del Libro de Oraci\u00f3n Com\u00fan, ayuda a ense\u00f1ar las verdades esenciales de la fe cristiana y c\u00f3mo los episcopales viven esas verdades. Tambi\u00e9n est\u00e1 organizado intencionalmente para \u201cproporcionar un breve resumen de las ense\u00f1anzas de la Iglesia a&hellip;","_links":{"self":[{"href":"https:\/\/www.episcopalchurch.org\/es\/wp-json\/wp\/v2\/pages\/2547","targetHints":{"allow":["GET"]}}],"collection":[{"href":"https:\/\/www.episcopalchurch.org\/es\/wp-json\/wp\/v2\/pages"}],"about":[{"href":"https:\/\/www.episcopalchurch.org\/es\/wp-json\/wp\/v2\/types\/page"}],"author":[{"embeddable":true,"href":"https:\/\/www.episcopalchurch.org\/es\/wp-json\/wp\/v2\/users\/444"}],"replies":[{"embeddable":true,"href":"https:\/\/www.episcopalchurch.org\/es\/wp-json\/wp\/v2\/comments?post=2547"}],"version-history":[{"count":0,"href":"https:\/\/www.episcopalchurch.org\/es\/wp-json\/wp\/v2\/pages\/2547\/revisions"}],"up":[{"embeddable":true,"href":"https:\/\/www.episcopalchurch.org\/es\/wp-json\/wp\/v2\/pages\/2195"}],"wp:featuredmedia":[{"embeddable":true,"href":"https:\/\/www.episcopalchurch.org\/es\/wp-json\/wp\/v2\/media\/2149"}],"wp:attachment":[{"href":"https:\/\/www.episcopalchurch.org\/es\/wp-json\/wp\/v2\/media?parent=2547"}],"curies":[{"name":"wp","href":"https:\/\/api.w.org\/{rel}","templated":true}]}}