{"id":2555,"date":"2020-01-15T17:11:40","date_gmt":"2020-01-15T17:11:40","guid":{"rendered":"https:\/\/www2.episcopalchurch.org\/?page_id=2555"},"modified":"2023-05-16T12:24:29","modified_gmt":"2023-05-16T16:24:29","slug":"los-sacramentos","status":"publish","type":"page","link":"https:\/\/www.episcopalchurch.org\/es\/lo-que-creemos\/los-sacramentos\/","title":{"rendered":"Los sacramentos"},"content":{"rendered":"    <div\n      class=\"wp-block-episcopal-hero-banner alignfull\"\n            style=\"background-image: url(https:\/\/www.episcopalchurch.org\/wp-content\/uploads\/2019\/10\/ourbeliefs.jpg)\"\n          >\n      <div\n        class=\"hero-banner\"\n      >\n        <div class=\"hero-banner-wrapper\">\n          <h1 class=\"episcopal-hero-title\">\n                          Los sacramentos                      <\/h1>\n                      <div class=\"episcopal-hero-description\">\n              Lo Que\u00a0Creemos            <\/div>\n          \n                  <\/div>\n      <\/div>\n    <\/div>\n\n  \n\n<div class=\"wp-block-image\">\n<figure class=\"alignright size-large is-resized\"><img loading=\"lazy\" decoding=\"async\" src=\"https:\/\/www.episcopalchurch.org\/wp-content\/uploads\/2020\/01\/sacraments_es-1024x1024.png\" alt=\"\" class=\"wp-image-2556\" width=\"300\" height=\"300\" srcset=\"https:\/\/www.episcopalchurch.org\/wp-content\/uploads\/2020\/01\/sacraments_es-1024x1024.png 1024w, https:\/\/www.episcopalchurch.org\/wp-content\/uploads\/2020\/01\/sacraments_es-300x300.png 300w, https:\/\/www.episcopalchurch.org\/wp-content\/uploads\/2020\/01\/sacraments_es-150x150.png 150w, https:\/\/www.episcopalchurch.org\/wp-content\/uploads\/2020\/01\/sacraments_es-768x768.png 768w, https:\/\/www.episcopalchurch.org\/wp-content\/uploads\/2020\/01\/sacraments_es-1536x1536.png 1536w, https:\/\/www.episcopalchurch.org\/wp-content\/uploads\/2020\/01\/sacraments_es-2048x2048.png 2048w, https:\/\/www.episcopalchurch.org\/wp-content\/uploads\/2020\/01\/sacraments_es-480x480.png 480w\" sizes=\"auto, (max-width: 300px) 100vw, 300px\" \/><\/figure><\/div>\n\n\n<p>Nuestra tradici\u00f3n anglicana reconoce los sacramentos como \u201csignos externos y visibles de una gracia interior y espiritual\u201d (El Libro de Oraci\u00f3n Com\u00fan, p.750). El Santo Bautismo y la Eucarist\u00eda (o Santa Comuni\u00f3n) son los dos grandes sacramentos dados por Cristo a su Iglesia.<\/p>\n\n\n\n<p>En el caso del Bautismo, el signo exterior y visible es el agua, en la cual la persona es bautizada en el nombre del Padre, y del Hijo, y del Esp\u00edritu Santo; la gracia interior y espiritual es la uni\u00f3n con Cristo en su muerte y resurrecci\u00f3n, el nacimiento en la familia de Dios, la Iglesia, el perd\u00f3n de los pecados y una nueva vida en el Esp\u00edritu Santo. En el caso de la Eucarist\u00eda, el signo exterior y visible es el pan y el vino, dado y recibido seg\u00fan el mandato de Cristo. La gracia interior y espiritual es el Cuerpo y la Sangre de Cristo dado a su pueblo, y recibido mediante la fe.<\/p>\n\n\n\n<p>Adem\u00e1s de estos dos, hay otros marcadores espirituales en nuestro camino de fe que pueden servir como medios de gracia. Ellos son:<\/p>\n\n\n\n<ul class=\"wp-block-list\">\n<li><strong>La Confirmaci\u00f3n: <\/strong>la afirmaci\u00f3n adulta de nuestros votos bautismales<\/li>\n\n\n\n<li><strong>La Reconciliaci\u00f3n de un penitente: <\/strong>confesi\u00f3n privada<\/li>\n\n\n\n<li><strong>El matrimonio: <\/strong>cristiano<\/li>\n\n\n\n<li><strong>Las \u00d3rdenes: <\/strong>ordenaci\u00f3n al diaconado, al sacerdocio o al episcopado<\/li>\n\n\n\n<li><strong>La Unci\u00f3n: <\/strong>ungir con los santos \u00f3leos a los que est\u00e1n enfermos aceite sagrado a los que est\u00e1n enfermos o agonizantes.<\/li>\n<\/ul>\n\n\n\n<p><\/p>\n","protected":false},"excerpt":{"rendered":"<p>Nuestra tradici\u00f3n anglicana reconoce los sacramentos como \u201csignos externos y visibles de una gracia interior y espiritual\u201d (El Libro de Oraci\u00f3n Com\u00fan, p.750). El Santo Bautismo y la Eucarist\u00eda (o Santa Comuni\u00f3n) son los dos grandes sacramentos dados por Cristo a su Iglesia. En el caso del Bautismo, el signo exterior y visible es el [&hellip;]<\/p>\n","protected":false},"author":444,"featured_media":2149,"parent":2195,"menu_order":0,"comment_status":"closed","ping_status":"closed","template":"","meta":{"_acf_changed":false,"_uag_custom_page_level_css":"","_kad_blocks_custom_css":"","_kad_blocks_head_custom_js":"","_kad_blocks_body_custom_js":"","_kad_blocks_footer_custom_js":"","_kadence_starter_templates_imported_post":false,"footnotes":"","_links_to":"","_links_to_target":""},"class_list":["post-2555","page","type-page","status-publish","has-post-thumbnail","hentry"],"acf":[],"yoast_head":"<!-- This site is optimized with the Yoast SEO Premium plugin v24.6 (Yoast SEO v26.3) - https:\/\/yoast.com\/wordpress\/plugins\/seo\/ -->\n<title>Los sacramentos &#8211; The Episcopal Church<\/title>\n<meta name=\"robots\" content=\"index, follow, max-snippet:-1, max-image-preview:large, max-video-preview:-1\" \/>\n<link rel=\"canonical\" href=\"https:\/\/www.episcopalchurch.org\/es\/lo-que-creemos\/los-sacramentos\/\" \/>\n<meta property=\"og:locale\" content=\"es_ES\" \/>\n<meta property=\"og:type\" content=\"article\" \/>\n<meta property=\"og:title\" content=\"Los sacramentos\" \/>\n<meta property=\"og:description\" content=\"Nuestra tradici\u00f3n anglicana reconoce los sacramentos como \u201csignos externos y visibles de una gracia interior y espiritual\u201d (El Libro de Oraci\u00f3n Com\u00fan, p.750). El Santo Bautismo y la Eucarist\u00eda (o Santa Comuni\u00f3n) son los dos grandes sacramentos dados por Cristo a su Iglesia. En el caso del Bautismo, el signo exterior y visible es el [&hellip;]\" \/>\n<meta property=\"og:url\" content=\"https:\/\/www.episcopalchurch.org\/es\/lo-que-creemos\/los-sacramentos\/\" \/>\n<meta property=\"og:site_name\" content=\"The Episcopal Church\" \/>\n<meta property=\"article:publisher\" content=\"https:\/\/www.facebook.com\/episcopalian\" \/>\n<meta property=\"article:modified_time\" content=\"2023-05-16T16:24:29+00:00\" \/>\n<meta property=\"og:image\" content=\"https:\/\/www.episcopalchurch.org\/wp-content\/uploads\/2019\/10\/ourbeliefs.jpg\" \/>\n\t<meta property=\"og:image:width\" content=\"1497\" \/>\n\t<meta property=\"og:image:height\" content=\"603\" \/>\n\t<meta property=\"og:image:type\" content=\"image\/jpeg\" \/>\n<meta name=\"twitter:card\" content=\"summary_large_image\" \/>\n<meta name=\"twitter:site\" content=\"@iamepiscopalian\" \/>\n<meta name=\"twitter:label1\" content=\"Est. reading time\" \/>\n\t<meta name=\"twitter:data1\" content=\"2 minutes\" \/>\n<script type=\"application\/ld+json\" class=\"yoast-schema-graph\">{\"@context\":\"https:\/\/schema.org\",\"@graph\":[{\"@type\":\"WebPage\",\"@id\":\"https:\/\/www.episcopalchurch.org\/es\/lo-que-creemos\/los-sacramentos\/\",\"url\":\"https:\/\/www.episcopalchurch.org\/es\/lo-que-creemos\/los-sacramentos\/\",\"name\":\"Los sacramentos &#8211; The Episcopal Church\",\"isPartOf\":{\"@id\":\"https:\/\/www.episcopalchurch.org\/#website\"},\"primaryImageOfPage\":{\"@id\":\"https:\/\/www.episcopalchurch.org\/es\/lo-que-creemos\/los-sacramentos\/#primaryimage\"},\"image\":{\"@id\":\"https:\/\/www.episcopalchurch.org\/es\/lo-que-creemos\/los-sacramentos\/#primaryimage\"},\"thumbnailUrl\":\"https:\/\/www.episcopalchurch.org\/wp-content\/uploads\/2019\/10\/ourbeliefs.jpg\",\"datePublished\":\"2020-01-15T17:11:40+00:00\",\"dateModified\":\"2023-05-16T16:24:29+00:00\",\"breadcrumb\":{\"@id\":\"https:\/\/www.episcopalchurch.org\/es\/lo-que-creemos\/los-sacramentos\/#breadcrumb\"},\"inLanguage\":\"es-ES\",\"potentialAction\":[{\"@type\":\"ReadAction\",\"target\":[\"https:\/\/www.episcopalchurch.org\/es\/lo-que-creemos\/los-sacramentos\/\"]}]},{\"@type\":\"ImageObject\",\"inLanguage\":\"es-ES\",\"@id\":\"https:\/\/www.episcopalchurch.org\/es\/lo-que-creemos\/los-sacramentos\/#primaryimage\",\"url\":\"https:\/\/www.episcopalchurch.org\/wp-content\/uploads\/2019\/10\/ourbeliefs.jpg\",\"contentUrl\":\"https:\/\/www.episcopalchurch.org\/wp-content\/uploads\/2019\/10\/ourbeliefs.jpg\",\"width\":1497,\"height\":603,\"caption\":\"Opened bible on a wooden desk background.\"},{\"@type\":\"BreadcrumbList\",\"@id\":\"https:\/\/www.episcopalchurch.org\/es\/lo-que-creemos\/los-sacramentos\/#breadcrumb\",\"itemListElement\":[{\"@type\":\"ListItem\",\"position\":1,\"name\":\"Home\",\"item\":\"https:\/\/www.episcopalchurch.org\/\"},{\"@type\":\"ListItem\",\"position\":2,\"name\":\"Lo Que Creemos\",\"item\":\"https:\/\/www.episcopalchurch.org\/lo-que-creemos\/\"},{\"@type\":\"ListItem\",\"position\":3,\"name\":\"Los sacramentos\"}]},{\"@type\":\"WebSite\",\"@id\":\"https:\/\/www.episcopalchurch.org\/#website\",\"url\":\"https:\/\/www.episcopalchurch.org\/\",\"name\":\"The Episcopal Church\",\"description\":\"Welcomes You\",\"publisher\":{\"@id\":\"https:\/\/www.episcopalchurch.org\/#organization\"},\"potentialAction\":[{\"@type\":\"SearchAction\",\"target\":{\"@type\":\"EntryPoint\",\"urlTemplate\":\"https:\/\/www.episcopalchurch.org\/?s={search_term_string}\"},\"query-input\":{\"@type\":\"PropertyValueSpecification\",\"valueRequired\":true,\"valueName\":\"search_term_string\"}}],\"inLanguage\":\"es-ES\"},{\"@type\":\"Organization\",\"@id\":\"https:\/\/www.episcopalchurch.org\/#organization\",\"name\":\"The Episcopal Church\",\"url\":\"https:\/\/www.episcopalchurch.org\/\",\"logo\":{\"@type\":\"ImageObject\",\"inLanguage\":\"es-ES\",\"@id\":\"https:\/\/www.episcopalchurch.org\/#\/schema\/logo\/image\/\",\"url\":\"https:\/\/www.episcopalchurch.org\/wp-content\/uploads\/2021\/01\/vertical_episcopal_logo.jpg\",\"contentUrl\":\"https:\/\/www.episcopalchurch.org\/wp-content\/uploads\/2021\/01\/vertical_episcopal_logo.jpg\",\"width\":770,\"height\":662,\"caption\":\"The Episcopal Church\"},\"image\":{\"@id\":\"https:\/\/www.episcopalchurch.org\/#\/schema\/logo\/image\/\"},\"sameAs\":[\"https:\/\/www.facebook.com\/episcopalian\",\"https:\/\/x.com\/iamepiscopalian\",\"https:\/\/www.youtube.com\/channel\/UCdVJpxCtK41c_-p6EaE4_2A\"]}]}<\/script>\n<!-- \/ Yoast SEO Premium plugin. -->","yoast_head_json":{"title":"Los sacramentos &#8211; The Episcopal Church","robots":{"index":"index","follow":"follow","max-snippet":"max-snippet:-1","max-image-preview":"max-image-preview:large","max-video-preview":"max-video-preview:-1"},"canonical":"https:\/\/www.episcopalchurch.org\/es\/lo-que-creemos\/los-sacramentos\/","og_locale":"es_ES","og_type":"article","og_title":"Los sacramentos","og_description":"Nuestra tradici\u00f3n anglicana reconoce los sacramentos como \u201csignos externos y visibles de una gracia interior y espiritual\u201d (El Libro de Oraci\u00f3n Com\u00fan, p.750). El Santo Bautismo y la Eucarist\u00eda (o Santa Comuni\u00f3n) son los dos grandes sacramentos dados por Cristo a su Iglesia. En el caso del Bautismo, el signo exterior y visible es el [&hellip;]","og_url":"https:\/\/www.episcopalchurch.org\/es\/lo-que-creemos\/los-sacramentos\/","og_site_name":"The Episcopal Church","article_publisher":"https:\/\/www.facebook.com\/episcopalian","article_modified_time":"2023-05-16T16:24:29+00:00","og_image":[{"width":1497,"height":603,"url":"https:\/\/www.episcopalchurch.org\/wp-content\/uploads\/2019\/10\/ourbeliefs.jpg","type":"image\/jpeg"}],"twitter_card":"summary_large_image","twitter_site":"@iamepiscopalian","twitter_misc":{"Est. reading time":"2 minutes"},"schema":{"@context":"https:\/\/schema.org","@graph":[{"@type":"WebPage","@id":"https:\/\/www.episcopalchurch.org\/es\/lo-que-creemos\/los-sacramentos\/","url":"https:\/\/www.episcopalchurch.org\/es\/lo-que-creemos\/los-sacramentos\/","name":"Los sacramentos &#8211; The Episcopal Church","isPartOf":{"@id":"https:\/\/www.episcopalchurch.org\/#website"},"primaryImageOfPage":{"@id":"https:\/\/www.episcopalchurch.org\/es\/lo-que-creemos\/los-sacramentos\/#primaryimage"},"image":{"@id":"https:\/\/www.episcopalchurch.org\/es\/lo-que-creemos\/los-sacramentos\/#primaryimage"},"thumbnailUrl":"https:\/\/www.episcopalchurch.org\/wp-content\/uploads\/2019\/10\/ourbeliefs.jpg","datePublished":"2020-01-15T17:11:40+00:00","dateModified":"2023-05-16T16:24:29+00:00","breadcrumb":{"@id":"https:\/\/www.episcopalchurch.org\/es\/lo-que-creemos\/los-sacramentos\/#breadcrumb"},"inLanguage":"es-ES","potentialAction":[{"@type":"ReadAction","target":["https:\/\/www.episcopalchurch.org\/es\/lo-que-creemos\/los-sacramentos\/"]}]},{"@type":"ImageObject","inLanguage":"es-ES","@id":"https:\/\/www.episcopalchurch.org\/es\/lo-que-creemos\/los-sacramentos\/#primaryimage","url":"https:\/\/www.episcopalchurch.org\/wp-content\/uploads\/2019\/10\/ourbeliefs.jpg","contentUrl":"https:\/\/www.episcopalchurch.org\/wp-content\/uploads\/2019\/10\/ourbeliefs.jpg","width":1497,"height":603,"caption":"Opened bible on a wooden desk background."},{"@type":"BreadcrumbList","@id":"https:\/\/www.episcopalchurch.org\/es\/lo-que-creemos\/los-sacramentos\/#breadcrumb","itemListElement":[{"@type":"ListItem","position":1,"name":"Home","item":"https:\/\/www.episcopalchurch.org\/"},{"@type":"ListItem","position":2,"name":"Lo Que Creemos","item":"https:\/\/www.episcopalchurch.org\/lo-que-creemos\/"},{"@type":"ListItem","position":3,"name":"Los sacramentos"}]},{"@type":"WebSite","@id":"https:\/\/www.episcopalchurch.org\/#website","url":"https:\/\/www.episcopalchurch.org\/","name":"The Episcopal Church","description":"Welcomes You","publisher":{"@id":"https:\/\/www.episcopalchurch.org\/#organization"},"potentialAction":[{"@type":"SearchAction","target":{"@type":"EntryPoint","urlTemplate":"https:\/\/www.episcopalchurch.org\/?s={search_term_string}"},"query-input":{"@type":"PropertyValueSpecification","valueRequired":true,"valueName":"search_term_string"}}],"inLanguage":"es-ES"},{"@type":"Organization","@id":"https:\/\/www.episcopalchurch.org\/#organization","name":"The Episcopal Church","url":"https:\/\/www.episcopalchurch.org\/","logo":{"@type":"ImageObject","inLanguage":"es-ES","@id":"https:\/\/www.episcopalchurch.org\/#\/schema\/logo\/image\/","url":"https:\/\/www.episcopalchurch.org\/wp-content\/uploads\/2021\/01\/vertical_episcopal_logo.jpg","contentUrl":"https:\/\/www.episcopalchurch.org\/wp-content\/uploads\/2021\/01\/vertical_episcopal_logo.jpg","width":770,"height":662,"caption":"The Episcopal Church"},"image":{"@id":"https:\/\/www.episcopalchurch.org\/#\/schema\/logo\/image\/"},"sameAs":["https:\/\/www.facebook.com\/episcopalian","https:\/\/x.com\/iamepiscopalian","https:\/\/www.youtube.com\/channel\/UCdVJpxCtK41c_-p6EaE4_2A"]}]}},"taxonomy_info":[],"featured_image_src_large":["https:\/\/www.episcopalchurch.org\/wp-content\/uploads\/2019\/10\/ourbeliefs.jpg",1024,412,false],"author_info":{"display_name":"wwedderburn","author_link":"https:\/\/www.episcopalchurch.org\/es\/author\/wwedderburn\/"},"comment_info":"","uagb_featured_image_src":{"full":["https:\/\/www.episcopalchurch.org\/wp-content\/uploads\/2019\/10\/ourbeliefs.jpg",1497,603,false],"thumbnail":["https:\/\/www.episcopalchurch.org\/wp-content\/uploads\/2019\/10\/ourbeliefs.jpg",150,60,false],"medium":["https:\/\/www.episcopalchurch.org\/wp-content\/uploads\/2019\/10\/ourbeliefs.jpg",300,121,false],"medium_large":["https:\/\/www.episcopalchurch.org\/wp-content\/uploads\/2019\/10\/ourbeliefs.jpg",768,309,false],"large":["https:\/\/www.episcopalchurch.org\/wp-content\/uploads\/2019\/10\/ourbeliefs.jpg",1024,412,false],"1536x1536":["https:\/\/www.episcopalchurch.org\/wp-content\/uploads\/2019\/10\/ourbeliefs.jpg",1497,603,false],"2048x2048":["https:\/\/www.episcopalchurch.org\/wp-content\/uploads\/2019\/10\/ourbeliefs.jpg",1497,603,false],"menu":["https:\/\/www.episcopalchurch.org\/wp-content\/uploads\/2019\/10\/ourbeliefs.jpg",330,133,false],"hero":["https:\/\/www.episcopalchurch.org\/wp-content\/uploads\/2019\/10\/ourbeliefs.jpg",1365,550,false],"callout-image":["https:\/\/www.episcopalchurch.org\/wp-content\/uploads\/2019\/10\/ourbeliefs.jpg",480,193,false]},"uagb_author_info":{"display_name":"wwedderburn","author_link":"https:\/\/www.episcopalchurch.org\/es\/author\/wwedderburn\/"},"uagb_comment_info":0,"uagb_excerpt":"Nuestra tradici\u00f3n anglicana reconoce los sacramentos como \u201csignos externos y visibles de una gracia interior y espiritual\u201d (El Libro de Oraci\u00f3n Com\u00fan, p.750). El Santo Bautismo y la Eucarist\u00eda (o Santa Comuni\u00f3n) son los dos grandes sacramentos dados por Cristo a su Iglesia. En el caso del Bautismo, el signo exterior y visible es el&hellip;","_links":{"self":[{"href":"https:\/\/www.episcopalchurch.org\/es\/wp-json\/wp\/v2\/pages\/2555","targetHints":{"allow":["GET"]}}],"collection":[{"href":"https:\/\/www.episcopalchurch.org\/es\/wp-json\/wp\/v2\/pages"}],"about":[{"href":"https:\/\/www.episcopalchurch.org\/es\/wp-json\/wp\/v2\/types\/page"}],"author":[{"embeddable":true,"href":"https:\/\/www.episcopalchurch.org\/es\/wp-json\/wp\/v2\/users\/444"}],"replies":[{"embeddable":true,"href":"https:\/\/www.episcopalchurch.org\/es\/wp-json\/wp\/v2\/comments?post=2555"}],"version-history":[{"count":0,"href":"https:\/\/www.episcopalchurch.org\/es\/wp-json\/wp\/v2\/pages\/2555\/revisions"}],"up":[{"embeddable":true,"href":"https:\/\/www.episcopalchurch.org\/es\/wp-json\/wp\/v2\/pages\/2195"}],"wp:featuredmedia":[{"embeddable":true,"href":"https:\/\/www.episcopalchurch.org\/es\/wp-json\/wp\/v2\/media\/2149"}],"wp:attachment":[{"href":"https:\/\/www.episcopalchurch.org\/es\/wp-json\/wp\/v2\/media?parent=2555"}],"curies":[{"name":"wp","href":"https:\/\/api.w.org\/{rel}","templated":true}]}}