{"id":2566,"date":"2020-01-15T17:22:03","date_gmt":"2020-01-15T17:22:03","guid":{"rendered":"https:\/\/www2.episcopalchurch.org\/?page_id=2566"},"modified":"2023-05-16T12:28:16","modified_gmt":"2023-05-16T16:28:16","slug":"la-santa-comunion","status":"publish","type":"page","link":"https:\/\/www.episcopalchurch.org\/es\/lo-que-creemos\/la-santa-comunion\/","title":{"rendered":"La santa comuni\u00f3n"},"content":{"rendered":"    <div\n      class=\"wp-block-episcopal-hero-banner alignfull\"\n            style=\"background-image: url(https:\/\/www.episcopalchurch.org\/wp-content\/uploads\/2019\/10\/ourbeliefs.jpg)\"\n          >\n      <div\n        class=\"hero-banner\"\n      >\n        <div class=\"hero-banner-wrapper\">\n          <h1 class=\"episcopal-hero-title\">\n                          La santa comuni\u00f3n                      <\/h1>\n                      <div class=\"episcopal-hero-description\">\n              Lo Que\u00a0Creemos            <\/div>\n          \n                  <\/div>\n      <\/div>\n    <\/div>\n\n  \n\n\n<figure class=\"wp-block-embed-wordpress wp-block-embed is-type-wp-embed is-provider-wistia-inc\"><div class=\"wp-block-embed__wrapper\">\n<div class=\"embed-container\"><iframe loading=\"lazy\" class=\"wp-embedded-content\" sandbox=\"allow-scripts\" security=\"restricted\" title=\"Worship Service in Spanish with The Rev. Alberto Cutie Video\" src=\"https:\/\/fast.wistia.net\/embed\/iframe\/g55qtpwqwh?dnt=1#?secret=vsnVuVy8Bd\" data-secret=\"vsnVuVy8Bd\" frameborder=\"0\" scrolling=\"no\" width=\"500\" height=\"281\"><\/iframe><\/div>\n<\/div><\/figure>\n\n\n<div class=\"wp-block-image\">\n<figure class=\"alignright size-large is-resized\"><img loading=\"lazy\" decoding=\"async\" src=\"https:\/\/www.episcopalchurch.org\/wp-content\/uploads\/2020\/01\/communion_es-1024x1024.png\" alt=\"\" class=\"wp-image-2567\" width=\"300\" height=\"300\" srcset=\"https:\/\/www.episcopalchurch.org\/wp-content\/uploads\/2020\/01\/communion_es-1024x1024.png 1024w, https:\/\/www.episcopalchurch.org\/wp-content\/uploads\/2020\/01\/communion_es-300x300.png 300w, https:\/\/www.episcopalchurch.org\/wp-content\/uploads\/2020\/01\/communion_es-150x150.png 150w, https:\/\/www.episcopalchurch.org\/wp-content\/uploads\/2020\/01\/communion_es-768x768.png 768w, https:\/\/www.episcopalchurch.org\/wp-content\/uploads\/2020\/01\/communion_es-1536x1536.png 1536w, https:\/\/www.episcopalchurch.org\/wp-content\/uploads\/2020\/01\/communion_es-2048x2048.png 2048w, https:\/\/www.episcopalchurch.org\/wp-content\/uploads\/2020\/01\/communion_es-480x480.png 480w\" sizes=\"auto, (max-width: 300px) 100vw, 300px\" \/><\/figure><\/div>\n\n\n<p>Tiene varios nombres: la Sagrada Comuni\u00f3n, la Eucarist\u00eda (que literalmente significa \u201cacci\u00f3n de gracias\u201d), la Cena del Se\u00f1or, la Misa. Pero cualquiera que sea su nombre formal, esta es la cena en familia para los cristianos y un anticipo del banquete celestial. Como tal, todas las personas que han sido bautizadas, y, por lo tanto, parte de la familia extensa que es la Iglesia, son bienvenidas a recibir el pan y el vino, y estar en comuni\u00f3n con Dios y entre s\u00ed.<\/p>\n\n\n\n<p>Antes de recibir la Comuni\u00f3n juntos, \u201cse requiere que examinemos nuestras vidas, nos arrepintamos de nuestros pecados, y estemos en amor y caridad con todos\u201d&nbsp;(Libro de Oraci\u00f3n Com\u00fan, p.752).<\/p>\n","protected":false},"excerpt":{"rendered":"<p>Tiene varios nombres: la Sagrada Comuni\u00f3n, la Eucarist\u00eda (que literalmente significa \u201cacci\u00f3n de gracias\u201d), la Cena del Se\u00f1or, la Misa. Pero cualquiera que sea su nombre formal, esta es la cena en familia para los cristianos y un anticipo del banquete celestial. Como tal, todas las personas que han sido bautizadas, y, por lo tanto, [&hellip;]<\/p>\n","protected":false},"author":444,"featured_media":2149,"parent":2195,"menu_order":0,"comment_status":"closed","ping_status":"closed","template":"","meta":{"_acf_changed":false,"_uag_custom_page_level_css":"","_kad_blocks_custom_css":"","_kad_blocks_head_custom_js":"","_kad_blocks_body_custom_js":"","_kad_blocks_footer_custom_js":"","_kadence_starter_templates_imported_post":false,"footnotes":"","_links_to":"","_links_to_target":""},"class_list":["post-2566","page","type-page","status-publish","has-post-thumbnail","hentry"],"acf":[],"yoast_head":"<!-- This site is optimized with the Yoast SEO Premium plugin v24.6 (Yoast SEO v26.3) - https:\/\/yoast.com\/wordpress\/plugins\/seo\/ -->\n<title>La santa comuni\u00f3n &#8211; The Episcopal Church<\/title>\n<meta name=\"robots\" content=\"index, follow, max-snippet:-1, max-image-preview:large, max-video-preview:-1\" \/>\n<link rel=\"canonical\" href=\"https:\/\/www.episcopalchurch.org\/es\/lo-que-creemos\/la-santa-comunion\/\" \/>\n<meta property=\"og:locale\" content=\"es_ES\" \/>\n<meta property=\"og:type\" content=\"article\" \/>\n<meta property=\"og:title\" content=\"La santa comuni\u00f3n\" \/>\n<meta property=\"og:description\" content=\"Tiene varios nombres: la Sagrada Comuni\u00f3n, la Eucarist\u00eda (que literalmente significa \u201cacci\u00f3n de gracias\u201d), la Cena del Se\u00f1or, la Misa. Pero cualquiera que sea su nombre formal, esta es la cena en familia para los cristianos y un anticipo del banquete celestial. Como tal, todas las personas que han sido bautizadas, y, por lo tanto, [&hellip;]\" \/>\n<meta property=\"og:url\" content=\"https:\/\/www.episcopalchurch.org\/es\/lo-que-creemos\/la-santa-comunion\/\" \/>\n<meta property=\"og:site_name\" content=\"The Episcopal Church\" \/>\n<meta property=\"article:publisher\" content=\"https:\/\/www.facebook.com\/episcopalian\" \/>\n<meta property=\"article:modified_time\" content=\"2023-05-16T16:28:16+00:00\" \/>\n<meta property=\"og:image\" content=\"https:\/\/www.episcopalchurch.org\/wp-content\/uploads\/2019\/10\/ourbeliefs.jpg\" \/>\n\t<meta property=\"og:image:width\" content=\"1497\" \/>\n\t<meta property=\"og:image:height\" content=\"603\" \/>\n\t<meta property=\"og:image:type\" content=\"image\/jpeg\" \/>\n<meta name=\"twitter:card\" content=\"summary_large_image\" \/>\n<meta name=\"twitter:site\" content=\"@iamepiscopalian\" \/>\n<meta name=\"twitter:label1\" content=\"Est. reading time\" \/>\n\t<meta name=\"twitter:data1\" content=\"1 minute\" \/>\n<script type=\"application\/ld+json\" class=\"yoast-schema-graph\">{\"@context\":\"https:\/\/schema.org\",\"@graph\":[{\"@type\":\"WebPage\",\"@id\":\"https:\/\/www.episcopalchurch.org\/es\/lo-que-creemos\/la-santa-comunion\/\",\"url\":\"https:\/\/www.episcopalchurch.org\/es\/lo-que-creemos\/la-santa-comunion\/\",\"name\":\"La santa comuni\u00f3n &#8211; The Episcopal Church\",\"isPartOf\":{\"@id\":\"https:\/\/www.episcopalchurch.org\/#website\"},\"primaryImageOfPage\":{\"@id\":\"https:\/\/www.episcopalchurch.org\/es\/lo-que-creemos\/la-santa-comunion\/#primaryimage\"},\"image\":{\"@id\":\"https:\/\/www.episcopalchurch.org\/es\/lo-que-creemos\/la-santa-comunion\/#primaryimage\"},\"thumbnailUrl\":\"https:\/\/www.episcopalchurch.org\/wp-content\/uploads\/2019\/10\/ourbeliefs.jpg\",\"datePublished\":\"2020-01-15T17:22:03+00:00\",\"dateModified\":\"2023-05-16T16:28:16+00:00\",\"breadcrumb\":{\"@id\":\"https:\/\/www.episcopalchurch.org\/es\/lo-que-creemos\/la-santa-comunion\/#breadcrumb\"},\"inLanguage\":\"es-ES\",\"potentialAction\":[{\"@type\":\"ReadAction\",\"target\":[\"https:\/\/www.episcopalchurch.org\/es\/lo-que-creemos\/la-santa-comunion\/\"]}]},{\"@type\":\"ImageObject\",\"inLanguage\":\"es-ES\",\"@id\":\"https:\/\/www.episcopalchurch.org\/es\/lo-que-creemos\/la-santa-comunion\/#primaryimage\",\"url\":\"https:\/\/www.episcopalchurch.org\/wp-content\/uploads\/2019\/10\/ourbeliefs.jpg\",\"contentUrl\":\"https:\/\/www.episcopalchurch.org\/wp-content\/uploads\/2019\/10\/ourbeliefs.jpg\",\"width\":1497,\"height\":603,\"caption\":\"Opened bible on a wooden desk background.\"},{\"@type\":\"BreadcrumbList\",\"@id\":\"https:\/\/www.episcopalchurch.org\/es\/lo-que-creemos\/la-santa-comunion\/#breadcrumb\",\"itemListElement\":[{\"@type\":\"ListItem\",\"position\":1,\"name\":\"Home\",\"item\":\"https:\/\/www.episcopalchurch.org\/\"},{\"@type\":\"ListItem\",\"position\":2,\"name\":\"Lo Que Creemos\",\"item\":\"https:\/\/www.episcopalchurch.org\/lo-que-creemos\/\"},{\"@type\":\"ListItem\",\"position\":3,\"name\":\"La santa comuni\u00f3n\"}]},{\"@type\":\"WebSite\",\"@id\":\"https:\/\/www.episcopalchurch.org\/#website\",\"url\":\"https:\/\/www.episcopalchurch.org\/\",\"name\":\"The Episcopal Church\",\"description\":\"Welcomes You\",\"publisher\":{\"@id\":\"https:\/\/www.episcopalchurch.org\/#organization\"},\"potentialAction\":[{\"@type\":\"SearchAction\",\"target\":{\"@type\":\"EntryPoint\",\"urlTemplate\":\"https:\/\/www.episcopalchurch.org\/?s={search_term_string}\"},\"query-input\":{\"@type\":\"PropertyValueSpecification\",\"valueRequired\":true,\"valueName\":\"search_term_string\"}}],\"inLanguage\":\"es-ES\"},{\"@type\":\"Organization\",\"@id\":\"https:\/\/www.episcopalchurch.org\/#organization\",\"name\":\"The Episcopal Church\",\"url\":\"https:\/\/www.episcopalchurch.org\/\",\"logo\":{\"@type\":\"ImageObject\",\"inLanguage\":\"es-ES\",\"@id\":\"https:\/\/www.episcopalchurch.org\/#\/schema\/logo\/image\/\",\"url\":\"https:\/\/www.episcopalchurch.org\/wp-content\/uploads\/2021\/01\/vertical_episcopal_logo.jpg\",\"contentUrl\":\"https:\/\/www.episcopalchurch.org\/wp-content\/uploads\/2021\/01\/vertical_episcopal_logo.jpg\",\"width\":770,\"height\":662,\"caption\":\"The Episcopal Church\"},\"image\":{\"@id\":\"https:\/\/www.episcopalchurch.org\/#\/schema\/logo\/image\/\"},\"sameAs\":[\"https:\/\/www.facebook.com\/episcopalian\",\"https:\/\/x.com\/iamepiscopalian\",\"https:\/\/www.youtube.com\/channel\/UCdVJpxCtK41c_-p6EaE4_2A\"]}]}<\/script>\n<!-- \/ Yoast SEO Premium plugin. -->","yoast_head_json":{"title":"La santa comuni\u00f3n &#8211; The Episcopal Church","robots":{"index":"index","follow":"follow","max-snippet":"max-snippet:-1","max-image-preview":"max-image-preview:large","max-video-preview":"max-video-preview:-1"},"canonical":"https:\/\/www.episcopalchurch.org\/es\/lo-que-creemos\/la-santa-comunion\/","og_locale":"es_ES","og_type":"article","og_title":"La santa comuni\u00f3n","og_description":"Tiene varios nombres: la Sagrada Comuni\u00f3n, la Eucarist\u00eda (que literalmente significa \u201cacci\u00f3n de gracias\u201d), la Cena del Se\u00f1or, la Misa. Pero cualquiera que sea su nombre formal, esta es la cena en familia para los cristianos y un anticipo del banquete celestial. Como tal, todas las personas que han sido bautizadas, y, por lo tanto, [&hellip;]","og_url":"https:\/\/www.episcopalchurch.org\/es\/lo-que-creemos\/la-santa-comunion\/","og_site_name":"The Episcopal Church","article_publisher":"https:\/\/www.facebook.com\/episcopalian","article_modified_time":"2023-05-16T16:28:16+00:00","og_image":[{"width":1497,"height":603,"url":"https:\/\/www.episcopalchurch.org\/wp-content\/uploads\/2019\/10\/ourbeliefs.jpg","type":"image\/jpeg"}],"twitter_card":"summary_large_image","twitter_site":"@iamepiscopalian","twitter_misc":{"Est. reading time":"1 minute"},"schema":{"@context":"https:\/\/schema.org","@graph":[{"@type":"WebPage","@id":"https:\/\/www.episcopalchurch.org\/es\/lo-que-creemos\/la-santa-comunion\/","url":"https:\/\/www.episcopalchurch.org\/es\/lo-que-creemos\/la-santa-comunion\/","name":"La santa comuni\u00f3n &#8211; The Episcopal Church","isPartOf":{"@id":"https:\/\/www.episcopalchurch.org\/#website"},"primaryImageOfPage":{"@id":"https:\/\/www.episcopalchurch.org\/es\/lo-que-creemos\/la-santa-comunion\/#primaryimage"},"image":{"@id":"https:\/\/www.episcopalchurch.org\/es\/lo-que-creemos\/la-santa-comunion\/#primaryimage"},"thumbnailUrl":"https:\/\/www.episcopalchurch.org\/wp-content\/uploads\/2019\/10\/ourbeliefs.jpg","datePublished":"2020-01-15T17:22:03+00:00","dateModified":"2023-05-16T16:28:16+00:00","breadcrumb":{"@id":"https:\/\/www.episcopalchurch.org\/es\/lo-que-creemos\/la-santa-comunion\/#breadcrumb"},"inLanguage":"es-ES","potentialAction":[{"@type":"ReadAction","target":["https:\/\/www.episcopalchurch.org\/es\/lo-que-creemos\/la-santa-comunion\/"]}]},{"@type":"ImageObject","inLanguage":"es-ES","@id":"https:\/\/www.episcopalchurch.org\/es\/lo-que-creemos\/la-santa-comunion\/#primaryimage","url":"https:\/\/www.episcopalchurch.org\/wp-content\/uploads\/2019\/10\/ourbeliefs.jpg","contentUrl":"https:\/\/www.episcopalchurch.org\/wp-content\/uploads\/2019\/10\/ourbeliefs.jpg","width":1497,"height":603,"caption":"Opened bible on a wooden desk background."},{"@type":"BreadcrumbList","@id":"https:\/\/www.episcopalchurch.org\/es\/lo-que-creemos\/la-santa-comunion\/#breadcrumb","itemListElement":[{"@type":"ListItem","position":1,"name":"Home","item":"https:\/\/www.episcopalchurch.org\/"},{"@type":"ListItem","position":2,"name":"Lo Que Creemos","item":"https:\/\/www.episcopalchurch.org\/lo-que-creemos\/"},{"@type":"ListItem","position":3,"name":"La santa comuni\u00f3n"}]},{"@type":"WebSite","@id":"https:\/\/www.episcopalchurch.org\/#website","url":"https:\/\/www.episcopalchurch.org\/","name":"The Episcopal Church","description":"Welcomes You","publisher":{"@id":"https:\/\/www.episcopalchurch.org\/#organization"},"potentialAction":[{"@type":"SearchAction","target":{"@type":"EntryPoint","urlTemplate":"https:\/\/www.episcopalchurch.org\/?s={search_term_string}"},"query-input":{"@type":"PropertyValueSpecification","valueRequired":true,"valueName":"search_term_string"}}],"inLanguage":"es-ES"},{"@type":"Organization","@id":"https:\/\/www.episcopalchurch.org\/#organization","name":"The Episcopal Church","url":"https:\/\/www.episcopalchurch.org\/","logo":{"@type":"ImageObject","inLanguage":"es-ES","@id":"https:\/\/www.episcopalchurch.org\/#\/schema\/logo\/image\/","url":"https:\/\/www.episcopalchurch.org\/wp-content\/uploads\/2021\/01\/vertical_episcopal_logo.jpg","contentUrl":"https:\/\/www.episcopalchurch.org\/wp-content\/uploads\/2021\/01\/vertical_episcopal_logo.jpg","width":770,"height":662,"caption":"The Episcopal Church"},"image":{"@id":"https:\/\/www.episcopalchurch.org\/#\/schema\/logo\/image\/"},"sameAs":["https:\/\/www.facebook.com\/episcopalian","https:\/\/x.com\/iamepiscopalian","https:\/\/www.youtube.com\/channel\/UCdVJpxCtK41c_-p6EaE4_2A"]}]}},"taxonomy_info":[],"featured_image_src_large":["https:\/\/www.episcopalchurch.org\/wp-content\/uploads\/2019\/10\/ourbeliefs.jpg",1024,412,false],"author_info":{"display_name":"wwedderburn","author_link":"https:\/\/www.episcopalchurch.org\/es\/author\/wwedderburn\/"},"comment_info":"","uagb_featured_image_src":{"full":["https:\/\/www.episcopalchurch.org\/wp-content\/uploads\/2019\/10\/ourbeliefs.jpg",1497,603,false],"thumbnail":["https:\/\/www.episcopalchurch.org\/wp-content\/uploads\/2019\/10\/ourbeliefs.jpg",150,60,false],"medium":["https:\/\/www.episcopalchurch.org\/wp-content\/uploads\/2019\/10\/ourbeliefs.jpg",300,121,false],"medium_large":["https:\/\/www.episcopalchurch.org\/wp-content\/uploads\/2019\/10\/ourbeliefs.jpg",768,309,false],"large":["https:\/\/www.episcopalchurch.org\/wp-content\/uploads\/2019\/10\/ourbeliefs.jpg",1024,412,false],"1536x1536":["https:\/\/www.episcopalchurch.org\/wp-content\/uploads\/2019\/10\/ourbeliefs.jpg",1497,603,false],"2048x2048":["https:\/\/www.episcopalchurch.org\/wp-content\/uploads\/2019\/10\/ourbeliefs.jpg",1497,603,false],"menu":["https:\/\/www.episcopalchurch.org\/wp-content\/uploads\/2019\/10\/ourbeliefs.jpg",330,133,false],"hero":["https:\/\/www.episcopalchurch.org\/wp-content\/uploads\/2019\/10\/ourbeliefs.jpg",1365,550,false],"callout-image":["https:\/\/www.episcopalchurch.org\/wp-content\/uploads\/2019\/10\/ourbeliefs.jpg",480,193,false]},"uagb_author_info":{"display_name":"wwedderburn","author_link":"https:\/\/www.episcopalchurch.org\/es\/author\/wwedderburn\/"},"uagb_comment_info":0,"uagb_excerpt":"Tiene varios nombres: la Sagrada Comuni\u00f3n, la Eucarist\u00eda (que literalmente significa \u201cacci\u00f3n de gracias\u201d), la Cena del Se\u00f1or, la Misa. Pero cualquiera que sea su nombre formal, esta es la cena en familia para los cristianos y un anticipo del banquete celestial. Como tal, todas las personas que han sido bautizadas, y, por lo tanto,&hellip;","_links":{"self":[{"href":"https:\/\/www.episcopalchurch.org\/es\/wp-json\/wp\/v2\/pages\/2566","targetHints":{"allow":["GET"]}}],"collection":[{"href":"https:\/\/www.episcopalchurch.org\/es\/wp-json\/wp\/v2\/pages"}],"about":[{"href":"https:\/\/www.episcopalchurch.org\/es\/wp-json\/wp\/v2\/types\/page"}],"author":[{"embeddable":true,"href":"https:\/\/www.episcopalchurch.org\/es\/wp-json\/wp\/v2\/users\/444"}],"replies":[{"embeddable":true,"href":"https:\/\/www.episcopalchurch.org\/es\/wp-json\/wp\/v2\/comments?post=2566"}],"version-history":[{"count":0,"href":"https:\/\/www.episcopalchurch.org\/es\/wp-json\/wp\/v2\/pages\/2566\/revisions"}],"up":[{"embeddable":true,"href":"https:\/\/www.episcopalchurch.org\/es\/wp-json\/wp\/v2\/pages\/2195"}],"wp:featuredmedia":[{"embeddable":true,"href":"https:\/\/www.episcopalchurch.org\/es\/wp-json\/wp\/v2\/media\/2149"}],"wp:attachment":[{"href":"https:\/\/www.episcopalchurch.org\/es\/wp-json\/wp\/v2\/media?parent=2566"}],"curies":[{"name":"wp","href":"https:\/\/api.w.org\/{rel}","templated":true}]}}