{"id":2587,"date":"2020-01-15T18:59:18","date_gmt":"2020-01-15T18:59:18","guid":{"rendered":"https:\/\/www2.episcopalchurch.org\/?page_id=2587"},"modified":"2022-01-19T15:31:08","modified_gmt":"2022-01-19T20:31:08","slug":"el-movimiento-de-jesus","status":"publish","type":"page","link":"https:\/\/www.episcopalchurch.org\/es\/el-movimiento-de-jesus\/","title":{"rendered":"El Movimiento de Jes\u00fas"},"content":{"rendered":"    <div\n      class=\"wp-block-episcopal-hero-banner alignfull\"\n            style=\"background-image: url(https:\/\/www.episcopalchurch.org\/wp-content\/uploads\/2020\/01\/JesusMovement_Hero.jpg)\"\n          >\n      <div\n        class=\"hero-banner\"\n      >\n        <div class=\"hero-banner-wrapper\">\n          <h1 class=\"episcopal-hero-title\">\n                          El Movimiento de Jes\u00fas                      <\/h1>\n          \n                  <\/div>\n      <\/div>\n    <\/div>\n\n  \n\n\n<figure class=\"wp-block-embed-wordpress wp-block-embed is-type-wp-embed is-provider-wistia-inc\"><div class=\"wp-block-embed__wrapper\">\n<div class=\"embed-container\"><iframe loading=\"lazy\" class=\"wp-embedded-content\" sandbox=\"allow-scripts\" security=\"restricted\" title=\"The Jesus Movement Video\" src=\"https:\/\/fast.wistia.net\/embed\/iframe\/k1akcpc0ik?dnt=1#?secret=VUcokq4GlY\" data-secret=\"VUcokq4GlY\" frameborder=\"0\" scrolling=\"no\" width=\"500\" height=\"281\"><\/iframe><\/div>\n<\/div><\/figure>\n\n\n\n<p><strong>\u00bfQu\u00e9 es el Movimiento de Jes\u00fas?<\/strong><br>Seguimos a Jes\u00fas en una relaci\u00f3n amorosa, liberadora y vivificante con Dios, entre nosotros y con la tierra.<\/p>\n\n\n\n<p><strong>\u00bfC\u00f3mo nos unimos?<\/strong><br>Primero, seguimos a Jes\u00fas. Simplemente somos la rama episcopal del Movimiento de Jes\u00fas, buscando todos los d\u00edas amar a Dios con todo nuestro coraz\u00f3n, mente y alma, y \u200b\u200bamar a nuestro pr\u00f3jimo como a nosotros mismos (Mateo 22: 36-40). Justo como Jes\u00fas.<\/p>\n\n\n\n<div class=\"wp-block-image\"><figure class=\"alignright size-large is-resized\"><img loading=\"lazy\" decoding=\"async\" src=\"https:\/\/www.episcopalchurch.org\/wp-content\/uploads\/2022\/01\/JM_Logos_Spanish_FULLCOLOR-1024x797.jpg\" alt=\"\" class=\"wp-image-259761\" width=\"512\" height=\"399\" srcset=\"https:\/\/www.episcopalchurch.org\/wp-content\/uploads\/2022\/01\/JM_Logos_Spanish_FULLCOLOR-1024x797.jpg 1024w, https:\/\/www.episcopalchurch.org\/wp-content\/uploads\/2022\/01\/JM_Logos_Spanish_FULLCOLOR-300x234.jpg 300w, https:\/\/www.episcopalchurch.org\/wp-content\/uploads\/2022\/01\/JM_Logos_Spanish_FULLCOLOR-768x598.jpg 768w, https:\/\/www.episcopalchurch.org\/wp-content\/uploads\/2022\/01\/JM_Logos_Spanish_FULLCOLOR-1536x1196.jpg 1536w, https:\/\/www.episcopalchurch.org\/wp-content\/uploads\/2022\/01\/JM_Logos_Spanish_FULLCOLOR-2048x1595.jpg 2048w, https:\/\/www.episcopalchurch.org\/wp-content\/uploads\/2022\/01\/JM_Logos_Spanish_FULLCOLOR-480x374.jpg 480w\" sizes=\"auto, (max-width: 512px) 100vw, 512px\" \/><\/figure><\/div>\n\n\n\n<p><strong>\u00bfCu\u00e1l es nuestro trabajo?<\/strong><br>Estamos trabajando en pr\u00e1cticas simples para cada \u00e1rea prioritaria; si se trata de un Movimiento, entonces todos deber\u00edamos poder captar las ideas y sumarnos. Luego estamos mapeando una estrategia que nos inspira y equipa a todos para unirnos a Dios y hacer una diferencia.<\/p>\n\n\n\n<p>El Movimiento de Jes\u00fas te lleva a lugares. Para la Iglesia Episcopal, nos llama a enfocarnos en tres prioridades espec\u00edficas del Movimiento de Jes\u00fas:<\/p>\n\n\n\n<p><strong>EVANGELISMO:&nbsp;<\/strong><br>Escuche el movimiento de Jes\u00fas en nuestras vidas y en el mundo. Dar gracias. \u00a1Proclama y celebra! Invita al Esp\u00edritu a hacer el resto.<\/p>\n\n\n\n<p><strong>INSPIRE<\/strong>&nbsp;Episcopales para abrazar el evangelismo<br><strong>CONOZCA<\/strong>&nbsp;a los evangelistas episcopales<br><strong>EQUIPAR<\/strong>&nbsp;<em>a todos<\/em>&nbsp;para ser evangelistas<br><strong>ENVIAR<\/strong>&nbsp;<em>a todos<\/em>&nbsp;como evangelistas<\/p>\n\n\n\n<p><strong>RECONCILIACI\u00d3N<\/strong>:<br>Incorporar la forma amorosa, liberadora y vivificante de Jes\u00fas con los dem\u00e1s<\/p>\n\n\n\n<p><strong>DIGA<\/strong>&nbsp;la verdad sobre la iglesia y la raza<br><strong>REESCRIBIR<\/strong>&nbsp;la narrativa<br><strong>FORMAR<\/strong>&nbsp;a los episcopales como reconciliadores<br><strong>REPARAR<\/strong>&nbsp;Y RESTAURAR las instituciones y la sociedad<\/p>\n\n\n\n<p><strong>CUIDADO DE LA CREACI\u00d3N<\/strong>:<br>Encuentro y honra el rostro de Dios en la creaci\u00f3n<\/p>\n\n\n\n<p><strong>DESARROLLAR<\/strong>&nbsp;recursos de cuidado de la creaci\u00f3n<br><strong>CRECER<\/strong>&nbsp;eco-ministerios locales<br><strong>SEGUIR<\/strong>&nbsp;con la justicia ecol\u00f3gica a nivel de toda la iglesia y local<br><strong>CONVOCAR<\/strong>&nbsp;conversaciones sobre clima y fe<\/p>\n\n\n\n<div class=\"wp-block-columns is-layout-flex wp-container-core-columns-is-layout-9d6595d7 wp-block-columns-is-layout-flex\">\n<div class=\"wp-block-column is-layout-flow wp-block-column-is-layout-flow\">    <div\n      class=\"wp-block-episcopal-callout default\"\n      style=\"background-image: url(https:\/\/www.episcopalchurch.org\/wp-content\/uploads\/2021\/10\/Honduras-prayer.jpg);color: #fff;justify-content: flex-end;\"\n    >\n      <div\n        class=\"callout-content\"\n        style=\"justify-content: flex-end;\"\n      >\n                  <a href=\"https:\/\/www.episcopalchurch.org\/es\/una-iglesia-que-luce-y-actua-como-jesus\/\" class=\"callout-url\"><\/a>\n                \n\n<h3 class=\"wp-block-heading\">Una iglesia que luce y act\u00faa como Jes\u00fas<\/h3>\n\n      <\/div>\n    <\/div>\n\n  <\/div>\n\n\n\n<div class=\"wp-block-column is-layout-flow wp-block-column-is-layout-flow\"><\/div>\n\n\n\n<div class=\"wp-block-column is-layout-flow wp-block-column-is-layout-flow\"><\/div>\n<\/div>\n","protected":false},"excerpt":{"rendered":"<p>\u00bfQu\u00e9 es el Movimiento de Jes\u00fas?Seguimos a Jes\u00fas en una relaci\u00f3n amorosa, liberadora y vivificante con Dios, entre nosotros y con la tierra. \u00bfC\u00f3mo nos unimos?Primero, seguimos a Jes\u00fas. Simplemente somos la rama episcopal del Movimiento de Jes\u00fas, buscando todos los d\u00edas amar a Dios con todo nuestro coraz\u00f3n, mente y alma, y \u200b\u200bamar a [&hellip;]<\/p>\n","protected":false},"author":444,"featured_media":0,"parent":0,"menu_order":0,"comment_status":"closed","ping_status":"closed","template":"","meta":{"_acf_changed":false,"_uag_custom_page_level_css":"","_kad_blocks_custom_css":"","_kad_blocks_head_custom_js":"","_kad_blocks_body_custom_js":"","_kad_blocks_footer_custom_js":"","_kadence_starter_templates_imported_post":false,"footnotes":"","_links_to":"","_links_to_target":""},"class_list":["post-2587","page","type-page","status-publish","hentry"],"acf":[],"yoast_head":"<!-- This site is optimized with the Yoast SEO Premium plugin v24.6 (Yoast SEO v26.3) - https:\/\/yoast.com\/wordpress\/plugins\/seo\/ -->\n<title>El Movimiento de Jes\u00fas &#8211; The Episcopal Church<\/title>\n<meta name=\"robots\" content=\"index, follow, max-snippet:-1, max-image-preview:large, max-video-preview:-1\" \/>\n<link rel=\"canonical\" href=\"https:\/\/www.episcopalchurch.org\/es\/el-movimiento-de-jesus\/\" \/>\n<meta property=\"og:locale\" content=\"es_ES\" \/>\n<meta property=\"og:type\" content=\"article\" \/>\n<meta property=\"og:title\" content=\"El Movimiento de Jes\u00fas\" \/>\n<meta property=\"og:description\" content=\"\u00bfQu\u00e9 es el Movimiento de Jes\u00fas?Seguimos a Jes\u00fas en una relaci\u00f3n amorosa, liberadora y vivificante con Dios, entre nosotros y con la tierra. \u00bfC\u00f3mo nos unimos?Primero, seguimos a Jes\u00fas. Simplemente somos la rama episcopal del Movimiento de Jes\u00fas, buscando todos los d\u00edas amar a Dios con todo nuestro coraz\u00f3n, mente y alma, y \u200b\u200bamar a [&hellip;]\" \/>\n<meta property=\"og:url\" content=\"https:\/\/www.episcopalchurch.org\/es\/el-movimiento-de-jesus\/\" \/>\n<meta property=\"og:site_name\" content=\"The Episcopal Church\" \/>\n<meta property=\"article:publisher\" content=\"https:\/\/www.facebook.com\/episcopalian\" \/>\n<meta property=\"article:modified_time\" content=\"2022-01-19T20:31:08+00:00\" \/>\n<meta property=\"og:image\" content=\"https:\/\/www.episcopalchurch.org\/wp-content\/uploads\/2022\/01\/JM_Logos_Spanish_FULLCOLOR-1024x797.jpg\" \/>\n<meta name=\"twitter:card\" content=\"summary_large_image\" \/>\n<meta name=\"twitter:site\" content=\"@iamepiscopalian\" \/>\n<meta name=\"twitter:label1\" content=\"Est. reading time\" \/>\n\t<meta name=\"twitter:data1\" content=\"2 minutes\" \/>\n<script type=\"application\/ld+json\" class=\"yoast-schema-graph\">{\"@context\":\"https:\/\/schema.org\",\"@graph\":[{\"@type\":\"WebPage\",\"@id\":\"https:\/\/www.episcopalchurch.org\/es\/el-movimiento-de-jesus\/\",\"url\":\"https:\/\/www.episcopalchurch.org\/es\/el-movimiento-de-jesus\/\",\"name\":\"El Movimiento de Jes\u00fas &#8211; The Episcopal Church\",\"isPartOf\":{\"@id\":\"https:\/\/www.episcopalchurch.org\/#website\"},\"primaryImageOfPage\":{\"@id\":\"https:\/\/www.episcopalchurch.org\/es\/el-movimiento-de-jesus\/#primaryimage\"},\"image\":{\"@id\":\"https:\/\/www.episcopalchurch.org\/es\/el-movimiento-de-jesus\/#primaryimage\"},\"thumbnailUrl\":\"https:\/\/www.episcopalchurch.org\/wp-content\/uploads\/2022\/01\/JM_Logos_Spanish_FULLCOLOR-1024x797.jpg\",\"datePublished\":\"2020-01-15T18:59:18+00:00\",\"dateModified\":\"2022-01-19T20:31:08+00:00\",\"breadcrumb\":{\"@id\":\"https:\/\/www.episcopalchurch.org\/es\/el-movimiento-de-jesus\/#breadcrumb\"},\"inLanguage\":\"es-ES\",\"potentialAction\":[{\"@type\":\"ReadAction\",\"target\":[\"https:\/\/www.episcopalchurch.org\/es\/el-movimiento-de-jesus\/\"]}]},{\"@type\":\"ImageObject\",\"inLanguage\":\"es-ES\",\"@id\":\"https:\/\/www.episcopalchurch.org\/es\/el-movimiento-de-jesus\/#primaryimage\",\"url\":\"https:\/\/www.episcopalchurch.org\/wp-content\/uploads\/2022\/01\/JM_Logos_Spanish_FULLCOLOR-1024x797.jpg\",\"contentUrl\":\"https:\/\/www.episcopalchurch.org\/wp-content\/uploads\/2022\/01\/JM_Logos_Spanish_FULLCOLOR-1024x797.jpg\"},{\"@type\":\"BreadcrumbList\",\"@id\":\"https:\/\/www.episcopalchurch.org\/es\/el-movimiento-de-jesus\/#breadcrumb\",\"itemListElement\":[{\"@type\":\"ListItem\",\"position\":1,\"name\":\"Home\",\"item\":\"https:\/\/www.episcopalchurch.org\/\"},{\"@type\":\"ListItem\",\"position\":2,\"name\":\"El Movimiento de Jes\u00fas\"}]},{\"@type\":\"WebSite\",\"@id\":\"https:\/\/www.episcopalchurch.org\/#website\",\"url\":\"https:\/\/www.episcopalchurch.org\/\",\"name\":\"The Episcopal Church\",\"description\":\"Welcomes You\",\"publisher\":{\"@id\":\"https:\/\/www.episcopalchurch.org\/#organization\"},\"potentialAction\":[{\"@type\":\"SearchAction\",\"target\":{\"@type\":\"EntryPoint\",\"urlTemplate\":\"https:\/\/www.episcopalchurch.org\/?s={search_term_string}\"},\"query-input\":{\"@type\":\"PropertyValueSpecification\",\"valueRequired\":true,\"valueName\":\"search_term_string\"}}],\"inLanguage\":\"es-ES\"},{\"@type\":\"Organization\",\"@id\":\"https:\/\/www.episcopalchurch.org\/#organization\",\"name\":\"The Episcopal Church\",\"url\":\"https:\/\/www.episcopalchurch.org\/\",\"logo\":{\"@type\":\"ImageObject\",\"inLanguage\":\"es-ES\",\"@id\":\"https:\/\/www.episcopalchurch.org\/#\/schema\/logo\/image\/\",\"url\":\"https:\/\/www.episcopalchurch.org\/wp-content\/uploads\/2021\/01\/vertical_episcopal_logo.jpg\",\"contentUrl\":\"https:\/\/www.episcopalchurch.org\/wp-content\/uploads\/2021\/01\/vertical_episcopal_logo.jpg\",\"width\":770,\"height\":662,\"caption\":\"The Episcopal Church\"},\"image\":{\"@id\":\"https:\/\/www.episcopalchurch.org\/#\/schema\/logo\/image\/\"},\"sameAs\":[\"https:\/\/www.facebook.com\/episcopalian\",\"https:\/\/x.com\/iamepiscopalian\",\"https:\/\/www.youtube.com\/channel\/UCdVJpxCtK41c_-p6EaE4_2A\"]}]}<\/script>\n<!-- \/ Yoast SEO Premium plugin. -->","yoast_head_json":{"title":"El Movimiento de Jes\u00fas &#8211; The Episcopal Church","robots":{"index":"index","follow":"follow","max-snippet":"max-snippet:-1","max-image-preview":"max-image-preview:large","max-video-preview":"max-video-preview:-1"},"canonical":"https:\/\/www.episcopalchurch.org\/es\/el-movimiento-de-jesus\/","og_locale":"es_ES","og_type":"article","og_title":"El Movimiento de Jes\u00fas","og_description":"\u00bfQu\u00e9 es el Movimiento de Jes\u00fas?Seguimos a Jes\u00fas en una relaci\u00f3n amorosa, liberadora y vivificante con Dios, entre nosotros y con la tierra. \u00bfC\u00f3mo nos unimos?Primero, seguimos a Jes\u00fas. Simplemente somos la rama episcopal del Movimiento de Jes\u00fas, buscando todos los d\u00edas amar a Dios con todo nuestro coraz\u00f3n, mente y alma, y \u200b\u200bamar a [&hellip;]","og_url":"https:\/\/www.episcopalchurch.org\/es\/el-movimiento-de-jesus\/","og_site_name":"The Episcopal Church","article_publisher":"https:\/\/www.facebook.com\/episcopalian","article_modified_time":"2022-01-19T20:31:08+00:00","og_image":[{"url":"https:\/\/www.episcopalchurch.org\/wp-content\/uploads\/2022\/01\/JM_Logos_Spanish_FULLCOLOR-1024x797.jpg","type":"","width":"","height":""}],"twitter_card":"summary_large_image","twitter_site":"@iamepiscopalian","twitter_misc":{"Est. reading time":"2 minutes"},"schema":{"@context":"https:\/\/schema.org","@graph":[{"@type":"WebPage","@id":"https:\/\/www.episcopalchurch.org\/es\/el-movimiento-de-jesus\/","url":"https:\/\/www.episcopalchurch.org\/es\/el-movimiento-de-jesus\/","name":"El Movimiento de Jes\u00fas &#8211; The Episcopal Church","isPartOf":{"@id":"https:\/\/www.episcopalchurch.org\/#website"},"primaryImageOfPage":{"@id":"https:\/\/www.episcopalchurch.org\/es\/el-movimiento-de-jesus\/#primaryimage"},"image":{"@id":"https:\/\/www.episcopalchurch.org\/es\/el-movimiento-de-jesus\/#primaryimage"},"thumbnailUrl":"https:\/\/www.episcopalchurch.org\/wp-content\/uploads\/2022\/01\/JM_Logos_Spanish_FULLCOLOR-1024x797.jpg","datePublished":"2020-01-15T18:59:18+00:00","dateModified":"2022-01-19T20:31:08+00:00","breadcrumb":{"@id":"https:\/\/www.episcopalchurch.org\/es\/el-movimiento-de-jesus\/#breadcrumb"},"inLanguage":"es-ES","potentialAction":[{"@type":"ReadAction","target":["https:\/\/www.episcopalchurch.org\/es\/el-movimiento-de-jesus\/"]}]},{"@type":"ImageObject","inLanguage":"es-ES","@id":"https:\/\/www.episcopalchurch.org\/es\/el-movimiento-de-jesus\/#primaryimage","url":"https:\/\/www.episcopalchurch.org\/wp-content\/uploads\/2022\/01\/JM_Logos_Spanish_FULLCOLOR-1024x797.jpg","contentUrl":"https:\/\/www.episcopalchurch.org\/wp-content\/uploads\/2022\/01\/JM_Logos_Spanish_FULLCOLOR-1024x797.jpg"},{"@type":"BreadcrumbList","@id":"https:\/\/www.episcopalchurch.org\/es\/el-movimiento-de-jesus\/#breadcrumb","itemListElement":[{"@type":"ListItem","position":1,"name":"Home","item":"https:\/\/www.episcopalchurch.org\/"},{"@type":"ListItem","position":2,"name":"El Movimiento de Jes\u00fas"}]},{"@type":"WebSite","@id":"https:\/\/www.episcopalchurch.org\/#website","url":"https:\/\/www.episcopalchurch.org\/","name":"The Episcopal Church","description":"Welcomes You","publisher":{"@id":"https:\/\/www.episcopalchurch.org\/#organization"},"potentialAction":[{"@type":"SearchAction","target":{"@type":"EntryPoint","urlTemplate":"https:\/\/www.episcopalchurch.org\/?s={search_term_string}"},"query-input":{"@type":"PropertyValueSpecification","valueRequired":true,"valueName":"search_term_string"}}],"inLanguage":"es-ES"},{"@type":"Organization","@id":"https:\/\/www.episcopalchurch.org\/#organization","name":"The Episcopal Church","url":"https:\/\/www.episcopalchurch.org\/","logo":{"@type":"ImageObject","inLanguage":"es-ES","@id":"https:\/\/www.episcopalchurch.org\/#\/schema\/logo\/image\/","url":"https:\/\/www.episcopalchurch.org\/wp-content\/uploads\/2021\/01\/vertical_episcopal_logo.jpg","contentUrl":"https:\/\/www.episcopalchurch.org\/wp-content\/uploads\/2021\/01\/vertical_episcopal_logo.jpg","width":770,"height":662,"caption":"The Episcopal Church"},"image":{"@id":"https:\/\/www.episcopalchurch.org\/#\/schema\/logo\/image\/"},"sameAs":["https:\/\/www.facebook.com\/episcopalian","https:\/\/x.com\/iamepiscopalian","https:\/\/www.youtube.com\/channel\/UCdVJpxCtK41c_-p6EaE4_2A"]}]}},"taxonomy_info":[],"featured_image_src_large":false,"author_info":{"display_name":"wwedderburn","author_link":"https:\/\/www.episcopalchurch.org\/es\/author\/wwedderburn\/"},"comment_info":"","uagb_featured_image_src":{"full":false,"thumbnail":false,"medium":false,"medium_large":false,"large":false,"1536x1536":false,"2048x2048":false,"menu":false,"hero":false,"callout-image":false},"uagb_author_info":{"display_name":"wwedderburn","author_link":"https:\/\/www.episcopalchurch.org\/es\/author\/wwedderburn\/"},"uagb_comment_info":0,"uagb_excerpt":"\u00bfQu\u00e9 es el Movimiento de Jes\u00fas?Seguimos a Jes\u00fas en una relaci\u00f3n amorosa, liberadora y vivificante con Dios, entre nosotros y con la tierra. \u00bfC\u00f3mo nos unimos?Primero, seguimos a Jes\u00fas. Simplemente somos la rama episcopal del Movimiento de Jes\u00fas, buscando todos los d\u00edas amar a Dios con todo nuestro coraz\u00f3n, mente y alma, y \u200b\u200bamar a&hellip;","_links":{"self":[{"href":"https:\/\/www.episcopalchurch.org\/es\/wp-json\/wp\/v2\/pages\/2587","targetHints":{"allow":["GET"]}}],"collection":[{"href":"https:\/\/www.episcopalchurch.org\/es\/wp-json\/wp\/v2\/pages"}],"about":[{"href":"https:\/\/www.episcopalchurch.org\/es\/wp-json\/wp\/v2\/types\/page"}],"author":[{"embeddable":true,"href":"https:\/\/www.episcopalchurch.org\/es\/wp-json\/wp\/v2\/users\/444"}],"replies":[{"embeddable":true,"href":"https:\/\/www.episcopalchurch.org\/es\/wp-json\/wp\/v2\/comments?post=2587"}],"version-history":[{"count":0,"href":"https:\/\/www.episcopalchurch.org\/es\/wp-json\/wp\/v2\/pages\/2587\/revisions"}],"wp:attachment":[{"href":"https:\/\/www.episcopalchurch.org\/es\/wp-json\/wp\/v2\/media?parent=2587"}],"curies":[{"name":"wp","href":"https:\/\/api.w.org\/{rel}","templated":true}]}}