{"id":271251,"date":"2022-07-07T09:56:11","date_gmt":"2022-07-07T13:56:11","guid":{"rendered":"https:\/\/www.episcopalchurch.org\/?page_id=271251"},"modified":"2025-04-11T14:11:40","modified_gmt":"2025-04-11T18:11:40","slug":"centrado-una-experiencia-de-discipulado-cristiano","status":"publish","type":"page","link":"https:\/\/www.episcopalchurch.org\/es\/centrado-una-experiencia-de-discipulado-cristiano\/","title":{"rendered":"Centrado: Una Experiencia de Discipulado Cristiano"},"content":{"rendered":"\n<div class=\"wp-block-columns is-layout-flex wp-container-core-columns-is-layout-9d6595d7 wp-block-columns-is-layout-flex\">\n<div class=\"wp-block-column is-vertically-aligned-center is-layout-flow wp-block-column-is-layout-flow\" style=\"flex-basis:66.66%\">\n<h1 class=\"has-text-align-center wp-block-heading\"><strong>Centrado:<\/strong><\/h1>\n\n\n\n<h2 class=\"has-text-align-center wp-block-heading\"><strong>Una Experiencia de Discipulado Cristiano<\/strong><\/h2>\n<\/div>\n\n\n\n<div class=\"wp-block-column is-layout-flow wp-block-column-is-layout-flow\" style=\"flex-basis:33.33%\">\n<figure class=\"wp-block-image size-full\"><img loading=\"lazy\" decoding=\"async\" width=\"371\" height=\"412\" src=\"https:\/\/www.episcopalchurch.org\/wp-content\/uploads\/2022\/07\/Centered-Logo_Color-Mark.png\" alt=\"\" class=\"wp-image-271148\" srcset=\"https:\/\/www.episcopalchurch.org\/wp-content\/uploads\/2022\/07\/Centered-Logo_Color-Mark.png 371w, https:\/\/www.episcopalchurch.org\/wp-content\/uploads\/2022\/07\/Centered-Logo_Color-Mark-270x300.png 270w\" sizes=\"auto, (max-width: 371px) 100vw, 371px\" \/><\/figure>\n<\/div>\n<\/div>\n\n\n\n<div class=\"wp-block-buttons is-layout-flex wp-block-buttons-is-layout-flex\">\n<div class=\"wp-block-button\"><a class=\"wp-block-button__link\" href=\"https:\/\/www.episcopalchurch.org\/es\/centrado-una-experiencia-de-discipulado-cristiano\/\">Inicio<\/a><\/div>\n\n\n\n<div class=\"wp-block-button\"><a class=\"wp-block-button__link\" href=\"https:\/\/www.episcopalchurch.org\/es\/centrado-una-experiencia-de-discipulado-cristiano\/consejos-y-recursos\/\">Consejos y recursos<\/a><\/div>\n\n\n\n<div class=\"wp-block-button\"><a class=\"wp-block-button__link\" href=\"https:\/\/www.episcopalchurch.org\/es\/centrado-una-experiencia-de-discipulado-cristiano\/sesiones%ef%bf%bc\/\">Sesiones<\/a><\/div>\n\n\n\n<div class=\"wp-block-button\"><a class=\"wp-block-button__link\" href=\"https:\/\/www.episcopalchurch.org\/es\/centrado-una-experiencia-de-discipulado-cristiano\/participantes\/\">Participantes<\/a><\/div>\n<\/div>\n\n\n\n<div style=\"height:50px\" aria-hidden=\"true\" class=\"wp-block-spacer\"><\/div>\n\n\n\n<figure class=\"wp-block-embed is-type-wp-embed is-provider-wistia-inc wp-block-embed-wistia-inc\"><div class=\"wp-block-embed__wrapper\">\n<div class=\"embed-container\"><iframe loading=\"lazy\" class=\"wp-embedded-content\" sandbox=\"allow-scripts\" security=\"restricted\" title=\"Centered Video\" src=\"https:\/\/fast.wistia.net\/embed\/iframe\/kn6bwt90vn?dnt=1#?secret=1aMZxXQ1o5\" data-secret=\"1aMZxXQ1o5\" frameborder=\"0\" scrolling=\"no\" width=\"500\" height=\"281\"><\/iframe><\/div>\n<\/div><\/figure>\n\n\n\n<div class=\"wp-block-columns is-layout-flex wp-container-core-columns-is-layout-9d6595d7 wp-block-columns-is-layout-flex\">\n<div class=\"wp-block-column is-layout-flow wp-block-column-is-layout-flow\">\n<div class=\"wp-block-buttons is-layout-flex wp-block-buttons-is-layout-flex\">\n<div class=\"wp-block-button\"><a class=\"wp-block-button__link wp-element-button\" href=\"https:\/\/www.episcopalchurch.org\/es\/centrado-una-experiencia-de-discipulado-cristiano\/1a-sesion\/\">\u00a1Comienza ahora!<\/a><\/div>\n<\/div>\n<\/div>\n\n\n\n<div class=\"wp-block-column is-layout-flow wp-block-column-is-layout-flow\"><\/div>\n\n\n\n<div class=\"wp-block-column is-layout-flow wp-block-column-is-layout-flow\"><\/div>\n<\/div>\n\n\n\n<p>Centrado es una serie de discipulado que gu\u00eda a las peque\u00f1as comunidades reunidas a arraigarse profundamente en el amor con Dios y entre nosotros, para que todos podamos crecer para parecernos, actuar y amar m\u00e1s como Jes\u00fas. La experiencia incluye una capacitaci\u00f3n inicial de tres sesiones para facilitadores de grupo, seguida de nueve sesiones b\u00e1sicas durante las cuales los miembros de la iglesia, vecinos y amigos se re\u00fanen para compartir una comida y una oraci\u00f3n de agradecimiento; ver dos cortometrajes, abordar preguntas sobre Dios, la pertenencia y vivir una vida significativa; y apoyarse mutuamente para comprometerse a seguir intencionalmente a Jes\u00fas y su Camino del Amor.<\/p>\n\n\n\n<p>La serie completa Centrado consta de nueve sesiones que se pueden hacer en incrementos de 60, 90 o 120 minutos, en persona o a trav\u00e9s de una plataforma digital. Cada sesi\u00f3n cuenta con contenido de video presentado por <a href=\"https:\/\/www.episcopalchurch.org\/es\/centrado-una-experiencia-de-discipulado-cristiano\/participantes\/\">un equipo diverso de l\u00edderes<\/a>, laicos y ordenados, de toda la Iglesia Episcopal.<\/p>\n\n\n\n<p>Los temas son:<br>Conociendo a Jes\u00fas y unos a otros<br>Conocer a Jes\u00fas y compartir la vida en grupos peque\u00f1os<br>Seguir a Jes\u00fas como forma de vida<br>Amar a Dios como lo hace Jes\u00fas<br>Amar al pr\u00f3jimo y a los extra\u00f1os como lo hace Jes\u00fas<br>Amar a otros disc\u00edpulos como lo hace Jes\u00fas<br>Amarnos a nosotros mismos como lo hace Jes\u00fas<br>Crear una regla de vida sostenible<br>Present\u00e1ndonos y actuando como Jes\u00fas: Juntos<\/p>\n\n\n\n<p>Este ofrecimiento es posible gracias al trabajo de la Iglesia Episcopal, en colaboraci\u00f3n con colegas de toda la Comuni\u00f3n Anglicana, con una subvenci\u00f3n de la Ofrenda Unida de Acci\u00f3n de Gracias. Para obtener m\u00e1s informaci\u00f3n, comun\u00edquese con <a href=\"https:\/\/www.episcopalchurch.org\/?post_type=staff&#038;p=175568\">Jerusalem Greer<\/a>, encargado de personal para evangelizaci\u00f3n.<\/p>\n\n\n\n<div class=\"wp-block-columns is-layout-flex wp-container-core-columns-is-layout-9d6595d7 wp-block-columns-is-layout-flex\">\n<div class=\"wp-block-column is-layout-flow wp-block-column-is-layout-flow\" style=\"flex-basis:100%\">\n<div class=\"wp-block-columns is-layout-flex wp-container-core-columns-is-layout-9d6595d7 wp-block-columns-is-layout-flex\">\n<div class=\"wp-block-column is-layout-flow wp-block-column-is-layout-flow\">\n<div class=\"wp-block-buttons is-layout-flex wp-block-buttons-is-layout-flex\">\n<div class=\"wp-block-button\"><a class=\"wp-block-button__link wp-element-button\" href=\"https:\/\/www.episcopalchurch.org\/wp-content\/uploads\/2022\/09\/Centrado-SP-Group-Leaders-Guidebook.pdf\">Descarga el Manual del L\u00edder del Grupo<\/a><\/div>\n<\/div>\n<\/div>\n\n\n\n<div class=\"wp-block-column is-layout-flow wp-block-column-is-layout-flow\">\n<div class=\"wp-block-buttons is-layout-flex wp-block-buttons-is-layout-flex\">\n<div class=\"wp-block-button\"><a class=\"wp-block-button__link wp-element-button\" href=\"https:\/\/www.episcopalchurch.org\/wp-content\/uploads\/2022\/09\/Centrado-SP-Participant-Guidebook.pdf\">Descarga el Manual del Participante<\/a><\/div>\n<\/div>\n<\/div>\n<\/div>\n<\/div>\n<\/div>\n\n\n\n<div class=\"wp-block-columns is-layout-flex wp-container-core-columns-is-layout-9d6595d7 wp-block-columns-is-layout-flex\">\n<div class=\"wp-block-column is-layout-flow wp-block-column-is-layout-flow\">\n<div class=\"wp-block-buttons is-layout-flex wp-block-buttons-is-layout-flex\">\n<div class=\"wp-block-button\"><a class=\"wp-block-button__link wp-element-button\" href=\"https:\/\/www.episcopalchurch.org\/es\/centrado-una-experiencia-de-discipulado-cristiano\/consejos-y-recursos\/\">C\u00f3mo usar Centrado<\/a><\/div>\n<\/div>\n<\/div>\n\n\n\n<div class=\"wp-block-column is-layout-flow wp-block-column-is-layout-flow\">\n<div class=\"wp-block-buttons is-layout-flex wp-block-buttons-is-layout-flex\">\n<div class=\"wp-block-button\"><a class=\"wp-block-button__link wp-element-button\" href=\"https:\/\/www.episcopalchurch.org\/way-of-love\/\">M\u00e1s informaci\u00f3n sobre El Camino del Amor<\/a><\/div>\n<\/div>\n<\/div>\n<\/div>\n\n\n\n<div class=\"wp-block-columns is-style-default is-layout-flex wp-container-core-columns-is-layout-9d6595d7 wp-block-columns-is-layout-flex\">\n<div class=\"wp-block-column is-vertically-aligned-center is-layout-flow wp-block-column-is-layout-flow\">\n<figure class=\"wp-block-image size-full\"><img loading=\"lazy\" decoding=\"async\" width=\"777\" height=\"443\" src=\"https:\/\/www.episcopalchurch.org\/wp-content\/uploads\/2022\/09\/Centered-Logo_Color.jpg\" alt=\"\" class=\"wp-image-275215\" srcset=\"https:\/\/www.episcopalchurch.org\/wp-content\/uploads\/2022\/09\/Centered-Logo_Color.jpg 777w, https:\/\/www.episcopalchurch.org\/wp-content\/uploads\/2022\/09\/Centered-Logo_Color-300x171.jpg 300w, https:\/\/www.episcopalchurch.org\/wp-content\/uploads\/2022\/09\/Centered-Logo_Color-768x438.jpg 768w, https:\/\/www.episcopalchurch.org\/wp-content\/uploads\/2022\/09\/Centered-Logo_Color-480x274.jpg 480w\" sizes=\"auto, (max-width: 777px) 100vw, 777px\" \/><\/figure>\n<\/div>\n\n\n\n<div class=\"wp-block-column is-vertically-aligned-center is-layout-flow wp-block-column-is-layout-flow\">\n<div class=\"wp-block-uagb-team uagb-team__image-position-above uagb-team__align-center uagb-team__stack-tablet uagb-block-e95caaf4\"><div class=\"uagb-team__content\"><h3 class=\"uagb-team__title\"><strong>Contacto:<\/strong><\/h3><span class=\"uagb-team__prefix\"><\/span><p class=\"uagb-team__desc\"><a href=\"https:\/\/www.episcopalchurch.org\/staff\/way-of-love\/\">Haga clic aqu\u00ed<\/a><\/p><ul class=\"uagb-team__social-list\"><\/ul><\/div><\/div>\n<\/div>\n\n\n\n<div class=\"wp-block-column is-layout-flow wp-block-column-is-layout-flow\"><\/div>\n<\/div>\n\n\n\n<p>This page is available in: <a href=\"https:\/\/www.episcopalchurch.org\/way-of-love\/centre\/\">Fran\u00e7ais<\/a><\/p>\n","protected":false},"excerpt":{"rendered":"<p>Centrado es una serie de discipulado que gu\u00eda a las peque\u00f1as comunidades reunidas a arraigarse profundamente en el amor con Dios y entre nosotros, para que todos podamos crecer para parecernos, actuar y amar m\u00e1s como Jes\u00fas. La experiencia incluye una capacitaci\u00f3n inicial de tres sesiones para facilitadores de grupo, seguida de nueve sesiones b\u00e1sicas [&hellip;]<\/p>\n","protected":false},"author":7,"featured_media":271148,"parent":0,"menu_order":0,"comment_status":"closed","ping_status":"closed","template":"","meta":{"_acf_changed":false,"_uag_custom_page_level_css":"","_kad_blocks_custom_css":"","_kad_blocks_head_custom_js":"","_kad_blocks_body_custom_js":"","_kad_blocks_footer_custom_js":"","_kadence_starter_templates_imported_post":false,"footnotes":"","_links_to":"","_links_to_target":""},"class_list":["post-271251","page","type-page","status-publish","has-post-thumbnail","hentry"],"acf":[],"yoast_head":"<!-- This site is optimized with the Yoast SEO Premium plugin v24.6 (Yoast SEO v26.3) - https:\/\/yoast.com\/wordpress\/plugins\/seo\/ -->\n<title>Centrado: Una Experiencia de Discipulado Cristiano &#8211; The Episcopal Church<\/title>\n<meta name=\"robots\" content=\"index, follow, max-snippet:-1, max-image-preview:large, max-video-preview:-1\" \/>\n<link rel=\"canonical\" href=\"https:\/\/www.episcopalchurch.org\/es\/centrado-una-experiencia-de-discipulado-cristiano\/\" \/>\n<meta property=\"og:locale\" content=\"es_ES\" \/>\n<meta property=\"og:type\" content=\"article\" \/>\n<meta property=\"og:title\" content=\"Centrado: Una Experiencia de Discipulado Cristiano\" \/>\n<meta property=\"og:description\" content=\"Centrado es una serie de discipulado que gu\u00eda a las peque\u00f1as comunidades reunidas a arraigarse profundamente en el amor con Dios y entre nosotros, para que todos podamos crecer para parecernos, actuar y amar m\u00e1s como Jes\u00fas. La experiencia incluye una capacitaci\u00f3n inicial de tres sesiones para facilitadores de grupo, seguida de nueve sesiones b\u00e1sicas [&hellip;]\" \/>\n<meta property=\"og:url\" content=\"https:\/\/www.episcopalchurch.org\/es\/centrado-una-experiencia-de-discipulado-cristiano\/\" \/>\n<meta property=\"og:site_name\" content=\"The Episcopal Church\" \/>\n<meta property=\"article:publisher\" content=\"https:\/\/www.facebook.com\/episcopalian\" \/>\n<meta property=\"article:modified_time\" content=\"2025-04-11T18:11:40+00:00\" \/>\n<meta property=\"og:image\" content=\"https:\/\/www.episcopalchurch.org\/wp-content\/uploads\/2022\/07\/Centered-Logo_Color-Mark.png\" \/>\n\t<meta property=\"og:image:width\" content=\"371\" \/>\n\t<meta property=\"og:image:height\" content=\"412\" \/>\n\t<meta property=\"og:image:type\" content=\"image\/png\" \/>\n<meta name=\"twitter:card\" content=\"summary_large_image\" \/>\n<meta name=\"twitter:site\" content=\"@iamepiscopalian\" \/>\n<meta name=\"twitter:label1\" content=\"Est. reading time\" \/>\n\t<meta name=\"twitter:data1\" content=\"3 minutes\" \/>\n<script type=\"application\/ld+json\" class=\"yoast-schema-graph\">{\"@context\":\"https:\/\/schema.org\",\"@graph\":[{\"@type\":\"WebPage\",\"@id\":\"https:\/\/www.episcopalchurch.org\/es\/centrado-una-experiencia-de-discipulado-cristiano\/\",\"url\":\"https:\/\/www.episcopalchurch.org\/es\/centrado-una-experiencia-de-discipulado-cristiano\/\",\"name\":\"Centrado: Una Experiencia de Discipulado Cristiano &#8211; The Episcopal Church\",\"isPartOf\":{\"@id\":\"https:\/\/www.episcopalchurch.org\/#website\"},\"primaryImageOfPage\":{\"@id\":\"https:\/\/www.episcopalchurch.org\/es\/centrado-una-experiencia-de-discipulado-cristiano\/#primaryimage\"},\"image\":{\"@id\":\"https:\/\/www.episcopalchurch.org\/es\/centrado-una-experiencia-de-discipulado-cristiano\/#primaryimage\"},\"thumbnailUrl\":\"https:\/\/www.episcopalchurch.org\/wp-content\/uploads\/2022\/07\/Centered-Logo_Color-Mark.png\",\"datePublished\":\"2022-07-07T13:56:11+00:00\",\"dateModified\":\"2025-04-11T18:11:40+00:00\",\"breadcrumb\":{\"@id\":\"https:\/\/www.episcopalchurch.org\/es\/centrado-una-experiencia-de-discipulado-cristiano\/#breadcrumb\"},\"inLanguage\":\"es-ES\",\"potentialAction\":[{\"@type\":\"ReadAction\",\"target\":[\"https:\/\/www.episcopalchurch.org\/es\/centrado-una-experiencia-de-discipulado-cristiano\/\"]}]},{\"@type\":\"ImageObject\",\"inLanguage\":\"es-ES\",\"@id\":\"https:\/\/www.episcopalchurch.org\/es\/centrado-una-experiencia-de-discipulado-cristiano\/#primaryimage\",\"url\":\"https:\/\/www.episcopalchurch.org\/wp-content\/uploads\/2022\/07\/Centered-Logo_Color-Mark.png\",\"contentUrl\":\"https:\/\/www.episcopalchurch.org\/wp-content\/uploads\/2022\/07\/Centered-Logo_Color-Mark.png\",\"width\":371,\"height\":412},{\"@type\":\"BreadcrumbList\",\"@id\":\"https:\/\/www.episcopalchurch.org\/es\/centrado-una-experiencia-de-discipulado-cristiano\/#breadcrumb\",\"itemListElement\":[{\"@type\":\"ListItem\",\"position\":1,\"name\":\"Home\",\"item\":\"https:\/\/www.episcopalchurch.org\/\"},{\"@type\":\"ListItem\",\"position\":2,\"name\":\"Centrado: Una Experiencia de Discipulado Cristiano\"}]},{\"@type\":\"WebSite\",\"@id\":\"https:\/\/www.episcopalchurch.org\/#website\",\"url\":\"https:\/\/www.episcopalchurch.org\/\",\"name\":\"The Episcopal Church\",\"description\":\"Welcomes You\",\"publisher\":{\"@id\":\"https:\/\/www.episcopalchurch.org\/#organization\"},\"potentialAction\":[{\"@type\":\"SearchAction\",\"target\":{\"@type\":\"EntryPoint\",\"urlTemplate\":\"https:\/\/www.episcopalchurch.org\/?s={search_term_string}\"},\"query-input\":{\"@type\":\"PropertyValueSpecification\",\"valueRequired\":true,\"valueName\":\"search_term_string\"}}],\"inLanguage\":\"es-ES\"},{\"@type\":\"Organization\",\"@id\":\"https:\/\/www.episcopalchurch.org\/#organization\",\"name\":\"The Episcopal Church\",\"url\":\"https:\/\/www.episcopalchurch.org\/\",\"logo\":{\"@type\":\"ImageObject\",\"inLanguage\":\"es-ES\",\"@id\":\"https:\/\/www.episcopalchurch.org\/#\/schema\/logo\/image\/\",\"url\":\"https:\/\/www.episcopalchurch.org\/wp-content\/uploads\/2021\/01\/vertical_episcopal_logo.jpg\",\"contentUrl\":\"https:\/\/www.episcopalchurch.org\/wp-content\/uploads\/2021\/01\/vertical_episcopal_logo.jpg\",\"width\":770,\"height\":662,\"caption\":\"The Episcopal Church\"},\"image\":{\"@id\":\"https:\/\/www.episcopalchurch.org\/#\/schema\/logo\/image\/\"},\"sameAs\":[\"https:\/\/www.facebook.com\/episcopalian\",\"https:\/\/x.com\/iamepiscopalian\",\"https:\/\/www.youtube.com\/channel\/UCdVJpxCtK41c_-p6EaE4_2A\"]}]}<\/script>\n<!-- \/ Yoast SEO Premium plugin. -->","yoast_head_json":{"title":"Centrado: Una Experiencia de Discipulado Cristiano &#8211; The Episcopal Church","robots":{"index":"index","follow":"follow","max-snippet":"max-snippet:-1","max-image-preview":"max-image-preview:large","max-video-preview":"max-video-preview:-1"},"canonical":"https:\/\/www.episcopalchurch.org\/es\/centrado-una-experiencia-de-discipulado-cristiano\/","og_locale":"es_ES","og_type":"article","og_title":"Centrado: Una Experiencia de Discipulado Cristiano","og_description":"Centrado es una serie de discipulado que gu\u00eda a las peque\u00f1as comunidades reunidas a arraigarse profundamente en el amor con Dios y entre nosotros, para que todos podamos crecer para parecernos, actuar y amar m\u00e1s como Jes\u00fas. La experiencia incluye una capacitaci\u00f3n inicial de tres sesiones para facilitadores de grupo, seguida de nueve sesiones b\u00e1sicas [&hellip;]","og_url":"https:\/\/www.episcopalchurch.org\/es\/centrado-una-experiencia-de-discipulado-cristiano\/","og_site_name":"The Episcopal Church","article_publisher":"https:\/\/www.facebook.com\/episcopalian","article_modified_time":"2025-04-11T18:11:40+00:00","og_image":[{"width":371,"height":412,"url":"https:\/\/www.episcopalchurch.org\/wp-content\/uploads\/2022\/07\/Centered-Logo_Color-Mark.png","type":"image\/png"}],"twitter_card":"summary_large_image","twitter_site":"@iamepiscopalian","twitter_misc":{"Est. reading time":"3 minutes"},"schema":{"@context":"https:\/\/schema.org","@graph":[{"@type":"WebPage","@id":"https:\/\/www.episcopalchurch.org\/es\/centrado-una-experiencia-de-discipulado-cristiano\/","url":"https:\/\/www.episcopalchurch.org\/es\/centrado-una-experiencia-de-discipulado-cristiano\/","name":"Centrado: Una Experiencia de Discipulado Cristiano &#8211; The Episcopal Church","isPartOf":{"@id":"https:\/\/www.episcopalchurch.org\/#website"},"primaryImageOfPage":{"@id":"https:\/\/www.episcopalchurch.org\/es\/centrado-una-experiencia-de-discipulado-cristiano\/#primaryimage"},"image":{"@id":"https:\/\/www.episcopalchurch.org\/es\/centrado-una-experiencia-de-discipulado-cristiano\/#primaryimage"},"thumbnailUrl":"https:\/\/www.episcopalchurch.org\/wp-content\/uploads\/2022\/07\/Centered-Logo_Color-Mark.png","datePublished":"2022-07-07T13:56:11+00:00","dateModified":"2025-04-11T18:11:40+00:00","breadcrumb":{"@id":"https:\/\/www.episcopalchurch.org\/es\/centrado-una-experiencia-de-discipulado-cristiano\/#breadcrumb"},"inLanguage":"es-ES","potentialAction":[{"@type":"ReadAction","target":["https:\/\/www.episcopalchurch.org\/es\/centrado-una-experiencia-de-discipulado-cristiano\/"]}]},{"@type":"ImageObject","inLanguage":"es-ES","@id":"https:\/\/www.episcopalchurch.org\/es\/centrado-una-experiencia-de-discipulado-cristiano\/#primaryimage","url":"https:\/\/www.episcopalchurch.org\/wp-content\/uploads\/2022\/07\/Centered-Logo_Color-Mark.png","contentUrl":"https:\/\/www.episcopalchurch.org\/wp-content\/uploads\/2022\/07\/Centered-Logo_Color-Mark.png","width":371,"height":412},{"@type":"BreadcrumbList","@id":"https:\/\/www.episcopalchurch.org\/es\/centrado-una-experiencia-de-discipulado-cristiano\/#breadcrumb","itemListElement":[{"@type":"ListItem","position":1,"name":"Home","item":"https:\/\/www.episcopalchurch.org\/"},{"@type":"ListItem","position":2,"name":"Centrado: Una Experiencia de Discipulado Cristiano"}]},{"@type":"WebSite","@id":"https:\/\/www.episcopalchurch.org\/#website","url":"https:\/\/www.episcopalchurch.org\/","name":"The Episcopal Church","description":"Welcomes You","publisher":{"@id":"https:\/\/www.episcopalchurch.org\/#organization"},"potentialAction":[{"@type":"SearchAction","target":{"@type":"EntryPoint","urlTemplate":"https:\/\/www.episcopalchurch.org\/?s={search_term_string}"},"query-input":{"@type":"PropertyValueSpecification","valueRequired":true,"valueName":"search_term_string"}}],"inLanguage":"es-ES"},{"@type":"Organization","@id":"https:\/\/www.episcopalchurch.org\/#organization","name":"The Episcopal Church","url":"https:\/\/www.episcopalchurch.org\/","logo":{"@type":"ImageObject","inLanguage":"es-ES","@id":"https:\/\/www.episcopalchurch.org\/#\/schema\/logo\/image\/","url":"https:\/\/www.episcopalchurch.org\/wp-content\/uploads\/2021\/01\/vertical_episcopal_logo.jpg","contentUrl":"https:\/\/www.episcopalchurch.org\/wp-content\/uploads\/2021\/01\/vertical_episcopal_logo.jpg","width":770,"height":662,"caption":"The Episcopal Church"},"image":{"@id":"https:\/\/www.episcopalchurch.org\/#\/schema\/logo\/image\/"},"sameAs":["https:\/\/www.facebook.com\/episcopalian","https:\/\/x.com\/iamepiscopalian","https:\/\/www.youtube.com\/channel\/UCdVJpxCtK41c_-p6EaE4_2A"]}]}},"taxonomy_info":[],"featured_image_src_large":["https:\/\/www.episcopalchurch.org\/wp-content\/uploads\/2022\/07\/Centered-Logo_Color-Mark.png",371,412,false],"author_info":{"display_name":"Christopher Sikkema","author_link":"https:\/\/www.episcopalchurch.org\/es\/author\/csikkemaepiscopalchurch-org\/"},"comment_info":"","uagb_featured_image_src":{"full":["https:\/\/www.episcopalchurch.org\/wp-content\/uploads\/2022\/07\/Centered-Logo_Color-Mark.png",371,412,false],"thumbnail":["https:\/\/www.episcopalchurch.org\/wp-content\/uploads\/2022\/07\/Centered-Logo_Color-Mark-150x150.png",150,150,true],"medium":["https:\/\/www.episcopalchurch.org\/wp-content\/uploads\/2022\/07\/Centered-Logo_Color-Mark-270x300.png",270,300,true],"medium_large":["https:\/\/www.episcopalchurch.org\/wp-content\/uploads\/2022\/07\/Centered-Logo_Color-Mark.png",371,412,false],"large":["https:\/\/www.episcopalchurch.org\/wp-content\/uploads\/2022\/07\/Centered-Logo_Color-Mark.png",371,412,false],"1536x1536":["https:\/\/www.episcopalchurch.org\/wp-content\/uploads\/2022\/07\/Centered-Logo_Color-Mark.png",371,412,false],"2048x2048":["https:\/\/www.episcopalchurch.org\/wp-content\/uploads\/2022\/07\/Centered-Logo_Color-Mark.png",371,412,false],"menu":["https:\/\/www.episcopalchurch.org\/wp-content\/uploads\/2022\/07\/Centered-Logo_Color-Mark-330x200.png",330,200,true],"hero":["https:\/\/www.episcopalchurch.org\/wp-content\/uploads\/2022\/07\/Centered-Logo_Color-Mark.png",371,412,false],"callout-image":["https:\/\/www.episcopalchurch.org\/wp-content\/uploads\/2022\/07\/Centered-Logo_Color-Mark.png",371,412,false]},"uagb_author_info":{"display_name":"Christopher Sikkema","author_link":"https:\/\/www.episcopalchurch.org\/es\/author\/csikkemaepiscopalchurch-org\/"},"uagb_comment_info":0,"uagb_excerpt":"Centrado es una serie de discipulado que gu\u00eda a las peque\u00f1as comunidades reunidas a arraigarse profundamente en el amor con Dios y entre nosotros, para que todos podamos crecer para parecernos, actuar y amar m\u00e1s como Jes\u00fas. La experiencia incluye una capacitaci\u00f3n inicial de tres sesiones para facilitadores de grupo, seguida de nueve sesiones b\u00e1sicas&hellip;","_links":{"self":[{"href":"https:\/\/www.episcopalchurch.org\/es\/wp-json\/wp\/v2\/pages\/271251","targetHints":{"allow":["GET"]}}],"collection":[{"href":"https:\/\/www.episcopalchurch.org\/es\/wp-json\/wp\/v2\/pages"}],"about":[{"href":"https:\/\/www.episcopalchurch.org\/es\/wp-json\/wp\/v2\/types\/page"}],"author":[{"embeddable":true,"href":"https:\/\/www.episcopalchurch.org\/es\/wp-json\/wp\/v2\/users\/7"}],"replies":[{"embeddable":true,"href":"https:\/\/www.episcopalchurch.org\/es\/wp-json\/wp\/v2\/comments?post=271251"}],"version-history":[{"count":0,"href":"https:\/\/www.episcopalchurch.org\/es\/wp-json\/wp\/v2\/pages\/271251\/revisions"}],"wp:featuredmedia":[{"embeddable":true,"href":"https:\/\/www.episcopalchurch.org\/es\/wp-json\/wp\/v2\/media\/271148"}],"wp:attachment":[{"href":"https:\/\/www.episcopalchurch.org\/es\/wp-json\/wp\/v2\/media?parent=271251"}],"curies":[{"name":"wp","href":"https:\/\/api.w.org\/{rel}","templated":true}]}}