{"id":275302,"date":"2022-09-27T16:30:09","date_gmt":"2022-09-27T20:30:09","guid":{"rendered":"https:\/\/www.episcopalchurch.org\/?page_id=275302"},"modified":"2022-09-28T17:09:46","modified_gmt":"2022-09-28T21:09:46","slug":"8a-sesion","status":"publish","type":"page","link":"https:\/\/www.episcopalchurch.org\/es\/centrado-una-experiencia-de-discipulado-cristiano\/8a-sesion\/","title":{"rendered":"8a. Sesi\u00f3n\ufffc"},"content":{"rendered":"\n<div class=\"wp-block-columns is-layout-flex wp-container-core-columns-is-layout-9d6595d7 wp-block-columns-is-layout-flex\">\n<div class=\"wp-block-column is-vertically-aligned-center is-layout-flow wp-block-column-is-layout-flow\" style=\"flex-basis:66.66%\">\n<h1 class=\"has-text-align-center wp-block-heading\"><strong>Centrado:<\/strong><\/h1>\n\n\n\n<h2 class=\"has-text-align-center wp-block-heading\"><strong>Una Experiencia de Discipulado Cristiano<\/strong><\/h2>\n<\/div>\n\n\n\n<div class=\"wp-block-column is-layout-flow wp-block-column-is-layout-flow\" style=\"flex-basis:33.33%\">\n<figure class=\"wp-block-image size-full\"><img loading=\"lazy\" decoding=\"async\" width=\"371\" height=\"412\" src=\"https:\/\/www.episcopalchurch.org\/wp-content\/uploads\/2022\/07\/Centered-Logo_Color-Mark.png\" alt=\"\" class=\"wp-image-271148\" srcset=\"https:\/\/www.episcopalchurch.org\/wp-content\/uploads\/2022\/07\/Centered-Logo_Color-Mark.png 371w, https:\/\/www.episcopalchurch.org\/wp-content\/uploads\/2022\/07\/Centered-Logo_Color-Mark-270x300.png 270w\" sizes=\"auto, (max-width: 371px) 100vw, 371px\" \/><\/figure>\n<\/div>\n<\/div>\n\n\n\n<div class=\"wp-block-buttons is-layout-flex wp-block-buttons-is-layout-flex\">\n<div class=\"wp-block-button\"><a class=\"wp-block-button__link\" href=\"https:\/\/www.episcopalchurch.org\/es\/centrado-una-experiencia-de-discipulado-cristiano\/\">Inicio<\/a><\/div>\n\n\n\n<div class=\"wp-block-button\"><a class=\"wp-block-button__link\" href=\"https:\/\/www.episcopalchurch.org\/es\/centrado-una-experiencia-de-discipulado-cristiano\/consejos-y-recursos\/\">Consejos y recursos<\/a><\/div>\n\n\n\n<div class=\"wp-block-button\"><a class=\"wp-block-button__link\" href=\"https:\/\/www.episcopalchurch.org\/es\/centrado-una-experiencia-de-discipulado-cristiano\/sesiones%ef%bf%bc\/\">Sesiones<\/a><\/div>\n\n\n\n<div class=\"wp-block-button\"><a class=\"wp-block-button__link\" href=\"https:\/\/www.episcopalchurch.org\/es\/centrado-una-experiencia-de-discipulado-cristiano\/participantes\/\">Participantes<\/a><\/div>\n<\/div>\n\n\n\n<div style=\"height:50px\" aria-hidden=\"true\" class=\"wp-block-spacer\"><\/div>\n\n\n\n<h1 class=\"wp-block-heading\">8<sup>a<\/sup>. Sesi\u00f3n: Crear una regla de vida sostenible<\/h1>\n\n\n\n<div class=\"wp-block-columns is-layout-flex wp-container-core-columns-is-layout-9d6595d7 wp-block-columns-is-layout-flex\">\n<div class=\"wp-block-column is-layout-flow wp-block-column-is-layout-flow\">\n<figure class=\"wp-block-embed is-type-video is-provider-wistia-inc wp-block-embed-wistia-inc\"><div class=\"wp-block-embed__wrapper\">\n<div class=\"embed-container\"><iframe loading=\"lazy\" class=\"wp-embedded-content\" sandbox=\"allow-scripts\" security=\"restricted\" title=\"Session 8: Creating a Sustainable Rule of Life (Part A) Video\" src=\"https:\/\/fast.wistia.net\/embed\/iframe\/bedt9e3dcz?dnt=1#?secret=ejb2KJfMhg\" data-secret=\"ejb2KJfMhg\" frameborder=\"0\" scrolling=\"no\" width=\"500\" height=\"281\"><\/iframe><\/div>\n<\/div><\/figure>\n<\/div>\n\n\n\n<div class=\"wp-block-column is-layout-flow wp-block-column-is-layout-flow\">\n<figure class=\"wp-block-embed is-type-video is-provider-wistia-inc wp-block-embed-wistia-inc\"><div class=\"wp-block-embed__wrapper\">\n<div class=\"embed-container\"><iframe loading=\"lazy\" class=\"wp-embedded-content\" sandbox=\"allow-scripts\" security=\"restricted\" title=\"Session 8: Creating a Sustainable Rule of Life (Part B) Video\" src=\"https:\/\/fast.wistia.net\/embed\/iframe\/my4xgti4gg?dnt=1#?secret=q3tX3dKzWU\" data-secret=\"q3tX3dKzWU\" frameborder=\"0\" scrolling=\"no\" width=\"500\" height=\"281\"><\/iframe><\/div>\n<\/div><\/figure>\n<\/div>\n<\/div>\n\n\n\n<p>Seguir a Jes\u00fas requiere intencionalidad y pr\u00e1ctica (una de las razones por las que las palabras \u00abdisc\u00edpulo\u00bb y \u00abdisciplina\u00bb son tan pr\u00f3ximas). Por eso necesitamos un camino consciente como una regla de vida y una comunidad con la cual vivirlo.<\/p>\n\n\n\n<div class=\"wp-block-buttons is-layout-flex wp-block-buttons-is-layout-flex\">\n<div class=\"wp-block-button\"><a class=\"wp-block-button__link\" href=\"https:\/\/www.episcopalchurch.org\/wp-content\/uploads\/2022\/09\/Centrado-SP-Leaders-8.pdf\">8<sup>a<\/sup>. Sesi\u00f3n: Manual del L\u00edder del Grupo<\/a><\/div>\n\n\n\n<div class=\"wp-block-button\"><a class=\"wp-block-button__link\" href=\"https:\/\/www.episcopalchurch.org\/wp-content\/uploads\/2022\/09\/Centrado-SP-Participants-8.pdf\">8<sup>a<\/sup>. Sesi\u00f3n: Manual del Participante<\/a><\/div>\n<\/div>\n\n\n\n<div style=\"height:50px\" aria-hidden=\"true\" class=\"wp-block-spacer\"><\/div>\n\n\n\n<div class=\"wp-block-columns is-layout-flex wp-container-core-columns-is-layout-9d6595d7 wp-block-columns-is-layout-flex\">\n<div class=\"wp-block-column is-layout-flow wp-block-column-is-layout-flow\">\n<div class=\"wp-block-buttons is-layout-flex wp-block-buttons-is-layout-flex\">\n<div class=\"wp-block-button\"><a class=\"wp-block-button__link\" href=\"https:\/\/www.episcopalchurch.org\/es\/centrado-una-experiencia-de-discipulado-cristiano\/7a-sesion%ef%bf%bc\/\">&lt;&lt; 7<sup>a<\/sup>. SESI\u00d3N<\/a><\/div>\n<\/div>\n<\/div>\n\n\n\n<div class=\"wp-block-column is-layout-flow wp-block-column-is-layout-flow\"><\/div>\n\n\n\n<div class=\"wp-block-column is-layout-flow wp-block-column-is-layout-flow\">\n<div class=\"wp-block-buttons is-layout-flex wp-block-buttons-is-layout-flex\">\n<div class=\"wp-block-button\"><a class=\"wp-block-button__link\" href=\"https:\/\/www.episcopalchurch.org\/es\/centrado-una-experiencia-de-discipulado-cristiano\/9a-sesion%ef%bf%bc\/\">9<sup>a<\/sup>. SESI\u00d3N &gt;&gt;<\/a><\/div>\n<\/div>\n<\/div>\n<\/div>\n\n\n\n<div class=\"wp-block-columns is-style-default is-layout-flex wp-container-core-columns-is-layout-9d6595d7 wp-block-columns-is-layout-flex\">\n<div class=\"wp-block-column is-vertically-aligned-center is-layout-flow wp-block-column-is-layout-flow\">\n<figure class=\"wp-block-image size-full\"><img loading=\"lazy\" decoding=\"async\" width=\"777\" height=\"443\" src=\"https:\/\/www.episcopalchurch.org\/wp-content\/uploads\/2022\/09\/Centered-Logo_Color.jpg\" alt=\"\" class=\"wp-image-275215\" srcset=\"https:\/\/www.episcopalchurch.org\/wp-content\/uploads\/2022\/09\/Centered-Logo_Color.jpg 777w, https:\/\/www.episcopalchurch.org\/wp-content\/uploads\/2022\/09\/Centered-Logo_Color-300x171.jpg 300w, https:\/\/www.episcopalchurch.org\/wp-content\/uploads\/2022\/09\/Centered-Logo_Color-768x438.jpg 768w, https:\/\/www.episcopalchurch.org\/wp-content\/uploads\/2022\/09\/Centered-Logo_Color-480x274.jpg 480w\" sizes=\"auto, (max-width: 777px) 100vw, 777px\" \/><\/figure>\n<\/div>\n\n\n\n<div class=\"wp-block-column is-vertically-aligned-center is-layout-flow wp-block-column-is-layout-flow\">\n<div class=\"wp-block-uagb-team uagb-team__image-position-above uagb-team__align-center uagb-team__stack-tablet uagb-block-e95caaf4\"><div class=\"uagb-team__content\"><h3 class=\"uagb-team__title\"><strong>Contacto:<\/strong><\/h3><span class=\"uagb-team__prefix\"><\/span><p class=\"uagb-team__desc\"><a href=\"https:\/\/www.episcopalchurch.org\/staff\/way-of-love\/\">Haga clic aqu\u00ed<\/a><\/p><ul class=\"uagb-team__social-list\"><\/ul><\/div><\/div>\n<\/div>\n\n\n\n<div class=\"wp-block-column is-layout-flow wp-block-column-is-layout-flow\"><\/div>\n<\/div>\n\n\n\n<p>This page is available in: <a href=\"https:\/\/www.episcopalchurch.org\/way-of-love\/centre\/session-8\/\">Fran\u00e7ais<\/a><\/p>\n","protected":false},"excerpt":{"rendered":"<p>8a. Sesi\u00f3n: Crear una regla de vida sostenible Seguir a Jes\u00fas requiere intencionalidad y pr\u00e1ctica (una de las razones por las que las palabras \u00abdisc\u00edpulo\u00bb y \u00abdisciplina\u00bb son tan pr\u00f3ximas). Por eso necesitamos un camino consciente como una regla de vida y una comunidad con la cual vivirlo. This page is available in: Fran\u00e7ais<\/p>\n","protected":false},"author":12,"featured_media":274602,"parent":271251,"menu_order":0,"comment_status":"closed","ping_status":"closed","template":"","meta":{"_acf_changed":false,"_uag_custom_page_level_css":"","_kad_blocks_custom_css":"","_kad_blocks_head_custom_js":"","_kad_blocks_body_custom_js":"","_kad_blocks_footer_custom_js":"","_kadence_starter_templates_imported_post":false,"footnotes":"","_links_to":"","_links_to_target":""},"class_list":["post-275302","page","type-page","status-publish","has-post-thumbnail","hentry"],"acf":[],"yoast_head":"<!-- This site is optimized with the Yoast SEO Premium plugin v24.6 (Yoast SEO v26.3) - https:\/\/yoast.com\/wordpress\/plugins\/seo\/ -->\n<title>8a. Sesi\u00f3n\ufffc &#8211; The Episcopal Church<\/title>\n<meta name=\"robots\" content=\"index, follow, max-snippet:-1, max-image-preview:large, max-video-preview:-1\" \/>\n<link rel=\"canonical\" href=\"https:\/\/www.episcopalchurch.org\/es\/centrado-una-experiencia-de-discipulado-cristiano\/8a-sesion\/\" \/>\n<meta property=\"og:locale\" content=\"es_ES\" \/>\n<meta property=\"og:type\" content=\"article\" \/>\n<meta property=\"og:title\" content=\"8a. Sesi\u00f3n\ufffc\" \/>\n<meta property=\"og:description\" content=\"8a. Sesi\u00f3n: Crear una regla de vida sostenible Seguir a Jes\u00fas requiere intencionalidad y pr\u00e1ctica (una de las razones por las que las palabras \u00abdisc\u00edpulo\u00bb y \u00abdisciplina\u00bb son tan pr\u00f3ximas). Por eso necesitamos un camino consciente como una regla de vida y una comunidad con la cual vivirlo. This page is available in: Fran\u00e7ais\" \/>\n<meta property=\"og:url\" content=\"https:\/\/www.episcopalchurch.org\/es\/centrado-una-experiencia-de-discipulado-cristiano\/8a-sesion\/\" \/>\n<meta property=\"og:site_name\" content=\"The Episcopal Church\" \/>\n<meta property=\"article:publisher\" content=\"https:\/\/www.facebook.com\/episcopalian\" \/>\n<meta property=\"article:modified_time\" content=\"2022-09-28T21:09:46+00:00\" \/>\n<meta property=\"og:image\" content=\"https:\/\/www.episcopalchurch.org\/wp-content\/uploads\/2022\/09\/Centered-Logo_Color-Mark.png\" \/>\n\t<meta property=\"og:image:width\" content=\"371\" \/>\n\t<meta property=\"og:image:height\" content=\"411\" \/>\n\t<meta property=\"og:image:type\" content=\"image\/png\" \/>\n<meta name=\"twitter:card\" content=\"summary_large_image\" \/>\n<meta name=\"twitter:site\" content=\"@iamepiscopalian\" \/>\n<meta name=\"twitter:label1\" content=\"Est. reading time\" \/>\n\t<meta name=\"twitter:data1\" content=\"1 minute\" \/>\n<script type=\"application\/ld+json\" class=\"yoast-schema-graph\">{\"@context\":\"https:\/\/schema.org\",\"@graph\":[{\"@type\":\"WebPage\",\"@id\":\"https:\/\/www.episcopalchurch.org\/es\/centrado-una-experiencia-de-discipulado-cristiano\/8a-sesion\/\",\"url\":\"https:\/\/www.episcopalchurch.org\/es\/centrado-una-experiencia-de-discipulado-cristiano\/8a-sesion\/\",\"name\":\"8a. Sesi\u00f3n\ufffc &#8211; The Episcopal Church\",\"isPartOf\":{\"@id\":\"https:\/\/www.episcopalchurch.org\/#website\"},\"primaryImageOfPage\":{\"@id\":\"https:\/\/www.episcopalchurch.org\/es\/centrado-una-experiencia-de-discipulado-cristiano\/8a-sesion\/#primaryimage\"},\"image\":{\"@id\":\"https:\/\/www.episcopalchurch.org\/es\/centrado-una-experiencia-de-discipulado-cristiano\/8a-sesion\/#primaryimage\"},\"thumbnailUrl\":\"https:\/\/www.episcopalchurch.org\/wp-content\/uploads\/2022\/09\/Centered-Logo_Color-Mark.png\",\"datePublished\":\"2022-09-27T20:30:09+00:00\",\"dateModified\":\"2022-09-28T21:09:46+00:00\",\"breadcrumb\":{\"@id\":\"https:\/\/www.episcopalchurch.org\/es\/centrado-una-experiencia-de-discipulado-cristiano\/8a-sesion\/#breadcrumb\"},\"inLanguage\":\"es-ES\",\"potentialAction\":[{\"@type\":\"ReadAction\",\"target\":[\"https:\/\/www.episcopalchurch.org\/es\/centrado-una-experiencia-de-discipulado-cristiano\/8a-sesion\/\"]}]},{\"@type\":\"ImageObject\",\"inLanguage\":\"es-ES\",\"@id\":\"https:\/\/www.episcopalchurch.org\/es\/centrado-una-experiencia-de-discipulado-cristiano\/8a-sesion\/#primaryimage\",\"url\":\"https:\/\/www.episcopalchurch.org\/wp-content\/uploads\/2022\/09\/Centered-Logo_Color-Mark.png\",\"contentUrl\":\"https:\/\/www.episcopalchurch.org\/wp-content\/uploads\/2022\/09\/Centered-Logo_Color-Mark.png\",\"width\":371,\"height\":411},{\"@type\":\"BreadcrumbList\",\"@id\":\"https:\/\/www.episcopalchurch.org\/es\/centrado-una-experiencia-de-discipulado-cristiano\/8a-sesion\/#breadcrumb\",\"itemListElement\":[{\"@type\":\"ListItem\",\"position\":1,\"name\":\"Home\",\"item\":\"https:\/\/www.episcopalchurch.org\/\"},{\"@type\":\"ListItem\",\"position\":2,\"name\":\"Centrado: Una Experiencia de Discipulado Cristiano\",\"item\":\"https:\/\/www.episcopalchurch.org\/es\/centrado-una-experiencia-de-discipulado-cristiano\/\"},{\"@type\":\"ListItem\",\"position\":3,\"name\":\"8a. Sesi\u00f3n\ufffc\"}]},{\"@type\":\"WebSite\",\"@id\":\"https:\/\/www.episcopalchurch.org\/#website\",\"url\":\"https:\/\/www.episcopalchurch.org\/\",\"name\":\"The Episcopal Church\",\"description\":\"Welcomes You\",\"publisher\":{\"@id\":\"https:\/\/www.episcopalchurch.org\/#organization\"},\"potentialAction\":[{\"@type\":\"SearchAction\",\"target\":{\"@type\":\"EntryPoint\",\"urlTemplate\":\"https:\/\/www.episcopalchurch.org\/?s={search_term_string}\"},\"query-input\":{\"@type\":\"PropertyValueSpecification\",\"valueRequired\":true,\"valueName\":\"search_term_string\"}}],\"inLanguage\":\"es-ES\"},{\"@type\":\"Organization\",\"@id\":\"https:\/\/www.episcopalchurch.org\/#organization\",\"name\":\"The Episcopal Church\",\"url\":\"https:\/\/www.episcopalchurch.org\/\",\"logo\":{\"@type\":\"ImageObject\",\"inLanguage\":\"es-ES\",\"@id\":\"https:\/\/www.episcopalchurch.org\/#\/schema\/logo\/image\/\",\"url\":\"https:\/\/www.episcopalchurch.org\/wp-content\/uploads\/2021\/01\/vertical_episcopal_logo.jpg\",\"contentUrl\":\"https:\/\/www.episcopalchurch.org\/wp-content\/uploads\/2021\/01\/vertical_episcopal_logo.jpg\",\"width\":770,\"height\":662,\"caption\":\"The Episcopal Church\"},\"image\":{\"@id\":\"https:\/\/www.episcopalchurch.org\/#\/schema\/logo\/image\/\"},\"sameAs\":[\"https:\/\/www.facebook.com\/episcopalian\",\"https:\/\/x.com\/iamepiscopalian\",\"https:\/\/www.youtube.com\/channel\/UCdVJpxCtK41c_-p6EaE4_2A\"]}]}<\/script>\n<!-- \/ Yoast SEO Premium plugin. -->","yoast_head_json":{"title":"8a. Sesi\u00f3n\ufffc &#8211; The Episcopal Church","robots":{"index":"index","follow":"follow","max-snippet":"max-snippet:-1","max-image-preview":"max-image-preview:large","max-video-preview":"max-video-preview:-1"},"canonical":"https:\/\/www.episcopalchurch.org\/es\/centrado-una-experiencia-de-discipulado-cristiano\/8a-sesion\/","og_locale":"es_ES","og_type":"article","og_title":"8a. Sesi\u00f3n\ufffc","og_description":"8a. Sesi\u00f3n: Crear una regla de vida sostenible Seguir a Jes\u00fas requiere intencionalidad y pr\u00e1ctica (una de las razones por las que las palabras \u00abdisc\u00edpulo\u00bb y \u00abdisciplina\u00bb son tan pr\u00f3ximas). Por eso necesitamos un camino consciente como una regla de vida y una comunidad con la cual vivirlo. This page is available in: Fran\u00e7ais","og_url":"https:\/\/www.episcopalchurch.org\/es\/centrado-una-experiencia-de-discipulado-cristiano\/8a-sesion\/","og_site_name":"The Episcopal Church","article_publisher":"https:\/\/www.facebook.com\/episcopalian","article_modified_time":"2022-09-28T21:09:46+00:00","og_image":[{"width":371,"height":411,"url":"https:\/\/www.episcopalchurch.org\/wp-content\/uploads\/2022\/09\/Centered-Logo_Color-Mark.png","type":"image\/png"}],"twitter_card":"summary_large_image","twitter_site":"@iamepiscopalian","twitter_misc":{"Est. reading time":"1 minute"},"schema":{"@context":"https:\/\/schema.org","@graph":[{"@type":"WebPage","@id":"https:\/\/www.episcopalchurch.org\/es\/centrado-una-experiencia-de-discipulado-cristiano\/8a-sesion\/","url":"https:\/\/www.episcopalchurch.org\/es\/centrado-una-experiencia-de-discipulado-cristiano\/8a-sesion\/","name":"8a. Sesi\u00f3n\ufffc &#8211; The Episcopal Church","isPartOf":{"@id":"https:\/\/www.episcopalchurch.org\/#website"},"primaryImageOfPage":{"@id":"https:\/\/www.episcopalchurch.org\/es\/centrado-una-experiencia-de-discipulado-cristiano\/8a-sesion\/#primaryimage"},"image":{"@id":"https:\/\/www.episcopalchurch.org\/es\/centrado-una-experiencia-de-discipulado-cristiano\/8a-sesion\/#primaryimage"},"thumbnailUrl":"https:\/\/www.episcopalchurch.org\/wp-content\/uploads\/2022\/09\/Centered-Logo_Color-Mark.png","datePublished":"2022-09-27T20:30:09+00:00","dateModified":"2022-09-28T21:09:46+00:00","breadcrumb":{"@id":"https:\/\/www.episcopalchurch.org\/es\/centrado-una-experiencia-de-discipulado-cristiano\/8a-sesion\/#breadcrumb"},"inLanguage":"es-ES","potentialAction":[{"@type":"ReadAction","target":["https:\/\/www.episcopalchurch.org\/es\/centrado-una-experiencia-de-discipulado-cristiano\/8a-sesion\/"]}]},{"@type":"ImageObject","inLanguage":"es-ES","@id":"https:\/\/www.episcopalchurch.org\/es\/centrado-una-experiencia-de-discipulado-cristiano\/8a-sesion\/#primaryimage","url":"https:\/\/www.episcopalchurch.org\/wp-content\/uploads\/2022\/09\/Centered-Logo_Color-Mark.png","contentUrl":"https:\/\/www.episcopalchurch.org\/wp-content\/uploads\/2022\/09\/Centered-Logo_Color-Mark.png","width":371,"height":411},{"@type":"BreadcrumbList","@id":"https:\/\/www.episcopalchurch.org\/es\/centrado-una-experiencia-de-discipulado-cristiano\/8a-sesion\/#breadcrumb","itemListElement":[{"@type":"ListItem","position":1,"name":"Home","item":"https:\/\/www.episcopalchurch.org\/"},{"@type":"ListItem","position":2,"name":"Centrado: Una Experiencia de Discipulado Cristiano","item":"https:\/\/www.episcopalchurch.org\/es\/centrado-una-experiencia-de-discipulado-cristiano\/"},{"@type":"ListItem","position":3,"name":"8a. Sesi\u00f3n\ufffc"}]},{"@type":"WebSite","@id":"https:\/\/www.episcopalchurch.org\/#website","url":"https:\/\/www.episcopalchurch.org\/","name":"The Episcopal Church","description":"Welcomes You","publisher":{"@id":"https:\/\/www.episcopalchurch.org\/#organization"},"potentialAction":[{"@type":"SearchAction","target":{"@type":"EntryPoint","urlTemplate":"https:\/\/www.episcopalchurch.org\/?s={search_term_string}"},"query-input":{"@type":"PropertyValueSpecification","valueRequired":true,"valueName":"search_term_string"}}],"inLanguage":"es-ES"},{"@type":"Organization","@id":"https:\/\/www.episcopalchurch.org\/#organization","name":"The Episcopal Church","url":"https:\/\/www.episcopalchurch.org\/","logo":{"@type":"ImageObject","inLanguage":"es-ES","@id":"https:\/\/www.episcopalchurch.org\/#\/schema\/logo\/image\/","url":"https:\/\/www.episcopalchurch.org\/wp-content\/uploads\/2021\/01\/vertical_episcopal_logo.jpg","contentUrl":"https:\/\/www.episcopalchurch.org\/wp-content\/uploads\/2021\/01\/vertical_episcopal_logo.jpg","width":770,"height":662,"caption":"The Episcopal Church"},"image":{"@id":"https:\/\/www.episcopalchurch.org\/#\/schema\/logo\/image\/"},"sameAs":["https:\/\/www.facebook.com\/episcopalian","https:\/\/x.com\/iamepiscopalian","https:\/\/www.youtube.com\/channel\/UCdVJpxCtK41c_-p6EaE4_2A"]}]}},"taxonomy_info":[],"featured_image_src_large":["https:\/\/www.episcopalchurch.org\/wp-content\/uploads\/2022\/09\/Centered-Logo_Color-Mark.png",371,411,false],"author_info":{"display_name":"Scott Rands","author_link":"https:\/\/www.episcopalchurch.org\/es\/author\/srandsepiscopalchurch-org\/"},"comment_info":"","uagb_featured_image_src":{"full":["https:\/\/www.episcopalchurch.org\/wp-content\/uploads\/2022\/09\/Centered-Logo_Color-Mark.png",371,411,false],"thumbnail":["https:\/\/www.episcopalchurch.org\/wp-content\/uploads\/2022\/09\/Centered-Logo_Color-Mark-150x150.png",150,150,true],"medium":["https:\/\/www.episcopalchurch.org\/wp-content\/uploads\/2022\/09\/Centered-Logo_Color-Mark-271x300.png",271,300,true],"medium_large":["https:\/\/www.episcopalchurch.org\/wp-content\/uploads\/2022\/09\/Centered-Logo_Color-Mark.png",371,411,false],"large":["https:\/\/www.episcopalchurch.org\/wp-content\/uploads\/2022\/09\/Centered-Logo_Color-Mark.png",371,411,false],"1536x1536":["https:\/\/www.episcopalchurch.org\/wp-content\/uploads\/2022\/09\/Centered-Logo_Color-Mark.png",371,411,false],"2048x2048":["https:\/\/www.episcopalchurch.org\/wp-content\/uploads\/2022\/09\/Centered-Logo_Color-Mark.png",371,411,false],"menu":["https:\/\/www.episcopalchurch.org\/wp-content\/uploads\/2022\/09\/Centered-Logo_Color-Mark-330x200.png",330,200,true],"hero":["https:\/\/www.episcopalchurch.org\/wp-content\/uploads\/2022\/09\/Centered-Logo_Color-Mark.png",371,411,false],"callout-image":["https:\/\/www.episcopalchurch.org\/wp-content\/uploads\/2022\/09\/Centered-Logo_Color-Mark.png",371,411,false]},"uagb_author_info":{"display_name":"Scott Rands","author_link":"https:\/\/www.episcopalchurch.org\/es\/author\/srandsepiscopalchurch-org\/"},"uagb_comment_info":0,"uagb_excerpt":"8a. Sesi\u00f3n: Crear una regla de vida sostenible Seguir a Jes\u00fas requiere intencionalidad y pr\u00e1ctica (una de las razones por las que las palabras \u00abdisc\u00edpulo\u00bb y \u00abdisciplina\u00bb son tan pr\u00f3ximas). Por eso necesitamos un camino consciente como una regla de vida y una comunidad con la cual vivirlo. This page is available in: Fran\u00e7ais","_links":{"self":[{"href":"https:\/\/www.episcopalchurch.org\/es\/wp-json\/wp\/v2\/pages\/275302","targetHints":{"allow":["GET"]}}],"collection":[{"href":"https:\/\/www.episcopalchurch.org\/es\/wp-json\/wp\/v2\/pages"}],"about":[{"href":"https:\/\/www.episcopalchurch.org\/es\/wp-json\/wp\/v2\/types\/page"}],"author":[{"embeddable":true,"href":"https:\/\/www.episcopalchurch.org\/es\/wp-json\/wp\/v2\/users\/12"}],"replies":[{"embeddable":true,"href":"https:\/\/www.episcopalchurch.org\/es\/wp-json\/wp\/v2\/comments?post=275302"}],"version-history":[{"count":0,"href":"https:\/\/www.episcopalchurch.org\/es\/wp-json\/wp\/v2\/pages\/275302\/revisions"}],"up":[{"embeddable":true,"href":"https:\/\/www.episcopalchurch.org\/es\/wp-json\/wp\/v2\/pages\/271251"}],"wp:featuredmedia":[{"embeddable":true,"href":"https:\/\/www.episcopalchurch.org\/es\/wp-json\/wp\/v2\/media\/274602"}],"wp:attachment":[{"href":"https:\/\/www.episcopalchurch.org\/es\/wp-json\/wp\/v2\/media?parent=275302"}],"curies":[{"name":"wp","href":"https:\/\/api.w.org\/{rel}","templated":true}]}}