{"id":275363,"date":"2022-09-27T17:21:18","date_gmt":"2022-09-27T21:21:18","guid":{"rendered":"https:\/\/www.episcopalchurch.org\/?page_id=275363"},"modified":"2022-10-05T15:49:10","modified_gmt":"2022-10-05T19:49:10","slug":"consejos-y-recursos","status":"publish","type":"page","link":"https:\/\/www.episcopalchurch.org\/es\/centrado-una-experiencia-de-discipulado-cristiano\/consejos-y-recursos\/","title":{"rendered":"Consejos y recursos\ufffc"},"content":{"rendered":"\n<div class=\"wp-block-columns is-layout-flex wp-container-core-columns-is-layout-9d6595d7 wp-block-columns-is-layout-flex\">\n<div class=\"wp-block-column is-vertically-aligned-center is-layout-flow wp-block-column-is-layout-flow\" style=\"flex-basis:66.66%\">\n<h1 class=\"has-text-align-center wp-block-heading\"><strong>Centrado:<\/strong><\/h1>\n\n\n\n<h2 class=\"has-text-align-center wp-block-heading\"><strong>Una Experiencia de Discipulado Cristiano<\/strong><\/h2>\n<\/div>\n\n\n\n<div class=\"wp-block-column is-layout-flow wp-block-column-is-layout-flow\" style=\"flex-basis:33.33%\">\n<figure class=\"wp-block-image size-full\"><img loading=\"lazy\" decoding=\"async\" width=\"371\" height=\"412\" src=\"https:\/\/www.episcopalchurch.org\/wp-content\/uploads\/2022\/07\/Centered-Logo_Color-Mark.png\" alt=\"\" class=\"wp-image-271148\" srcset=\"https:\/\/www.episcopalchurch.org\/wp-content\/uploads\/2022\/07\/Centered-Logo_Color-Mark.png 371w, https:\/\/www.episcopalchurch.org\/wp-content\/uploads\/2022\/07\/Centered-Logo_Color-Mark-270x300.png 270w\" sizes=\"auto, (max-width: 371px) 100vw, 371px\" \/><\/figure>\n<\/div>\n<\/div>\n\n\n\n<div class=\"wp-block-buttons is-layout-flex wp-block-buttons-is-layout-flex\">\n<div class=\"wp-block-button\"><a class=\"wp-block-button__link\" href=\"https:\/\/www.episcopalchurch.org\/es\/centrado-una-experiencia-de-discipulado-cristiano\/\">Inicio<\/a><\/div>\n\n\n\n<div class=\"wp-block-button\"><a class=\"wp-block-button__link\" href=\"https:\/\/www.episcopalchurch.org\/es\/centrado-una-experiencia-de-discipulado-cristiano\/consejos-y-recursos\/\">Consejos y recursos<\/a><\/div>\n\n\n\n<div class=\"wp-block-button\"><a class=\"wp-block-button__link\" href=\"https:\/\/www.episcopalchurch.org\/es\/centrado-una-experiencia-de-discipulado-cristiano\/sesiones%ef%bf%bc\/\">Sesiones<\/a><\/div>\n\n\n\n<div class=\"wp-block-button\"><a class=\"wp-block-button__link\" href=\"https:\/\/www.episcopalchurch.org\/es\/centrado-una-experiencia-de-discipulado-cristiano\/participantes\/\">Participantes<\/a><\/div>\n<\/div>\n\n\n\n<div style=\"height:50px\" aria-hidden=\"true\" class=\"wp-block-spacer\"><\/div>\n\n\n\n<h1 class=\"wp-block-heading\">Consejos y recursos<\/h1>\n\n\n\n<p><strong>Tome el Curso de Capacitaci\u00f3n en Liderazgo de Grupos Peque\u00f1os<br><\/strong>Antes de comenzar, invitamos a todos los que vayan a dirigir un grupo de Centrado a participar en este <a href=\"https:\/\/www.episcopalchurch.org\/es\/centrado-una-experiencia-de-discipulado-cristiano\/capacitacion-intencional-para-lideres-de-grupos-pequenos%ef%bf%bc\/\">curso de capacitaci\u00f3n de tres sesiones<\/a>. El curso puede ser utilizado por personas o por grupos de l\u00edderes en formaci\u00f3n de Centrado. Los dos primeros videos de la serie brindan una visi\u00f3n general de las mejores pr\u00e1cticas para grupos peque\u00f1os, mientras que el tercer video presenta informaci\u00f3n espec\u00edfica y consejos para liderar Centrado.&nbsp;&nbsp;Estas capacitaciones se pueden hacer en persona (recomendado) y a trav\u00e9s de una plataforma digital.<\/p>\n\n\n\n<p><strong>Descargue las redes sociales y los art\u00edculos promocionales para compartir Centrado<\/strong><br><a href=\"https:\/\/www.episcopalchurch.org\/es\/centrado-una-experiencia-de-discipulado-cristiano\/articulos-promocionales\/\">Descargue\u00a0aqu\u00ed<\/a> una carpeta de gr\u00e1ficos de redes sociales, sugerencias de subt\u00edtulos y un folleto promocional para su peque\u00f1o grupo o congregaci\u00f3n. Si\u00e9ntase en libertad de agregar la marca y la informaci\u00f3n de su congregaci\u00f3n seg\u00fan sea necesario. Tambi\u00e9n puede descargar o compartir el video promocional de Centrado en la parte inferior de esta p\u00e1gina.<\/p>\n\n\n\n<p><strong>Descargue las gu\u00edas completas para l\u00edderes y participantes<\/strong><br>Cada una de las gu\u00edas pertinentes est\u00e1 disponible en las p\u00e1ginas de sesiones individuales, pero tambi\u00e9n puede descargar las gu\u00edas completas aqu\u00ed.&nbsp;<\/p>\n\n\n\n<div class=\"wp-block-buttons is-layout-flex wp-block-buttons-is-layout-flex\">\n<div class=\"wp-block-button\"><a class=\"wp-block-button__link\" href=\"https:\/\/www.episcopalchurch.org\/wp-content\/uploads\/2022\/09\/Centrado-SP-Group-Leaders-Guidebook.pdf\">Manual de los L\u00edderes de los Grupos<\/a><\/div>\n\n\n\n<div class=\"wp-block-button\"><a class=\"wp-block-button__link\" href=\"https:\/\/www.episcopalchurch.org\/wp-content\/uploads\/2022\/09\/Centrado-SP-Participant-Guidebook.pdf\">Manual de los Participantes<\/a><\/div>\n<\/div>\n\n\n\n<div style=\"height:15px\" aria-hidden=\"true\" class=\"wp-block-spacer\"><\/div>\n\n\n\n<figure class=\"wp-block-embed is-type-video is-provider-wistia-inc wp-block-embed-wistia-inc\"><div class=\"wp-block-embed__wrapper\">\n<div class=\"embed-container\"><iframe loading=\"lazy\" class=\"wp-embedded-content\" sandbox=\"allow-scripts\" security=\"restricted\" title=\"Centered Promo Video\" src=\"https:\/\/fast.wistia.net\/embed\/iframe\/ezslcfnx81?dnt=1#?secret=zHIeXlONyn\" data-secret=\"zHIeXlONyn\" frameborder=\"0\" scrolling=\"no\" width=\"500\" height=\"281\"><\/iframe><\/div>\n<\/div><\/figure>\n\n\n\n<div class=\"wp-block-columns is-style-default is-layout-flex wp-container-core-columns-is-layout-9d6595d7 wp-block-columns-is-layout-flex\">\n<div class=\"wp-block-column is-vertically-aligned-center is-layout-flow wp-block-column-is-layout-flow\">\n<figure class=\"wp-block-image size-full\"><img loading=\"lazy\" decoding=\"async\" width=\"777\" height=\"443\" src=\"https:\/\/www.episcopalchurch.org\/wp-content\/uploads\/2022\/09\/Centered-Logo_Color.jpg\" alt=\"\" class=\"wp-image-275215\" srcset=\"https:\/\/www.episcopalchurch.org\/wp-content\/uploads\/2022\/09\/Centered-Logo_Color.jpg 777w, https:\/\/www.episcopalchurch.org\/wp-content\/uploads\/2022\/09\/Centered-Logo_Color-300x171.jpg 300w, https:\/\/www.episcopalchurch.org\/wp-content\/uploads\/2022\/09\/Centered-Logo_Color-768x438.jpg 768w, https:\/\/www.episcopalchurch.org\/wp-content\/uploads\/2022\/09\/Centered-Logo_Color-480x274.jpg 480w\" sizes=\"auto, (max-width: 777px) 100vw, 777px\" \/><\/figure>\n<\/div>\n\n\n\n<div class=\"wp-block-column is-vertically-aligned-center is-layout-flow wp-block-column-is-layout-flow\">\n<div class=\"wp-block-uagb-team uagb-team__image-position-above uagb-team__align-center uagb-team__stack-tablet uagb-block-e95caaf4\"><div class=\"uagb-team__content\"><h3 class=\"uagb-team__title\"><strong>Contacto:<\/strong><\/h3><span class=\"uagb-team__prefix\"><\/span><p class=\"uagb-team__desc\"><a href=\"https:\/\/www.episcopalchurch.org\/staff\/way-of-love\/\">Haga clic aqu\u00ed<\/a><\/p><ul class=\"uagb-team__social-list\"><\/ul><\/div><\/div>\n<\/div>\n\n\n\n<div class=\"wp-block-column is-layout-flow wp-block-column-is-layout-flow\"><\/div>\n<\/div>\n\n\n\n<p>This page is available in: <a href=\"https:\/\/www.episcopalchurch.org\/way-of-love\/centre\/conseils-et-ressources\/\">Fran\u00e7ais<\/a><\/p>\n","protected":false},"excerpt":{"rendered":"<p>Consejos y recursos Tome el Curso de Capacitaci\u00f3n en Liderazgo de Grupos Peque\u00f1osAntes de comenzar, invitamos a todos los que vayan a dirigir un grupo de Centrado a participar en este curso de capacitaci\u00f3n de tres sesiones. El curso puede ser utilizado por personas o por grupos de l\u00edderes en formaci\u00f3n de Centrado. Los dos [&hellip;]<\/p>\n","protected":false},"author":12,"featured_media":274602,"parent":271251,"menu_order":0,"comment_status":"closed","ping_status":"closed","template":"","meta":{"_acf_changed":false,"_uag_custom_page_level_css":"","_kad_blocks_custom_css":"","_kad_blocks_head_custom_js":"","_kad_blocks_body_custom_js":"","_kad_blocks_footer_custom_js":"","_kadence_starter_templates_imported_post":false,"footnotes":"","_links_to":"","_links_to_target":""},"class_list":["post-275363","page","type-page","status-publish","has-post-thumbnail","hentry"],"acf":[],"yoast_head":"<!-- This site is optimized with the Yoast SEO Premium plugin v24.6 (Yoast SEO v26.3) - https:\/\/yoast.com\/wordpress\/plugins\/seo\/ -->\n<title>Consejos y recursos\ufffc &#8211; The Episcopal Church<\/title>\n<meta name=\"robots\" content=\"index, follow, max-snippet:-1, max-image-preview:large, max-video-preview:-1\" \/>\n<link rel=\"canonical\" href=\"https:\/\/www.episcopalchurch.org\/es\/centrado-una-experiencia-de-discipulado-cristiano\/consejos-y-recursos\/\" \/>\n<meta property=\"og:locale\" content=\"es_ES\" \/>\n<meta property=\"og:type\" content=\"article\" \/>\n<meta property=\"og:title\" content=\"Consejos y recursos\ufffc\" \/>\n<meta property=\"og:description\" content=\"Consejos y recursos Tome el Curso de Capacitaci\u00f3n en Liderazgo de Grupos Peque\u00f1osAntes de comenzar, invitamos a todos los que vayan a dirigir un grupo de Centrado a participar en este curso de capacitaci\u00f3n de tres sesiones. El curso puede ser utilizado por personas o por grupos de l\u00edderes en formaci\u00f3n de Centrado. Los dos [&hellip;]\" \/>\n<meta property=\"og:url\" content=\"https:\/\/www.episcopalchurch.org\/es\/centrado-una-experiencia-de-discipulado-cristiano\/consejos-y-recursos\/\" \/>\n<meta property=\"og:site_name\" content=\"The Episcopal Church\" \/>\n<meta property=\"article:publisher\" content=\"https:\/\/www.facebook.com\/episcopalian\" \/>\n<meta property=\"article:modified_time\" content=\"2022-10-05T19:49:10+00:00\" \/>\n<meta property=\"og:image\" content=\"https:\/\/www.episcopalchurch.org\/wp-content\/uploads\/2022\/09\/Centered-Logo_Color-Mark.png\" \/>\n\t<meta property=\"og:image:width\" content=\"371\" \/>\n\t<meta property=\"og:image:height\" content=\"411\" \/>\n\t<meta property=\"og:image:type\" content=\"image\/png\" \/>\n<meta name=\"twitter:card\" content=\"summary_large_image\" \/>\n<meta name=\"twitter:site\" content=\"@iamepiscopalian\" \/>\n<meta name=\"twitter:label1\" content=\"Est. reading time\" \/>\n\t<meta name=\"twitter:data1\" content=\"1 minute\" \/>\n<script type=\"application\/ld+json\" class=\"yoast-schema-graph\">{\"@context\":\"https:\/\/schema.org\",\"@graph\":[{\"@type\":\"WebPage\",\"@id\":\"https:\/\/www.episcopalchurch.org\/es\/centrado-una-experiencia-de-discipulado-cristiano\/consejos-y-recursos\/\",\"url\":\"https:\/\/www.episcopalchurch.org\/es\/centrado-una-experiencia-de-discipulado-cristiano\/consejos-y-recursos\/\",\"name\":\"Consejos y recursos\ufffc &#8211; The Episcopal Church\",\"isPartOf\":{\"@id\":\"https:\/\/www.episcopalchurch.org\/#website\"},\"primaryImageOfPage\":{\"@id\":\"https:\/\/www.episcopalchurch.org\/es\/centrado-una-experiencia-de-discipulado-cristiano\/consejos-y-recursos\/#primaryimage\"},\"image\":{\"@id\":\"https:\/\/www.episcopalchurch.org\/es\/centrado-una-experiencia-de-discipulado-cristiano\/consejos-y-recursos\/#primaryimage\"},\"thumbnailUrl\":\"https:\/\/www.episcopalchurch.org\/wp-content\/uploads\/2022\/09\/Centered-Logo_Color-Mark.png\",\"datePublished\":\"2022-09-27T21:21:18+00:00\",\"dateModified\":\"2022-10-05T19:49:10+00:00\",\"breadcrumb\":{\"@id\":\"https:\/\/www.episcopalchurch.org\/es\/centrado-una-experiencia-de-discipulado-cristiano\/consejos-y-recursos\/#breadcrumb\"},\"inLanguage\":\"es-ES\",\"potentialAction\":[{\"@type\":\"ReadAction\",\"target\":[\"https:\/\/www.episcopalchurch.org\/es\/centrado-una-experiencia-de-discipulado-cristiano\/consejos-y-recursos\/\"]}]},{\"@type\":\"ImageObject\",\"inLanguage\":\"es-ES\",\"@id\":\"https:\/\/www.episcopalchurch.org\/es\/centrado-una-experiencia-de-discipulado-cristiano\/consejos-y-recursos\/#primaryimage\",\"url\":\"https:\/\/www.episcopalchurch.org\/wp-content\/uploads\/2022\/09\/Centered-Logo_Color-Mark.png\",\"contentUrl\":\"https:\/\/www.episcopalchurch.org\/wp-content\/uploads\/2022\/09\/Centered-Logo_Color-Mark.png\",\"width\":371,\"height\":411},{\"@type\":\"BreadcrumbList\",\"@id\":\"https:\/\/www.episcopalchurch.org\/es\/centrado-una-experiencia-de-discipulado-cristiano\/consejos-y-recursos\/#breadcrumb\",\"itemListElement\":[{\"@type\":\"ListItem\",\"position\":1,\"name\":\"Home\",\"item\":\"https:\/\/www.episcopalchurch.org\/\"},{\"@type\":\"ListItem\",\"position\":2,\"name\":\"Centrado: Una Experiencia de Discipulado Cristiano\",\"item\":\"https:\/\/www.episcopalchurch.org\/es\/centrado-una-experiencia-de-discipulado-cristiano\/\"},{\"@type\":\"ListItem\",\"position\":3,\"name\":\"Consejos y recursos\ufffc\"}]},{\"@type\":\"WebSite\",\"@id\":\"https:\/\/www.episcopalchurch.org\/#website\",\"url\":\"https:\/\/www.episcopalchurch.org\/\",\"name\":\"The Episcopal Church\",\"description\":\"Welcomes You\",\"publisher\":{\"@id\":\"https:\/\/www.episcopalchurch.org\/#organization\"},\"potentialAction\":[{\"@type\":\"SearchAction\",\"target\":{\"@type\":\"EntryPoint\",\"urlTemplate\":\"https:\/\/www.episcopalchurch.org\/?s={search_term_string}\"},\"query-input\":{\"@type\":\"PropertyValueSpecification\",\"valueRequired\":true,\"valueName\":\"search_term_string\"}}],\"inLanguage\":\"es-ES\"},{\"@type\":\"Organization\",\"@id\":\"https:\/\/www.episcopalchurch.org\/#organization\",\"name\":\"The Episcopal Church\",\"url\":\"https:\/\/www.episcopalchurch.org\/\",\"logo\":{\"@type\":\"ImageObject\",\"inLanguage\":\"es-ES\",\"@id\":\"https:\/\/www.episcopalchurch.org\/#\/schema\/logo\/image\/\",\"url\":\"https:\/\/www.episcopalchurch.org\/wp-content\/uploads\/2021\/01\/vertical_episcopal_logo.jpg\",\"contentUrl\":\"https:\/\/www.episcopalchurch.org\/wp-content\/uploads\/2021\/01\/vertical_episcopal_logo.jpg\",\"width\":770,\"height\":662,\"caption\":\"The Episcopal Church\"},\"image\":{\"@id\":\"https:\/\/www.episcopalchurch.org\/#\/schema\/logo\/image\/\"},\"sameAs\":[\"https:\/\/www.facebook.com\/episcopalian\",\"https:\/\/x.com\/iamepiscopalian\",\"https:\/\/www.youtube.com\/channel\/UCdVJpxCtK41c_-p6EaE4_2A\"]}]}<\/script>\n<!-- \/ Yoast SEO Premium plugin. -->","yoast_head_json":{"title":"Consejos y recursos\ufffc &#8211; The Episcopal Church","robots":{"index":"index","follow":"follow","max-snippet":"max-snippet:-1","max-image-preview":"max-image-preview:large","max-video-preview":"max-video-preview:-1"},"canonical":"https:\/\/www.episcopalchurch.org\/es\/centrado-una-experiencia-de-discipulado-cristiano\/consejos-y-recursos\/","og_locale":"es_ES","og_type":"article","og_title":"Consejos y recursos\ufffc","og_description":"Consejos y recursos Tome el Curso de Capacitaci\u00f3n en Liderazgo de Grupos Peque\u00f1osAntes de comenzar, invitamos a todos los que vayan a dirigir un grupo de Centrado a participar en este curso de capacitaci\u00f3n de tres sesiones. El curso puede ser utilizado por personas o por grupos de l\u00edderes en formaci\u00f3n de Centrado. Los dos [&hellip;]","og_url":"https:\/\/www.episcopalchurch.org\/es\/centrado-una-experiencia-de-discipulado-cristiano\/consejos-y-recursos\/","og_site_name":"The Episcopal Church","article_publisher":"https:\/\/www.facebook.com\/episcopalian","article_modified_time":"2022-10-05T19:49:10+00:00","og_image":[{"width":371,"height":411,"url":"https:\/\/www.episcopalchurch.org\/wp-content\/uploads\/2022\/09\/Centered-Logo_Color-Mark.png","type":"image\/png"}],"twitter_card":"summary_large_image","twitter_site":"@iamepiscopalian","twitter_misc":{"Est. reading time":"1 minute"},"schema":{"@context":"https:\/\/schema.org","@graph":[{"@type":"WebPage","@id":"https:\/\/www.episcopalchurch.org\/es\/centrado-una-experiencia-de-discipulado-cristiano\/consejos-y-recursos\/","url":"https:\/\/www.episcopalchurch.org\/es\/centrado-una-experiencia-de-discipulado-cristiano\/consejos-y-recursos\/","name":"Consejos y recursos\ufffc &#8211; The Episcopal Church","isPartOf":{"@id":"https:\/\/www.episcopalchurch.org\/#website"},"primaryImageOfPage":{"@id":"https:\/\/www.episcopalchurch.org\/es\/centrado-una-experiencia-de-discipulado-cristiano\/consejos-y-recursos\/#primaryimage"},"image":{"@id":"https:\/\/www.episcopalchurch.org\/es\/centrado-una-experiencia-de-discipulado-cristiano\/consejos-y-recursos\/#primaryimage"},"thumbnailUrl":"https:\/\/www.episcopalchurch.org\/wp-content\/uploads\/2022\/09\/Centered-Logo_Color-Mark.png","datePublished":"2022-09-27T21:21:18+00:00","dateModified":"2022-10-05T19:49:10+00:00","breadcrumb":{"@id":"https:\/\/www.episcopalchurch.org\/es\/centrado-una-experiencia-de-discipulado-cristiano\/consejos-y-recursos\/#breadcrumb"},"inLanguage":"es-ES","potentialAction":[{"@type":"ReadAction","target":["https:\/\/www.episcopalchurch.org\/es\/centrado-una-experiencia-de-discipulado-cristiano\/consejos-y-recursos\/"]}]},{"@type":"ImageObject","inLanguage":"es-ES","@id":"https:\/\/www.episcopalchurch.org\/es\/centrado-una-experiencia-de-discipulado-cristiano\/consejos-y-recursos\/#primaryimage","url":"https:\/\/www.episcopalchurch.org\/wp-content\/uploads\/2022\/09\/Centered-Logo_Color-Mark.png","contentUrl":"https:\/\/www.episcopalchurch.org\/wp-content\/uploads\/2022\/09\/Centered-Logo_Color-Mark.png","width":371,"height":411},{"@type":"BreadcrumbList","@id":"https:\/\/www.episcopalchurch.org\/es\/centrado-una-experiencia-de-discipulado-cristiano\/consejos-y-recursos\/#breadcrumb","itemListElement":[{"@type":"ListItem","position":1,"name":"Home","item":"https:\/\/www.episcopalchurch.org\/"},{"@type":"ListItem","position":2,"name":"Centrado: Una Experiencia de Discipulado Cristiano","item":"https:\/\/www.episcopalchurch.org\/es\/centrado-una-experiencia-de-discipulado-cristiano\/"},{"@type":"ListItem","position":3,"name":"Consejos y recursos\ufffc"}]},{"@type":"WebSite","@id":"https:\/\/www.episcopalchurch.org\/#website","url":"https:\/\/www.episcopalchurch.org\/","name":"The Episcopal Church","description":"Welcomes You","publisher":{"@id":"https:\/\/www.episcopalchurch.org\/#organization"},"potentialAction":[{"@type":"SearchAction","target":{"@type":"EntryPoint","urlTemplate":"https:\/\/www.episcopalchurch.org\/?s={search_term_string}"},"query-input":{"@type":"PropertyValueSpecification","valueRequired":true,"valueName":"search_term_string"}}],"inLanguage":"es-ES"},{"@type":"Organization","@id":"https:\/\/www.episcopalchurch.org\/#organization","name":"The Episcopal Church","url":"https:\/\/www.episcopalchurch.org\/","logo":{"@type":"ImageObject","inLanguage":"es-ES","@id":"https:\/\/www.episcopalchurch.org\/#\/schema\/logo\/image\/","url":"https:\/\/www.episcopalchurch.org\/wp-content\/uploads\/2021\/01\/vertical_episcopal_logo.jpg","contentUrl":"https:\/\/www.episcopalchurch.org\/wp-content\/uploads\/2021\/01\/vertical_episcopal_logo.jpg","width":770,"height":662,"caption":"The Episcopal Church"},"image":{"@id":"https:\/\/www.episcopalchurch.org\/#\/schema\/logo\/image\/"},"sameAs":["https:\/\/www.facebook.com\/episcopalian","https:\/\/x.com\/iamepiscopalian","https:\/\/www.youtube.com\/channel\/UCdVJpxCtK41c_-p6EaE4_2A"]}]}},"taxonomy_info":[],"featured_image_src_large":["https:\/\/www.episcopalchurch.org\/wp-content\/uploads\/2022\/09\/Centered-Logo_Color-Mark.png",371,411,false],"author_info":{"display_name":"Scott Rands","author_link":"https:\/\/www.episcopalchurch.org\/es\/author\/srandsepiscopalchurch-org\/"},"comment_info":"","uagb_featured_image_src":{"full":["https:\/\/www.episcopalchurch.org\/wp-content\/uploads\/2022\/09\/Centered-Logo_Color-Mark.png",371,411,false],"thumbnail":["https:\/\/www.episcopalchurch.org\/wp-content\/uploads\/2022\/09\/Centered-Logo_Color-Mark-150x150.png",150,150,true],"medium":["https:\/\/www.episcopalchurch.org\/wp-content\/uploads\/2022\/09\/Centered-Logo_Color-Mark-271x300.png",271,300,true],"medium_large":["https:\/\/www.episcopalchurch.org\/wp-content\/uploads\/2022\/09\/Centered-Logo_Color-Mark.png",371,411,false],"large":["https:\/\/www.episcopalchurch.org\/wp-content\/uploads\/2022\/09\/Centered-Logo_Color-Mark.png",371,411,false],"1536x1536":["https:\/\/www.episcopalchurch.org\/wp-content\/uploads\/2022\/09\/Centered-Logo_Color-Mark.png",371,411,false],"2048x2048":["https:\/\/www.episcopalchurch.org\/wp-content\/uploads\/2022\/09\/Centered-Logo_Color-Mark.png",371,411,false],"menu":["https:\/\/www.episcopalchurch.org\/wp-content\/uploads\/2022\/09\/Centered-Logo_Color-Mark-330x200.png",330,200,true],"hero":["https:\/\/www.episcopalchurch.org\/wp-content\/uploads\/2022\/09\/Centered-Logo_Color-Mark.png",371,411,false],"callout-image":["https:\/\/www.episcopalchurch.org\/wp-content\/uploads\/2022\/09\/Centered-Logo_Color-Mark.png",371,411,false]},"uagb_author_info":{"display_name":"Scott Rands","author_link":"https:\/\/www.episcopalchurch.org\/es\/author\/srandsepiscopalchurch-org\/"},"uagb_comment_info":0,"uagb_excerpt":"Consejos y recursos Tome el Curso de Capacitaci\u00f3n en Liderazgo de Grupos Peque\u00f1osAntes de comenzar, invitamos a todos los que vayan a dirigir un grupo de Centrado a participar en este curso de capacitaci\u00f3n de tres sesiones. El curso puede ser utilizado por personas o por grupos de l\u00edderes en formaci\u00f3n de Centrado. Los dos&hellip;","_links":{"self":[{"href":"https:\/\/www.episcopalchurch.org\/es\/wp-json\/wp\/v2\/pages\/275363","targetHints":{"allow":["GET"]}}],"collection":[{"href":"https:\/\/www.episcopalchurch.org\/es\/wp-json\/wp\/v2\/pages"}],"about":[{"href":"https:\/\/www.episcopalchurch.org\/es\/wp-json\/wp\/v2\/types\/page"}],"author":[{"embeddable":true,"href":"https:\/\/www.episcopalchurch.org\/es\/wp-json\/wp\/v2\/users\/12"}],"replies":[{"embeddable":true,"href":"https:\/\/www.episcopalchurch.org\/es\/wp-json\/wp\/v2\/comments?post=275363"}],"version-history":[{"count":0,"href":"https:\/\/www.episcopalchurch.org\/es\/wp-json\/wp\/v2\/pages\/275363\/revisions"}],"up":[{"embeddable":true,"href":"https:\/\/www.episcopalchurch.org\/es\/wp-json\/wp\/v2\/pages\/271251"}],"wp:featuredmedia":[{"embeddable":true,"href":"https:\/\/www.episcopalchurch.org\/es\/wp-json\/wp\/v2\/media\/274602"}],"wp:attachment":[{"href":"https:\/\/www.episcopalchurch.org\/es\/wp-json\/wp\/v2\/media?parent=275363"}],"curies":[{"name":"wp","href":"https:\/\/api.w.org\/{rel}","templated":true}]}}