{"id":276257,"date":"2022-10-31T11:06:17","date_gmt":"2022-10-31T15:06:17","guid":{"rendered":"https:\/\/www.episcopalchurch.org\/?page_id=276257"},"modified":"2022-10-31T11:12:54","modified_gmt":"2022-10-31T15:12:54","slug":"mi-camino-del-amor","status":"publish","type":"page","link":"https:\/\/www.episcopalchurch.org\/es\/mi-camino-del-amor\/","title":{"rendered":"Mi Camino del Amor"},"content":{"rendered":"    <div\n      class=\"wp-block-episcopal-hero-banner alignfull\"\n            style=\"background-image: url(https:\/\/www.episcopalchurch.org\/wp-content\/uploads\/2019\/11\/wayoflove_banner_1500.jpeg)\"\n          >\n      <div\n        class=\"hero-banner\"\n      >\n        <div class=\"hero-banner-wrapper\">\n          <h1 class=\"episcopal-hero-title\">\n                          Mi Camino del Amor                      <\/h1>\n                      <div class=\"episcopal-hero-description\">\n              Pr\u00e1cticas para una vida centrada en Jes\u00fas            <\/div>\n          \n                  <\/div>\n      <\/div>\n    <\/div>\n\n  \n\n\n<figure class=\"wp-block-image size-full\"><img loading=\"lazy\" decoding=\"async\" width=\"1000\" height=\"225\" src=\"https:\/\/www.episcopalchurch.org\/wp-content\/uploads\/2022\/10\/SP-MY_WOL_LOGO_color_horizontal_on_white.png\" alt=\"\" class=\"wp-image-276261\" srcset=\"https:\/\/www.episcopalchurch.org\/wp-content\/uploads\/2022\/10\/SP-MY_WOL_LOGO_color_horizontal_on_white.png 1000w, https:\/\/www.episcopalchurch.org\/wp-content\/uploads\/2022\/10\/SP-MY_WOL_LOGO_color_horizontal_on_white-300x68.png 300w, https:\/\/www.episcopalchurch.org\/wp-content\/uploads\/2022\/10\/SP-MY_WOL_LOGO_color_horizontal_on_white-768x173.png 768w, https:\/\/www.episcopalchurch.org\/wp-content\/uploads\/2022\/10\/SP-MY_WOL_LOGO_color_horizontal_on_white-480x108.png 480w\" sizes=\"auto, (max-width: 1000px) 100vw, 1000px\" \/><\/figure>\n\n\n\n<figure class=\"wp-block-embed is-type-video is-provider-wistia-inc wp-block-embed-wistia-inc\"><div class=\"wp-block-embed__wrapper\">\n<div class=\"embed-container\"><iframe loading=\"lazy\" class=\"wp-embedded-content\" sandbox=\"allow-scripts\" security=\"restricted\" title=\"My Way of Love Video\" src=\"https:\/\/fast.wistia.net\/embed\/iframe\/nu1iqa3wnw?dnt=1#?secret=VJJNC3ZlT0\" data-secret=\"VJJNC3ZlT0\" frameborder=\"0\" scrolling=\"no\" width=\"500\" height=\"281\"><\/iframe><\/div>\n<\/div><\/figure>\n\n\n\n<p><em>Mi Camino del Amor<\/em>&nbsp;es una gu\u00eda personal para la trayectoria espiritual, que brinda orientaci\u00f3n para ayudar a las personas a desarrollarse a lo largo de las siete pr\u00e1cticas para una vida centrada en Jes\u00fas: cambiar de rumbo, aprender, orar, adorar, bendecir, ir y descansar. Comienza con una breve encuesta en l\u00ednea que eval\u00faa d\u00f3nde se encuentra en su vida espiritual. Lo llamamos el&nbsp;<em>Inventario de la vida espiritual<\/em>.<\/p>\n\n\n\n<p>Una vez que se hayan procesado sus respuestas, le enviaremos por correo electr\u00f3nico una explicaci\u00f3n \u00fatil de nuestros resultados, junto con algunos consejos para mejorar su trayectoria espiritual. Tambi\u00e9n se le dar\u00e1 la oportunidad de suscribirse a una serie de correos electr\u00f3nicos de ocho semanas que le ofrecer\u00e1n algunas sugerencias, orientaci\u00f3n sobre c\u00f3mo puede crecer espiritualmente y formas en las que puede profundizar en el amor a Dios y al pr\u00f3jimo.<\/p>\n\n\n\n<div class=\"wp-block-columns is-layout-flex wp-container-core-columns-is-layout-9d6595d7 wp-block-columns-is-layout-flex\">\n<div class=\"wp-block-column is-layout-flow wp-block-column-is-layout-flow\" style=\"flex-basis:25%\"><\/div>\n\n\n\n<div class=\"wp-block-column is-layout-flow wp-block-column-is-layout-flow\" style=\"flex-basis:50%\">\n<div class=\"wp-block-buttons is-layout-flex wp-block-buttons-is-layout-flex\">\n<div class=\"wp-block-button\"><a class=\"wp-block-button__link\" href=\"https:\/\/32.selectsurvey.net\/RenewalWorks\/TakeSurvey.aspx?SurveyID=96KI3p3&amp;ChurchID=9599#\"><strong>\u00a1Comienza ahora!<\/strong><\/a><\/div>\n<\/div>\n<\/div>\n\n\n\n<div class=\"wp-block-column is-layout-flow wp-block-column-is-layout-flow\" style=\"flex-basis:25%\"><\/div>\n<\/div>\n\n\n\n<p><strong><strong>\u00bfC\u00f3mo funciona el Inventario de la Vida Espiritual?<\/strong><\/strong><\/p>\n\n\n\n<p>El Inventario de Vida Espiritual es una serie de preguntas confidenciales, dif\u00edciles y que invitan a la reflexi\u00f3n y se basa en los datos m\u00e1s completos y estad\u00edsticamente v\u00e1lidos de&nbsp;<em>RenewalWorks<\/em>, que trabaja con congregaciones completas para ayudarlas a reenfocarse en la espiritualidad y el discipulado.<br><br>Dise\u00f1amos&nbsp;<em>Mi Camino del Amor<\/em>&nbsp;de manera que no se extralimite: no hay necesidad de preocuparse por su privacidad y por llegar lejos en un tema tan personal. Usando datos de referencia de cientos de iglesias y miles de cristianos que han trabajado con&nbsp;<em>RenewalWorks<\/em>, sus respuestas a algunas preguntas simples ayudar\u00e1n al sistema a identificar caracter\u00edsticas generales de su vida espiritual y luego asignarle un plan de acci\u00f3n.<br><br>Despu\u00e9s de leer sus resultados iniciales, puede ir m\u00e1s all\u00e1 inscribi\u00e9ndose para recibir ocho semanas de correos electr\u00f3nicos personalizados con consejos, recordatorios y sugerencias para las pr\u00e1cticas espirituales diarias. Siguiendo una rutina de cuatro partes (Preparaci\u00f3n &#8211; Pr\u00e1ctica &#8211; Consejo del instructor &#8211; Extensi\u00f3n), estos correos electr\u00f3nicos semanales respaldan su trayectoria espiritual \u00fanica y brindan las sugerencias adecuadas para que crezca.&nbsp;<em>Mi Camino del Amor<\/em>&nbsp;es gratis, un regalo del Movimiento Adelante y la Iglesia Episcopal, que se ofrece con la confianza de que, a medida que los cristianos crezcan en salud espiritual, nuestras congregaciones y di\u00f3cesis tambi\u00e9n ser\u00e1n m\u00e1s sanas, espiritualmente hablando.<\/p>\n\n\n\n<div class=\"wp-block-columns is-layout-flex wp-container-core-columns-is-layout-9d6595d7 wp-block-columns-is-layout-flex\">\n<div class=\"wp-block-column is-layout-flow wp-block-column-is-layout-flow\">\n<div style=\"height:35px\" aria-hidden=\"true\" class=\"wp-block-spacer\"><\/div>\n\n\n\n<p><strong>Disponible ahora:&nbsp;<\/strong>Mi Camino del Amor para grupos peque\u00f1os: recursos complementarios para el inventario de vida espiritual de Mi Camino del Amor.<br><br>Mi Camino de Amor para Grupos Peque\u00f1os est\u00e1 destinado a participantes que deseen recibir orientaci\u00f3n sobre formas de crecer espiritualmente, profundizando nuestro amor por Dios y el pr\u00f3jimo. Usted y su grupo o congregaci\u00f3n pueden comenzar a usar este recurso y a reunirse en cualquier momento, ya sea presencial o virtualmente. Cada miembro del grupo recibir\u00e1 correos electr\u00f3nicos regulares centrados en las palabras clave que componen el Camino del Amor, y luego compartir\u00e1n entre s\u00ed c\u00f3mo y d\u00f3nde la trayectoria est\u00e1 llevando a su comunidad y sus corazones a lo largo del camino.&nbsp;<br><br>Participar en Mi Camino de Amor para Grupos Peque\u00f1os es un gran promotor comunitario, y especialmente apropiado para congregaciones peque\u00f1as. Creemos que encontrar\u00e1 que es un gran proceso para un estudio de la junta parroquial, para reforzar las clases de confirmaci\u00f3n o para informar una serie de ense\u00f1anza en un grupo de j\u00f3venes, o como parte de un estudio b\u00edblico est\u00e1ndar o un grupo de oraci\u00f3n. Adem\u00e1s, puede usarlo como generador, dando nueva vida a un comit\u00e9 estresado u ofreciendo hospitalidad espiritual al personal de su iglesia o escuela.<br><br>(Pulse en la imagen para descargar el manual).<\/p>\n<\/div>\n\n\n\n<div class=\"wp-block-column is-layout-flow wp-block-column-is-layout-flow\">\n<figure class=\"wp-block-image size-full\"><a href=\"https:\/\/www.episcopalchurch.org\/wp-content\/uploads\/2022\/10\/My-Way-of-Love-Spanish-Guide.pdf\"><img loading=\"lazy\" decoding=\"async\" width=\"651\" height=\"863\" src=\"https:\/\/www.episcopalchurch.org\/wp-content\/uploads\/2022\/10\/MWOL-Spanish-Guide-Cover.png\" alt=\"\" class=\"wp-image-276265\" srcset=\"https:\/\/www.episcopalchurch.org\/wp-content\/uploads\/2022\/10\/MWOL-Spanish-Guide-Cover.png 651w, https:\/\/www.episcopalchurch.org\/wp-content\/uploads\/2022\/10\/MWOL-Spanish-Guide-Cover-226x300.png 226w, https:\/\/www.episcopalchurch.org\/wp-content\/uploads\/2022\/10\/MWOL-Spanish-Guide-Cover-480x636.png 480w\" sizes=\"auto, (max-width: 651px) 100vw, 651px\" \/><\/a><\/figure>\n<\/div>\n<\/div>\n\n\n\n<h3 class=\"wp-block-heading\">Recursos descargables<\/h3>\n\n\n\n<div class=\"wp-block-file\"><a id=\"wp-block-file--media-4b671422-a983-42d4-b3c8-b13585fc9f09\" href=\"https:\/\/www.episcopalchurch.org\/wp-content\/uploads\/2022\/10\/SP-MWOL_Postcard-1-Final.pdf\">Mi Camino del Amor Postal 1<\/a><a href=\"https:\/\/www.episcopalchurch.org\/wp-content\/uploads\/2022\/10\/SP-MWOL_Postcard-1-Final.pdf\" class=\"wp-block-file__button\" download aria-describedby=\"wp-block-file--media-4b671422-a983-42d4-b3c8-b13585fc9f09\">Descargar<\/a><\/div>\n\n\n\n<div class=\"wp-block-file\"><a id=\"wp-block-file--media-3ab29155-0863-41b9-b1da-841979494903\" href=\"https:\/\/www.episcopalchurch.org\/wp-content\/uploads\/2022\/10\/SP-MWOL_Postcard-2-Final.pdf\">Mi Camino del Amor Postal 2<\/a><a href=\"https:\/\/www.episcopalchurch.org\/wp-content\/uploads\/2022\/10\/SP-MWOL_Postcard-2-Final.pdf\" class=\"wp-block-file__button\" download aria-describedby=\"wp-block-file--media-3ab29155-0863-41b9-b1da-841979494903\">Descargar<\/a><\/div>\n\n\n\n<div class=\"wp-block-file\"><a id=\"wp-block-file--media-b7d28265-e929-4472-b38e-d493ba316feb\" href=\"https:\/\/www.episcopalchurch.org\/wp-content\/uploads\/2022\/10\/SP-MWOL_Poster.pdf\">Mi Camino del Amor Cartel<\/a><a href=\"https:\/\/www.episcopalchurch.org\/wp-content\/uploads\/2022\/10\/SP-MWOL_Poster.pdf\" class=\"wp-block-file__button\" download aria-describedby=\"wp-block-file--media-b7d28265-e929-4472-b38e-d493ba316feb\">Descargar<\/a><\/div>\n\n\n<div class=\"wp-block-image\">\n<figure class=\"aligncenter size-large\"><a href=\"https:\/\/www.episcopalchurch.org\/way-of-love\/\"><img loading=\"lazy\" decoding=\"async\" width=\"796\" height=\"206\" src=\"https:\/\/www.episcopalchurch.org\/wp-content\/uploads\/2020\/11\/wol_footer_image.png\" alt=\"\" class=\"wp-image-194751\" srcset=\"https:\/\/www.episcopalchurch.org\/wp-content\/uploads\/2020\/11\/wol_footer_image.png 796w, https:\/\/www.episcopalchurch.org\/wp-content\/uploads\/2020\/11\/wol_footer_image-300x78.png 300w, https:\/\/www.episcopalchurch.org\/wp-content\/uploads\/2020\/11\/wol_footer_image-768x199.png 768w, https:\/\/www.episcopalchurch.org\/wp-content\/uploads\/2020\/11\/wol_footer_image-480x124.png 480w\" sizes=\"auto, (max-width: 796px) 100vw, 796px\" \/><\/a><\/figure><\/div>\n\n\n<p class=\"has-text-align-center\"><strong>Contact<\/strong>:\u00a0<strong><a href=\"https:\/\/www.episcopalchurch.org\/staff\/way-of-love\/\">The Way of Love<\/a><\/strong><\/p>\n","protected":false},"excerpt":{"rendered":"<p>Mi Camino del Amor&nbsp;es una gu\u00eda personal para la trayectoria espiritual, que brinda orientaci\u00f3n para ayudar a las personas a desarrollarse a lo largo de las siete pr\u00e1cticas para una vida centrada en Jes\u00fas: cambiar de rumbo, aprender, orar, adorar, bendecir, ir y descansar. Comienza con una breve encuesta en l\u00ednea que eval\u00faa d\u00f3nde se [&hellip;]<\/p>\n","protected":false},"author":12,"featured_media":276258,"parent":0,"menu_order":0,"comment_status":"closed","ping_status":"closed","template":"","meta":{"_acf_changed":false,"_uag_custom_page_level_css":"","_kad_blocks_custom_css":"","_kad_blocks_head_custom_js":"","_kad_blocks_body_custom_js":"","_kad_blocks_footer_custom_js":"","_kadence_starter_templates_imported_post":false,"footnotes":"","_links_to":"","_links_to_target":""},"class_list":["post-276257","page","type-page","status-publish","has-post-thumbnail","hentry"],"acf":[],"yoast_head":"<!-- This site is optimized with the Yoast SEO Premium plugin v24.6 (Yoast SEO v26.3) - https:\/\/yoast.com\/wordpress\/plugins\/seo\/ -->\n<title>Mi Camino del Amor &#8211; The Episcopal Church<\/title>\n<meta name=\"robots\" content=\"index, follow, max-snippet:-1, max-image-preview:large, max-video-preview:-1\" \/>\n<link rel=\"canonical\" href=\"https:\/\/www.episcopalchurch.org\/es\/mi-camino-del-amor\/\" \/>\n<meta property=\"og:locale\" content=\"es_ES\" \/>\n<meta property=\"og:type\" content=\"article\" \/>\n<meta property=\"og:title\" content=\"Mi Camino del Amor\" \/>\n<meta property=\"og:description\" content=\"Mi Camino del Amor&nbsp;es una gu\u00eda personal para la trayectoria espiritual, que brinda orientaci\u00f3n para ayudar a las personas a desarrollarse a lo largo de las siete pr\u00e1cticas para una vida centrada en Jes\u00fas: cambiar de rumbo, aprender, orar, adorar, bendecir, ir y descansar. Comienza con una breve encuesta en l\u00ednea que eval\u00faa d\u00f3nde se [&hellip;]\" \/>\n<meta property=\"og:url\" content=\"https:\/\/www.episcopalchurch.org\/es\/mi-camino-del-amor\/\" \/>\n<meta property=\"og:site_name\" content=\"The Episcopal Church\" \/>\n<meta property=\"article:publisher\" content=\"https:\/\/www.facebook.com\/episcopalian\" \/>\n<meta property=\"article:modified_time\" content=\"2022-10-31T15:12:54+00:00\" \/>\n<meta property=\"og:image\" content=\"https:\/\/www.episcopalchurch.org\/wp-content\/uploads\/2022\/10\/SP-MY_WOL_LOGO_color_on_white.png\" \/>\n\t<meta property=\"og:image:width\" content=\"1000\" \/>\n\t<meta property=\"og:image:height\" content=\"1000\" \/>\n\t<meta property=\"og:image:type\" content=\"image\/png\" \/>\n<meta name=\"twitter:card\" content=\"summary_large_image\" \/>\n<meta name=\"twitter:site\" content=\"@iamepiscopalian\" \/>\n<meta name=\"twitter:label1\" content=\"Est. reading time\" \/>\n\t<meta name=\"twitter:data1\" content=\"4 minutes\" \/>\n<script type=\"application\/ld+json\" class=\"yoast-schema-graph\">{\"@context\":\"https:\/\/schema.org\",\"@graph\":[{\"@type\":\"WebPage\",\"@id\":\"https:\/\/www.episcopalchurch.org\/es\/mi-camino-del-amor\/\",\"url\":\"https:\/\/www.episcopalchurch.org\/es\/mi-camino-del-amor\/\",\"name\":\"Mi Camino del Amor &#8211; The Episcopal Church\",\"isPartOf\":{\"@id\":\"https:\/\/www.episcopalchurch.org\/#website\"},\"primaryImageOfPage\":{\"@id\":\"https:\/\/www.episcopalchurch.org\/es\/mi-camino-del-amor\/#primaryimage\"},\"image\":{\"@id\":\"https:\/\/www.episcopalchurch.org\/es\/mi-camino-del-amor\/#primaryimage\"},\"thumbnailUrl\":\"https:\/\/www.episcopalchurch.org\/wp-content\/uploads\/2022\/10\/SP-MY_WOL_LOGO_color_on_white.png\",\"datePublished\":\"2022-10-31T15:06:17+00:00\",\"dateModified\":\"2022-10-31T15:12:54+00:00\",\"breadcrumb\":{\"@id\":\"https:\/\/www.episcopalchurch.org\/es\/mi-camino-del-amor\/#breadcrumb\"},\"inLanguage\":\"es-ES\",\"potentialAction\":[{\"@type\":\"ReadAction\",\"target\":[\"https:\/\/www.episcopalchurch.org\/es\/mi-camino-del-amor\/\"]}]},{\"@type\":\"ImageObject\",\"inLanguage\":\"es-ES\",\"@id\":\"https:\/\/www.episcopalchurch.org\/es\/mi-camino-del-amor\/#primaryimage\",\"url\":\"https:\/\/www.episcopalchurch.org\/wp-content\/uploads\/2022\/10\/SP-MY_WOL_LOGO_color_on_white.png\",\"contentUrl\":\"https:\/\/www.episcopalchurch.org\/wp-content\/uploads\/2022\/10\/SP-MY_WOL_LOGO_color_on_white.png\",\"width\":1000,\"height\":1000,\"caption\":\"Mi Camino del Amor logo\"},{\"@type\":\"BreadcrumbList\",\"@id\":\"https:\/\/www.episcopalchurch.org\/es\/mi-camino-del-amor\/#breadcrumb\",\"itemListElement\":[{\"@type\":\"ListItem\",\"position\":1,\"name\":\"Home\",\"item\":\"https:\/\/www.episcopalchurch.org\/\"},{\"@type\":\"ListItem\",\"position\":2,\"name\":\"Mi Camino del Amor\"}]},{\"@type\":\"WebSite\",\"@id\":\"https:\/\/www.episcopalchurch.org\/#website\",\"url\":\"https:\/\/www.episcopalchurch.org\/\",\"name\":\"The Episcopal Church\",\"description\":\"Welcomes You\",\"publisher\":{\"@id\":\"https:\/\/www.episcopalchurch.org\/#organization\"},\"potentialAction\":[{\"@type\":\"SearchAction\",\"target\":{\"@type\":\"EntryPoint\",\"urlTemplate\":\"https:\/\/www.episcopalchurch.org\/?s={search_term_string}\"},\"query-input\":{\"@type\":\"PropertyValueSpecification\",\"valueRequired\":true,\"valueName\":\"search_term_string\"}}],\"inLanguage\":\"es-ES\"},{\"@type\":\"Organization\",\"@id\":\"https:\/\/www.episcopalchurch.org\/#organization\",\"name\":\"The Episcopal Church\",\"url\":\"https:\/\/www.episcopalchurch.org\/\",\"logo\":{\"@type\":\"ImageObject\",\"inLanguage\":\"es-ES\",\"@id\":\"https:\/\/www.episcopalchurch.org\/#\/schema\/logo\/image\/\",\"url\":\"https:\/\/www.episcopalchurch.org\/wp-content\/uploads\/2021\/01\/vertical_episcopal_logo.jpg\",\"contentUrl\":\"https:\/\/www.episcopalchurch.org\/wp-content\/uploads\/2021\/01\/vertical_episcopal_logo.jpg\",\"width\":770,\"height\":662,\"caption\":\"The Episcopal Church\"},\"image\":{\"@id\":\"https:\/\/www.episcopalchurch.org\/#\/schema\/logo\/image\/\"},\"sameAs\":[\"https:\/\/www.facebook.com\/episcopalian\",\"https:\/\/x.com\/iamepiscopalian\",\"https:\/\/www.youtube.com\/channel\/UCdVJpxCtK41c_-p6EaE4_2A\"]}]}<\/script>\n<!-- \/ Yoast SEO Premium plugin. -->","yoast_head_json":{"title":"Mi Camino del Amor &#8211; The Episcopal Church","robots":{"index":"index","follow":"follow","max-snippet":"max-snippet:-1","max-image-preview":"max-image-preview:large","max-video-preview":"max-video-preview:-1"},"canonical":"https:\/\/www.episcopalchurch.org\/es\/mi-camino-del-amor\/","og_locale":"es_ES","og_type":"article","og_title":"Mi Camino del Amor","og_description":"Mi Camino del Amor&nbsp;es una gu\u00eda personal para la trayectoria espiritual, que brinda orientaci\u00f3n para ayudar a las personas a desarrollarse a lo largo de las siete pr\u00e1cticas para una vida centrada en Jes\u00fas: cambiar de rumbo, aprender, orar, adorar, bendecir, ir y descansar. Comienza con una breve encuesta en l\u00ednea que eval\u00faa d\u00f3nde se [&hellip;]","og_url":"https:\/\/www.episcopalchurch.org\/es\/mi-camino-del-amor\/","og_site_name":"The Episcopal Church","article_publisher":"https:\/\/www.facebook.com\/episcopalian","article_modified_time":"2022-10-31T15:12:54+00:00","og_image":[{"width":1000,"height":1000,"url":"https:\/\/www.episcopalchurch.org\/wp-content\/uploads\/2022\/10\/SP-MY_WOL_LOGO_color_on_white.png","type":"image\/png"}],"twitter_card":"summary_large_image","twitter_site":"@iamepiscopalian","twitter_misc":{"Est. reading time":"4 minutes"},"schema":{"@context":"https:\/\/schema.org","@graph":[{"@type":"WebPage","@id":"https:\/\/www.episcopalchurch.org\/es\/mi-camino-del-amor\/","url":"https:\/\/www.episcopalchurch.org\/es\/mi-camino-del-amor\/","name":"Mi Camino del Amor &#8211; The Episcopal Church","isPartOf":{"@id":"https:\/\/www.episcopalchurch.org\/#website"},"primaryImageOfPage":{"@id":"https:\/\/www.episcopalchurch.org\/es\/mi-camino-del-amor\/#primaryimage"},"image":{"@id":"https:\/\/www.episcopalchurch.org\/es\/mi-camino-del-amor\/#primaryimage"},"thumbnailUrl":"https:\/\/www.episcopalchurch.org\/wp-content\/uploads\/2022\/10\/SP-MY_WOL_LOGO_color_on_white.png","datePublished":"2022-10-31T15:06:17+00:00","dateModified":"2022-10-31T15:12:54+00:00","breadcrumb":{"@id":"https:\/\/www.episcopalchurch.org\/es\/mi-camino-del-amor\/#breadcrumb"},"inLanguage":"es-ES","potentialAction":[{"@type":"ReadAction","target":["https:\/\/www.episcopalchurch.org\/es\/mi-camino-del-amor\/"]}]},{"@type":"ImageObject","inLanguage":"es-ES","@id":"https:\/\/www.episcopalchurch.org\/es\/mi-camino-del-amor\/#primaryimage","url":"https:\/\/www.episcopalchurch.org\/wp-content\/uploads\/2022\/10\/SP-MY_WOL_LOGO_color_on_white.png","contentUrl":"https:\/\/www.episcopalchurch.org\/wp-content\/uploads\/2022\/10\/SP-MY_WOL_LOGO_color_on_white.png","width":1000,"height":1000,"caption":"Mi Camino del Amor logo"},{"@type":"BreadcrumbList","@id":"https:\/\/www.episcopalchurch.org\/es\/mi-camino-del-amor\/#breadcrumb","itemListElement":[{"@type":"ListItem","position":1,"name":"Home","item":"https:\/\/www.episcopalchurch.org\/"},{"@type":"ListItem","position":2,"name":"Mi Camino del Amor"}]},{"@type":"WebSite","@id":"https:\/\/www.episcopalchurch.org\/#website","url":"https:\/\/www.episcopalchurch.org\/","name":"The Episcopal Church","description":"Welcomes You","publisher":{"@id":"https:\/\/www.episcopalchurch.org\/#organization"},"potentialAction":[{"@type":"SearchAction","target":{"@type":"EntryPoint","urlTemplate":"https:\/\/www.episcopalchurch.org\/?s={search_term_string}"},"query-input":{"@type":"PropertyValueSpecification","valueRequired":true,"valueName":"search_term_string"}}],"inLanguage":"es-ES"},{"@type":"Organization","@id":"https:\/\/www.episcopalchurch.org\/#organization","name":"The Episcopal Church","url":"https:\/\/www.episcopalchurch.org\/","logo":{"@type":"ImageObject","inLanguage":"es-ES","@id":"https:\/\/www.episcopalchurch.org\/#\/schema\/logo\/image\/","url":"https:\/\/www.episcopalchurch.org\/wp-content\/uploads\/2021\/01\/vertical_episcopal_logo.jpg","contentUrl":"https:\/\/www.episcopalchurch.org\/wp-content\/uploads\/2021\/01\/vertical_episcopal_logo.jpg","width":770,"height":662,"caption":"The Episcopal Church"},"image":{"@id":"https:\/\/www.episcopalchurch.org\/#\/schema\/logo\/image\/"},"sameAs":["https:\/\/www.facebook.com\/episcopalian","https:\/\/x.com\/iamepiscopalian","https:\/\/www.youtube.com\/channel\/UCdVJpxCtK41c_-p6EaE4_2A"]}]}},"taxonomy_info":[],"featured_image_src_large":["https:\/\/www.episcopalchurch.org\/wp-content\/uploads\/2022\/10\/SP-MY_WOL_LOGO_color_on_white.png",1000,1000,false],"author_info":{"display_name":"Scott Rands","author_link":"https:\/\/www.episcopalchurch.org\/es\/author\/srandsepiscopalchurch-org\/"},"comment_info":"","uagb_featured_image_src":{"full":["https:\/\/www.episcopalchurch.org\/wp-content\/uploads\/2022\/10\/SP-MY_WOL_LOGO_color_on_white.png",1000,1000,false],"thumbnail":["https:\/\/www.episcopalchurch.org\/wp-content\/uploads\/2022\/10\/SP-MY_WOL_LOGO_color_on_white-150x150.png",150,150,true],"medium":["https:\/\/www.episcopalchurch.org\/wp-content\/uploads\/2022\/10\/SP-MY_WOL_LOGO_color_on_white-300x300.png",300,300,true],"medium_large":["https:\/\/www.episcopalchurch.org\/wp-content\/uploads\/2022\/10\/SP-MY_WOL_LOGO_color_on_white-768x768.png",768,768,true],"large":["https:\/\/www.episcopalchurch.org\/wp-content\/uploads\/2022\/10\/SP-MY_WOL_LOGO_color_on_white.png",1000,1000,false],"1536x1536":["https:\/\/www.episcopalchurch.org\/wp-content\/uploads\/2022\/10\/SP-MY_WOL_LOGO_color_on_white.png",1000,1000,false],"2048x2048":["https:\/\/www.episcopalchurch.org\/wp-content\/uploads\/2022\/10\/SP-MY_WOL_LOGO_color_on_white.png",1000,1000,false],"menu":["https:\/\/www.episcopalchurch.org\/wp-content\/uploads\/2022\/10\/SP-MY_WOL_LOGO_color_on_white-330x200.png",330,200,true],"hero":["https:\/\/www.episcopalchurch.org\/wp-content\/uploads\/2022\/10\/SP-MY_WOL_LOGO_color_on_white-1000x550.png",1000,550,true],"callout-image":["https:\/\/www.episcopalchurch.org\/wp-content\/uploads\/2022\/10\/SP-MY_WOL_LOGO_color_on_white-480x480.png",480,480,true]},"uagb_author_info":{"display_name":"Scott Rands","author_link":"https:\/\/www.episcopalchurch.org\/es\/author\/srandsepiscopalchurch-org\/"},"uagb_comment_info":0,"uagb_excerpt":"Mi Camino del Amor&nbsp;es una gu\u00eda personal para la trayectoria espiritual, que brinda orientaci\u00f3n para ayudar a las personas a desarrollarse a lo largo de las siete pr\u00e1cticas para una vida centrada en Jes\u00fas: cambiar de rumbo, aprender, orar, adorar, bendecir, ir y descansar. Comienza con una breve encuesta en l\u00ednea que eval\u00faa d\u00f3nde se&hellip;","_links":{"self":[{"href":"https:\/\/www.episcopalchurch.org\/es\/wp-json\/wp\/v2\/pages\/276257","targetHints":{"allow":["GET"]}}],"collection":[{"href":"https:\/\/www.episcopalchurch.org\/es\/wp-json\/wp\/v2\/pages"}],"about":[{"href":"https:\/\/www.episcopalchurch.org\/es\/wp-json\/wp\/v2\/types\/page"}],"author":[{"embeddable":true,"href":"https:\/\/www.episcopalchurch.org\/es\/wp-json\/wp\/v2\/users\/12"}],"replies":[{"embeddable":true,"href":"https:\/\/www.episcopalchurch.org\/es\/wp-json\/wp\/v2\/comments?post=276257"}],"version-history":[{"count":0,"href":"https:\/\/www.episcopalchurch.org\/es\/wp-json\/wp\/v2\/pages\/276257\/revisions"}],"wp:featuredmedia":[{"embeddable":true,"href":"https:\/\/www.episcopalchurch.org\/es\/wp-json\/wp\/v2\/media\/276258"}],"wp:attachment":[{"href":"https:\/\/www.episcopalchurch.org\/es\/wp-json\/wp\/v2\/media?parent=276257"}],"curies":[{"name":"wp","href":"https:\/\/api.w.org\/{rel}","templated":true}]}}