{"id":287839,"date":"2023-05-16T12:54:42","date_gmt":"2023-05-16T16:54:42","guid":{"rendered":"https:\/\/www.episcopalchurch.org\/?page_id=287839"},"modified":"2023-05-16T13:31:34","modified_gmt":"2023-05-16T17:31:34","slug":"leccionario-sermones","status":"publish","type":"page","link":"https:\/\/www.episcopalchurch.org\/es\/leccionario-sermones\/","title":{"rendered":"Leccionario &#038; Sermones"},"content":{"rendered":"    <div\n      class=\"wp-block-episcopal-hero-banner alignfull\"\n            style=\"background-image: url(https:\/\/www.episcopalchurch.org\/wp-content\/uploads\/2020\/03\/sermons_that_work_hero.jpg)\"\n          >\n      <div\n        class=\"hero-banner\"\n      >\n        <div class=\"hero-banner-wrapper\">\n          <h1 class=\"episcopal-hero-title\">\n                          Leccionario &amp; Sermones                      <\/h1>\n          \n                  <\/div>\n      <\/div>\n    <\/div>\n\n  \n\n\n<h2 class=\"wp-block-heading\"><strong>Leccionario<\/strong><\/h2>\n\n\n\n<p>Un leccionario es una serie de lecturas de las Escrituras designadas para ser le\u00eddas en el culto p\u00fablico.&nbsp;El Leccionario (1969, revisado en 1981) desarrollado por la Iglesia Cat\u00f3lica Romana despu\u00e9s del Vaticano II preve\u00eda un ciclo de tres a\u00f1os de lecturas dominicales.&nbsp;Este leccionario romano proporcion\u00f3 la base para el leccionario de la edici\u00f3n de 1979 del Libro de Oraci\u00f3n Com\u00fan, as\u00ed como para los leccionarios desarrollados por muchas otras denominaciones.<\/p>\n\n\n\n<p>El Leccionario Com\u00fan, publicado en 1983, fue un proyecto ecum\u00e9nico de varias denominaciones estadounidenses y canadienses, desarrollado a partir de una preocupaci\u00f3n por la unidad de la Iglesia y el deseo de una experiencia com\u00fan de las Escrituras.&nbsp;Fue pensado como una armonizaci\u00f3n de los muchos enfoques denominacionales diferentes al leccionario de tres a\u00f1os.<\/p>\n\n\n\n<p>El Leccionario Com\u00fan Revisado, publicado en 1992 y adoptado oficialmente por la Iglesia Episcopal en 2006, tiene en cuenta la cr\u00edtica constructiva del Leccionario Com\u00fan basada en la evaluaci\u00f3n de su uso de prueba, y como el actual leccionario del libro de oraciones, es un ciclo tres a\u00f1os de lecturas eucar\u00edsticas dominicales en las que Mateo, Marcos y Lucas se leen en a\u00f1os sucesivos con alg\u00fan material de Juan le\u00eddo cada a\u00f1o.<\/p>\n\n\n\n<div class=\"wp-block-buttons is-layout-flex wp-block-buttons-is-layout-flex\">\n<div class=\"wp-block-button\"><a class=\"wp-block-button__link wp-element-button\" href=\"https:\/\/www.episcopalchurch.org\/es\/calendario-liturgico\/\">Calendario Lit\u00fargico<\/a><\/div>\n<\/div>\n\n\n\n<div style=\"height:30px\" aria-hidden=\"true\" class=\"wp-block-spacer\"><\/div>\n\n\n\n<h2 class=\"wp-block-heading\"><strong>Sermones que Iluminan y otros recursos<\/strong><\/h2>\n\n\n\n<p>Durante m\u00e1s de 20 a\u00f1os, Sermones que iluminan [la versi\u00f3n en espa\u00f1ol], es un ministerio de la Oficina de Comunicaci\u00f3n de la Iglesia Episcopal que ha proporcionado sermones gratuitos, estudios b\u00edblicos, insertos para boletines y otros recursos que hablan a las congregaciones de toda la Iglesia. Nuestros escritores y lectores provienen de numerosos y variados or\u00edgenes, y los recursos que brindamos se utilizan en peque\u00f1as iglesias dom\u00e9sticas, catedrales en expansi\u00f3n y todo lo dem\u00e1s.<\/p>\n\n\n\n<div class=\"wp-block-buttons is-layout-flex wp-block-buttons-is-layout-flex\">\n<div class=\"wp-block-button\"><a class=\"wp-block-button__link wp-element-button\" href=\"https:\/\/www.episcopalchurch.org\/es\/sermones-que-iluminan\/\">Sermones que Iluminan<\/a><\/div>\n<\/div>\n","protected":false},"excerpt":{"rendered":"<p>Leccionario Un leccionario es una serie de lecturas de las Escrituras designadas para ser le\u00eddas en el culto p\u00fablico.&nbsp;El Leccionario (1969, revisado en 1981) desarrollado por la Iglesia Cat\u00f3lica Romana despu\u00e9s del Vaticano II preve\u00eda un ciclo de tres a\u00f1os de lecturas dominicales.&nbsp;Este leccionario romano proporcion\u00f3 la base para el leccionario de la edici\u00f3n de [&hellip;]<\/p>\n","protected":false},"author":12,"featured_media":131806,"parent":0,"menu_order":0,"comment_status":"closed","ping_status":"closed","template":"","meta":{"_acf_changed":false,"_uag_custom_page_level_css":"","_kad_blocks_custom_css":"","_kad_blocks_head_custom_js":"","_kad_blocks_body_custom_js":"","_kad_blocks_footer_custom_js":"","_kadence_starter_templates_imported_post":false,"footnotes":"","_links_to":"","_links_to_target":""},"class_list":["post-287839","page","type-page","status-publish","has-post-thumbnail","hentry"],"acf":[],"yoast_head":"<!-- This site is optimized with the Yoast SEO Premium plugin v24.6 (Yoast SEO v26.3) - https:\/\/yoast.com\/wordpress\/plugins\/seo\/ -->\n<title>Leccionario &amp; Sermones &#8211; The Episcopal Church<\/title>\n<meta name=\"robots\" content=\"index, follow, max-snippet:-1, max-image-preview:large, max-video-preview:-1\" \/>\n<link rel=\"canonical\" href=\"https:\/\/www.episcopalchurch.org\/es\/leccionario-sermones\/\" \/>\n<meta property=\"og:locale\" content=\"es_ES\" \/>\n<meta property=\"og:type\" content=\"article\" \/>\n<meta property=\"og:title\" content=\"Leccionario &amp; Sermones\" \/>\n<meta property=\"og:description\" content=\"Leccionario Un leccionario es una serie de lecturas de las Escrituras designadas para ser le\u00eddas en el culto p\u00fablico.&nbsp;El Leccionario (1969, revisado en 1981) desarrollado por la Iglesia Cat\u00f3lica Romana despu\u00e9s del Vaticano II preve\u00eda un ciclo de tres a\u00f1os de lecturas dominicales.&nbsp;Este leccionario romano proporcion\u00f3 la base para el leccionario de la edici\u00f3n de [&hellip;]\" \/>\n<meta property=\"og:url\" content=\"https:\/\/www.episcopalchurch.org\/es\/leccionario-sermones\/\" \/>\n<meta property=\"og:site_name\" content=\"The Episcopal Church\" \/>\n<meta property=\"article:publisher\" content=\"https:\/\/www.facebook.com\/episcopalian\" \/>\n<meta property=\"article:modified_time\" content=\"2023-05-16T17:31:34+00:00\" \/>\n<meta property=\"og:image\" content=\"https:\/\/www.episcopalchurch.org\/wp-content\/uploads\/2020\/06\/sermons_in_context.png\" \/>\n\t<meta property=\"og:image:width\" content=\"600\" \/>\n\t<meta property=\"og:image:height\" content=\"250\" \/>\n\t<meta property=\"og:image:type\" content=\"image\/png\" \/>\n<meta name=\"twitter:card\" content=\"summary_large_image\" \/>\n<meta name=\"twitter:site\" content=\"@iamepiscopalian\" \/>\n<meta name=\"twitter:label1\" content=\"Est. reading time\" \/>\n\t<meta name=\"twitter:data1\" content=\"2 minutes\" \/>\n<script type=\"application\/ld+json\" class=\"yoast-schema-graph\">{\"@context\":\"https:\/\/schema.org\",\"@graph\":[{\"@type\":\"WebPage\",\"@id\":\"https:\/\/www.episcopalchurch.org\/es\/leccionario-sermones\/\",\"url\":\"https:\/\/www.episcopalchurch.org\/es\/leccionario-sermones\/\",\"name\":\"Leccionario & Sermones &#8211; The Episcopal Church\",\"isPartOf\":{\"@id\":\"https:\/\/www.episcopalchurch.org\/#website\"},\"primaryImageOfPage\":{\"@id\":\"https:\/\/www.episcopalchurch.org\/es\/leccionario-sermones\/#primaryimage\"},\"image\":{\"@id\":\"https:\/\/www.episcopalchurch.org\/es\/leccionario-sermones\/#primaryimage\"},\"thumbnailUrl\":\"https:\/\/www.episcopalchurch.org\/wp-content\/uploads\/2020\/06\/sermons_in_context.png\",\"datePublished\":\"2023-05-16T16:54:42+00:00\",\"dateModified\":\"2023-05-16T17:31:34+00:00\",\"breadcrumb\":{\"@id\":\"https:\/\/www.episcopalchurch.org\/es\/leccionario-sermones\/#breadcrumb\"},\"inLanguage\":\"es-ES\",\"potentialAction\":[{\"@type\":\"ReadAction\",\"target\":[\"https:\/\/www.episcopalchurch.org\/es\/leccionario-sermones\/\"]}]},{\"@type\":\"ImageObject\",\"inLanguage\":\"es-ES\",\"@id\":\"https:\/\/www.episcopalchurch.org\/es\/leccionario-sermones\/#primaryimage\",\"url\":\"https:\/\/www.episcopalchurch.org\/wp-content\/uploads\/2020\/06\/sermons_in_context.png\",\"contentUrl\":\"https:\/\/www.episcopalchurch.org\/wp-content\/uploads\/2020\/06\/sermons_in_context.png\",\"width\":600,\"height\":250},{\"@type\":\"BreadcrumbList\",\"@id\":\"https:\/\/www.episcopalchurch.org\/es\/leccionario-sermones\/#breadcrumb\",\"itemListElement\":[{\"@type\":\"ListItem\",\"position\":1,\"name\":\"Home\",\"item\":\"https:\/\/www.episcopalchurch.org\/\"},{\"@type\":\"ListItem\",\"position\":2,\"name\":\"Leccionario &#038; Sermones\"}]},{\"@type\":\"WebSite\",\"@id\":\"https:\/\/www.episcopalchurch.org\/#website\",\"url\":\"https:\/\/www.episcopalchurch.org\/\",\"name\":\"The Episcopal Church\",\"description\":\"Welcomes You\",\"publisher\":{\"@id\":\"https:\/\/www.episcopalchurch.org\/#organization\"},\"potentialAction\":[{\"@type\":\"SearchAction\",\"target\":{\"@type\":\"EntryPoint\",\"urlTemplate\":\"https:\/\/www.episcopalchurch.org\/?s={search_term_string}\"},\"query-input\":{\"@type\":\"PropertyValueSpecification\",\"valueRequired\":true,\"valueName\":\"search_term_string\"}}],\"inLanguage\":\"es-ES\"},{\"@type\":\"Organization\",\"@id\":\"https:\/\/www.episcopalchurch.org\/#organization\",\"name\":\"The Episcopal Church\",\"url\":\"https:\/\/www.episcopalchurch.org\/\",\"logo\":{\"@type\":\"ImageObject\",\"inLanguage\":\"es-ES\",\"@id\":\"https:\/\/www.episcopalchurch.org\/#\/schema\/logo\/image\/\",\"url\":\"https:\/\/www.episcopalchurch.org\/wp-content\/uploads\/2021\/01\/vertical_episcopal_logo.jpg\",\"contentUrl\":\"https:\/\/www.episcopalchurch.org\/wp-content\/uploads\/2021\/01\/vertical_episcopal_logo.jpg\",\"width\":770,\"height\":662,\"caption\":\"The Episcopal Church\"},\"image\":{\"@id\":\"https:\/\/www.episcopalchurch.org\/#\/schema\/logo\/image\/\"},\"sameAs\":[\"https:\/\/www.facebook.com\/episcopalian\",\"https:\/\/x.com\/iamepiscopalian\",\"https:\/\/www.youtube.com\/channel\/UCdVJpxCtK41c_-p6EaE4_2A\"]}]}<\/script>\n<!-- \/ Yoast SEO Premium plugin. -->","yoast_head_json":{"title":"Leccionario & Sermones &#8211; The Episcopal Church","robots":{"index":"index","follow":"follow","max-snippet":"max-snippet:-1","max-image-preview":"max-image-preview:large","max-video-preview":"max-video-preview:-1"},"canonical":"https:\/\/www.episcopalchurch.org\/es\/leccionario-sermones\/","og_locale":"es_ES","og_type":"article","og_title":"Leccionario & Sermones","og_description":"Leccionario Un leccionario es una serie de lecturas de las Escrituras designadas para ser le\u00eddas en el culto p\u00fablico.&nbsp;El Leccionario (1969, revisado en 1981) desarrollado por la Iglesia Cat\u00f3lica Romana despu\u00e9s del Vaticano II preve\u00eda un ciclo de tres a\u00f1os de lecturas dominicales.&nbsp;Este leccionario romano proporcion\u00f3 la base para el leccionario de la edici\u00f3n de [&hellip;]","og_url":"https:\/\/www.episcopalchurch.org\/es\/leccionario-sermones\/","og_site_name":"The Episcopal Church","article_publisher":"https:\/\/www.facebook.com\/episcopalian","article_modified_time":"2023-05-16T17:31:34+00:00","og_image":[{"width":600,"height":250,"url":"https:\/\/www.episcopalchurch.org\/wp-content\/uploads\/2020\/06\/sermons_in_context.png","type":"image\/png"}],"twitter_card":"summary_large_image","twitter_site":"@iamepiscopalian","twitter_misc":{"Est. reading time":"2 minutes"},"schema":{"@context":"https:\/\/schema.org","@graph":[{"@type":"WebPage","@id":"https:\/\/www.episcopalchurch.org\/es\/leccionario-sermones\/","url":"https:\/\/www.episcopalchurch.org\/es\/leccionario-sermones\/","name":"Leccionario & Sermones &#8211; The Episcopal Church","isPartOf":{"@id":"https:\/\/www.episcopalchurch.org\/#website"},"primaryImageOfPage":{"@id":"https:\/\/www.episcopalchurch.org\/es\/leccionario-sermones\/#primaryimage"},"image":{"@id":"https:\/\/www.episcopalchurch.org\/es\/leccionario-sermones\/#primaryimage"},"thumbnailUrl":"https:\/\/www.episcopalchurch.org\/wp-content\/uploads\/2020\/06\/sermons_in_context.png","datePublished":"2023-05-16T16:54:42+00:00","dateModified":"2023-05-16T17:31:34+00:00","breadcrumb":{"@id":"https:\/\/www.episcopalchurch.org\/es\/leccionario-sermones\/#breadcrumb"},"inLanguage":"es-ES","potentialAction":[{"@type":"ReadAction","target":["https:\/\/www.episcopalchurch.org\/es\/leccionario-sermones\/"]}]},{"@type":"ImageObject","inLanguage":"es-ES","@id":"https:\/\/www.episcopalchurch.org\/es\/leccionario-sermones\/#primaryimage","url":"https:\/\/www.episcopalchurch.org\/wp-content\/uploads\/2020\/06\/sermons_in_context.png","contentUrl":"https:\/\/www.episcopalchurch.org\/wp-content\/uploads\/2020\/06\/sermons_in_context.png","width":600,"height":250},{"@type":"BreadcrumbList","@id":"https:\/\/www.episcopalchurch.org\/es\/leccionario-sermones\/#breadcrumb","itemListElement":[{"@type":"ListItem","position":1,"name":"Home","item":"https:\/\/www.episcopalchurch.org\/"},{"@type":"ListItem","position":2,"name":"Leccionario &#038; Sermones"}]},{"@type":"WebSite","@id":"https:\/\/www.episcopalchurch.org\/#website","url":"https:\/\/www.episcopalchurch.org\/","name":"The Episcopal Church","description":"Welcomes You","publisher":{"@id":"https:\/\/www.episcopalchurch.org\/#organization"},"potentialAction":[{"@type":"SearchAction","target":{"@type":"EntryPoint","urlTemplate":"https:\/\/www.episcopalchurch.org\/?s={search_term_string}"},"query-input":{"@type":"PropertyValueSpecification","valueRequired":true,"valueName":"search_term_string"}}],"inLanguage":"es-ES"},{"@type":"Organization","@id":"https:\/\/www.episcopalchurch.org\/#organization","name":"The Episcopal Church","url":"https:\/\/www.episcopalchurch.org\/","logo":{"@type":"ImageObject","inLanguage":"es-ES","@id":"https:\/\/www.episcopalchurch.org\/#\/schema\/logo\/image\/","url":"https:\/\/www.episcopalchurch.org\/wp-content\/uploads\/2021\/01\/vertical_episcopal_logo.jpg","contentUrl":"https:\/\/www.episcopalchurch.org\/wp-content\/uploads\/2021\/01\/vertical_episcopal_logo.jpg","width":770,"height":662,"caption":"The Episcopal Church"},"image":{"@id":"https:\/\/www.episcopalchurch.org\/#\/schema\/logo\/image\/"},"sameAs":["https:\/\/www.facebook.com\/episcopalian","https:\/\/x.com\/iamepiscopalian","https:\/\/www.youtube.com\/channel\/UCdVJpxCtK41c_-p6EaE4_2A"]}]}},"taxonomy_info":[],"featured_image_src_large":["https:\/\/www.episcopalchurch.org\/wp-content\/uploads\/2020\/06\/sermons_in_context.png",600,250,false],"author_info":{"display_name":"Scott Rands","author_link":"https:\/\/www.episcopalchurch.org\/es\/author\/srandsepiscopalchurch-org\/"},"comment_info":"","uagb_featured_image_src":{"full":["https:\/\/www.episcopalchurch.org\/wp-content\/uploads\/2020\/06\/sermons_in_context.png",600,250,false],"thumbnail":["https:\/\/www.episcopalchurch.org\/wp-content\/uploads\/2020\/06\/sermons_in_context-150x150.png",150,150,true],"medium":["https:\/\/www.episcopalchurch.org\/wp-content\/uploads\/2020\/06\/sermons_in_context-300x125.png",300,125,true],"medium_large":["https:\/\/www.episcopalchurch.org\/wp-content\/uploads\/2020\/06\/sermons_in_context.png",600,250,false],"large":["https:\/\/www.episcopalchurch.org\/wp-content\/uploads\/2020\/06\/sermons_in_context.png",600,250,false],"1536x1536":["https:\/\/www.episcopalchurch.org\/wp-content\/uploads\/2020\/06\/sermons_in_context.png",600,250,false],"2048x2048":["https:\/\/www.episcopalchurch.org\/wp-content\/uploads\/2020\/06\/sermons_in_context.png",600,250,false],"menu":["https:\/\/www.episcopalchurch.org\/wp-content\/uploads\/2020\/06\/sermons_in_context-330x200.png",330,200,true],"hero":["https:\/\/www.episcopalchurch.org\/wp-content\/uploads\/2020\/06\/sermons_in_context.png",600,250,false],"callout-image":["https:\/\/www.episcopalchurch.org\/wp-content\/uploads\/2020\/06\/sermons_in_context-480x200.png",480,200,true]},"uagb_author_info":{"display_name":"Scott Rands","author_link":"https:\/\/www.episcopalchurch.org\/es\/author\/srandsepiscopalchurch-org\/"},"uagb_comment_info":0,"uagb_excerpt":"Leccionario Un leccionario es una serie de lecturas de las Escrituras designadas para ser le\u00eddas en el culto p\u00fablico.&nbsp;El Leccionario (1969, revisado en 1981) desarrollado por la Iglesia Cat\u00f3lica Romana despu\u00e9s del Vaticano II preve\u00eda un ciclo de tres a\u00f1os de lecturas dominicales.&nbsp;Este leccionario romano proporcion\u00f3 la base para el leccionario de la edici\u00f3n de&hellip;","_links":{"self":[{"href":"https:\/\/www.episcopalchurch.org\/es\/wp-json\/wp\/v2\/pages\/287839","targetHints":{"allow":["GET"]}}],"collection":[{"href":"https:\/\/www.episcopalchurch.org\/es\/wp-json\/wp\/v2\/pages"}],"about":[{"href":"https:\/\/www.episcopalchurch.org\/es\/wp-json\/wp\/v2\/types\/page"}],"author":[{"embeddable":true,"href":"https:\/\/www.episcopalchurch.org\/es\/wp-json\/wp\/v2\/users\/12"}],"replies":[{"embeddable":true,"href":"https:\/\/www.episcopalchurch.org\/es\/wp-json\/wp\/v2\/comments?post=287839"}],"version-history":[{"count":0,"href":"https:\/\/www.episcopalchurch.org\/es\/wp-json\/wp\/v2\/pages\/287839\/revisions"}],"wp:featuredmedia":[{"embeddable":true,"href":"https:\/\/www.episcopalchurch.org\/es\/wp-json\/wp\/v2\/media\/131806"}],"wp:attachment":[{"href":"https:\/\/www.episcopalchurch.org\/es\/wp-json\/wp\/v2\/media?parent=287839"}],"curies":[{"name":"wp","href":"https:\/\/api.w.org\/{rel}","templated":true}]}}